{"id":9984,"date":"2022-09-20T10:31:01","date_gmt":"2022-09-20T08:31:01","guid":{"rendered":"https:\/\/smartseal.cz\/sk\/?post_type=product&#038;p=9984"},"modified":"2026-03-25T08:14:18","modified_gmt":"2026-03-25T07:14:18","slug":"impregnace-na-cihly-a-zdivo-vzorek","status":"publish","type":"product","link":"https:\/\/smartseal.cz\/sk\/produkt\/impregnace-na-cihly-a-zdivo-vzorek\/","title":{"rendered":"Impregnace na cihly a zdivo, vzorek"},"content":{"rendered":"<h3>Impregna\u010dn\u00ed n\u00e1t\u011br na cihly a zdivo vytvo\u0159\u00ed na povrchu vodoodpudiv\u00fd film a chr\u00e1n\u00ed ho p\u0159ed vlhkost\u00ed.<\/h3>\n<p>Impregna\u010dn\u00ed n\u00e1t\u011br Smartseal je vysoce kvalitn\u00ed, \u010dir\u00fd, bez rozpou\u0161t\u011bdel a prody\u0161n\u00fd. Po nanesen\u00ed n\u00e1t\u011br zm\u011bn\u00ed chemickou strukturu jak\u00e9hokoliv ciheln\u00e9ho nebo zednick\u00e9ho povrchu a zajist\u00ed vynikaj\u00edc\u00ed vodoodpudivost a odolnost proti skvrn\u00e1m.<\/p>\n<ul>\n<li>Posta\u010d\u00ed jedna vrstva p\u0159\u00edpravku<\/li>\n<li>25 litr\u016f o\u0161et\u0159\u00ed a\u017e 125 m2 plochy<\/li>\n<li>Vysok\u00e1 odolnost v\u016f\u010di vod\u011b a mechu<\/li>\n<li>Na takto o\u0161et\u0159en\u00e9m povrchu se zv\u00fdrazn\u00ed jeho barevnost<\/li>\n<li>Aplikujte v\u00e1le\u010dkem nebo post\u0159ikova\u010dem<\/li>\n<li>Umo\u017e\u0148uje st\u011bn\u00e1m d\u00fdchat<\/li>\n<li>Such\u00e9 po 2-3 hodin\u00e1ch<\/li>\n<li>Odolnost proti vod\u011b b\u011bhem 24 hodin<\/li>\n<li>N\u00e1t\u011br vydr\u017e\u00ed 10-15 let<\/li>\n<li>Pou\u017eit\u00ed pro zdiva, cement, beton, st\u011bny a fas\u00e1dy<\/li>\n<li>Extern\u00ed i intern\u00ed pou\u017eit\u00ed<\/li>\n<\/ul>\n<p><strong>Dostupn\u00e9 velikosti<\/strong><\/p>\n<p>vzorek 100 ml, <a href=\"https:\/\/smartseal.cz\/sk\/produkt\/impregnace-na-cihly-a-zdivo\/\">25l<\/a>, <a href=\"https:\/\/smartseal.cz\/sk\/produkt\/impregnace-na-cihly-a-zdivo-5l\/\">5l<\/a><\/p>\n","protected":false},"excerpt":{"rendered":"<p>N\u00e1t\u011br na cihly a zdivo vytvo\u0159\u00ed na povrchu vodoodpudiv\u00fd film a chr\u00e1n\u00ed cihly\/zdivo p\u0159ed vlhkost\u00ed, mechy a li\u0161ejn\u00edky.<\/p>\n","protected":false},"featured_media":13785,"comment_status":"open","ping_status":"closed","template":"","meta":[],"product_brand":[],"product_cat":[39,63,62,24,48],"product_tag":[],"class_list":{"0":"post-9984","1":"product","2":"type-product","3":"status-publish","4":"has-post-thumbnail","6":"product_cat-tehly-fasady-murivo","7":"product_cat-fasada","8":"product_cat-murivo","9":"product_cat-impregnacia-ochranne-natery","10":"product_cat-impregnacia-tehlove-steny","11":"pa_velikost-baleni-vzorek-100ml","13":"first","14":"instock","15":"taxable","16":"shipping-taxable","17":"purchasable","18":"product-type-simple"},"yoast_head":"<!-- This site is optimized with the Yoast SEO Premium plugin v26.8 (Yoast SEO v26.9) - https:\/\/yoast.com\/product\/yoast-seo-premium-wordpress\/ -->\n<title>Impregnace na cihly a zdivo | Smartseal.cz<\/title>\n<meta name=\"description\" content=\"N\u00e1t\u011br na cihly a zdivo vytvo\u0159\u00ed na povrchu vodoodpudiv\u00fd film a chr\u00e1n\u00ed cihly\/zdivo p\u0159ed vlhkost\u00ed, mechy a li\u0161ejn\u00edky.\" \/>\n<meta name=\"robots\" content=\"index, follow, max-snippet:-1, max-image-preview:large, max-video-preview:-1\" \/>\n<link rel=\"canonical\" href=\"https:\/\/smartseal.cz\/sk\/produkt\/impregnace-na-cihly-a-zdivo-vzorek\/\" \/>\n<meta property=\"og:locale\" content=\"sk_SK\" \/>\n<meta property=\"og:type\" content=\"article\" \/>\n<meta property=\"og:title\" content=\"Impregnace na cihly a zdivo, vzorek\" \/>\n<meta property=\"og:description\" content=\"N\u00e1t\u011br na cihly a zdivo vytvo\u0159\u00ed na povrchu vodoodpudiv\u00fd film a chr\u00e1n\u00ed cihly\/zdivo p\u0159ed vlhkost\u00ed, mechy a li\u0161ejn\u00edky.\" \/>\n<meta property=\"og:url\" content=\"https:\/\/smartseal.cz\/sk\/produkt\/impregnace-na-cihly-a-zdivo-vzorek\/\" \/>\n<meta property=\"og:site_name\" content=\"Smartseal Slovensko\" \/>\n<meta property=\"article:modified_time\" content=\"2026-03-25T07:14:18+00:00\" \/>\n<meta property=\"og:image\" content=\"https:\/\/smartseal.cz\/sk\/wp-content\/uploads\/2023\/10\/vzorek_imp_cihly.png\" \/>\n\t<meta property=\"og:image:width\" content=\"800\" \/>\n\t<meta property=\"og:image:height\" content=\"800\" \/>\n\t<meta property=\"og:image:type\" content=\"image\/png\" \/>\n<meta name=\"twitter:card\" content=\"summary_large_image\" \/>\n<meta name=\"twitter:label1\" content=\"Predpokladan\u00fd \u010das \u010d\u00edtania\" \/>\n\t<meta name=\"twitter:data1\" content=\"1 min\u00fata\" \/>\n<script type=\"application\/ld+json\" class=\"yoast-schema-graph\">{\"@context\":\"https:\/\/schema.org\",\"@graph\":[{\"@type\":\"WebPage\",\"@id\":\"https:\/\/smartseal.cz\/sk\/produkt\/impregnace-na-cihly-a-zdivo-vzorek\/\",\"url\":\"https:\/\/smartseal.cz\/sk\/produkt\/impregnace-na-cihly-a-zdivo-vzorek\/\",\"name\":\"Impregnace na cihly a zdivo | Smartseal.cz\",\"isPartOf\":{\"@id\":\"https:\/\/smartseal.cz\/sk\/#website\"},\"primaryImageOfPage\":{\"@id\":\"https:\/\/smartseal.cz\/sk\/produkt\/impregnace-na-cihly-a-zdivo-vzorek\/#primaryimage\"},\"image\":{\"@id\":\"https:\/\/smartseal.cz\/sk\/produkt\/impregnace-na-cihly-a-zdivo-vzorek\/#primaryimage\"},\"thumbnailUrl\":\"https:\/\/smartseal.cz\/sk\/wp-content\/uploads\/2023\/10\/vzorek_imp_cihly.png\",\"datePublished\":\"2022-09-20T08:31:01+00:00\",\"dateModified\":\"2026-03-25T07:14:18+00:00\",\"description\":\"N\u00e1t\u011br na cihly a zdivo vytvo\u0159\u00ed na povrchu vodoodpudiv\u00fd film a chr\u00e1n\u00ed cihly\/zdivo p\u0159ed vlhkost\u00ed, mechy a li\u0161ejn\u00edky.\",\"breadcrumb\":{\"@id\":\"https:\/\/smartseal.cz\/sk\/produkt\/impregnace-na-cihly-a-zdivo-vzorek\/#breadcrumb\"},\"inLanguage\":\"sk-SK\",\"potentialAction\":[{\"@type\":\"ReadAction\",\"target\":[\"https:\/\/smartseal.cz\/sk\/produkt\/impregnace-na-cihly-a-zdivo-vzorek\/\"]}]},{\"@type\":\"ImageObject\",\"inLanguage\":\"sk-SK\",\"@id\":\"https:\/\/smartseal.cz\/sk\/produkt\/impregnace-na-cihly-a-zdivo-vzorek\/#primaryimage\",\"url\":\"https:\/\/smartseal.cz\/sk\/wp-content\/uploads\/2023\/10\/vzorek_imp_cihly.png\",\"contentUrl\":\"https:\/\/smartseal.cz\/sk\/wp-content\/uploads\/2023\/10\/vzorek_imp_cihly.png\",\"width\":800,\"height\":800},{\"@type\":\"BreadcrumbList\",\"@id\":\"https:\/\/smartseal.cz\/sk\/produkt\/impregnace-na-cihly-a-zdivo-vzorek\/#breadcrumb\",\"itemListElement\":[{\"@type\":\"ListItem\",\"position\":1,\"name\":\"Dom\u016f\",\"item\":\"https:\/\/smartseal.cz\/sk\/\"},{\"@type\":\"ListItem\",\"position\":2,\"name\":\"Obchod\",\"item\":\"https:\/\/smartseal.cz\/sk\/obchod\/\"},{\"@type\":\"ListItem\",\"position\":3,\"name\":\"Impregnace na cihly a zdivo, vzorek\"}]},{\"@type\":\"WebSite\",\"@id\":\"https:\/\/smartseal.cz\/sk\/#website\",\"url\":\"https:\/\/smartseal.cz\/sk\/\",\"name\":\"Smartseal Slovensko\",\"description\":\"Chytr\u00e9 n\u00e1tery na v\u0161etky povrchy\",\"potentialAction\":[{\"@type\":\"SearchAction\",\"target\":{\"@type\":\"EntryPoint\",\"urlTemplate\":\"https:\/\/smartseal.cz\/sk\/?s={search_term_string}\"},\"query-input\":{\"@type\":\"PropertyValueSpecification\",\"valueRequired\":true,\"valueName\":\"search_term_string\"}}],\"inLanguage\":\"sk-SK\"}]}<\/script>\n<!-- \/ Yoast SEO Premium plugin. -->","yoast_head_json":{"title":"Impregnace na cihly a zdivo | Smartseal.cz","description":"N\u00e1t\u011br na cihly a zdivo vytvo\u0159\u00ed na povrchu vodoodpudiv\u00fd film a chr\u00e1n\u00ed cihly\/zdivo p\u0159ed vlhkost\u00ed, mechy a li\u0161ejn\u00edky.","robots":{"index":"index","follow":"follow","max-snippet":"max-snippet:-1","max-image-preview":"max-image-preview:large","max-video-preview":"max-video-preview:-1"},"canonical":"https:\/\/smartseal.cz\/sk\/produkt\/impregnace-na-cihly-a-zdivo-vzorek\/","og_locale":"sk_SK","og_type":"article","og_title":"Impregnace na cihly a zdivo, vzorek","og_description":"N\u00e1t\u011br na cihly a zdivo vytvo\u0159\u00ed na povrchu vodoodpudiv\u00fd film a chr\u00e1n\u00ed cihly\/zdivo p\u0159ed vlhkost\u00ed, mechy a li\u0161ejn\u00edky.","og_url":"https:\/\/smartseal.cz\/sk\/produkt\/impregnace-na-cihly-a-zdivo-vzorek\/","og_site_name":"Smartseal Slovensko","article_modified_time":"2026-03-25T07:14:18+00:00","og_image":[{"width":800,"height":800,"url":"https:\/\/smartseal.cz\/sk\/wp-content\/uploads\/2023\/10\/vzorek_imp_cihly.png","type":"image\/png"}],"twitter_card":"summary_large_image","twitter_misc":{"Predpokladan\u00fd \u010das \u010d\u00edtania":"1 min\u00fata"},"schema":{"@context":"https:\/\/schema.org","@graph":[{"@type":"WebPage","@id":"https:\/\/smartseal.cz\/sk\/produkt\/impregnace-na-cihly-a-zdivo-vzorek\/","url":"https:\/\/smartseal.cz\/sk\/produkt\/impregnace-na-cihly-a-zdivo-vzorek\/","name":"Impregnace na cihly a zdivo | Smartseal.cz","isPartOf":{"@id":"https:\/\/smartseal.cz\/sk\/#website"},"primaryImageOfPage":{"@id":"https:\/\/smartseal.cz\/sk\/produkt\/impregnace-na-cihly-a-zdivo-vzorek\/#primaryimage"},"image":{"@id":"https:\/\/smartseal.cz\/sk\/produkt\/impregnace-na-cihly-a-zdivo-vzorek\/#primaryimage"},"thumbnailUrl":"https:\/\/smartseal.cz\/sk\/wp-content\/uploads\/2023\/10\/vzorek_imp_cihly.png","datePublished":"2022-09-20T08:31:01+00:00","dateModified":"2026-03-25T07:14:18+00:00","description":"N\u00e1t\u011br na cihly a zdivo vytvo\u0159\u00ed na povrchu vodoodpudiv\u00fd film a chr\u00e1n\u00ed cihly\/zdivo p\u0159ed vlhkost\u00ed, mechy a li\u0161ejn\u00edky.","breadcrumb":{"@id":"https:\/\/smartseal.cz\/sk\/produkt\/impregnace-na-cihly-a-zdivo-vzorek\/#breadcrumb"},"inLanguage":"sk-SK","potentialAction":[{"@type":"ReadAction","target":["https:\/\/smartseal.cz\/sk\/produkt\/impregnace-na-cihly-a-zdivo-vzorek\/"]}]},{"@type":"ImageObject","inLanguage":"sk-SK","@id":"https:\/\/smartseal.cz\/sk\/produkt\/impregnace-na-cihly-a-zdivo-vzorek\/#primaryimage","url":"https:\/\/smartseal.cz\/sk\/wp-content\/uploads\/2023\/10\/vzorek_imp_cihly.png","contentUrl":"https:\/\/smartseal.cz\/sk\/wp-content\/uploads\/2023\/10\/vzorek_imp_cihly.png","width":800,"height":800},{"@type":"BreadcrumbList","@id":"https:\/\/smartseal.cz\/sk\/produkt\/impregnace-na-cihly-a-zdivo-vzorek\/#breadcrumb","itemListElement":[{"@type":"ListItem","position":1,"name":"Dom\u016f","item":"https:\/\/smartseal.cz\/sk\/"},{"@type":"ListItem","position":2,"name":"Obchod","item":"https:\/\/smartseal.cz\/sk\/obchod\/"},{"@type":"ListItem","position":3,"name":"Impregnace na cihly a zdivo, vzorek"}]},{"@type":"WebSite","@id":"https:\/\/smartseal.cz\/sk\/#website","url":"https:\/\/smartseal.cz\/sk\/","name":"Smartseal Slovensko","description":"Chytr\u00e9 n\u00e1tery na v\u0161etky povrchy","potentialAction":[{"@type":"SearchAction","target":{"@type":"EntryPoint","urlTemplate":"https:\/\/smartseal.cz\/sk\/?s={search_term_string}"},"query-input":{"@type":"PropertyValueSpecification","valueRequired":true,"valueName":"search_term_string"}}],"inLanguage":"sk-SK"}]}},"_links":{"self":[{"href":"https:\/\/smartseal.cz\/sk\/wp-json\/wp\/v2\/product\/9984","targetHints":{"allow":["GET"]}}],"collection":[{"href":"https:\/\/smartseal.cz\/sk\/wp-json\/wp\/v2\/product"}],"about":[{"href":"https:\/\/smartseal.cz\/sk\/wp-json\/wp\/v2\/types\/product"}],"replies":[{"embeddable":true,"href":"https:\/\/smartseal.cz\/sk\/wp-json\/wp\/v2\/comments?post=9984"}],"wp:featuredmedia":[{"embeddable":true,"href":"https:\/\/smartseal.cz\/sk\/wp-json\/wp\/v2\/media\/13785"}],"wp:attachment":[{"href":"https:\/\/smartseal.cz\/sk\/wp-json\/wp\/v2\/media?parent=9984"}],"wp:term":[{"taxonomy":"product_brand","embeddable":true,"href":"https:\/\/smartseal.cz\/sk\/wp-json\/wp\/v2\/product_brand?post=9984"},{"taxonomy":"product_cat","embeddable":true,"href":"https:\/\/smartseal.cz\/sk\/wp-json\/wp\/v2\/product_cat?post=9984"},{"taxonomy":"product_tag","embeddable":true,"href":"https:\/\/smartseal.cz\/sk\/wp-json\/wp\/v2\/product_tag?post=9984"}],"curies":[{"name":"wp","href":"https:\/\/api.w.org\/{rel}","templated":true}]}}