{"id":9975,"date":"2022-09-20T09:42:47","date_gmt":"2022-09-20T07:42:47","guid":{"rendered":"https:\/\/smartseal.cz\/sk\/?post_type=product&#038;p=9975"},"modified":"2026-04-03T18:39:22","modified_gmt":"2026-04-03T16:39:22","slug":"mech-stop-5l","status":"publish","type":"product","link":"https:\/\/smartseal.cz\/sk\/produkt\/mech-stop-5l\/","title":{"rendered":"Mech-stop, 5l"},"content":{"rendered":"<h2>Mech-stop, \u00fa\u010dinn\u00fd prostriedok na ni\u010denie machu na pr\u00edjazdov\u00fdch cest\u00e1ch, teras\u00e1ch alebo strech\u00e1ch.<\/h2>\n<p><strong>VLASTNOSTI PRODUKTU<\/strong><\/p>\n<ul>\n<li>Nie je potrebn\u00e9 drhn\u00fa\u0165 kefou ani pou\u017e\u00edva\u0165 vysokotlakov\u00fd \u010disti\u010d<\/li>\n<li>5 litrov pr\u00edpravku vy\u010dist\u00ed a\u017e 100-125 m\u00b2 v z\u00e1vislosti od rozsahu machu<\/li>\n<li>Nie je nebezpe\u010dn\u00fd<\/li>\n<li>Aplikujte z\u00e1hradnou kanvicou alebo postrekova\u010dom<\/li>\n<li>Nie je potrebn\u00e9 oplachova\u0165<\/li>\n<\/ul>\n<p>Mech-stop je \u010distiaci prostriedok, ktor\u00fd r\u00fdchlo odstra\u0148uje mach, riasy, huby a in\u00e9 druhy organick\u00e9ho rastu. Je vhodn\u00fd na pou\u017eitie na dla\u017ebu, bet\u00f3n, asfalt, podlahu alebo strechu. Mech mus\u00ed nasiaknu\u0165 dostato\u010dn\u00e9 mno\u017estvo \u010distiaceho prostriedku, aby pr\u00edpravok dobre fungoval.<\/p>\n<p>Strechu nie je potrebn\u00e9 drhn\u00fa\u0165 kefou ani pou\u017e\u00edva\u0165 vysokotlakov\u00fd \u010disti\u010d, \u010d\u00edm sa zni\u017euje riziko po\u0161kodenia stre\u0161n\u00fdch \u0161kridiel. Ak je va\u0161a strecha u\u017e vy\u010disten\u00e1, m\u00f4\u017eete pou\u017ei\u0165 Moss-stop ako prevenciu proti rastu machu a rias. V\u00e4\u010d\u0161ina z\u00e1kazn\u00edkov sa rozhodne necha\u0165 mach odlupova\u0165 s\u00e1m a odumret\u00fd mach neodstra\u0148uje, \u010do je vhodn\u00e9 najm\u00e4 pri \u010disten\u00ed.<\/p>\n<p><strong>Odpor\u00fa\u010dan\u00e1 spotreba<\/strong><\/p>\n<ul>\n<li>1l\/20m2<\/li>\n<li>5L\/100m2<\/li>\n<li>25L\/500m5<\/li>\n<\/ul>\n<p><strong>Dostupn\u00e9 ve\u013ekosti<\/strong><\/p>\n<ul>\n<li><a href=\"https:\/\/smartseal.cz\/sk\/produkt\/mech-stop-vzorek\/\">vzorek 100 ml<\/a>, <a href=\"https:\/\/smartseal.cz\/sk\/produkt\/mech-stop-5l\/\">5l<\/a>, <a href=\"https:\/\/smartseal.cz\/sk\/produkt\/mech-stop\/\">25l<\/a><\/li>\n<\/ul>\n<p><strong>Spot\u0159eba u vzorku (100ml)<\/strong>: Aby jste zjistili vhodnost p\u0159\u00edpravku, tak vzorek ne\u0159e\u010fte. Vy\u010dist\u00edte j\u00edm plochu <strong>maxim\u00e1ln\u011b o rozloze 30cm x 30cm<\/strong>\u00a0. Jedn\u00e1 se o vzorek a je pot\u0159eba k tomu tak\u00e9 tak p\u0159istupovat. Necht\u011bjte vy\u010distit p\u0159\u00edli\u0161 velkou plochu, proto\u017ee se m\u016f\u017ee st\u00e1t, \u017ee v\u00fdrobek pak nebude spr\u00e1vn\u011b fungovat. K aplikaci pou\u017e\u00edvejte \u0161t\u011btec, ru\u010dn\u00ed post\u0159ikova\u010d nebo obsah lahvi\u010dky vylijte p\u0159\u00edmo na mech.<\/p>\n<h2>Technick\u00fd popis produktu<\/h2>\n<ul>\n<li>Pred pou\u017eit\u00edm si pozorne pre\u010d\u00edtajte etiketu<\/li>\n<li>Pre dosiahnutie najlep\u0161\u00edch v\u00fdsledkov \u010distenia odpor\u00fa\u010dame riedi\u0165 Mech-stop maxim\u00e1lne v pomere 1:5, zmie\u0161an\u00edm 1 dielu pr\u00edpravku na 5 dielov vody. Ak je porast machu pr\u00edli\u0161 hust\u00fd, zrie\u010fte ho menej.<\/li>\n<li>5 litrov pr\u00edpravku vy\u010dist\u00ed pribli\u017ene 100 m2 a\u017e 125 m2 plochy. Na aplik\u00e1ciu odpor\u00fa\u010dame pou\u017ei\u0165 z\u00e1hradn\u00fa kanvicu alebo postrekova\u010d.<\/li>\n<li>Mech-stop je vyroben\u00fd z biologicky odb\u00farate\u013en\u00fdch zlo\u017eiek a neobsahuje \u017eiadne bieliace ani kysl\u00e9 l\u00e1tky. Po zaschnut\u00ed nie je v\u00fdrobok zdraviu nebezpe\u010dn\u00fd<\/li>\n<li>Mach odumiera v priebehu t\u00fd\u017ed\u0148a a d\u00e1 sa z povrchu \u013eahko odstr\u00e1ni\u0165.<\/li>\n<\/ul>\n<h2>Bezpe\u010dnostn\u00ed list<\/h2>\n<p><a href=\"https:\/\/smartseal.cz\/sk\/wp-content\/uploads\/sites\/2\/2021\/08\/BL_MOSS-CLEAR-CZ_CLP_2021.pdf\">Bezpe\u010dnostn\u00ed list Mech-stop v PDF<\/a><\/p>\n<p>&nbsp;<\/p>\n<div class=\"video-shortcode\"><iframe title=\"Ze star\u00e9 dla\u017eby nov\u00e1 v pouh\u00fdch 5 kroc\u00edch\" width=\"1200\" height=\"675\" src=\"https:\/\/www.youtube.com\/embed\/NGg45qG4Usg?start=14&#038;feature=oembed&#038;enablejsapi=1&#038;origin=https:\/\/smartseal.cz\/sk\" frameborder=\"0\" allow=\"accelerometer; autoplay; clipboard-write; encrypted-media; gyroscope; picture-in-picture\" allowfullscreen><\/iframe><\/div>\n","protected":false},"excerpt":{"rendered":"<p><strong>MO\u017dNO OBJEDNA\u0164, NA SKLADE KONCOM JANU\u00c1RA.<\/strong> Mech-stop, \u00fa\u010dinn\u00fd prostriedok na ni\u010denie machu na pr\u00edjazdov\u00fdch cest\u00e1ch, teras\u00e1ch alebo strech\u00e1ch. 5 l o\u0161etr\u00ed plochu do 125 m2<\/p>\n","protected":false},"featured_media":6560,"comment_status":"open","ping_status":"closed","template":"","meta":[],"product_brand":[],"product_cat":[55,56,39,63,62,60,66,57,53,23,52,51,40,65,64,41,38,61,58,21],"product_tag":[],"class_list":{"0":"post-9975","1":"product","2":"type-product","3":"status-publish","4":"has-post-thumbnail","6":"product_cat-asfalt","7":"product_cat-beton","8":"product_cat-tehly-fasady-murivo","9":"product_cat-fasada","10":"product_cat-murivo","11":"product_cat-dlazba","12":"product_cat-strecha","13":"product_cat-prirodni-kamen","14":"product_cat-zamkova-dlazba","15":"product_cat-cistiace-odstranovace","16":"product_cat-cistenie-prijazdovych-ciest-a-chodnikov","17":"product_cat-odstranenie-mechu","18":"product_cat-betonove-povrchy","19":"product_cat-beton-betonove-povrchy","20":"product_cat-razeny-beton-betonove-povrchy","21":"product_cat-strechy","22":"product_cat-vonkajsie-terasy-nadvoria","23":"product_cat-prirodni-kamen-terasy","24":"product_cat-zamkova-dlazba-terasy","25":"product_cat-pristupove-cesty-chodniky","26":"pa_faze-pouziti-cisteni","27":"pa_velikost-baleni-5l","29":"first","30":"instock","31":"taxable","32":"shipping-taxable","33":"purchasable","34":"product-type-simple"},"yoast_head":"<!-- This site is optimized with the Yoast SEO Premium plugin v26.8 (Yoast SEO v26.9) - https:\/\/yoast.com\/product\/yoast-seo-premium-wordpress\/ -->\n<title>Mech-stop 5L | Smartseal SK<\/title>\n<meta name=\"description\" content=\"Mech-stop, \u00fa\u010dinn\u00fd pr\u00edpravok na ni\u010denie machu na pr\u00edjazdov\u00fdch cest\u00e1ch, teras\u00e1ch alebo strech\u00e1ch. 5 l o\u0161etr\u00ed plochu do 100 m2.\" \/>\n<meta name=\"robots\" content=\"index, follow, max-snippet:-1, max-image-preview:large, max-video-preview:-1\" \/>\n<link rel=\"canonical\" href=\"https:\/\/smartseal.cz\/sk\/produkt\/mech-stop-5l\/\" \/>\n<meta property=\"og:locale\" content=\"sk_SK\" \/>\n<meta property=\"og:type\" content=\"article\" \/>\n<meta property=\"og:title\" content=\"Mech-stop, 5l\" \/>\n<meta property=\"og:description\" content=\"Mech-stop, \u00fa\u010dinn\u00fd pr\u00edpravok na ni\u010denie machu na pr\u00edjazdov\u00fdch cest\u00e1ch, teras\u00e1ch alebo strech\u00e1ch. 5 l o\u0161etr\u00ed plochu do 100 m2.\" \/>\n<meta property=\"og:url\" content=\"https:\/\/smartseal.cz\/sk\/produkt\/mech-stop-5l\/\" \/>\n<meta property=\"og:site_name\" content=\"Smartseal Slovensko\" \/>\n<meta property=\"article:modified_time\" content=\"2026-04-03T16:39:22+00:00\" \/>\n<meta property=\"og:image\" content=\"https:\/\/smartseal.cz\/sk\/wp-content\/uploads\/2021\/01\/etiketa-mech-stop-CZ.png\" \/>\n\t<meta property=\"og:image:width\" content=\"800\" \/>\n\t<meta property=\"og:image:height\" content=\"800\" \/>\n\t<meta property=\"og:image:type\" content=\"image\/png\" \/>\n<meta name=\"twitter:card\" content=\"summary_large_image\" \/>\n<meta name=\"twitter:label1\" content=\"Predpokladan\u00fd \u010das \u010d\u00edtania\" \/>\n\t<meta name=\"twitter:data1\" content=\"2 min\u00faty\" \/>\n<script type=\"application\/ld+json\" class=\"yoast-schema-graph\">{\"@context\":\"https:\/\/schema.org\",\"@graph\":[{\"@type\":\"WebPage\",\"@id\":\"https:\/\/smartseal.cz\/sk\/produkt\/mech-stop-5l\/\",\"url\":\"https:\/\/smartseal.cz\/sk\/produkt\/mech-stop-5l\/\",\"name\":\"Mech-stop 5L | Smartseal SK\",\"isPartOf\":{\"@id\":\"https:\/\/smartseal.cz\/sk\/#website\"},\"primaryImageOfPage\":{\"@id\":\"https:\/\/smartseal.cz\/sk\/produkt\/mech-stop-5l\/#primaryimage\"},\"image\":{\"@id\":\"https:\/\/smartseal.cz\/sk\/produkt\/mech-stop-5l\/#primaryimage\"},\"thumbnailUrl\":\"https:\/\/smartseal.cz\/sk\/wp-content\/uploads\/2021\/01\/etiketa-mech-stop-CZ.png\",\"datePublished\":\"2022-09-20T07:42:47+00:00\",\"dateModified\":\"2026-04-03T16:39:22+00:00\",\"description\":\"Mech-stop, \u00fa\u010dinn\u00fd pr\u00edpravok na ni\u010denie machu na pr\u00edjazdov\u00fdch cest\u00e1ch, teras\u00e1ch alebo strech\u00e1ch. 5 l o\u0161etr\u00ed plochu do 100 m2.\",\"breadcrumb\":{\"@id\":\"https:\/\/smartseal.cz\/sk\/produkt\/mech-stop-5l\/#breadcrumb\"},\"inLanguage\":\"sk-SK\",\"potentialAction\":[{\"@type\":\"ReadAction\",\"target\":[\"https:\/\/smartseal.cz\/sk\/produkt\/mech-stop-5l\/\"]}]},{\"@type\":\"ImageObject\",\"inLanguage\":\"sk-SK\",\"@id\":\"https:\/\/smartseal.cz\/sk\/produkt\/mech-stop-5l\/#primaryimage\",\"url\":\"https:\/\/smartseal.cz\/sk\/wp-content\/uploads\/2021\/01\/etiketa-mech-stop-CZ.png\",\"contentUrl\":\"https:\/\/smartseal.cz\/sk\/wp-content\/uploads\/2021\/01\/etiketa-mech-stop-CZ.png\",\"width\":800,\"height\":800,\"caption\":\"Mech-stop\"},{\"@type\":\"BreadcrumbList\",\"@id\":\"https:\/\/smartseal.cz\/sk\/produkt\/mech-stop-5l\/#breadcrumb\",\"itemListElement\":[{\"@type\":\"ListItem\",\"position\":1,\"name\":\"Dom\u016f\",\"item\":\"https:\/\/smartseal.cz\/sk\/\"},{\"@type\":\"ListItem\",\"position\":2,\"name\":\"Obchod\",\"item\":\"https:\/\/smartseal.cz\/sk\/obchod\/\"},{\"@type\":\"ListItem\",\"position\":3,\"name\":\"Mech-stop, 5l\"}]},{\"@type\":\"WebSite\",\"@id\":\"https:\/\/smartseal.cz\/sk\/#website\",\"url\":\"https:\/\/smartseal.cz\/sk\/\",\"name\":\"Smartseal Slovensko\",\"description\":\"Chytr\u00e9 n\u00e1tery na v\u0161etky povrchy\",\"potentialAction\":[{\"@type\":\"SearchAction\",\"target\":{\"@type\":\"EntryPoint\",\"urlTemplate\":\"https:\/\/smartseal.cz\/sk\/?s={search_term_string}\"},\"query-input\":{\"@type\":\"PropertyValueSpecification\",\"valueRequired\":true,\"valueName\":\"search_term_string\"}}],\"inLanguage\":\"sk-SK\"}]}<\/script>\n<!-- \/ Yoast SEO Premium plugin. -->","yoast_head_json":{"title":"Mech-stop 5L | Smartseal SK","description":"Mech-stop, \u00fa\u010dinn\u00fd pr\u00edpravok na ni\u010denie machu na pr\u00edjazdov\u00fdch cest\u00e1ch, teras\u00e1ch alebo strech\u00e1ch. 5 l o\u0161etr\u00ed plochu do 100 m2.","robots":{"index":"index","follow":"follow","max-snippet":"max-snippet:-1","max-image-preview":"max-image-preview:large","max-video-preview":"max-video-preview:-1"},"canonical":"https:\/\/smartseal.cz\/sk\/produkt\/mech-stop-5l\/","og_locale":"sk_SK","og_type":"article","og_title":"Mech-stop, 5l","og_description":"Mech-stop, \u00fa\u010dinn\u00fd pr\u00edpravok na ni\u010denie machu na pr\u00edjazdov\u00fdch cest\u00e1ch, teras\u00e1ch alebo strech\u00e1ch. 5 l o\u0161etr\u00ed plochu do 100 m2.","og_url":"https:\/\/smartseal.cz\/sk\/produkt\/mech-stop-5l\/","og_site_name":"Smartseal Slovensko","article_modified_time":"2026-04-03T16:39:22+00:00","og_image":[{"width":800,"height":800,"url":"https:\/\/smartseal.cz\/sk\/wp-content\/uploads\/2021\/01\/etiketa-mech-stop-CZ.png","type":"image\/png"}],"twitter_card":"summary_large_image","twitter_misc":{"Predpokladan\u00fd \u010das \u010d\u00edtania":"2 min\u00faty"},"schema":{"@context":"https:\/\/schema.org","@graph":[{"@type":"WebPage","@id":"https:\/\/smartseal.cz\/sk\/produkt\/mech-stop-5l\/","url":"https:\/\/smartseal.cz\/sk\/produkt\/mech-stop-5l\/","name":"Mech-stop 5L | Smartseal SK","isPartOf":{"@id":"https:\/\/smartseal.cz\/sk\/#website"},"primaryImageOfPage":{"@id":"https:\/\/smartseal.cz\/sk\/produkt\/mech-stop-5l\/#primaryimage"},"image":{"@id":"https:\/\/smartseal.cz\/sk\/produkt\/mech-stop-5l\/#primaryimage"},"thumbnailUrl":"https:\/\/smartseal.cz\/sk\/wp-content\/uploads\/2021\/01\/etiketa-mech-stop-CZ.png","datePublished":"2022-09-20T07:42:47+00:00","dateModified":"2026-04-03T16:39:22+00:00","description":"Mech-stop, \u00fa\u010dinn\u00fd pr\u00edpravok na ni\u010denie machu na pr\u00edjazdov\u00fdch cest\u00e1ch, teras\u00e1ch alebo strech\u00e1ch. 5 l o\u0161etr\u00ed plochu do 100 m2.","breadcrumb":{"@id":"https:\/\/smartseal.cz\/sk\/produkt\/mech-stop-5l\/#breadcrumb"},"inLanguage":"sk-SK","potentialAction":[{"@type":"ReadAction","target":["https:\/\/smartseal.cz\/sk\/produkt\/mech-stop-5l\/"]}]},{"@type":"ImageObject","inLanguage":"sk-SK","@id":"https:\/\/smartseal.cz\/sk\/produkt\/mech-stop-5l\/#primaryimage","url":"https:\/\/smartseal.cz\/sk\/wp-content\/uploads\/2021\/01\/etiketa-mech-stop-CZ.png","contentUrl":"https:\/\/smartseal.cz\/sk\/wp-content\/uploads\/2021\/01\/etiketa-mech-stop-CZ.png","width":800,"height":800,"caption":"Mech-stop"},{"@type":"BreadcrumbList","@id":"https:\/\/smartseal.cz\/sk\/produkt\/mech-stop-5l\/#breadcrumb","itemListElement":[{"@type":"ListItem","position":1,"name":"Dom\u016f","item":"https:\/\/smartseal.cz\/sk\/"},{"@type":"ListItem","position":2,"name":"Obchod","item":"https:\/\/smartseal.cz\/sk\/obchod\/"},{"@type":"ListItem","position":3,"name":"Mech-stop, 5l"}]},{"@type":"WebSite","@id":"https:\/\/smartseal.cz\/sk\/#website","url":"https:\/\/smartseal.cz\/sk\/","name":"Smartseal Slovensko","description":"Chytr\u00e9 n\u00e1tery na v\u0161etky povrchy","potentialAction":[{"@type":"SearchAction","target":{"@type":"EntryPoint","urlTemplate":"https:\/\/smartseal.cz\/sk\/?s={search_term_string}"},"query-input":{"@type":"PropertyValueSpecification","valueRequired":true,"valueName":"search_term_string"}}],"inLanguage":"sk-SK"}]}},"_links":{"self":[{"href":"https:\/\/smartseal.cz\/sk\/wp-json\/wp\/v2\/product\/9975","targetHints":{"allow":["GET"]}}],"collection":[{"href":"https:\/\/smartseal.cz\/sk\/wp-json\/wp\/v2\/product"}],"about":[{"href":"https:\/\/smartseal.cz\/sk\/wp-json\/wp\/v2\/types\/product"}],"replies":[{"embeddable":true,"href":"https:\/\/smartseal.cz\/sk\/wp-json\/wp\/v2\/comments?post=9975"}],"wp:featuredmedia":[{"embeddable":true,"href":"https:\/\/smartseal.cz\/sk\/wp-json\/wp\/v2\/media\/6560"}],"wp:attachment":[{"href":"https:\/\/smartseal.cz\/sk\/wp-json\/wp\/v2\/media?parent=9975"}],"wp:term":[{"taxonomy":"product_brand","embeddable":true,"href":"https:\/\/smartseal.cz\/sk\/wp-json\/wp\/v2\/product_brand?post=9975"},{"taxonomy":"product_cat","embeddable":true,"href":"https:\/\/smartseal.cz\/sk\/wp-json\/wp\/v2\/product_cat?post=9975"},{"taxonomy":"product_tag","embeddable":true,"href":"https:\/\/smartseal.cz\/sk\/wp-json\/wp\/v2\/product_tag?post=9975"}],"curies":[{"name":"wp","href":"https:\/\/api.w.org\/{rel}","templated":true}]}}