{"id":9971,"date":"2022-09-20T09:41:48","date_gmt":"2022-09-20T07:41:48","guid":{"rendered":"https:\/\/smartseal.cz\/sk\/?post_type=product&#038;p=9971"},"modified":"2026-04-02T17:49:04","modified_gmt":"2026-04-02T15:49:04","slug":"mech-stop-vzorka","status":"publish","type":"product","link":"https:\/\/smartseal.cz\/sk\/produkt\/mech-stop-vzorka\/","title":{"rendered":"Mech-stop, vzorka"},"content":{"rendered":"<h2>P\u0159\u00edpravek Mech-stop, \u00fa\u010dinn\u00fd likvid\u00e1tor mechu na p\u0159\u00edjezdov\u00fdch cest\u00e1ch, teras\u00e1ch nebo st\u0159ech\u00e1ch.<\/h2>\n<h3>Vlastnosti a v\u00fdhody<\/h3>\n<ul>\n<li>Nen\u00ed pot\u0159eba drhnout kart\u00e1\u010dem ani pou\u017e\u00edt vysokotlak\u00fd \u010disti\u010d<\/li>\n<li>5 litry v\u00fdrobku vy\u010dist\u00edte a\u017e 100\u2013125 m\u00b2<\/li>\n<li>Nen\u00ed nebezpe\u010dn\u00fd<\/li>\n<li>Aplikujte pomoc\u00ed zahradn\u00ed konvice nebo post\u0159ikova\u010dem<\/li>\n<li>Nen\u00ed pot\u0159eba oplachovat<\/li>\n<\/ul>\n<p>Mech-stop je \u010disti\u010d, kter\u00fd rychle odstran\u00ed mech, \u0159asy, houby a dal\u0161\u00ed typy organick\u00e9ho r\u016fstu. Je vhodn\u00fd k pou\u017eit\u00ed na z\u00e1mkovou dla\u017ebu, beton, asfalt, podlahu nebo st\u0159echu. Aby mohl Mech-stop dob\u0159e \u00fa\u010dinkovat, je pot\u0159eba, aby mech nas\u00e1kl dostate\u010dn\u00e9 mno\u017estv\u00ed \u010disti\u010de.<\/p>\n<p>Nen\u00ed pot\u0159eba drhnout st\u0159echu kart\u00e1\u010dem nebo pou\u017e\u00edt vysokotlak\u00fd \u010disti\u010d, a tak se sn\u00ed\u017e\u00ed riziko po\u0161kozen\u00ed st\u0159e\u0161n\u00edch ta\u0161ek. Pokud je va\u0161e st\u0159echa ji\u017e vy\u010di\u0161t\u011bn\u00e1, m\u016f\u017eete aplikovat Mech-stop jako prevenci proti r\u016fstu mechu a \u0159as. V\u011bt\u0161ina z\u00e1kazn\u00edk\u016f se rozhodne nechat mech samovoln\u011b odloupnout a odum\u0159el\u00fd mech neodstra\u0148uje, co\u017e je p\u0159edev\u0161\u00edm u \u010di\u0161t\u011bn\u00ed velmi v\u00fdhodn\u00e9.<\/p>\n<p><strong>Dostupn\u00e9 velikosti<\/strong><\/p>\n<p>vzorek 100 ml, <a href=\"https:\/\/smartseal.cz\/sk\/produkt\/mech-stop-5l\/\">5l<\/a>, <a href=\"https:\/\/smartseal.cz\/sk\/produkt\/mech-stop\/#\">25l<\/a><\/p>\n<p><strong>Spot\u0159eba u vzorku (100ml)<\/strong>: Aby jste zjistili vhodnost p\u0159\u00edpravku, tak vzorek ne\u0159e\u010fte. Vy\u010dist\u00edte j\u00edm plochu <strong>maxim\u00e1ln\u011b o rozloze 30cm x 30cm<\/strong>\u00a0. Jedn\u00e1 se o vzorek a je pot\u0159eba k tomu tak\u00e9 tak p\u0159istupovat. Necht\u011bjte vy\u010distit p\u0159\u00edli\u0161 velkou plochu, proto\u017ee se m\u016f\u017ee st\u00e1t, \u017ee v\u00fdrobek pak nebude spr\u00e1vn\u011b fungovat. K aplikaci pou\u017e\u00edvejte \u0161t\u011btec, ru\u010dn\u00ed post\u0159ikova\u010d nebo obsah lahvi\u010dky vylijte p\u0159\u00edmo na mech.<\/p>\n<h3>Technick\u00fd popis p\u0159\u00edpravku Mech-stop<\/h3>\n<ul>\n<li>P\u0159ed pou\u017eit\u00edm si pe\u010dliv\u011b p\u0159e\u010dt\u011bte etiketu<\/li>\n<li>Abyste dos\u00e1hli nejlep\u0161\u00edch v\u00fdsledk\u016f, doporu\u010dujeme z\u0159edit Mech-stop v pom\u011bru 1:5, kdy sm\u00edch\u00e1te 1 d\u00edl p\u0159\u00edpravku a 5 d\u00edl\u016f vody. Pokud je mechov\u00fd porost p\u0159\u00edli\u0161 hust\u00fd na\u0159e\u010fte m\u00e9n\u011b.<\/li>\n<li>5 litry p\u0159\u00edpravku vy\u010dist\u00edte cca 100 m2 do 125 m2 plochy. K\u00a0aplikaci doporu\u010dujeme pou\u017e\u00edt zahradn\u00ed konev nebo post\u0159ikova\u010d.<\/li>\n<li>Mech-stop je vyroben z biologicky odbourateln\u00fdch slo\u017eek a neobsahuje \u017e\u00e1dn\u00e9 b\u011bl\u00edc\u00ed nebo kyselinov\u00e9 l\u00e1tky. Jakmile p\u0159\u00edpravek zaschne nen\u00ed zdrav\u00ed nebezpe\u010dn\u00fd<\/li>\n<\/ul>\n<h3>Bezpe\u010dnostn\u00ed list Mech-stop<\/h3>\n<p><a href=\"https:\/\/smartseal.cz\/sk\/wp-content\/uploads\/sites\/2\/2021\/08\/BL_MOSS-CLEAR-CZ_CLP_2021.pdf\">Bezpe\u010dnostn\u00ed list ke sta\u017een\u00ed v PDF<\/a><\/p>\n<h3>Technick\u00fd list Mech-stop<\/h3>\n<p><a href=\"https:\/\/smartseal.cz\/sk\/wp-content\/uploads\/sites\/2\/2023\/10\/TL_MECH_STOP.pdf\">N\u00e1vod k pou\u017eit\u00ed ke sta\u017een\u00ed v PDF<\/a><\/p>\n","protected":false},"excerpt":{"rendered":"<p>P\u0159\u00edpravek Mech-stop, \u00fa\u010dinn\u00fd likvid\u00e1tor mechu na p\u0159\u00edjezdov\u00fdch cest\u00e1ch, teras\u00e1ch nebo st\u0159ech\u00e1ch.<\/p>\n","protected":false},"featured_media":13765,"comment_status":"open","ping_status":"closed","template":"","meta":[],"product_brand":[],"product_cat":[55,56,39,63,62,60,66,57,53,23,52,51,40,65,64,41,38,61,58,21],"product_tag":[],"class_list":{"0":"post-9971","1":"product","2":"type-product","3":"status-publish","4":"has-post-thumbnail","6":"product_cat-asfalt","7":"product_cat-beton","8":"product_cat-tehly-fasady-murivo","9":"product_cat-fasada","10":"product_cat-murivo","11":"product_cat-dlazba","12":"product_cat-strecha","13":"product_cat-prirodni-kamen","14":"product_cat-zamkova-dlazba","15":"product_cat-cistiace-odstranovace","16":"product_cat-cistenie-prijazdovych-ciest-a-chodnikov","17":"product_cat-odstranenie-mechu","18":"product_cat-betonove-povrchy","19":"product_cat-beton-betonove-povrchy","20":"product_cat-razeny-beton-betonove-povrchy","21":"product_cat-strechy","22":"product_cat-vonkajsie-terasy-nadvoria","23":"product_cat-prirodni-kamen-terasy","24":"product_cat-zamkova-dlazba-terasy","25":"product_cat-pristupove-cesty-chodniky","26":"pa_faze-pouziti-cisteni","27":"pa_velikost-baleni-vzorek-100ml","29":"first","30":"instock","31":"taxable","32":"shipping-taxable","33":"purchasable","34":"product-type-simple"},"yoast_head":"<!-- This site is optimized with the Yoast SEO Premium plugin v26.8 (Yoast SEO v26.9) - https:\/\/yoast.com\/product\/yoast-seo-premium-wordpress\/ -->\n<title>Mech-stop | Smartseal.cz<\/title>\n<meta name=\"description\" content=\"P\u0159\u00edpravek Mech-stop, \u00fa\u010dinn\u00fd likvid\u00e1tor mechu na p\u0159\u00edjezdov\u00fdch cest\u00e1ch, teras\u00e1ch nebo st\u0159ech\u00e1ch.\" \/>\n<meta name=\"robots\" content=\"index, follow, max-snippet:-1, max-image-preview:large, max-video-preview:-1\" \/>\n<link rel=\"canonical\" href=\"https:\/\/smartseal.cz\/sk\/produkt\/mech-stop-vzorka\/\" \/>\n<meta property=\"og:locale\" content=\"sk_SK\" \/>\n<meta property=\"og:type\" content=\"article\" \/>\n<meta property=\"og:title\" content=\"Mech-stop, vzorka\" \/>\n<meta property=\"og:description\" content=\"P\u0159\u00edpravek Mech-stop, \u00fa\u010dinn\u00fd likvid\u00e1tor mechu na p\u0159\u00edjezdov\u00fdch cest\u00e1ch, teras\u00e1ch nebo st\u0159ech\u00e1ch.\" \/>\n<meta property=\"og:url\" content=\"https:\/\/smartseal.cz\/sk\/produkt\/mech-stop-vzorka\/\" \/>\n<meta property=\"og:site_name\" content=\"Smartseal Slovensko\" \/>\n<meta property=\"article:modified_time\" content=\"2026-04-02T15:49:04+00:00\" \/>\n<meta property=\"og:image\" content=\"https:\/\/smartseal.cz\/sk\/wp-content\/uploads\/2023\/10\/foto_vzorek.png\" \/>\n\t<meta property=\"og:image:width\" content=\"800\" \/>\n\t<meta property=\"og:image:height\" content=\"800\" \/>\n\t<meta property=\"og:image:type\" content=\"image\/png\" \/>\n<meta name=\"twitter:card\" content=\"summary_large_image\" \/>\n<meta name=\"twitter:label1\" content=\"Predpokladan\u00fd \u010das \u010d\u00edtania\" \/>\n\t<meta name=\"twitter:data1\" content=\"2 min\u00faty\" \/>\n<script type=\"application\/ld+json\" class=\"yoast-schema-graph\">{\"@context\":\"https:\/\/schema.org\",\"@graph\":[{\"@type\":\"WebPage\",\"@id\":\"https:\/\/smartseal.cz\/sk\/produkt\/mech-stop-vzorka\/\",\"url\":\"https:\/\/smartseal.cz\/sk\/produkt\/mech-stop-vzorka\/\",\"name\":\"Mech-stop | Smartseal.cz\",\"isPartOf\":{\"@id\":\"https:\/\/smartseal.cz\/sk\/#website\"},\"primaryImageOfPage\":{\"@id\":\"https:\/\/smartseal.cz\/sk\/produkt\/mech-stop-vzorka\/#primaryimage\"},\"image\":{\"@id\":\"https:\/\/smartseal.cz\/sk\/produkt\/mech-stop-vzorka\/#primaryimage\"},\"thumbnailUrl\":\"https:\/\/smartseal.cz\/sk\/wp-content\/uploads\/2023\/10\/foto_vzorek.png\",\"datePublished\":\"2022-09-20T07:41:48+00:00\",\"dateModified\":\"2026-04-02T15:49:04+00:00\",\"description\":\"P\u0159\u00edpravek Mech-stop, \u00fa\u010dinn\u00fd likvid\u00e1tor mechu na p\u0159\u00edjezdov\u00fdch cest\u00e1ch, teras\u00e1ch nebo st\u0159ech\u00e1ch.\",\"breadcrumb\":{\"@id\":\"https:\/\/smartseal.cz\/sk\/produkt\/mech-stop-vzorka\/#breadcrumb\"},\"inLanguage\":\"sk-SK\",\"potentialAction\":[{\"@type\":\"ReadAction\",\"target\":[\"https:\/\/smartseal.cz\/sk\/produkt\/mech-stop-vzorka\/\"]}]},{\"@type\":\"ImageObject\",\"inLanguage\":\"sk-SK\",\"@id\":\"https:\/\/smartseal.cz\/sk\/produkt\/mech-stop-vzorka\/#primaryimage\",\"url\":\"https:\/\/smartseal.cz\/sk\/wp-content\/uploads\/2023\/10\/foto_vzorek.png\",\"contentUrl\":\"https:\/\/smartseal.cz\/sk\/wp-content\/uploads\/2023\/10\/foto_vzorek.png\",\"width\":800,\"height\":800},{\"@type\":\"BreadcrumbList\",\"@id\":\"https:\/\/smartseal.cz\/sk\/produkt\/mech-stop-vzorka\/#breadcrumb\",\"itemListElement\":[{\"@type\":\"ListItem\",\"position\":1,\"name\":\"Dom\u016f\",\"item\":\"https:\/\/smartseal.cz\/sk\/\"},{\"@type\":\"ListItem\",\"position\":2,\"name\":\"Obchod\",\"item\":\"https:\/\/smartseal.cz\/sk\/obchod\/\"},{\"@type\":\"ListItem\",\"position\":3,\"name\":\"Mech-stop, vzorka\"}]},{\"@type\":\"WebSite\",\"@id\":\"https:\/\/smartseal.cz\/sk\/#website\",\"url\":\"https:\/\/smartseal.cz\/sk\/\",\"name\":\"Smartseal Slovensko\",\"description\":\"Chytr\u00e9 n\u00e1tery na v\u0161etky povrchy\",\"potentialAction\":[{\"@type\":\"SearchAction\",\"target\":{\"@type\":\"EntryPoint\",\"urlTemplate\":\"https:\/\/smartseal.cz\/sk\/?s={search_term_string}\"},\"query-input\":{\"@type\":\"PropertyValueSpecification\",\"valueRequired\":true,\"valueName\":\"search_term_string\"}}],\"inLanguage\":\"sk-SK\"}]}<\/script>\n<!-- \/ Yoast SEO Premium plugin. -->","yoast_head_json":{"title":"Mech-stop | Smartseal.cz","description":"P\u0159\u00edpravek Mech-stop, \u00fa\u010dinn\u00fd likvid\u00e1tor mechu na p\u0159\u00edjezdov\u00fdch cest\u00e1ch, teras\u00e1ch nebo st\u0159ech\u00e1ch.","robots":{"index":"index","follow":"follow","max-snippet":"max-snippet:-1","max-image-preview":"max-image-preview:large","max-video-preview":"max-video-preview:-1"},"canonical":"https:\/\/smartseal.cz\/sk\/produkt\/mech-stop-vzorka\/","og_locale":"sk_SK","og_type":"article","og_title":"Mech-stop, vzorka","og_description":"P\u0159\u00edpravek Mech-stop, \u00fa\u010dinn\u00fd likvid\u00e1tor mechu na p\u0159\u00edjezdov\u00fdch cest\u00e1ch, teras\u00e1ch nebo st\u0159ech\u00e1ch.","og_url":"https:\/\/smartseal.cz\/sk\/produkt\/mech-stop-vzorka\/","og_site_name":"Smartseal Slovensko","article_modified_time":"2026-04-02T15:49:04+00:00","og_image":[{"width":800,"height":800,"url":"https:\/\/smartseal.cz\/sk\/wp-content\/uploads\/2023\/10\/foto_vzorek.png","type":"image\/png"}],"twitter_card":"summary_large_image","twitter_misc":{"Predpokladan\u00fd \u010das \u010d\u00edtania":"2 min\u00faty"},"schema":{"@context":"https:\/\/schema.org","@graph":[{"@type":"WebPage","@id":"https:\/\/smartseal.cz\/sk\/produkt\/mech-stop-vzorka\/","url":"https:\/\/smartseal.cz\/sk\/produkt\/mech-stop-vzorka\/","name":"Mech-stop | Smartseal.cz","isPartOf":{"@id":"https:\/\/smartseal.cz\/sk\/#website"},"primaryImageOfPage":{"@id":"https:\/\/smartseal.cz\/sk\/produkt\/mech-stop-vzorka\/#primaryimage"},"image":{"@id":"https:\/\/smartseal.cz\/sk\/produkt\/mech-stop-vzorka\/#primaryimage"},"thumbnailUrl":"https:\/\/smartseal.cz\/sk\/wp-content\/uploads\/2023\/10\/foto_vzorek.png","datePublished":"2022-09-20T07:41:48+00:00","dateModified":"2026-04-02T15:49:04+00:00","description":"P\u0159\u00edpravek Mech-stop, \u00fa\u010dinn\u00fd likvid\u00e1tor mechu na p\u0159\u00edjezdov\u00fdch cest\u00e1ch, teras\u00e1ch nebo st\u0159ech\u00e1ch.","breadcrumb":{"@id":"https:\/\/smartseal.cz\/sk\/produkt\/mech-stop-vzorka\/#breadcrumb"},"inLanguage":"sk-SK","potentialAction":[{"@type":"ReadAction","target":["https:\/\/smartseal.cz\/sk\/produkt\/mech-stop-vzorka\/"]}]},{"@type":"ImageObject","inLanguage":"sk-SK","@id":"https:\/\/smartseal.cz\/sk\/produkt\/mech-stop-vzorka\/#primaryimage","url":"https:\/\/smartseal.cz\/sk\/wp-content\/uploads\/2023\/10\/foto_vzorek.png","contentUrl":"https:\/\/smartseal.cz\/sk\/wp-content\/uploads\/2023\/10\/foto_vzorek.png","width":800,"height":800},{"@type":"BreadcrumbList","@id":"https:\/\/smartseal.cz\/sk\/produkt\/mech-stop-vzorka\/#breadcrumb","itemListElement":[{"@type":"ListItem","position":1,"name":"Dom\u016f","item":"https:\/\/smartseal.cz\/sk\/"},{"@type":"ListItem","position":2,"name":"Obchod","item":"https:\/\/smartseal.cz\/sk\/obchod\/"},{"@type":"ListItem","position":3,"name":"Mech-stop, vzorka"}]},{"@type":"WebSite","@id":"https:\/\/smartseal.cz\/sk\/#website","url":"https:\/\/smartseal.cz\/sk\/","name":"Smartseal Slovensko","description":"Chytr\u00e9 n\u00e1tery na v\u0161etky povrchy","potentialAction":[{"@type":"SearchAction","target":{"@type":"EntryPoint","urlTemplate":"https:\/\/smartseal.cz\/sk\/?s={search_term_string}"},"query-input":{"@type":"PropertyValueSpecification","valueRequired":true,"valueName":"search_term_string"}}],"inLanguage":"sk-SK"}]}},"_links":{"self":[{"href":"https:\/\/smartseal.cz\/sk\/wp-json\/wp\/v2\/product\/9971","targetHints":{"allow":["GET"]}}],"collection":[{"href":"https:\/\/smartseal.cz\/sk\/wp-json\/wp\/v2\/product"}],"about":[{"href":"https:\/\/smartseal.cz\/sk\/wp-json\/wp\/v2\/types\/product"}],"replies":[{"embeddable":true,"href":"https:\/\/smartseal.cz\/sk\/wp-json\/wp\/v2\/comments?post=9971"}],"wp:featuredmedia":[{"embeddable":true,"href":"https:\/\/smartseal.cz\/sk\/wp-json\/wp\/v2\/media\/13765"}],"wp:attachment":[{"href":"https:\/\/smartseal.cz\/sk\/wp-json\/wp\/v2\/media?parent=9971"}],"wp:term":[{"taxonomy":"product_brand","embeddable":true,"href":"https:\/\/smartseal.cz\/sk\/wp-json\/wp\/v2\/product_brand?post=9971"},{"taxonomy":"product_cat","embeddable":true,"href":"https:\/\/smartseal.cz\/sk\/wp-json\/wp\/v2\/product_cat?post=9971"},{"taxonomy":"product_tag","embeddable":true,"href":"https:\/\/smartseal.cz\/sk\/wp-json\/wp\/v2\/product_tag?post=9971"}],"curies":[{"name":"wp","href":"https:\/\/api.w.org\/{rel}","templated":true}]}}