{"id":9965,"date":"2022-09-20T09:17:39","date_gmt":"2022-09-20T07:17:39","guid":{"rendered":"https:\/\/smartseal.cz\/sk\/?post_type=product&#038;p=9965"},"modified":"2026-05-08T20:38:06","modified_gmt":"2026-05-08T18:38:06","slug":"odstranovac-hrdze-1l","status":"publish","type":"product","link":"https:\/\/smartseal.cz\/sk\/produkt\/odstranovac-hrdze-1l\/","title":{"rendered":"Odstra\u0148ova\u010d hrdze, 1l"},"content":{"rendered":"<h2>Koniec hrdzav\u00fdch \u0161kv\u0155n<\/h2>\n<p>Odstra\u0148ova\u010d hrdze je \u00fa\u010dinn\u00fd pri rozp\u00fa\u0161\u0165an\u00ed problematick\u00fdch \u0161kv\u0155n hrdze sp\u00f4soben\u00fdch hnojivami obsahuj\u00facimi \u017eelezo, kovov\u00fdm z\u00e1hradn\u00fdm n\u00e1bytkom, netesn\u00fdmi vykurovac\u00edmi syst\u00e9mami at\u010f. na pr\u00edrodnom kameni, bet\u00f3nov\u00fdch povrchoch alebo dla\u017ebe. M\u00f4\u017ee sa pou\u017e\u00edva\u0165 vo vonkaj\u0161om prostred\u00ed na terasy, pr\u00edjazdov\u00e9 cesty a steny. V pr\u00edpade potreby ho mo\u017eno pou\u017ei\u0165 aj v interi\u00e9ri. Pr\u00edpravok \u00fa\u010dinkuje okam\u017eite po aplik\u00e1cii, preto\u017ee za\u010dne nap\u00e1da\u0165 a neutralizova\u0165 v\u0161etky pr\u00edtomn\u00e9 \u0161kvrny od hrdze. V priebehu nieko\u013ek\u00fdch min\u00fat vytvor\u00ed siln\u00e9 chemick\u00e9 zlo\u017eenie fialovo sfarben\u00fa reakciu v mieste, kde boli \u0161kvrny od hrdze. M\u00f4\u017eete teda hne\u010f vidie\u0165, ako odstra\u0148ova\u010d funguje. Zlo\u017eenie neobsahuje kyseliny, je PH neutr\u00e1lne a v\u00fdrobok nepo\u0161kodzuje pr\u00edrodn\u00fd kame\u0148 ani bet\u00f3n.<\/p>\n<p><strong>Vlastnosti produktu<\/strong><\/p>\n<ul>\n<li>Jednoducho naneste \u0161tetcom a opl\u00e1chnite vodou<\/li>\n<li>P\u00f4sob\u00ed r\u00fdchlo<\/li>\n<li>Vhodn\u00fd na pr\u00edrodn\u00fd kame\u0148, bet\u00f3n alebo dla\u017ebu<\/li>\n<li>\u010cist\u00ed tehly a murivo<\/li>\n<li>\u010cist\u00ed zvy\u0161ky cementu a malty<\/li>\n<li>Jednoduch\u00e9 pou\u017eitie<\/li>\n<\/ul>\n<h3>Technick\u00fd popis Odstra\u0148ova\u010de hrdze<\/h3>\n<p><strong>Dostupn\u00e9 velikosti<\/strong><\/p>\n<p>L\u00e1hev 1L, <a href=\"https:\/\/smartseal.cz\/sk\/produkt\/odstranovac-rzi\/\">vzorek 100 ml<\/a><\/p>\n<p><strong>V\u00fdhody<\/strong><\/p>\n<ul>\n<li>PH neutr\u00e1lne, bez obsahu kysel\u00edn<\/li>\n<li>Vhodn\u00fd na vonkaj\u0161ie aj vn\u00fatorn\u00e9 pou\u017eitie<\/li>\n<li>P\u00f4sob\u00ed r\u00fdchlo bez po\u0161kodenia kame\u0148a alebo bet\u00f3nu<\/li>\n<li>Jednoduch\u00e1 aplik\u00e1cia \u0161tetcom<\/li>\n<li>Jednoduch\u00e9 pou\u017eitie, nie je potrebn\u00e9 riedi\u0165<\/li>\n<\/ul>\n<p><strong>N\u00e1vod na pou\u017eitie<\/strong><\/p>\n<ol>\n<li>Naneste na such\u00fd povrch. Naneste kvapalinu priamo na postihnut\u00e9 miesto a rozotrite ju \u0161tetcom. Fialov\u00e9 sfarbenie indikuje za\u010diatok reakcie.<\/li>\n<li>Nechajte p\u00f4sobi\u0165 pribli\u017ene 3 min\u00faty, nie v\u0161ak dlh\u0161ie ako 6 min\u00fat. Pri odoln\u00fdch \u0161kvrn\u00e1ch m\u00f4\u017eete po\u010dka\u0165 a\u017e 10 min\u00fat. V\u00fdrobok nenech\u00e1vajte zaschn\u00fa\u0165 (V lete d\u00e1vajte pozor na priame slnko).<\/li>\n<li>Po uplynut\u00ed tejto doby opl\u00e1chnite ve\u013ek\u00fdm mno\u017estvom vody<\/li>\n<\/ol>\n<p><strong>D\u00d4LE\u017dIT\u00c9: Doba p\u00f4sobenia pr\u00edpravku nesmie presiahnu\u0165 6 min\u00fat.<\/strong><\/p>\n<p>V pr\u00edpade potreby postup zopakujte. Niektor\u00e9 druhy kame\u0148a a bet\u00f3nu m\u00f4\u017eu po o\u0161etren\u00ed zmeni\u0165 farbu.<\/p>\n<h3>Bezpe\u010dnostn\u00fd list Odstra\u0148ova\u010d hrdze<\/h3>\n<p><a href=\"https:\/\/smartseal.cz\/sk\/wp-content\/uploads\/sites\/2\/2022\/06\/BL_SMARTSEAL-ODSTRANOVAC_RZI.pdf\">Bezpe\u010dnostn\u00fd list ke sta\u017een\u00ed v PDF<\/a><\/p>\n","protected":false},"excerpt":{"rendered":"<p>\u00da\u010dinn\u00fd odstra\u0148ova\u010d hrdze, ktor\u00fd funguje okam\u017eite bez drhnutia. Vhodn\u00fd na pr\u00edrodn\u00fd kame\u0148, bet\u00f3n a z\u00e1mkov\u00fa dla\u017ebu.<\/p>\n","protected":false},"featured_media":9054,"comment_status":"open","ping_status":"closed","template":"","meta":[],"product_brand":[],"product_cat":[144,176,174,23,52,49,100],"product_tag":[],"class_list":{"0":"post-9965","1":"product","2":"type-product","3":"status-publish","4":"has-post-thumbnail","6":"product_cat-cistenie-v-interieru","7":"product_cat-cistiace-a-odstranovacie","8":"product_cat-zimna-udrzba","9":"product_cat-cistiace-odstranovace","10":"product_cat-cistenie-prijazdovych-ciest-a-chodnikov","11":"product_cat-cistenie-vonkajsich-teras","12":"product_cat-interiery","13":"pa_faze-pouziti-cisteni","14":"pa_velikost-baleni-1l","16":"first","17":"instock","18":"featured","19":"taxable","20":"shipping-taxable","21":"purchasable","22":"product-type-simple"},"yoast_head":"<!-- This site is optimized with the Yoast SEO Premium plugin v26.8 (Yoast SEO v26.9) - https:\/\/yoast.com\/product\/yoast-seo-premium-wordpress\/ -->\n<title>Odstra\u0148ova\u010d hrdze 1L I Smartseal SK<\/title>\n<meta name=\"description\" content=\"Pomocou odstra\u0148ova\u010da hrdze sa \u00fa\u010dinne zbav\u00edte hrdzav\u00fdch \u0161kv\u0155n z dla\u017ed\u00edc.\" \/>\n<meta name=\"robots\" content=\"index, follow, max-snippet:-1, max-image-preview:large, max-video-preview:-1\" \/>\n<link rel=\"canonical\" href=\"https:\/\/smartseal.cz\/sk\/produkt\/odstranovac-hrdze-1l\/\" \/>\n<meta property=\"og:locale\" content=\"sk_SK\" \/>\n<meta property=\"og:type\" content=\"article\" \/>\n<meta property=\"og:title\" content=\"Odstra\u0148ova\u010d hrdze, 1l\" \/>\n<meta property=\"og:description\" content=\"Pomocou odstra\u0148ova\u010da hrdze sa \u00fa\u010dinne zbav\u00edte hrdzav\u00fdch \u0161kv\u0155n z dla\u017ed\u00edc.\" \/>\n<meta property=\"og:url\" content=\"https:\/\/smartseal.cz\/sk\/produkt\/odstranovac-hrdze-1l\/\" \/>\n<meta property=\"og:site_name\" content=\"Smartseal Slovensko\" \/>\n<meta property=\"article:modified_time\" content=\"2026-05-08T18:38:06+00:00\" \/>\n<meta property=\"og:image\" content=\"https:\/\/smartseal.cz\/sk\/wp-content\/uploads\/2022\/06\/Odstranovac_rzi.png\" \/>\n\t<meta property=\"og:image:width\" content=\"800\" \/>\n\t<meta property=\"og:image:height\" content=\"800\" \/>\n\t<meta property=\"og:image:type\" content=\"image\/png\" \/>\n<meta name=\"twitter:card\" content=\"summary_large_image\" \/>\n<meta name=\"twitter:label1\" content=\"Predpokladan\u00fd \u010das \u010d\u00edtania\" \/>\n\t<meta name=\"twitter:data1\" content=\"2 min\u00faty\" \/>\n<script type=\"application\/ld+json\" class=\"yoast-schema-graph\">{\"@context\":\"https:\/\/schema.org\",\"@graph\":[{\"@type\":\"WebPage\",\"@id\":\"https:\/\/smartseal.cz\/sk\/produkt\/odstranovac-hrdze-1l\/\",\"url\":\"https:\/\/smartseal.cz\/sk\/produkt\/odstranovac-hrdze-1l\/\",\"name\":\"Odstra\u0148ova\u010d hrdze 1L I Smartseal SK\",\"isPartOf\":{\"@id\":\"https:\/\/smartseal.cz\/sk\/#website\"},\"primaryImageOfPage\":{\"@id\":\"https:\/\/smartseal.cz\/sk\/produkt\/odstranovac-hrdze-1l\/#primaryimage\"},\"image\":{\"@id\":\"https:\/\/smartseal.cz\/sk\/produkt\/odstranovac-hrdze-1l\/#primaryimage\"},\"thumbnailUrl\":\"https:\/\/smartseal.cz\/sk\/wp-content\/uploads\/2022\/06\/Odstranovac_rzi.png\",\"datePublished\":\"2022-09-20T07:17:39+00:00\",\"dateModified\":\"2026-05-08T18:38:06+00:00\",\"description\":\"Pomocou odstra\u0148ova\u010da hrdze sa \u00fa\u010dinne zbav\u00edte hrdzav\u00fdch \u0161kv\u0155n z dla\u017ed\u00edc.\",\"breadcrumb\":{\"@id\":\"https:\/\/smartseal.cz\/sk\/produkt\/odstranovac-hrdze-1l\/#breadcrumb\"},\"inLanguage\":\"sk-SK\",\"potentialAction\":[{\"@type\":\"ReadAction\",\"target\":[\"https:\/\/smartseal.cz\/sk\/produkt\/odstranovac-hrdze-1l\/\"]}]},{\"@type\":\"ImageObject\",\"inLanguage\":\"sk-SK\",\"@id\":\"https:\/\/smartseal.cz\/sk\/produkt\/odstranovac-hrdze-1l\/#primaryimage\",\"url\":\"https:\/\/smartseal.cz\/sk\/wp-content\/uploads\/2022\/06\/Odstranovac_rzi.png\",\"contentUrl\":\"https:\/\/smartseal.cz\/sk\/wp-content\/uploads\/2022\/06\/Odstranovac_rzi.png\",\"width\":800,\"height\":800},{\"@type\":\"BreadcrumbList\",\"@id\":\"https:\/\/smartseal.cz\/sk\/produkt\/odstranovac-hrdze-1l\/#breadcrumb\",\"itemListElement\":[{\"@type\":\"ListItem\",\"position\":1,\"name\":\"Dom\u016f\",\"item\":\"https:\/\/smartseal.cz\/sk\/\"},{\"@type\":\"ListItem\",\"position\":2,\"name\":\"Obchod\",\"item\":\"https:\/\/smartseal.cz\/sk\/obchod\/\"},{\"@type\":\"ListItem\",\"position\":3,\"name\":\"Odstra\u0148ova\u010d hrdze, 1l\"}]},{\"@type\":\"WebSite\",\"@id\":\"https:\/\/smartseal.cz\/sk\/#website\",\"url\":\"https:\/\/smartseal.cz\/sk\/\",\"name\":\"Smartseal Slovensko\",\"description\":\"Chytr\u00e9 n\u00e1tery na v\u0161etky povrchy\",\"potentialAction\":[{\"@type\":\"SearchAction\",\"target\":{\"@type\":\"EntryPoint\",\"urlTemplate\":\"https:\/\/smartseal.cz\/sk\/?s={search_term_string}\"},\"query-input\":{\"@type\":\"PropertyValueSpecification\",\"valueRequired\":true,\"valueName\":\"search_term_string\"}}],\"inLanguage\":\"sk-SK\"}]}<\/script>\n<!-- \/ Yoast SEO Premium plugin. -->","yoast_head_json":{"title":"Odstra\u0148ova\u010d hrdze 1L I Smartseal SK","description":"Pomocou odstra\u0148ova\u010da hrdze sa \u00fa\u010dinne zbav\u00edte hrdzav\u00fdch \u0161kv\u0155n z dla\u017ed\u00edc.","robots":{"index":"index","follow":"follow","max-snippet":"max-snippet:-1","max-image-preview":"max-image-preview:large","max-video-preview":"max-video-preview:-1"},"canonical":"https:\/\/smartseal.cz\/sk\/produkt\/odstranovac-hrdze-1l\/","og_locale":"sk_SK","og_type":"article","og_title":"Odstra\u0148ova\u010d hrdze, 1l","og_description":"Pomocou odstra\u0148ova\u010da hrdze sa \u00fa\u010dinne zbav\u00edte hrdzav\u00fdch \u0161kv\u0155n z dla\u017ed\u00edc.","og_url":"https:\/\/smartseal.cz\/sk\/produkt\/odstranovac-hrdze-1l\/","og_site_name":"Smartseal Slovensko","article_modified_time":"2026-05-08T18:38:06+00:00","og_image":[{"width":800,"height":800,"url":"https:\/\/smartseal.cz\/sk\/wp-content\/uploads\/2022\/06\/Odstranovac_rzi.png","type":"image\/png"}],"twitter_card":"summary_large_image","twitter_misc":{"Predpokladan\u00fd \u010das \u010d\u00edtania":"2 min\u00faty"},"schema":{"@context":"https:\/\/schema.org","@graph":[{"@type":"WebPage","@id":"https:\/\/smartseal.cz\/sk\/produkt\/odstranovac-hrdze-1l\/","url":"https:\/\/smartseal.cz\/sk\/produkt\/odstranovac-hrdze-1l\/","name":"Odstra\u0148ova\u010d hrdze 1L I Smartseal SK","isPartOf":{"@id":"https:\/\/smartseal.cz\/sk\/#website"},"primaryImageOfPage":{"@id":"https:\/\/smartseal.cz\/sk\/produkt\/odstranovac-hrdze-1l\/#primaryimage"},"image":{"@id":"https:\/\/smartseal.cz\/sk\/produkt\/odstranovac-hrdze-1l\/#primaryimage"},"thumbnailUrl":"https:\/\/smartseal.cz\/sk\/wp-content\/uploads\/2022\/06\/Odstranovac_rzi.png","datePublished":"2022-09-20T07:17:39+00:00","dateModified":"2026-05-08T18:38:06+00:00","description":"Pomocou odstra\u0148ova\u010da hrdze sa \u00fa\u010dinne zbav\u00edte hrdzav\u00fdch \u0161kv\u0155n z dla\u017ed\u00edc.","breadcrumb":{"@id":"https:\/\/smartseal.cz\/sk\/produkt\/odstranovac-hrdze-1l\/#breadcrumb"},"inLanguage":"sk-SK","potentialAction":[{"@type":"ReadAction","target":["https:\/\/smartseal.cz\/sk\/produkt\/odstranovac-hrdze-1l\/"]}]},{"@type":"ImageObject","inLanguage":"sk-SK","@id":"https:\/\/smartseal.cz\/sk\/produkt\/odstranovac-hrdze-1l\/#primaryimage","url":"https:\/\/smartseal.cz\/sk\/wp-content\/uploads\/2022\/06\/Odstranovac_rzi.png","contentUrl":"https:\/\/smartseal.cz\/sk\/wp-content\/uploads\/2022\/06\/Odstranovac_rzi.png","width":800,"height":800},{"@type":"BreadcrumbList","@id":"https:\/\/smartseal.cz\/sk\/produkt\/odstranovac-hrdze-1l\/#breadcrumb","itemListElement":[{"@type":"ListItem","position":1,"name":"Dom\u016f","item":"https:\/\/smartseal.cz\/sk\/"},{"@type":"ListItem","position":2,"name":"Obchod","item":"https:\/\/smartseal.cz\/sk\/obchod\/"},{"@type":"ListItem","position":3,"name":"Odstra\u0148ova\u010d hrdze, 1l"}]},{"@type":"WebSite","@id":"https:\/\/smartseal.cz\/sk\/#website","url":"https:\/\/smartseal.cz\/sk\/","name":"Smartseal Slovensko","description":"Chytr\u00e9 n\u00e1tery na v\u0161etky povrchy","potentialAction":[{"@type":"SearchAction","target":{"@type":"EntryPoint","urlTemplate":"https:\/\/smartseal.cz\/sk\/?s={search_term_string}"},"query-input":{"@type":"PropertyValueSpecification","valueRequired":true,"valueName":"search_term_string"}}],"inLanguage":"sk-SK"}]}},"_links":{"self":[{"href":"https:\/\/smartseal.cz\/sk\/wp-json\/wp\/v2\/product\/9965","targetHints":{"allow":["GET"]}}],"collection":[{"href":"https:\/\/smartseal.cz\/sk\/wp-json\/wp\/v2\/product"}],"about":[{"href":"https:\/\/smartseal.cz\/sk\/wp-json\/wp\/v2\/types\/product"}],"replies":[{"embeddable":true,"href":"https:\/\/smartseal.cz\/sk\/wp-json\/wp\/v2\/comments?post=9965"}],"wp:featuredmedia":[{"embeddable":true,"href":"https:\/\/smartseal.cz\/sk\/wp-json\/wp\/v2\/media\/9054"}],"wp:attachment":[{"href":"https:\/\/smartseal.cz\/sk\/wp-json\/wp\/v2\/media?parent=9965"}],"wp:term":[{"taxonomy":"product_brand","embeddable":true,"href":"https:\/\/smartseal.cz\/sk\/wp-json\/wp\/v2\/product_brand?post=9965"},{"taxonomy":"product_cat","embeddable":true,"href":"https:\/\/smartseal.cz\/sk\/wp-json\/wp\/v2\/product_cat?post=9965"},{"taxonomy":"product_tag","embeddable":true,"href":"https:\/\/smartseal.cz\/sk\/wp-json\/wp\/v2\/product_tag?post=9965"}],"curies":[{"name":"wp","href":"https:\/\/api.w.org\/{rel}","templated":true}]}}