{"id":9562,"date":"2022-09-06T13:39:14","date_gmt":"2022-09-06T11:39:14","guid":{"rendered":"https:\/\/smartseal.cz\/sk\/?post_type=product&#038;p=9562"},"modified":"2025-11-19T20:20:03","modified_gmt":"2025-11-19T19:20:03","slug":"impregnace-na-drevo","status":"publish","type":"product","link":"https:\/\/smartseal.cz\/sk\/produkt\/impregnace-na-drevo\/","title":{"rendered":"Impregn\u00e1cia dreva, 5l"},"content":{"rendered":"<h2>Ochrann\u00fd n\u00e1ter na drevo so \u017eivotnos\u0165ou a\u017e 10 rokov<\/h2>\n<p>Po aplik\u00e1cii impregn\u00e1cia dreva vytvor\u00ed vodotesn\u00fa bari\u00e9ru, ktor\u00e1 zabr\u00e1ni prenikaniu vlhkosti do m\u00e4kk\u00e9ho dreva, ako s\u00fa ploty, pr\u00edstre\u0161ky, terasy alebo z\u00e1hradn\u00fd n\u00e1bytok. T\u00e1to impregn\u00e1cia je \u0161peci\u00e1lne vyvinut\u00e1 na ochranu dreven\u00fdch povrchov v exteri\u00e9ri a\u017e na 10 rokov. Vodeodoln\u00fd povrch tie\u017e zabra\u0148uje rastu a \u0161\u00edreniu plesn\u00ed a rias, ktor\u00e9 s\u00fa pre drevo ve\u013ek\u00fdm probl\u00e9mom, najm\u00e4 v tienist\u00fdch oblastiach a v oblastiach s vysok\u00fdm mno\u017estvom zr\u00e1\u017eok.<\/p>\n<p><strong>Vlastnosti produktu<\/strong><\/p>\n<ul>\n<li>Ochrana a\u017e 10 let<\/li>\n<li>Pr\u016fm\u011brn\u00e1 spot\u0159eba: 1 l\/3\u20135 m2<\/li>\n<li>Pou\u017eit\u00ed: p\u0159\u00edst\u0159e\u0161ky, terasy, zahradn\u00ed n\u00e1bytek, ploty<\/li>\n<li>Ke vn\u011bj\u0161\u00edmu pou\u017eit\u00ed<\/li>\n<li>Zabra\u0148uje \u0161\u00ed\u0159en\u00ed mechu, \u0159as a li\u0161ejn\u00edk\u016f<\/li>\n<li>Snadn\u00e1 aplikace<\/li>\n<li>Po nanesen\u00ed je bezbarv\u00fd<\/li>\n<\/ul>\n<p><strong>Doporu\u010den\u00e1 spot\u0159eba<\/strong><\/p>\n<ul>\n<li>1l\/3m2-5m2<\/li>\n<li>5l\/15m2-25m2<\/li>\n<\/ul>\n<p><strong>Dostupn\u00e9 velikosti<\/strong><\/p>\n<ul>\n<li>vzorek 100ml, 1l, 5l<\/li>\n<\/ul>\n<p>Abyste dos\u00e1hli co nejlep\u0161\u00edch v\u00fdsledk\u016f, m\u011bly by b\u00fdt d\u0159ev\u011bn\u00e9 plochy p\u0159ed nanesen\u00edm impregnace d\u016fkladn\u011b vy\u010di\u0161t\u011bny.<\/p>\n<h3>Technick\u00fd popis p\u0159\u00edpravku Impregnace na d\u0159evo<\/h3>\n<ul>\n<li>Zabra\u0148uje r\u016fstu pl\u00edsn\u00ed a \u0159as<\/li>\n<li>Vhodn\u00fd na tvrd\u00e9 i m\u011bkk\u00e9 d\u0159evo<\/li>\n<li>Snadn\u00e9 pou\u017eit\u00ed pomoc\u00ed \u0161t\u011btce, post\u0159ikova\u010de nebo v\u00e1le\u010dku, doporu\u010dujeme 2 n\u00e1t\u011bry<\/li>\n<li>Pom\u00e1h\u00e1 p\u0159edch\u00e1zet deformac\u00edm<\/li>\n<li>Po zaschnut\u00ed je neviditeln\u00fd a nem\u011bn\u00ed vzhled d\u0159eva<\/li>\n<li>Poskytuje v\u00edce ne\u017e 10 let ochrany proti pov\u011btrnostn\u00edm vliv\u016fm<\/li>\n<li>Nen\u00ed biocid<\/li>\n<li>D\u0159evo z\u016fst\u00e1v\u00e1 po aplikaci prody\u0161n\u00e9<\/li>\n<\/ul>\n<p><strong>Postup<\/strong><\/p>\n<ul>\n<li>Aplikujte pouze na such\u00e9 d\u0159evo, kdy je teplota vy\u0161\u0161\u00ed ne\u017e 8\u00b0C a teplota povrchu nen\u00ed vy\u0161\u0161\u00ed ne\u017e 23\u00b0C<\/li>\n<li>Po dobu 4 hodin by nem\u011blo na d\u0159evo pr\u0161et<\/li>\n<li>Druh\u00fd n\u00e1t\u011br nan\u00e1\u0161ejte po 4 hodin\u00e1ch od prvn\u00edho n\u00e1t\u011bru<\/li>\n<li>pou\u017e\u00edvejte vhodn\u00e9 oble\u010den\u00ed<\/li>\n<\/ul>\n","protected":false},"excerpt":{"rendered":"<p>Impregna\u010dn\u00fd n\u00e1ter dreva, ktor\u00fd zabra\u0148uje rastu machu a \u010diernych rias. Vydr\u017e\u00ed a\u017e 10 rokov.<\/p>\n","protected":false},"featured_media":9563,"comment_status":"open","ping_status":"closed","template":"","meta":[],"product_brand":[],"product_cat":[124,24],"product_tag":[],"class_list":{"0":"post-9562","1":"product","2":"type-product","3":"status-publish","4":"has-post-thumbnail","6":"product_cat-drevo","7":"product_cat-impregnacia-ochranne-natery","8":"pa_faze-pouziti-impregnace","9":"pa_faze-pouziti-nasledna-pece","10":"pa_velikost-baleni-1l","11":"pa_velikost-baleni-5l","12":"pa_velikost-baleni-vzorek-100ml","14":"first","15":"instock","16":"taxable","17":"shipping-taxable","18":"purchasable","19":"product-type-simple"},"yoast_head":"<!-- This site is optimized with the Yoast SEO Premium plugin v26.8 (Yoast SEO v26.9) - https:\/\/yoast.com\/product\/yoast-seo-premium-wordpress\/ -->\n<title>Impregn\u00e1cia dreva, 5l - Smartseal Slovensko<\/title>\n<meta name=\"description\" content=\"Impregna\u010dn\u00fd n\u00e1ter na drevo, ktor\u00fd zabra\u0148uje rastu machu a vytv\u00e1ra na dreve vodotesn\u00fa bari\u00e9ru.\" \/>\n<meta name=\"robots\" content=\"index, follow, max-snippet:-1, max-image-preview:large, max-video-preview:-1\" \/>\n<link rel=\"canonical\" href=\"https:\/\/smartseal.cz\/sk\/produkt\/impregnace-na-drevo\/\" \/>\n<meta property=\"og:locale\" content=\"sk_SK\" \/>\n<meta property=\"og:type\" content=\"article\" \/>\n<meta property=\"og:title\" content=\"Impregn\u00e1cia dreva, 5l\" \/>\n<meta property=\"og:description\" content=\"Impregna\u010dn\u00fd n\u00e1ter na drevo, ktor\u00fd zabra\u0148uje rastu machu a vytv\u00e1ra na dreve vodotesn\u00fa bari\u00e9ru.\" \/>\n<meta property=\"og:url\" content=\"https:\/\/smartseal.cz\/sk\/produkt\/impregnace-na-drevo\/\" \/>\n<meta property=\"og:site_name\" content=\"Smartseal Slovensko\" \/>\n<meta property=\"article:modified_time\" content=\"2025-11-19T19:20:03+00:00\" \/>\n<meta property=\"og:image\" content=\"https:\/\/smartseal.cz\/sk\/wp-content\/uploads\/2022\/09\/impregnace_drevo_kanystr.png\" \/>\n\t<meta property=\"og:image:width\" content=\"800\" \/>\n\t<meta property=\"og:image:height\" content=\"800\" \/>\n\t<meta property=\"og:image:type\" content=\"image\/png\" \/>\n<meta name=\"twitter:card\" content=\"summary_large_image\" \/>\n<meta name=\"twitter:label1\" content=\"Predpokladan\u00fd \u010das \u010d\u00edtania\" \/>\n\t<meta name=\"twitter:data1\" content=\"2 min\u00faty\" \/>\n<script type=\"application\/ld+json\" class=\"yoast-schema-graph\">{\"@context\":\"https:\/\/schema.org\",\"@graph\":[{\"@type\":\"WebPage\",\"@id\":\"https:\/\/smartseal.cz\/sk\/produkt\/impregnace-na-drevo\/\",\"url\":\"https:\/\/smartseal.cz\/sk\/produkt\/impregnace-na-drevo\/\",\"name\":\"Impregn\u00e1cia dreva, 5l - Smartseal Slovensko\",\"isPartOf\":{\"@id\":\"https:\/\/smartseal.cz\/sk\/#website\"},\"primaryImageOfPage\":{\"@id\":\"https:\/\/smartseal.cz\/sk\/produkt\/impregnace-na-drevo\/#primaryimage\"},\"image\":{\"@id\":\"https:\/\/smartseal.cz\/sk\/produkt\/impregnace-na-drevo\/#primaryimage\"},\"thumbnailUrl\":\"https:\/\/smartseal.cz\/sk\/wp-content\/uploads\/2022\/09\/impregnace_drevo_kanystr.png\",\"datePublished\":\"2022-09-06T11:39:14+00:00\",\"dateModified\":\"2025-11-19T19:20:03+00:00\",\"description\":\"Impregna\u010dn\u00fd n\u00e1ter na drevo, ktor\u00fd zabra\u0148uje rastu machu a vytv\u00e1ra na dreve vodotesn\u00fa bari\u00e9ru.\",\"breadcrumb\":{\"@id\":\"https:\/\/smartseal.cz\/sk\/produkt\/impregnace-na-drevo\/#breadcrumb\"},\"inLanguage\":\"sk-SK\",\"potentialAction\":[{\"@type\":\"ReadAction\",\"target\":[\"https:\/\/smartseal.cz\/sk\/produkt\/impregnace-na-drevo\/\"]}]},{\"@type\":\"ImageObject\",\"inLanguage\":\"sk-SK\",\"@id\":\"https:\/\/smartseal.cz\/sk\/produkt\/impregnace-na-drevo\/#primaryimage\",\"url\":\"https:\/\/smartseal.cz\/sk\/wp-content\/uploads\/2022\/09\/impregnace_drevo_kanystr.png\",\"contentUrl\":\"https:\/\/smartseal.cz\/sk\/wp-content\/uploads\/2022\/09\/impregnace_drevo_kanystr.png\",\"width\":800,\"height\":800},{\"@type\":\"BreadcrumbList\",\"@id\":\"https:\/\/smartseal.cz\/sk\/produkt\/impregnace-na-drevo\/#breadcrumb\",\"itemListElement\":[{\"@type\":\"ListItem\",\"position\":1,\"name\":\"Dom\u016f\",\"item\":\"https:\/\/smartseal.cz\/sk\/\"},{\"@type\":\"ListItem\",\"position\":2,\"name\":\"Obchod\",\"item\":\"https:\/\/smartseal.cz\/sk\/obchod\/\"},{\"@type\":\"ListItem\",\"position\":3,\"name\":\"Impregn\u00e1cia dreva, 5l\"}]},{\"@type\":\"WebSite\",\"@id\":\"https:\/\/smartseal.cz\/sk\/#website\",\"url\":\"https:\/\/smartseal.cz\/sk\/\",\"name\":\"Smartseal Slovensko\",\"description\":\"Chytr\u00e9 n\u00e1tery na v\u0161etky povrchy\",\"potentialAction\":[{\"@type\":\"SearchAction\",\"target\":{\"@type\":\"EntryPoint\",\"urlTemplate\":\"https:\/\/smartseal.cz\/sk\/?s={search_term_string}\"},\"query-input\":{\"@type\":\"PropertyValueSpecification\",\"valueRequired\":true,\"valueName\":\"search_term_string\"}}],\"inLanguage\":\"sk-SK\"}]}<\/script>\n<!-- \/ Yoast SEO Premium plugin. -->","yoast_head_json":{"title":"Impregn\u00e1cia dreva, 5l - Smartseal Slovensko","description":"Impregna\u010dn\u00fd n\u00e1ter na drevo, ktor\u00fd zabra\u0148uje rastu machu a vytv\u00e1ra na dreve vodotesn\u00fa bari\u00e9ru.","robots":{"index":"index","follow":"follow","max-snippet":"max-snippet:-1","max-image-preview":"max-image-preview:large","max-video-preview":"max-video-preview:-1"},"canonical":"https:\/\/smartseal.cz\/sk\/produkt\/impregnace-na-drevo\/","og_locale":"sk_SK","og_type":"article","og_title":"Impregn\u00e1cia dreva, 5l","og_description":"Impregna\u010dn\u00fd n\u00e1ter na drevo, ktor\u00fd zabra\u0148uje rastu machu a vytv\u00e1ra na dreve vodotesn\u00fa bari\u00e9ru.","og_url":"https:\/\/smartseal.cz\/sk\/produkt\/impregnace-na-drevo\/","og_site_name":"Smartseal Slovensko","article_modified_time":"2025-11-19T19:20:03+00:00","og_image":[{"width":800,"height":800,"url":"https:\/\/smartseal.cz\/sk\/wp-content\/uploads\/2022\/09\/impregnace_drevo_kanystr.png","type":"image\/png"}],"twitter_card":"summary_large_image","twitter_misc":{"Predpokladan\u00fd \u010das \u010d\u00edtania":"2 min\u00faty"},"schema":{"@context":"https:\/\/schema.org","@graph":[{"@type":"WebPage","@id":"https:\/\/smartseal.cz\/sk\/produkt\/impregnace-na-drevo\/","url":"https:\/\/smartseal.cz\/sk\/produkt\/impregnace-na-drevo\/","name":"Impregn\u00e1cia dreva, 5l - Smartseal Slovensko","isPartOf":{"@id":"https:\/\/smartseal.cz\/sk\/#website"},"primaryImageOfPage":{"@id":"https:\/\/smartseal.cz\/sk\/produkt\/impregnace-na-drevo\/#primaryimage"},"image":{"@id":"https:\/\/smartseal.cz\/sk\/produkt\/impregnace-na-drevo\/#primaryimage"},"thumbnailUrl":"https:\/\/smartseal.cz\/sk\/wp-content\/uploads\/2022\/09\/impregnace_drevo_kanystr.png","datePublished":"2022-09-06T11:39:14+00:00","dateModified":"2025-11-19T19:20:03+00:00","description":"Impregna\u010dn\u00fd n\u00e1ter na drevo, ktor\u00fd zabra\u0148uje rastu machu a vytv\u00e1ra na dreve vodotesn\u00fa bari\u00e9ru.","breadcrumb":{"@id":"https:\/\/smartseal.cz\/sk\/produkt\/impregnace-na-drevo\/#breadcrumb"},"inLanguage":"sk-SK","potentialAction":[{"@type":"ReadAction","target":["https:\/\/smartseal.cz\/sk\/produkt\/impregnace-na-drevo\/"]}]},{"@type":"ImageObject","inLanguage":"sk-SK","@id":"https:\/\/smartseal.cz\/sk\/produkt\/impregnace-na-drevo\/#primaryimage","url":"https:\/\/smartseal.cz\/sk\/wp-content\/uploads\/2022\/09\/impregnace_drevo_kanystr.png","contentUrl":"https:\/\/smartseal.cz\/sk\/wp-content\/uploads\/2022\/09\/impregnace_drevo_kanystr.png","width":800,"height":800},{"@type":"BreadcrumbList","@id":"https:\/\/smartseal.cz\/sk\/produkt\/impregnace-na-drevo\/#breadcrumb","itemListElement":[{"@type":"ListItem","position":1,"name":"Dom\u016f","item":"https:\/\/smartseal.cz\/sk\/"},{"@type":"ListItem","position":2,"name":"Obchod","item":"https:\/\/smartseal.cz\/sk\/obchod\/"},{"@type":"ListItem","position":3,"name":"Impregn\u00e1cia dreva, 5l"}]},{"@type":"WebSite","@id":"https:\/\/smartseal.cz\/sk\/#website","url":"https:\/\/smartseal.cz\/sk\/","name":"Smartseal Slovensko","description":"Chytr\u00e9 n\u00e1tery na v\u0161etky povrchy","potentialAction":[{"@type":"SearchAction","target":{"@type":"EntryPoint","urlTemplate":"https:\/\/smartseal.cz\/sk\/?s={search_term_string}"},"query-input":{"@type":"PropertyValueSpecification","valueRequired":true,"valueName":"search_term_string"}}],"inLanguage":"sk-SK"}]}},"_links":{"self":[{"href":"https:\/\/smartseal.cz\/sk\/wp-json\/wp\/v2\/product\/9562","targetHints":{"allow":["GET"]}}],"collection":[{"href":"https:\/\/smartseal.cz\/sk\/wp-json\/wp\/v2\/product"}],"about":[{"href":"https:\/\/smartseal.cz\/sk\/wp-json\/wp\/v2\/types\/product"}],"replies":[{"embeddable":true,"href":"https:\/\/smartseal.cz\/sk\/wp-json\/wp\/v2\/comments?post=9562"}],"wp:featuredmedia":[{"embeddable":true,"href":"https:\/\/smartseal.cz\/sk\/wp-json\/wp\/v2\/media\/9563"}],"wp:attachment":[{"href":"https:\/\/smartseal.cz\/sk\/wp-json\/wp\/v2\/media?parent=9562"}],"wp:term":[{"taxonomy":"product_brand","embeddable":true,"href":"https:\/\/smartseal.cz\/sk\/wp-json\/wp\/v2\/product_brand?post=9562"},{"taxonomy":"product_cat","embeddable":true,"href":"https:\/\/smartseal.cz\/sk\/wp-json\/wp\/v2\/product_cat?post=9562"},{"taxonomy":"product_tag","embeddable":true,"href":"https:\/\/smartseal.cz\/sk\/wp-json\/wp\/v2\/product_tag?post=9562"}],"curies":[{"name":"wp","href":"https:\/\/api.w.org\/{rel}","templated":true}]}}