{"id":9051,"date":"2022-06-08T14:31:17","date_gmt":"2022-06-08T12:31:17","guid":{"rendered":"https:\/\/smartseal.cz\/sk\/?post_type=product&#038;p=9051"},"modified":"2026-04-16T20:35:11","modified_gmt":"2026-04-16T18:35:11","slug":"odstranovac-rzi","status":"publish","type":"product","link":"https:\/\/smartseal.cz\/sk\/produkt\/odstranovac-rzi\/","title":{"rendered":"Odstra\u0148ova\u010d hrdze, vzorka"},"content":{"rendered":"<h2>Konec rezav\u00fdch skvrn<\/h2>\n<p>Odstra\u0148ova\u010d rzi je \u00fa\u010dinn\u00fd p\u0159i rozpou\u0161t\u011bn\u00ed problematick\u00fdch skvrn od rzi zp\u016fsoben\u00fdch hnojivy obsahuj\u00edc\u00ed \u017eelezo, kovov\u00fdm zahradn\u00edm n\u00e1bytkem, net\u011bsn\u00edc\u00edmi topn\u00fdmi syst\u00e9my atd. na p\u0159\u00edrodn\u00edm kameni, betonov\u00fdch povr\u0161\u00edch nebo z\u00e1mkov\u00e9 dla\u017eb\u011b. Lze jej pou\u017e\u00edt v\u00a0exteri\u00e9ru na terasy, p\u0159\u00edjezdov\u00e9 cesty a zdi. V\u00a0p\u0159\u00edpad\u011b pot\u0159eby je mo\u017en\u00e9 jej pou\u017e\u00edt i v\u00a0interi\u00e9ru. P\u0159\u00edpravek za\u010dne p\u016fsobit ihned po aplikaci, proto\u017ee za\u010dne napadat a neutralizovat ve\u0161ker\u00e9 p\u0159\u00edtomn\u00e9 skvrny od rzi. B\u011bhem n\u011bkolika minut vytvo\u0159\u00ed v\u00fdkonn\u00e9 chemick\u00e9 slo\u017een\u00ed v\u00a0m\u00edstech, kde byly skvrny od rzi, fialov\u011b zbarvenou reakci. Hned tedy m\u016f\u017eete vid\u011bt, jak odstra\u0148ova\u010d funguje. Slo\u017een\u00ed je bez kyselin, PH neutr\u00e1ln\u00ed a prost\u0159edek nepo\u0161kod\u00ed p\u0159\u00edrodn\u00ed k\u00e1men ani beton.<\/p>\n<p><strong>Vlastnosti produktu<\/strong><\/p>\n<ul>\n<li>Jednodu\u0161e nanesete \u0161t\u011btcem a pl\u00e1chnete vodou<\/li>\n<li>P\u016fsob\u00ed rychle<\/li>\n<li>Vhodn\u00fd na p\u0159\u00edrodn\u00ed k\u00e1men, beton nebo z\u00e1mkovou dla\u017ebu<\/li>\n<li>Vy\u010dist\u00ed cihly i zdivo<\/li>\n<li>\u010cist\u00ed zbytky od cementu a malty<\/li>\n<li>Snadn\u00e9 pou\u017eit\u00ed<\/li>\n<\/ul>\n<h3>Technick\u00fd popis Odstra\u0148ova\u010de rzi<\/h3>\n<p><strong>Dostupn\u00e9 velikosti<\/strong><\/p>\n<p>L\u00e1hev 1L, <a href=\"https:\/\/smartseal.cz\/sk\/produkt\/odstranovac-rzi\/\">vzorek 100 ml<\/a><\/p>\n<p><strong>V\u00fdhody<\/strong><\/p>\n<ul>\n<li>PH neutr\u00e1ln\u00ed, bez kyselin<\/li>\n<li>Vhodn\u00fd pro pou\u017eit\u00ed v\u00a0exteri\u00e9ru i interi\u00e9ru<\/li>\n<li>P\u016fsob\u00ed rychle bez po\u0161kozen\u00ed kamene nebo betonu<\/li>\n<li>Snadn\u00e1 aplikace \u0161t\u011btcem<\/li>\n<li>Snadn\u00e9 pou\u017eit\u00ed, nen\u00ed pot\u0159eba \u0159edit<\/li>\n<\/ul>\n<p><strong>N\u00e1vod k\u00a0pou\u017eit\u00ed<\/strong><\/p>\n<ol>\n<li>Nan\u00e1\u0161ejte na such\u00fd povrch. Tekutinu nanesete p\u0159\u00edmo na posti\u017een\u00e9 m\u00edsto a \u0161t\u011btcem rozet\u0159ete. Fialov\u00e9 zbarven\u00ed ukazuje na za\u010d\u00e1tek reakce.<\/li>\n<li>Nechte p\u016fsobit cca 3. minut, nejd\u00e9le v\u0161ak 6. minut. V\u00fdrobek nenechejte zaschnout (<strong>Pozor na p\u0159\u00edm\u00e9 slunce v l\u00e9t\u011b<\/strong>)<\/li>\n<li>Po uplynut\u00ed t\u00e9to doby opl\u00e1chn\u011bte velk\u00fdm mno\u017estv\u00edm vody<\/li>\n<\/ol>\n<p><strong>D\u016eLE\u017dIT\u00c9: Doba p\u016fsoben\u00ed p\u0159\u00edpravku nesm\u00ed p\u0159ekro\u010dit 6. minut.<\/strong><\/p>\n<p>V\u00a0p\u0159\u00edpad\u011b pot\u0159eby postup opakujte. N\u011bkter\u00e9 druhy kamene a betonu mohou po o\u0161et\u0159en\u00ed zm\u011bnit barvu.<\/p>\n<h3>Bezpe\u010dnostn\u00ed list Odstra\u0148ova\u010d rzi<\/h3>\n<p><a href=\"https:\/\/smartseal.cz\/sk\/wp-content\/uploads\/sites\/2\/2022\/06\/BL_SMARTSEAL-ODSTRANOVAC_RZI.pdf\">Bezpe\u010dnostn\u00ed list ke sta\u017een\u00ed v PDF<\/a><\/p>\n","protected":false},"excerpt":{"rendered":"<p>\u00da\u010dinn\u00fd odstra\u0148ova\u010d rzi, kter\u00fd p\u016fsob\u00ed okam\u017eit\u011b.<\/p>\n","protected":false},"featured_media":13766,"comment_status":"open","ping_status":"closed","template":"","meta":[],"product_brand":[],"product_cat":[23,52,49],"product_tag":[],"class_list":{"0":"post-9051","1":"product","2":"type-product","3":"status-publish","4":"has-post-thumbnail","6":"product_cat-cistiace-odstranovace","7":"product_cat-cistenie-prijazdovych-ciest-a-chodnikov","8":"product_cat-cistenie-vonkajsich-teras","9":"pa_faze-pouziti-cisteni","10":"pa_velikost-baleni-vzorek-100ml","12":"first","13":"instock","14":"taxable","15":"shipping-taxable","16":"purchasable","17":"product-type-simple"},"yoast_head":"<!-- This site is optimized with the Yoast SEO Premium plugin v26.8 (Yoast SEO v26.9) - https:\/\/yoast.com\/product\/yoast-seo-premium-wordpress\/ -->\n<title>Odstra\u0148ova\u010d hrdze, vzorka - Smartseal Slovensko<\/title>\n<meta name=\"description\" content=\"Pomoc\u00ed Odstra\u0148ova\u010de rzi se zbav\u00edte \u00fa\u010dinn\u00fdm zp\u016fsobem rezav\u00fdch flek\u016f z va\u0161\u00ed dla\u017eby.\" \/>\n<meta name=\"robots\" content=\"index, follow, max-snippet:-1, max-image-preview:large, max-video-preview:-1\" \/>\n<link rel=\"canonical\" href=\"https:\/\/smartseal.cz\/sk\/produkt\/odstranovac-rzi\/\" \/>\n<meta property=\"og:locale\" content=\"sk_SK\" \/>\n<meta property=\"og:type\" content=\"article\" \/>\n<meta property=\"og:title\" content=\"Odstra\u0148ova\u010d hrdze, vzorka\" \/>\n<meta property=\"og:description\" content=\"Pomoc\u00ed Odstra\u0148ova\u010de rzi se zbav\u00edte \u00fa\u010dinn\u00fdm zp\u016fsobem rezav\u00fdch flek\u016f z va\u0161\u00ed dla\u017eby.\" \/>\n<meta property=\"og:url\" content=\"https:\/\/smartseal.cz\/sk\/produkt\/odstranovac-rzi\/\" \/>\n<meta property=\"og:site_name\" content=\"Smartseal Slovensko\" \/>\n<meta property=\"article:modified_time\" content=\"2026-04-16T18:35:11+00:00\" \/>\n<meta property=\"og:image\" content=\"https:\/\/smartseal.cz\/sk\/wp-content\/uploads\/2023\/10\/foto_vzorek-1.png\" \/>\n\t<meta property=\"og:image:width\" content=\"800\" \/>\n\t<meta property=\"og:image:height\" content=\"800\" \/>\n\t<meta property=\"og:image:type\" content=\"image\/png\" \/>\n<meta name=\"twitter:card\" content=\"summary_large_image\" \/>\n<meta name=\"twitter:label1\" content=\"Predpokladan\u00fd \u010das \u010d\u00edtania\" \/>\n\t<meta name=\"twitter:data1\" content=\"2 min\u00faty\" \/>\n<script type=\"application\/ld+json\" class=\"yoast-schema-graph\">{\"@context\":\"https:\/\/schema.org\",\"@graph\":[{\"@type\":\"WebPage\",\"@id\":\"https:\/\/smartseal.cz\/sk\/produkt\/odstranovac-rzi\/\",\"url\":\"https:\/\/smartseal.cz\/sk\/produkt\/odstranovac-rzi\/\",\"name\":\"Odstra\u0148ova\u010d hrdze, vzorka - Smartseal Slovensko\",\"isPartOf\":{\"@id\":\"https:\/\/smartseal.cz\/sk\/#website\"},\"primaryImageOfPage\":{\"@id\":\"https:\/\/smartseal.cz\/sk\/produkt\/odstranovac-rzi\/#primaryimage\"},\"image\":{\"@id\":\"https:\/\/smartseal.cz\/sk\/produkt\/odstranovac-rzi\/#primaryimage\"},\"thumbnailUrl\":\"https:\/\/smartseal.cz\/sk\/wp-content\/uploads\/2023\/10\/foto_vzorek-1.png\",\"datePublished\":\"2022-06-08T12:31:17+00:00\",\"dateModified\":\"2026-04-16T18:35:11+00:00\",\"description\":\"Pomoc\u00ed Odstra\u0148ova\u010de rzi se zbav\u00edte \u00fa\u010dinn\u00fdm zp\u016fsobem rezav\u00fdch flek\u016f z va\u0161\u00ed dla\u017eby.\",\"breadcrumb\":{\"@id\":\"https:\/\/smartseal.cz\/sk\/produkt\/odstranovac-rzi\/#breadcrumb\"},\"inLanguage\":\"sk-SK\",\"potentialAction\":[{\"@type\":\"ReadAction\",\"target\":[\"https:\/\/smartseal.cz\/sk\/produkt\/odstranovac-rzi\/\"]}]},{\"@type\":\"ImageObject\",\"inLanguage\":\"sk-SK\",\"@id\":\"https:\/\/smartseal.cz\/sk\/produkt\/odstranovac-rzi\/#primaryimage\",\"url\":\"https:\/\/smartseal.cz\/sk\/wp-content\/uploads\/2023\/10\/foto_vzorek-1.png\",\"contentUrl\":\"https:\/\/smartseal.cz\/sk\/wp-content\/uploads\/2023\/10\/foto_vzorek-1.png\",\"width\":800,\"height\":800},{\"@type\":\"BreadcrumbList\",\"@id\":\"https:\/\/smartseal.cz\/sk\/produkt\/odstranovac-rzi\/#breadcrumb\",\"itemListElement\":[{\"@type\":\"ListItem\",\"position\":1,\"name\":\"Dom\u016f\",\"item\":\"https:\/\/smartseal.cz\/sk\/\"},{\"@type\":\"ListItem\",\"position\":2,\"name\":\"Obchod\",\"item\":\"https:\/\/smartseal.cz\/sk\/obchod\/\"},{\"@type\":\"ListItem\",\"position\":3,\"name\":\"Odstra\u0148ova\u010d hrdze, vzorka\"}]},{\"@type\":\"WebSite\",\"@id\":\"https:\/\/smartseal.cz\/sk\/#website\",\"url\":\"https:\/\/smartseal.cz\/sk\/\",\"name\":\"Smartseal Slovensko\",\"description\":\"Chytr\u00e9 n\u00e1tery na v\u0161etky povrchy\",\"potentialAction\":[{\"@type\":\"SearchAction\",\"target\":{\"@type\":\"EntryPoint\",\"urlTemplate\":\"https:\/\/smartseal.cz\/sk\/?s={search_term_string}\"},\"query-input\":{\"@type\":\"PropertyValueSpecification\",\"valueRequired\":true,\"valueName\":\"search_term_string\"}}],\"inLanguage\":\"sk-SK\"}]}<\/script>\n<!-- \/ Yoast SEO Premium plugin. -->","yoast_head_json":{"title":"Odstra\u0148ova\u010d hrdze, vzorka - Smartseal Slovensko","description":"Pomoc\u00ed Odstra\u0148ova\u010de rzi se zbav\u00edte \u00fa\u010dinn\u00fdm zp\u016fsobem rezav\u00fdch flek\u016f z va\u0161\u00ed dla\u017eby.","robots":{"index":"index","follow":"follow","max-snippet":"max-snippet:-1","max-image-preview":"max-image-preview:large","max-video-preview":"max-video-preview:-1"},"canonical":"https:\/\/smartseal.cz\/sk\/produkt\/odstranovac-rzi\/","og_locale":"sk_SK","og_type":"article","og_title":"Odstra\u0148ova\u010d hrdze, vzorka","og_description":"Pomoc\u00ed Odstra\u0148ova\u010de rzi se zbav\u00edte \u00fa\u010dinn\u00fdm zp\u016fsobem rezav\u00fdch flek\u016f z va\u0161\u00ed dla\u017eby.","og_url":"https:\/\/smartseal.cz\/sk\/produkt\/odstranovac-rzi\/","og_site_name":"Smartseal Slovensko","article_modified_time":"2026-04-16T18:35:11+00:00","og_image":[{"width":800,"height":800,"url":"https:\/\/smartseal.cz\/sk\/wp-content\/uploads\/2023\/10\/foto_vzorek-1.png","type":"image\/png"}],"twitter_card":"summary_large_image","twitter_misc":{"Predpokladan\u00fd \u010das \u010d\u00edtania":"2 min\u00faty"},"schema":{"@context":"https:\/\/schema.org","@graph":[{"@type":"WebPage","@id":"https:\/\/smartseal.cz\/sk\/produkt\/odstranovac-rzi\/","url":"https:\/\/smartseal.cz\/sk\/produkt\/odstranovac-rzi\/","name":"Odstra\u0148ova\u010d hrdze, vzorka - Smartseal Slovensko","isPartOf":{"@id":"https:\/\/smartseal.cz\/sk\/#website"},"primaryImageOfPage":{"@id":"https:\/\/smartseal.cz\/sk\/produkt\/odstranovac-rzi\/#primaryimage"},"image":{"@id":"https:\/\/smartseal.cz\/sk\/produkt\/odstranovac-rzi\/#primaryimage"},"thumbnailUrl":"https:\/\/smartseal.cz\/sk\/wp-content\/uploads\/2023\/10\/foto_vzorek-1.png","datePublished":"2022-06-08T12:31:17+00:00","dateModified":"2026-04-16T18:35:11+00:00","description":"Pomoc\u00ed Odstra\u0148ova\u010de rzi se zbav\u00edte \u00fa\u010dinn\u00fdm zp\u016fsobem rezav\u00fdch flek\u016f z va\u0161\u00ed dla\u017eby.","breadcrumb":{"@id":"https:\/\/smartseal.cz\/sk\/produkt\/odstranovac-rzi\/#breadcrumb"},"inLanguage":"sk-SK","potentialAction":[{"@type":"ReadAction","target":["https:\/\/smartseal.cz\/sk\/produkt\/odstranovac-rzi\/"]}]},{"@type":"ImageObject","inLanguage":"sk-SK","@id":"https:\/\/smartseal.cz\/sk\/produkt\/odstranovac-rzi\/#primaryimage","url":"https:\/\/smartseal.cz\/sk\/wp-content\/uploads\/2023\/10\/foto_vzorek-1.png","contentUrl":"https:\/\/smartseal.cz\/sk\/wp-content\/uploads\/2023\/10\/foto_vzorek-1.png","width":800,"height":800},{"@type":"BreadcrumbList","@id":"https:\/\/smartseal.cz\/sk\/produkt\/odstranovac-rzi\/#breadcrumb","itemListElement":[{"@type":"ListItem","position":1,"name":"Dom\u016f","item":"https:\/\/smartseal.cz\/sk\/"},{"@type":"ListItem","position":2,"name":"Obchod","item":"https:\/\/smartseal.cz\/sk\/obchod\/"},{"@type":"ListItem","position":3,"name":"Odstra\u0148ova\u010d hrdze, vzorka"}]},{"@type":"WebSite","@id":"https:\/\/smartseal.cz\/sk\/#website","url":"https:\/\/smartseal.cz\/sk\/","name":"Smartseal Slovensko","description":"Chytr\u00e9 n\u00e1tery na v\u0161etky povrchy","potentialAction":[{"@type":"SearchAction","target":{"@type":"EntryPoint","urlTemplate":"https:\/\/smartseal.cz\/sk\/?s={search_term_string}"},"query-input":{"@type":"PropertyValueSpecification","valueRequired":true,"valueName":"search_term_string"}}],"inLanguage":"sk-SK"}]}},"_links":{"self":[{"href":"https:\/\/smartseal.cz\/sk\/wp-json\/wp\/v2\/product\/9051","targetHints":{"allow":["GET"]}}],"collection":[{"href":"https:\/\/smartseal.cz\/sk\/wp-json\/wp\/v2\/product"}],"about":[{"href":"https:\/\/smartseal.cz\/sk\/wp-json\/wp\/v2\/types\/product"}],"replies":[{"embeddable":true,"href":"https:\/\/smartseal.cz\/sk\/wp-json\/wp\/v2\/comments?post=9051"}],"wp:featuredmedia":[{"embeddable":true,"href":"https:\/\/smartseal.cz\/sk\/wp-json\/wp\/v2\/media\/13766"}],"wp:attachment":[{"href":"https:\/\/smartseal.cz\/sk\/wp-json\/wp\/v2\/media?parent=9051"}],"wp:term":[{"taxonomy":"product_brand","embeddable":true,"href":"https:\/\/smartseal.cz\/sk\/wp-json\/wp\/v2\/product_brand?post=9051"},{"taxonomy":"product_cat","embeddable":true,"href":"https:\/\/smartseal.cz\/sk\/wp-json\/wp\/v2\/product_cat?post=9051"},{"taxonomy":"product_tag","embeddable":true,"href":"https:\/\/smartseal.cz\/sk\/wp-json\/wp\/v2\/product_tag?post=9051"}],"curies":[{"name":"wp","href":"https:\/\/api.w.org\/{rel}","templated":true}]}}