{"id":6351,"date":"2020-11-10T14:06:22","date_gmt":"2020-11-10T13:06:22","guid":{"rendered":"https:\/\/smartseal.cz\/sk\/?post_type=product&#038;p=6351"},"modified":"2026-03-03T08:10:13","modified_gmt":"2026-03-03T07:10:13","slug":"cistic-obkladu-a-dlazby-1l","status":"publish","type":"product","link":"https:\/\/smartseal.cz\/sk\/produkt\/cistic-obkladu-a-dlazby-1l\/","title":{"rendered":"\u010cisti\u010d obkladov a dla\u017eieb, 1l"},"content":{"rendered":"<p><strong>\u010cisti\u010d obkladov a dla\u017eieb Smartseal<\/strong> je v\u00fdkonn\u00fd \u010disti\u010d, kter\u00fd rychle odstran\u00ed za\u017eran\u00e9 ne\u010distoty, \u0161p\u00ednu, \u0159asy nebo pta\u010d\u00ed trus. Je vhodn\u00fd na v\u0161echny druhy keramick\u00fdch a porcel\u00e1nov\u00fdch dla\u017edic. Nej\u010dast\u011bji je pou\u017e\u00edv\u00e1n na teras\u00e1ch. M\u011bl by b\u00fdt pou\u017eit p\u0159ed nanesen\u00edm <a href=\"https:\/\/smartseal.cz\/sk\/produkt\/impregnace-keramicke-dlazby-1l\/\">Impregnace na keramickou dla\u017ebu.<\/a><\/p>\n<p>To to \u00fa\u010dinn\u00e9 slo\u017een\u00ed snadno rozlo\u017e\u00ed a odstran\u00ed ve\u0161ker\u00e9 ne\u010distoty, \u0161p\u00ednu, li\u0161ejn\u00edky a \u0159asy z venkovn\u00ed keramick\u00e9 dla\u017eby na terase. Rychla tak\u00e9 vy\u010dist\u00ed jak\u00fdkoli keramick\u00fd povrch v dom\u00e1cnosti.<\/p>\n<p>Pro dosa\u017een\u00ed nejlep\u0161\u00edch v\u00fdsledk\u016f aplikujte prost\u0159edek na keramick\u00e9 dla\u017edice ve z\u0159ed\u011bn\u00ed 1:4 (\u010dist\u00e1 voda) a pot\u00e9 zapracujte kart\u00e1\u010dek po dobu 10. minut. P\u0159i pou\u017eit\u00ed na venkovn\u00ed prostory zejm\u00e9na v teplej\u0161\u00edch pov\u011btrnostn\u00edch podm\u00ednk\u00e1ch, p\u0159idejte v\u00edce produktu, kdyby za\u010dal na porchu p\u0159\u00edli\u0161 rychle schnout. Pot\u00e9 opl\u00e1chn\u011bte tlakovou my\u010dkou nebo hadic\u00ed.<\/p>\n<p><strong>\u010cisti\u010d obklad\u016f a dla\u017eby<\/strong> m\u00e1 mnoho pou\u017eit\u00ed a to jak ve vnit\u0159n\u00edch tak venkovn\u00edch prostor\u00e1ch. \u010casto se pou\u017e\u00edv\u00e1 na podlahy a st\u011bny v koupeln\u00e1ch, kuchyn\u00edch, chodb\u00e1ch a dal\u0161\u00edch m\u00edstech v dom\u00e1cnostech. Pou\u017e\u00edv\u00e1 se tak\u00e9 jako \u010disti\u010d teras z keramick\u00fdch dla\u017edic pro odstran\u011bn\u00ed odoln\u00fdch organick\u00fdch povrchov\u00fdch ne\u010distot, kter\u00e9 se \u010dasto shroma\u017e\u010fuj\u00ed v p\u00f3rovit\u00e9m povrchu.<\/p>\n<p><strong>VLASTNSOTI A V\u00ddHODY PRODUKTU<\/strong><\/p>\n<ul>\n<li>Vhodn\u00fd pro \u010di\u0161t\u011bn\u00ed teras, p\u0159\u00edjezdov\u00fdch cest i pro povrchy v interi\u00e9ru<\/li>\n<li>Lze aplikovat na jakoukoli barvu, typ nebo texturu v\u010detn\u011b le\u0161t\u011bn\u00e9ho, glazovan\u00e9ho nebo neglazovan\u00e9ho povrchu<\/li>\n<li>P\u016fsob\u00ed tak\u00e9 jako desinfekce<\/li>\n<\/ul>\n<h3>Technick\u00fd popis \u010cisti\u010de keramick\u00e9 dla\u017eby<\/h3>\n<p><strong>Dostupn\u00e9 velikosti<\/strong><\/p>\n<ul>\n<li>L\u00e1hev 1L<\/li>\n<\/ul>\n<p><strong>N\u00e1vod k pou\u017eit\u00ed<\/strong><\/p>\n<p><em>Pro vn\u011bj\u0161\u00ed pou\u017eit\u00ed<\/em><\/p>\n<ul>\n<li>Produkt z\u0159e\u010fte 1:4 (\u010dist\u00e1 voda)<\/li>\n<li>Nejd\u0159\u00edve otestujte vhodnost produktu na mal\u00e9m m\u00edst\u011b<\/li>\n<li>Pro nanesen\u00ed pou\u017eijte post\u0159ikova\u010d nebo zahradn\u00ed konvici<\/li>\n<li>Po 30. minut\u00e1ch opl\u00e1chn\u011bte \u010distou vodou. Pokud je zne\u010di\u0161t\u011bn\u00ed velk\u00e9, pou\u017eijte tlakovou my\u010dku<\/li>\n<\/ul>\n<p><em>Pro vnit\u0159n\u00ed pou\u017eit\u00ed<\/em><\/p>\n<ul>\n<li>Produkt z\u0159e\u010fte 1:4 (\u010dist\u00e1 voda)<\/li>\n<li>Aplikujte pomoc\u00ed mopu nebo houby<\/li>\n<li>Nechte p\u016fsobit 15-30 minut a pot\u00e9 zapracujte kart\u00e1\u010dek nebo smet\u00e1kem<\/li>\n<li>Opl\u00e1chn\u011bte \u010distou vodou a pomoc\u00ed mopu nebo houby set\u0159ete<\/li>\n<\/ul>\n","protected":false},"excerpt":{"rendered":"<p>\u010cistiaci prostriedok na \u010distenie interi\u00e9rov a exteri\u00e9rov.<\/p>\n","protected":false},"featured_media":17429,"comment_status":"open","ping_status":"closed","template":"","meta":[],"product_brand":[],"product_cat":[144,176,174,60,57,23,49,100,61,21],"product_tag":[],"class_list":{"0":"post-6351","1":"product","2":"type-product","3":"status-publish","4":"has-post-thumbnail","6":"product_cat-cistenie-v-interieru","7":"product_cat-cistiace-a-odstranovacie","8":"product_cat-zimna-udrzba","9":"product_cat-dlazba","10":"product_cat-prirodni-kamen","11":"product_cat-cistiace-odstranovace","12":"product_cat-cistenie-vonkajsich-teras","13":"product_cat-interiery","14":"product_cat-prirodni-kamen-terasy","15":"product_cat-pristupove-cesty-chodniky","16":"pa_faze-pouziti-cisteni","17":"pa_velikost-baleni-1l","19":"first","20":"instock","21":"taxable","22":"shipping-taxable","23":"purchasable","24":"product-type-simple"},"yoast_head":"<!-- This site is optimized with the Yoast SEO Premium plugin v26.8 (Yoast SEO v26.9) - https:\/\/yoast.com\/product\/yoast-seo-premium-wordpress\/ -->\n<title>\u010cisti\u010d obkladov a dla\u017eieb, 1l I Smartseal SK<\/title>\n<meta name=\"description\" content=\"V\u00fdrobok \u010dist\u00ed obklada\u010dky a dla\u017edice v kuchyni alebo k\u00fape\u013eni.\" \/>\n<meta name=\"robots\" content=\"index, follow, max-snippet:-1, max-image-preview:large, max-video-preview:-1\" \/>\n<link rel=\"canonical\" href=\"https:\/\/smartseal.cz\/sk\/produkt\/cistic-obkladu-a-dlazby-1l\/\" \/>\n<meta property=\"og:locale\" content=\"sk_SK\" \/>\n<meta property=\"og:type\" content=\"article\" \/>\n<meta property=\"og:title\" content=\"\u010cisti\u010d obkladov a dla\u017eieb, 1l\" \/>\n<meta property=\"og:description\" content=\"V\u00fdrobok \u010dist\u00ed obklada\u010dky a dla\u017edice v kuchyni alebo k\u00fape\u013eni.\" \/>\n<meta property=\"og:url\" content=\"https:\/\/smartseal.cz\/sk\/produkt\/cistic-obkladu-a-dlazby-1l\/\" \/>\n<meta property=\"og:site_name\" content=\"Smartseal Slovensko\" \/>\n<meta property=\"article:modified_time\" content=\"2026-03-03T07:10:13+00:00\" \/>\n<meta property=\"og:image\" content=\"https:\/\/smartseal.cz\/sk\/wp-content\/uploads\/2024\/07\/obkladu\u030a-a-dlaz\u030cby.png\" \/>\n\t<meta property=\"og:image:width\" content=\"800\" \/>\n\t<meta property=\"og:image:height\" content=\"800\" \/>\n\t<meta property=\"og:image:type\" content=\"image\/png\" \/>\n<meta name=\"twitter:card\" content=\"summary_large_image\" \/>\n<meta name=\"twitter:label1\" content=\"Predpokladan\u00fd \u010das \u010d\u00edtania\" \/>\n\t<meta name=\"twitter:data1\" content=\"2 min\u00faty\" \/>\n<script type=\"application\/ld+json\" class=\"yoast-schema-graph\">{\"@context\":\"https:\/\/schema.org\",\"@graph\":[{\"@type\":\"WebPage\",\"@id\":\"https:\/\/smartseal.cz\/sk\/produkt\/cistic-obkladu-a-dlazby-1l\/\",\"url\":\"https:\/\/smartseal.cz\/sk\/produkt\/cistic-obkladu-a-dlazby-1l\/\",\"name\":\"\u010cisti\u010d obkladov a dla\u017eieb, 1l I Smartseal SK\",\"isPartOf\":{\"@id\":\"https:\/\/smartseal.cz\/sk\/#website\"},\"primaryImageOfPage\":{\"@id\":\"https:\/\/smartseal.cz\/sk\/produkt\/cistic-obkladu-a-dlazby-1l\/#primaryimage\"},\"image\":{\"@id\":\"https:\/\/smartseal.cz\/sk\/produkt\/cistic-obkladu-a-dlazby-1l\/#primaryimage\"},\"thumbnailUrl\":\"https:\/\/smartseal.cz\/sk\/wp-content\/uploads\/2024\/07\/obkladu\u030a-a-dlaz\u030cby.png\",\"datePublished\":\"2020-11-10T13:06:22+00:00\",\"dateModified\":\"2026-03-03T07:10:13+00:00\",\"description\":\"V\u00fdrobok \u010dist\u00ed obklada\u010dky a dla\u017edice v kuchyni alebo k\u00fape\u013eni.\",\"breadcrumb\":{\"@id\":\"https:\/\/smartseal.cz\/sk\/produkt\/cistic-obkladu-a-dlazby-1l\/#breadcrumb\"},\"inLanguage\":\"sk-SK\",\"potentialAction\":[{\"@type\":\"ReadAction\",\"target\":[\"https:\/\/smartseal.cz\/sk\/produkt\/cistic-obkladu-a-dlazby-1l\/\"]}]},{\"@type\":\"ImageObject\",\"inLanguage\":\"sk-SK\",\"@id\":\"https:\/\/smartseal.cz\/sk\/produkt\/cistic-obkladu-a-dlazby-1l\/#primaryimage\",\"url\":\"https:\/\/smartseal.cz\/sk\/wp-content\/uploads\/2024\/07\/obkladu\u030a-a-dlaz\u030cby.png\",\"contentUrl\":\"https:\/\/smartseal.cz\/sk\/wp-content\/uploads\/2024\/07\/obkladu\u030a-a-dlaz\u030cby.png\",\"width\":800,\"height\":800},{\"@type\":\"BreadcrumbList\",\"@id\":\"https:\/\/smartseal.cz\/sk\/produkt\/cistic-obkladu-a-dlazby-1l\/#breadcrumb\",\"itemListElement\":[{\"@type\":\"ListItem\",\"position\":1,\"name\":\"Dom\u016f\",\"item\":\"https:\/\/smartseal.cz\/sk\/\"},{\"@type\":\"ListItem\",\"position\":2,\"name\":\"Obchod\",\"item\":\"https:\/\/smartseal.cz\/sk\/obchod\/\"},{\"@type\":\"ListItem\",\"position\":3,\"name\":\"\u010cisti\u010d obkladov a dla\u017eieb, 1l\"}]},{\"@type\":\"WebSite\",\"@id\":\"https:\/\/smartseal.cz\/sk\/#website\",\"url\":\"https:\/\/smartseal.cz\/sk\/\",\"name\":\"Smartseal Slovensko\",\"description\":\"Chytr\u00e9 n\u00e1tery na v\u0161etky povrchy\",\"potentialAction\":[{\"@type\":\"SearchAction\",\"target\":{\"@type\":\"EntryPoint\",\"urlTemplate\":\"https:\/\/smartseal.cz\/sk\/?s={search_term_string}\"},\"query-input\":{\"@type\":\"PropertyValueSpecification\",\"valueRequired\":true,\"valueName\":\"search_term_string\"}}],\"inLanguage\":\"sk-SK\"}]}<\/script>\n<!-- \/ Yoast SEO Premium plugin. -->","yoast_head_json":{"title":"\u010cisti\u010d obkladov a dla\u017eieb, 1l I Smartseal SK","description":"V\u00fdrobok \u010dist\u00ed obklada\u010dky a dla\u017edice v kuchyni alebo k\u00fape\u013eni.","robots":{"index":"index","follow":"follow","max-snippet":"max-snippet:-1","max-image-preview":"max-image-preview:large","max-video-preview":"max-video-preview:-1"},"canonical":"https:\/\/smartseal.cz\/sk\/produkt\/cistic-obkladu-a-dlazby-1l\/","og_locale":"sk_SK","og_type":"article","og_title":"\u010cisti\u010d obkladov a dla\u017eieb, 1l","og_description":"V\u00fdrobok \u010dist\u00ed obklada\u010dky a dla\u017edice v kuchyni alebo k\u00fape\u013eni.","og_url":"https:\/\/smartseal.cz\/sk\/produkt\/cistic-obkladu-a-dlazby-1l\/","og_site_name":"Smartseal Slovensko","article_modified_time":"2026-03-03T07:10:13+00:00","og_image":[{"width":800,"height":800,"url":"https:\/\/smartseal.cz\/sk\/wp-content\/uploads\/2024\/07\/obkladu\u030a-a-dlaz\u030cby.png","type":"image\/png"}],"twitter_card":"summary_large_image","twitter_misc":{"Predpokladan\u00fd \u010das \u010d\u00edtania":"2 min\u00faty"},"schema":{"@context":"https:\/\/schema.org","@graph":[{"@type":"WebPage","@id":"https:\/\/smartseal.cz\/sk\/produkt\/cistic-obkladu-a-dlazby-1l\/","url":"https:\/\/smartseal.cz\/sk\/produkt\/cistic-obkladu-a-dlazby-1l\/","name":"\u010cisti\u010d obkladov a dla\u017eieb, 1l I Smartseal SK","isPartOf":{"@id":"https:\/\/smartseal.cz\/sk\/#website"},"primaryImageOfPage":{"@id":"https:\/\/smartseal.cz\/sk\/produkt\/cistic-obkladu-a-dlazby-1l\/#primaryimage"},"image":{"@id":"https:\/\/smartseal.cz\/sk\/produkt\/cistic-obkladu-a-dlazby-1l\/#primaryimage"},"thumbnailUrl":"https:\/\/smartseal.cz\/sk\/wp-content\/uploads\/2024\/07\/obkladu\u030a-a-dlaz\u030cby.png","datePublished":"2020-11-10T13:06:22+00:00","dateModified":"2026-03-03T07:10:13+00:00","description":"V\u00fdrobok \u010dist\u00ed obklada\u010dky a dla\u017edice v kuchyni alebo k\u00fape\u013eni.","breadcrumb":{"@id":"https:\/\/smartseal.cz\/sk\/produkt\/cistic-obkladu-a-dlazby-1l\/#breadcrumb"},"inLanguage":"sk-SK","potentialAction":[{"@type":"ReadAction","target":["https:\/\/smartseal.cz\/sk\/produkt\/cistic-obkladu-a-dlazby-1l\/"]}]},{"@type":"ImageObject","inLanguage":"sk-SK","@id":"https:\/\/smartseal.cz\/sk\/produkt\/cistic-obkladu-a-dlazby-1l\/#primaryimage","url":"https:\/\/smartseal.cz\/sk\/wp-content\/uploads\/2024\/07\/obkladu\u030a-a-dlaz\u030cby.png","contentUrl":"https:\/\/smartseal.cz\/sk\/wp-content\/uploads\/2024\/07\/obkladu\u030a-a-dlaz\u030cby.png","width":800,"height":800},{"@type":"BreadcrumbList","@id":"https:\/\/smartseal.cz\/sk\/produkt\/cistic-obkladu-a-dlazby-1l\/#breadcrumb","itemListElement":[{"@type":"ListItem","position":1,"name":"Dom\u016f","item":"https:\/\/smartseal.cz\/sk\/"},{"@type":"ListItem","position":2,"name":"Obchod","item":"https:\/\/smartseal.cz\/sk\/obchod\/"},{"@type":"ListItem","position":3,"name":"\u010cisti\u010d obkladov a dla\u017eieb, 1l"}]},{"@type":"WebSite","@id":"https:\/\/smartseal.cz\/sk\/#website","url":"https:\/\/smartseal.cz\/sk\/","name":"Smartseal Slovensko","description":"Chytr\u00e9 n\u00e1tery na v\u0161etky povrchy","potentialAction":[{"@type":"SearchAction","target":{"@type":"EntryPoint","urlTemplate":"https:\/\/smartseal.cz\/sk\/?s={search_term_string}"},"query-input":{"@type":"PropertyValueSpecification","valueRequired":true,"valueName":"search_term_string"}}],"inLanguage":"sk-SK"}]}},"_links":{"self":[{"href":"https:\/\/smartseal.cz\/sk\/wp-json\/wp\/v2\/product\/6351","targetHints":{"allow":["GET"]}}],"collection":[{"href":"https:\/\/smartseal.cz\/sk\/wp-json\/wp\/v2\/product"}],"about":[{"href":"https:\/\/smartseal.cz\/sk\/wp-json\/wp\/v2\/types\/product"}],"replies":[{"embeddable":true,"href":"https:\/\/smartseal.cz\/sk\/wp-json\/wp\/v2\/comments?post=6351"}],"wp:featuredmedia":[{"embeddable":true,"href":"https:\/\/smartseal.cz\/sk\/wp-json\/wp\/v2\/media\/17429"}],"wp:attachment":[{"href":"https:\/\/smartseal.cz\/sk\/wp-json\/wp\/v2\/media?parent=6351"}],"wp:term":[{"taxonomy":"product_brand","embeddable":true,"href":"https:\/\/smartseal.cz\/sk\/wp-json\/wp\/v2\/product_brand?post=6351"},{"taxonomy":"product_cat","embeddable":true,"href":"https:\/\/smartseal.cz\/sk\/wp-json\/wp\/v2\/product_cat?post=6351"},{"taxonomy":"product_tag","embeddable":true,"href":"https:\/\/smartseal.cz\/sk\/wp-json\/wp\/v2\/product_tag?post=6351"}],"curies":[{"name":"wp","href":"https:\/\/api.w.org\/{rel}","templated":true}]}}