{"id":6346,"date":"2020-11-10T11:15:33","date_gmt":"2020-11-10T10:15:33","guid":{"rendered":"https:\/\/smartseal.cz\/sk\/?post_type=product&#038;p=6346"},"modified":"2026-01-26T23:10:05","modified_gmt":"2026-01-26T22:10:05","slug":"cistic-na-spary","status":"publish","type":"product","link":"https:\/\/smartseal.cz\/sk\/produkt\/cistic-na-spary\/","title":{"rendered":"\u010cistiaci prostriedok\/pr\u00edprava na renov\u00e1ciu \u0161k\u00e1r"},"content":{"rendered":"<h1>\u010cist\u00ed \u0161k\u00e1ry a pripravuje ich na aplik\u00e1ciu farebnej impregn\u00e1cie Renov\u00e1cia \u0161k\u00e1r<\/h1>\n<p>\u010cisti\u010d sp\u00e1r Smartseal je velmi efektivn\u00ed a snadno pou\u017eiteln\u00fd. Je speci\u00e1ln\u011b vyvinut, aby vy\u010distil a p\u0159ipravil sp\u00e1ru na nanesen\u00ed p\u0159\u00edpravku <a href=\"https:\/\/smartseal.cz\/sk\/obchod\/renovace-spar-interier\/\">Renovace sp\u00e1r &#8211; interi\u00e9r<\/a>, kter\u00e1 p\u0159ebarvuje a chr\u00e1n\u00ed sp\u00e1ry na podlah\u00e1ch \u010di st\u011bn\u00e1ch.<\/p>\n<p><strong>VLASTNOSTI PRODUKTU<\/strong><\/p>\n<ul>\n<li>Rychle odstra\u0148uje odoln\u00e9 skvrny ze sp\u00e1r mezi obklady i dla\u017ebou<\/li>\n<li>Lze pou\u017e\u00edt kolem plastov\u00fdch i smaltov\u00fdch sanit\u00e1rn\u00edch p\u0159edm\u011bt\u016f (vany, sprchy, umyvadla\u2026)<\/li>\n<li>Jednoduch\u00e9 pou\u017eit\u00ed, velmi \u00fa\u010dinn\u00e9<\/li>\n<\/ul>\n<h3>Technick\u00fd popis \u010cisti\u010de na sp\u00e1ry<\/h3>\n<p><strong>Dostupn\u00e9 velikosti<\/strong><\/p>\n<ul>\n<li>500 ml l\u00e1hve s\u00a0post\u0159ikova\u010dem<\/li>\n<\/ul>\n<p><strong>Pokyny k\u00a0pou\u017eit\u00ed<\/strong><\/p>\n<ul>\n<li>L\u00e1hev p\u0159ed pou\u017eit\u00edm v\u017edy d\u016fkladn\u011b prot\u0159epejte<\/li>\n<li>P\u0159e\u010dt\u011bte si n\u00e1vod a dodr\u017eujte pokyny pro ochranu zdrav\u00ed a bezpe\u010dnost<\/li>\n<li>\u010cisti\u010d nast\u0159\u00edkejte na sp\u00e1ru ze vzd\u00e1lenosti p\u0159ibli\u017en\u011b 20-30 cm<\/li>\n<li>P\u0159\u00edpravek nechte p\u016fsobit 1-3 minuty, pot\u00e9 pou\u017eijte kart\u00e1\u010d. Opl\u00e1chn\u011bte vodou<\/li>\n<li>P\u0159ed aplikac\u00ed <a href=\"https:\/\/smartseal.cz\/sk\/obchod\/renovace-spar-interier\/\">Renovace sp\u00e1r &#8211; interi\u00e9r<\/a> se ujist\u011bte, \u017ee jsou sp\u00e1ry zcela such\u00e9<\/li>\n<\/ul>\n<p><strong>V\u00fdrobek nejd\u0159\u00edve vyzkou\u0161ejte na mal\u00e9 plo\u0161e, abyste ov\u011b\u0159ili jeho vhodnost. S jeho pou\u017eit\u00edm d\u00e1vejte pozor u ploch, kter\u00e9 jsou citliv\u00e9 na kyseliny. Tyto m\u00edsta ochra\u0148te. M\u016f\u017ee se jednat nap\u0159. i o varnou desku.<\/strong><\/p>\n<p><strong>POZOR: VYVARUJTE SE POU\u017dIT\u00cd P\u0158\u00cdPRAVKU NA KOV, D\u0158EVO NEBO OD\u011aV.<\/strong><\/p>\n<h3>N\u00e1vod k pou\u017eit\u00ed \u010cisti\u010de na sp\u00e1ry<\/h3>\n<p><a href=\"https:\/\/smartseal.cz\/sk\/wp-content\/uploads\/sites\/2\/2020\/11\/Navod-cistic-spar.pdf\">N\u00e1vod k pou\u017eit\u00ed v PDF ke sta\u017een\u00ed<\/a><\/p>\n<div class=\"video-shortcode\"><iframe title=\"Jak vy\u010distit za\u0161l\u00e9 sp\u00e1ry - Smartseal\" width=\"1200\" height=\"675\" src=\"https:\/\/www.youtube.com\/embed\/aXYYBVynFR8?feature=oembed&#038;enablejsapi=1&#038;origin=https:\/\/smartseal.cz\/sk\" frameborder=\"0\" allow=\"accelerometer; autoplay; clipboard-write; encrypted-media; gyroscope; picture-in-picture\" allowfullscreen><\/iframe><\/div>\n","protected":false},"excerpt":{"rendered":"<p>Vy\u010dist\u00ed \u0161k\u00e1ry a priprav\u00ed je na aplik\u00e1ciu Renov\u00e1cia \u0161k\u00e1r, objem 500 ml<\/p>\n","protected":false},"featured_media":6348,"comment_status":"open","ping_status":"closed","template":"","meta":[],"product_brand":[],"product_cat":[144,176,178,174,23,100],"product_tag":[],"class_list":{"0":"post-6346","1":"product","2":"type-product","3":"status-publish","4":"has-post-thumbnail","6":"product_cat-cistenie-v-interieru","7":"product_cat-cistiace-a-odstranovacie","8":"product_cat-renovacia-skar","9":"product_cat-zimna-udrzba","10":"product_cat-cistiace-odstranovace","11":"product_cat-interiery","12":"pa_faze-pouziti-cisteni","13":"pa_velikost-baleni-05l","15":"first","16":"instock","17":"taxable","18":"shipping-taxable","19":"purchasable","20":"product-type-simple"},"yoast_head":"<!-- This site is optimized with the Yoast SEO Premium plugin v26.8 (Yoast SEO v26.9) - https:\/\/yoast.com\/product\/yoast-seo-premium-wordpress\/ -->\n<title>\u010cistiaci prostriedok\/pr\u00edprava na renov\u00e1ciu \u0161k\u00e1r I Smartseal SK<\/title>\n<meta name=\"description\" content=\"P\u0159\u00edpravek vy\u010dist\u00ed sp\u00e1ry a z\u00e1rove\u0148 je p\u0159iprav\u00ed na nanesen\u00ed v\u00fdrobku Renovace sp\u00e1r - interi\u00e9r.\" \/>\n<meta name=\"robots\" content=\"index, follow, max-snippet:-1, max-image-preview:large, max-video-preview:-1\" \/>\n<link rel=\"canonical\" href=\"https:\/\/smartseal.cz\/sk\/produkt\/cistic-na-spary\/\" \/>\n<meta property=\"og:locale\" content=\"sk_SK\" \/>\n<meta property=\"og:type\" content=\"article\" \/>\n<meta property=\"og:title\" content=\"\u010cistiaci prostriedok\/pr\u00edprava na renov\u00e1ciu \u0161k\u00e1r\" \/>\n<meta property=\"og:description\" content=\"P\u0159\u00edpravek vy\u010dist\u00ed sp\u00e1ry a z\u00e1rove\u0148 je p\u0159iprav\u00ed na nanesen\u00ed v\u00fdrobku Renovace sp\u00e1r - interi\u00e9r.\" \/>\n<meta property=\"og:url\" content=\"https:\/\/smartseal.cz\/sk\/produkt\/cistic-na-spary\/\" \/>\n<meta property=\"og:site_name\" content=\"Smartseal Slovensko\" \/>\n<meta property=\"article:modified_time\" content=\"2026-01-26T22:10:05+00:00\" \/>\n<meta property=\"og:image\" content=\"https:\/\/smartseal.cz\/sk\/wp-content\/uploads\/2020\/10\/cistic-spar.jpg\" \/>\n\t<meta property=\"og:image:width\" content=\"800\" \/>\n\t<meta property=\"og:image:height\" content=\"800\" \/>\n\t<meta property=\"og:image:type\" content=\"image\/jpeg\" \/>\n<meta name=\"twitter:card\" content=\"summary_large_image\" \/>\n<meta name=\"twitter:label1\" content=\"Predpokladan\u00fd \u010das \u010d\u00edtania\" \/>\n\t<meta name=\"twitter:data1\" content=\"2 min\u00faty\" \/>\n<script type=\"application\/ld+json\" class=\"yoast-schema-graph\">{\"@context\":\"https:\/\/schema.org\",\"@graph\":[{\"@type\":\"WebPage\",\"@id\":\"https:\/\/smartseal.cz\/sk\/produkt\/cistic-na-spary\/\",\"url\":\"https:\/\/smartseal.cz\/sk\/produkt\/cistic-na-spary\/\",\"name\":\"\u010cistiaci prostriedok\/pr\u00edprava na renov\u00e1ciu \u0161k\u00e1r I Smartseal SK\",\"isPartOf\":{\"@id\":\"https:\/\/smartseal.cz\/sk\/#website\"},\"primaryImageOfPage\":{\"@id\":\"https:\/\/smartseal.cz\/sk\/produkt\/cistic-na-spary\/#primaryimage\"},\"image\":{\"@id\":\"https:\/\/smartseal.cz\/sk\/produkt\/cistic-na-spary\/#primaryimage\"},\"thumbnailUrl\":\"https:\/\/smartseal.cz\/sk\/wp-content\/uploads\/2020\/10\/cistic-spar.jpg\",\"datePublished\":\"2020-11-10T10:15:33+00:00\",\"dateModified\":\"2026-01-26T22:10:05+00:00\",\"description\":\"P\u0159\u00edpravek vy\u010dist\u00ed sp\u00e1ry a z\u00e1rove\u0148 je p\u0159iprav\u00ed na nanesen\u00ed v\u00fdrobku Renovace sp\u00e1r - interi\u00e9r.\",\"breadcrumb\":{\"@id\":\"https:\/\/smartseal.cz\/sk\/produkt\/cistic-na-spary\/#breadcrumb\"},\"inLanguage\":\"sk-SK\",\"potentialAction\":[{\"@type\":\"ReadAction\",\"target\":[\"https:\/\/smartseal.cz\/sk\/produkt\/cistic-na-spary\/\"]}]},{\"@type\":\"ImageObject\",\"inLanguage\":\"sk-SK\",\"@id\":\"https:\/\/smartseal.cz\/sk\/produkt\/cistic-na-spary\/#primaryimage\",\"url\":\"https:\/\/smartseal.cz\/sk\/wp-content\/uploads\/2020\/10\/cistic-spar.jpg\",\"contentUrl\":\"https:\/\/smartseal.cz\/sk\/wp-content\/uploads\/2020\/10\/cistic-spar.jpg\",\"width\":800,\"height\":800,\"caption\":\"\u010disti\u010d na sp\u00e1ry\"},{\"@type\":\"BreadcrumbList\",\"@id\":\"https:\/\/smartseal.cz\/sk\/produkt\/cistic-na-spary\/#breadcrumb\",\"itemListElement\":[{\"@type\":\"ListItem\",\"position\":1,\"name\":\"Dom\u016f\",\"item\":\"https:\/\/smartseal.cz\/sk\/\"},{\"@type\":\"ListItem\",\"position\":2,\"name\":\"Obchod\",\"item\":\"https:\/\/smartseal.cz\/sk\/obchod\/\"},{\"@type\":\"ListItem\",\"position\":3,\"name\":\"\u010cistiaci prostriedok\/pr\u00edprava na renov\u00e1ciu \u0161k\u00e1r\"}]},{\"@type\":\"WebSite\",\"@id\":\"https:\/\/smartseal.cz\/sk\/#website\",\"url\":\"https:\/\/smartseal.cz\/sk\/\",\"name\":\"Smartseal Slovensko\",\"description\":\"Chytr\u00e9 n\u00e1tery na v\u0161etky povrchy\",\"potentialAction\":[{\"@type\":\"SearchAction\",\"target\":{\"@type\":\"EntryPoint\",\"urlTemplate\":\"https:\/\/smartseal.cz\/sk\/?s={search_term_string}\"},\"query-input\":{\"@type\":\"PropertyValueSpecification\",\"valueRequired\":true,\"valueName\":\"search_term_string\"}}],\"inLanguage\":\"sk-SK\"}]}<\/script>\n<!-- \/ Yoast SEO Premium plugin. -->","yoast_head_json":{"title":"\u010cistiaci prostriedok\/pr\u00edprava na renov\u00e1ciu \u0161k\u00e1r I Smartseal SK","description":"P\u0159\u00edpravek vy\u010dist\u00ed sp\u00e1ry a z\u00e1rove\u0148 je p\u0159iprav\u00ed na nanesen\u00ed v\u00fdrobku Renovace sp\u00e1r - interi\u00e9r.","robots":{"index":"index","follow":"follow","max-snippet":"max-snippet:-1","max-image-preview":"max-image-preview:large","max-video-preview":"max-video-preview:-1"},"canonical":"https:\/\/smartseal.cz\/sk\/produkt\/cistic-na-spary\/","og_locale":"sk_SK","og_type":"article","og_title":"\u010cistiaci prostriedok\/pr\u00edprava na renov\u00e1ciu \u0161k\u00e1r","og_description":"P\u0159\u00edpravek vy\u010dist\u00ed sp\u00e1ry a z\u00e1rove\u0148 je p\u0159iprav\u00ed na nanesen\u00ed v\u00fdrobku Renovace sp\u00e1r - interi\u00e9r.","og_url":"https:\/\/smartseal.cz\/sk\/produkt\/cistic-na-spary\/","og_site_name":"Smartseal Slovensko","article_modified_time":"2026-01-26T22:10:05+00:00","og_image":[{"width":800,"height":800,"url":"https:\/\/smartseal.cz\/sk\/wp-content\/uploads\/2020\/10\/cistic-spar.jpg","type":"image\/jpeg"}],"twitter_card":"summary_large_image","twitter_misc":{"Predpokladan\u00fd \u010das \u010d\u00edtania":"2 min\u00faty"},"schema":{"@context":"https:\/\/schema.org","@graph":[{"@type":"WebPage","@id":"https:\/\/smartseal.cz\/sk\/produkt\/cistic-na-spary\/","url":"https:\/\/smartseal.cz\/sk\/produkt\/cistic-na-spary\/","name":"\u010cistiaci prostriedok\/pr\u00edprava na renov\u00e1ciu \u0161k\u00e1r I Smartseal SK","isPartOf":{"@id":"https:\/\/smartseal.cz\/sk\/#website"},"primaryImageOfPage":{"@id":"https:\/\/smartseal.cz\/sk\/produkt\/cistic-na-spary\/#primaryimage"},"image":{"@id":"https:\/\/smartseal.cz\/sk\/produkt\/cistic-na-spary\/#primaryimage"},"thumbnailUrl":"https:\/\/smartseal.cz\/sk\/wp-content\/uploads\/2020\/10\/cistic-spar.jpg","datePublished":"2020-11-10T10:15:33+00:00","dateModified":"2026-01-26T22:10:05+00:00","description":"P\u0159\u00edpravek vy\u010dist\u00ed sp\u00e1ry a z\u00e1rove\u0148 je p\u0159iprav\u00ed na nanesen\u00ed v\u00fdrobku Renovace sp\u00e1r - interi\u00e9r.","breadcrumb":{"@id":"https:\/\/smartseal.cz\/sk\/produkt\/cistic-na-spary\/#breadcrumb"},"inLanguage":"sk-SK","potentialAction":[{"@type":"ReadAction","target":["https:\/\/smartseal.cz\/sk\/produkt\/cistic-na-spary\/"]}]},{"@type":"ImageObject","inLanguage":"sk-SK","@id":"https:\/\/smartseal.cz\/sk\/produkt\/cistic-na-spary\/#primaryimage","url":"https:\/\/smartseal.cz\/sk\/wp-content\/uploads\/2020\/10\/cistic-spar.jpg","contentUrl":"https:\/\/smartseal.cz\/sk\/wp-content\/uploads\/2020\/10\/cistic-spar.jpg","width":800,"height":800,"caption":"\u010disti\u010d na sp\u00e1ry"},{"@type":"BreadcrumbList","@id":"https:\/\/smartseal.cz\/sk\/produkt\/cistic-na-spary\/#breadcrumb","itemListElement":[{"@type":"ListItem","position":1,"name":"Dom\u016f","item":"https:\/\/smartseal.cz\/sk\/"},{"@type":"ListItem","position":2,"name":"Obchod","item":"https:\/\/smartseal.cz\/sk\/obchod\/"},{"@type":"ListItem","position":3,"name":"\u010cistiaci prostriedok\/pr\u00edprava na renov\u00e1ciu \u0161k\u00e1r"}]},{"@type":"WebSite","@id":"https:\/\/smartseal.cz\/sk\/#website","url":"https:\/\/smartseal.cz\/sk\/","name":"Smartseal Slovensko","description":"Chytr\u00e9 n\u00e1tery na v\u0161etky povrchy","potentialAction":[{"@type":"SearchAction","target":{"@type":"EntryPoint","urlTemplate":"https:\/\/smartseal.cz\/sk\/?s={search_term_string}"},"query-input":{"@type":"PropertyValueSpecification","valueRequired":true,"valueName":"search_term_string"}}],"inLanguage":"sk-SK"}]}},"_links":{"self":[{"href":"https:\/\/smartseal.cz\/sk\/wp-json\/wp\/v2\/product\/6346","targetHints":{"allow":["GET"]}}],"collection":[{"href":"https:\/\/smartseal.cz\/sk\/wp-json\/wp\/v2\/product"}],"about":[{"href":"https:\/\/smartseal.cz\/sk\/wp-json\/wp\/v2\/types\/product"}],"replies":[{"embeddable":true,"href":"https:\/\/smartseal.cz\/sk\/wp-json\/wp\/v2\/comments?post=6346"}],"wp:featuredmedia":[{"embeddable":true,"href":"https:\/\/smartseal.cz\/sk\/wp-json\/wp\/v2\/media\/6348"}],"wp:attachment":[{"href":"https:\/\/smartseal.cz\/sk\/wp-json\/wp\/v2\/media?parent=6346"}],"wp:term":[{"taxonomy":"product_brand","embeddable":true,"href":"https:\/\/smartseal.cz\/sk\/wp-json\/wp\/v2\/product_brand?post=6346"},{"taxonomy":"product_cat","embeddable":true,"href":"https:\/\/smartseal.cz\/sk\/wp-json\/wp\/v2\/product_cat?post=6346"},{"taxonomy":"product_tag","embeddable":true,"href":"https:\/\/smartseal.cz\/sk\/wp-json\/wp\/v2\/product_tag?post=6346"}],"curies":[{"name":"wp","href":"https:\/\/api.w.org\/{rel}","templated":true}]}}