{"id":5020,"date":"2019-09-27T10:41:13","date_gmt":"2019-09-27T08:41:13","guid":{"rendered":"https:\/\/smartseal.cz\/sk\/?post_type=product&#038;p=5020"},"modified":"2026-01-17T23:02:19","modified_gmt":"2026-01-17T22:02:19","slug":"rozmrazovac-na-dlazbu-ekologicky-setrny","status":"publish","type":"product","link":"https:\/\/smartseal.cz\/sk\/produkt\/rozmrazovac-na-dlazbu-ekologicky-setrny\/","title":{"rendered":"Rozmrazova\u010d na dla\u017ebu &#8211; ekologicky \u0161etrn\u00fd"},"content":{"rendered":"<h2>Ekologick\u00fd rozmrazova\u010d <strong data-start=\"0\" data-end=\"66\">pre pr\u00edjazdov\u00e9 cesty, terasy a chodn\u00edky<\/strong><\/h2>\n<p><strong>*** Bezpe\u010dn\u00fd pre dom\u00e1ce zvierat\u00e1 a rastliny ***<\/strong><\/p>\n<p>V zimn\u00fdch mesiacoch m\u00f4\u017ee by\u0165 ve\u013ek\u00fdm probl\u00e9mom udr\u017eiava\u0165 pr\u00edjazdov\u00e9 cesty, terasy a chodn\u00edky bez \u013eadu a snehu. Aj pri pou\u017eit\u00ed tradi\u010dn\u00fdch met\u00f3d odstra\u0148ovania \u013eadu, ako je kamenn\u00e1 so\u013e, funguje proces iba kr\u00e1tky \u010das. Efekt\u00edvne odmrazovanie pr\u00edjazdovej cesty alebo chodn\u00edka je nevyhnutn\u00e9, aby bolo mo\u017en\u00e9 bezpe\u010dne chodi\u0165 po dla\u017ebe aj vo ve\u013emi chladnom po\u010das\u00ed. Rozmrazova\u010d na dla\u017ebu je dostupn\u00fd v 5 kg balen\u00ed.<\/p>\n<p>Topenie snehu a \u013eadu na pr\u00edjazdov\u00fdch cest\u00e1ch, chodn\u00edkoch a teras\u00e1ch je u\u017e mnoho rokov probl\u00e9mom. Teraz v\u0161ak existuje ekologicky \u0161etrnej\u0161ie rie\u0161enie, ktor\u00e9 je ove\u013ea \u00fa\u010dinnej\u0161ie ne\u017e kamenn\u00e1 so\u013e. Rozmrazova\u010d na dla\u017ebu je efekt\u00edvna a ekologick\u00e1 rozmrazovacia alternat\u00edva ku kamennej soli. Nezanech\u00e1va \u017eiadne zvy\u0161ky materi\u00e1lu. Po zvy\u0161koch kamennej soli zost\u00e1vaj\u00fa nevzh\u013eadn\u00e9 \u0161kvrny, ktor\u00e9 m\u00f4\u017eu po\u0161kodi\u0165 povrch.<\/p>\n<p>Produkt za\u010d\u00edna pracova\u0165 okam\u017eite po kontakte s \u013eadom, mrazom alebo snehom. Jedine\u010dn\u00e9 zlo\u017eenie rozmrazova\u010da na dla\u017ebu generuje teplo, ktor\u00e9 r\u00fdchlo rozt\u00e1pa sneh a \u013ead a okam\u017eite zni\u017euje riziko po\u0161myknutia alebo p\u00e1du na z\u013eadovatenom povrchu. Rozmrazova\u010d na dla\u017ebu je mo\u017en\u00e9 pou\u017ei\u0165 na mnoh\u00fdch vonkaj\u0161\u00edch povrchoch pokryt\u00fdch \u013eadom a naj\u010dastej\u0161ie ako rozmrazova\u010d pr\u00edjazdov\u00fdch ciest alebo chodn\u00edkov.<\/p>\n<p data-start=\"1317\" data-end=\"1663\">Rozmrazova\u010d na dla\u017ebu sa \u013eahko aplikuje a funguje pri ove\u013ea ni\u017e\u0161\u00edch teplot\u00e1ch ne\u017e in\u00e9 rozmrazova\u010de, ako je kamenn\u00e1 so\u013e. D\u00f4le\u017eit\u00e9 je, \u017ee na rozdiel od soli alebo piesku, ak sa aplikuje na o\u0161etren\u00fd povrch, ako je chodn\u00edk alebo terasa, rozmrazova\u010d Smartseal nepo\u0161kod\u00ed, nenaru\u0161\u00ed ani nezn\u00ed\u017ei \u017eivotnos\u0165 tmelov. Nepo\u0161kodzuje bet\u00f3nov\u00e9 povrchy ani dla\u017ebu.<\/p>\n<ul>\n<li data-start=\"1667\" data-end=\"1823\">R\u00fdchly, nekoroz\u00edvny rozmrazova\u010d pre pr\u00edjazdov\u00e9 cesty, chodn\u00edky a terasy ak\u00e9hoko\u013evek typu, vr\u00e1tane z\u00e1mkovej dla\u017eby, bet\u00f3nu, asfaltu alebo pr\u00edrodn\u00e9ho kame\u0148a<\/li>\n<li data-start=\"1826\" data-end=\"1902\">Jedine\u010dn\u00e9 zlo\u017eenie vytv\u00e1ra teplo, v\u010faka ktor\u00e9mu sa sneh a \u013ead r\u00fdchlo topia<\/li>\n<li data-start=\"1905\" data-end=\"1977\">Priemern\u00e9 pokrytie: 6\u20138 m\u00b2 na 1 kg; z 5 kg pr\u00edpravku o\u0161etr\u00edte 30\u201345 m\u00b2<\/li>\n<li data-start=\"1980\" data-end=\"2086\">Pri aplik\u00e1cii na o\u0161etren\u00fd povrch (pr\u00edjazdov\u00e1 cesta, terasa) nepo\u0161kodzuje ani neskracuje \u017eivotnos\u0165 tmelov<\/li>\n<li data-start=\"2089\" data-end=\"2141\">Bezpe\u010dn\u00e9 pou\u017eitie na asfalte bez rizika po\u0161kodenia<\/li>\n<li data-start=\"2144\" data-end=\"2196\">Alternat\u00edva ku kamenn\u00fdm soliam vhodn\u00e1 pre zvierat\u00e1<\/li>\n<\/ul>\n<h3>Technick\u00fd popis Rozmrazova\u010da na dla\u017ebu<\/h3>\n<p>Ekologick\u00e9 rie\u0161enie na rozmrazovanie \u013eadu a snehu. Granulovan\u00fd rozmrazova\u010d je preuk\u00e1zate\u013ene trikr\u00e1t r\u00fdchlej\u0161\u00ed ne\u017e kamenn\u00e1 so\u013e a o 80 % menej koroz\u00edvny. Rozmrazova\u010d na dla\u017ebu je ide\u00e1lny na odstra\u0148ovanie snehu a \u013eadu z ciest, chodn\u00edkov, pr\u00edjazdov\u00fdch ciest, let\u00edsk, nakladac\u00edch pl\u00f4ch, schodov a mnoh\u00fdch \u010fal\u0161\u00edch miest. Tento rozmrazova\u010d funguje pri teplot\u00e1ch a\u017e do \u221218 \u00b0C a \u00fa\u010dinkuje a\u017e 12 hod\u00edn.<\/p>\n<p><strong>Funkcie<\/strong><\/p>\n<ul>\n<li data-start=\"2650\" data-end=\"2686\">Ekologick\u00fd granulovan\u00fd rozmrazova\u010d<\/li>\n<li data-start=\"2689\" data-end=\"2762\">Vhodn\u00fd na pou\u017eitie na pr\u00edjazdov\u00fdch cest\u00e1ch, chodn\u00edkoch, schodoch a pod.<\/li>\n<li data-start=\"2765\" data-end=\"2806\">Okam\u017eit\u00fd a efekt\u00edvny \u00fa\u010dinok a\u017e 12 hod\u00edn<\/li>\n<li data-start=\"2809\" data-end=\"2849\">Top\u00ed \u013ead 3\u00d7 r\u00fdchlej\u0161ie ne\u017e kamenn\u00e1 so\u013e<\/li>\n<li data-start=\"2852\" data-end=\"2892\">O 80 % menej koroz\u00edvny ne\u017e kamenn\u00e1 so\u013e<\/li>\n<li data-start=\"2895\" data-end=\"2928\">Funk\u010dn\u00fd pri teplot\u00e1ch do \u221218 \u00b0<\/li>\n<\/ul>\n<p data-start=\"2895\" data-end=\"2928\"><strong>Bezpe\u010dnos\u0165 produktu<\/strong><\/p>\n<p>Na tento produkt sa vz\u0165ahuj\u00fa osobitn\u00e9 bezpe\u010dnostn\u00e9 upozornenia:<\/p>\n<ul>\n<li data-start=\"3022\" data-end=\"3106\">Pri zasiahnut\u00ed o\u010d\u00ed okam\u017eite d\u00f4kladne vypl\u00e1chnite vodou a vyh\u013eadajte lek\u00e1rsku pomoc<\/li>\n<li data-start=\"3109\" data-end=\"3138\">Vyhnite sa kontaktu s o\u010dami<\/li>\n<li data-start=\"3141\" data-end=\"3173\">Vyhnite sa kontaktu s poko\u017ekou<\/li>\n<li data-start=\"3176\" data-end=\"3195\">Nevdychujte prach<\/li>\n<\/ul>\n<p><strong>Bezpe\u010dnostn\u00fd list<\/strong><\/p>\n<p><a href=\"https:\/\/smartseal.cz\/sk\/wp-content\/uploads\/sites\/2\/2025\/01\/BL_rapidthaw_CZ.pdf.pdf\">Bezpe\u010dnostn\u00ed list Rozmrazova\u010d na dla\u017ebu v PDF<\/a><\/p>\n","protected":false},"excerpt":{"rendered":"<p>Ekologick\u00fd rozmrazova\u010d na dla\u017ebu vhodn\u00fd pre v\u00e4\u010d\u0161inu povrchov \u2013 z\u00e1mkov\u00fa dla\u017ebu, bet\u00f3n, asfalt a kame\u0148.<\/p>\n","protected":false},"featured_media":18653,"comment_status":"open","ping_status":"closed","template":"","meta":[],"product_brand":[],"product_cat":[177,174,55,56,60,57,54,53,23,52,49,40,65,64,38,61,59,58,21],"product_tag":[],"class_list":{"0":"post-5020","1":"product","2":"type-product","3":"status-publish","4":"has-post-thumbnail","6":"product_cat-ine","7":"product_cat-zimna-udrzba","8":"product_cat-asfalt","9":"product_cat-beton","10":"product_cat-dlazba","11":"product_cat-prirodni-kamen","12":"product_cat-razeny-beton","13":"product_cat-zamkova-dlazba","14":"product_cat-cistiace-odstranovace","15":"product_cat-cistenie-prijazdovych-ciest-a-chodnikov","16":"product_cat-cistenie-vonkajsich-teras","17":"product_cat-betonove-povrchy","18":"product_cat-beton-betonove-povrchy","19":"product_cat-razeny-beton-betonove-povrchy","20":"product_cat-vonkajsie-terasy-nadvoria","21":"product_cat-prirodni-kamen-terasy","22":"product_cat-razeny-beton-terasy","23":"product_cat-zamkova-dlazba-terasy","24":"product_cat-pristupove-cesty-chodniky","25":"pa_velikost-baleni-5l","27":"first","28":"outofstock","29":"taxable","30":"shipping-taxable","31":"purchasable","32":"product-type-simple"},"yoast_head":"<!-- This site is optimized with the Yoast SEO Premium plugin v26.8 (Yoast SEO v26.9) - https:\/\/yoast.com\/product\/yoast-seo-premium-wordpress\/ -->\n<title>Rozmrazova\u010d na dla\u017ebu - ekologicky \u0161etrn\u00fd I,5kg Smartseal Slovensko<\/title>\n<meta name=\"description\" content=\"Ekologick\u00fd rozmrazova\u010d na dla\u017ebu pre pr\u00edjazdov\u00e9 cesty, chodn\u00edky a terasy. \u00da\u010dinn\u00fd a\u017e do \u221218 \u00b0C, bezpe\u010dn\u00fd pre zvierat\u00e1, bez \u0161kv\u0155n a kor\u00f3zie.\" \/>\n<meta name=\"robots\" content=\"index, follow, max-snippet:-1, max-image-preview:large, max-video-preview:-1\" \/>\n<link rel=\"canonical\" href=\"https:\/\/smartseal.cz\/sk\/produkt\/rozmrazovac-na-dlazbu-ekologicky-setrny\/\" \/>\n<meta property=\"og:locale\" content=\"sk_SK\" \/>\n<meta property=\"og:type\" content=\"article\" \/>\n<meta property=\"og:title\" content=\"Rozmrazova\u010d na dla\u017ebu - ekologicky \u0161etrn\u00fd\" \/>\n<meta property=\"og:description\" content=\"Ekologick\u00fd rozmrazova\u010d na dla\u017ebu pre pr\u00edjazdov\u00e9 cesty, chodn\u00edky a terasy. \u00da\u010dinn\u00fd a\u017e do \u221218 \u00b0C, bezpe\u010dn\u00fd pre zvierat\u00e1, bez \u0161kv\u0155n a kor\u00f3zie.\" \/>\n<meta property=\"og:url\" content=\"https:\/\/smartseal.cz\/sk\/produkt\/rozmrazovac-na-dlazbu-ekologicky-setrny\/\" \/>\n<meta property=\"og:site_name\" content=\"Smartseal Slovensko\" \/>\n<meta property=\"article:modified_time\" content=\"2026-01-17T22:02:19+00:00\" \/>\n<meta property=\"og:image\" content=\"https:\/\/smartseal.cz\/sk\/wp-content\/uploads\/2024\/11\/EKO-ROZMRAZOVAC.png\" \/>\n\t<meta property=\"og:image:width\" content=\"800\" \/>\n\t<meta property=\"og:image:height\" content=\"800\" \/>\n\t<meta property=\"og:image:type\" content=\"image\/png\" \/>\n<meta name=\"twitter:card\" content=\"summary_large_image\" \/>\n<meta name=\"twitter:label1\" content=\"Predpokladan\u00fd \u010das \u010d\u00edtania\" \/>\n\t<meta name=\"twitter:data1\" content=\"3 min\u00faty\" \/>\n<script type=\"application\/ld+json\" class=\"yoast-schema-graph\">{\"@context\":\"https:\/\/schema.org\",\"@graph\":[{\"@type\":\"WebPage\",\"@id\":\"https:\/\/smartseal.cz\/sk\/produkt\/rozmrazovac-na-dlazbu-ekologicky-setrny\/\",\"url\":\"https:\/\/smartseal.cz\/sk\/produkt\/rozmrazovac-na-dlazbu-ekologicky-setrny\/\",\"name\":\"Rozmrazova\u010d na dla\u017ebu - ekologicky \u0161etrn\u00fd I,5kg Smartseal Slovensko\",\"isPartOf\":{\"@id\":\"https:\/\/smartseal.cz\/sk\/#website\"},\"primaryImageOfPage\":{\"@id\":\"https:\/\/smartseal.cz\/sk\/produkt\/rozmrazovac-na-dlazbu-ekologicky-setrny\/#primaryimage\"},\"image\":{\"@id\":\"https:\/\/smartseal.cz\/sk\/produkt\/rozmrazovac-na-dlazbu-ekologicky-setrny\/#primaryimage\"},\"thumbnailUrl\":\"https:\/\/smartseal.cz\/sk\/wp-content\/uploads\/2024\/11\/EKO-ROZMRAZOVAC.png\",\"datePublished\":\"2019-09-27T08:41:13+00:00\",\"dateModified\":\"2026-01-17T22:02:19+00:00\",\"description\":\"Ekologick\u00fd rozmrazova\u010d na dla\u017ebu pre pr\u00edjazdov\u00e9 cesty, chodn\u00edky a terasy. \u00da\u010dinn\u00fd a\u017e do \u221218 \u00b0C, bezpe\u010dn\u00fd pre zvierat\u00e1, bez \u0161kv\u0155n a kor\u00f3zie.\",\"breadcrumb\":{\"@id\":\"https:\/\/smartseal.cz\/sk\/produkt\/rozmrazovac-na-dlazbu-ekologicky-setrny\/#breadcrumb\"},\"inLanguage\":\"sk-SK\",\"potentialAction\":[{\"@type\":\"ReadAction\",\"target\":[\"https:\/\/smartseal.cz\/sk\/produkt\/rozmrazovac-na-dlazbu-ekologicky-setrny\/\"]}]},{\"@type\":\"ImageObject\",\"inLanguage\":\"sk-SK\",\"@id\":\"https:\/\/smartseal.cz\/sk\/produkt\/rozmrazovac-na-dlazbu-ekologicky-setrny\/#primaryimage\",\"url\":\"https:\/\/smartseal.cz\/sk\/wp-content\/uploads\/2024\/11\/EKO-ROZMRAZOVAC.png\",\"contentUrl\":\"https:\/\/smartseal.cz\/sk\/wp-content\/uploads\/2024\/11\/EKO-ROZMRAZOVAC.png\",\"width\":800,\"height\":800},{\"@type\":\"BreadcrumbList\",\"@id\":\"https:\/\/smartseal.cz\/sk\/produkt\/rozmrazovac-na-dlazbu-ekologicky-setrny\/#breadcrumb\",\"itemListElement\":[{\"@type\":\"ListItem\",\"position\":1,\"name\":\"Dom\u016f\",\"item\":\"https:\/\/smartseal.cz\/sk\/\"},{\"@type\":\"ListItem\",\"position\":2,\"name\":\"Obchod\",\"item\":\"https:\/\/smartseal.cz\/sk\/obchod\/\"},{\"@type\":\"ListItem\",\"position\":3,\"name\":\"Rozmrazova\u010d na dla\u017ebu &#8211; ekologicky \u0161etrn\u00fd\"}]},{\"@type\":\"WebSite\",\"@id\":\"https:\/\/smartseal.cz\/sk\/#website\",\"url\":\"https:\/\/smartseal.cz\/sk\/\",\"name\":\"Smartseal Slovensko\",\"description\":\"Chytr\u00e9 n\u00e1tery na v\u0161etky povrchy\",\"potentialAction\":[{\"@type\":\"SearchAction\",\"target\":{\"@type\":\"EntryPoint\",\"urlTemplate\":\"https:\/\/smartseal.cz\/sk\/?s={search_term_string}\"},\"query-input\":{\"@type\":\"PropertyValueSpecification\",\"valueRequired\":true,\"valueName\":\"search_term_string\"}}],\"inLanguage\":\"sk-SK\"}]}<\/script>\n<!-- \/ Yoast SEO Premium plugin. -->","yoast_head_json":{"title":"Rozmrazova\u010d na dla\u017ebu - ekologicky \u0161etrn\u00fd I,5kg Smartseal Slovensko","description":"Ekologick\u00fd rozmrazova\u010d na dla\u017ebu pre pr\u00edjazdov\u00e9 cesty, chodn\u00edky a terasy. \u00da\u010dinn\u00fd a\u017e do \u221218 \u00b0C, bezpe\u010dn\u00fd pre zvierat\u00e1, bez \u0161kv\u0155n a kor\u00f3zie.","robots":{"index":"index","follow":"follow","max-snippet":"max-snippet:-1","max-image-preview":"max-image-preview:large","max-video-preview":"max-video-preview:-1"},"canonical":"https:\/\/smartseal.cz\/sk\/produkt\/rozmrazovac-na-dlazbu-ekologicky-setrny\/","og_locale":"sk_SK","og_type":"article","og_title":"Rozmrazova\u010d na dla\u017ebu - ekologicky \u0161etrn\u00fd","og_description":"Ekologick\u00fd rozmrazova\u010d na dla\u017ebu pre pr\u00edjazdov\u00e9 cesty, chodn\u00edky a terasy. \u00da\u010dinn\u00fd a\u017e do \u221218 \u00b0C, bezpe\u010dn\u00fd pre zvierat\u00e1, bez \u0161kv\u0155n a kor\u00f3zie.","og_url":"https:\/\/smartseal.cz\/sk\/produkt\/rozmrazovac-na-dlazbu-ekologicky-setrny\/","og_site_name":"Smartseal Slovensko","article_modified_time":"2026-01-17T22:02:19+00:00","og_image":[{"width":800,"height":800,"url":"https:\/\/smartseal.cz\/sk\/wp-content\/uploads\/2024\/11\/EKO-ROZMRAZOVAC.png","type":"image\/png"}],"twitter_card":"summary_large_image","twitter_misc":{"Predpokladan\u00fd \u010das \u010d\u00edtania":"3 min\u00faty"},"schema":{"@context":"https:\/\/schema.org","@graph":[{"@type":"WebPage","@id":"https:\/\/smartseal.cz\/sk\/produkt\/rozmrazovac-na-dlazbu-ekologicky-setrny\/","url":"https:\/\/smartseal.cz\/sk\/produkt\/rozmrazovac-na-dlazbu-ekologicky-setrny\/","name":"Rozmrazova\u010d na dla\u017ebu - ekologicky \u0161etrn\u00fd I,5kg Smartseal Slovensko","isPartOf":{"@id":"https:\/\/smartseal.cz\/sk\/#website"},"primaryImageOfPage":{"@id":"https:\/\/smartseal.cz\/sk\/produkt\/rozmrazovac-na-dlazbu-ekologicky-setrny\/#primaryimage"},"image":{"@id":"https:\/\/smartseal.cz\/sk\/produkt\/rozmrazovac-na-dlazbu-ekologicky-setrny\/#primaryimage"},"thumbnailUrl":"https:\/\/smartseal.cz\/sk\/wp-content\/uploads\/2024\/11\/EKO-ROZMRAZOVAC.png","datePublished":"2019-09-27T08:41:13+00:00","dateModified":"2026-01-17T22:02:19+00:00","description":"Ekologick\u00fd rozmrazova\u010d na dla\u017ebu pre pr\u00edjazdov\u00e9 cesty, chodn\u00edky a terasy. \u00da\u010dinn\u00fd a\u017e do \u221218 \u00b0C, bezpe\u010dn\u00fd pre zvierat\u00e1, bez \u0161kv\u0155n a kor\u00f3zie.","breadcrumb":{"@id":"https:\/\/smartseal.cz\/sk\/produkt\/rozmrazovac-na-dlazbu-ekologicky-setrny\/#breadcrumb"},"inLanguage":"sk-SK","potentialAction":[{"@type":"ReadAction","target":["https:\/\/smartseal.cz\/sk\/produkt\/rozmrazovac-na-dlazbu-ekologicky-setrny\/"]}]},{"@type":"ImageObject","inLanguage":"sk-SK","@id":"https:\/\/smartseal.cz\/sk\/produkt\/rozmrazovac-na-dlazbu-ekologicky-setrny\/#primaryimage","url":"https:\/\/smartseal.cz\/sk\/wp-content\/uploads\/2024\/11\/EKO-ROZMRAZOVAC.png","contentUrl":"https:\/\/smartseal.cz\/sk\/wp-content\/uploads\/2024\/11\/EKO-ROZMRAZOVAC.png","width":800,"height":800},{"@type":"BreadcrumbList","@id":"https:\/\/smartseal.cz\/sk\/produkt\/rozmrazovac-na-dlazbu-ekologicky-setrny\/#breadcrumb","itemListElement":[{"@type":"ListItem","position":1,"name":"Dom\u016f","item":"https:\/\/smartseal.cz\/sk\/"},{"@type":"ListItem","position":2,"name":"Obchod","item":"https:\/\/smartseal.cz\/sk\/obchod\/"},{"@type":"ListItem","position":3,"name":"Rozmrazova\u010d na dla\u017ebu &#8211; ekologicky \u0161etrn\u00fd"}]},{"@type":"WebSite","@id":"https:\/\/smartseal.cz\/sk\/#website","url":"https:\/\/smartseal.cz\/sk\/","name":"Smartseal Slovensko","description":"Chytr\u00e9 n\u00e1tery na v\u0161etky povrchy","potentialAction":[{"@type":"SearchAction","target":{"@type":"EntryPoint","urlTemplate":"https:\/\/smartseal.cz\/sk\/?s={search_term_string}"},"query-input":{"@type":"PropertyValueSpecification","valueRequired":true,"valueName":"search_term_string"}}],"inLanguage":"sk-SK"}]}},"_links":{"self":[{"href":"https:\/\/smartseal.cz\/sk\/wp-json\/wp\/v2\/product\/5020","targetHints":{"allow":["GET"]}}],"collection":[{"href":"https:\/\/smartseal.cz\/sk\/wp-json\/wp\/v2\/product"}],"about":[{"href":"https:\/\/smartseal.cz\/sk\/wp-json\/wp\/v2\/types\/product"}],"replies":[{"embeddable":true,"href":"https:\/\/smartseal.cz\/sk\/wp-json\/wp\/v2\/comments?post=5020"}],"wp:featuredmedia":[{"embeddable":true,"href":"https:\/\/smartseal.cz\/sk\/wp-json\/wp\/v2\/media\/18653"}],"wp:attachment":[{"href":"https:\/\/smartseal.cz\/sk\/wp-json\/wp\/v2\/media?parent=5020"}],"wp:term":[{"taxonomy":"product_brand","embeddable":true,"href":"https:\/\/smartseal.cz\/sk\/wp-json\/wp\/v2\/product_brand?post=5020"},{"taxonomy":"product_cat","embeddable":true,"href":"https:\/\/smartseal.cz\/sk\/wp-json\/wp\/v2\/product_cat?post=5020"},{"taxonomy":"product_tag","embeddable":true,"href":"https:\/\/smartseal.cz\/sk\/wp-json\/wp\/v2\/product_tag?post=5020"}],"curies":[{"name":"wp","href":"https:\/\/api.w.org\/{rel}","templated":true}]}}