{"id":5016,"date":"2019-09-30T10:33:13","date_gmt":"2019-09-30T08:33:13","guid":{"rendered":"https:\/\/smartseal.cz\/sk\/?post_type=product&#038;p=5016"},"modified":"2026-01-05T12:59:36","modified_gmt":"2026-01-05T11:59:36","slug":"odstranovac-impregnacnich-nateru-na-kamen","status":"publish","type":"product","link":"https:\/\/smartseal.cz\/sk\/produkt\/odstranovac-impregnacnich-nateru-na-kamen\/","title":{"rendered":"Odstra\u0148ova\u010d impregna\u010dn\u00edch n\u00e1t\u011br\u016f na k\u00e1men, 25l"},"content":{"rendered":"<h2>Odstra\u0148uje zbytky impregna\u010dn\u00edch n\u00e1t\u011br\u016f z kamene<\/h2>\n<p>Odstra\u0148ova\u010d zbytk\u016f impregna\u010dn\u00edch n\u00e1t\u011br\u016f z p\u0159\u00edrodn\u00edho kamene je siln\u00fd ekologick\u00fd \u010disti\u010d, kter\u00fd na rozd\u00edl od jin\u00fdch kysel\u00fdch \/ alkalick\u00fdch \u010distic\u00edch prost\u0159edk\u016f p\u0159ed aplikac\u00ed nevy\u017eaduje \u017e\u00e1dn\u00fd neutraliza\u010dn\u00ed proces.<\/p>\n<p>Je speci\u00e1ln\u011b navr\u017een tak, aby odstranil zbytky impregna\u010dn\u00edch n\u00e1t\u011br\u016f z\u00a0p\u0159\u00edrodn\u00edho kamene.<\/p>\n<p><strong>Dostupn\u00e9 velikosti<\/strong><\/p>\n<ul>\n<li>5l, 25l<\/li>\n<\/ul>\n<h3>Technick\u00fd popis Odstra\u0148ova\u010de impregna\u010dn\u00edch n\u00e1t\u011br\u016f<\/h3>\n<p><strong>Aplikace<\/strong><\/p>\n<ul>\n<li>Pou\u017eijte \u010dist\u00fd nebo z\u0159ed\u011bn\u00fd v\u00fdrobek v pom\u011bru 1: 5 v z\u00e1vislosti na mno\u017estv\u00ed p\u0159\u00edtomn\u00e9ho zbytku impregna\u010dn\u00edho n\u00e1t\u011bru<\/li>\n<li>Naneste \u0161t\u011btcem nebo zahradn\u00edm post\u0159ikova\u010dem<\/li>\n<li>Nechte produkt proniknout do povrchu a odbourat zbytky n\u00e1t\u011bru (5\u201360 minut)<\/li>\n<li>Prom\u00edchejte tuh\u00fdm kart\u00e1\u010dem a omyjte tlakovou my\u010dkou<\/li>\n<li>Pokud n\u011bjak\u00e9 zbytky n\u00e1t\u011bru z\u016fstanou na povrchu po prvn\u00ed aplikaci, proces opakujte<\/li>\n<li>Pr\u016fm\u011brn\u00e9 pokryt\u00ed 6\u20138 m\u00b2 na 1 litr<\/li>\n<\/ul>\n<p><strong>Fyzik\u00e1ln\u00ed vlastnosti<\/strong><\/p>\n<ul>\n<li>Bezpe\u010dn\u011bj\u0161\u00ed pou\u017eit\u00ed<\/li>\n<li>Bez fosf\u00e1t\u016f<\/li>\n<li>Biologicky rozlo\u017eiteln\u00fd<\/li>\n<li>V\u00edcero vyu\u017eit\u00ed<\/li>\n<li>\u017d\u00e1dn\u00e9 VOC (t\u011bkav\u00e9 organick\u00e9 l\u00e1tky)<\/li>\n<li>N\u00edzk\u00fd z\u00e1pach<\/li>\n<li>PH 13 &#8211; Alkalick\u00fd<\/li>\n<\/ul>\n<p><strong>Zdrav\u00ed a bezpe\u010dnost<\/strong><\/p>\n<p>Neho\u0159lav\u00e9. P\u0159i zasa\u017een\u00ed o\u010d\u00ed okam\u017eit\u011b d\u016fkladn\u011b vypl\u00e1chn\u011bte vodou a vyhledejte l\u00e9ka\u0159skou pomoc. Uchov\u00e1vejte obal t\u011bsn\u011b uzav\u0159en\u00fd a na dob\u0159e v\u011btran\u00e9m m\u00edst\u011b. Pou\u017e\u00edvejte <a href=\"https:\/\/smartseal.cz\/sk\/obchod\/sada-ochrannych-pomucek\/\">vhodn\u00fd ochrann\u00fd od\u011bv a rukavice<\/a>.<\/p>\n<p>&nbsp;<\/p>\n<p>&nbsp;<\/p>\n<p>&nbsp;<\/p>\n","protected":false},"excerpt":{"rendered":"<p>Tento v\u00fdrobek v\u00e1m pom\u016f\u017ee odstranit zbytky impregna\u010dn\u00edho n\u00e1t\u011bru z p\u0159\u00edrodn\u00edho kamene.<\/p>\n","protected":false},"featured_media":9623,"comment_status":"open","ping_status":"closed","template":"","meta":[],"product_brand":[],"product_cat":[57,46,23,52,49,38,61,21],"product_tag":[],"class_list":{"0":"post-5016","1":"product","2":"type-product","3":"status-publish","4":"has-post-thumbnail","6":"product_cat-prirodni-kamen","7":"product_cat-impregnacia-na-prirodni-kamen","8":"product_cat-cistiace-odstranovace","9":"product_cat-cistenie-prijazdovych-ciest-a-chodnikov","10":"product_cat-cistenie-vonkajsich-teras","11":"product_cat-vonkajsie-terasy-nadvoria","12":"product_cat-prirodni-kamen-terasy","13":"product_cat-pristupove-cesty-chodniky","14":"pa_velikost-baleni-25l","16":"first","17":"instock","18":"taxable","19":"shipping-taxable","20":"purchasable","21":"product-type-simple"},"yoast_head":"<!-- This site is optimized with the Yoast SEO Premium plugin v26.8 (Yoast SEO v26.9) - https:\/\/yoast.com\/product\/yoast-seo-premium-wordpress\/ -->\n<title>Odstra\u0148ova\u010d impregna\u010dn\u00edch n\u00e1t\u011br\u016f na k\u00e1men, 25l - Smartseal Slovensko<\/title>\n<meta name=\"description\" content=\"Odstra\u0148uje zbytky impregna\u010dn\u00edch n\u00e1t\u011br\u016f z p\u0159\u00edrodn\u00edho kamene.\" \/>\n<meta name=\"robots\" content=\"index, follow, max-snippet:-1, max-image-preview:large, max-video-preview:-1\" \/>\n<link rel=\"canonical\" href=\"https:\/\/smartseal.cz\/sk\/produkt\/odstranovac-impregnacnich-nateru-na-kamen\/\" \/>\n<meta property=\"og:locale\" content=\"sk_SK\" \/>\n<meta property=\"og:type\" content=\"article\" \/>\n<meta property=\"og:title\" content=\"Odstra\u0148ova\u010d impregna\u010dn\u00edch n\u00e1t\u011br\u016f na k\u00e1men, 25l\" \/>\n<meta property=\"og:description\" content=\"Odstra\u0148uje zbytky impregna\u010dn\u00edch n\u00e1t\u011br\u016f z p\u0159\u00edrodn\u00edho kamene.\" \/>\n<meta property=\"og:url\" content=\"https:\/\/smartseal.cz\/sk\/produkt\/odstranovac-impregnacnich-nateru-na-kamen\/\" \/>\n<meta property=\"og:site_name\" content=\"Smartseal Slovensko\" \/>\n<meta property=\"article:modified_time\" content=\"2026-01-05T11:59:36+00:00\" \/>\n<meta property=\"og:image\" content=\"https:\/\/smartseal.cz\/sk\/wp-content\/uploads\/2022\/09\/obal_odstranovac_5l.png\" \/>\n\t<meta property=\"og:image:width\" content=\"800\" \/>\n\t<meta property=\"og:image:height\" content=\"800\" \/>\n\t<meta property=\"og:image:type\" content=\"image\/png\" \/>\n<meta name=\"twitter:card\" content=\"summary_large_image\" \/>\n<meta name=\"twitter:label1\" content=\"Predpokladan\u00fd \u010das \u010d\u00edtania\" \/>\n\t<meta name=\"twitter:data1\" content=\"2 min\u00faty\" \/>\n<script type=\"application\/ld+json\" class=\"yoast-schema-graph\">{\"@context\":\"https:\/\/schema.org\",\"@graph\":[{\"@type\":\"WebPage\",\"@id\":\"https:\/\/smartseal.cz\/sk\/produkt\/odstranovac-impregnacnich-nateru-na-kamen\/\",\"url\":\"https:\/\/smartseal.cz\/sk\/produkt\/odstranovac-impregnacnich-nateru-na-kamen\/\",\"name\":\"Odstra\u0148ova\u010d impregna\u010dn\u00edch n\u00e1t\u011br\u016f na k\u00e1men, 25l - Smartseal Slovensko\",\"isPartOf\":{\"@id\":\"https:\/\/smartseal.cz\/sk\/#website\"},\"primaryImageOfPage\":{\"@id\":\"https:\/\/smartseal.cz\/sk\/produkt\/odstranovac-impregnacnich-nateru-na-kamen\/#primaryimage\"},\"image\":{\"@id\":\"https:\/\/smartseal.cz\/sk\/produkt\/odstranovac-impregnacnich-nateru-na-kamen\/#primaryimage\"},\"thumbnailUrl\":\"https:\/\/smartseal.cz\/sk\/wp-content\/uploads\/2022\/09\/obal_odstranovac_5l.png\",\"datePublished\":\"2019-09-30T08:33:13+00:00\",\"dateModified\":\"2026-01-05T11:59:36+00:00\",\"description\":\"Odstra\u0148uje zbytky impregna\u010dn\u00edch n\u00e1t\u011br\u016f z p\u0159\u00edrodn\u00edho kamene.\",\"breadcrumb\":{\"@id\":\"https:\/\/smartseal.cz\/sk\/produkt\/odstranovac-impregnacnich-nateru-na-kamen\/#breadcrumb\"},\"inLanguage\":\"sk-SK\",\"potentialAction\":[{\"@type\":\"ReadAction\",\"target\":[\"https:\/\/smartseal.cz\/sk\/produkt\/odstranovac-impregnacnich-nateru-na-kamen\/\"]}]},{\"@type\":\"ImageObject\",\"inLanguage\":\"sk-SK\",\"@id\":\"https:\/\/smartseal.cz\/sk\/produkt\/odstranovac-impregnacnich-nateru-na-kamen\/#primaryimage\",\"url\":\"https:\/\/smartseal.cz\/sk\/wp-content\/uploads\/2022\/09\/obal_odstranovac_5l.png\",\"contentUrl\":\"https:\/\/smartseal.cz\/sk\/wp-content\/uploads\/2022\/09\/obal_odstranovac_5l.png\",\"width\":800,\"height\":800},{\"@type\":\"BreadcrumbList\",\"@id\":\"https:\/\/smartseal.cz\/sk\/produkt\/odstranovac-impregnacnich-nateru-na-kamen\/#breadcrumb\",\"itemListElement\":[{\"@type\":\"ListItem\",\"position\":1,\"name\":\"Dom\u016f\",\"item\":\"https:\/\/smartseal.cz\/sk\/\"},{\"@type\":\"ListItem\",\"position\":2,\"name\":\"Obchod\",\"item\":\"https:\/\/smartseal.cz\/sk\/obchod\/\"},{\"@type\":\"ListItem\",\"position\":3,\"name\":\"Odstra\u0148ova\u010d impregna\u010dn\u00edch n\u00e1t\u011br\u016f na k\u00e1men, 25l\"}]},{\"@type\":\"WebSite\",\"@id\":\"https:\/\/smartseal.cz\/sk\/#website\",\"url\":\"https:\/\/smartseal.cz\/sk\/\",\"name\":\"Smartseal Slovensko\",\"description\":\"Chytr\u00e9 n\u00e1tery na v\u0161etky povrchy\",\"potentialAction\":[{\"@type\":\"SearchAction\",\"target\":{\"@type\":\"EntryPoint\",\"urlTemplate\":\"https:\/\/smartseal.cz\/sk\/?s={search_term_string}\"},\"query-input\":{\"@type\":\"PropertyValueSpecification\",\"valueRequired\":true,\"valueName\":\"search_term_string\"}}],\"inLanguage\":\"sk-SK\"}]}<\/script>\n<!-- \/ Yoast SEO Premium plugin. -->","yoast_head_json":{"title":"Odstra\u0148ova\u010d impregna\u010dn\u00edch n\u00e1t\u011br\u016f na k\u00e1men, 25l - Smartseal Slovensko","description":"Odstra\u0148uje zbytky impregna\u010dn\u00edch n\u00e1t\u011br\u016f z p\u0159\u00edrodn\u00edho kamene.","robots":{"index":"index","follow":"follow","max-snippet":"max-snippet:-1","max-image-preview":"max-image-preview:large","max-video-preview":"max-video-preview:-1"},"canonical":"https:\/\/smartseal.cz\/sk\/produkt\/odstranovac-impregnacnich-nateru-na-kamen\/","og_locale":"sk_SK","og_type":"article","og_title":"Odstra\u0148ova\u010d impregna\u010dn\u00edch n\u00e1t\u011br\u016f na k\u00e1men, 25l","og_description":"Odstra\u0148uje zbytky impregna\u010dn\u00edch n\u00e1t\u011br\u016f z p\u0159\u00edrodn\u00edho kamene.","og_url":"https:\/\/smartseal.cz\/sk\/produkt\/odstranovac-impregnacnich-nateru-na-kamen\/","og_site_name":"Smartseal Slovensko","article_modified_time":"2026-01-05T11:59:36+00:00","og_image":[{"width":800,"height":800,"url":"https:\/\/smartseal.cz\/sk\/wp-content\/uploads\/2022\/09\/obal_odstranovac_5l.png","type":"image\/png"}],"twitter_card":"summary_large_image","twitter_misc":{"Predpokladan\u00fd \u010das \u010d\u00edtania":"2 min\u00faty"},"schema":{"@context":"https:\/\/schema.org","@graph":[{"@type":"WebPage","@id":"https:\/\/smartseal.cz\/sk\/produkt\/odstranovac-impregnacnich-nateru-na-kamen\/","url":"https:\/\/smartseal.cz\/sk\/produkt\/odstranovac-impregnacnich-nateru-na-kamen\/","name":"Odstra\u0148ova\u010d impregna\u010dn\u00edch n\u00e1t\u011br\u016f na k\u00e1men, 25l - Smartseal Slovensko","isPartOf":{"@id":"https:\/\/smartseal.cz\/sk\/#website"},"primaryImageOfPage":{"@id":"https:\/\/smartseal.cz\/sk\/produkt\/odstranovac-impregnacnich-nateru-na-kamen\/#primaryimage"},"image":{"@id":"https:\/\/smartseal.cz\/sk\/produkt\/odstranovac-impregnacnich-nateru-na-kamen\/#primaryimage"},"thumbnailUrl":"https:\/\/smartseal.cz\/sk\/wp-content\/uploads\/2022\/09\/obal_odstranovac_5l.png","datePublished":"2019-09-30T08:33:13+00:00","dateModified":"2026-01-05T11:59:36+00:00","description":"Odstra\u0148uje zbytky impregna\u010dn\u00edch n\u00e1t\u011br\u016f z p\u0159\u00edrodn\u00edho kamene.","breadcrumb":{"@id":"https:\/\/smartseal.cz\/sk\/produkt\/odstranovac-impregnacnich-nateru-na-kamen\/#breadcrumb"},"inLanguage":"sk-SK","potentialAction":[{"@type":"ReadAction","target":["https:\/\/smartseal.cz\/sk\/produkt\/odstranovac-impregnacnich-nateru-na-kamen\/"]}]},{"@type":"ImageObject","inLanguage":"sk-SK","@id":"https:\/\/smartseal.cz\/sk\/produkt\/odstranovac-impregnacnich-nateru-na-kamen\/#primaryimage","url":"https:\/\/smartseal.cz\/sk\/wp-content\/uploads\/2022\/09\/obal_odstranovac_5l.png","contentUrl":"https:\/\/smartseal.cz\/sk\/wp-content\/uploads\/2022\/09\/obal_odstranovac_5l.png","width":800,"height":800},{"@type":"BreadcrumbList","@id":"https:\/\/smartseal.cz\/sk\/produkt\/odstranovac-impregnacnich-nateru-na-kamen\/#breadcrumb","itemListElement":[{"@type":"ListItem","position":1,"name":"Dom\u016f","item":"https:\/\/smartseal.cz\/sk\/"},{"@type":"ListItem","position":2,"name":"Obchod","item":"https:\/\/smartseal.cz\/sk\/obchod\/"},{"@type":"ListItem","position":3,"name":"Odstra\u0148ova\u010d impregna\u010dn\u00edch n\u00e1t\u011br\u016f na k\u00e1men, 25l"}]},{"@type":"WebSite","@id":"https:\/\/smartseal.cz\/sk\/#website","url":"https:\/\/smartseal.cz\/sk\/","name":"Smartseal Slovensko","description":"Chytr\u00e9 n\u00e1tery na v\u0161etky povrchy","potentialAction":[{"@type":"SearchAction","target":{"@type":"EntryPoint","urlTemplate":"https:\/\/smartseal.cz\/sk\/?s={search_term_string}"},"query-input":{"@type":"PropertyValueSpecification","valueRequired":true,"valueName":"search_term_string"}}],"inLanguage":"sk-SK"}]}},"_links":{"self":[{"href":"https:\/\/smartseal.cz\/sk\/wp-json\/wp\/v2\/product\/5016","targetHints":{"allow":["GET"]}}],"collection":[{"href":"https:\/\/smartseal.cz\/sk\/wp-json\/wp\/v2\/product"}],"about":[{"href":"https:\/\/smartseal.cz\/sk\/wp-json\/wp\/v2\/types\/product"}],"replies":[{"embeddable":true,"href":"https:\/\/smartseal.cz\/sk\/wp-json\/wp\/v2\/comments?post=5016"}],"wp:featuredmedia":[{"embeddable":true,"href":"https:\/\/smartseal.cz\/sk\/wp-json\/wp\/v2\/media\/9623"}],"wp:attachment":[{"href":"https:\/\/smartseal.cz\/sk\/wp-json\/wp\/v2\/media?parent=5016"}],"wp:term":[{"taxonomy":"product_brand","embeddable":true,"href":"https:\/\/smartseal.cz\/sk\/wp-json\/wp\/v2\/product_brand?post=5016"},{"taxonomy":"product_cat","embeddable":true,"href":"https:\/\/smartseal.cz\/sk\/wp-json\/wp\/v2\/product_cat?post=5016"},{"taxonomy":"product_tag","embeddable":true,"href":"https:\/\/smartseal.cz\/sk\/wp-json\/wp\/v2\/product_tag?post=5016"}],"curies":[{"name":"wp","href":"https:\/\/api.w.org\/{rel}","templated":true}]}}