{"id":4332,"date":"2019-04-25T09:09:55","date_gmt":"2019-04-25T07:09:55","guid":{"rendered":"https:\/\/smartseal.cz\/sk\/obchod\/univerzalni-cistic\/"},"modified":"2026-03-15T15:17:33","modified_gmt":"2026-03-15T14:17:33","slug":"univerzalni-cistic","status":"publish","type":"product","link":"https:\/\/smartseal.cz\/sk\/produkt\/univerzalni-cistic\/","title":{"rendered":"Univerz\u00e1lny \u010disti\u010d, 1l"},"content":{"rendered":"<h2>Univerz\u00e1lny \u010distiaci prostriedok na odstra\u0148ovanie ne\u010dist\u00f4t a \u0161kv\u0155n z pr\u00edjazdov\u00fdch ciest<\/h2>\n<p>\u00da\u010dinn\u00fd \u010disti\u010d pro p\u0159\u00edjezdov\u00e9 cesty a z\u00e1mkovou dla\u017ebu.<\/p>\n<p>Z\u0159e\u010fte v pom\u011bru 1:3 u siln\u011b zne\u010di\u0161t\u011bn\u00fdch povrch\u016f (1 d\u00edl produktu a 3 d\u00edly vody) nebo 5 u lehce zne\u010di\u0161t\u011bn\u00fdch a vytvo\u0159te 15-25 litr\u016f \u010distic\u00ed kapaliny (Pokryje cca 75 &#8211; 125 m2 dla\u017eby). U 1l balen\u00ed vytvo\u0159\u00edte 3-5 litr\u016f \u010dist\u00edc\u00ed kapaliny a vy\u010dist\u00edte cca 15 &#8211; 25 m2 dla\u017eby.<\/p>\n<p>Povrch navlh\u010dete a pak aplikujte produkt, bu\u010f post\u0159ikova\u010dem nebo zahradn\u00ed konvic\u00ed. Nejlep\u0161\u00edch v\u00fdsledk\u016f dos\u00e1hnete, kdy\u017e \u010disti\u010d nanesete a pot\u00e9 zapracujete tvrd\u00fdm ko\u0161t\u011btem. Nech\u00e1te p\u016fsobit 20 minut. Pot\u00e9 omyjte tlakov\u00fdm \u010disti\u010dem.<\/p>\n<h5>\u00a0KL\u00cd\u010cOV\u00c9 VLASTNOSTI<\/h5>\n<ul>\n<li>Rychle p\u016fsob\u00edc\u00ed biologick\u00fd \u010disti\u010d<\/li>\n<li>Biologicky urychluje degradaci olej\u016f a obecn\u00fdch skvrn<\/li>\n<li>P\u0159ev\u00e1d\u00ed olej na ne\u0161kodn\u00fd CO2 a vodu<\/li>\n<li>Obsahuje bakterie typu Euro 1 &#8211; nepatogenn\u00ed a ne\u0161kodn\u00e9 pro \u010dlov\u011bka<\/li>\n<li>Nen\u00ed ho\u0159lav\u00fd<\/li>\n<li>Nep\u0159i\u0161p\u00edv\u00e1 k erozi povrchu<\/li>\n<li>Pln\u011b biologicky odbourateln\u00fd:&gt; 90% za 28 dn\u00ed<\/li>\n<li>Nen\u00ed klasifikov\u00e1n jako nebezpe\u010dn\u00fd v doporu\u010den\u00fdch \u0159ed\u011bn\u00edch<\/li>\n<li>\u010cisti\u010d p\u0159\u00edjezdov\u00e9 cesty, kter\u00fd rychle odstran\u00ed ne\u010distoty a \u0161p\u00ednu ze z\u00e1mkov\u00e9 dla\u017eby a betonu.<\/li>\n<\/ul>\n<p><strong>Spot\u0159eba u vzorku (100ml)<\/strong>: Vzorek na\u0159e\u010fte 1:3, takto vznikl\u00fdm roztokem vy\u010dist\u00edte plochu <strong>maxim\u00e1ln\u011b o rozloze 0,5 m2<\/strong> (0,7m x 0,7m). Jedn\u00e1 se o vzorek a je pot\u0159eba k tomu tak\u00e9 tak p\u0159istupovat. Necht\u011bjte vy\u010distit p\u0159\u00edli\u0161 velkou plochu, proto\u017ee se m\u016f\u017ee st\u00e1t, \u017ee v\u00fdrobek pak nebude spr\u00e1vn\u011b fungovat. K aplikaci pou\u017e\u00edvejte \u0161t\u011btec.<\/p>\n","protected":false},"excerpt":{"rendered":"<p>Univerz\u00e1lny \u010distiaci prostriedok, ktor\u00fd odstra\u0148uje ne\u010distoty a olejov\u00e9 \u0161kvrny z dla\u017eby a bet\u00f3nu.<\/p>\n","protected":false},"featured_media":12985,"comment_status":"open","ping_status":"closed","template":"","meta":[],"product_brand":[],"product_cat":[53,23,52,93,21],"product_tag":[],"class_list":{"0":"post-4332","1":"product","2":"type-product","3":"status-publish","4":"has-post-thumbnail","6":"product_cat-zamkova-dlazba","7":"product_cat-cistiace-odstranovace","8":"product_cat-cistenie-prijazdovych-ciest-a-chodnikov","9":"product_cat-odstranovace-oleja","10":"product_cat-pristupove-cesty-chodniky","11":"pa_faze-pouziti-cisteni","12":"pa_velikost-baleni-1l","14":"first","15":"instock","16":"taxable","17":"shipping-taxable","18":"purchasable","19":"product-type-simple"},"yoast_head":"<!-- This site is optimized with the Yoast SEO Premium plugin v26.8 (Yoast SEO v26.9) - https:\/\/yoast.com\/product\/yoast-seo-premium-wordpress\/ -->\n<title>Univerz\u00e1lny \u010disti\u010d 1L I Smartseal SK<\/title>\n<meta name=\"description\" content=\"Univerz\u00e1lny \u010distiaci prostriedok, ktor\u00fd \u010dist\u00ed pr\u00edjazdov\u00e9 cesty, dla\u017ebu a bet\u00f3n od ne\u010dist\u00f4t a olejov\u00fdch \u0161kv\u0155n.\" \/>\n<meta name=\"robots\" content=\"index, follow, max-snippet:-1, max-image-preview:large, max-video-preview:-1\" \/>\n<link rel=\"canonical\" href=\"https:\/\/smartseal.cz\/sk\/produkt\/univerzalni-cistic\/\" \/>\n<meta property=\"og:locale\" content=\"sk_SK\" \/>\n<meta property=\"og:type\" content=\"article\" \/>\n<meta property=\"og:title\" content=\"Univerz\u00e1lny \u010disti\u010d, 1l\" \/>\n<meta property=\"og:description\" content=\"Univerz\u00e1lny \u010distiaci prostriedok, ktor\u00fd \u010dist\u00ed pr\u00edjazdov\u00e9 cesty, dla\u017ebu a bet\u00f3n od ne\u010dist\u00f4t a olejov\u00fdch \u0161kv\u0155n.\" \/>\n<meta property=\"og:url\" content=\"https:\/\/smartseal.cz\/sk\/produkt\/univerzalni-cistic\/\" \/>\n<meta property=\"og:site_name\" content=\"Smartseal Slovensko\" \/>\n<meta property=\"article:modified_time\" content=\"2026-03-15T14:17:33+00:00\" \/>\n<meta property=\"og:image\" content=\"https:\/\/smartseal.cz\/sk\/wp-content\/uploads\/2023\/08\/uni_cistic_obal_1L.png\" \/>\n\t<meta property=\"og:image:width\" content=\"800\" \/>\n\t<meta property=\"og:image:height\" content=\"800\" \/>\n\t<meta property=\"og:image:type\" content=\"image\/png\" \/>\n<meta name=\"twitter:card\" content=\"summary_large_image\" \/>\n<meta name=\"twitter:label1\" content=\"Predpokladan\u00fd \u010das \u010d\u00edtania\" \/>\n\t<meta name=\"twitter:data1\" content=\"2 min\u00faty\" \/>\n<script type=\"application\/ld+json\" class=\"yoast-schema-graph\">{\"@context\":\"https:\/\/schema.org\",\"@graph\":[{\"@type\":\"WebPage\",\"@id\":\"https:\/\/smartseal.cz\/sk\/produkt\/univerzalni-cistic\/\",\"url\":\"https:\/\/smartseal.cz\/sk\/produkt\/univerzalni-cistic\/\",\"name\":\"Univerz\u00e1lny \u010disti\u010d 1L I Smartseal SK\",\"isPartOf\":{\"@id\":\"https:\/\/smartseal.cz\/sk\/#website\"},\"primaryImageOfPage\":{\"@id\":\"https:\/\/smartseal.cz\/sk\/produkt\/univerzalni-cistic\/#primaryimage\"},\"image\":{\"@id\":\"https:\/\/smartseal.cz\/sk\/produkt\/univerzalni-cistic\/#primaryimage\"},\"thumbnailUrl\":\"https:\/\/smartseal.cz\/sk\/wp-content\/uploads\/2023\/08\/uni_cistic_obal_1L.png\",\"datePublished\":\"2019-04-25T07:09:55+00:00\",\"dateModified\":\"2026-03-15T14:17:33+00:00\",\"description\":\"Univerz\u00e1lny \u010distiaci prostriedok, ktor\u00fd \u010dist\u00ed pr\u00edjazdov\u00e9 cesty, dla\u017ebu a bet\u00f3n od ne\u010dist\u00f4t a olejov\u00fdch \u0161kv\u0155n.\",\"breadcrumb\":{\"@id\":\"https:\/\/smartseal.cz\/sk\/produkt\/univerzalni-cistic\/#breadcrumb\"},\"inLanguage\":\"sk-SK\",\"potentialAction\":[{\"@type\":\"ReadAction\",\"target\":[\"https:\/\/smartseal.cz\/sk\/produkt\/univerzalni-cistic\/\"]}]},{\"@type\":\"ImageObject\",\"inLanguage\":\"sk-SK\",\"@id\":\"https:\/\/smartseal.cz\/sk\/produkt\/univerzalni-cistic\/#primaryimage\",\"url\":\"https:\/\/smartseal.cz\/sk\/wp-content\/uploads\/2023\/08\/uni_cistic_obal_1L.png\",\"contentUrl\":\"https:\/\/smartseal.cz\/sk\/wp-content\/uploads\/2023\/08\/uni_cistic_obal_1L.png\",\"width\":800,\"height\":800},{\"@type\":\"BreadcrumbList\",\"@id\":\"https:\/\/smartseal.cz\/sk\/produkt\/univerzalni-cistic\/#breadcrumb\",\"itemListElement\":[{\"@type\":\"ListItem\",\"position\":1,\"name\":\"Dom\u016f\",\"item\":\"https:\/\/smartseal.cz\/sk\/\"},{\"@type\":\"ListItem\",\"position\":2,\"name\":\"Obchod\",\"item\":\"https:\/\/smartseal.cz\/sk\/obchod\/\"},{\"@type\":\"ListItem\",\"position\":3,\"name\":\"Univerz\u00e1lny \u010disti\u010d, 1l\"}]},{\"@type\":\"WebSite\",\"@id\":\"https:\/\/smartseal.cz\/sk\/#website\",\"url\":\"https:\/\/smartseal.cz\/sk\/\",\"name\":\"Smartseal Slovensko\",\"description\":\"Chytr\u00e9 n\u00e1tery na v\u0161etky povrchy\",\"potentialAction\":[{\"@type\":\"SearchAction\",\"target\":{\"@type\":\"EntryPoint\",\"urlTemplate\":\"https:\/\/smartseal.cz\/sk\/?s={search_term_string}\"},\"query-input\":{\"@type\":\"PropertyValueSpecification\",\"valueRequired\":true,\"valueName\":\"search_term_string\"}}],\"inLanguage\":\"sk-SK\"}]}<\/script>\n<!-- \/ Yoast SEO Premium plugin. -->","yoast_head_json":{"title":"Univerz\u00e1lny \u010disti\u010d 1L I Smartseal SK","description":"Univerz\u00e1lny \u010distiaci prostriedok, ktor\u00fd \u010dist\u00ed pr\u00edjazdov\u00e9 cesty, dla\u017ebu a bet\u00f3n od ne\u010dist\u00f4t a olejov\u00fdch \u0161kv\u0155n.","robots":{"index":"index","follow":"follow","max-snippet":"max-snippet:-1","max-image-preview":"max-image-preview:large","max-video-preview":"max-video-preview:-1"},"canonical":"https:\/\/smartseal.cz\/sk\/produkt\/univerzalni-cistic\/","og_locale":"sk_SK","og_type":"article","og_title":"Univerz\u00e1lny \u010disti\u010d, 1l","og_description":"Univerz\u00e1lny \u010distiaci prostriedok, ktor\u00fd \u010dist\u00ed pr\u00edjazdov\u00e9 cesty, dla\u017ebu a bet\u00f3n od ne\u010dist\u00f4t a olejov\u00fdch \u0161kv\u0155n.","og_url":"https:\/\/smartseal.cz\/sk\/produkt\/univerzalni-cistic\/","og_site_name":"Smartseal Slovensko","article_modified_time":"2026-03-15T14:17:33+00:00","og_image":[{"width":800,"height":800,"url":"https:\/\/smartseal.cz\/sk\/wp-content\/uploads\/2023\/08\/uni_cistic_obal_1L.png","type":"image\/png"}],"twitter_card":"summary_large_image","twitter_misc":{"Predpokladan\u00fd \u010das \u010d\u00edtania":"2 min\u00faty"},"schema":{"@context":"https:\/\/schema.org","@graph":[{"@type":"WebPage","@id":"https:\/\/smartseal.cz\/sk\/produkt\/univerzalni-cistic\/","url":"https:\/\/smartseal.cz\/sk\/produkt\/univerzalni-cistic\/","name":"Univerz\u00e1lny \u010disti\u010d 1L I Smartseal SK","isPartOf":{"@id":"https:\/\/smartseal.cz\/sk\/#website"},"primaryImageOfPage":{"@id":"https:\/\/smartseal.cz\/sk\/produkt\/univerzalni-cistic\/#primaryimage"},"image":{"@id":"https:\/\/smartseal.cz\/sk\/produkt\/univerzalni-cistic\/#primaryimage"},"thumbnailUrl":"https:\/\/smartseal.cz\/sk\/wp-content\/uploads\/2023\/08\/uni_cistic_obal_1L.png","datePublished":"2019-04-25T07:09:55+00:00","dateModified":"2026-03-15T14:17:33+00:00","description":"Univerz\u00e1lny \u010distiaci prostriedok, ktor\u00fd \u010dist\u00ed pr\u00edjazdov\u00e9 cesty, dla\u017ebu a bet\u00f3n od ne\u010dist\u00f4t a olejov\u00fdch \u0161kv\u0155n.","breadcrumb":{"@id":"https:\/\/smartseal.cz\/sk\/produkt\/univerzalni-cistic\/#breadcrumb"},"inLanguage":"sk-SK","potentialAction":[{"@type":"ReadAction","target":["https:\/\/smartseal.cz\/sk\/produkt\/univerzalni-cistic\/"]}]},{"@type":"ImageObject","inLanguage":"sk-SK","@id":"https:\/\/smartseal.cz\/sk\/produkt\/univerzalni-cistic\/#primaryimage","url":"https:\/\/smartseal.cz\/sk\/wp-content\/uploads\/2023\/08\/uni_cistic_obal_1L.png","contentUrl":"https:\/\/smartseal.cz\/sk\/wp-content\/uploads\/2023\/08\/uni_cistic_obal_1L.png","width":800,"height":800},{"@type":"BreadcrumbList","@id":"https:\/\/smartseal.cz\/sk\/produkt\/univerzalni-cistic\/#breadcrumb","itemListElement":[{"@type":"ListItem","position":1,"name":"Dom\u016f","item":"https:\/\/smartseal.cz\/sk\/"},{"@type":"ListItem","position":2,"name":"Obchod","item":"https:\/\/smartseal.cz\/sk\/obchod\/"},{"@type":"ListItem","position":3,"name":"Univerz\u00e1lny \u010disti\u010d, 1l"}]},{"@type":"WebSite","@id":"https:\/\/smartseal.cz\/sk\/#website","url":"https:\/\/smartseal.cz\/sk\/","name":"Smartseal Slovensko","description":"Chytr\u00e9 n\u00e1tery na v\u0161etky povrchy","potentialAction":[{"@type":"SearchAction","target":{"@type":"EntryPoint","urlTemplate":"https:\/\/smartseal.cz\/sk\/?s={search_term_string}"},"query-input":{"@type":"PropertyValueSpecification","valueRequired":true,"valueName":"search_term_string"}}],"inLanguage":"sk-SK"}]}},"_links":{"self":[{"href":"https:\/\/smartseal.cz\/sk\/wp-json\/wp\/v2\/product\/4332","targetHints":{"allow":["GET"]}}],"collection":[{"href":"https:\/\/smartseal.cz\/sk\/wp-json\/wp\/v2\/product"}],"about":[{"href":"https:\/\/smartseal.cz\/sk\/wp-json\/wp\/v2\/types\/product"}],"replies":[{"embeddable":true,"href":"https:\/\/smartseal.cz\/sk\/wp-json\/wp\/v2\/comments?post=4332"}],"wp:featuredmedia":[{"embeddable":true,"href":"https:\/\/smartseal.cz\/sk\/wp-json\/wp\/v2\/media\/12985"}],"wp:attachment":[{"href":"https:\/\/smartseal.cz\/sk\/wp-json\/wp\/v2\/media?parent=4332"}],"wp:term":[{"taxonomy":"product_brand","embeddable":true,"href":"https:\/\/smartseal.cz\/sk\/wp-json\/wp\/v2\/product_brand?post=4332"},{"taxonomy":"product_cat","embeddable":true,"href":"https:\/\/smartseal.cz\/sk\/wp-json\/wp\/v2\/product_cat?post=4332"},{"taxonomy":"product_tag","embeddable":true,"href":"https:\/\/smartseal.cz\/sk\/wp-json\/wp\/v2\/product_tag?post=4332"}],"curies":[{"name":"wp","href":"https:\/\/api.w.org\/{rel}","templated":true}]}}