{"id":3694,"date":"2019-04-02T14:51:55","date_gmt":"2019-04-02T12:51:55","guid":{"rendered":"https:\/\/smartseal.cz\/sk\/produkt\/xtreme-cistic-strech-2\/"},"modified":"2026-04-04T16:51:23","modified_gmt":"2026-04-04T14:51:23","slug":"xtreme-cistic-striech","status":"publish","type":"product","link":"https:\/\/smartseal.cz\/sk\/produkt\/xtreme-cistic-striech\/","title":{"rendered":"Xtreme &#8211; \u010disti\u010d striech, 25l"},"content":{"rendered":"<h2>P\u0159\u00edpravek Xtreme &#8211; \u010disti\u010d striech<\/h2>\n<p>Xtreme je r\u00fdchly a vysoko \u00fa\u010dinn\u00fd \u010distiaci prostriedok na bet\u00f3nov\u00e9 a bridlicov\u00e9 \u0161kridly. Umo\u017e\u0148uje \u010distenie striech bez intenz\u00edvneho tlakov\u00e9ho um\u00fdvania. R\u00fdchlo odstra\u0148uje v\u00e4\u010d\u0161inu druhov organick\u00e9ho porastu z ak\u00e9hoko\u013evek typu stre\u0161n\u00fdch \u0161kridiel vr\u00e1tane \u00edlov\u00fdch bez rizika po\u0161kodenia strechy. Pre dosiahnutie najlep\u0161\u00edch v\u00fdsledkov pr\u00edpravok nerie\u010fte. Ak je zne\u010distenie \u013eahk\u00e9, m\u00f4\u017eete pr\u00edpravok zriedi\u0165 v pomere 1:1. Po pribli\u017ene 60 min\u00fatach strechu jednoducho opl\u00e1chnite. V oblastiach, kde je zne\u010distenie \u0161pinou vy\u0161\u0161ie, nechajte pr\u00edpravok p\u00f4sobi\u0165 dlh\u0161\u00ed \u010das alebo postup zopakujte.<\/p>\n<p>Xtreme &#8211; \u010disti\u010d striech kombinuje 4 \u00fa\u010dinn\u00e9 \u010distiace zlo\u017eky a zabra\u0148uje \u010fal\u0161iemu rastu machu a rias.<\/p>\n<p><strong>Pom\u00e1ha odstr\u00e1ni\u0165<\/strong><\/p>\n<ul>\n<li>\u010cierne a biele \u0161kvrny<\/li>\n<li>Riasy a li\u0161ajn\u00edky<\/li>\n<li>Machy<\/li>\n<li>Povrchov\u00e9 ne\u010distoty<\/li>\n<\/ul>\n<p><strong>Odpor\u00fa\u010dan\u00e1 spotreba<\/strong><\/p>\n<ul>\n<li>5l\/40m2 (\u0159ed\u011bn\u00ed 1:1), ne\u0159ed\u011bn\u00fd 5l\/20m2<\/li>\n<li>25l\/200m2<\/li>\n<\/ul>\n<p>P\u0159i pr\u00e1ci pou\u017e\u00edvejte vhodn\u00e9 ochrann\u00e9 oble\u010den\u00ed a <a href=\"https:\/\/smartseal.cz\/sk\/obchod\/sada-ochrannych-pomucek\/\">pom\u016fcky<\/a>.<\/p>\n<p><strong>Dostupn\u00e9 velikosti<\/strong><\/p>\n<ul>\n<li><a href=\"https:\/\/smartseal.cz\/sk\/produkt\/xtreme-cistic-strech-vzorek\/\">vzorek 100ml<\/a>, 5l, <a href=\"https:\/\/smartseal.cz\/sk\/produkt\/xtreme-cistic-strech\/\">25l<\/a><\/li>\n<\/ul>\n<p><strong>Spot\u0159eba u vzorku (100ml)<\/strong>: Vzorek na\u0159e\u010fte 1:1, takto vznikl\u00fdm roztokem vy\u010dist\u00edte plochu <strong>maxim\u00e1ln\u011b o rozloze 0,16m2<\/strong> (0,4m x 0,4m). Jedn\u00e1 se o vzorek a je pot\u0159eba k tomu tak\u00e9 tak p\u0159istupovat. Necht\u011bjte vy\u010distit p\u0159\u00edli\u0161 velkou plochu, proto\u017ee se m\u016f\u017ee st\u00e1t, \u017ee v\u00fdrobek pak nebude spr\u00e1vn\u011b fungovat. K aplikaci pou\u017e\u00edvejte \u0161t\u011btec nebo ru\u010dn\u00ed post\u0159ikova\u010d.<\/p>\n<h3>Technick\u00fd popis p\u0159\u00edpravku Xtreme &#8211; \u010disti\u010d striech<\/h3>\n<p><strong>Aplikace<\/strong><\/p>\n<ol>\n<li>Pred pou\u017eit\u00edm v\u00fdrobku odstr\u00e1\u0148te v\u0161etky vo\u013en\u00e9 ne\u010distoty alebo hrub\u00e9 vrstvy machu.<\/li>\n<li>Na aplik\u00e1ciu zrieden\u00e9ho alebo nezrieden\u00e9ho pr\u00edpravku pou\u017eite postrekova\u010d. Je potrebn\u00e9, aby bolo mo\u017en\u00e9 zisti\u0165, \u017ee na streche je vrstva pr\u00edpravku. Nesta\u010d\u00ed nanies\u0165 len popra\u0161ok.<\/li>\n<li>Nechajte p\u00f4sobi\u0165 pribli\u017ene 60 min\u00fat a potom opl\u00e1chnite vodou. Nie je potrebn\u00e9 pou\u017e\u00edva\u0165 tlakov\u00e9 um\u00fdvanie.<\/li>\n<li>Ak m\u00f4\u017eete po\u010dka\u0165, k\u00fdm pr\u00edpravok zmyje d\u00e1\u017e\u010f, dosiahnete lep\u0161ie v\u00fdsledky.<\/li>\n<li>Vyhnite sa aplik\u00e1cii, ak je strecha pr\u00edli\u0161 hor\u00faca.<\/li>\n<\/ol>\n<p>Upozornenie: v\u00fdrobok m\u00e1 oxida\u010dn\u00e9 \u00fa\u010dinky. Ak sa dostane na olovo alebo in\u00e9 plechov\u00e9 materi\u00e1ly, m\u00f4\u017ee ich do\u010dasne zafarbi\u0165, ak sa v\u00fdrobok r\u00fdchlo neopl\u00e1chne.<\/p>\n<p><strong>Zdravie a bezpe\u010dnos\u0165<\/strong><\/p>\n<p>Produkt Xtreme obsahuje ako \u00fa\u010dinn\u00fa zlo\u017eku chl\u00f3r a m\u00f4\u017ee zafarbi\u0165 oble\u010denie. Preto dbajte na to, aby ste sa po\u010das aplik\u00e1cie vyhli kontaktu s oble\u010den\u00edm. Je toxick\u00fd pre vodn\u00e9 organizmy, v\u017edy pou\u017e\u00edvajte ochrann\u00e9 rukavice a okuliare. Produkt m\u00f4\u017ee sp\u00f4sobi\u0165 poleptanie poko\u017eky. Zabr\u00e1\u0148te kontaktu s o\u010dami a uchov\u00e1vajte mimo dosahu det\u00ed.<\/p>\n<ul>\n<li>Toxick\u00fd pre vodn\u00e9 organizmy<\/li>\n<li>V\u017edy pou\u017e\u00edvajte ochrann\u00e9 rukavice a okuliare<\/li>\n<li>Dr\u017ete zvierat\u00e1 mimo o\u0161etren\u00e9ho povrchu, ak je mokr\u00fd<\/li>\n<li>Uchov\u00e1vajte mimo dosahu det\u00ed<\/li>\n<\/ul>\n<h3>Bezpe\u010dnostn\u00ed list<\/h3>\n<p><a href=\"https:\/\/smartseal.cz\/sk\/wp-content\/uploads\/sites\/2\/2021\/08\/BL_SMARTSEAL-XTREME60-CZ_CLP_2021-kopie.pdf\">Bezpe\u010dnostn\u00ed list Xtreme &#8211; \u010disti\u010d st\u0159ech v PDF<\/a><\/p>\n<div class=\"video-shortcode\"><iframe title=\"Jak JEDNODU\u0160E vy\u010distit z\u00e1mkovou dla\u017ebu, st\u0159echu, terasu nebo p\u0159\u00edjezdovou cestu\" width=\"1200\" height=\"675\" src=\"https:\/\/www.youtube.com\/embed\/QR_lf7C-reU?feature=oembed&#038;enablejsapi=1&#038;origin=https:\/\/smartseal.cz\/sk\" frameborder=\"0\" allow=\"accelerometer; autoplay; clipboard-write; encrypted-media; gyroscope; picture-in-picture; web-share\" allowfullscreen><\/iframe><\/div>\n","protected":false},"excerpt":{"rendered":"<p>Xtreme je vysoko \u00fa\u010dinn\u00fd \u010distiaci prostriedok, ktor\u00fd v\u00e1m umo\u017en\u00ed vy\u010disti\u0165 strechu bez tlakov\u00e9ho um\u00fdvania. \u00da\u010dinne odstra\u0148uje mach a li\u0161ajn\u00edky.<\/p>\n","protected":false},"featured_media":6569,"comment_status":"open","ping_status":"closed","template":"","meta":[],"product_brand":[],"product_cat":[153,66,23,50,41],"product_tag":[],"class_list":{"0":"post-3694","1":"product","2":"type-product","3":"status-publish","4":"has-post-thumbnail","6":"product_cat-viac-za-menej","7":"product_cat-strecha","8":"product_cat-cistiace-odstranovace","9":"product_cat-xtreme-univerzalne-cistice-povrchov","10":"product_cat-strechy","11":"pa_faze-pouziti-cisteni","12":"pa_velikost-baleni-25l","14":"first","15":"instock","16":"taxable","17":"shipping-taxable","18":"purchasable","19":"product-type-simple"},"yoast_head":"<!-- This site is optimized with the Yoast SEO Premium plugin v26.8 (Yoast SEO v26.9) - https:\/\/yoast.com\/product\/yoast-seo-premium-wordpress\/ -->\n<title>Xtreme - \u010disti\u010d striech 25L | Smartseal SK<\/title>\n<meta name=\"description\" content=\"Xtreme - \u010disti\u010d striech je vysoko \u00fa\u010dinn\u00fd \u010distiaci prostriedok, ktor\u00fd v\u00e1m umo\u017en\u00ed vy\u010disti\u0165 strechu bez tlakov\u00e9ho um\u00fdvania. 25 l o\u0161etr\u00ed plochu pribli\u017ene 200 m2\" \/>\n<meta name=\"robots\" content=\"index, follow, max-snippet:-1, max-image-preview:large, max-video-preview:-1\" \/>\n<link rel=\"canonical\" href=\"https:\/\/smartseal.cz\/sk\/produkt\/xtreme-cistic-striech\/\" \/>\n<meta property=\"og:locale\" content=\"sk_SK\" \/>\n<meta property=\"og:type\" content=\"article\" \/>\n<meta property=\"og:title\" content=\"Xtreme - \u010disti\u010d striech, 25l\" \/>\n<meta property=\"og:description\" content=\"Xtreme - \u010disti\u010d striech je vysoko \u00fa\u010dinn\u00fd \u010distiaci prostriedok, ktor\u00fd v\u00e1m umo\u017en\u00ed vy\u010disti\u0165 strechu bez tlakov\u00e9ho um\u00fdvania. 25 l o\u0161etr\u00ed plochu pribli\u017ene 200 m2\" \/>\n<meta property=\"og:url\" content=\"https:\/\/smartseal.cz\/sk\/produkt\/xtreme-cistic-striech\/\" \/>\n<meta property=\"og:site_name\" content=\"Smartseal Slovensko\" \/>\n<meta property=\"article:modified_time\" content=\"2026-04-04T14:51:23+00:00\" \/>\n<meta property=\"og:image\" content=\"https:\/\/smartseal.cz\/sk\/wp-content\/uploads\/2021\/01\/barel25l-xtreme-cistic-strech.png\" \/>\n\t<meta property=\"og:image:width\" content=\"800\" \/>\n\t<meta property=\"og:image:height\" content=\"800\" \/>\n\t<meta property=\"og:image:type\" content=\"image\/png\" \/>\n<meta name=\"twitter:card\" content=\"summary_large_image\" \/>\n<meta name=\"twitter:label1\" content=\"Predpokladan\u00fd \u010das \u010d\u00edtania\" \/>\n\t<meta name=\"twitter:data1\" content=\"3 min\u00faty\" \/>\n<script type=\"application\/ld+json\" class=\"yoast-schema-graph\">{\"@context\":\"https:\/\/schema.org\",\"@graph\":[{\"@type\":\"WebPage\",\"@id\":\"https:\/\/smartseal.cz\/sk\/produkt\/xtreme-cistic-striech\/\",\"url\":\"https:\/\/smartseal.cz\/sk\/produkt\/xtreme-cistic-striech\/\",\"name\":\"Xtreme - \u010disti\u010d striech 25L | Smartseal SK\",\"isPartOf\":{\"@id\":\"https:\/\/smartseal.cz\/sk\/#website\"},\"primaryImageOfPage\":{\"@id\":\"https:\/\/smartseal.cz\/sk\/produkt\/xtreme-cistic-striech\/#primaryimage\"},\"image\":{\"@id\":\"https:\/\/smartseal.cz\/sk\/produkt\/xtreme-cistic-striech\/#primaryimage\"},\"thumbnailUrl\":\"https:\/\/smartseal.cz\/sk\/wp-content\/uploads\/2021\/01\/barel25l-xtreme-cistic-strech.png\",\"datePublished\":\"2019-04-02T12:51:55+00:00\",\"dateModified\":\"2026-04-04T14:51:23+00:00\",\"description\":\"Xtreme - \u010disti\u010d striech je vysoko \u00fa\u010dinn\u00fd \u010distiaci prostriedok, ktor\u00fd v\u00e1m umo\u017en\u00ed vy\u010disti\u0165 strechu bez tlakov\u00e9ho um\u00fdvania. 25 l o\u0161etr\u00ed plochu pribli\u017ene 200 m2\",\"breadcrumb\":{\"@id\":\"https:\/\/smartseal.cz\/sk\/produkt\/xtreme-cistic-striech\/#breadcrumb\"},\"inLanguage\":\"sk-SK\",\"potentialAction\":[{\"@type\":\"ReadAction\",\"target\":[\"https:\/\/smartseal.cz\/sk\/produkt\/xtreme-cistic-striech\/\"]}]},{\"@type\":\"ImageObject\",\"inLanguage\":\"sk-SK\",\"@id\":\"https:\/\/smartseal.cz\/sk\/produkt\/xtreme-cistic-striech\/#primaryimage\",\"url\":\"https:\/\/smartseal.cz\/sk\/wp-content\/uploads\/2021\/01\/barel25l-xtreme-cistic-strech.png\",\"contentUrl\":\"https:\/\/smartseal.cz\/sk\/wp-content\/uploads\/2021\/01\/barel25l-xtreme-cistic-strech.png\",\"width\":800,\"height\":800,\"caption\":\"xtreme_cistic_strechy_25l\"},{\"@type\":\"BreadcrumbList\",\"@id\":\"https:\/\/smartseal.cz\/sk\/produkt\/xtreme-cistic-striech\/#breadcrumb\",\"itemListElement\":[{\"@type\":\"ListItem\",\"position\":1,\"name\":\"Dom\u016f\",\"item\":\"https:\/\/smartseal.cz\/sk\/\"},{\"@type\":\"ListItem\",\"position\":2,\"name\":\"Obchod\",\"item\":\"https:\/\/smartseal.cz\/sk\/obchod\/\"},{\"@type\":\"ListItem\",\"position\":3,\"name\":\"Xtreme &#8211; \u010disti\u010d striech, 25l\"}]},{\"@type\":\"WebSite\",\"@id\":\"https:\/\/smartseal.cz\/sk\/#website\",\"url\":\"https:\/\/smartseal.cz\/sk\/\",\"name\":\"Smartseal Slovensko\",\"description\":\"Chytr\u00e9 n\u00e1tery na v\u0161etky povrchy\",\"potentialAction\":[{\"@type\":\"SearchAction\",\"target\":{\"@type\":\"EntryPoint\",\"urlTemplate\":\"https:\/\/smartseal.cz\/sk\/?s={search_term_string}\"},\"query-input\":{\"@type\":\"PropertyValueSpecification\",\"valueRequired\":true,\"valueName\":\"search_term_string\"}}],\"inLanguage\":\"sk-SK\"}]}<\/script>\n<!-- \/ Yoast SEO Premium plugin. -->","yoast_head_json":{"title":"Xtreme - \u010disti\u010d striech 25L | Smartseal SK","description":"Xtreme - \u010disti\u010d striech je vysoko \u00fa\u010dinn\u00fd \u010distiaci prostriedok, ktor\u00fd v\u00e1m umo\u017en\u00ed vy\u010disti\u0165 strechu bez tlakov\u00e9ho um\u00fdvania. 25 l o\u0161etr\u00ed plochu pribli\u017ene 200 m2","robots":{"index":"index","follow":"follow","max-snippet":"max-snippet:-1","max-image-preview":"max-image-preview:large","max-video-preview":"max-video-preview:-1"},"canonical":"https:\/\/smartseal.cz\/sk\/produkt\/xtreme-cistic-striech\/","og_locale":"sk_SK","og_type":"article","og_title":"Xtreme - \u010disti\u010d striech, 25l","og_description":"Xtreme - \u010disti\u010d striech je vysoko \u00fa\u010dinn\u00fd \u010distiaci prostriedok, ktor\u00fd v\u00e1m umo\u017en\u00ed vy\u010disti\u0165 strechu bez tlakov\u00e9ho um\u00fdvania. 25 l o\u0161etr\u00ed plochu pribli\u017ene 200 m2","og_url":"https:\/\/smartseal.cz\/sk\/produkt\/xtreme-cistic-striech\/","og_site_name":"Smartseal Slovensko","article_modified_time":"2026-04-04T14:51:23+00:00","og_image":[{"width":800,"height":800,"url":"https:\/\/smartseal.cz\/sk\/wp-content\/uploads\/2021\/01\/barel25l-xtreme-cistic-strech.png","type":"image\/png"}],"twitter_card":"summary_large_image","twitter_misc":{"Predpokladan\u00fd \u010das \u010d\u00edtania":"3 min\u00faty"},"schema":{"@context":"https:\/\/schema.org","@graph":[{"@type":"WebPage","@id":"https:\/\/smartseal.cz\/sk\/produkt\/xtreme-cistic-striech\/","url":"https:\/\/smartseal.cz\/sk\/produkt\/xtreme-cistic-striech\/","name":"Xtreme - \u010disti\u010d striech 25L | Smartseal SK","isPartOf":{"@id":"https:\/\/smartseal.cz\/sk\/#website"},"primaryImageOfPage":{"@id":"https:\/\/smartseal.cz\/sk\/produkt\/xtreme-cistic-striech\/#primaryimage"},"image":{"@id":"https:\/\/smartseal.cz\/sk\/produkt\/xtreme-cistic-striech\/#primaryimage"},"thumbnailUrl":"https:\/\/smartseal.cz\/sk\/wp-content\/uploads\/2021\/01\/barel25l-xtreme-cistic-strech.png","datePublished":"2019-04-02T12:51:55+00:00","dateModified":"2026-04-04T14:51:23+00:00","description":"Xtreme - \u010disti\u010d striech je vysoko \u00fa\u010dinn\u00fd \u010distiaci prostriedok, ktor\u00fd v\u00e1m umo\u017en\u00ed vy\u010disti\u0165 strechu bez tlakov\u00e9ho um\u00fdvania. 25 l o\u0161etr\u00ed plochu pribli\u017ene 200 m2","breadcrumb":{"@id":"https:\/\/smartseal.cz\/sk\/produkt\/xtreme-cistic-striech\/#breadcrumb"},"inLanguage":"sk-SK","potentialAction":[{"@type":"ReadAction","target":["https:\/\/smartseal.cz\/sk\/produkt\/xtreme-cistic-striech\/"]}]},{"@type":"ImageObject","inLanguage":"sk-SK","@id":"https:\/\/smartseal.cz\/sk\/produkt\/xtreme-cistic-striech\/#primaryimage","url":"https:\/\/smartseal.cz\/sk\/wp-content\/uploads\/2021\/01\/barel25l-xtreme-cistic-strech.png","contentUrl":"https:\/\/smartseal.cz\/sk\/wp-content\/uploads\/2021\/01\/barel25l-xtreme-cistic-strech.png","width":800,"height":800,"caption":"xtreme_cistic_strechy_25l"},{"@type":"BreadcrumbList","@id":"https:\/\/smartseal.cz\/sk\/produkt\/xtreme-cistic-striech\/#breadcrumb","itemListElement":[{"@type":"ListItem","position":1,"name":"Dom\u016f","item":"https:\/\/smartseal.cz\/sk\/"},{"@type":"ListItem","position":2,"name":"Obchod","item":"https:\/\/smartseal.cz\/sk\/obchod\/"},{"@type":"ListItem","position":3,"name":"Xtreme &#8211; \u010disti\u010d striech, 25l"}]},{"@type":"WebSite","@id":"https:\/\/smartseal.cz\/sk\/#website","url":"https:\/\/smartseal.cz\/sk\/","name":"Smartseal Slovensko","description":"Chytr\u00e9 n\u00e1tery na v\u0161etky povrchy","potentialAction":[{"@type":"SearchAction","target":{"@type":"EntryPoint","urlTemplate":"https:\/\/smartseal.cz\/sk\/?s={search_term_string}"},"query-input":{"@type":"PropertyValueSpecification","valueRequired":true,"valueName":"search_term_string"}}],"inLanguage":"sk-SK"}]}},"_links":{"self":[{"href":"https:\/\/smartseal.cz\/sk\/wp-json\/wp\/v2\/product\/3694","targetHints":{"allow":["GET"]}}],"collection":[{"href":"https:\/\/smartseal.cz\/sk\/wp-json\/wp\/v2\/product"}],"about":[{"href":"https:\/\/smartseal.cz\/sk\/wp-json\/wp\/v2\/types\/product"}],"replies":[{"embeddable":true,"href":"https:\/\/smartseal.cz\/sk\/wp-json\/wp\/v2\/comments?post=3694"}],"wp:featuredmedia":[{"embeddable":true,"href":"https:\/\/smartseal.cz\/sk\/wp-json\/wp\/v2\/media\/6569"}],"wp:attachment":[{"href":"https:\/\/smartseal.cz\/sk\/wp-json\/wp\/v2\/media?parent=3694"}],"wp:term":[{"taxonomy":"product_brand","embeddable":true,"href":"https:\/\/smartseal.cz\/sk\/wp-json\/wp\/v2\/product_brand?post=3694"},{"taxonomy":"product_cat","embeddable":true,"href":"https:\/\/smartseal.cz\/sk\/wp-json\/wp\/v2\/product_cat?post=3694"},{"taxonomy":"product_tag","embeddable":true,"href":"https:\/\/smartseal.cz\/sk\/wp-json\/wp\/v2\/product_tag?post=3694"}],"curies":[{"name":"wp","href":"https:\/\/api.w.org\/{rel}","templated":true}]}}