{"id":3690,"date":"2019-04-02T14:51:47","date_gmt":"2019-04-02T12:51:47","guid":{"rendered":"https:\/\/smartseal.cz\/sk\/produkt\/tarmaseal-nater-pro-renovaci-asfaltu-2\/"},"modified":"2026-03-23T09:51:34","modified_gmt":"2026-03-23T08:51:34","slug":"tarmaseal-cierny-nater-na-renovaciu-asfaltu","status":"publish","type":"product","link":"https:\/\/smartseal.cz\/sk\/produkt\/tarmaseal-cierny-nater-na-renovaciu-asfaltu\/","title":{"rendered":"Tarmaseal \u010dierny &#8211; n\u00e1ter na renov\u00e1ciu asfaltu, 20l"},"content":{"rendered":"<h2>Produkt na renov\u00e1ciu asfaltu \u2013 parkovisk\u00e1, detsk\u00e9 ihrisk\u00e1 a tenisov\u00e9 kurty<\/h2>\n<h3>Obnova a renov\u00e1cia pr\u00edstupov\u00fdch ciest pomocou Tarmasealu<\/h3>\n<p>Tarmaseal je vynikaj\u00faci a \u013eahko pou\u017eite\u013en\u00fd obnovova\u010d asfaltu ur\u010den\u00fd na obnovu star\u00e9ho asfaltu. Obnova asfaltu je cenovo dostupnej\u0161ia mo\u017enos\u0165 ako v\u00fdmena celej pr\u00edjazdovej cesty.<\/p>\n<p><strong>Vlastnosti produktu<\/strong><\/p>\n<ul>\n<li>Obnov\u00ed vzh\u013ead ka\u017edej asfaltovej pr\u00edjazdovej cesty<\/li>\n<li>Nahr\u00e1dza straten\u00fa asfaltov\u00fa \u017eivicu<\/li>\n<li>20-litrov\u00fd kanister, priemern\u00e9 pokrytie 40-60 m\u00b2<\/li>\n<li>Jednoduch\u00e9 pou\u017eitie s val\u010dekom<\/li>\n<li>Obnovuje p\u00f4vodn\u00fa farbu asfaltu<\/li>\n<li>Vyhnete sa n\u00e1kladnej v\u00fdmene asfaltu<\/li>\n<li>Dlhodob\u00e1 ochrana, zni\u017euje po\u010det bud\u00facich opr\u00e1v asfaltu<\/li>\n<li>Zakr\u00fdva nevzh\u013eadn\u00e9 cementov\u00e9 a olejov\u00e9 \u0161kvrny<\/li>\n<li>Produkt \u0161etrn\u00fd k \u017eivotn\u00e9mu prostrediu<\/li>\n<li>Zni\u017euje tvorbu vodn\u00e9ho kame\u0148a na asfalte a predl\u017euje \u017eivotnos\u0165 pr\u00edjazdov\u00fdch ciest<\/li>\n<li>Odoln\u00fd vo\u010di vode, \u0161kvrn\u00e1m a chr\u00e1ni asfalt<\/li>\n<li>Odoln\u00fd vo\u010di olejov\u00fdm, mastn\u00fdm a \u0161pinav\u00fdm \u0161kvrn\u00e1m<\/li>\n<li>Zabra\u0148uje rastu buriny a machu<\/li>\n<\/ul>\n<p><strong>Doporu\u010den\u00e1 spot\u0159eba<\/strong><\/p>\n<ul>\n<li>20l\/40m2<\/li>\n<li>5l\/10m2<\/li>\n<\/ul>\n<h3>Technick\u00fd popis Tarmaseal<\/h3>\n<p><strong>Pr\u00edprava<\/strong><\/p>\n<p>Uistite sa, \u017ee je povrch d\u00f4kladne vy\u010disten\u00fd tlakov\u00fdm \u010disti\u010dom. Pred nanesen\u00edm renova\u010dnej farby nechajte povrch vyschn\u00fa\u0165 aspo\u0148 3 &#8211; 4 dni. Pred natieran\u00edm zametajte plochu a odstr\u00e1\u0148te v\u0161etky predmety. Pred aplik\u00e1ciou sa uistite, \u017ee v\u00fdrobok je d\u00f4kladne premie\u0161an\u00fd a neobsahuje usadeniny.<\/p>\n<p><strong>Aplikacia<\/strong><\/p>\n<p>Na dosiahnutie najlep\u0161\u00edch v\u00fdsledkov naneste 2 vrstvy pri teplot\u00e1ch mezi 12\u00b0C \u2013 22\u00b0C. Aplikujte len vtedy, ak aspo\u0148 6 hod\u00edn nepr\u0161alo. Tarmaseal sa m\u00f4\u017ee nan\u00e1\u0161a\u0165 stredn\u00fdm vlasov\u00fdm val\u010dekom alebo ve\u013ek\u00fdm \u0161tetcom. Uistite sa, \u017ee medzi jednotliv\u00fdmi vrstvami uplynuli aspo\u0148 2 a\u017e 4 hodiny.<\/p>\n<p><strong>Zdravie a bezpe\u010dnos\u0165<\/strong><\/p>\n<p>V\u0161etky pr\u00e1ce by sa mali vykon\u00e1va\u0165 s ochrann\u00fdmi okuliarmi, maskou a rukavicami<\/p>\n<p><strong>N\u00e1vod k pou\u017eit\u00ed<\/strong><\/p>\n<p><a href=\"https:\/\/smartseal.cz\/sk\/wp-content\/uploads\/sites\/2\/2019\/04\/N\u00e1vod-k-pou\u017eit\u00ed_tarmseal-asf.pdf\">N\u00e1vod k pou\u017eit\u00ed ke sta\u017een\u00ed v PDF<\/a><\/p>\n<h3>Bezpe\u010dnostn\u00ed list<\/h3>\n<p><a href=\"https:\/\/smartseal.cz\/sk\/wp-content\/uploads\/sites\/2\/2021\/08\/BL_TARMASEAL-Tarmac-Restorer-CZ_CLP_2021.pdf\">Bezpe\u010dnostn\u00ed list ke sta\u017een\u00ed v PDF<\/a><\/p>\n<div class=\"video-shortcode\"><iframe title=\"Jak zrenovovat star\u00fd asfalt\" width=\"1200\" height=\"675\" src=\"https:\/\/www.youtube.com\/embed\/xTzali8T768?feature=oembed&#038;enablejsapi=1&#038;origin=https:\/\/smartseal.cz\/sk\" frameborder=\"0\" allow=\"accelerometer; autoplay; clipboard-write; encrypted-media; gyroscope; picture-in-picture; web-share\" allowfullscreen><\/iframe><\/div>\n","protected":false},"excerpt":{"rendered":"<p data-start=\"72\" data-end=\"295\">\u00da\u010dinn\u00fd n\u00e1t\u011br na renov\u00e1ciu asfaltu, ktor\u00fd obnovuje p\u00f4vodn\u00fd vzh\u013ead a chr\u00e1ni povrch pred po\u0161koden\u00edm. 20 l kanister vysta\u010d\u00ed na cca <strong data-start=\"260\" data-end=\"272\">40\u201360 m\u00b2<\/strong> pod\u013ea stavu asfaltu.<\/p>\n","protected":false},"featured_media":12986,"comment_status":"open","ping_status":"closed","template":"","meta":[],"product_brand":[],"product_cat":[55,24,44,21],"product_tag":[],"class_list":{"0":"post-3690","1":"product","2":"type-product","3":"status-publish","4":"has-post-thumbnail","6":"product_cat-asfalt","7":"product_cat-impregnacia-ochranne-natery","8":"product_cat-impregnacia-asfaltu","9":"product_cat-pristupove-cesty-chodniky","10":"pa_barva-cerna","11":"pa_faze-pouziti-impregnace","12":"pa_faze-pouziti-nasledna-pece","13":"pa_velikost-baleni-20l","15":"first","16":"instock","17":"taxable","18":"shipping-taxable","19":"purchasable","20":"product-type-simple"},"yoast_head":"<!-- This site is optimized with the Yoast SEO Premium plugin v26.8 (Yoast SEO v26.9) - https:\/\/yoast.com\/product\/yoast-seo-premium-wordpress\/ -->\n<title>Tarmaseal \u010dierny - n\u00e1t\u011br pro renovaciu asfaltu 20L | Smartseal SK<\/title>\n<meta name=\"description\" content=\"TarmaSeal obnovuje vzh\u013ead star\u00e9ho asfaltu na pr\u00edjazdoch, parkovisk\u00e1ch \u010di ihrisk\u00e1ch. Jednoduch\u00e1 aplik\u00e1cia, dlhodob\u00e1 ochrana a cenovo dostupn\u00e1 renov\u00e1cia.\" \/>\n<meta name=\"robots\" content=\"index, follow, max-snippet:-1, max-image-preview:large, max-video-preview:-1\" \/>\n<link rel=\"canonical\" href=\"https:\/\/smartseal.cz\/sk\/produkt\/tarmaseal-cierny-nater-na-renovaciu-asfaltu\/\" \/>\n<meta property=\"og:locale\" content=\"sk_SK\" \/>\n<meta property=\"og:type\" content=\"article\" \/>\n<meta property=\"og:title\" content=\"Tarmaseal \u010dierny - n\u00e1ter na renov\u00e1ciu asfaltu, 20l\" \/>\n<meta property=\"og:description\" content=\"TarmaSeal obnovuje vzh\u013ead star\u00e9ho asfaltu na pr\u00edjazdoch, parkovisk\u00e1ch \u010di ihrisk\u00e1ch. Jednoduch\u00e1 aplik\u00e1cia, dlhodob\u00e1 ochrana a cenovo dostupn\u00e1 renov\u00e1cia.\" \/>\n<meta property=\"og:url\" content=\"https:\/\/smartseal.cz\/sk\/produkt\/tarmaseal-cierny-nater-na-renovaciu-asfaltu\/\" \/>\n<meta property=\"og:site_name\" content=\"Smartseal Slovensko\" \/>\n<meta property=\"article:modified_time\" content=\"2026-03-23T08:51:34+00:00\" \/>\n<meta property=\"og:image\" content=\"https:\/\/smartseal.cz\/sk\/wp-content\/uploads\/2023\/08\/obal_Tarmaseal_black_20l.png\" \/>\n\t<meta property=\"og:image:width\" content=\"800\" \/>\n\t<meta property=\"og:image:height\" content=\"800\" \/>\n\t<meta property=\"og:image:type\" content=\"image\/png\" \/>\n<meta name=\"twitter:card\" content=\"summary_large_image\" \/>\n<meta name=\"twitter:label1\" content=\"Predpokladan\u00fd \u010das \u010d\u00edtania\" \/>\n\t<meta name=\"twitter:data1\" content=\"2 min\u00faty\" \/>\n<script type=\"application\/ld+json\" class=\"yoast-schema-graph\">{\"@context\":\"https:\/\/schema.org\",\"@graph\":[{\"@type\":\"WebPage\",\"@id\":\"https:\/\/smartseal.cz\/sk\/produkt\/tarmaseal-cierny-nater-na-renovaciu-asfaltu\/\",\"url\":\"https:\/\/smartseal.cz\/sk\/produkt\/tarmaseal-cierny-nater-na-renovaciu-asfaltu\/\",\"name\":\"Tarmaseal \u010dierny - n\u00e1t\u011br pro renovaciu asfaltu 20L | Smartseal SK\",\"isPartOf\":{\"@id\":\"https:\/\/smartseal.cz\/sk\/#website\"},\"primaryImageOfPage\":{\"@id\":\"https:\/\/smartseal.cz\/sk\/produkt\/tarmaseal-cierny-nater-na-renovaciu-asfaltu\/#primaryimage\"},\"image\":{\"@id\":\"https:\/\/smartseal.cz\/sk\/produkt\/tarmaseal-cierny-nater-na-renovaciu-asfaltu\/#primaryimage\"},\"thumbnailUrl\":\"https:\/\/smartseal.cz\/sk\/wp-content\/uploads\/2023\/08\/obal_Tarmaseal_black_20l.png\",\"datePublished\":\"2019-04-02T12:51:47+00:00\",\"dateModified\":\"2026-03-23T08:51:34+00:00\",\"description\":\"TarmaSeal obnovuje vzh\u013ead star\u00e9ho asfaltu na pr\u00edjazdoch, parkovisk\u00e1ch \u010di ihrisk\u00e1ch. Jednoduch\u00e1 aplik\u00e1cia, dlhodob\u00e1 ochrana a cenovo dostupn\u00e1 renov\u00e1cia.\",\"breadcrumb\":{\"@id\":\"https:\/\/smartseal.cz\/sk\/produkt\/tarmaseal-cierny-nater-na-renovaciu-asfaltu\/#breadcrumb\"},\"inLanguage\":\"sk-SK\",\"potentialAction\":[{\"@type\":\"ReadAction\",\"target\":[\"https:\/\/smartseal.cz\/sk\/produkt\/tarmaseal-cierny-nater-na-renovaciu-asfaltu\/\"]}]},{\"@type\":\"ImageObject\",\"inLanguage\":\"sk-SK\",\"@id\":\"https:\/\/smartseal.cz\/sk\/produkt\/tarmaseal-cierny-nater-na-renovaciu-asfaltu\/#primaryimage\",\"url\":\"https:\/\/smartseal.cz\/sk\/wp-content\/uploads\/2023\/08\/obal_Tarmaseal_black_20l.png\",\"contentUrl\":\"https:\/\/smartseal.cz\/sk\/wp-content\/uploads\/2023\/08\/obal_Tarmaseal_black_20l.png\",\"width\":800,\"height\":800},{\"@type\":\"BreadcrumbList\",\"@id\":\"https:\/\/smartseal.cz\/sk\/produkt\/tarmaseal-cierny-nater-na-renovaciu-asfaltu\/#breadcrumb\",\"itemListElement\":[{\"@type\":\"ListItem\",\"position\":1,\"name\":\"Dom\u016f\",\"item\":\"https:\/\/smartseal.cz\/sk\/\"},{\"@type\":\"ListItem\",\"position\":2,\"name\":\"Obchod\",\"item\":\"https:\/\/smartseal.cz\/sk\/obchod\/\"},{\"@type\":\"ListItem\",\"position\":3,\"name\":\"Tarmaseal \u010dierny &#8211; n\u00e1ter na renov\u00e1ciu asfaltu, 20l\"}]},{\"@type\":\"WebSite\",\"@id\":\"https:\/\/smartseal.cz\/sk\/#website\",\"url\":\"https:\/\/smartseal.cz\/sk\/\",\"name\":\"Smartseal Slovensko\",\"description\":\"Chytr\u00e9 n\u00e1tery na v\u0161etky povrchy\",\"potentialAction\":[{\"@type\":\"SearchAction\",\"target\":{\"@type\":\"EntryPoint\",\"urlTemplate\":\"https:\/\/smartseal.cz\/sk\/?s={search_term_string}\"},\"query-input\":{\"@type\":\"PropertyValueSpecification\",\"valueRequired\":true,\"valueName\":\"search_term_string\"}}],\"inLanguage\":\"sk-SK\"}]}<\/script>\n<!-- \/ Yoast SEO Premium plugin. -->","yoast_head_json":{"title":"Tarmaseal \u010dierny - n\u00e1t\u011br pro renovaciu asfaltu 20L | Smartseal SK","description":"TarmaSeal obnovuje vzh\u013ead star\u00e9ho asfaltu na pr\u00edjazdoch, parkovisk\u00e1ch \u010di ihrisk\u00e1ch. Jednoduch\u00e1 aplik\u00e1cia, dlhodob\u00e1 ochrana a cenovo dostupn\u00e1 renov\u00e1cia.","robots":{"index":"index","follow":"follow","max-snippet":"max-snippet:-1","max-image-preview":"max-image-preview:large","max-video-preview":"max-video-preview:-1"},"canonical":"https:\/\/smartseal.cz\/sk\/produkt\/tarmaseal-cierny-nater-na-renovaciu-asfaltu\/","og_locale":"sk_SK","og_type":"article","og_title":"Tarmaseal \u010dierny - n\u00e1ter na renov\u00e1ciu asfaltu, 20l","og_description":"TarmaSeal obnovuje vzh\u013ead star\u00e9ho asfaltu na pr\u00edjazdoch, parkovisk\u00e1ch \u010di ihrisk\u00e1ch. Jednoduch\u00e1 aplik\u00e1cia, dlhodob\u00e1 ochrana a cenovo dostupn\u00e1 renov\u00e1cia.","og_url":"https:\/\/smartseal.cz\/sk\/produkt\/tarmaseal-cierny-nater-na-renovaciu-asfaltu\/","og_site_name":"Smartseal Slovensko","article_modified_time":"2026-03-23T08:51:34+00:00","og_image":[{"width":800,"height":800,"url":"https:\/\/smartseal.cz\/sk\/wp-content\/uploads\/2023\/08\/obal_Tarmaseal_black_20l.png","type":"image\/png"}],"twitter_card":"summary_large_image","twitter_misc":{"Predpokladan\u00fd \u010das \u010d\u00edtania":"2 min\u00faty"},"schema":{"@context":"https:\/\/schema.org","@graph":[{"@type":"WebPage","@id":"https:\/\/smartseal.cz\/sk\/produkt\/tarmaseal-cierny-nater-na-renovaciu-asfaltu\/","url":"https:\/\/smartseal.cz\/sk\/produkt\/tarmaseal-cierny-nater-na-renovaciu-asfaltu\/","name":"Tarmaseal \u010dierny - n\u00e1t\u011br pro renovaciu asfaltu 20L | Smartseal SK","isPartOf":{"@id":"https:\/\/smartseal.cz\/sk\/#website"},"primaryImageOfPage":{"@id":"https:\/\/smartseal.cz\/sk\/produkt\/tarmaseal-cierny-nater-na-renovaciu-asfaltu\/#primaryimage"},"image":{"@id":"https:\/\/smartseal.cz\/sk\/produkt\/tarmaseal-cierny-nater-na-renovaciu-asfaltu\/#primaryimage"},"thumbnailUrl":"https:\/\/smartseal.cz\/sk\/wp-content\/uploads\/2023\/08\/obal_Tarmaseal_black_20l.png","datePublished":"2019-04-02T12:51:47+00:00","dateModified":"2026-03-23T08:51:34+00:00","description":"TarmaSeal obnovuje vzh\u013ead star\u00e9ho asfaltu na pr\u00edjazdoch, parkovisk\u00e1ch \u010di ihrisk\u00e1ch. Jednoduch\u00e1 aplik\u00e1cia, dlhodob\u00e1 ochrana a cenovo dostupn\u00e1 renov\u00e1cia.","breadcrumb":{"@id":"https:\/\/smartseal.cz\/sk\/produkt\/tarmaseal-cierny-nater-na-renovaciu-asfaltu\/#breadcrumb"},"inLanguage":"sk-SK","potentialAction":[{"@type":"ReadAction","target":["https:\/\/smartseal.cz\/sk\/produkt\/tarmaseal-cierny-nater-na-renovaciu-asfaltu\/"]}]},{"@type":"ImageObject","inLanguage":"sk-SK","@id":"https:\/\/smartseal.cz\/sk\/produkt\/tarmaseal-cierny-nater-na-renovaciu-asfaltu\/#primaryimage","url":"https:\/\/smartseal.cz\/sk\/wp-content\/uploads\/2023\/08\/obal_Tarmaseal_black_20l.png","contentUrl":"https:\/\/smartseal.cz\/sk\/wp-content\/uploads\/2023\/08\/obal_Tarmaseal_black_20l.png","width":800,"height":800},{"@type":"BreadcrumbList","@id":"https:\/\/smartseal.cz\/sk\/produkt\/tarmaseal-cierny-nater-na-renovaciu-asfaltu\/#breadcrumb","itemListElement":[{"@type":"ListItem","position":1,"name":"Dom\u016f","item":"https:\/\/smartseal.cz\/sk\/"},{"@type":"ListItem","position":2,"name":"Obchod","item":"https:\/\/smartseal.cz\/sk\/obchod\/"},{"@type":"ListItem","position":3,"name":"Tarmaseal \u010dierny &#8211; n\u00e1ter na renov\u00e1ciu asfaltu, 20l"}]},{"@type":"WebSite","@id":"https:\/\/smartseal.cz\/sk\/#website","url":"https:\/\/smartseal.cz\/sk\/","name":"Smartseal Slovensko","description":"Chytr\u00e9 n\u00e1tery na v\u0161etky povrchy","potentialAction":[{"@type":"SearchAction","target":{"@type":"EntryPoint","urlTemplate":"https:\/\/smartseal.cz\/sk\/?s={search_term_string}"},"query-input":{"@type":"PropertyValueSpecification","valueRequired":true,"valueName":"search_term_string"}}],"inLanguage":"sk-SK"}]}},"_links":{"self":[{"href":"https:\/\/smartseal.cz\/sk\/wp-json\/wp\/v2\/product\/3690","targetHints":{"allow":["GET"]}}],"collection":[{"href":"https:\/\/smartseal.cz\/sk\/wp-json\/wp\/v2\/product"}],"about":[{"href":"https:\/\/smartseal.cz\/sk\/wp-json\/wp\/v2\/types\/product"}],"replies":[{"embeddable":true,"href":"https:\/\/smartseal.cz\/sk\/wp-json\/wp\/v2\/comments?post=3690"}],"wp:featuredmedia":[{"embeddable":true,"href":"https:\/\/smartseal.cz\/sk\/wp-json\/wp\/v2\/media\/12986"}],"wp:attachment":[{"href":"https:\/\/smartseal.cz\/sk\/wp-json\/wp\/v2\/media?parent=3690"}],"wp:term":[{"taxonomy":"product_brand","embeddable":true,"href":"https:\/\/smartseal.cz\/sk\/wp-json\/wp\/v2\/product_brand?post=3690"},{"taxonomy":"product_cat","embeddable":true,"href":"https:\/\/smartseal.cz\/sk\/wp-json\/wp\/v2\/product_cat?post=3690"},{"taxonomy":"product_tag","embeddable":true,"href":"https:\/\/smartseal.cz\/sk\/wp-json\/wp\/v2\/product_tag?post=3690"}],"curies":[{"name":"wp","href":"https:\/\/api.w.org\/{rel}","templated":true}]}}