{"id":3689,"date":"2019-04-02T14:51:47","date_gmt":"2019-04-02T12:51:47","guid":{"rendered":"https:\/\/smartseal.cz\/sk\/produkt\/sada-ochrannych-pomucek-2\/"},"modified":"2026-04-11T22:45:52","modified_gmt":"2026-04-11T20:45:52","slug":"suprava-ochrannych-pomocok","status":"publish","type":"product","link":"https:\/\/smartseal.cz\/sk\/produkt\/suprava-ochrannych-pomocok\/","title":{"rendered":"S\u00faprava ochrann\u00fdch pom\u00f4cok"},"content":{"rendered":"<h2>Sada ochrann\u00fdch pom\u016fcek: br\u00fdle + rukavice + respir\u00e1tor<\/h2>\n<ul>\n<li>Respir\u00e1tor poskytuje ochranu proti vdechnut\u00ed jemn\u00e9ho prachu a olejov\u00e9 nebo vodn\u00ed mlhy. Obsahuje uhl\u00edk, kter\u00fd pohlcuje nep\u0159\u00edjemn\u00e9 z\u00e1pachy.<\/li>\n<li>Prostorov\u011b \u00fasporn\u00fd skl\u00e1dan\u00fd design<\/li>\n<li>Pom\u016fcky vyhovuj\u00ed n\u00e1sleduj\u00edc\u00edm standard\u016fm: FFP2 NR: EN149: 2001 + A1: 2009<\/li>\n<li>Ochrann\u00e9 br\u00fdle zahrnuj\u00ed elastick\u00fd popruh, kter\u00fd je um\u00edst\u011bn na zadn\u00ed stran\u011b hlavy, aby se zabr\u00e1nilo sklouznut\u00ed<\/li>\n<li>Br\u00fdle odpov\u00eddaj\u00ed norm\u011b EN166: 2001<\/li>\n<li>Rukavice na ochranu rukou z PVC<\/li>\n<\/ul>\n","protected":false},"excerpt":{"rendered":"<p>Sada ochrann\u00fdch pom\u016fcek obsahuje respir\u00e1tor, rukavice a br\u00fdle.<\/p>\n","protected":false},"featured_media":7672,"comment_status":"open","ping_status":"closed","template":"","meta":[],"product_brand":[],"product_cat":[24,48,47,44,45,46,98,43,42,23,52,49,51,50,132,22],"product_tag":[],"class_list":{"0":"post-3689","1":"product","2":"type-product","3":"status-publish","4":"has-post-thumbnail","6":"product_cat-impregnacia-ochranne-natery","7":"product_cat-impregnacia-tehlove-steny","8":"product_cat-ochranne-natery-teras","9":"product_cat-impregnacia-asfaltu","10":"product_cat-impregnacne-natery-na-beton","11":"product_cat-impregnacia-na-prirodni-kamen","12":"product_cat-impregnacia-strechy","13":"product_cat-impregnacia-razeneho-betonu","14":"product_cat-impregnacia-zamkovej-dlazby","15":"product_cat-cistiace-odstranovace","16":"product_cat-cistenie-prijazdovych-ciest-a-chodnikov","17":"product_cat-cistenie-vonkajsich-teras","18":"product_cat-odstranenie-mechu","19":"product_cat-xtreme-univerzalne-cistice-povrchov","20":"product_cat-sady","21":"product_cat-prislusenstvo","23":"first","24":"instock","25":"taxable","26":"shipping-taxable","27":"purchasable","28":"product-type-simple"},"yoast_head":"<!-- This site is optimized with the Yoast SEO Premium plugin v26.8 (Yoast SEO v26.9) - https:\/\/yoast.com\/product\/yoast-seo-premium-wordpress\/ -->\n<title>Sada ochrann\u00fdch pom\u016fcek | Smartseal.cz<\/title>\n<meta name=\"description\" content=\"Sada ochrann\u00fdch pom\u016fcek obsahuje respir\u00e1tor, rukavice a br\u00fdle.\" \/>\n<meta name=\"robots\" content=\"index, follow, max-snippet:-1, max-image-preview:large, max-video-preview:-1\" \/>\n<link rel=\"canonical\" href=\"https:\/\/smartseal.cz\/sk\/produkt\/suprava-ochrannych-pomocok\/\" \/>\n<meta property=\"og:locale\" content=\"sk_SK\" \/>\n<meta property=\"og:type\" content=\"article\" \/>\n<meta property=\"og:title\" content=\"S\u00faprava ochrann\u00fdch pom\u00f4cok\" \/>\n<meta property=\"og:description\" content=\"Sada ochrann\u00fdch pom\u016fcek obsahuje respir\u00e1tor, rukavice a br\u00fdle.\" \/>\n<meta property=\"og:url\" content=\"https:\/\/smartseal.cz\/sk\/produkt\/suprava-ochrannych-pomocok\/\" \/>\n<meta property=\"og:site_name\" content=\"Smartseal Slovensko\" \/>\n<meta property=\"article:modified_time\" content=\"2026-04-11T20:45:52+00:00\" \/>\n<meta property=\"og:image\" content=\"https:\/\/smartseal.cz\/sk\/wp-content\/uploads\/2021\/07\/ochranne_pomucky.png\" \/>\n\t<meta property=\"og:image:width\" content=\"800\" \/>\n\t<meta property=\"og:image:height\" content=\"800\" \/>\n\t<meta property=\"og:image:type\" content=\"image\/png\" \/>\n<meta name=\"twitter:card\" content=\"summary_large_image\" \/>\n<meta name=\"twitter:label1\" content=\"Predpokladan\u00fd \u010das \u010d\u00edtania\" \/>\n\t<meta name=\"twitter:data1\" content=\"1 min\u00fata\" \/>\n<script type=\"application\/ld+json\" class=\"yoast-schema-graph\">{\"@context\":\"https:\/\/schema.org\",\"@graph\":[{\"@type\":\"WebPage\",\"@id\":\"https:\/\/smartseal.cz\/sk\/produkt\/suprava-ochrannych-pomocok\/\",\"url\":\"https:\/\/smartseal.cz\/sk\/produkt\/suprava-ochrannych-pomocok\/\",\"name\":\"Sada ochrann\u00fdch pom\u016fcek | Smartseal.cz\",\"isPartOf\":{\"@id\":\"https:\/\/smartseal.cz\/sk\/#website\"},\"primaryImageOfPage\":{\"@id\":\"https:\/\/smartseal.cz\/sk\/produkt\/suprava-ochrannych-pomocok\/#primaryimage\"},\"image\":{\"@id\":\"https:\/\/smartseal.cz\/sk\/produkt\/suprava-ochrannych-pomocok\/#primaryimage\"},\"thumbnailUrl\":\"https:\/\/smartseal.cz\/sk\/wp-content\/uploads\/2021\/07\/ochranne_pomucky.png\",\"datePublished\":\"2019-04-02T12:51:47+00:00\",\"dateModified\":\"2026-04-11T20:45:52+00:00\",\"description\":\"Sada ochrann\u00fdch pom\u016fcek obsahuje respir\u00e1tor, rukavice a br\u00fdle.\",\"breadcrumb\":{\"@id\":\"https:\/\/smartseal.cz\/sk\/produkt\/suprava-ochrannych-pomocok\/#breadcrumb\"},\"inLanguage\":\"sk-SK\",\"potentialAction\":[{\"@type\":\"ReadAction\",\"target\":[\"https:\/\/smartseal.cz\/sk\/produkt\/suprava-ochrannych-pomocok\/\"]}]},{\"@type\":\"ImageObject\",\"inLanguage\":\"sk-SK\",\"@id\":\"https:\/\/smartseal.cz\/sk\/produkt\/suprava-ochrannych-pomocok\/#primaryimage\",\"url\":\"https:\/\/smartseal.cz\/sk\/wp-content\/uploads\/2021\/07\/ochranne_pomucky.png\",\"contentUrl\":\"https:\/\/smartseal.cz\/sk\/wp-content\/uploads\/2021\/07\/ochranne_pomucky.png\",\"width\":800,\"height\":800},{\"@type\":\"BreadcrumbList\",\"@id\":\"https:\/\/smartseal.cz\/sk\/produkt\/suprava-ochrannych-pomocok\/#breadcrumb\",\"itemListElement\":[{\"@type\":\"ListItem\",\"position\":1,\"name\":\"Dom\u016f\",\"item\":\"https:\/\/smartseal.cz\/sk\/\"},{\"@type\":\"ListItem\",\"position\":2,\"name\":\"Obchod\",\"item\":\"https:\/\/smartseal.cz\/sk\/obchod\/\"},{\"@type\":\"ListItem\",\"position\":3,\"name\":\"S\u00faprava ochrann\u00fdch pom\u00f4cok\"}]},{\"@type\":\"WebSite\",\"@id\":\"https:\/\/smartseal.cz\/sk\/#website\",\"url\":\"https:\/\/smartseal.cz\/sk\/\",\"name\":\"Smartseal Slovensko\",\"description\":\"Chytr\u00e9 n\u00e1tery na v\u0161etky povrchy\",\"potentialAction\":[{\"@type\":\"SearchAction\",\"target\":{\"@type\":\"EntryPoint\",\"urlTemplate\":\"https:\/\/smartseal.cz\/sk\/?s={search_term_string}\"},\"query-input\":{\"@type\":\"PropertyValueSpecification\",\"valueRequired\":true,\"valueName\":\"search_term_string\"}}],\"inLanguage\":\"sk-SK\"}]}<\/script>\n<!-- \/ Yoast SEO Premium plugin. -->","yoast_head_json":{"title":"Sada ochrann\u00fdch pom\u016fcek | Smartseal.cz","description":"Sada ochrann\u00fdch pom\u016fcek obsahuje respir\u00e1tor, rukavice a br\u00fdle.","robots":{"index":"index","follow":"follow","max-snippet":"max-snippet:-1","max-image-preview":"max-image-preview:large","max-video-preview":"max-video-preview:-1"},"canonical":"https:\/\/smartseal.cz\/sk\/produkt\/suprava-ochrannych-pomocok\/","og_locale":"sk_SK","og_type":"article","og_title":"S\u00faprava ochrann\u00fdch pom\u00f4cok","og_description":"Sada ochrann\u00fdch pom\u016fcek obsahuje respir\u00e1tor, rukavice a br\u00fdle.","og_url":"https:\/\/smartseal.cz\/sk\/produkt\/suprava-ochrannych-pomocok\/","og_site_name":"Smartseal Slovensko","article_modified_time":"2026-04-11T20:45:52+00:00","og_image":[{"width":800,"height":800,"url":"https:\/\/smartseal.cz\/sk\/wp-content\/uploads\/2021\/07\/ochranne_pomucky.png","type":"image\/png"}],"twitter_card":"summary_large_image","twitter_misc":{"Predpokladan\u00fd \u010das \u010d\u00edtania":"1 min\u00fata"},"schema":{"@context":"https:\/\/schema.org","@graph":[{"@type":"WebPage","@id":"https:\/\/smartseal.cz\/sk\/produkt\/suprava-ochrannych-pomocok\/","url":"https:\/\/smartseal.cz\/sk\/produkt\/suprava-ochrannych-pomocok\/","name":"Sada ochrann\u00fdch pom\u016fcek | Smartseal.cz","isPartOf":{"@id":"https:\/\/smartseal.cz\/sk\/#website"},"primaryImageOfPage":{"@id":"https:\/\/smartseal.cz\/sk\/produkt\/suprava-ochrannych-pomocok\/#primaryimage"},"image":{"@id":"https:\/\/smartseal.cz\/sk\/produkt\/suprava-ochrannych-pomocok\/#primaryimage"},"thumbnailUrl":"https:\/\/smartseal.cz\/sk\/wp-content\/uploads\/2021\/07\/ochranne_pomucky.png","datePublished":"2019-04-02T12:51:47+00:00","dateModified":"2026-04-11T20:45:52+00:00","description":"Sada ochrann\u00fdch pom\u016fcek obsahuje respir\u00e1tor, rukavice a br\u00fdle.","breadcrumb":{"@id":"https:\/\/smartseal.cz\/sk\/produkt\/suprava-ochrannych-pomocok\/#breadcrumb"},"inLanguage":"sk-SK","potentialAction":[{"@type":"ReadAction","target":["https:\/\/smartseal.cz\/sk\/produkt\/suprava-ochrannych-pomocok\/"]}]},{"@type":"ImageObject","inLanguage":"sk-SK","@id":"https:\/\/smartseal.cz\/sk\/produkt\/suprava-ochrannych-pomocok\/#primaryimage","url":"https:\/\/smartseal.cz\/sk\/wp-content\/uploads\/2021\/07\/ochranne_pomucky.png","contentUrl":"https:\/\/smartseal.cz\/sk\/wp-content\/uploads\/2021\/07\/ochranne_pomucky.png","width":800,"height":800},{"@type":"BreadcrumbList","@id":"https:\/\/smartseal.cz\/sk\/produkt\/suprava-ochrannych-pomocok\/#breadcrumb","itemListElement":[{"@type":"ListItem","position":1,"name":"Dom\u016f","item":"https:\/\/smartseal.cz\/sk\/"},{"@type":"ListItem","position":2,"name":"Obchod","item":"https:\/\/smartseal.cz\/sk\/obchod\/"},{"@type":"ListItem","position":3,"name":"S\u00faprava ochrann\u00fdch pom\u00f4cok"}]},{"@type":"WebSite","@id":"https:\/\/smartseal.cz\/sk\/#website","url":"https:\/\/smartseal.cz\/sk\/","name":"Smartseal Slovensko","description":"Chytr\u00e9 n\u00e1tery na v\u0161etky povrchy","potentialAction":[{"@type":"SearchAction","target":{"@type":"EntryPoint","urlTemplate":"https:\/\/smartseal.cz\/sk\/?s={search_term_string}"},"query-input":{"@type":"PropertyValueSpecification","valueRequired":true,"valueName":"search_term_string"}}],"inLanguage":"sk-SK"}]}},"_links":{"self":[{"href":"https:\/\/smartseal.cz\/sk\/wp-json\/wp\/v2\/product\/3689","targetHints":{"allow":["GET"]}}],"collection":[{"href":"https:\/\/smartseal.cz\/sk\/wp-json\/wp\/v2\/product"}],"about":[{"href":"https:\/\/smartseal.cz\/sk\/wp-json\/wp\/v2\/types\/product"}],"replies":[{"embeddable":true,"href":"https:\/\/smartseal.cz\/sk\/wp-json\/wp\/v2\/comments?post=3689"}],"wp:featuredmedia":[{"embeddable":true,"href":"https:\/\/smartseal.cz\/sk\/wp-json\/wp\/v2\/media\/7672"}],"wp:attachment":[{"href":"https:\/\/smartseal.cz\/sk\/wp-json\/wp\/v2\/media?parent=3689"}],"wp:term":[{"taxonomy":"product_brand","embeddable":true,"href":"https:\/\/smartseal.cz\/sk\/wp-json\/wp\/v2\/product_brand?post=3689"},{"taxonomy":"product_cat","embeddable":true,"href":"https:\/\/smartseal.cz\/sk\/wp-json\/wp\/v2\/product_cat?post=3689"},{"taxonomy":"product_tag","embeddable":true,"href":"https:\/\/smartseal.cz\/sk\/wp-json\/wp\/v2\/product_tag?post=3689"}],"curies":[{"name":"wp","href":"https:\/\/api.w.org\/{rel}","templated":true}]}}