{"id":3688,"date":"2019-04-02T14:51:47","date_gmt":"2019-04-02T12:51:47","guid":{"rendered":"https:\/\/smartseal.cz\/sk\/produkt\/sada-aplikacnich-nastroju-na-ochranne-natery-valecek-nadoba-2\/"},"modified":"2026-04-09T10:37:04","modified_gmt":"2026-04-09T08:37:04","slug":"sada-aplikacnich-nastroju-na-ochranne-natery-valecek-nadoba","status":"publish","type":"product","link":"https:\/\/smartseal.cz\/sk\/produkt\/sada-aplikacnich-nastroju-na-ochranne-natery-valecek-nadoba\/","title":{"rendered":"Sada aplika\u010dn\u00edch n\u00e1stroj\u016f na (ochrann\u00e9) n\u00e1t\u011bry (v\u00e1le\u010dek + n\u00e1doba)"},"content":{"rendered":"<h2>Sada profesion\u00e1ln\u00edch pom\u016fcek: v\u00e1le\u010dek + n\u00e1doba<\/h2>\n<p>V\u00a0sad\u011b najdete profesion\u00e1ln\u00ed v\u00e1le\u010dek o pr\u016fm\u011bru 12 cm, kter\u00fd doporu\u010dujeme pou\u017e\u00edt p\u0159i pr\u00e1ci s\u00a0impregna\u010dn\u00edm n\u00e1t\u011brem na z\u00e1mkovou dla\u017ebu, impregna\u010dn\u00edm n\u00e1t\u011brem na terasu nebo asfalt. V\u00e1le\u010dek je um\u00edst\u011bn na dlouh\u00e9 ty\u010di, kter\u00fd v\u00e1m usnadn\u00ed manipulaci a hlavici je mo\u017en\u00e9 vym\u011bnit. Sou\u010d\u00e1st\u00ed sady je prostorn\u00e1 a stabiln\u00ed n\u00e1doba na tekut\u00e9 p\u0159\u00edpravky, kter\u00e1 je vhodn\u00e1 na tento typ v\u00e1le\u010dku.<\/p>\n","protected":false},"excerpt":{"rendered":"<p>V t\u00e9to profesion\u00e1ln\u00ed sad\u011b najdete v\u00e1le\u010dek a n\u00e1dobu vhodn\u00e9 na impregna\u010dn\u00ed n\u00e1t\u011bry Smartseal.<\/p>\n","protected":false},"featured_media":4248,"comment_status":"open","ping_status":"closed","template":"","meta":[],"product_brand":[],"product_cat":[55,24,44,132,22,21],"product_tag":[],"class_list":{"0":"post-3688","1":"product","2":"type-product","3":"status-publish","4":"has-post-thumbnail","6":"product_cat-asfalt","7":"product_cat-impregnacia-ochranne-natery","8":"product_cat-impregnacia-asfaltu","9":"product_cat-sady","10":"product_cat-prislusenstvo","11":"product_cat-pristupove-cesty-chodniky","13":"first","14":"instock","15":"taxable","16":"shipping-taxable","17":"purchasable","18":"product-type-simple"},"yoast_head":"<!-- This site is optimized with the Yoast SEO Premium plugin v26.8 (Yoast SEO v26.9) - https:\/\/yoast.com\/product\/yoast-seo-premium-wordpress\/ -->\n<title>Sada aplika\u010dn\u00edch n\u00e1stroj\u016f na (ochrann\u00e9) n\u00e1t\u011bry (v\u00e1le\u010dek + n\u00e1doba) | Smartseal.cz<\/title>\n<meta name=\"description\" content=\"Sada obsahuje v\u00e1le\u010dek a n\u00e1dobu vhodn\u00e9 na impregna\u010dn\u00ed n\u00e1t\u011bry Smartseal.\" \/>\n<meta name=\"robots\" content=\"index, follow, max-snippet:-1, max-image-preview:large, max-video-preview:-1\" \/>\n<link rel=\"canonical\" href=\"https:\/\/smartseal.cz\/sk\/produkt\/sada-aplikacnich-nastroju-na-ochranne-natery-valecek-nadoba\/\" \/>\n<meta property=\"og:locale\" content=\"sk_SK\" \/>\n<meta property=\"og:type\" content=\"article\" \/>\n<meta property=\"og:title\" content=\"Sada aplika\u010dn\u00edch n\u00e1stroj\u016f na (ochrann\u00e9) n\u00e1t\u011bry (v\u00e1le\u010dek + n\u00e1doba)\" \/>\n<meta property=\"og:description\" content=\"Sada obsahuje v\u00e1le\u010dek a n\u00e1dobu vhodn\u00e9 na impregna\u010dn\u00ed n\u00e1t\u011bry Smartseal.\" \/>\n<meta property=\"og:url\" content=\"https:\/\/smartseal.cz\/sk\/produkt\/sada-aplikacnich-nastroju-na-ochranne-natery-valecek-nadoba\/\" \/>\n<meta property=\"og:site_name\" content=\"Smartseal Slovensko\" \/>\n<meta property=\"article:modified_time\" content=\"2026-04-09T08:37:04+00:00\" \/>\n<meta property=\"og:image\" content=\"https:\/\/smartseal.cz\/sk\/wp-content\/uploads\/2019\/04\/foto-valecek-s-nadobou.jpg\" \/>\n\t<meta property=\"og:image:width\" content=\"800\" \/>\n\t<meta property=\"og:image:height\" content=\"800\" \/>\n\t<meta property=\"og:image:type\" content=\"image\/jpeg\" \/>\n<meta name=\"twitter:card\" content=\"summary_large_image\" \/>\n<meta name=\"twitter:label1\" content=\"Predpokladan\u00fd \u010das \u010d\u00edtania\" \/>\n\t<meta name=\"twitter:data1\" content=\"1 min\u00fata\" \/>\n<script type=\"application\/ld+json\" class=\"yoast-schema-graph\">{\"@context\":\"https:\/\/schema.org\",\"@graph\":[{\"@type\":\"WebPage\",\"@id\":\"https:\/\/smartseal.cz\/sk\/produkt\/sada-aplikacnich-nastroju-na-ochranne-natery-valecek-nadoba\/\",\"url\":\"https:\/\/smartseal.cz\/sk\/produkt\/sada-aplikacnich-nastroju-na-ochranne-natery-valecek-nadoba\/\",\"name\":\"Sada aplika\u010dn\u00edch n\u00e1stroj\u016f na (ochrann\u00e9) n\u00e1t\u011bry (v\u00e1le\u010dek + n\u00e1doba) | Smartseal.cz\",\"isPartOf\":{\"@id\":\"https:\/\/smartseal.cz\/sk\/#website\"},\"primaryImageOfPage\":{\"@id\":\"https:\/\/smartseal.cz\/sk\/produkt\/sada-aplikacnich-nastroju-na-ochranne-natery-valecek-nadoba\/#primaryimage\"},\"image\":{\"@id\":\"https:\/\/smartseal.cz\/sk\/produkt\/sada-aplikacnich-nastroju-na-ochranne-natery-valecek-nadoba\/#primaryimage\"},\"thumbnailUrl\":\"https:\/\/smartseal.cz\/sk\/wp-content\/uploads\/2019\/04\/foto-valecek-s-nadobou.jpg\",\"datePublished\":\"2019-04-02T12:51:47+00:00\",\"dateModified\":\"2026-04-09T08:37:04+00:00\",\"description\":\"Sada obsahuje v\u00e1le\u010dek a n\u00e1dobu vhodn\u00e9 na impregna\u010dn\u00ed n\u00e1t\u011bry Smartseal.\",\"breadcrumb\":{\"@id\":\"https:\/\/smartseal.cz\/sk\/produkt\/sada-aplikacnich-nastroju-na-ochranne-natery-valecek-nadoba\/#breadcrumb\"},\"inLanguage\":\"sk-SK\",\"potentialAction\":[{\"@type\":\"ReadAction\",\"target\":[\"https:\/\/smartseal.cz\/sk\/produkt\/sada-aplikacnich-nastroju-na-ochranne-natery-valecek-nadoba\/\"]}]},{\"@type\":\"ImageObject\",\"inLanguage\":\"sk-SK\",\"@id\":\"https:\/\/smartseal.cz\/sk\/produkt\/sada-aplikacnich-nastroju-na-ochranne-natery-valecek-nadoba\/#primaryimage\",\"url\":\"https:\/\/smartseal.cz\/sk\/wp-content\/uploads\/2019\/04\/foto-valecek-s-nadobou.jpg\",\"contentUrl\":\"https:\/\/smartseal.cz\/sk\/wp-content\/uploads\/2019\/04\/foto-valecek-s-nadobou.jpg\",\"width\":800,\"height\":800,\"caption\":\"Sada v\u00e1le\u010dek s n\u00e1dobou k pou\u017eit\u00ed impregna\u010dn\u00edch n\u00e1t\u011br\u016f.\"},{\"@type\":\"BreadcrumbList\",\"@id\":\"https:\/\/smartseal.cz\/sk\/produkt\/sada-aplikacnich-nastroju-na-ochranne-natery-valecek-nadoba\/#breadcrumb\",\"itemListElement\":[{\"@type\":\"ListItem\",\"position\":1,\"name\":\"Dom\u016f\",\"item\":\"https:\/\/smartseal.cz\/sk\/\"},{\"@type\":\"ListItem\",\"position\":2,\"name\":\"Obchod\",\"item\":\"https:\/\/smartseal.cz\/sk\/obchod\/\"},{\"@type\":\"ListItem\",\"position\":3,\"name\":\"Sada aplika\u010dn\u00edch n\u00e1stroj\u016f na (ochrann\u00e9) n\u00e1t\u011bry (v\u00e1le\u010dek + n\u00e1doba)\"}]},{\"@type\":\"WebSite\",\"@id\":\"https:\/\/smartseal.cz\/sk\/#website\",\"url\":\"https:\/\/smartseal.cz\/sk\/\",\"name\":\"Smartseal Slovensko\",\"description\":\"Chytr\u00e9 n\u00e1tery na v\u0161etky povrchy\",\"potentialAction\":[{\"@type\":\"SearchAction\",\"target\":{\"@type\":\"EntryPoint\",\"urlTemplate\":\"https:\/\/smartseal.cz\/sk\/?s={search_term_string}\"},\"query-input\":{\"@type\":\"PropertyValueSpecification\",\"valueRequired\":true,\"valueName\":\"search_term_string\"}}],\"inLanguage\":\"sk-SK\"}]}<\/script>\n<!-- \/ Yoast SEO Premium plugin. -->","yoast_head_json":{"title":"Sada aplika\u010dn\u00edch n\u00e1stroj\u016f na (ochrann\u00e9) n\u00e1t\u011bry (v\u00e1le\u010dek + n\u00e1doba) | Smartseal.cz","description":"Sada obsahuje v\u00e1le\u010dek a n\u00e1dobu vhodn\u00e9 na impregna\u010dn\u00ed n\u00e1t\u011bry Smartseal.","robots":{"index":"index","follow":"follow","max-snippet":"max-snippet:-1","max-image-preview":"max-image-preview:large","max-video-preview":"max-video-preview:-1"},"canonical":"https:\/\/smartseal.cz\/sk\/produkt\/sada-aplikacnich-nastroju-na-ochranne-natery-valecek-nadoba\/","og_locale":"sk_SK","og_type":"article","og_title":"Sada aplika\u010dn\u00edch n\u00e1stroj\u016f na (ochrann\u00e9) n\u00e1t\u011bry (v\u00e1le\u010dek + n\u00e1doba)","og_description":"Sada obsahuje v\u00e1le\u010dek a n\u00e1dobu vhodn\u00e9 na impregna\u010dn\u00ed n\u00e1t\u011bry Smartseal.","og_url":"https:\/\/smartseal.cz\/sk\/produkt\/sada-aplikacnich-nastroju-na-ochranne-natery-valecek-nadoba\/","og_site_name":"Smartseal Slovensko","article_modified_time":"2026-04-09T08:37:04+00:00","og_image":[{"width":800,"height":800,"url":"https:\/\/smartseal.cz\/sk\/wp-content\/uploads\/2019\/04\/foto-valecek-s-nadobou.jpg","type":"image\/jpeg"}],"twitter_card":"summary_large_image","twitter_misc":{"Predpokladan\u00fd \u010das \u010d\u00edtania":"1 min\u00fata"},"schema":{"@context":"https:\/\/schema.org","@graph":[{"@type":"WebPage","@id":"https:\/\/smartseal.cz\/sk\/produkt\/sada-aplikacnich-nastroju-na-ochranne-natery-valecek-nadoba\/","url":"https:\/\/smartseal.cz\/sk\/produkt\/sada-aplikacnich-nastroju-na-ochranne-natery-valecek-nadoba\/","name":"Sada aplika\u010dn\u00edch n\u00e1stroj\u016f na (ochrann\u00e9) n\u00e1t\u011bry (v\u00e1le\u010dek + n\u00e1doba) | Smartseal.cz","isPartOf":{"@id":"https:\/\/smartseal.cz\/sk\/#website"},"primaryImageOfPage":{"@id":"https:\/\/smartseal.cz\/sk\/produkt\/sada-aplikacnich-nastroju-na-ochranne-natery-valecek-nadoba\/#primaryimage"},"image":{"@id":"https:\/\/smartseal.cz\/sk\/produkt\/sada-aplikacnich-nastroju-na-ochranne-natery-valecek-nadoba\/#primaryimage"},"thumbnailUrl":"https:\/\/smartseal.cz\/sk\/wp-content\/uploads\/2019\/04\/foto-valecek-s-nadobou.jpg","datePublished":"2019-04-02T12:51:47+00:00","dateModified":"2026-04-09T08:37:04+00:00","description":"Sada obsahuje v\u00e1le\u010dek a n\u00e1dobu vhodn\u00e9 na impregna\u010dn\u00ed n\u00e1t\u011bry Smartseal.","breadcrumb":{"@id":"https:\/\/smartseal.cz\/sk\/produkt\/sada-aplikacnich-nastroju-na-ochranne-natery-valecek-nadoba\/#breadcrumb"},"inLanguage":"sk-SK","potentialAction":[{"@type":"ReadAction","target":["https:\/\/smartseal.cz\/sk\/produkt\/sada-aplikacnich-nastroju-na-ochranne-natery-valecek-nadoba\/"]}]},{"@type":"ImageObject","inLanguage":"sk-SK","@id":"https:\/\/smartseal.cz\/sk\/produkt\/sada-aplikacnich-nastroju-na-ochranne-natery-valecek-nadoba\/#primaryimage","url":"https:\/\/smartseal.cz\/sk\/wp-content\/uploads\/2019\/04\/foto-valecek-s-nadobou.jpg","contentUrl":"https:\/\/smartseal.cz\/sk\/wp-content\/uploads\/2019\/04\/foto-valecek-s-nadobou.jpg","width":800,"height":800,"caption":"Sada v\u00e1le\u010dek s n\u00e1dobou k pou\u017eit\u00ed impregna\u010dn\u00edch n\u00e1t\u011br\u016f."},{"@type":"BreadcrumbList","@id":"https:\/\/smartseal.cz\/sk\/produkt\/sada-aplikacnich-nastroju-na-ochranne-natery-valecek-nadoba\/#breadcrumb","itemListElement":[{"@type":"ListItem","position":1,"name":"Dom\u016f","item":"https:\/\/smartseal.cz\/sk\/"},{"@type":"ListItem","position":2,"name":"Obchod","item":"https:\/\/smartseal.cz\/sk\/obchod\/"},{"@type":"ListItem","position":3,"name":"Sada aplika\u010dn\u00edch n\u00e1stroj\u016f na (ochrann\u00e9) n\u00e1t\u011bry (v\u00e1le\u010dek + n\u00e1doba)"}]},{"@type":"WebSite","@id":"https:\/\/smartseal.cz\/sk\/#website","url":"https:\/\/smartseal.cz\/sk\/","name":"Smartseal Slovensko","description":"Chytr\u00e9 n\u00e1tery na v\u0161etky povrchy","potentialAction":[{"@type":"SearchAction","target":{"@type":"EntryPoint","urlTemplate":"https:\/\/smartseal.cz\/sk\/?s={search_term_string}"},"query-input":{"@type":"PropertyValueSpecification","valueRequired":true,"valueName":"search_term_string"}}],"inLanguage":"sk-SK"}]}},"_links":{"self":[{"href":"https:\/\/smartseal.cz\/sk\/wp-json\/wp\/v2\/product\/3688","targetHints":{"allow":["GET"]}}],"collection":[{"href":"https:\/\/smartseal.cz\/sk\/wp-json\/wp\/v2\/product"}],"about":[{"href":"https:\/\/smartseal.cz\/sk\/wp-json\/wp\/v2\/types\/product"}],"replies":[{"embeddable":true,"href":"https:\/\/smartseal.cz\/sk\/wp-json\/wp\/v2\/comments?post=3688"}],"wp:featuredmedia":[{"embeddable":true,"href":"https:\/\/smartseal.cz\/sk\/wp-json\/wp\/v2\/media\/4248"}],"wp:attachment":[{"href":"https:\/\/smartseal.cz\/sk\/wp-json\/wp\/v2\/media?parent=3688"}],"wp:term":[{"taxonomy":"product_brand","embeddable":true,"href":"https:\/\/smartseal.cz\/sk\/wp-json\/wp\/v2\/product_brand?post=3688"},{"taxonomy":"product_cat","embeddable":true,"href":"https:\/\/smartseal.cz\/sk\/wp-json\/wp\/v2\/product_cat?post=3688"},{"taxonomy":"product_tag","embeddable":true,"href":"https:\/\/smartseal.cz\/sk\/wp-json\/wp\/v2\/product_tag?post=3688"}],"curies":[{"name":"wp","href":"https:\/\/api.w.org\/{rel}","templated":true}]}}