{"id":3683,"date":"2019-04-02T14:51:47","date_gmt":"2019-04-02T12:51:47","guid":{"rendered":"https:\/\/smartseal.cz\/sk\/produkt\/polyuretanovy-lak-nater-na-zamkovou-dlazbu-2\/"},"modified":"2025-11-19T20:29:45","modified_gmt":"2025-11-19T19:29:45","slug":"polyuretanovy-lak-na-zamkovu-dlazbu","status":"publish","type":"product","link":"https:\/\/smartseal.cz\/sk\/produkt\/polyuretanovy-lak-na-zamkovu-dlazbu\/","title":{"rendered":"Polyuretanov\u00fd lak na z\u00e1mkovou dla\u017ebu, 23l"},"content":{"rendered":"<h2>Polyuretanov\u00fd lak na z\u00e1mkovou dla\u017ebu pro soukrom\u00e9 a obchodn\u00ed prostory<\/h2>\n<p>Vysoce odoln\u00fd impregna\u010dn\u00ed p\u0159\u00edpravek na dla\u017ebu<\/p>\n<p>Smartseal Polyuretanov\u00fd lak na z\u00e1mkovou dla\u017ebu je ochrann\u00fd materi\u00e1l s n\u00edzkou viskozitou, ur\u010den\u00fd p\u0159edev\u0161\u00edm pro ochranu z\u00e1mkov\u00e9 dla\u017eby, v m\u00edstech\u00a0 s t\u011b\u017ek\u00fdm provozem a do pr\u016fmyslov\u00fdch prostor. Aplikace p\u0159\u00edpravku zpevn\u00ed p\u00edsek mezi dla\u017edicemi a vytvo\u0159\u00ed dlouhodob\u011b efektivn\u00ed t\u011bsn\u011bn\u00ed na povrchu dla\u017eby.<\/p>\n<h3>*NESM\u00cd B\u00ddT POU\u017dIT NA CIHELNOU DLA\u017dBU NEBO ZDIVO*<\/h3>\n<ul>\n<li>Vyrobeno podle standard\u016f BS5750 ve Velk\u00e9 Brit\u00e1nii<\/li>\n<li>Barevn\u00e9 o\u017eiven\u00ed povrchov\u00e9 \u00fapravy<\/li>\n<li>Vysoce odoln\u00e9 v\u016f\u010di skvrn\u00e1m<\/li>\n<li>Odoln\u00fd proti chemik\u00e1li\u00edm a olej\u016fm<\/li>\n<li>Zpevn\u00ed p\u00edsek mezi dla\u017edicemi<\/li>\n<li>Odolnost proti UV z\u00e1\u0159en\u00ed: chr\u00e1n\u00ed dla\u017edice p\u0159ed ztr\u00e1tou barvy<\/li>\n<li>Neodlupuje se<\/li>\n<li>Nepo\u0161kod\u00ed se tlakem<\/li>\n<li>Odolnost proti skvrn\u00e1m od pneumatik<\/li>\n<li>V\u00fdrazn\u011b sni\u017euje r\u016fst plevel\u016f, mech\u016f a \u0159as<\/li>\n<li>Sni\u017euje napaden\u00ed mravencem<\/li>\n<\/ul>\n<p><strong>Spot\u0159eba<\/strong><\/p>\n<p>Celkov\u011b naneste dv\u011b vrstvy polyuretanov\u00e9ho n\u00e1t\u011bru. Prvn\u00ed vrstvu aplikujte v\u00a0pom\u011bru cca 2 m2 na litr a 3,5 m2 na litr na druh\u00fd n\u00e1t\u011br. Druh\u00fd n\u00e1t\u011br aplikujte do \u010dty\u0159 hodin od prvn\u00ed vrstvy, abyste spr\u00e1vn\u011b zajistili ochrann\u00e9 vlastnosti.<\/p>\n<p><strong>Dostupn\u00e9 velikosti<\/strong><\/p>\n<ul>\n<li><a href=\"https:\/\/smartseal.cz\/sk\/produkt\/polyuretanovy-la\u2026mkovou-dlazbu-5l\/\">5l<\/a>, <a href=\"https:\/\/smartseal.cz\/sk\/produkt\/polyuretanovy-lak-na-zamkovou-dlazbu\/\">23l<\/a><\/li>\n<\/ul>\n<h3>Technick\u00fd popis Polyuretanov\u00fd lak<\/h3>\n<p>Polyuretanov\u00fd n\u00e1t\u011br na z\u00e1mkovou dla\u017ebu se pou\u017e\u00edv\u00e1 pouze na prefabrikovan\u00e9 betonov\u00e9 dla\u017edice a nesm\u00ed b\u00fdt pou\u017e\u00edv\u00e1n na \u017e\u00e1dnou jinou formu dla\u017eby, cihly, p\u0159\u00edrodn\u00ed k\u00e1men nebo dla\u017eebn\u00ed kostky s\u00a0povrchovou \u00fapravou p\u0159\u00edrodn\u00edho kamene.<\/p>\n<h3>*NESM\u00cd B\u00ddT POU\u017dIT NA CIHLY A ZDIVO*<\/h3>\n<ul>\n<li>Ochrann\u00fd n\u00e1t\u011br pou\u017eijte pouze v\u00a0p\u0159\u00edpad\u011b, \u017ee je dla\u017eba \u010dist\u00e1 a such\u00e1. V\u00a0n\u00e1sleduj\u00edc\u00edch 8 hodin by nem\u011blo pr\u0161et.<\/li>\n<li>Teploty mus\u00ed b\u00fdt v\u00a0rozmez\u00ed 10 \u00b0C\u201325 \u00b0C.<\/li>\n<li>Pou\u017e\u00edvejte pouze v p\u0159\u00edpad\u011b, \u017ee nen\u00ed vid\u011bt v\u00e1penn\u00fd v\u00fdkv\u011bt (b\u00edl\u00e9 skvrny)<\/li>\n<li>Ujist\u011bte se, \u017ee dla\u017edice jsou d\u016fkladn\u011b zameteny od p\u00edsku. To by mohlo v\u00e9st k\u00a0tomu, \u017ee bude dla\u017eba zalakov\u00e1na spolu s\u00a0p\u00edskem na povrchu.<\/li>\n<li>Na hrany aplikujte n\u00e1t\u011br pomoc\u00ed \u0161t\u011btce nebo mal\u00e9ho v\u00e1le\u010dku.<\/li>\n<li>Hlavn\u00ed plochy nat\u00edrejte v\u00e1le\u010dkem v pom\u011bru 2 m2 na litr 1. n\u00e1t\u011br a 3,5 m2 na litr 2. n\u00e1t\u011br<\/li>\n<li>Mezi jednotliv\u00fdmi vrstvami nechte rozestup 2-3 hodiny, ale ne d\u00e9le jak 4 hodiny.<\/li>\n<li>Na plochu m\u016f\u017eete vstoupit po 3 hodin\u00e1ch od druh\u00e9ho n\u00e1t\u011bru a vozidlem vjet po 24 hodin\u00e1ch.<\/li>\n<li>V\u017edy pou\u017e\u00edvejte <a href=\"https:\/\/smartseal.cz\/sk\/obchod\/sada-ochrannych-pomucek\/\">ochrannou masku, br\u00fdle a rukavice<\/a><\/li>\n<\/ul>\n<p>Pro dal\u0161\u00ed informace n\u00e1s kontaktujte na \u010d\u00edsle +420\u00a0604\u00a0252\u00a0920 nebo vyu\u017eijte n\u00e1\u0161 on-line chat.<\/p>\n<h3>N\u00e1vod k pou\u017eit\u00ed Polyuretanov\u00fd lak<\/h3>\n<p><a href=\"https:\/\/smartseal.cz\/sk\/wp-content\/uploads\/sites\/2\/2019\/04\/N\u00e1vod-k-pou\u017eit\u00ed_lak-zam-dlaz.pdf\">N\u00e1vod k pou\u017eit\u00ed v PDF<\/a><\/p>\n","protected":false},"excerpt":{"rendered":"<p>Polyuretanov\u00fd lak ochr\u00e1n\u00ed z\u00e1mkovou dla\u017ebu p\u0159ed olejov\u00fdmi skvrnami a skvrnami od pneumatik. Sni\u017euje v\u00fdskyt mechu, li\u0161ejn\u00edku a \u0159as.<\/p>\n","protected":false},"featured_media":4301,"comment_status":"open","ping_status":"closed","template":"","meta":[],"product_brand":[],"product_cat":[53,24,42,58,21],"product_tag":[],"class_list":{"0":"post-3683","1":"product","2":"type-product","3":"status-publish","4":"has-post-thumbnail","6":"product_cat-zamkova-dlazba","7":"product_cat-impregnacia-ochranne-natery","8":"product_cat-impregnacia-zamkovej-dlazby","9":"product_cat-zamkova-dlazba-terasy","10":"product_cat-pristupove-cesty-chodniky","11":"pa_barva-bezbarva","12":"pa_velikost-baleni-20l","14":"first","15":"instock","16":"taxable","17":"shipping-taxable","18":"purchasable","19":"product-type-simple"},"yoast_head":"<!-- This site is optimized with the Yoast SEO Premium plugin v26.8 (Yoast SEO v26.9) - https:\/\/yoast.com\/product\/yoast-seo-premium-wordpress\/ -->\n<title>Polyuretanov\u00fd lak na z\u00e1mkovou dla\u017ebu 25L | Smartseal SK<\/title>\n<meta name=\"description\" content=\"Polyuret\u00e1nov\u00fd lak chr\u00e1ni dla\u017ebu pred olejov\u00fdmi \u0161kvrnami a \u0161kvrnami od pneumat\u00edk. Zni\u017euje v\u00fdskyt machu, li\u0161ajn\u00edkov a rias.\" \/>\n<meta name=\"robots\" content=\"index, follow, max-snippet:-1, max-image-preview:large, max-video-preview:-1\" \/>\n<link rel=\"canonical\" href=\"https:\/\/smartseal.cz\/sk\/produkt\/polyuretanovy-lak-na-zamkovu-dlazbu\/\" \/>\n<meta property=\"og:locale\" content=\"sk_SK\" \/>\n<meta property=\"og:type\" content=\"article\" \/>\n<meta property=\"og:title\" content=\"Polyuretanov\u00fd lak na z\u00e1mkovou dla\u017ebu, 23l\" \/>\n<meta property=\"og:description\" content=\"Polyuret\u00e1nov\u00fd lak chr\u00e1ni dla\u017ebu pred olejov\u00fdmi \u0161kvrnami a \u0161kvrnami od pneumat\u00edk. Zni\u017euje v\u00fdskyt machu, li\u0161ajn\u00edkov a rias.\" \/>\n<meta property=\"og:url\" content=\"https:\/\/smartseal.cz\/sk\/produkt\/polyuretanovy-lak-na-zamkovu-dlazbu\/\" \/>\n<meta property=\"og:site_name\" content=\"Smartseal Slovensko\" \/>\n<meta property=\"article:modified_time\" content=\"2025-11-19T19:29:45+00:00\" \/>\n<meta property=\"og:image\" content=\"https:\/\/smartseal.cz\/sk\/wp-content\/uploads\/2019\/04\/foto-obal-polyurethanovy-lak-zamkova-dlazba-23l.jpg\" \/>\n\t<meta property=\"og:image:width\" content=\"800\" \/>\n\t<meta property=\"og:image:height\" content=\"800\" \/>\n\t<meta property=\"og:image:type\" content=\"image\/jpeg\" \/>\n<meta name=\"twitter:card\" content=\"summary_large_image\" \/>\n<meta name=\"twitter:label1\" content=\"Predpokladan\u00fd \u010das \u010d\u00edtania\" \/>\n\t<meta name=\"twitter:data1\" content=\"3 min\u00faty\" \/>\n<script type=\"application\/ld+json\" class=\"yoast-schema-graph\">{\"@context\":\"https:\/\/schema.org\",\"@graph\":[{\"@type\":\"WebPage\",\"@id\":\"https:\/\/smartseal.cz\/sk\/produkt\/polyuretanovy-lak-na-zamkovu-dlazbu\/\",\"url\":\"https:\/\/smartseal.cz\/sk\/produkt\/polyuretanovy-lak-na-zamkovu-dlazbu\/\",\"name\":\"Polyuretanov\u00fd lak na z\u00e1mkovou dla\u017ebu 25L | Smartseal SK\",\"isPartOf\":{\"@id\":\"https:\/\/smartseal.cz\/sk\/#website\"},\"primaryImageOfPage\":{\"@id\":\"https:\/\/smartseal.cz\/sk\/produkt\/polyuretanovy-lak-na-zamkovu-dlazbu\/#primaryimage\"},\"image\":{\"@id\":\"https:\/\/smartseal.cz\/sk\/produkt\/polyuretanovy-lak-na-zamkovu-dlazbu\/#primaryimage\"},\"thumbnailUrl\":\"https:\/\/smartseal.cz\/sk\/wp-content\/uploads\/2019\/04\/foto-obal-polyurethanovy-lak-zamkova-dlazba-23l.jpg\",\"datePublished\":\"2019-04-02T12:51:47+00:00\",\"dateModified\":\"2025-11-19T19:29:45+00:00\",\"description\":\"Polyuret\u00e1nov\u00fd lak chr\u00e1ni dla\u017ebu pred olejov\u00fdmi \u0161kvrnami a \u0161kvrnami od pneumat\u00edk. Zni\u017euje v\u00fdskyt machu, li\u0161ajn\u00edkov a rias.\",\"breadcrumb\":{\"@id\":\"https:\/\/smartseal.cz\/sk\/produkt\/polyuretanovy-lak-na-zamkovu-dlazbu\/#breadcrumb\"},\"inLanguage\":\"sk-SK\",\"potentialAction\":[{\"@type\":\"ReadAction\",\"target\":[\"https:\/\/smartseal.cz\/sk\/produkt\/polyuretanovy-lak-na-zamkovu-dlazbu\/\"]}]},{\"@type\":\"ImageObject\",\"inLanguage\":\"sk-SK\",\"@id\":\"https:\/\/smartseal.cz\/sk\/produkt\/polyuretanovy-lak-na-zamkovu-dlazbu\/#primaryimage\",\"url\":\"https:\/\/smartseal.cz\/sk\/wp-content\/uploads\/2019\/04\/foto-obal-polyurethanovy-lak-zamkova-dlazba-23l.jpg\",\"contentUrl\":\"https:\/\/smartseal.cz\/sk\/wp-content\/uploads\/2019\/04\/foto-obal-polyurethanovy-lak-zamkova-dlazba-23l.jpg\",\"width\":800,\"height\":800,\"caption\":\"Obal na polyurethanov\u00fd lak na z\u00e1mkovou dla\u017ebu, velikost 23l.\"},{\"@type\":\"BreadcrumbList\",\"@id\":\"https:\/\/smartseal.cz\/sk\/produkt\/polyuretanovy-lak-na-zamkovu-dlazbu\/#breadcrumb\",\"itemListElement\":[{\"@type\":\"ListItem\",\"position\":1,\"name\":\"Dom\u016f\",\"item\":\"https:\/\/smartseal.cz\/sk\/\"},{\"@type\":\"ListItem\",\"position\":2,\"name\":\"Obchod\",\"item\":\"https:\/\/smartseal.cz\/sk\/obchod\/\"},{\"@type\":\"ListItem\",\"position\":3,\"name\":\"Polyuretanov\u00fd lak na z\u00e1mkovou dla\u017ebu, 23l\"}]},{\"@type\":\"WebSite\",\"@id\":\"https:\/\/smartseal.cz\/sk\/#website\",\"url\":\"https:\/\/smartseal.cz\/sk\/\",\"name\":\"Smartseal Slovensko\",\"description\":\"Chytr\u00e9 n\u00e1tery na v\u0161etky povrchy\",\"potentialAction\":[{\"@type\":\"SearchAction\",\"target\":{\"@type\":\"EntryPoint\",\"urlTemplate\":\"https:\/\/smartseal.cz\/sk\/?s={search_term_string}\"},\"query-input\":{\"@type\":\"PropertyValueSpecification\",\"valueRequired\":true,\"valueName\":\"search_term_string\"}}],\"inLanguage\":\"sk-SK\"}]}<\/script>\n<!-- \/ Yoast SEO Premium plugin. -->","yoast_head_json":{"title":"Polyuretanov\u00fd lak na z\u00e1mkovou dla\u017ebu 25L | Smartseal SK","description":"Polyuret\u00e1nov\u00fd lak chr\u00e1ni dla\u017ebu pred olejov\u00fdmi \u0161kvrnami a \u0161kvrnami od pneumat\u00edk. Zni\u017euje v\u00fdskyt machu, li\u0161ajn\u00edkov a rias.","robots":{"index":"index","follow":"follow","max-snippet":"max-snippet:-1","max-image-preview":"max-image-preview:large","max-video-preview":"max-video-preview:-1"},"canonical":"https:\/\/smartseal.cz\/sk\/produkt\/polyuretanovy-lak-na-zamkovu-dlazbu\/","og_locale":"sk_SK","og_type":"article","og_title":"Polyuretanov\u00fd lak na z\u00e1mkovou dla\u017ebu, 23l","og_description":"Polyuret\u00e1nov\u00fd lak chr\u00e1ni dla\u017ebu pred olejov\u00fdmi \u0161kvrnami a \u0161kvrnami od pneumat\u00edk. Zni\u017euje v\u00fdskyt machu, li\u0161ajn\u00edkov a rias.","og_url":"https:\/\/smartseal.cz\/sk\/produkt\/polyuretanovy-lak-na-zamkovu-dlazbu\/","og_site_name":"Smartseal Slovensko","article_modified_time":"2025-11-19T19:29:45+00:00","og_image":[{"width":800,"height":800,"url":"https:\/\/smartseal.cz\/sk\/wp-content\/uploads\/2019\/04\/foto-obal-polyurethanovy-lak-zamkova-dlazba-23l.jpg","type":"image\/jpeg"}],"twitter_card":"summary_large_image","twitter_misc":{"Predpokladan\u00fd \u010das \u010d\u00edtania":"3 min\u00faty"},"schema":{"@context":"https:\/\/schema.org","@graph":[{"@type":"WebPage","@id":"https:\/\/smartseal.cz\/sk\/produkt\/polyuretanovy-lak-na-zamkovu-dlazbu\/","url":"https:\/\/smartseal.cz\/sk\/produkt\/polyuretanovy-lak-na-zamkovu-dlazbu\/","name":"Polyuretanov\u00fd lak na z\u00e1mkovou dla\u017ebu 25L | Smartseal SK","isPartOf":{"@id":"https:\/\/smartseal.cz\/sk\/#website"},"primaryImageOfPage":{"@id":"https:\/\/smartseal.cz\/sk\/produkt\/polyuretanovy-lak-na-zamkovu-dlazbu\/#primaryimage"},"image":{"@id":"https:\/\/smartseal.cz\/sk\/produkt\/polyuretanovy-lak-na-zamkovu-dlazbu\/#primaryimage"},"thumbnailUrl":"https:\/\/smartseal.cz\/sk\/wp-content\/uploads\/2019\/04\/foto-obal-polyurethanovy-lak-zamkova-dlazba-23l.jpg","datePublished":"2019-04-02T12:51:47+00:00","dateModified":"2025-11-19T19:29:45+00:00","description":"Polyuret\u00e1nov\u00fd lak chr\u00e1ni dla\u017ebu pred olejov\u00fdmi \u0161kvrnami a \u0161kvrnami od pneumat\u00edk. Zni\u017euje v\u00fdskyt machu, li\u0161ajn\u00edkov a rias.","breadcrumb":{"@id":"https:\/\/smartseal.cz\/sk\/produkt\/polyuretanovy-lak-na-zamkovu-dlazbu\/#breadcrumb"},"inLanguage":"sk-SK","potentialAction":[{"@type":"ReadAction","target":["https:\/\/smartseal.cz\/sk\/produkt\/polyuretanovy-lak-na-zamkovu-dlazbu\/"]}]},{"@type":"ImageObject","inLanguage":"sk-SK","@id":"https:\/\/smartseal.cz\/sk\/produkt\/polyuretanovy-lak-na-zamkovu-dlazbu\/#primaryimage","url":"https:\/\/smartseal.cz\/sk\/wp-content\/uploads\/2019\/04\/foto-obal-polyurethanovy-lak-zamkova-dlazba-23l.jpg","contentUrl":"https:\/\/smartseal.cz\/sk\/wp-content\/uploads\/2019\/04\/foto-obal-polyurethanovy-lak-zamkova-dlazba-23l.jpg","width":800,"height":800,"caption":"Obal na polyurethanov\u00fd lak na z\u00e1mkovou dla\u017ebu, velikost 23l."},{"@type":"BreadcrumbList","@id":"https:\/\/smartseal.cz\/sk\/produkt\/polyuretanovy-lak-na-zamkovu-dlazbu\/#breadcrumb","itemListElement":[{"@type":"ListItem","position":1,"name":"Dom\u016f","item":"https:\/\/smartseal.cz\/sk\/"},{"@type":"ListItem","position":2,"name":"Obchod","item":"https:\/\/smartseal.cz\/sk\/obchod\/"},{"@type":"ListItem","position":3,"name":"Polyuretanov\u00fd lak na z\u00e1mkovou dla\u017ebu, 23l"}]},{"@type":"WebSite","@id":"https:\/\/smartseal.cz\/sk\/#website","url":"https:\/\/smartseal.cz\/sk\/","name":"Smartseal Slovensko","description":"Chytr\u00e9 n\u00e1tery na v\u0161etky povrchy","potentialAction":[{"@type":"SearchAction","target":{"@type":"EntryPoint","urlTemplate":"https:\/\/smartseal.cz\/sk\/?s={search_term_string}"},"query-input":{"@type":"PropertyValueSpecification","valueRequired":true,"valueName":"search_term_string"}}],"inLanguage":"sk-SK"}]}},"_links":{"self":[{"href":"https:\/\/smartseal.cz\/sk\/wp-json\/wp\/v2\/product\/3683","targetHints":{"allow":["GET"]}}],"collection":[{"href":"https:\/\/smartseal.cz\/sk\/wp-json\/wp\/v2\/product"}],"about":[{"href":"https:\/\/smartseal.cz\/sk\/wp-json\/wp\/v2\/types\/product"}],"replies":[{"embeddable":true,"href":"https:\/\/smartseal.cz\/sk\/wp-json\/wp\/v2\/comments?post=3683"}],"wp:featuredmedia":[{"embeddable":true,"href":"https:\/\/smartseal.cz\/sk\/wp-json\/wp\/v2\/media\/4301"}],"wp:attachment":[{"href":"https:\/\/smartseal.cz\/sk\/wp-json\/wp\/v2\/media?parent=3683"}],"wp:term":[{"taxonomy":"product_brand","embeddable":true,"href":"https:\/\/smartseal.cz\/sk\/wp-json\/wp\/v2\/product_brand?post=3683"},{"taxonomy":"product_cat","embeddable":true,"href":"https:\/\/smartseal.cz\/sk\/wp-json\/wp\/v2\/product_cat?post=3683"},{"taxonomy":"product_tag","embeddable":true,"href":"https:\/\/smartseal.cz\/sk\/wp-json\/wp\/v2\/product_tag?post=3683"}],"curies":[{"name":"wp","href":"https:\/\/api.w.org\/{rel}","templated":true}]}}