{"id":3667,"date":"2019-04-02T14:51:38","date_gmt":"2019-04-02T12:51:38","guid":{"rendered":"https:\/\/smartseal.cz\/sk\/produkt\/impregnace-na-zamkovou-dlazbu-ekologicky-setrny-bez-rozpoustedel-2\/"},"modified":"2026-04-06T18:22:59","modified_gmt":"2026-04-06T16:22:59","slug":"impregnacia-pre-zamkovu-dlazbu-bez-rozpoustedel","status":"publish","type":"product","link":"https:\/\/smartseal.cz\/sk\/produkt\/impregnacia-pre-zamkovu-dlazbu-bez-rozpoustedel\/","title":{"rendered":"Impregn\u00e1cia pre z\u00e1mkov\u00fa dla\u017ebu &#8211; \u0161etrn\u00e1 k \u017eivotn\u00e9mu prostrediu (bez rozp\u00fa\u0161\u0165adiel), 25l"},"content":{"rendered":"<h2>Impregnace na z\u00e1mkovou dla\u017ebu, kter\u00e1 je ekologicky \u0161etrn\u00e1<\/h2>\n<p>Bez rozpou\u0161t\u011bdlov\u00fd a ekologicky \u0161etrn\u00fd impregna\u010dn\u00ed n\u00e1t\u011br na z\u00e1mkovou dla\u017ebu, kter\u00fd zabra\u0148uje pror\u016fst\u00e1n\u00ed plevele a mech\u016f ve sp\u00e1r\u00e1ch dla\u017eby. P\u0159\u00edpravek na vodn\u00ed b\u00e1zi, inhibitorn\u00edmi \u00fa\u010dinky bez z\u00e1pachu a v\u00fdpar\u016f v d\u016fsledku jeho bez rozpou\u0161t\u011bdlov\u00e9ho slo\u017een\u00ed.<\/p>\n<p>Vysoce \u00fa\u010dinn\u00fd a snadno aplikovateln\u00fd do sp\u00e1r a na z\u00e1mkovou dla\u017ebu.<\/p>\n<p><strong>Vlastnosti p\u0159\u00edpravku<\/strong><\/p>\n<ul>\n<li>Pronik\u00e1 a hloubkov\u011b penetruje sp\u00e1ry v dla\u017eb\u011b<\/li>\n<li>Aplikace jedn\u00e9 nebo dvou vrstev<\/li>\n<li>Vytvrzuje p\u00edsek ve sp\u00e1r\u00e1ch dla\u017eby<\/li>\n<li>Matn\u00fd vzhled<\/li>\n<li>Omezuje r\u016fst plevele a mechu<\/li>\n<li>Snadno se aplikuje pomoc\u00ed konve a st\u011brky<\/li>\n<li>Vyrobeno podle standardu BS5750 \/ ISO9001<\/li>\n<li>Poskytuje dodate\u010dnou ochranu z\u00e1mkov\u00e9 dla\u017eb\u011b<\/li>\n<li>Odolnost v\u016f\u010di barv\u00e1m a olej\u016fm<\/li>\n<\/ul>\n<p><strong>Dostupn\u00e9 velikosti<\/strong><\/p>\n<ul>\n<li><a href=\"https:\/\/smartseal.cz\/sk\/produkt\/impregnace-na-za\u2026poustedel-vzorek\/\">vzorek 100ml<\/a>, <a href=\"https:\/\/smartseal.cz\/sk\/produkt\/impregnace-na-za\u2026-rozpoustedel-5l\/\">5l<\/a>, 25l<\/li>\n<\/ul>\n<p><strong>Doporu\u010den\u00e1 spot\u0159eba<\/strong><\/p>\n<p>Pro dosa\u017een\u00ed nejlep\u0161\u00edch v\u00fdsledk\u016f a aby produkt mohl proniknout do sp\u00e1r do hloubky cca 20 mm (z\u00e1visl\u00e9m na \u0161\u00ed\u0159ce sp\u00e1r), aplikujte v pom\u011bru na 1,5 m2 na litr p\u0159i prvn\u00edm n\u00e1t\u011bru, n\u00e1sledn\u011b cca 4,0 m2 p\u0159i druh\u00e9m n\u00e1t\u011bru.<\/p>\n<p><strong>Aplikace<\/strong><\/p>\n<p>Pro pou\u017eit\u00ed pouze na standardn\u00ed betonovou z\u00e1mkovou dla\u017ebu &#8211; nepou\u017e\u00edvat na cihelnou dla\u017ebu. Nedoporu\u010dujeme pou\u017e\u00edvat na p\u0159\u00edli\u0161 \u0161ikm\u00e9 plochy &#8211; mohly by doj\u00edt ke ste\u010den\u00ed produktu.<\/p>\n<h3>Technick\u00fd popis Impregnace na z\u00e1mkovou dla\u017ebu &#8211; ekologicky \u0161etrn\u00e1<\/h3>\n<p><strong>P\u0159\u00edprava<\/strong><\/p>\n<ul>\n<li>Novou dla\u017ebu o\u0161et\u0159ete co nejd\u0159\u00edve po polo\u017een\u00ed. Odstra\u0148te p\u0159ebyte\u010dn\u00fd p\u00edsek. Aplikujte p\u0159i teplot\u011b nad 8 \u00b0 C. Nepou\u017e\u00edvejte, pokud je povrch mokr\u00fd nebo pokud v\u00a0n\u00e1sleduj\u00edc\u00edch 8 hodin\u00e1ch hroz\u00ed d\u00e9\u0161\u0165.<\/li>\n<li>Star\u0161\u00ed z\u00e1mkov\u00e1 dla\u017eba: D\u016fkladn\u011b vy\u010dist\u011bte dla\u017ebu vysokotlak\u00fdm \u010disti\u010dem, odstra\u0148te skvrny od olej\u016f a zbavte dla\u017ebu mech\u016f a pl\u00edsn\u00ed. Nechte \u00fapln\u011b vyschnout p\u0159ed op\u011btovn\u00fdm nanesen\u00edm sp\u00e1rovac\u00edho p\u00edsku. Pokud nejsou v\u0161echny sp\u00e1ry spr\u00e1vn\u011b napln\u011bny, aplikaci p\u00edsku opakujte. N\u00e1sledn\u011b naneste p\u0159\u00edpravek.<\/li>\n<\/ul>\n<p><strong>Aplikace<\/strong><\/p>\n<ul>\n<li>Pou\u017eijte zahradn\u00ed konev nebo p\u0159\u00edmo z\u00a0kontejneru nalijte na dla\u017ebu a rozet\u0159ete po plo\u0161e st\u011brkou. Ujist\u011bte se, \u017ee n\u00e1t\u011br se spr\u00e1vn\u011b absorboval do hloubky ve sp\u00e1r\u00e1ch.<\/li>\n<\/ul>\n<p><strong>Pokryt\u00ed<\/strong><\/p>\n<p>Z\u00e1vis\u00ed na tlou\u0161\u0165ce dla\u017eby 1m\u00b2 \/ 2m\u00b2 na litr. N\u00e1t\u011br se p\u0159i schnut\u00ed jev\u00ed jako matn\u00fd, ale p\u0159i vyschnut\u00ed je \u010dir\u00fd. Ujist\u011bte se, \u017ee m\u00e1te dostatek p\u0159\u00edpravku p\u0159ed aplikac\u00ed. P\u0159ed otev\u0159en\u00edm kanystr prot\u0159epejte a \u0159\u00e1dn\u011b uzav\u0159ete po pou\u017eit\u00ed. Pou\u017eit\u00e9 n\u00e1\u0159ad\u00ed lze vy\u010distit vodou.<\/p>\n<p><strong>Zdrav\u00ed a bezpe\u010dnost<\/strong><\/p>\n<ul>\n<li>Zdrav\u00ed \u0161kodliv\u00fd p\u0159i vdechnut\u00ed a p\u0159i po\u017eit\u00ed. Dr\u00e1\u017ed\u00ed poko\u017eku.<\/li>\n<li>V\u017edy pou\u017e\u00edvejte odpov\u00eddaj\u00edc\u00ed ochrann\u00e9 pom\u016fcky.<\/li>\n<\/ul>\n<h3>*NESM\u00cd B\u00ddT APLIKOV\u00c1N NA CIHLOVOU DLA\u017dBU*<\/h3>\n","protected":false},"excerpt":{"rendered":"<p>Ekologicky \u0161etrn\u00fd impregna\u010dn\u00ed n\u00e1t\u011br na z\u00e1mkovou dla\u017ebu. Omezuje r\u016fst plevele.<\/p>\n","protected":false},"featured_media":4294,"comment_status":"open","ping_status":"closed","template":"","meta":[],"product_brand":[],"product_cat":[53,24,42,38,58,21],"product_tag":[],"class_list":{"0":"post-3667","1":"product","2":"type-product","3":"status-publish","4":"has-post-thumbnail","6":"product_cat-zamkova-dlazba","7":"product_cat-impregnacia-ochranne-natery","8":"product_cat-impregnacia-zamkovej-dlazby","9":"product_cat-vonkajsie-terasy-nadvoria","10":"product_cat-zamkova-dlazba-terasy","11":"product_cat-pristupove-cesty-chodniky","12":"pa_barva-bezbarva","13":"pa_faze-pouziti-impregnace","14":"pa_faze-pouziti-nasledna-pece","15":"pa_velikost-baleni-25l","17":"first","18":"instock","19":"taxable","20":"shipping-taxable","21":"purchasable","22":"product-type-simple"},"yoast_head":"<!-- This site is optimized with the Yoast SEO Premium plugin v26.8 (Yoast SEO v26.9) - https:\/\/yoast.com\/product\/yoast-seo-premium-wordpress\/ -->\n<title>Impregnace na z\u00e1mkovou dla\u017ebu EKO | Smartseal.cz<\/title>\n<meta name=\"description\" content=\"Ekologicky \u0161etrn\u00fd impregna\u010dn\u00ed n\u00e1t\u011br na z\u00e1mkovou dla\u017ebu, kter\u00fd nezap\u00e1ch\u00e1. Omezuje r\u016fst plevele a mechu a z\u00e1rove\u0148 vytvrzuje p\u00edsek ve sp\u00e1r\u00e1ch.\" \/>\n<meta name=\"robots\" content=\"index, follow, max-snippet:-1, max-image-preview:large, max-video-preview:-1\" \/>\n<link rel=\"canonical\" href=\"https:\/\/smartseal.cz\/sk\/produkt\/impregnacia-pre-zamkovu-dlazbu-bez-rozpoustedel\/\" \/>\n<meta property=\"og:locale\" content=\"sk_SK\" \/>\n<meta property=\"og:type\" content=\"article\" \/>\n<meta property=\"og:title\" content=\"Impregn\u00e1cia pre z\u00e1mkov\u00fa dla\u017ebu - \u0161etrn\u00e1 k \u017eivotn\u00e9mu prostrediu (bez rozp\u00fa\u0161\u0165adiel), 25l\" \/>\n<meta property=\"og:description\" content=\"Ekologicky \u0161etrn\u00fd impregna\u010dn\u00ed n\u00e1t\u011br na z\u00e1mkovou dla\u017ebu, kter\u00fd nezap\u00e1ch\u00e1. Omezuje r\u016fst plevele a mechu a z\u00e1rove\u0148 vytvrzuje p\u00edsek ve sp\u00e1r\u00e1ch.\" \/>\n<meta property=\"og:url\" content=\"https:\/\/smartseal.cz\/sk\/produkt\/impregnacia-pre-zamkovu-dlazbu-bez-rozpoustedel\/\" \/>\n<meta property=\"og:site_name\" content=\"Smartseal Slovensko\" \/>\n<meta property=\"article:modified_time\" content=\"2026-04-06T16:22:59+00:00\" \/>\n<meta property=\"og:image\" content=\"https:\/\/smartseal.cz\/sk\/wp-content\/uploads\/2019\/04\/foto-impragnace-zamkova-dlazba-eko.jpg\" \/>\n\t<meta property=\"og:image:width\" content=\"800\" \/>\n\t<meta property=\"og:image:height\" content=\"800\" \/>\n\t<meta property=\"og:image:type\" content=\"image\/jpeg\" \/>\n<meta name=\"twitter:card\" content=\"summary_large_image\" \/>\n<meta name=\"twitter:label1\" content=\"Predpokladan\u00fd \u010das \u010d\u00edtania\" \/>\n\t<meta name=\"twitter:data1\" content=\"3 min\u00faty\" \/>\n<script type=\"application\/ld+json\" class=\"yoast-schema-graph\">{\"@context\":\"https:\/\/schema.org\",\"@graph\":[{\"@type\":\"WebPage\",\"@id\":\"https:\/\/smartseal.cz\/sk\/produkt\/impregnacia-pre-zamkovu-dlazbu-bez-rozpoustedel\/\",\"url\":\"https:\/\/smartseal.cz\/sk\/produkt\/impregnacia-pre-zamkovu-dlazbu-bez-rozpoustedel\/\",\"name\":\"Impregnace na z\u00e1mkovou dla\u017ebu EKO | Smartseal.cz\",\"isPartOf\":{\"@id\":\"https:\/\/smartseal.cz\/sk\/#website\"},\"primaryImageOfPage\":{\"@id\":\"https:\/\/smartseal.cz\/sk\/produkt\/impregnacia-pre-zamkovu-dlazbu-bez-rozpoustedel\/#primaryimage\"},\"image\":{\"@id\":\"https:\/\/smartseal.cz\/sk\/produkt\/impregnacia-pre-zamkovu-dlazbu-bez-rozpoustedel\/#primaryimage\"},\"thumbnailUrl\":\"https:\/\/smartseal.cz\/sk\/wp-content\/uploads\/2019\/04\/foto-impragnace-zamkova-dlazba-eko.jpg\",\"datePublished\":\"2019-04-02T12:51:38+00:00\",\"dateModified\":\"2026-04-06T16:22:59+00:00\",\"description\":\"Ekologicky \u0161etrn\u00fd impregna\u010dn\u00ed n\u00e1t\u011br na z\u00e1mkovou dla\u017ebu, kter\u00fd nezap\u00e1ch\u00e1. Omezuje r\u016fst plevele a mechu a z\u00e1rove\u0148 vytvrzuje p\u00edsek ve sp\u00e1r\u00e1ch.\",\"breadcrumb\":{\"@id\":\"https:\/\/smartseal.cz\/sk\/produkt\/impregnacia-pre-zamkovu-dlazbu-bez-rozpoustedel\/#breadcrumb\"},\"inLanguage\":\"sk-SK\",\"potentialAction\":[{\"@type\":\"ReadAction\",\"target\":[\"https:\/\/smartseal.cz\/sk\/produkt\/impregnacia-pre-zamkovu-dlazbu-bez-rozpoustedel\/\"]}]},{\"@type\":\"ImageObject\",\"inLanguage\":\"sk-SK\",\"@id\":\"https:\/\/smartseal.cz\/sk\/produkt\/impregnacia-pre-zamkovu-dlazbu-bez-rozpoustedel\/#primaryimage\",\"url\":\"https:\/\/smartseal.cz\/sk\/wp-content\/uploads\/2019\/04\/foto-impragnace-zamkova-dlazba-eko.jpg\",\"contentUrl\":\"https:\/\/smartseal.cz\/sk\/wp-content\/uploads\/2019\/04\/foto-impragnace-zamkova-dlazba-eko.jpg\",\"width\":800,\"height\":800,\"caption\":\"Obal na impregnaci na z\u00e1mkovou dlaz\u017ebu, ekologicky \u0161etrn\u00fd. Velikost 25l.\"},{\"@type\":\"BreadcrumbList\",\"@id\":\"https:\/\/smartseal.cz\/sk\/produkt\/impregnacia-pre-zamkovu-dlazbu-bez-rozpoustedel\/#breadcrumb\",\"itemListElement\":[{\"@type\":\"ListItem\",\"position\":1,\"name\":\"Dom\u016f\",\"item\":\"https:\/\/smartseal.cz\/sk\/\"},{\"@type\":\"ListItem\",\"position\":2,\"name\":\"Obchod\",\"item\":\"https:\/\/smartseal.cz\/sk\/obchod\/\"},{\"@type\":\"ListItem\",\"position\":3,\"name\":\"Impregn\u00e1cia pre z\u00e1mkov\u00fa dla\u017ebu &#8211; \u0161etrn\u00e1 k \u017eivotn\u00e9mu prostrediu (bez rozp\u00fa\u0161\u0165adiel), 25l\"}]},{\"@type\":\"WebSite\",\"@id\":\"https:\/\/smartseal.cz\/sk\/#website\",\"url\":\"https:\/\/smartseal.cz\/sk\/\",\"name\":\"Smartseal Slovensko\",\"description\":\"Chytr\u00e9 n\u00e1tery na v\u0161etky povrchy\",\"potentialAction\":[{\"@type\":\"SearchAction\",\"target\":{\"@type\":\"EntryPoint\",\"urlTemplate\":\"https:\/\/smartseal.cz\/sk\/?s={search_term_string}\"},\"query-input\":{\"@type\":\"PropertyValueSpecification\",\"valueRequired\":true,\"valueName\":\"search_term_string\"}}],\"inLanguage\":\"sk-SK\"}]}<\/script>\n<!-- \/ Yoast SEO Premium plugin. -->","yoast_head_json":{"title":"Impregnace na z\u00e1mkovou dla\u017ebu EKO | Smartseal.cz","description":"Ekologicky \u0161etrn\u00fd impregna\u010dn\u00ed n\u00e1t\u011br na z\u00e1mkovou dla\u017ebu, kter\u00fd nezap\u00e1ch\u00e1. Omezuje r\u016fst plevele a mechu a z\u00e1rove\u0148 vytvrzuje p\u00edsek ve sp\u00e1r\u00e1ch.","robots":{"index":"index","follow":"follow","max-snippet":"max-snippet:-1","max-image-preview":"max-image-preview:large","max-video-preview":"max-video-preview:-1"},"canonical":"https:\/\/smartseal.cz\/sk\/produkt\/impregnacia-pre-zamkovu-dlazbu-bez-rozpoustedel\/","og_locale":"sk_SK","og_type":"article","og_title":"Impregn\u00e1cia pre z\u00e1mkov\u00fa dla\u017ebu - \u0161etrn\u00e1 k \u017eivotn\u00e9mu prostrediu (bez rozp\u00fa\u0161\u0165adiel), 25l","og_description":"Ekologicky \u0161etrn\u00fd impregna\u010dn\u00ed n\u00e1t\u011br na z\u00e1mkovou dla\u017ebu, kter\u00fd nezap\u00e1ch\u00e1. Omezuje r\u016fst plevele a mechu a z\u00e1rove\u0148 vytvrzuje p\u00edsek ve sp\u00e1r\u00e1ch.","og_url":"https:\/\/smartseal.cz\/sk\/produkt\/impregnacia-pre-zamkovu-dlazbu-bez-rozpoustedel\/","og_site_name":"Smartseal Slovensko","article_modified_time":"2026-04-06T16:22:59+00:00","og_image":[{"width":800,"height":800,"url":"https:\/\/smartseal.cz\/sk\/wp-content\/uploads\/2019\/04\/foto-impragnace-zamkova-dlazba-eko.jpg","type":"image\/jpeg"}],"twitter_card":"summary_large_image","twitter_misc":{"Predpokladan\u00fd \u010das \u010d\u00edtania":"3 min\u00faty"},"schema":{"@context":"https:\/\/schema.org","@graph":[{"@type":"WebPage","@id":"https:\/\/smartseal.cz\/sk\/produkt\/impregnacia-pre-zamkovu-dlazbu-bez-rozpoustedel\/","url":"https:\/\/smartseal.cz\/sk\/produkt\/impregnacia-pre-zamkovu-dlazbu-bez-rozpoustedel\/","name":"Impregnace na z\u00e1mkovou dla\u017ebu EKO | Smartseal.cz","isPartOf":{"@id":"https:\/\/smartseal.cz\/sk\/#website"},"primaryImageOfPage":{"@id":"https:\/\/smartseal.cz\/sk\/produkt\/impregnacia-pre-zamkovu-dlazbu-bez-rozpoustedel\/#primaryimage"},"image":{"@id":"https:\/\/smartseal.cz\/sk\/produkt\/impregnacia-pre-zamkovu-dlazbu-bez-rozpoustedel\/#primaryimage"},"thumbnailUrl":"https:\/\/smartseal.cz\/sk\/wp-content\/uploads\/2019\/04\/foto-impragnace-zamkova-dlazba-eko.jpg","datePublished":"2019-04-02T12:51:38+00:00","dateModified":"2026-04-06T16:22:59+00:00","description":"Ekologicky \u0161etrn\u00fd impregna\u010dn\u00ed n\u00e1t\u011br na z\u00e1mkovou dla\u017ebu, kter\u00fd nezap\u00e1ch\u00e1. Omezuje r\u016fst plevele a mechu a z\u00e1rove\u0148 vytvrzuje p\u00edsek ve sp\u00e1r\u00e1ch.","breadcrumb":{"@id":"https:\/\/smartseal.cz\/sk\/produkt\/impregnacia-pre-zamkovu-dlazbu-bez-rozpoustedel\/#breadcrumb"},"inLanguage":"sk-SK","potentialAction":[{"@type":"ReadAction","target":["https:\/\/smartseal.cz\/sk\/produkt\/impregnacia-pre-zamkovu-dlazbu-bez-rozpoustedel\/"]}]},{"@type":"ImageObject","inLanguage":"sk-SK","@id":"https:\/\/smartseal.cz\/sk\/produkt\/impregnacia-pre-zamkovu-dlazbu-bez-rozpoustedel\/#primaryimage","url":"https:\/\/smartseal.cz\/sk\/wp-content\/uploads\/2019\/04\/foto-impragnace-zamkova-dlazba-eko.jpg","contentUrl":"https:\/\/smartseal.cz\/sk\/wp-content\/uploads\/2019\/04\/foto-impragnace-zamkova-dlazba-eko.jpg","width":800,"height":800,"caption":"Obal na impregnaci na z\u00e1mkovou dlaz\u017ebu, ekologicky \u0161etrn\u00fd. Velikost 25l."},{"@type":"BreadcrumbList","@id":"https:\/\/smartseal.cz\/sk\/produkt\/impregnacia-pre-zamkovu-dlazbu-bez-rozpoustedel\/#breadcrumb","itemListElement":[{"@type":"ListItem","position":1,"name":"Dom\u016f","item":"https:\/\/smartseal.cz\/sk\/"},{"@type":"ListItem","position":2,"name":"Obchod","item":"https:\/\/smartseal.cz\/sk\/obchod\/"},{"@type":"ListItem","position":3,"name":"Impregn\u00e1cia pre z\u00e1mkov\u00fa dla\u017ebu &#8211; \u0161etrn\u00e1 k \u017eivotn\u00e9mu prostrediu (bez rozp\u00fa\u0161\u0165adiel), 25l"}]},{"@type":"WebSite","@id":"https:\/\/smartseal.cz\/sk\/#website","url":"https:\/\/smartseal.cz\/sk\/","name":"Smartseal Slovensko","description":"Chytr\u00e9 n\u00e1tery na v\u0161etky povrchy","potentialAction":[{"@type":"SearchAction","target":{"@type":"EntryPoint","urlTemplate":"https:\/\/smartseal.cz\/sk\/?s={search_term_string}"},"query-input":{"@type":"PropertyValueSpecification","valueRequired":true,"valueName":"search_term_string"}}],"inLanguage":"sk-SK"}]}},"_links":{"self":[{"href":"https:\/\/smartseal.cz\/sk\/wp-json\/wp\/v2\/product\/3667","targetHints":{"allow":["GET"]}}],"collection":[{"href":"https:\/\/smartseal.cz\/sk\/wp-json\/wp\/v2\/product"}],"about":[{"href":"https:\/\/smartseal.cz\/sk\/wp-json\/wp\/v2\/types\/product"}],"replies":[{"embeddable":true,"href":"https:\/\/smartseal.cz\/sk\/wp-json\/wp\/v2\/comments?post=3667"}],"wp:featuredmedia":[{"embeddable":true,"href":"https:\/\/smartseal.cz\/sk\/wp-json\/wp\/v2\/media\/4294"}],"wp:attachment":[{"href":"https:\/\/smartseal.cz\/sk\/wp-json\/wp\/v2\/media?parent=3667"}],"wp:term":[{"taxonomy":"product_brand","embeddable":true,"href":"https:\/\/smartseal.cz\/sk\/wp-json\/wp\/v2\/product_brand?post=3667"},{"taxonomy":"product_cat","embeddable":true,"href":"https:\/\/smartseal.cz\/sk\/wp-json\/wp\/v2\/product_cat?post=3667"},{"taxonomy":"product_tag","embeddable":true,"href":"https:\/\/smartseal.cz\/sk\/wp-json\/wp\/v2\/product_tag?post=3667"}],"curies":[{"name":"wp","href":"https:\/\/api.w.org\/{rel}","templated":true}]}}