{"id":3654,"date":"2019-04-02T14:51:38","date_gmt":"2019-04-02T12:51:38","guid":{"rendered":"https:\/\/smartseal.cz\/sk\/produkt\/impregnace-na-prirodni-kamen-mokry-vzhled-2\/"},"modified":"2026-04-03T18:49:09","modified_gmt":"2026-04-03T16:49:09","slug":"impregnacia-prirodneho-kamena-mokry-vzhlad","status":"publish","type":"product","link":"https:\/\/smartseal.cz\/sk\/produkt\/impregnacia-prirodneho-kamena-mokry-vzhlad\/","title":{"rendered":"Impregn\u00e1cia pr\u00edrodn\u00e9ho kame\u0148a \u2013 mokr\u00fd vzh\u013ead, 5l"},"content":{"rendered":"<h2>Impregn\u00e1tor na pr\u00edrodn\u00fd kame\u0148 je vodoodpudiv\u00fd ochrann\u00fd n\u00e1ter, ktor\u00fd vytv\u00e1ra mokr\u00fd vzh\u013ead povrchu.<\/h2>\n<p>M\u00f4\u017ee sa pou\u017e\u00edva\u0165 v exteri\u00e9ri alebo interi\u00e9ri na pieskovcov\u00e9, bridlicov\u00e9, terakotov\u00e9, \u017eulov\u00e9 alebo tehlov\u00e9 povrchy.<\/p>\n<p>Impregna\u010dn\u00fd n\u00e1ter sa ve\u013emi \u013eahko nan\u00e1\u0161a a o\u0161etren\u00e9 povrchy s\u00fa odoln\u00e9 vo\u010di olejom a \u0161kvrn\u00e1m na b\u00e1ze vody.<\/p>\n<p><strong>*NEDOPORU\u010cUJE SA POU\u017d\u00cdVA\u0164 NA SILNE NATRET\u00c9 KAMENE A POVRCHY S KERAMICKOU POVRCHOVOU \u00daPRAVOU. *<\/strong><\/p>\n<h3>V\u00fdhody impregna\u010dn\u00e9ho n\u00e1teru &#8211; mokr\u00fd vzh\u013ead<\/h3>\n<ul>\n<li>Ide\u00e1lne pre pr\u00edrodn\u00fd kame\u0148, pr\u00edrodn\u00fd pieskovec a bridlicu<\/li>\n<li>Povrchov\u00fd dizajn \u201emokr\u00fd vzh\u013ead\u201c<\/li>\n<li>Nemen\u00ed p\u00f4vodn\u00fa farbu povrchu<\/li>\n<li>Vhodn\u00fd na vonkaj\u0161ie aj vn\u00fatorn\u00e9 pou\u017eitie<\/li>\n<li>K dispoz\u00edcii s\u00fa aj in\u00e9 impregna\u010dn\u00e9 n\u00e1tery na pr\u00edrodn\u00fd kame\u0148 v preveden\u00ed \u201esuch\u00fd vzh\u013ead\u201c<\/li>\n<\/ul>\n<p><strong>Dostupn\u00e9 ve\u013ekosti<\/strong><\/p>\n<ul>\n<li><a href=\"https:\/\/smartseal.cz\/sk\/produkt\/impregnace-na-prirodni-kamen-mokry-vzhled-vzorek\/\">vzorek 100<\/a>, <a href=\"https:\/\/smartseal.cz\/sk\/produkt\/impregnace-na-prirodni-kamen-mokry-vzhled\/\">5l<\/a>, <a href=\"https:\/\/smartseal.cz\/sk\/produkt\/impregnace-na-prirodni-kamen-mokry-vzhled-1l\/\">1l<\/a><\/li>\n<\/ul>\n<h3>Technick\u00fd popis Impregn\u00e1cia pr\u00edrodn\u00e9ho kame\u0148a<\/h3>\n<p><strong>Spotreba<\/strong><\/p>\n<p>A\u017e 5-12 m\u00b2 na liter v z\u00e1vislosti od \u0161trukt\u00fary a p\u00f3rovitosti renovovan\u00e9ho povrchu.<\/p>\n<p><strong>Pokyny na pou\u017eitie<\/strong><\/p>\n<ol>\n<li>Aplikujte p\u0159i teplot\u00e1ch nad 15 \u00b0 C a zajist\u011bte, aby byl povrch zcela such\u00fd, \u010dist\u00fd a zbaven\u00fd ne\u010distot. Aplikaci prov\u00e1d\u011bjte pouze pokud se v\u00a0n\u00e1sleduj\u00edc\u00edch osmi hodin\u00e1ch po aplikace nep\u0159edpov\u00edd\u00e1 d\u00e9\u0161\u0165. Pro nejlep\u0161\u00ed v\u00fdsledky \u010di\u0161t\u011bn\u00ed pou\u017eijte <a href=\"https:\/\/smartseal.cz\/sk\/produkt\/xtreme-cistic-chodniku-a-teras-5l\/\">Xtreme \u2013 \u010disti\u010d chodn\u00edk\u016f a teras<\/a>.<\/li>\n<\/ol>\n<p>*Pokud je o\u0161et\u0159ovan\u00fd povrch b\u011bhem uplynul\u00fdch 6 m\u011bs\u00edc\u016f o\u0161et\u0159en jak\u00fdmkoliv p\u0159\u00edpravkem, mus\u00ed b\u00fdt p\u0159ed aplikac\u00ed n\u00e1t\u011bru zcela vy\u010di\u0161t\u011bn pomoc\u00ed <a href=\"https:\/\/smartseal.cz\/sk\/produkt\/odstranovac-impregnacnich-nateru-na-kamen\/?attribute_pa_velikost-baleni=5l\">Odstra\u0148ova\u010d impregna\u010dn\u00edch n\u00e1t\u011br\u016f<\/a>\u00a0*<\/p>\n<ol start=\"2\">\n<li>Nan\u00e1\u0161ejte p\u0159\u00edpravek rovnom\u011brn\u011b n\u00edzkotlak\u00fdm post\u0159ikova\u010dem, mikro vl\u00e1knov\u00fdm mopem, \u0161t\u011btcem nebo m\u011bkk\u00fdm had\u0159\u00edkem. Sna\u017ete se abyste nezanechali stopy po taz\u00edch \u0161t\u011btce, nebo lou\u017ee. V p\u0159\u00edpad\u011b \u017ee v\u00e1m vznikne lou\u017ee, nebo v\u011bt\u0161\u00ed mno\u017estv\u00ed p\u0159\u00edpravku v\u00a0jednom m\u00edst\u011b, odstra\u0148te jej do 45 minut.<\/li>\n<\/ol>\n<ol start=\"3\">\n<li>Po aplikaci prvn\u00edho n\u00e1t\u011bru nechte povrch schnout minim\u00e1ln\u011b 45 &#8211; 60minut, pot\u00e9 naneste druh\u00fd n\u00e1t\u011br a postupujte v\u00a0opa\u010dn\u00e9m sm\u011bru, tak aby do\u0161lo k\u00a0rovnom\u011brn\u00e9mu nanesen\u00ed p\u0159\u00edpravku. Pro dosa\u017een\u00ed po\u017eadovan\u00e9 povrchov\u00e9 \u00fapravy lze pou\u017e\u00edt v\u00edce vrstev n\u00e1t\u011bru.<\/li>\n<\/ol>\n<p><strong>D\u016fle\u017eit\u00e1 pozn\u00e1mka<\/strong><\/p>\n<p>Ve\u0161ker\u00e9 oblasti, kter\u00e9 nechcete, aby byli o\u0161et\u0159eny nebo zasa\u017eeny p\u0159\u00edpravkem, by m\u011bly b\u00fdt chr\u00e1n\u011bny. Pokud o\u0161et\u0159ujete barven\u00e9 povrchy, prove\u010fte p\u0159ed aplikac\u00ed zkou\u0161ku na m\u00e1lo viditeln\u00e9m m\u00edst\u011b.<\/p>\n<h3>Bezpe\u010dnostn\u00ed list<\/h3>\n<p><a href=\"https:\/\/smartseal.cz\/sk\/wp-content\/uploads\/sites\/2\/2021\/08\/BL_WET-LOOK-CZ_CLP_2021.pdf\">Bezpe\u010dnostn\u00ed list v PDF<\/a><\/p>\n","protected":false},"excerpt":{"rendered":"<p>Impregn\u00e1cia pr\u00edrodn\u00e9ho kame\u0148a je vodoodpudiv\u00fd n\u00e1ter, ktor\u00fd vytv\u00e1ra mokr\u00fd vzh\u013ead povrchu. Vhodn\u00fd na pou\u017eitie v interi\u00e9ri aj exteri\u00e9ri.<\/p>\n","protected":false},"featured_media":6574,"comment_status":"open","ping_status":"closed","template":"","meta":[],"product_brand":[],"product_cat":[57,24,47,46,38,61,21],"product_tag":[],"class_list":{"0":"post-3654","1":"product","2":"type-product","3":"status-publish","4":"has-post-thumbnail","6":"product_cat-prirodni-kamen","7":"product_cat-impregnacia-ochranne-natery","8":"product_cat-ochranne-natery-teras","9":"product_cat-impregnacia-na-prirodni-kamen","10":"product_cat-vonkajsie-terasy-nadvoria","11":"product_cat-prirodni-kamen-terasy","12":"product_cat-pristupove-cesty-chodniky","13":"pa_barva-bezbarva","14":"pa_faze-pouziti-impregnace","15":"pa_faze-pouziti-nasledna-pece","16":"pa_velikost-baleni-5l","18":"first","19":"instock","20":"taxable","21":"shipping-taxable","22":"purchasable","23":"product-type-simple"},"yoast_head":"<!-- This site is optimized with the Yoast SEO Premium plugin v26.8 (Yoast SEO v26.9) - https:\/\/yoast.com\/product\/yoast-seo-premium-wordpress\/ -->\n<title>Impregn\u00e1cia pr\u00edrodn\u00e9ho kame\u0148a \u2013 mokr\u00fd vzh\u013ead 5L | Smartseal SK<\/title>\n<meta name=\"description\" content=\"Impregn\u00e1tor na pr\u00edrodn\u00fd kame\u0148 je vodoodpudiv\u00fd n\u00e1ter, ktor\u00fd vytv\u00e1ra mokr\u00fd vzh\u013ead povrchu. Vhodn\u00fd na pou\u017eitie v interi\u00e9ri aj exteri\u00e9ri.\" \/>\n<meta name=\"robots\" content=\"index, follow, max-snippet:-1, max-image-preview:large, max-video-preview:-1\" \/>\n<link rel=\"canonical\" href=\"https:\/\/smartseal.cz\/sk\/produkt\/impregnacia-prirodneho-kamena-mokry-vzhlad\/\" \/>\n<meta property=\"og:locale\" content=\"sk_SK\" \/>\n<meta property=\"og:type\" content=\"article\" \/>\n<meta property=\"og:title\" content=\"Impregn\u00e1cia pr\u00edrodn\u00e9ho kame\u0148a \u2013 mokr\u00fd vzh\u013ead, 5l\" \/>\n<meta property=\"og:description\" content=\"Impregn\u00e1tor na pr\u00edrodn\u00fd kame\u0148 je vodoodpudiv\u00fd n\u00e1ter, ktor\u00fd vytv\u00e1ra mokr\u00fd vzh\u013ead povrchu. Vhodn\u00fd na pou\u017eitie v interi\u00e9ri aj exteri\u00e9ri.\" \/>\n<meta property=\"og:url\" content=\"https:\/\/smartseal.cz\/sk\/produkt\/impregnacia-prirodneho-kamena-mokry-vzhlad\/\" \/>\n<meta property=\"og:site_name\" content=\"Smartseal Slovensko\" \/>\n<meta property=\"article:modified_time\" content=\"2026-04-03T16:49:09+00:00\" \/>\n<meta property=\"og:image\" content=\"https:\/\/smartseal.cz\/sk\/wp-content\/uploads\/2021\/01\/barel5L-impregnace-kamen-mokry-vzhled.png\" \/>\n\t<meta property=\"og:image:width\" content=\"800\" \/>\n\t<meta property=\"og:image:height\" content=\"800\" \/>\n\t<meta property=\"og:image:type\" content=\"image\/png\" \/>\n<meta name=\"twitter:card\" content=\"summary_large_image\" \/>\n<meta name=\"twitter:label1\" content=\"Predpokladan\u00fd \u010das \u010d\u00edtania\" \/>\n\t<meta name=\"twitter:data1\" content=\"2 min\u00faty\" \/>\n<script type=\"application\/ld+json\" class=\"yoast-schema-graph\">{\"@context\":\"https:\/\/schema.org\",\"@graph\":[{\"@type\":\"WebPage\",\"@id\":\"https:\/\/smartseal.cz\/sk\/produkt\/impregnacia-prirodneho-kamena-mokry-vzhlad\/\",\"url\":\"https:\/\/smartseal.cz\/sk\/produkt\/impregnacia-prirodneho-kamena-mokry-vzhlad\/\",\"name\":\"Impregn\u00e1cia pr\u00edrodn\u00e9ho kame\u0148a \u2013 mokr\u00fd vzh\u013ead 5L | Smartseal SK\",\"isPartOf\":{\"@id\":\"https:\/\/smartseal.cz\/sk\/#website\"},\"primaryImageOfPage\":{\"@id\":\"https:\/\/smartseal.cz\/sk\/produkt\/impregnacia-prirodneho-kamena-mokry-vzhlad\/#primaryimage\"},\"image\":{\"@id\":\"https:\/\/smartseal.cz\/sk\/produkt\/impregnacia-prirodneho-kamena-mokry-vzhlad\/#primaryimage\"},\"thumbnailUrl\":\"https:\/\/smartseal.cz\/sk\/wp-content\/uploads\/2021\/01\/barel5L-impregnace-kamen-mokry-vzhled.png\",\"datePublished\":\"2019-04-02T12:51:38+00:00\",\"dateModified\":\"2026-04-03T16:49:09+00:00\",\"description\":\"Impregn\u00e1tor na pr\u00edrodn\u00fd kame\u0148 je vodoodpudiv\u00fd n\u00e1ter, ktor\u00fd vytv\u00e1ra mokr\u00fd vzh\u013ead povrchu. Vhodn\u00fd na pou\u017eitie v interi\u00e9ri aj exteri\u00e9ri.\",\"breadcrumb\":{\"@id\":\"https:\/\/smartseal.cz\/sk\/produkt\/impregnacia-prirodneho-kamena-mokry-vzhlad\/#breadcrumb\"},\"inLanguage\":\"sk-SK\",\"potentialAction\":[{\"@type\":\"ReadAction\",\"target\":[\"https:\/\/smartseal.cz\/sk\/produkt\/impregnacia-prirodneho-kamena-mokry-vzhlad\/\"]}]},{\"@type\":\"ImageObject\",\"inLanguage\":\"sk-SK\",\"@id\":\"https:\/\/smartseal.cz\/sk\/produkt\/impregnacia-prirodneho-kamena-mokry-vzhlad\/#primaryimage\",\"url\":\"https:\/\/smartseal.cz\/sk\/wp-content\/uploads\/2021\/01\/barel5L-impregnace-kamen-mokry-vzhled.png\",\"contentUrl\":\"https:\/\/smartseal.cz\/sk\/wp-content\/uploads\/2021\/01\/barel5L-impregnace-kamen-mokry-vzhled.png\",\"width\":800,\"height\":800},{\"@type\":\"BreadcrumbList\",\"@id\":\"https:\/\/smartseal.cz\/sk\/produkt\/impregnacia-prirodneho-kamena-mokry-vzhlad\/#breadcrumb\",\"itemListElement\":[{\"@type\":\"ListItem\",\"position\":1,\"name\":\"Dom\u016f\",\"item\":\"https:\/\/smartseal.cz\/sk\/\"},{\"@type\":\"ListItem\",\"position\":2,\"name\":\"Obchod\",\"item\":\"https:\/\/smartseal.cz\/sk\/obchod\/\"},{\"@type\":\"ListItem\",\"position\":3,\"name\":\"Impregn\u00e1cia pr\u00edrodn\u00e9ho kame\u0148a \u2013 mokr\u00fd vzh\u013ead, 5l\"}]},{\"@type\":\"WebSite\",\"@id\":\"https:\/\/smartseal.cz\/sk\/#website\",\"url\":\"https:\/\/smartseal.cz\/sk\/\",\"name\":\"Smartseal Slovensko\",\"description\":\"Chytr\u00e9 n\u00e1tery na v\u0161etky povrchy\",\"potentialAction\":[{\"@type\":\"SearchAction\",\"target\":{\"@type\":\"EntryPoint\",\"urlTemplate\":\"https:\/\/smartseal.cz\/sk\/?s={search_term_string}\"},\"query-input\":{\"@type\":\"PropertyValueSpecification\",\"valueRequired\":true,\"valueName\":\"search_term_string\"}}],\"inLanguage\":\"sk-SK\"}]}<\/script>\n<!-- \/ Yoast SEO Premium plugin. -->","yoast_head_json":{"title":"Impregn\u00e1cia pr\u00edrodn\u00e9ho kame\u0148a \u2013 mokr\u00fd vzh\u013ead 5L | Smartseal SK","description":"Impregn\u00e1tor na pr\u00edrodn\u00fd kame\u0148 je vodoodpudiv\u00fd n\u00e1ter, ktor\u00fd vytv\u00e1ra mokr\u00fd vzh\u013ead povrchu. Vhodn\u00fd na pou\u017eitie v interi\u00e9ri aj exteri\u00e9ri.","robots":{"index":"index","follow":"follow","max-snippet":"max-snippet:-1","max-image-preview":"max-image-preview:large","max-video-preview":"max-video-preview:-1"},"canonical":"https:\/\/smartseal.cz\/sk\/produkt\/impregnacia-prirodneho-kamena-mokry-vzhlad\/","og_locale":"sk_SK","og_type":"article","og_title":"Impregn\u00e1cia pr\u00edrodn\u00e9ho kame\u0148a \u2013 mokr\u00fd vzh\u013ead, 5l","og_description":"Impregn\u00e1tor na pr\u00edrodn\u00fd kame\u0148 je vodoodpudiv\u00fd n\u00e1ter, ktor\u00fd vytv\u00e1ra mokr\u00fd vzh\u013ead povrchu. Vhodn\u00fd na pou\u017eitie v interi\u00e9ri aj exteri\u00e9ri.","og_url":"https:\/\/smartseal.cz\/sk\/produkt\/impregnacia-prirodneho-kamena-mokry-vzhlad\/","og_site_name":"Smartseal Slovensko","article_modified_time":"2026-04-03T16:49:09+00:00","og_image":[{"width":800,"height":800,"url":"https:\/\/smartseal.cz\/sk\/wp-content\/uploads\/2021\/01\/barel5L-impregnace-kamen-mokry-vzhled.png","type":"image\/png"}],"twitter_card":"summary_large_image","twitter_misc":{"Predpokladan\u00fd \u010das \u010d\u00edtania":"2 min\u00faty"},"schema":{"@context":"https:\/\/schema.org","@graph":[{"@type":"WebPage","@id":"https:\/\/smartseal.cz\/sk\/produkt\/impregnacia-prirodneho-kamena-mokry-vzhlad\/","url":"https:\/\/smartseal.cz\/sk\/produkt\/impregnacia-prirodneho-kamena-mokry-vzhlad\/","name":"Impregn\u00e1cia pr\u00edrodn\u00e9ho kame\u0148a \u2013 mokr\u00fd vzh\u013ead 5L | Smartseal SK","isPartOf":{"@id":"https:\/\/smartseal.cz\/sk\/#website"},"primaryImageOfPage":{"@id":"https:\/\/smartseal.cz\/sk\/produkt\/impregnacia-prirodneho-kamena-mokry-vzhlad\/#primaryimage"},"image":{"@id":"https:\/\/smartseal.cz\/sk\/produkt\/impregnacia-prirodneho-kamena-mokry-vzhlad\/#primaryimage"},"thumbnailUrl":"https:\/\/smartseal.cz\/sk\/wp-content\/uploads\/2021\/01\/barel5L-impregnace-kamen-mokry-vzhled.png","datePublished":"2019-04-02T12:51:38+00:00","dateModified":"2026-04-03T16:49:09+00:00","description":"Impregn\u00e1tor na pr\u00edrodn\u00fd kame\u0148 je vodoodpudiv\u00fd n\u00e1ter, ktor\u00fd vytv\u00e1ra mokr\u00fd vzh\u013ead povrchu. Vhodn\u00fd na pou\u017eitie v interi\u00e9ri aj exteri\u00e9ri.","breadcrumb":{"@id":"https:\/\/smartseal.cz\/sk\/produkt\/impregnacia-prirodneho-kamena-mokry-vzhlad\/#breadcrumb"},"inLanguage":"sk-SK","potentialAction":[{"@type":"ReadAction","target":["https:\/\/smartseal.cz\/sk\/produkt\/impregnacia-prirodneho-kamena-mokry-vzhlad\/"]}]},{"@type":"ImageObject","inLanguage":"sk-SK","@id":"https:\/\/smartseal.cz\/sk\/produkt\/impregnacia-prirodneho-kamena-mokry-vzhlad\/#primaryimage","url":"https:\/\/smartseal.cz\/sk\/wp-content\/uploads\/2021\/01\/barel5L-impregnace-kamen-mokry-vzhled.png","contentUrl":"https:\/\/smartseal.cz\/sk\/wp-content\/uploads\/2021\/01\/barel5L-impregnace-kamen-mokry-vzhled.png","width":800,"height":800},{"@type":"BreadcrumbList","@id":"https:\/\/smartseal.cz\/sk\/produkt\/impregnacia-prirodneho-kamena-mokry-vzhlad\/#breadcrumb","itemListElement":[{"@type":"ListItem","position":1,"name":"Dom\u016f","item":"https:\/\/smartseal.cz\/sk\/"},{"@type":"ListItem","position":2,"name":"Obchod","item":"https:\/\/smartseal.cz\/sk\/obchod\/"},{"@type":"ListItem","position":3,"name":"Impregn\u00e1cia pr\u00edrodn\u00e9ho kame\u0148a \u2013 mokr\u00fd vzh\u013ead, 5l"}]},{"@type":"WebSite","@id":"https:\/\/smartseal.cz\/sk\/#website","url":"https:\/\/smartseal.cz\/sk\/","name":"Smartseal Slovensko","description":"Chytr\u00e9 n\u00e1tery na v\u0161etky povrchy","potentialAction":[{"@type":"SearchAction","target":{"@type":"EntryPoint","urlTemplate":"https:\/\/smartseal.cz\/sk\/?s={search_term_string}"},"query-input":{"@type":"PropertyValueSpecification","valueRequired":true,"valueName":"search_term_string"}}],"inLanguage":"sk-SK"}]}},"_links":{"self":[{"href":"https:\/\/smartseal.cz\/sk\/wp-json\/wp\/v2\/product\/3654","targetHints":{"allow":["GET"]}}],"collection":[{"href":"https:\/\/smartseal.cz\/sk\/wp-json\/wp\/v2\/product"}],"about":[{"href":"https:\/\/smartseal.cz\/sk\/wp-json\/wp\/v2\/types\/product"}],"replies":[{"embeddable":true,"href":"https:\/\/smartseal.cz\/sk\/wp-json\/wp\/v2\/comments?post=3654"}],"wp:featuredmedia":[{"embeddable":true,"href":"https:\/\/smartseal.cz\/sk\/wp-json\/wp\/v2\/media\/6574"}],"wp:attachment":[{"href":"https:\/\/smartseal.cz\/sk\/wp-json\/wp\/v2\/media?parent=3654"}],"wp:term":[{"taxonomy":"product_brand","embeddable":true,"href":"https:\/\/smartseal.cz\/sk\/wp-json\/wp\/v2\/product_brand?post=3654"},{"taxonomy":"product_cat","embeddable":true,"href":"https:\/\/smartseal.cz\/sk\/wp-json\/wp\/v2\/product_cat?post=3654"},{"taxonomy":"product_tag","embeddable":true,"href":"https:\/\/smartseal.cz\/sk\/wp-json\/wp\/v2\/product_tag?post=3654"}],"curies":[{"name":"wp","href":"https:\/\/api.w.org\/{rel}","templated":true}]}}