{"id":3651,"date":"2019-04-02T14:51:30","date_gmt":"2019-04-02T12:51:30","guid":{"rendered":"https:\/\/smartseal.cz\/sk\/produkt\/impregnace-na-cihly-a-zdivo-2\/"},"modified":"2026-04-09T10:36:14","modified_gmt":"2026-04-09T08:36:14","slug":"impregnace-na-cihly-a-zdivo","status":"publish","type":"product","link":"https:\/\/smartseal.cz\/sk\/produkt\/impregnace-na-cihly-a-zdivo\/","title":{"rendered":"Impregnace na cihly a zdivo, 25l"},"content":{"rendered":"<h2>Impregnace na cihly a zdivo vytvo\u0159\u00ed na povrchu vodoodpudiv\u00fd film a chr\u00e1n\u00ed ho p\u0159ed vlhkost\u00ed.<\/h2>\n<p>Impregnace na cihly a zdivo Smartseal je vysoce kvalitn\u00ed, \u010dir\u00fd, bez rozpou\u0161t\u011bdel a prody\u0161n\u00fd. Po nanesen\u00ed n\u00e1t\u011br zm\u011bn\u00ed chemickou strukturu jak\u00e9hokoliv ciheln\u00e9ho nebo zednick\u00e9ho povrchu a zajist\u00ed vynikaj\u00edc\u00ed vodoodpudivost a odolnost proti skvrn\u00e1m.<\/p>\n<p><strong>Vlastnosti p\u0159\u00edpravku<\/strong><\/p>\n<ul>\n<li>Posta\u010d\u00ed jedna vrstva p\u0159\u00edpravku<\/li>\n<li>25 litr\u016f o\u0161et\u0159\u00ed a\u017e 125 m2 plochy<\/li>\n<li>Vysok\u00e1 odolnost v\u016f\u010di vod\u011b a mechu<\/li>\n<li>Na takto o\u0161et\u0159en\u00e9m povrchu se zv\u00fdrazn\u00ed jeho barevnost<\/li>\n<li>Aplikujte v\u00e1le\u010dkem nebo post\u0159ikova\u010dem<\/li>\n<li>Umo\u017e\u0148uje st\u011bn\u00e1m d\u00fdchat<\/li>\n<li>Such\u00e9 po 2-3 hodin\u00e1ch<\/li>\n<li>Odolnost proti vod\u011b b\u011bhem 24 hodin<\/li>\n<li>N\u00e1t\u011br vydr\u017e\u00ed 10-15 let<\/li>\n<li>Pou\u017eit\u00ed pro zdiva, cement, beton, st\u011bny a fas\u00e1dy<\/li>\n<li>Extern\u00ed i intern\u00ed pou\u017eit\u00ed<\/li>\n<\/ul>\n<p><strong>Dostupn\u00e9 velikosti<\/strong><\/p>\n<ul>\n<li>vzorek 1<a href=\"https:\/\/smartseal.cz\/sk\/produkt\/impregnace-na-cihly-a-zdivo-vzorek\/\">00 ml<\/a>, <a href=\"https:\/\/smartseal.cz\/sk\/produkt\/impregnace-na-cihly-a-zdivo-5l\/\">5l<\/a>, 25l<\/li>\n<\/ul>\n<p><strong>Doporu\u010den\u00e1 spot\u0159eba<\/strong><\/p>\n<ul>\n<li>1l\/5m2-10m2<\/li>\n<li>25l\/125m2<\/li>\n<\/ul>\n<h3>Technick\u00fd popis p\u0159\u00edpravku Impregnace na cihly a zdivo<\/h3>\n<p>N\u00e1t\u011br je vhodn\u00fd na cihly, zdiva a fas\u00e1dy. Chr\u00e1n\u00ed proti zne\u010di\u0161t\u011bn\u00ed a pronik\u00e1n\u00ed vody. Povrchy o\u0161et\u0159en\u00e9 t\u00edmto n\u00e1t\u011brem z\u016fst\u00e1vaj\u00ed \u010dist\u00e9 a such\u00e9, co\u017e sni\u017euje n\u00e1klady na \u010di\u0161t\u011bn\u00ed.<\/p>\n<ul>\n<li>Odpuzuje olej a vodu<\/li>\n<li>Zabra\u0148uje organick\u00e9mu r\u016fstu<\/li>\n<li>Odoln\u00fd proti skvrn\u00e1m a \u0161p\u00edn\u011b<\/li>\n<li>Bez rozpou\u0161t\u011bdel<\/li>\n<\/ul>\n<p><strong>Doporu\u010den\u00ed<\/strong><\/p>\n<ul>\n<li>Skladujte na chladn\u00e9m m\u00edst\u011b mimo p\u0159\u00edm\u00fd slune\u010dn\u00ed sv\u011btlo. Po otev\u0159en\u00ed co nejd\u0159\u00edve spot\u0159ebujte.<\/li>\n<li>Nepou\u017e\u00edvejte p\u0159i teplot\u00e1ch ni\u017e\u0161\u00edch ne\u017e 8 \u00b0 C.<\/li>\n<\/ul>\n<p><strong>Aplikace<\/strong><\/p>\n<p>Aplikujte post\u0159ikova\u010dem, v\u00e1le\u010dkem nebo \u0161t\u011btcem. Po \u00fapln\u00e9m zaschnut\u00ed nebude n\u00e1t\u011br viditeln\u00fd.<\/p>\n<p><strong>Zdrav\u00ed a bezpe\u010dnost<\/strong><\/p>\n<p>V\u017edy pou\u017e\u00edvejte odpov\u00eddaj\u00edc\u00ed ochrann\u00e9 oble\u010den\u00ed. Technick\u00e1 data a dal\u0161\u00ed technick\u00e9 informace jsou k dispozici na vy\u017e\u00e1d\u00e1n\u00ed.<\/p>\n<h3>Bezpe\u010dnostn\u00ed list<\/h3>\n<p><a href=\"https:\/\/smartseal.cz\/sk\/wp-content\/uploads\/sites\/2\/2021\/08\/BL_BRICKSEALER-CZ_CLP_2021.pdf\">Bezpe\u010dnostn\u00ed list ke sta\u017een\u00ed v PDF<\/a><\/p>\n","protected":false},"excerpt":{"rendered":"<p>N\u00e1t\u011br na cihly a zdivo vytvo\u0159\u00ed na povrchu vodoodpudiv\u00fd film a chr\u00e1n\u00ed cihly\/zdivo p\u0159ed vlhkost\u00ed, mechy a li\u0161ejn\u00edky.<\/p>\n","protected":false},"featured_media":13787,"comment_status":"open","ping_status":"closed","template":"","meta":[],"product_brand":[],"product_cat":[153,39,63,62,24,48],"product_tag":[],"class_list":{"0":"post-3651","1":"product","2":"type-product","3":"status-publish","4":"has-post-thumbnail","6":"product_cat-viac-za-menej","7":"product_cat-tehly-fasady-murivo","8":"product_cat-fasada","9":"product_cat-murivo","10":"product_cat-impregnacia-ochranne-natery","11":"product_cat-impregnacia-tehlove-steny","12":"pa_barva-bezbarva","13":"pa_faze-pouziti-impregnace","14":"pa_faze-pouziti-nasledna-pece","15":"pa_velikost-baleni-25l","17":"first","18":"instock","19":"taxable","20":"shipping-taxable","21":"purchasable","22":"product-type-simple"},"yoast_head":"<!-- This site is optimized with the Yoast SEO Premium plugin v26.8 (Yoast SEO v26.9) - https:\/\/yoast.com\/product\/yoast-seo-premium-wordpress\/ -->\n<title>Impregnace na cihly a zdivo, 25l | Smartseal.cz<\/title>\n<meta name=\"description\" content=\"Impregance na cihly a zdivo vytvo\u0159\u00ed na povrchu vodoodpudiv\u00fd film a chr\u00e1n\u00ed povrch p\u0159ed vlhkost\u00ed, mechy a li\u0161ejn\u00edky. 25l v\u00fdrobku o\u0161et\u0159\u00edte plochu cca 125m2\" \/>\n<meta name=\"robots\" content=\"index, follow, max-snippet:-1, max-image-preview:large, max-video-preview:-1\" \/>\n<link rel=\"canonical\" href=\"https:\/\/smartseal.cz\/sk\/produkt\/impregnace-na-cihly-a-zdivo\/\" \/>\n<meta property=\"og:locale\" content=\"sk_SK\" \/>\n<meta property=\"og:type\" content=\"article\" \/>\n<meta property=\"og:title\" content=\"Impregnace na cihly a zdivo, 25l\" \/>\n<meta property=\"og:description\" content=\"Impregance na cihly a zdivo vytvo\u0159\u00ed na povrchu vodoodpudiv\u00fd film a chr\u00e1n\u00ed povrch p\u0159ed vlhkost\u00ed, mechy a li\u0161ejn\u00edky. 25l v\u00fdrobku o\u0161et\u0159\u00edte plochu cca 125m2\" \/>\n<meta property=\"og:url\" content=\"https:\/\/smartseal.cz\/sk\/produkt\/impregnace-na-cihly-a-zdivo\/\" \/>\n<meta property=\"og:site_name\" content=\"Smartseal Slovensko\" \/>\n<meta property=\"article:modified_time\" content=\"2026-04-09T08:36:14+00:00\" \/>\n<meta property=\"og:image\" content=\"https:\/\/smartseal.cz\/sk\/wp-content\/uploads\/2023\/10\/foto_25l.png\" \/>\n\t<meta property=\"og:image:width\" content=\"800\" \/>\n\t<meta property=\"og:image:height\" content=\"800\" \/>\n\t<meta property=\"og:image:type\" content=\"image\/png\" \/>\n<meta name=\"twitter:card\" content=\"summary_large_image\" \/>\n<meta name=\"twitter:label1\" content=\"Predpokladan\u00fd \u010das \u010d\u00edtania\" \/>\n\t<meta name=\"twitter:data1\" content=\"2 min\u00faty\" \/>\n<script type=\"application\/ld+json\" class=\"yoast-schema-graph\">{\"@context\":\"https:\/\/schema.org\",\"@graph\":[{\"@type\":\"WebPage\",\"@id\":\"https:\/\/smartseal.cz\/sk\/produkt\/impregnace-na-cihly-a-zdivo\/\",\"url\":\"https:\/\/smartseal.cz\/sk\/produkt\/impregnace-na-cihly-a-zdivo\/\",\"name\":\"Impregnace na cihly a zdivo, 25l | Smartseal.cz\",\"isPartOf\":{\"@id\":\"https:\/\/smartseal.cz\/sk\/#website\"},\"primaryImageOfPage\":{\"@id\":\"https:\/\/smartseal.cz\/sk\/produkt\/impregnace-na-cihly-a-zdivo\/#primaryimage\"},\"image\":{\"@id\":\"https:\/\/smartseal.cz\/sk\/produkt\/impregnace-na-cihly-a-zdivo\/#primaryimage\"},\"thumbnailUrl\":\"https:\/\/smartseal.cz\/sk\/wp-content\/uploads\/2023\/10\/foto_25l.png\",\"datePublished\":\"2019-04-02T12:51:30+00:00\",\"dateModified\":\"2026-04-09T08:36:14+00:00\",\"description\":\"Impregance na cihly a zdivo vytvo\u0159\u00ed na povrchu vodoodpudiv\u00fd film a chr\u00e1n\u00ed povrch p\u0159ed vlhkost\u00ed, mechy a li\u0161ejn\u00edky. 25l v\u00fdrobku o\u0161et\u0159\u00edte plochu cca 125m2\",\"breadcrumb\":{\"@id\":\"https:\/\/smartseal.cz\/sk\/produkt\/impregnace-na-cihly-a-zdivo\/#breadcrumb\"},\"inLanguage\":\"sk-SK\",\"potentialAction\":[{\"@type\":\"ReadAction\",\"target\":[\"https:\/\/smartseal.cz\/sk\/produkt\/impregnace-na-cihly-a-zdivo\/\"]}]},{\"@type\":\"ImageObject\",\"inLanguage\":\"sk-SK\",\"@id\":\"https:\/\/smartseal.cz\/sk\/produkt\/impregnace-na-cihly-a-zdivo\/#primaryimage\",\"url\":\"https:\/\/smartseal.cz\/sk\/wp-content\/uploads\/2023\/10\/foto_25l.png\",\"contentUrl\":\"https:\/\/smartseal.cz\/sk\/wp-content\/uploads\/2023\/10\/foto_25l.png\",\"width\":800,\"height\":800},{\"@type\":\"BreadcrumbList\",\"@id\":\"https:\/\/smartseal.cz\/sk\/produkt\/impregnace-na-cihly-a-zdivo\/#breadcrumb\",\"itemListElement\":[{\"@type\":\"ListItem\",\"position\":1,\"name\":\"Dom\u016f\",\"item\":\"https:\/\/smartseal.cz\/sk\/\"},{\"@type\":\"ListItem\",\"position\":2,\"name\":\"Obchod\",\"item\":\"https:\/\/smartseal.cz\/sk\/obchod\/\"},{\"@type\":\"ListItem\",\"position\":3,\"name\":\"Impregnace na cihly a zdivo, 25l\"}]},{\"@type\":\"WebSite\",\"@id\":\"https:\/\/smartseal.cz\/sk\/#website\",\"url\":\"https:\/\/smartseal.cz\/sk\/\",\"name\":\"Smartseal Slovensko\",\"description\":\"Chytr\u00e9 n\u00e1tery na v\u0161etky povrchy\",\"potentialAction\":[{\"@type\":\"SearchAction\",\"target\":{\"@type\":\"EntryPoint\",\"urlTemplate\":\"https:\/\/smartseal.cz\/sk\/?s={search_term_string}\"},\"query-input\":{\"@type\":\"PropertyValueSpecification\",\"valueRequired\":true,\"valueName\":\"search_term_string\"}}],\"inLanguage\":\"sk-SK\"}]}<\/script>\n<!-- \/ Yoast SEO Premium plugin. -->","yoast_head_json":{"title":"Impregnace na cihly a zdivo, 25l | Smartseal.cz","description":"Impregance na cihly a zdivo vytvo\u0159\u00ed na povrchu vodoodpudiv\u00fd film a chr\u00e1n\u00ed povrch p\u0159ed vlhkost\u00ed, mechy a li\u0161ejn\u00edky. 25l v\u00fdrobku o\u0161et\u0159\u00edte plochu cca 125m2","robots":{"index":"index","follow":"follow","max-snippet":"max-snippet:-1","max-image-preview":"max-image-preview:large","max-video-preview":"max-video-preview:-1"},"canonical":"https:\/\/smartseal.cz\/sk\/produkt\/impregnace-na-cihly-a-zdivo\/","og_locale":"sk_SK","og_type":"article","og_title":"Impregnace na cihly a zdivo, 25l","og_description":"Impregance na cihly a zdivo vytvo\u0159\u00ed na povrchu vodoodpudiv\u00fd film a chr\u00e1n\u00ed povrch p\u0159ed vlhkost\u00ed, mechy a li\u0161ejn\u00edky. 25l v\u00fdrobku o\u0161et\u0159\u00edte plochu cca 125m2","og_url":"https:\/\/smartseal.cz\/sk\/produkt\/impregnace-na-cihly-a-zdivo\/","og_site_name":"Smartseal Slovensko","article_modified_time":"2026-04-09T08:36:14+00:00","og_image":[{"width":800,"height":800,"url":"https:\/\/smartseal.cz\/sk\/wp-content\/uploads\/2023\/10\/foto_25l.png","type":"image\/png"}],"twitter_card":"summary_large_image","twitter_misc":{"Predpokladan\u00fd \u010das \u010d\u00edtania":"2 min\u00faty"},"schema":{"@context":"https:\/\/schema.org","@graph":[{"@type":"WebPage","@id":"https:\/\/smartseal.cz\/sk\/produkt\/impregnace-na-cihly-a-zdivo\/","url":"https:\/\/smartseal.cz\/sk\/produkt\/impregnace-na-cihly-a-zdivo\/","name":"Impregnace na cihly a zdivo, 25l | Smartseal.cz","isPartOf":{"@id":"https:\/\/smartseal.cz\/sk\/#website"},"primaryImageOfPage":{"@id":"https:\/\/smartseal.cz\/sk\/produkt\/impregnace-na-cihly-a-zdivo\/#primaryimage"},"image":{"@id":"https:\/\/smartseal.cz\/sk\/produkt\/impregnace-na-cihly-a-zdivo\/#primaryimage"},"thumbnailUrl":"https:\/\/smartseal.cz\/sk\/wp-content\/uploads\/2023\/10\/foto_25l.png","datePublished":"2019-04-02T12:51:30+00:00","dateModified":"2026-04-09T08:36:14+00:00","description":"Impregance na cihly a zdivo vytvo\u0159\u00ed na povrchu vodoodpudiv\u00fd film a chr\u00e1n\u00ed povrch p\u0159ed vlhkost\u00ed, mechy a li\u0161ejn\u00edky. 25l v\u00fdrobku o\u0161et\u0159\u00edte plochu cca 125m2","breadcrumb":{"@id":"https:\/\/smartseal.cz\/sk\/produkt\/impregnace-na-cihly-a-zdivo\/#breadcrumb"},"inLanguage":"sk-SK","potentialAction":[{"@type":"ReadAction","target":["https:\/\/smartseal.cz\/sk\/produkt\/impregnace-na-cihly-a-zdivo\/"]}]},{"@type":"ImageObject","inLanguage":"sk-SK","@id":"https:\/\/smartseal.cz\/sk\/produkt\/impregnace-na-cihly-a-zdivo\/#primaryimage","url":"https:\/\/smartseal.cz\/sk\/wp-content\/uploads\/2023\/10\/foto_25l.png","contentUrl":"https:\/\/smartseal.cz\/sk\/wp-content\/uploads\/2023\/10\/foto_25l.png","width":800,"height":800},{"@type":"BreadcrumbList","@id":"https:\/\/smartseal.cz\/sk\/produkt\/impregnace-na-cihly-a-zdivo\/#breadcrumb","itemListElement":[{"@type":"ListItem","position":1,"name":"Dom\u016f","item":"https:\/\/smartseal.cz\/sk\/"},{"@type":"ListItem","position":2,"name":"Obchod","item":"https:\/\/smartseal.cz\/sk\/obchod\/"},{"@type":"ListItem","position":3,"name":"Impregnace na cihly a zdivo, 25l"}]},{"@type":"WebSite","@id":"https:\/\/smartseal.cz\/sk\/#website","url":"https:\/\/smartseal.cz\/sk\/","name":"Smartseal Slovensko","description":"Chytr\u00e9 n\u00e1tery na v\u0161etky povrchy","potentialAction":[{"@type":"SearchAction","target":{"@type":"EntryPoint","urlTemplate":"https:\/\/smartseal.cz\/sk\/?s={search_term_string}"},"query-input":{"@type":"PropertyValueSpecification","valueRequired":true,"valueName":"search_term_string"}}],"inLanguage":"sk-SK"}]}},"_links":{"self":[{"href":"https:\/\/smartseal.cz\/sk\/wp-json\/wp\/v2\/product\/3651","targetHints":{"allow":["GET"]}}],"collection":[{"href":"https:\/\/smartseal.cz\/sk\/wp-json\/wp\/v2\/product"}],"about":[{"href":"https:\/\/smartseal.cz\/sk\/wp-json\/wp\/v2\/types\/product"}],"replies":[{"embeddable":true,"href":"https:\/\/smartseal.cz\/sk\/wp-json\/wp\/v2\/comments?post=3651"}],"wp:featuredmedia":[{"embeddable":true,"href":"https:\/\/smartseal.cz\/sk\/wp-json\/wp\/v2\/media\/13787"}],"wp:attachment":[{"href":"https:\/\/smartseal.cz\/sk\/wp-json\/wp\/v2\/media?parent=3651"}],"wp:term":[{"taxonomy":"product_brand","embeddable":true,"href":"https:\/\/smartseal.cz\/sk\/wp-json\/wp\/v2\/product_brand?post=3651"},{"taxonomy":"product_cat","embeddable":true,"href":"https:\/\/smartseal.cz\/sk\/wp-json\/wp\/v2\/product_cat?post=3651"},{"taxonomy":"product_tag","embeddable":true,"href":"https:\/\/smartseal.cz\/sk\/wp-json\/wp\/v2\/product_tag?post=3651"}],"curies":[{"name":"wp","href":"https:\/\/api.w.org\/{rel}","templated":true}]}}