{"id":19471,"date":"2025-03-18T14:04:04","date_gmt":"2025-03-18T13:04:04","guid":{"rendered":"https:\/\/smartseal.cz\/sk\/?post_type=product&#038;p=19471"},"modified":"2026-04-07T10:23:09","modified_gmt":"2026-04-07T08:23:09","slug":"impregnace-keramicke-dlazby-5l","status":"publish","type":"product","link":"https:\/\/smartseal.cz\/sk\/produkt\/impregnace-keramicke-dlazby-5l\/","title":{"rendered":"Impregnace keramick\u00e9 dla\u017eby, 5l"},"content":{"rendered":"<h2>Vysoce \u00fa\u010dinn\u00e1 impregnace na keramickou dla\u017ebu<\/h2>\n<p><strong>Impregna\u010dn\u00ed n\u00e1t\u011br na keramickou dla\u017ebu Smartseal<\/strong> je odoln\u00fd, prody\u0161n\u00fd, ochrann\u00fd impregna\u010dn\u00ed n\u00e1t\u011br pro vnit\u0159n\u00ed a vn\u011bj\u0161\u00ed keramick\u00e9 a porcel\u00e1nov\u00e9 dla\u017edice. Pom\u00e1h\u00e1 p\u0159edch\u00e1zet zne\u010di\u0161t\u011bn\u00ed a skvrn\u00e1m na povrchu. I kdy\u017e se nejedn\u00e1 o barvu, p\u016fsob\u00ed jako zv\u00fdraz\u0148ova\u010d barev a po zaschnut\u00ed zanech\u00e1v\u00e1 jemn\u00fd mokr\u00fd vzhled. Jeho hlavn\u00edm \u00fa\u010delem je usnadnit \u010di\u0161t\u011bn\u00ed a \u00fadr\u017ebu dla\u017eby.<\/p>\n<p><strong>POZOR: NESM\u00cd SE APLIKOVAT, POKUD JE ZAPL\u00c9 PODLAHOV\u00c9 VYT\u00c1P\u011aN\u00cd NEBO NA DLA\u017dBU SV\u00cdT\u00cd P\u0158\u00cdM\u00c9 SLUNCE!<\/strong><\/p>\n<p>Impregna\u010dn\u00ed n\u00e1t\u011br na keramickou dla\u017ebu je p\u0159ipravena k okam\u017eit\u00e9mu pou\u017eit\u00ed, snadno se aplikuje, rychle schne a poskytuje dodate\u010dnou ochranu proti skvrn\u00e1m na olejov\u00e9 a vodn\u00ed b\u00e1zi a z\u00e1rove\u0148 zv\u00fdraz\u0148uje p\u0159irozenou barvu dla\u017edic. P\u0159ed nanesen\u00edm impregnace doporu\u010dujeme vy\u010distit povrch <a href=\"https:\/\/smartseal.cz\/produkt\/cistic-keramicke-dlazby\/\">\u010cisti\u010dem na keramickou dla\u017ebu<\/a>.<\/p>\n<p><strong>Nedoporu\u010dujeme pou\u017e\u00edvat na vysoce le\u0161t\u011bn\u00e9 povrchy.<\/strong><\/p>\n<p><strong>VLASTNOSTI PRODUKTU<\/strong><\/p>\n<ul>\n<li>vhodn\u00e9 na keramick\u00e9 a porcel\u00e1nov\u00e9 dla\u017edice<\/li>\n<li>pouze jedna vrstva n\u00e1t\u011bru<\/li>\n<li>po zaschnut\u00ed zanech\u00e1v\u00e1 jemn\u00fd mokr\u00fd vzhled<\/li>\n<li>zv\u00fdraz\u0148uje barvu povrchu<\/li>\n<li>lze pou\u017e\u00edvat na povrchy uvnit\u0159 i venku<\/li>\n<li>vhodn\u00e9 na keramick\u00e9 obklady<\/li>\n<li>velmi odoln\u00e1 impregnace pro dlouholetou ochranu<\/li>\n<\/ul>\n<hr \/>\n<h3>Technick\u00fd popis Impregnace na keramickou dla\u017ebu<\/h3>\n<p><strong>Dostupn\u00e9 velikosti<\/strong><\/p>\n<ul>\n<li>5L, 1L<\/li>\n<\/ul>\n<p><strong>Spot\u0159eba<\/strong><\/p>\n<ul>\n<li>1L\/10-20 m2, v z\u00e1vislosti na p\u00f3rovitosti povrchu<\/li>\n<\/ul>\n<p><strong>N\u00e1vod k pou\u017eit\u00ed<\/strong><\/p>\n<ul>\n<li><strong>Teplota p\u0159i aplikaci mus\u00ed b\u00fdt v rozmez\u00ed 10\u00b0 to 23\u00b0C<\/strong><\/li>\n<li>V\u017edy nejd\u0159\u00edve otestujte na mal\u00e9 plo\u0161e, abyste zjistili vhodnost produktu<\/li>\n<li>Povrch mus\u00ed b\u00fdt p\u0159ed impregnac\u00ed \u010dist\u00fd a such\u00fd<\/li>\n<li>Naneste jednu tenkou vrstvu pomoc\u00ed had\u0159\u00edku nebo mopu z mikrovl\u00e1kna. Vyhn\u011bte se nadm\u011brn\u00e9mu hromad\u011bn\u00ed (kalu\u017e\u00ed) impregnace<\/li>\n<li>Po 2 hodin\u00e1ch od aplikace je mo\u017en\u00e9 na povrch vstoupit. Pln\u011b vodoodpudiv\u00fd\u00a0 po 24 hodin\u00e1ch.<\/li>\n<li>Pokud pou\u017e\u00edv\u00e1te v exteri\u00e9ru, tak je pot\u0159eba aby 8 hodin po aplikaci nepr\u0161elo.<\/li>\n<\/ul>\n<p><strong>D\u016eLE\u017dIT\u00c9<\/strong><\/p>\n<ul>\n<li>P\u0159\u00edpravek se nan\u00e1\u0161\u00ed v\u00fdhradn\u011b v jedn\u00e9 vrstv\u011b, jeliko\u017e se jedn\u00e1 o vysoce aktivn\u00ed mikron\u00e1t\u011br<\/li>\n<li>Nejedn\u00e1 se o barvu, a\u010dkoli o\u0161et\u0159en\u00e9 povrchy vypadaj\u00ed barevn\u011b v\u00fdrazn\u011bj\u0161\u00ed<\/li>\n<li>Nanesen\u00ed v\u00edce ne\u017e jedn\u00e9 vrstvy povede k probl\u00e9m\u016fm p\u0159i aplikaci a selh\u00e1n\u00ed v\u00fdrobku<\/li>\n<li>Je velmi d\u016fle\u017eit\u00e9 dodr\u017eovat v\u00fd\u0161e uveden\u00e9 pokyny.<\/li>\n<\/ul>\n<p><strong>POZOR: NESM\u00cd SE APLIKOVAT, POKUD JE ZAPL\u00c9 PODLAHOV\u00c9 VYT\u00c1P\u011aN\u00cd NEBO NA DLA\u017dBU SV\u00cdT\u00cd P\u0158\u00cdM\u00c9 SLUNCE!<\/strong><\/p>\n<p>Skladujte v chladn\u00e9m a such\u00e9m prost\u0159ed\u00ed mimo dosah p\u0159\u00edm\u00e9ho slunce, pouze v origin\u00e1ln\u00edm balen\u00ed. Spot\u0159ebujte 6 m\u011bs\u00edc\u016f po zakoupen\u00ed a 3 m\u011bs\u00edce od otev\u0159en\u00ed.<\/p>\n","protected":false},"excerpt":{"rendered":"<p>Sta\u010d\u00ed pouze jedna vrstva, jednoduch\u00e1 aplikace, 100% prody\u0161n\u00e1. 5L o\u0161et\u0159\u00ed plochu cca 50m2.<\/p>\n","protected":false},"featured_media":14048,"comment_status":"open","ping_status":"closed","template":"","meta":[],"product_brand":[],"product_cat":[175,174,24,99,100],"product_tag":[],"class_list":{"0":"post-19471","1":"product","2":"type-product","3":"status-publish","4":"has-post-thumbnail","6":"product_cat-impregnacia-a-ochranne-natery","7":"product_cat-zimna-udrzba","8":"product_cat-impregnacia-ochranne-natery","9":"product_cat-impregnacia-v-interieri","10":"product_cat-interiery","12":"first","13":"instock","14":"taxable","15":"shipping-taxable","16":"purchasable","17":"product-type-simple"},"yoast_head":"<!-- This site is optimized with the Yoast SEO Premium plugin v26.8 (Yoast SEO v26.9) - https:\/\/yoast.com\/product\/yoast-seo-premium-wordpress\/ -->\n<title>Impregnace keramick\u00e9 dla\u017eby, 5l - Smartseal Slovensko<\/title>\n<meta name=\"description\" content=\"Impregna\u010dn\u00ed n\u00e1t\u011br vhodn\u00fd na keramickou nebo porcel\u00e1novou dla\u017ebu. Posta\u010d\u00ed pouze jedna vrstva. 5l o\u0161et\u0159\u00edte plochu okolo 50m2 - 100m2.\" \/>\n<meta name=\"robots\" content=\"index, follow, max-snippet:-1, max-image-preview:large, max-video-preview:-1\" \/>\n<link rel=\"canonical\" href=\"https:\/\/smartseal.cz\/sk\/produkt\/impregnace-keramicke-dlazby-5l\/\" \/>\n<meta property=\"og:locale\" content=\"sk_SK\" \/>\n<meta property=\"og:type\" content=\"article\" \/>\n<meta property=\"og:title\" content=\"Impregnace keramick\u00e9 dla\u017eby, 5l\" \/>\n<meta property=\"og:description\" content=\"Impregna\u010dn\u00ed n\u00e1t\u011br vhodn\u00fd na keramickou nebo porcel\u00e1novou dla\u017ebu. Posta\u010d\u00ed pouze jedna vrstva. 5l o\u0161et\u0159\u00edte plochu okolo 50m2 - 100m2.\" \/>\n<meta property=\"og:url\" content=\"https:\/\/smartseal.cz\/sk\/produkt\/impregnace-keramicke-dlazby-5l\/\" \/>\n<meta property=\"og:site_name\" content=\"Smartseal Slovensko\" \/>\n<meta property=\"article:modified_time\" content=\"2026-04-07T08:23:09+00:00\" \/>\n<meta property=\"og:image\" content=\"https:\/\/smartseal.cz\/sk\/wp-content\/uploads\/2023\/11\/impregnace-keramicka\u0301-dlaz\u030cba.png\" \/>\n\t<meta property=\"og:image:width\" content=\"800\" \/>\n\t<meta property=\"og:image:height\" content=\"800\" \/>\n\t<meta property=\"og:image:type\" content=\"image\/png\" \/>\n<meta name=\"twitter:card\" content=\"summary_large_image\" \/>\n<meta name=\"twitter:label1\" content=\"Predpokladan\u00fd \u010das \u010d\u00edtania\" \/>\n\t<meta name=\"twitter:data1\" content=\"3 min\u00faty\" \/>\n<script type=\"application\/ld+json\" class=\"yoast-schema-graph\">{\"@context\":\"https:\/\/schema.org\",\"@graph\":[{\"@type\":\"WebPage\",\"@id\":\"https:\/\/smartseal.cz\/sk\/produkt\/impregnace-keramicke-dlazby-5l\/\",\"url\":\"https:\/\/smartseal.cz\/sk\/produkt\/impregnace-keramicke-dlazby-5l\/\",\"name\":\"Impregnace keramick\u00e9 dla\u017eby, 5l - Smartseal Slovensko\",\"isPartOf\":{\"@id\":\"https:\/\/smartseal.cz\/sk\/#website\"},\"primaryImageOfPage\":{\"@id\":\"https:\/\/smartseal.cz\/sk\/produkt\/impregnace-keramicke-dlazby-5l\/#primaryimage\"},\"image\":{\"@id\":\"https:\/\/smartseal.cz\/sk\/produkt\/impregnace-keramicke-dlazby-5l\/#primaryimage\"},\"thumbnailUrl\":\"https:\/\/smartseal.cz\/sk\/wp-content\/uploads\/2023\/11\/impregnace-keramicka\u0301-dlaz\u030cba.png\",\"datePublished\":\"2025-03-18T13:04:04+00:00\",\"dateModified\":\"2026-04-07T08:23:09+00:00\",\"description\":\"Impregna\u010dn\u00ed n\u00e1t\u011br vhodn\u00fd na keramickou nebo porcel\u00e1novou dla\u017ebu. Posta\u010d\u00ed pouze jedna vrstva. 5l o\u0161et\u0159\u00edte plochu okolo 50m2 - 100m2.\",\"breadcrumb\":{\"@id\":\"https:\/\/smartseal.cz\/sk\/produkt\/impregnace-keramicke-dlazby-5l\/#breadcrumb\"},\"inLanguage\":\"sk-SK\",\"potentialAction\":[{\"@type\":\"ReadAction\",\"target\":[\"https:\/\/smartseal.cz\/sk\/produkt\/impregnace-keramicke-dlazby-5l\/\"]}]},{\"@type\":\"ImageObject\",\"inLanguage\":\"sk-SK\",\"@id\":\"https:\/\/smartseal.cz\/sk\/produkt\/impregnace-keramicke-dlazby-5l\/#primaryimage\",\"url\":\"https:\/\/smartseal.cz\/sk\/wp-content\/uploads\/2023\/11\/impregnace-keramicka\u0301-dlaz\u030cba.png\",\"contentUrl\":\"https:\/\/smartseal.cz\/sk\/wp-content\/uploads\/2023\/11\/impregnace-keramicka\u0301-dlaz\u030cba.png\",\"width\":800,\"height\":800},{\"@type\":\"BreadcrumbList\",\"@id\":\"https:\/\/smartseal.cz\/sk\/produkt\/impregnace-keramicke-dlazby-5l\/#breadcrumb\",\"itemListElement\":[{\"@type\":\"ListItem\",\"position\":1,\"name\":\"Dom\u016f\",\"item\":\"https:\/\/smartseal.cz\/sk\/\"},{\"@type\":\"ListItem\",\"position\":2,\"name\":\"Obchod\",\"item\":\"https:\/\/smartseal.cz\/sk\/obchod\/\"},{\"@type\":\"ListItem\",\"position\":3,\"name\":\"Impregnace keramick\u00e9 dla\u017eby, 5l\"}]},{\"@type\":\"WebSite\",\"@id\":\"https:\/\/smartseal.cz\/sk\/#website\",\"url\":\"https:\/\/smartseal.cz\/sk\/\",\"name\":\"Smartseal Slovensko\",\"description\":\"Chytr\u00e9 n\u00e1tery na v\u0161etky povrchy\",\"potentialAction\":[{\"@type\":\"SearchAction\",\"target\":{\"@type\":\"EntryPoint\",\"urlTemplate\":\"https:\/\/smartseal.cz\/sk\/?s={search_term_string}\"},\"query-input\":{\"@type\":\"PropertyValueSpecification\",\"valueRequired\":true,\"valueName\":\"search_term_string\"}}],\"inLanguage\":\"sk-SK\"}]}<\/script>\n<!-- \/ Yoast SEO Premium plugin. -->","yoast_head_json":{"title":"Impregnace keramick\u00e9 dla\u017eby, 5l - Smartseal Slovensko","description":"Impregna\u010dn\u00ed n\u00e1t\u011br vhodn\u00fd na keramickou nebo porcel\u00e1novou dla\u017ebu. Posta\u010d\u00ed pouze jedna vrstva. 5l o\u0161et\u0159\u00edte plochu okolo 50m2 - 100m2.","robots":{"index":"index","follow":"follow","max-snippet":"max-snippet:-1","max-image-preview":"max-image-preview:large","max-video-preview":"max-video-preview:-1"},"canonical":"https:\/\/smartseal.cz\/sk\/produkt\/impregnace-keramicke-dlazby-5l\/","og_locale":"sk_SK","og_type":"article","og_title":"Impregnace keramick\u00e9 dla\u017eby, 5l","og_description":"Impregna\u010dn\u00ed n\u00e1t\u011br vhodn\u00fd na keramickou nebo porcel\u00e1novou dla\u017ebu. Posta\u010d\u00ed pouze jedna vrstva. 5l o\u0161et\u0159\u00edte plochu okolo 50m2 - 100m2.","og_url":"https:\/\/smartseal.cz\/sk\/produkt\/impregnace-keramicke-dlazby-5l\/","og_site_name":"Smartseal Slovensko","article_modified_time":"2026-04-07T08:23:09+00:00","og_image":[{"width":800,"height":800,"url":"https:\/\/smartseal.cz\/sk\/wp-content\/uploads\/2023\/11\/impregnace-keramicka\u0301-dlaz\u030cba.png","type":"image\/png"}],"twitter_card":"summary_large_image","twitter_misc":{"Predpokladan\u00fd \u010das \u010d\u00edtania":"3 min\u00faty"},"schema":{"@context":"https:\/\/schema.org","@graph":[{"@type":"WebPage","@id":"https:\/\/smartseal.cz\/sk\/produkt\/impregnace-keramicke-dlazby-5l\/","url":"https:\/\/smartseal.cz\/sk\/produkt\/impregnace-keramicke-dlazby-5l\/","name":"Impregnace keramick\u00e9 dla\u017eby, 5l - Smartseal Slovensko","isPartOf":{"@id":"https:\/\/smartseal.cz\/sk\/#website"},"primaryImageOfPage":{"@id":"https:\/\/smartseal.cz\/sk\/produkt\/impregnace-keramicke-dlazby-5l\/#primaryimage"},"image":{"@id":"https:\/\/smartseal.cz\/sk\/produkt\/impregnace-keramicke-dlazby-5l\/#primaryimage"},"thumbnailUrl":"https:\/\/smartseal.cz\/sk\/wp-content\/uploads\/2023\/11\/impregnace-keramicka\u0301-dlaz\u030cba.png","datePublished":"2025-03-18T13:04:04+00:00","dateModified":"2026-04-07T08:23:09+00:00","description":"Impregna\u010dn\u00ed n\u00e1t\u011br vhodn\u00fd na keramickou nebo porcel\u00e1novou dla\u017ebu. Posta\u010d\u00ed pouze jedna vrstva. 5l o\u0161et\u0159\u00edte plochu okolo 50m2 - 100m2.","breadcrumb":{"@id":"https:\/\/smartseal.cz\/sk\/produkt\/impregnace-keramicke-dlazby-5l\/#breadcrumb"},"inLanguage":"sk-SK","potentialAction":[{"@type":"ReadAction","target":["https:\/\/smartseal.cz\/sk\/produkt\/impregnace-keramicke-dlazby-5l\/"]}]},{"@type":"ImageObject","inLanguage":"sk-SK","@id":"https:\/\/smartseal.cz\/sk\/produkt\/impregnace-keramicke-dlazby-5l\/#primaryimage","url":"https:\/\/smartseal.cz\/sk\/wp-content\/uploads\/2023\/11\/impregnace-keramicka\u0301-dlaz\u030cba.png","contentUrl":"https:\/\/smartseal.cz\/sk\/wp-content\/uploads\/2023\/11\/impregnace-keramicka\u0301-dlaz\u030cba.png","width":800,"height":800},{"@type":"BreadcrumbList","@id":"https:\/\/smartseal.cz\/sk\/produkt\/impregnace-keramicke-dlazby-5l\/#breadcrumb","itemListElement":[{"@type":"ListItem","position":1,"name":"Dom\u016f","item":"https:\/\/smartseal.cz\/sk\/"},{"@type":"ListItem","position":2,"name":"Obchod","item":"https:\/\/smartseal.cz\/sk\/obchod\/"},{"@type":"ListItem","position":3,"name":"Impregnace keramick\u00e9 dla\u017eby, 5l"}]},{"@type":"WebSite","@id":"https:\/\/smartseal.cz\/sk\/#website","url":"https:\/\/smartseal.cz\/sk\/","name":"Smartseal Slovensko","description":"Chytr\u00e9 n\u00e1tery na v\u0161etky povrchy","potentialAction":[{"@type":"SearchAction","target":{"@type":"EntryPoint","urlTemplate":"https:\/\/smartseal.cz\/sk\/?s={search_term_string}"},"query-input":{"@type":"PropertyValueSpecification","valueRequired":true,"valueName":"search_term_string"}}],"inLanguage":"sk-SK"}]}},"_links":{"self":[{"href":"https:\/\/smartseal.cz\/sk\/wp-json\/wp\/v2\/product\/19471","targetHints":{"allow":["GET"]}}],"collection":[{"href":"https:\/\/smartseal.cz\/sk\/wp-json\/wp\/v2\/product"}],"about":[{"href":"https:\/\/smartseal.cz\/sk\/wp-json\/wp\/v2\/types\/product"}],"replies":[{"embeddable":true,"href":"https:\/\/smartseal.cz\/sk\/wp-json\/wp\/v2\/comments?post=19471"}],"wp:featuredmedia":[{"embeddable":true,"href":"https:\/\/smartseal.cz\/sk\/wp-json\/wp\/v2\/media\/14048"}],"wp:attachment":[{"href":"https:\/\/smartseal.cz\/sk\/wp-json\/wp\/v2\/media?parent=19471"}],"wp:term":[{"taxonomy":"product_brand","embeddable":true,"href":"https:\/\/smartseal.cz\/sk\/wp-json\/wp\/v2\/product_brand?post=19471"},{"taxonomy":"product_cat","embeddable":true,"href":"https:\/\/smartseal.cz\/sk\/wp-json\/wp\/v2\/product_cat?post=19471"},{"taxonomy":"product_tag","embeddable":true,"href":"https:\/\/smartseal.cz\/sk\/wp-json\/wp\/v2\/product_tag?post=19471"}],"curies":[{"name":"wp","href":"https:\/\/api.w.org\/{rel}","templated":true}]}}