{"id":18888,"date":"2025-01-10T13:40:35","date_gmt":"2025-01-10T12:40:35","guid":{"rendered":"https:\/\/smartseal.cz\/sk\/?post_type=product&#038;p=18888"},"modified":"2025-07-14T10:29:26","modified_gmt":"2025-07-14T08:29:26","slug":"akumulatorove-cerpadlo-gloria","status":"publish","type":"product","link":"https:\/\/smartseal.cz\/sk\/produkt\/akumulatorove-cerpadlo-gloria\/","title":{"rendered":"Akumul\u00e1torov\u00e9 \u010derpadlo Gloria"},"content":{"rendered":"<div class=\"flex max-w-full flex-col flex-grow\">\n<div class=\"min-h-8 text-message flex w-full flex-col items-end gap-2 whitespace-normal break-words text-start [.text-message+&amp;]:mt-5\" dir=\"auto\" data-message-author-role=\"assistant\" data-message-id=\"8592fd46-2847-4a61-8300-eaa8c31f1bc1\" data-message-model-slug=\"gpt-4o\">\n<div class=\"flex w-full flex-col gap-1 empty:hidden first:pt-[3px]\">\n<div class=\"markdown prose w-full break-words dark:prose-invert light\">\n<p><strong>Zjednodu\u0161te si pr\u00e1ci s post\u0159ikova\u010dem!<\/strong><\/p>\n<p>Akumul\u00e1torov\u00e1 elektrick\u00e1 pumpa Gloria automaticky udr\u017e\u00ed rovnom\u011brnou hladinu tlaku po celou dobu post\u0159ikov\u00e1n\u00ed. To zaru\u010duje p\u0159esn\u00e9 a trval\u00e9 rozpra\u0161ov\u00e1n\u00ed. Ide\u00e1ln\u00ed pomocn\u00edk pro v\u0161echny kutily, kte\u0159\u00ed cht\u011bj\u00ed pracovat efektivn\u011b.<\/p>\n<p><strong>Vhodn\u00e1 pro<\/strong><\/p>\n<ul>\n<li>V\u0161echny plastov\u00e9 post\u0159ikova\u010de o objemu 3\u20138 litr\u016f .<\/li>\n<\/ul>\n<p><strong>Vlastnosti<\/strong><\/p>\n<ul>\n<li>Automatick\u00e9 post\u0159ikov\u00e1n\u00ed b\u011bhem cel\u00e9 doby.<\/li>\n<li>Snadn\u00e1 mont\u00e1\u017e: sta\u010d\u00ed odebrat ru\u010dn\u00ed pumpu, na\u0161roubovat akumul\u00e1torovou pumpu a je hotovo!<\/li>\n<li>Provoz na b\u011b\u017en\u00e9 baterie (8x AA)<\/li>\n<li>V\u00fdkon : A\u017e na 10 pln\u00fdch n\u00e1pln\u00ed p\u0159i pou\u017eit\u00ed bateri\u00ed<\/li>\n<\/ul>\n<p>Skv\u011bl\u00fd dopln\u011bk pro va\u0161e zahradn\u00ed i d\u00edlensk\u00e9 projekty!<\/p>\n<\/div>\n<\/div>\n<\/div>\n<\/div>\n","protected":false},"excerpt":{"rendered":"<p>Kompatibiln\u00ed se v\u0161emi 3l, 5l a 8l plastov\u00fdmi post\u0159ikova\u010di Gloria. Nap\u00e1jeno 8-mi tu\u017ekov\u00fdmi bateriemi<\/p>\n","protected":false},"featured_media":18889,"comment_status":"open","ping_status":"closed","template":"","meta":[],"product_brand":[],"product_cat":[149,22,103],"product_tag":[],"class_list":{"0":"post-18888","1":"product","2":"type-product","3":"status-publish","4":"has-post-thumbnail","6":"product_cat-tipy-na-darceky","7":"product_cat-prislusenstvo","8":"product_cat-postrekovace","10":"first","11":"instock","12":"taxable","13":"shipping-taxable","14":"purchasable","15":"product-type-simple"},"yoast_head":"<!-- This site is optimized with the Yoast SEO Premium plugin v26.8 (Yoast SEO v26.9) - https:\/\/yoast.com\/product\/yoast-seo-premium-wordpress\/ -->\n<title>Akumul\u00e1torov\u00e9 \u010derpadlo Gloria - Smartseal Slovensko<\/title>\n<meta name=\"robots\" content=\"index, follow, max-snippet:-1, max-image-preview:large, max-video-preview:-1\" \/>\n<link rel=\"canonical\" href=\"https:\/\/smartseal.cz\/sk\/produkt\/akumulatorove-cerpadlo-gloria\/\" \/>\n<meta property=\"og:locale\" content=\"sk_SK\" \/>\n<meta property=\"og:type\" content=\"article\" \/>\n<meta property=\"og:title\" content=\"Akumul\u00e1torov\u00e9 \u010derpadlo Gloria\" \/>\n<meta property=\"og:description\" content=\"Kompatibiln\u00ed se v\u0161emi 3l, 5l a 8l plastov\u00fdmi post\u0159ikova\u010di Gloria. Nap\u00e1jeno 8-mi tu\u017ekov\u00fdmi bateriemi\" \/>\n<meta property=\"og:url\" content=\"https:\/\/smartseal.cz\/sk\/produkt\/akumulatorove-cerpadlo-gloria\/\" \/>\n<meta property=\"og:site_name\" content=\"Smartseal Slovensko\" \/>\n<meta property=\"article:modified_time\" content=\"2025-07-14T08:29:26+00:00\" \/>\n<meta property=\"og:image\" content=\"https:\/\/smartseal.cz\/sk\/wp-content\/uploads\/2025\/01\/foto_aku_pumpa.png\" \/>\n\t<meta property=\"og:image:width\" content=\"800\" \/>\n\t<meta property=\"og:image:height\" content=\"800\" \/>\n\t<meta property=\"og:image:type\" content=\"image\/png\" \/>\n<meta name=\"twitter:card\" content=\"summary_large_image\" \/>\n<meta name=\"twitter:label1\" content=\"Predpokladan\u00fd \u010das \u010d\u00edtania\" \/>\n\t<meta name=\"twitter:data1\" content=\"1 min\u00fata\" \/>\n<script type=\"application\/ld+json\" class=\"yoast-schema-graph\">{\"@context\":\"https:\/\/schema.org\",\"@graph\":[{\"@type\":\"WebPage\",\"@id\":\"https:\/\/smartseal.cz\/sk\/produkt\/akumulatorove-cerpadlo-gloria\/\",\"url\":\"https:\/\/smartseal.cz\/sk\/produkt\/akumulatorove-cerpadlo-gloria\/\",\"name\":\"Akumul\u00e1torov\u00e9 \u010derpadlo Gloria - Smartseal Slovensko\",\"isPartOf\":{\"@id\":\"https:\/\/smartseal.cz\/sk\/#website\"},\"primaryImageOfPage\":{\"@id\":\"https:\/\/smartseal.cz\/sk\/produkt\/akumulatorove-cerpadlo-gloria\/#primaryimage\"},\"image\":{\"@id\":\"https:\/\/smartseal.cz\/sk\/produkt\/akumulatorove-cerpadlo-gloria\/#primaryimage\"},\"thumbnailUrl\":\"https:\/\/smartseal.cz\/sk\/wp-content\/uploads\/2025\/01\/foto_aku_pumpa.png\",\"datePublished\":\"2025-01-10T12:40:35+00:00\",\"dateModified\":\"2025-07-14T08:29:26+00:00\",\"breadcrumb\":{\"@id\":\"https:\/\/smartseal.cz\/sk\/produkt\/akumulatorove-cerpadlo-gloria\/#breadcrumb\"},\"inLanguage\":\"sk-SK\",\"potentialAction\":[{\"@type\":\"ReadAction\",\"target\":[\"https:\/\/smartseal.cz\/sk\/produkt\/akumulatorove-cerpadlo-gloria\/\"]}]},{\"@type\":\"ImageObject\",\"inLanguage\":\"sk-SK\",\"@id\":\"https:\/\/smartseal.cz\/sk\/produkt\/akumulatorove-cerpadlo-gloria\/#primaryimage\",\"url\":\"https:\/\/smartseal.cz\/sk\/wp-content\/uploads\/2025\/01\/foto_aku_pumpa.png\",\"contentUrl\":\"https:\/\/smartseal.cz\/sk\/wp-content\/uploads\/2025\/01\/foto_aku_pumpa.png\",\"width\":800,\"height\":800},{\"@type\":\"BreadcrumbList\",\"@id\":\"https:\/\/smartseal.cz\/sk\/produkt\/akumulatorove-cerpadlo-gloria\/#breadcrumb\",\"itemListElement\":[{\"@type\":\"ListItem\",\"position\":1,\"name\":\"Dom\u016f\",\"item\":\"https:\/\/smartseal.cz\/sk\/\"},{\"@type\":\"ListItem\",\"position\":2,\"name\":\"Obchod\",\"item\":\"https:\/\/smartseal.cz\/sk\/obchod\/\"},{\"@type\":\"ListItem\",\"position\":3,\"name\":\"Akumul\u00e1torov\u00e9 \u010derpadlo Gloria\"}]},{\"@type\":\"WebSite\",\"@id\":\"https:\/\/smartseal.cz\/sk\/#website\",\"url\":\"https:\/\/smartseal.cz\/sk\/\",\"name\":\"Smartseal Slovensko\",\"description\":\"Chytr\u00e9 n\u00e1tery na v\u0161etky povrchy\",\"potentialAction\":[{\"@type\":\"SearchAction\",\"target\":{\"@type\":\"EntryPoint\",\"urlTemplate\":\"https:\/\/smartseal.cz\/sk\/?s={search_term_string}\"},\"query-input\":{\"@type\":\"PropertyValueSpecification\",\"valueRequired\":true,\"valueName\":\"search_term_string\"}}],\"inLanguage\":\"sk-SK\"}]}<\/script>\n<!-- \/ Yoast SEO Premium plugin. -->","yoast_head_json":{"title":"Akumul\u00e1torov\u00e9 \u010derpadlo Gloria - Smartseal Slovensko","robots":{"index":"index","follow":"follow","max-snippet":"max-snippet:-1","max-image-preview":"max-image-preview:large","max-video-preview":"max-video-preview:-1"},"canonical":"https:\/\/smartseal.cz\/sk\/produkt\/akumulatorove-cerpadlo-gloria\/","og_locale":"sk_SK","og_type":"article","og_title":"Akumul\u00e1torov\u00e9 \u010derpadlo Gloria","og_description":"Kompatibiln\u00ed se v\u0161emi 3l, 5l a 8l plastov\u00fdmi post\u0159ikova\u010di Gloria. Nap\u00e1jeno 8-mi tu\u017ekov\u00fdmi bateriemi","og_url":"https:\/\/smartseal.cz\/sk\/produkt\/akumulatorove-cerpadlo-gloria\/","og_site_name":"Smartseal Slovensko","article_modified_time":"2025-07-14T08:29:26+00:00","og_image":[{"width":800,"height":800,"url":"https:\/\/smartseal.cz\/sk\/wp-content\/uploads\/2025\/01\/foto_aku_pumpa.png","type":"image\/png"}],"twitter_card":"summary_large_image","twitter_misc":{"Predpokladan\u00fd \u010das \u010d\u00edtania":"1 min\u00fata"},"schema":{"@context":"https:\/\/schema.org","@graph":[{"@type":"WebPage","@id":"https:\/\/smartseal.cz\/sk\/produkt\/akumulatorove-cerpadlo-gloria\/","url":"https:\/\/smartseal.cz\/sk\/produkt\/akumulatorove-cerpadlo-gloria\/","name":"Akumul\u00e1torov\u00e9 \u010derpadlo Gloria - Smartseal Slovensko","isPartOf":{"@id":"https:\/\/smartseal.cz\/sk\/#website"},"primaryImageOfPage":{"@id":"https:\/\/smartseal.cz\/sk\/produkt\/akumulatorove-cerpadlo-gloria\/#primaryimage"},"image":{"@id":"https:\/\/smartseal.cz\/sk\/produkt\/akumulatorove-cerpadlo-gloria\/#primaryimage"},"thumbnailUrl":"https:\/\/smartseal.cz\/sk\/wp-content\/uploads\/2025\/01\/foto_aku_pumpa.png","datePublished":"2025-01-10T12:40:35+00:00","dateModified":"2025-07-14T08:29:26+00:00","breadcrumb":{"@id":"https:\/\/smartseal.cz\/sk\/produkt\/akumulatorove-cerpadlo-gloria\/#breadcrumb"},"inLanguage":"sk-SK","potentialAction":[{"@type":"ReadAction","target":["https:\/\/smartseal.cz\/sk\/produkt\/akumulatorove-cerpadlo-gloria\/"]}]},{"@type":"ImageObject","inLanguage":"sk-SK","@id":"https:\/\/smartseal.cz\/sk\/produkt\/akumulatorove-cerpadlo-gloria\/#primaryimage","url":"https:\/\/smartseal.cz\/sk\/wp-content\/uploads\/2025\/01\/foto_aku_pumpa.png","contentUrl":"https:\/\/smartseal.cz\/sk\/wp-content\/uploads\/2025\/01\/foto_aku_pumpa.png","width":800,"height":800},{"@type":"BreadcrumbList","@id":"https:\/\/smartseal.cz\/sk\/produkt\/akumulatorove-cerpadlo-gloria\/#breadcrumb","itemListElement":[{"@type":"ListItem","position":1,"name":"Dom\u016f","item":"https:\/\/smartseal.cz\/sk\/"},{"@type":"ListItem","position":2,"name":"Obchod","item":"https:\/\/smartseal.cz\/sk\/obchod\/"},{"@type":"ListItem","position":3,"name":"Akumul\u00e1torov\u00e9 \u010derpadlo Gloria"}]},{"@type":"WebSite","@id":"https:\/\/smartseal.cz\/sk\/#website","url":"https:\/\/smartseal.cz\/sk\/","name":"Smartseal Slovensko","description":"Chytr\u00e9 n\u00e1tery na v\u0161etky povrchy","potentialAction":[{"@type":"SearchAction","target":{"@type":"EntryPoint","urlTemplate":"https:\/\/smartseal.cz\/sk\/?s={search_term_string}"},"query-input":{"@type":"PropertyValueSpecification","valueRequired":true,"valueName":"search_term_string"}}],"inLanguage":"sk-SK"}]}},"_links":{"self":[{"href":"https:\/\/smartseal.cz\/sk\/wp-json\/wp\/v2\/product\/18888","targetHints":{"allow":["GET"]}}],"collection":[{"href":"https:\/\/smartseal.cz\/sk\/wp-json\/wp\/v2\/product"}],"about":[{"href":"https:\/\/smartseal.cz\/sk\/wp-json\/wp\/v2\/types\/product"}],"replies":[{"embeddable":true,"href":"https:\/\/smartseal.cz\/sk\/wp-json\/wp\/v2\/comments?post=18888"}],"wp:featuredmedia":[{"embeddable":true,"href":"https:\/\/smartseal.cz\/sk\/wp-json\/wp\/v2\/media\/18889"}],"wp:attachment":[{"href":"https:\/\/smartseal.cz\/sk\/wp-json\/wp\/v2\/media?parent=18888"}],"wp:term":[{"taxonomy":"product_brand","embeddable":true,"href":"https:\/\/smartseal.cz\/sk\/wp-json\/wp\/v2\/product_brand?post=18888"},{"taxonomy":"product_cat","embeddable":true,"href":"https:\/\/smartseal.cz\/sk\/wp-json\/wp\/v2\/product_cat?post=18888"},{"taxonomy":"product_tag","embeddable":true,"href":"https:\/\/smartseal.cz\/sk\/wp-json\/wp\/v2\/product_tag?post=18888"}],"curies":[{"name":"wp","href":"https:\/\/api.w.org\/{rel}","templated":true}]}}