{"id":18855,"date":"2024-12-12T11:07:42","date_gmt":"2024-12-12T10:07:42","guid":{"rendered":"https:\/\/smartseal.cz\/sk\/?post_type=product&#038;p=18855"},"modified":"2025-06-26T13:51:15","modified_gmt":"2025-06-26T11:51:15","slug":"baterie-bosch-2-5-ah","status":"publish","type":"product","link":"https:\/\/smartseal.cz\/sk\/produkt\/baterie-bosch-2-5-ah\/","title":{"rendered":"Baterie Bosch 2.5 Ah"},"content":{"rendered":"<p>POWER FOR ALL baterie BOSCH PBA 18V \/ 2.5 Ah, vhodn\u00e1 pro v\u0161echny p\u0159\u00edstroje GLORIA nap\u00e1jen\u00e9 18 V akumul\u00e1tory BOSCH, stejn\u011b jako pro v\u0161echna ostatn\u00ed za\u0159\u00edzen\u00ed BOSCH 18V pro dom\u00e1cnost a zahradu.<\/p>\n","protected":false},"excerpt":{"rendered":"<p>Lithium-iontov\u00e1 baterie BOSCH 18 V \/ 2.5 Ah vhodn\u00e1 pro akumul\u00e1torov\u00fd kompresor a MultiJet<\/p>\n","protected":false},"featured_media":18857,"comment_status":"open","ping_status":"closed","template":"","meta":[],"product_brand":[],"product_cat":[22],"product_tag":[],"class_list":{"0":"post-18855","1":"product","2":"type-product","3":"status-publish","4":"has-post-thumbnail","6":"product_cat-prislusenstvo","8":"first","9":"instock","10":"taxable","11":"shipping-taxable","12":"purchasable","13":"product-type-simple"},"yoast_head":"<!-- This site is optimized with the Yoast SEO Premium plugin v26.8 (Yoast SEO v26.9) - https:\/\/yoast.com\/product\/yoast-seo-premium-wordpress\/ -->\n<title>Baterie Bosch 2.5 Ah - Smartseal Slovensko<\/title>\n<meta name=\"description\" content=\"Nab\u00edjec\u00ed baterie Bosch PBA 18V\/2.5 Ah kompatibiln\u00ed s akumul\u00e1torov\u00fdm kompresorem Gloria a MultiJet.\" \/>\n<meta name=\"robots\" content=\"index, follow, max-snippet:-1, max-image-preview:large, max-video-preview:-1\" \/>\n<link rel=\"canonical\" href=\"https:\/\/smartseal.cz\/sk\/produkt\/baterie-bosch-2-5-ah\/\" \/>\n<meta property=\"og:locale\" content=\"sk_SK\" \/>\n<meta property=\"og:type\" content=\"article\" \/>\n<meta property=\"og:title\" content=\"Baterie Bosch 2.5 Ah\" \/>\n<meta property=\"og:description\" content=\"Nab\u00edjec\u00ed baterie Bosch PBA 18V\/2.5 Ah kompatibiln\u00ed s akumul\u00e1torov\u00fdm kompresorem Gloria a MultiJet.\" \/>\n<meta property=\"og:url\" content=\"https:\/\/smartseal.cz\/sk\/produkt\/baterie-bosch-2-5-ah\/\" \/>\n<meta property=\"og:site_name\" content=\"Smartseal Slovensko\" \/>\n<meta property=\"article:modified_time\" content=\"2025-06-26T11:51:15+00:00\" \/>\n<meta property=\"og:image\" content=\"https:\/\/smartseal.cz\/sk\/wp-content\/uploads\/2024\/12\/storage-image_jpeg-20201018102318-8200-csm-gloria-bosch-2-5ah-akku-composing-b1d1a1b183.jpg\" \/>\n\t<meta property=\"og:image:width\" content=\"1252\" \/>\n\t<meta property=\"og:image:height\" content=\"835\" \/>\n\t<meta property=\"og:image:type\" content=\"image\/jpeg\" \/>\n<meta name=\"twitter:card\" content=\"summary_large_image\" \/>\n<meta name=\"twitter:label1\" content=\"Predpokladan\u00fd \u010das \u010d\u00edtania\" \/>\n\t<meta name=\"twitter:data1\" content=\"1 min\u00fata\" \/>\n<script type=\"application\/ld+json\" class=\"yoast-schema-graph\">{\"@context\":\"https:\/\/schema.org\",\"@graph\":[{\"@type\":\"WebPage\",\"@id\":\"https:\/\/smartseal.cz\/sk\/produkt\/baterie-bosch-2-5-ah\/\",\"url\":\"https:\/\/smartseal.cz\/sk\/produkt\/baterie-bosch-2-5-ah\/\",\"name\":\"Baterie Bosch 2.5 Ah - Smartseal Slovensko\",\"isPartOf\":{\"@id\":\"https:\/\/smartseal.cz\/sk\/#website\"},\"primaryImageOfPage\":{\"@id\":\"https:\/\/smartseal.cz\/sk\/produkt\/baterie-bosch-2-5-ah\/#primaryimage\"},\"image\":{\"@id\":\"https:\/\/smartseal.cz\/sk\/produkt\/baterie-bosch-2-5-ah\/#primaryimage\"},\"thumbnailUrl\":\"https:\/\/smartseal.cz\/sk\/wp-content\/uploads\/2024\/12\/storage-image_jpeg-20201018102318-8200-csm-gloria-bosch-2-5ah-akku-composing-b1d1a1b183.jpg\",\"datePublished\":\"2024-12-12T10:07:42+00:00\",\"dateModified\":\"2025-06-26T11:51:15+00:00\",\"description\":\"Nab\u00edjec\u00ed baterie Bosch PBA 18V\/2.5 Ah kompatibiln\u00ed s akumul\u00e1torov\u00fdm kompresorem Gloria a MultiJet.\",\"breadcrumb\":{\"@id\":\"https:\/\/smartseal.cz\/sk\/produkt\/baterie-bosch-2-5-ah\/#breadcrumb\"},\"inLanguage\":\"sk-SK\",\"potentialAction\":[{\"@type\":\"ReadAction\",\"target\":[\"https:\/\/smartseal.cz\/sk\/produkt\/baterie-bosch-2-5-ah\/\"]}]},{\"@type\":\"ImageObject\",\"inLanguage\":\"sk-SK\",\"@id\":\"https:\/\/smartseal.cz\/sk\/produkt\/baterie-bosch-2-5-ah\/#primaryimage\",\"url\":\"https:\/\/smartseal.cz\/sk\/wp-content\/uploads\/2024\/12\/storage-image_jpeg-20201018102318-8200-csm-gloria-bosch-2-5ah-akku-composing-b1d1a1b183.jpg\",\"contentUrl\":\"https:\/\/smartseal.cz\/sk\/wp-content\/uploads\/2024\/12\/storage-image_jpeg-20201018102318-8200-csm-gloria-bosch-2-5ah-akku-composing-b1d1a1b183.jpg\",\"width\":1252,\"height\":835},{\"@type\":\"BreadcrumbList\",\"@id\":\"https:\/\/smartseal.cz\/sk\/produkt\/baterie-bosch-2-5-ah\/#breadcrumb\",\"itemListElement\":[{\"@type\":\"ListItem\",\"position\":1,\"name\":\"Dom\u016f\",\"item\":\"https:\/\/smartseal.cz\/sk\/\"},{\"@type\":\"ListItem\",\"position\":2,\"name\":\"Obchod\",\"item\":\"https:\/\/smartseal.cz\/sk\/obchod\/\"},{\"@type\":\"ListItem\",\"position\":3,\"name\":\"Baterie Bosch 2.5 Ah\"}]},{\"@type\":\"WebSite\",\"@id\":\"https:\/\/smartseal.cz\/sk\/#website\",\"url\":\"https:\/\/smartseal.cz\/sk\/\",\"name\":\"Smartseal Slovensko\",\"description\":\"Chytr\u00e9 n\u00e1tery na v\u0161etky povrchy\",\"potentialAction\":[{\"@type\":\"SearchAction\",\"target\":{\"@type\":\"EntryPoint\",\"urlTemplate\":\"https:\/\/smartseal.cz\/sk\/?s={search_term_string}\"},\"query-input\":{\"@type\":\"PropertyValueSpecification\",\"valueRequired\":true,\"valueName\":\"search_term_string\"}}],\"inLanguage\":\"sk-SK\"}]}<\/script>\n<!-- \/ Yoast SEO Premium plugin. -->","yoast_head_json":{"title":"Baterie Bosch 2.5 Ah - Smartseal Slovensko","description":"Nab\u00edjec\u00ed baterie Bosch PBA 18V\/2.5 Ah kompatibiln\u00ed s akumul\u00e1torov\u00fdm kompresorem Gloria a MultiJet.","robots":{"index":"index","follow":"follow","max-snippet":"max-snippet:-1","max-image-preview":"max-image-preview:large","max-video-preview":"max-video-preview:-1"},"canonical":"https:\/\/smartseal.cz\/sk\/produkt\/baterie-bosch-2-5-ah\/","og_locale":"sk_SK","og_type":"article","og_title":"Baterie Bosch 2.5 Ah","og_description":"Nab\u00edjec\u00ed baterie Bosch PBA 18V\/2.5 Ah kompatibiln\u00ed s akumul\u00e1torov\u00fdm kompresorem Gloria a MultiJet.","og_url":"https:\/\/smartseal.cz\/sk\/produkt\/baterie-bosch-2-5-ah\/","og_site_name":"Smartseal Slovensko","article_modified_time":"2025-06-26T11:51:15+00:00","og_image":[{"width":1252,"height":835,"url":"https:\/\/smartseal.cz\/sk\/wp-content\/uploads\/2024\/12\/storage-image_jpeg-20201018102318-8200-csm-gloria-bosch-2-5ah-akku-composing-b1d1a1b183.jpg","type":"image\/jpeg"}],"twitter_card":"summary_large_image","twitter_misc":{"Predpokladan\u00fd \u010das \u010d\u00edtania":"1 min\u00fata"},"schema":{"@context":"https:\/\/schema.org","@graph":[{"@type":"WebPage","@id":"https:\/\/smartseal.cz\/sk\/produkt\/baterie-bosch-2-5-ah\/","url":"https:\/\/smartseal.cz\/sk\/produkt\/baterie-bosch-2-5-ah\/","name":"Baterie Bosch 2.5 Ah - Smartseal Slovensko","isPartOf":{"@id":"https:\/\/smartseal.cz\/sk\/#website"},"primaryImageOfPage":{"@id":"https:\/\/smartseal.cz\/sk\/produkt\/baterie-bosch-2-5-ah\/#primaryimage"},"image":{"@id":"https:\/\/smartseal.cz\/sk\/produkt\/baterie-bosch-2-5-ah\/#primaryimage"},"thumbnailUrl":"https:\/\/smartseal.cz\/sk\/wp-content\/uploads\/2024\/12\/storage-image_jpeg-20201018102318-8200-csm-gloria-bosch-2-5ah-akku-composing-b1d1a1b183.jpg","datePublished":"2024-12-12T10:07:42+00:00","dateModified":"2025-06-26T11:51:15+00:00","description":"Nab\u00edjec\u00ed baterie Bosch PBA 18V\/2.5 Ah kompatibiln\u00ed s akumul\u00e1torov\u00fdm kompresorem Gloria a MultiJet.","breadcrumb":{"@id":"https:\/\/smartseal.cz\/sk\/produkt\/baterie-bosch-2-5-ah\/#breadcrumb"},"inLanguage":"sk-SK","potentialAction":[{"@type":"ReadAction","target":["https:\/\/smartseal.cz\/sk\/produkt\/baterie-bosch-2-5-ah\/"]}]},{"@type":"ImageObject","inLanguage":"sk-SK","@id":"https:\/\/smartseal.cz\/sk\/produkt\/baterie-bosch-2-5-ah\/#primaryimage","url":"https:\/\/smartseal.cz\/sk\/wp-content\/uploads\/2024\/12\/storage-image_jpeg-20201018102318-8200-csm-gloria-bosch-2-5ah-akku-composing-b1d1a1b183.jpg","contentUrl":"https:\/\/smartseal.cz\/sk\/wp-content\/uploads\/2024\/12\/storage-image_jpeg-20201018102318-8200-csm-gloria-bosch-2-5ah-akku-composing-b1d1a1b183.jpg","width":1252,"height":835},{"@type":"BreadcrumbList","@id":"https:\/\/smartseal.cz\/sk\/produkt\/baterie-bosch-2-5-ah\/#breadcrumb","itemListElement":[{"@type":"ListItem","position":1,"name":"Dom\u016f","item":"https:\/\/smartseal.cz\/sk\/"},{"@type":"ListItem","position":2,"name":"Obchod","item":"https:\/\/smartseal.cz\/sk\/obchod\/"},{"@type":"ListItem","position":3,"name":"Baterie Bosch 2.5 Ah"}]},{"@type":"WebSite","@id":"https:\/\/smartseal.cz\/sk\/#website","url":"https:\/\/smartseal.cz\/sk\/","name":"Smartseal Slovensko","description":"Chytr\u00e9 n\u00e1tery na v\u0161etky povrchy","potentialAction":[{"@type":"SearchAction","target":{"@type":"EntryPoint","urlTemplate":"https:\/\/smartseal.cz\/sk\/?s={search_term_string}"},"query-input":{"@type":"PropertyValueSpecification","valueRequired":true,"valueName":"search_term_string"}}],"inLanguage":"sk-SK"}]}},"_links":{"self":[{"href":"https:\/\/smartseal.cz\/sk\/wp-json\/wp\/v2\/product\/18855","targetHints":{"allow":["GET"]}}],"collection":[{"href":"https:\/\/smartseal.cz\/sk\/wp-json\/wp\/v2\/product"}],"about":[{"href":"https:\/\/smartseal.cz\/sk\/wp-json\/wp\/v2\/types\/product"}],"replies":[{"embeddable":true,"href":"https:\/\/smartseal.cz\/sk\/wp-json\/wp\/v2\/comments?post=18855"}],"wp:featuredmedia":[{"embeddable":true,"href":"https:\/\/smartseal.cz\/sk\/wp-json\/wp\/v2\/media\/18857"}],"wp:attachment":[{"href":"https:\/\/smartseal.cz\/sk\/wp-json\/wp\/v2\/media?parent=18855"}],"wp:term":[{"taxonomy":"product_brand","embeddable":true,"href":"https:\/\/smartseal.cz\/sk\/wp-json\/wp\/v2\/product_brand?post=18855"},{"taxonomy":"product_cat","embeddable":true,"href":"https:\/\/smartseal.cz\/sk\/wp-json\/wp\/v2\/product_cat?post=18855"},{"taxonomy":"product_tag","embeddable":true,"href":"https:\/\/smartseal.cz\/sk\/wp-json\/wp\/v2\/product_tag?post=18855"}],"curies":[{"name":"wp","href":"https:\/\/api.w.org\/{rel}","templated":true}]}}