{"id":18361,"date":"2024-10-08T15:18:10","date_gmt":"2024-10-08T13:18:10","guid":{"rendered":"https:\/\/smartseal.cz\/sk\/?post_type=product&#038;p=18361"},"modified":"2026-02-02T07:24:32","modified_gmt":"2026-02-02T06:24:32","slug":"impregnacia-skar-a-dlazby","status":"publish","type":"product","link":"https:\/\/smartseal.cz\/sk\/produkt\/impregnacia-skar-a-dlazby\/","title":{"rendered":"Impregn\u00e1cia \u0161k\u00e1r a dla\u017eby"},"content":{"rendered":"<h2>R\u00fdchla ochrana \u0161k\u00e1r a dla\u017eby<\/h2>\n<p>Impregn\u00e1cia \u0161k\u00e1r a dla\u017eby chr\u00e1ni povrch pred prenikan\u00edm ne\u010dist\u00f4t a olejov\u00fdch \u0161kv\u0155n. Vytv\u00e1ra vodotesn\u00fa bari\u00e9ru a z\u00e1rove\u0148 umo\u017e\u0148uje povrchu d\u00fdcha\u0165. Aplik\u00e1cia postrekom je ve\u013emi jednoduch\u00e1 a r\u00fdchla. Z\u00e1rove\u0148 sa dosiahne rovnomern\u00e1 aplik\u00e1cia. V\u010faka siln\u00e9mu zlo\u017eeniu je v\u00fdrobok vhodn\u00fd do interi\u00e9ru aj exteri\u00e9ru<\/p>\n<p>Impregn\u00e1cia je vhodn\u00e1 na kamenn\u00e9 obklady, mramor, sklo, porcel\u00e1n, keramick\u00e9 obklady a \u0161k\u00e1ry.<\/p>\n<p><strong>VLASTNOSTI PRODUKTU<\/strong><\/p>\n<ul>\n<li>Jednoduch\u00e1 aplik\u00e1cia pomocou spreja<\/li>\n<li>Pr\u00edpravok sa m\u00f4\u017ee pou\u017ei\u0165 ihne\u010f po \u0161k\u00e1rovan\u00ed dla\u017eby<\/li>\n<li>Ve\u013emi r\u00fdchlo schne a okam\u017eite chr\u00e1ni povrch pred \u0161kvrnami<\/li>\n<li>Nemen\u00ed vzh\u013ead povrchu<\/li>\n<li>Vhodn\u00fd na \u0161k\u00e1ry, steny a podlahy v k\u00fape\u013eniach alebo kuchyniach<\/li>\n<li>Ochrana povrchu a\u017e na 20 rokov<\/li>\n<li>Na pou\u017eitie v interi\u00e9ri aj exteri\u00e9ri<\/li>\n<\/ul>\n<h3>Technick\u00fd popis Impregn\u00e1cia \u0161k\u00e1r a obkladov<\/h3>\n<p><strong>Dostupn\u00e9 ve\u013ekosti<\/strong><\/p>\n<ul>\n<li>Sprej 600 ml<\/li>\n<\/ul>\n<p><strong>Odpor\u00fa\u010dan\u00e1 spotreba<\/strong><\/p>\n<ul>\n<li>A\u017e 15 m2 na plechovku. Z\u00e1vis\u00ed na p\u00f3rovitosti povrchu.<\/li>\n<\/ul>\n<p><strong>Aplikace<\/strong><\/p>\n<div>\n<ol>\n<li>P\u0159ed aplikac\u00ed zajist\u011bte dobr\u00e9 v\u011btr\u00e1n\u00ed a pou\u017e\u00edvejte osobn\u00ed ochrann\u00e9 prost\u0159edky, v\u010detn\u011b rukavic a ochrany o\u010d\u00ed; doporu\u010duje se tak\u00e9 respir\u00e1tor FFP3.<\/li>\n<li>Ujist\u011bte se, \u017ee povrch je d\u016fkladn\u011b \u010dist\u00fd a zbaven\u00fd jak\u00fdchkoli n\u00e1t\u011br\u016f.<\/li>\n<li>N\u00e1dobu d\u016fkladn\u011b prot\u0159epejte a st\u0159\u00edkejte ze vzd\u00e1lenosti 25\u201340 cm od povrchu. Produkt nan\u00e1\u0161ejte rovnom\u011brn\u011b a p\u0159ebytek set\u0159ete, zejm\u00e9na pokud nan\u00e1\u0161\u00edte na svisl\u00e9 plochy.<\/li>\n<li>Nechte zaschnout 1\u20132 hodiny a pot\u00e9 prove\u010fte test kapkami vody. Pokud se kapky vs\u00e1knou do 5 minut, m\u016f\u017ee b\u00fdt nutn\u00e9 nan\u00e9st druhou nebo t\u0159et\u00ed vrstvu pro dosa\u017een\u00ed po\u017eadovan\u00e9ho efektu.<\/li>\n<\/ol>\n<h3>N\u00e1vod na pou\u017eit\u00ed Impregnace na sp\u00e1ry i dla\u017ebu<\/h3>\n<p><a href=\"https:\/\/smartseal.cz\/sk\/wp-content\/uploads\/sites\/2\/2024\/10\/navod_impr_spary_dlazba.pdf\">N\u00e1vod ke sta\u017een\u00ed v PDF<\/a><\/p>\n<p><strong>UPOZORN\u011aN\u00cd<\/strong><\/p>\n<p>Ochra\u0148te povrchy, kter\u00e9 nemaj\u00ed b\u00fdt naipregnov\u00e1ny. Impregnaci nenan\u00e1\u0161ejte na akrylov\u00e9 nebo d\u0159ev\u011bn\u00e9 povrchy, jako jsou sk\u0159\u00edn\u011b, nebo\u0165 by mohlo doj\u00edt ke zm\u011bn\u011b barvy.<\/p>\n<p><strong>O\u010dek\u00e1van\u00e1 \u017eivotnost a\u017e 20 let<\/strong><\/p>\n<p>\u017divotnost se m\u016f\u017ee li\u0161it v z\u00e1vislosti na typu povrchu, opot\u0159eben\u00ed a spr\u00e1vn\u00e9 \u00fadr\u017eb\u011b. V\u017edy testujte produkt na nen\u00e1padn\u00e9m m\u00edst\u011b, abyste ov\u011b\u0159ili jeho vhodnost pro zam\u00fd\u0161len\u00e9 pou\u017eit\u00ed. Zodpov\u011bdnost za vhodnost pro konkr\u00e9tn\u00ed \u00fa\u010del nese u\u017eivatel.<\/p>\n<p><strong>Zdrav\u00ed a bezpe\u010dnost<\/strong><\/p>\n<p>Extr\u00e9mn\u011b ho\u0159lav\u00fd aerosol. N\u00e1doba je pod tlakem: p\u0159i zah\u0159\u00edv\u00e1n\u00ed m\u016f\u017ee prasknout. Zp\u016fsobuje podr\u00e1\u017ed\u011bn\u00ed k\u016f\u017ee. M\u016f\u017ee vyvolat ospalost nebo z\u00e1vrat\u011b. Toxick\u00fd pro vodn\u00ed organismy, s dlouhodob\u00fdmi \u00fa\u010dinky.<\/p>\n<p>Uchov\u00e1vejte mimo dosah d\u011bt\u00ed. Uchov\u00e1vejte mimo teplo, hork\u00e9 povrchy, jiskry, otev\u0159en\u00fd ohe\u0148 a jin\u00e9 zdroje zap\u00e1len\u00ed. KOU\u0158EN\u00cd ZAK\u00c1Z\u00c1NO. Nest\u0159\u00edkejte do otev\u0159en\u00e9ho ohn\u011b nebo jin\u00fdch zdroj\u016f zap\u00e1len\u00ed. Nepropichujte ani nespalujte, ani po pou\u017eit\u00ed. Vyvarujte se vdechov\u00e1n\u00ed v\u00fdpar\u016f\/aerosol\u016f. Pou\u017e\u00edvejte pouze venku nebo v dob\u0159e v\u011btran\u00fdch prostor\u00e1ch.<\/p>\n<p>Podle pot\u0159eby pou\u017e\u00edvejte osobn\u00ed ochrann\u00e9 prost\u0159edky. Nec\u00edt\u00edte-li se dob\u0159e, vyhledejte l\u00e9ka\u0159skou pomoc\/o\u0161et\u0159en\u00ed. Chra\u0148te p\u0159ed slune\u010dn\u00edm z\u00e1\u0159en\u00edm. Nevystavujte teplot\u00e1m p\u0159esahuj\u00edc\u00edm 50\u00b0C. Likvidujte obsah\/n\u00e1dobu v souladu s n\u00e1rodn\u00edmi p\u0159edpisy.<\/p>\n<p>&nbsp;<\/p>\n<\/div>\n","protected":false},"excerpt":{"rendered":"<p>Impregn\u00e1cia na \u0161k\u00e1ry a dla\u017ebu, ktor\u00e1 prenik\u00e1 hlboko do povrchu. Chr\u00e1ni pred nevzh\u013eadnou \u0161pinou v k\u00fape\u013eni a kuchyni. F\u013ea\u0161a s objemom 600 ml.<\/p>\n","protected":false},"featured_media":18364,"comment_status":"open","ping_status":"closed","template":"","meta":[],"product_brand":[],"product_cat":[175,174,60,24,99,100],"product_tag":[],"class_list":{"0":"post-18361","1":"product","2":"type-product","3":"status-publish","4":"has-post-thumbnail","6":"product_cat-impregnacia-a-ochranne-natery","7":"product_cat-zimna-udrzba","8":"product_cat-dlazba","9":"product_cat-impregnacia-ochranne-natery","10":"product_cat-impregnacia-v-interieri","11":"product_cat-interiery","13":"first","14":"instock","15":"taxable","16":"shipping-taxable","17":"purchasable","18":"product-type-simple"},"yoast_head":"<!-- This site is optimized with the Yoast SEO Premium plugin v26.8 (Yoast SEO v26.9) - https:\/\/yoast.com\/product\/yoast-seo-premium-wordpress\/ -->\n<title>Impregn\u00e1cia \u0161k\u00e1r a dla\u017eby, 600ml - Smartseal Slovensko<\/title>\n<meta name=\"description\" content=\"\u00da\u010dinn\u00e1 impregn\u00e1cia na \u0161k\u00e1ry a obklady, ktor\u00e1 chr\u00e1ni povrchy v k\u00fape\u013eni a kuchyni. Ve\u013emi r\u00fdchla a jednoduch\u00e1 aplik\u00e1cia. Ochrana a\u017e 20 rokov.\" \/>\n<meta name=\"robots\" content=\"index, follow, max-snippet:-1, max-image-preview:large, max-video-preview:-1\" \/>\n<link rel=\"canonical\" href=\"https:\/\/smartseal.cz\/sk\/produkt\/impregnacia-skar-a-dlazby\/\" \/>\n<meta property=\"og:locale\" content=\"sk_SK\" \/>\n<meta property=\"og:type\" content=\"article\" \/>\n<meta property=\"og:title\" content=\"Impregn\u00e1cia \u0161k\u00e1r a dla\u017eby\" \/>\n<meta property=\"og:description\" content=\"\u00da\u010dinn\u00e1 impregn\u00e1cia na \u0161k\u00e1ry a obklady, ktor\u00e1 chr\u00e1ni povrchy v k\u00fape\u013eni a kuchyni. Ve\u013emi r\u00fdchla a jednoduch\u00e1 aplik\u00e1cia. Ochrana a\u017e 20 rokov.\" \/>\n<meta property=\"og:url\" content=\"https:\/\/smartseal.cz\/sk\/produkt\/impregnacia-skar-a-dlazby\/\" \/>\n<meta property=\"og:site_name\" content=\"Smartseal Slovensko\" \/>\n<meta property=\"article:modified_time\" content=\"2026-02-02T06:24:32+00:00\" \/>\n<meta property=\"og:image\" content=\"https:\/\/smartseal.cz\/sk\/wp-content\/uploads\/2024\/10\/grout-and-tile-aerosol-sealer.png\" \/>\n\t<meta property=\"og:image:width\" content=\"800\" \/>\n\t<meta property=\"og:image:height\" content=\"800\" \/>\n\t<meta property=\"og:image:type\" content=\"image\/png\" \/>\n<meta name=\"twitter:card\" content=\"summary_large_image\" \/>\n<meta name=\"twitter:label1\" content=\"Predpokladan\u00fd \u010das \u010d\u00edtania\" \/>\n\t<meta name=\"twitter:data1\" content=\"3 min\u00faty\" \/>\n<script type=\"application\/ld+json\" class=\"yoast-schema-graph\">{\"@context\":\"https:\/\/schema.org\",\"@graph\":[{\"@type\":\"WebPage\",\"@id\":\"https:\/\/smartseal.cz\/sk\/produkt\/impregnacia-skar-a-dlazby\/\",\"url\":\"https:\/\/smartseal.cz\/sk\/produkt\/impregnacia-skar-a-dlazby\/\",\"name\":\"Impregn\u00e1cia \u0161k\u00e1r a dla\u017eby, 600ml - Smartseal Slovensko\",\"isPartOf\":{\"@id\":\"https:\/\/smartseal.cz\/sk\/#website\"},\"primaryImageOfPage\":{\"@id\":\"https:\/\/smartseal.cz\/sk\/produkt\/impregnacia-skar-a-dlazby\/#primaryimage\"},\"image\":{\"@id\":\"https:\/\/smartseal.cz\/sk\/produkt\/impregnacia-skar-a-dlazby\/#primaryimage\"},\"thumbnailUrl\":\"https:\/\/smartseal.cz\/sk\/wp-content\/uploads\/2024\/10\/grout-and-tile-aerosol-sealer.png\",\"datePublished\":\"2024-10-08T13:18:10+00:00\",\"dateModified\":\"2026-02-02T06:24:32+00:00\",\"description\":\"\u00da\u010dinn\u00e1 impregn\u00e1cia na \u0161k\u00e1ry a obklady, ktor\u00e1 chr\u00e1ni povrchy v k\u00fape\u013eni a kuchyni. Ve\u013emi r\u00fdchla a jednoduch\u00e1 aplik\u00e1cia. Ochrana a\u017e 20 rokov.\",\"breadcrumb\":{\"@id\":\"https:\/\/smartseal.cz\/sk\/produkt\/impregnacia-skar-a-dlazby\/#breadcrumb\"},\"inLanguage\":\"sk-SK\",\"potentialAction\":[{\"@type\":\"ReadAction\",\"target\":[\"https:\/\/smartseal.cz\/sk\/produkt\/impregnacia-skar-a-dlazby\/\"]}]},{\"@type\":\"ImageObject\",\"inLanguage\":\"sk-SK\",\"@id\":\"https:\/\/smartseal.cz\/sk\/produkt\/impregnacia-skar-a-dlazby\/#primaryimage\",\"url\":\"https:\/\/smartseal.cz\/sk\/wp-content\/uploads\/2024\/10\/grout-and-tile-aerosol-sealer.png\",\"contentUrl\":\"https:\/\/smartseal.cz\/sk\/wp-content\/uploads\/2024\/10\/grout-and-tile-aerosol-sealer.png\",\"width\":800,\"height\":800},{\"@type\":\"BreadcrumbList\",\"@id\":\"https:\/\/smartseal.cz\/sk\/produkt\/impregnacia-skar-a-dlazby\/#breadcrumb\",\"itemListElement\":[{\"@type\":\"ListItem\",\"position\":1,\"name\":\"Dom\u016f\",\"item\":\"https:\/\/smartseal.cz\/sk\/\"},{\"@type\":\"ListItem\",\"position\":2,\"name\":\"Obchod\",\"item\":\"https:\/\/smartseal.cz\/sk\/obchod\/\"},{\"@type\":\"ListItem\",\"position\":3,\"name\":\"Impregn\u00e1cia \u0161k\u00e1r a dla\u017eby\"}]},{\"@type\":\"WebSite\",\"@id\":\"https:\/\/smartseal.cz\/sk\/#website\",\"url\":\"https:\/\/smartseal.cz\/sk\/\",\"name\":\"Smartseal Slovensko\",\"description\":\"Chytr\u00e9 n\u00e1tery na v\u0161etky povrchy\",\"potentialAction\":[{\"@type\":\"SearchAction\",\"target\":{\"@type\":\"EntryPoint\",\"urlTemplate\":\"https:\/\/smartseal.cz\/sk\/?s={search_term_string}\"},\"query-input\":{\"@type\":\"PropertyValueSpecification\",\"valueRequired\":true,\"valueName\":\"search_term_string\"}}],\"inLanguage\":\"sk-SK\"}]}<\/script>\n<!-- \/ Yoast SEO Premium plugin. -->","yoast_head_json":{"title":"Impregn\u00e1cia \u0161k\u00e1r a dla\u017eby, 600ml - Smartseal Slovensko","description":"\u00da\u010dinn\u00e1 impregn\u00e1cia na \u0161k\u00e1ry a obklady, ktor\u00e1 chr\u00e1ni povrchy v k\u00fape\u013eni a kuchyni. Ve\u013emi r\u00fdchla a jednoduch\u00e1 aplik\u00e1cia. Ochrana a\u017e 20 rokov.","robots":{"index":"index","follow":"follow","max-snippet":"max-snippet:-1","max-image-preview":"max-image-preview:large","max-video-preview":"max-video-preview:-1"},"canonical":"https:\/\/smartseal.cz\/sk\/produkt\/impregnacia-skar-a-dlazby\/","og_locale":"sk_SK","og_type":"article","og_title":"Impregn\u00e1cia \u0161k\u00e1r a dla\u017eby","og_description":"\u00da\u010dinn\u00e1 impregn\u00e1cia na \u0161k\u00e1ry a obklady, ktor\u00e1 chr\u00e1ni povrchy v k\u00fape\u013eni a kuchyni. Ve\u013emi r\u00fdchla a jednoduch\u00e1 aplik\u00e1cia. Ochrana a\u017e 20 rokov.","og_url":"https:\/\/smartseal.cz\/sk\/produkt\/impregnacia-skar-a-dlazby\/","og_site_name":"Smartseal Slovensko","article_modified_time":"2026-02-02T06:24:32+00:00","og_image":[{"width":800,"height":800,"url":"https:\/\/smartseal.cz\/sk\/wp-content\/uploads\/2024\/10\/grout-and-tile-aerosol-sealer.png","type":"image\/png"}],"twitter_card":"summary_large_image","twitter_misc":{"Predpokladan\u00fd \u010das \u010d\u00edtania":"3 min\u00faty"},"schema":{"@context":"https:\/\/schema.org","@graph":[{"@type":"WebPage","@id":"https:\/\/smartseal.cz\/sk\/produkt\/impregnacia-skar-a-dlazby\/","url":"https:\/\/smartseal.cz\/sk\/produkt\/impregnacia-skar-a-dlazby\/","name":"Impregn\u00e1cia \u0161k\u00e1r a dla\u017eby, 600ml - Smartseal Slovensko","isPartOf":{"@id":"https:\/\/smartseal.cz\/sk\/#website"},"primaryImageOfPage":{"@id":"https:\/\/smartseal.cz\/sk\/produkt\/impregnacia-skar-a-dlazby\/#primaryimage"},"image":{"@id":"https:\/\/smartseal.cz\/sk\/produkt\/impregnacia-skar-a-dlazby\/#primaryimage"},"thumbnailUrl":"https:\/\/smartseal.cz\/sk\/wp-content\/uploads\/2024\/10\/grout-and-tile-aerosol-sealer.png","datePublished":"2024-10-08T13:18:10+00:00","dateModified":"2026-02-02T06:24:32+00:00","description":"\u00da\u010dinn\u00e1 impregn\u00e1cia na \u0161k\u00e1ry a obklady, ktor\u00e1 chr\u00e1ni povrchy v k\u00fape\u013eni a kuchyni. Ve\u013emi r\u00fdchla a jednoduch\u00e1 aplik\u00e1cia. Ochrana a\u017e 20 rokov.","breadcrumb":{"@id":"https:\/\/smartseal.cz\/sk\/produkt\/impregnacia-skar-a-dlazby\/#breadcrumb"},"inLanguage":"sk-SK","potentialAction":[{"@type":"ReadAction","target":["https:\/\/smartseal.cz\/sk\/produkt\/impregnacia-skar-a-dlazby\/"]}]},{"@type":"ImageObject","inLanguage":"sk-SK","@id":"https:\/\/smartseal.cz\/sk\/produkt\/impregnacia-skar-a-dlazby\/#primaryimage","url":"https:\/\/smartseal.cz\/sk\/wp-content\/uploads\/2024\/10\/grout-and-tile-aerosol-sealer.png","contentUrl":"https:\/\/smartseal.cz\/sk\/wp-content\/uploads\/2024\/10\/grout-and-tile-aerosol-sealer.png","width":800,"height":800},{"@type":"BreadcrumbList","@id":"https:\/\/smartseal.cz\/sk\/produkt\/impregnacia-skar-a-dlazby\/#breadcrumb","itemListElement":[{"@type":"ListItem","position":1,"name":"Dom\u016f","item":"https:\/\/smartseal.cz\/sk\/"},{"@type":"ListItem","position":2,"name":"Obchod","item":"https:\/\/smartseal.cz\/sk\/obchod\/"},{"@type":"ListItem","position":3,"name":"Impregn\u00e1cia \u0161k\u00e1r a dla\u017eby"}]},{"@type":"WebSite","@id":"https:\/\/smartseal.cz\/sk\/#website","url":"https:\/\/smartseal.cz\/sk\/","name":"Smartseal Slovensko","description":"Chytr\u00e9 n\u00e1tery na v\u0161etky povrchy","potentialAction":[{"@type":"SearchAction","target":{"@type":"EntryPoint","urlTemplate":"https:\/\/smartseal.cz\/sk\/?s={search_term_string}"},"query-input":{"@type":"PropertyValueSpecification","valueRequired":true,"valueName":"search_term_string"}}],"inLanguage":"sk-SK"}]}},"_links":{"self":[{"href":"https:\/\/smartseal.cz\/sk\/wp-json\/wp\/v2\/product\/18361","targetHints":{"allow":["GET"]}}],"collection":[{"href":"https:\/\/smartseal.cz\/sk\/wp-json\/wp\/v2\/product"}],"about":[{"href":"https:\/\/smartseal.cz\/sk\/wp-json\/wp\/v2\/types\/product"}],"replies":[{"embeddable":true,"href":"https:\/\/smartseal.cz\/sk\/wp-json\/wp\/v2\/comments?post=18361"}],"wp:featuredmedia":[{"embeddable":true,"href":"https:\/\/smartseal.cz\/sk\/wp-json\/wp\/v2\/media\/18364"}],"wp:attachment":[{"href":"https:\/\/smartseal.cz\/sk\/wp-json\/wp\/v2\/media?parent=18361"}],"wp:term":[{"taxonomy":"product_brand","embeddable":true,"href":"https:\/\/smartseal.cz\/sk\/wp-json\/wp\/v2\/product_brand?post=18361"},{"taxonomy":"product_cat","embeddable":true,"href":"https:\/\/smartseal.cz\/sk\/wp-json\/wp\/v2\/product_cat?post=18361"},{"taxonomy":"product_tag","embeddable":true,"href":"https:\/\/smartseal.cz\/sk\/wp-json\/wp\/v2\/product_tag?post=18361"}],"curies":[{"name":"wp","href":"https:\/\/api.w.org\/{rel}","templated":true}]}}