{"id":16908,"date":"2024-07-03T13:41:49","date_gmt":"2024-07-03T11:41:49","guid":{"rendered":"https:\/\/smartseal.cz\/sk\/?post_type=product&#038;p=16908"},"modified":"2025-12-29T11:52:05","modified_gmt":"2025-12-29T10:52:05","slug":"opravna-hmota-na-asfaltove-trhliny-cierna-1kg","status":"publish","type":"product","link":"https:\/\/smartseal.cz\/sk\/produkt\/opravna-hmota-na-asfaltove-trhliny-cierna-1kg\/","title":{"rendered":"Opravn\u00e1 hmota na asfaltov\u00e9 trhliny &#8211; \u010dierna, 1kg"},"content":{"rendered":"<h2>Oprava trhl\u00edn v asfalte alebo bet\u00f3ne<\/h2>\n<p>R\u00fdchloschn\u00faca, ve\u013emi pevn\u00e1 such\u00e1 bet\u00f3nov\u00e1 zmes, ktor\u00fa mo\u017eno mie\u0161a\u0165 s vodou alebo impregn\u00e1ciou a vytvori\u0165 tak pastu na fix\u00e1ciu trhl\u00edn v asfalte alebo bet\u00f3ne.<\/p>\n<p>Ak s\u00fa trhliny ve\u013emi jemn\u00e9, such\u00e1 zmes sa m\u00f4\u017ee da\u0165 priamo do trhliny pred pridan\u00edm vody alebo impregn\u00e1cie na utesnenie trhliny.<\/p>\n<p>K dispoz\u00edcii v \u010diernej farbe na opravu trhl\u00edn v asfalte a tie\u017e v in\u00fdch farb\u00e1ch na opravu bet\u00f3nu.<\/p>\n<hr \/>\n<h3>Technick\u00fd popis<\/h3>\n<p><strong>Dostupn\u00e9 ve\u013ekosti<\/strong><\/p>\n<ul>\n<li>Kybl\u00edk 1kg<\/li>\n<\/ul>\n<p><strong>Dostupn\u00e9 farby<\/strong><\/p>\n<ul>\n<li>\u010dern\u00e1 (charcoal), platinov\u011b \u0161ed\u00e1 (platinum grey), st\u0159\u00edbrn\u011b \u0161ed\u00e1 (silver grey), b\u00e9\u017eov\u00e1 (biscuit)<\/li>\n<\/ul>\n<p>&nbsp;<\/p>\n","protected":false},"excerpt":{"rendered":"<p>Sypk\u00e1 zmes na opravu trhl\u00edn v asfalte alebo bet\u00f3ne<\/p>\n","protected":false},"featured_media":17010,"comment_status":"open","ping_status":"closed","template":"","meta":[],"product_brand":[],"product_cat":[55,56,44,45,65,17],"product_tag":[],"class_list":{"0":"post-16908","1":"product","2":"type-product","3":"status-publish","4":"has-post-thumbnail","6":"product_cat-asfalt","7":"product_cat-beton","8":"product_cat-impregnacia-asfaltu","9":"product_cat-impregnacne-natery-na-beton","10":"product_cat-beton-betonove-povrchy","11":"product_cat-nezaradene","12":"pa_barva-cerna","14":"first","15":"instock","16":"taxable","17":"shipping-taxable","18":"purchasable","19":"product-type-simple"},"yoast_head":"<!-- This site is optimized with the Yoast SEO Premium plugin v26.8 (Yoast SEO v26.9) - https:\/\/yoast.com\/product\/yoast-seo-premium-wordpress\/ -->\n<title>Opravn\u00e1 hmota na asfaltov\u00e9 trhliny - \u010dierna, 1kg - Smartseal Slovensko<\/title>\n<meta name=\"robots\" content=\"index, follow, max-snippet:-1, max-image-preview:large, max-video-preview:-1\" \/>\n<link rel=\"canonical\" href=\"https:\/\/smartseal.cz\/sk\/produkt\/opravna-hmota-na-asfaltove-trhliny-cierna-1kg\/\" \/>\n<meta property=\"og:locale\" content=\"sk_SK\" \/>\n<meta property=\"og:type\" content=\"article\" \/>\n<meta property=\"og:title\" content=\"Opravn\u00e1 hmota na asfaltov\u00e9 trhliny - \u010dierna, 1kg\" \/>\n<meta property=\"og:description\" content=\"Sypk\u00e1 zmes na opravu trhl\u00edn v asfalte alebo bet\u00f3ne\" \/>\n<meta property=\"og:url\" content=\"https:\/\/smartseal.cz\/sk\/produkt\/opravna-hmota-na-asfaltove-trhliny-cierna-1kg\/\" \/>\n<meta property=\"og:site_name\" content=\"Smartseal Slovensko\" \/>\n<meta property=\"article:modified_time\" content=\"2025-12-29T10:52:05+00:00\" \/>\n<meta property=\"og:image\" content=\"https:\/\/smartseal.cz\/sk\/wp-content\/uploads\/2024\/07\/foto_obal_1.png\" \/>\n\t<meta property=\"og:image:width\" content=\"800\" \/>\n\t<meta property=\"og:image:height\" content=\"800\" \/>\n\t<meta property=\"og:image:type\" content=\"image\/png\" \/>\n<meta name=\"twitter:card\" content=\"summary_large_image\" \/>\n<meta name=\"twitter:label1\" content=\"Predpokladan\u00fd \u010das \u010d\u00edtania\" \/>\n\t<meta name=\"twitter:data1\" content=\"1 min\u00fata\" \/>\n<script type=\"application\/ld+json\" class=\"yoast-schema-graph\">{\"@context\":\"https:\/\/schema.org\",\"@graph\":[{\"@type\":\"WebPage\",\"@id\":\"https:\/\/smartseal.cz\/sk\/produkt\/opravna-hmota-na-asfaltove-trhliny-cierna-1kg\/\",\"url\":\"https:\/\/smartseal.cz\/sk\/produkt\/opravna-hmota-na-asfaltove-trhliny-cierna-1kg\/\",\"name\":\"Opravn\u00e1 hmota na asfaltov\u00e9 trhliny - \u010dierna, 1kg - Smartseal Slovensko\",\"isPartOf\":{\"@id\":\"https:\/\/smartseal.cz\/sk\/#website\"},\"primaryImageOfPage\":{\"@id\":\"https:\/\/smartseal.cz\/sk\/produkt\/opravna-hmota-na-asfaltove-trhliny-cierna-1kg\/#primaryimage\"},\"image\":{\"@id\":\"https:\/\/smartseal.cz\/sk\/produkt\/opravna-hmota-na-asfaltove-trhliny-cierna-1kg\/#primaryimage\"},\"thumbnailUrl\":\"https:\/\/smartseal.cz\/sk\/wp-content\/uploads\/2024\/07\/foto_obal_1.png\",\"datePublished\":\"2024-07-03T11:41:49+00:00\",\"dateModified\":\"2025-12-29T10:52:05+00:00\",\"breadcrumb\":{\"@id\":\"https:\/\/smartseal.cz\/sk\/produkt\/opravna-hmota-na-asfaltove-trhliny-cierna-1kg\/#breadcrumb\"},\"inLanguage\":\"sk-SK\",\"potentialAction\":[{\"@type\":\"ReadAction\",\"target\":[\"https:\/\/smartseal.cz\/sk\/produkt\/opravna-hmota-na-asfaltove-trhliny-cierna-1kg\/\"]}]},{\"@type\":\"ImageObject\",\"inLanguage\":\"sk-SK\",\"@id\":\"https:\/\/smartseal.cz\/sk\/produkt\/opravna-hmota-na-asfaltove-trhliny-cierna-1kg\/#primaryimage\",\"url\":\"https:\/\/smartseal.cz\/sk\/wp-content\/uploads\/2024\/07\/foto_obal_1.png\",\"contentUrl\":\"https:\/\/smartseal.cz\/sk\/wp-content\/uploads\/2024\/07\/foto_obal_1.png\",\"width\":800,\"height\":800},{\"@type\":\"BreadcrumbList\",\"@id\":\"https:\/\/smartseal.cz\/sk\/produkt\/opravna-hmota-na-asfaltove-trhliny-cierna-1kg\/#breadcrumb\",\"itemListElement\":[{\"@type\":\"ListItem\",\"position\":1,\"name\":\"Dom\u016f\",\"item\":\"https:\/\/smartseal.cz\/sk\/\"},{\"@type\":\"ListItem\",\"position\":2,\"name\":\"Obchod\",\"item\":\"https:\/\/smartseal.cz\/sk\/obchod\/\"},{\"@type\":\"ListItem\",\"position\":3,\"name\":\"Opravn\u00e1 hmota na asfaltov\u00e9 trhliny &#8211; \u010dierna, 1kg\"}]},{\"@type\":\"WebSite\",\"@id\":\"https:\/\/smartseal.cz\/sk\/#website\",\"url\":\"https:\/\/smartseal.cz\/sk\/\",\"name\":\"Smartseal Slovensko\",\"description\":\"Chytr\u00e9 n\u00e1tery na v\u0161etky povrchy\",\"potentialAction\":[{\"@type\":\"SearchAction\",\"target\":{\"@type\":\"EntryPoint\",\"urlTemplate\":\"https:\/\/smartseal.cz\/sk\/?s={search_term_string}\"},\"query-input\":{\"@type\":\"PropertyValueSpecification\",\"valueRequired\":true,\"valueName\":\"search_term_string\"}}],\"inLanguage\":\"sk-SK\"}]}<\/script>\n<!-- \/ Yoast SEO Premium plugin. -->","yoast_head_json":{"title":"Opravn\u00e1 hmota na asfaltov\u00e9 trhliny - \u010dierna, 1kg - Smartseal Slovensko","robots":{"index":"index","follow":"follow","max-snippet":"max-snippet:-1","max-image-preview":"max-image-preview:large","max-video-preview":"max-video-preview:-1"},"canonical":"https:\/\/smartseal.cz\/sk\/produkt\/opravna-hmota-na-asfaltove-trhliny-cierna-1kg\/","og_locale":"sk_SK","og_type":"article","og_title":"Opravn\u00e1 hmota na asfaltov\u00e9 trhliny - \u010dierna, 1kg","og_description":"Sypk\u00e1 zmes na opravu trhl\u00edn v asfalte alebo bet\u00f3ne","og_url":"https:\/\/smartseal.cz\/sk\/produkt\/opravna-hmota-na-asfaltove-trhliny-cierna-1kg\/","og_site_name":"Smartseal Slovensko","article_modified_time":"2025-12-29T10:52:05+00:00","og_image":[{"width":800,"height":800,"url":"https:\/\/smartseal.cz\/sk\/wp-content\/uploads\/2024\/07\/foto_obal_1.png","type":"image\/png"}],"twitter_card":"summary_large_image","twitter_misc":{"Predpokladan\u00fd \u010das \u010d\u00edtania":"1 min\u00fata"},"schema":{"@context":"https:\/\/schema.org","@graph":[{"@type":"WebPage","@id":"https:\/\/smartseal.cz\/sk\/produkt\/opravna-hmota-na-asfaltove-trhliny-cierna-1kg\/","url":"https:\/\/smartseal.cz\/sk\/produkt\/opravna-hmota-na-asfaltove-trhliny-cierna-1kg\/","name":"Opravn\u00e1 hmota na asfaltov\u00e9 trhliny - \u010dierna, 1kg - Smartseal Slovensko","isPartOf":{"@id":"https:\/\/smartseal.cz\/sk\/#website"},"primaryImageOfPage":{"@id":"https:\/\/smartseal.cz\/sk\/produkt\/opravna-hmota-na-asfaltove-trhliny-cierna-1kg\/#primaryimage"},"image":{"@id":"https:\/\/smartseal.cz\/sk\/produkt\/opravna-hmota-na-asfaltove-trhliny-cierna-1kg\/#primaryimage"},"thumbnailUrl":"https:\/\/smartseal.cz\/sk\/wp-content\/uploads\/2024\/07\/foto_obal_1.png","datePublished":"2024-07-03T11:41:49+00:00","dateModified":"2025-12-29T10:52:05+00:00","breadcrumb":{"@id":"https:\/\/smartseal.cz\/sk\/produkt\/opravna-hmota-na-asfaltove-trhliny-cierna-1kg\/#breadcrumb"},"inLanguage":"sk-SK","potentialAction":[{"@type":"ReadAction","target":["https:\/\/smartseal.cz\/sk\/produkt\/opravna-hmota-na-asfaltove-trhliny-cierna-1kg\/"]}]},{"@type":"ImageObject","inLanguage":"sk-SK","@id":"https:\/\/smartseal.cz\/sk\/produkt\/opravna-hmota-na-asfaltove-trhliny-cierna-1kg\/#primaryimage","url":"https:\/\/smartseal.cz\/sk\/wp-content\/uploads\/2024\/07\/foto_obal_1.png","contentUrl":"https:\/\/smartseal.cz\/sk\/wp-content\/uploads\/2024\/07\/foto_obal_1.png","width":800,"height":800},{"@type":"BreadcrumbList","@id":"https:\/\/smartseal.cz\/sk\/produkt\/opravna-hmota-na-asfaltove-trhliny-cierna-1kg\/#breadcrumb","itemListElement":[{"@type":"ListItem","position":1,"name":"Dom\u016f","item":"https:\/\/smartseal.cz\/sk\/"},{"@type":"ListItem","position":2,"name":"Obchod","item":"https:\/\/smartseal.cz\/sk\/obchod\/"},{"@type":"ListItem","position":3,"name":"Opravn\u00e1 hmota na asfaltov\u00e9 trhliny &#8211; \u010dierna, 1kg"}]},{"@type":"WebSite","@id":"https:\/\/smartseal.cz\/sk\/#website","url":"https:\/\/smartseal.cz\/sk\/","name":"Smartseal Slovensko","description":"Chytr\u00e9 n\u00e1tery na v\u0161etky povrchy","potentialAction":[{"@type":"SearchAction","target":{"@type":"EntryPoint","urlTemplate":"https:\/\/smartseal.cz\/sk\/?s={search_term_string}"},"query-input":{"@type":"PropertyValueSpecification","valueRequired":true,"valueName":"search_term_string"}}],"inLanguage":"sk-SK"}]}},"_links":{"self":[{"href":"https:\/\/smartseal.cz\/sk\/wp-json\/wp\/v2\/product\/16908","targetHints":{"allow":["GET"]}}],"collection":[{"href":"https:\/\/smartseal.cz\/sk\/wp-json\/wp\/v2\/product"}],"about":[{"href":"https:\/\/smartseal.cz\/sk\/wp-json\/wp\/v2\/types\/product"}],"replies":[{"embeddable":true,"href":"https:\/\/smartseal.cz\/sk\/wp-json\/wp\/v2\/comments?post=16908"}],"wp:featuredmedia":[{"embeddable":true,"href":"https:\/\/smartseal.cz\/sk\/wp-json\/wp\/v2\/media\/17010"}],"wp:attachment":[{"href":"https:\/\/smartseal.cz\/sk\/wp-json\/wp\/v2\/media?parent=16908"}],"wp:term":[{"taxonomy":"product_brand","embeddable":true,"href":"https:\/\/smartseal.cz\/sk\/wp-json\/wp\/v2\/product_brand?post=16908"},{"taxonomy":"product_cat","embeddable":true,"href":"https:\/\/smartseal.cz\/sk\/wp-json\/wp\/v2\/product_cat?post=16908"},{"taxonomy":"product_tag","embeddable":true,"href":"https:\/\/smartseal.cz\/sk\/wp-json\/wp\/v2\/product_tag?post=16908"}],"curies":[{"name":"wp","href":"https:\/\/api.w.org\/{rel}","templated":true}]}}