{"id":14004,"date":"2023-11-13T11:23:26","date_gmt":"2023-11-13T10:23:26","guid":{"rendered":"https:\/\/smartseal.cz\/sk\/?post_type=product&#038;p=14004"},"modified":"2026-04-09T16:45:17","modified_gmt":"2026-04-09T14:45:17","slug":"cistic-keramickych-dlazdic","status":"publish","type":"product","link":"https:\/\/smartseal.cz\/sk\/produkt\/cistic-keramickych-dlazdic\/","title":{"rendered":"\u010cisti\u010d keramick\u00fdch dla\u017ed\u00edc, 1l"},"content":{"rendered":"<h2>\u00da\u010dinn\u00fd profesion\u00e1lny \u010disti\u010d keramick\u00fdch dla\u017ed\u00edc<\/h2>\n<p><strong>\u010cisti\u010d keramick\u00fdch dla\u017ed\u00edc Smartseal<\/strong> je siln\u00fd \u010distiaci prostriedok, ktor\u00fd r\u00fdchlo odstra\u0148uje usaden\u00fa \u0161pinu, ne\u010distoty, riasy alebo vt\u00e1\u010d\u00ed trus. Je vhodn\u00fd na v\u0161etky typy keramick\u00fdch a porcel\u00e1nov\u00fdch dla\u017ed\u00edc. Naj\u010dastej\u0161ie sa pou\u017e\u00edva na terasy. Mal by sa pou\u017e\u00edva\u0165 pred nanesen\u00edm impregn\u00e1cie na keramick\u00e9 obklady a dla\u017eby.<\/p>\n<p>Jeho \u00fa\u010dinn\u00e9 zlo\u017eenie \u013eahko rozlo\u017e\u00ed a odstr\u00e1ni v\u0161etky ne\u010distoty, \u0161pinu, li\u0161ajn\u00edky a riasy z vonkaj\u0161ej keramickej terasovej dla\u017eby. R\u00fdchlo vy\u010dist\u00ed aj ak\u00fdko\u013evek keramick\u00fd povrch v dom\u00e1cnosti.<\/p>\n<p>Na dosiahnutie najlep\u0161\u00edch v\u00fdsledkov naneste pr\u00edpravok na keramick\u00fa dla\u017ebu v pomere 1:4 (\u010dist\u00e1 voda) a potom 10 min\u00fat p\u00f4sobte kefou. Pri pou\u017eit\u00ed na vonkaj\u0161ie plochy, najm\u00e4 v teplej\u0161\u00edch poveternostn\u00fdch podmienkach, pridajte viac pr\u00edpravku, ak by za\u010dal na p\u00f3roch pr\u00edli\u0161 r\u00fdchlo zasycha\u0165. Potom opl\u00e1chnite tlakov\u00fdm \u010disti\u010dom alebo hadicou.<\/p>\n<p>\u010cistiaci prostriedok na keramick\u00e9 dla\u017edice m\u00e1 \u0161irok\u00e9 vyu\u017eitie v interi\u00e9ri aj exteri\u00e9ri. \u010casto sa pou\u017e\u00edva na podlahy a steny v k\u00fape\u013eniach, kuchyniach, chodb\u00e1ch a in\u00fdch priestoroch v dom\u00e1cnosti. Pou\u017e\u00edva sa aj ako \u010disti\u010d keramick\u00fdch dla\u017ed\u00edc na terasy na odstr\u00e1nenie odoln\u00fdch organick\u00fdch povrchov\u00fdch ne\u010dist\u00f4t, ktor\u00e9 sa \u010dasto hromadia v por\u00e9znych povrchoch.<\/p>\n<p><strong>VLASTNOSTI PRODUKTU<\/strong><\/p>\n<ul>\n<li>Vhodn\u00fd pro \u010di\u0161t\u011bn\u00ed teras, p\u0159\u00edjezdov\u00fdch cest i pro povrchy v interi\u00e9ru<\/li>\n<li>Lze aplikovat na jakoukoli barvu, typ nebo texturu v\u010detn\u011b le\u0161t\u011bn\u00e9ho, glazovan\u00e9ho nebo neglazovan\u00e9ho povrchu<\/li>\n<li>P\u016fsob\u00ed tak\u00e9 jako desinfekce<\/li>\n<\/ul>\n<p>D\u016fle\u017eit\u00e9 upozorn\u011bn\u00ed: \u010cisti\u010d keramick\u00e9 dla\u017eby dok\u00e1\u017ee odstranit zbytky sp\u00e1rovac\u00ed hmoty, ale nen\u00ed prim\u00e1rn\u011b ur\u010den k tomuto \u00fa\u010delu. Na odstran\u011bn\u00ed sp\u00e1rovac\u00ed hmoty pou\u017eijte <a href=\"https:\/\/smartseal.cz\/sk\/produkt\/odstranovac-impregnacnich-nateru-na-kamen-5l\/\">Odstra\u0148ova\u010d impregna\u010dn\u00edch n\u00e1t\u011br\u016f<\/a><\/p>\n<hr \/>\n<h3>Technick\u00fd popis \u010cisti\u010de keramick\u00e9 dla\u017eby<\/h3>\n<p><strong>Dostupn\u00e9 velikosti<\/strong><\/p>\n<ul>\n<li>L\u00e1hev 1L<\/li>\n<\/ul>\n<p><strong>N\u00e1vod k pou\u017eit\u00ed<\/strong><\/p>\n<p><em>Pro vn\u011bj\u0161\u00ed pou\u017eit\u00ed<\/em><\/p>\n<ul>\n<li>Produkt z\u0159e\u010fte 1:4 (\u010dist\u00e1 voda)<\/li>\n<li>Nejd\u0159\u00edve otestujte vhodnost produktu na mal\u00e9m m\u00edst\u011b<\/li>\n<li>Pro nanesen\u00ed pou\u017eijte post\u0159ikova\u010d nebo zahradn\u00ed konvici<\/li>\n<li>Po 30. minut\u00e1ch opl\u00e1chn\u011bte \u010distou vodou. Pokud je zne\u010di\u0161t\u011bn\u00ed velk\u00e9, pou\u017eijte tlakovou my\u010dku<\/li>\n<\/ul>\n<p><em>Pro vnit\u0159n\u00ed pou\u017eit\u00ed<\/em><\/p>\n<ul>\n<li>Produkt z\u0159e\u010fte 1:4 (\u010dist\u00e1 voda)<\/li>\n<li>Aplikujte pomoc\u00ed mopu nebo houby<\/li>\n<li>Nechte p\u016fsobit 15-30 minut a pot\u00e9 zapracujte kart\u00e1\u010dek nebo smet\u00e1kem<\/li>\n<li>Opl\u00e1chn\u011bte \u010distou vodou a pomoc\u00ed mopu nebo houby set\u0159ete<\/li>\n<\/ul>\n","protected":false},"excerpt":{"rendered":"<p>Profesion\u00e1lny \u010distiaci prostriedok na keramick\u00e9 obklada\u010dky. Na vn\u00fatorn\u00e9 aj vonkaj\u0161ie pou\u017eitie. 1 l vy\u010dist\u00ed plochu 10 m2<\/p>\n","protected":false},"featured_media":14049,"comment_status":"open","ping_status":"closed","template":"","meta":[],"product_brand":[],"product_cat":[144,176,174,23,52,49,100],"product_tag":[],"class_list":{"0":"post-14004","1":"product","2":"type-product","3":"status-publish","4":"has-post-thumbnail","6":"product_cat-cistenie-v-interieru","7":"product_cat-cistiace-a-odstranovacie","8":"product_cat-zimna-udrzba","9":"product_cat-cistiace-odstranovace","10":"product_cat-cistenie-prijazdovych-ciest-a-chodnikov","11":"product_cat-cistenie-vonkajsich-teras","12":"product_cat-interiery","14":"first","15":"instock","16":"taxable","17":"shipping-taxable","18":"purchasable","19":"product-type-simple"},"yoast_head":"<!-- This site is optimized with the Yoast SEO Premium plugin v26.8 (Yoast SEO v26.9) - https:\/\/yoast.com\/product\/yoast-seo-premium-wordpress\/ -->\n<title>\u010cisti\u010d keramick\u00fdch dla\u017ed\u00edc, 1l I Smartseal SK<\/title>\n<meta name=\"robots\" content=\"index, follow, max-snippet:-1, max-image-preview:large, max-video-preview:-1\" \/>\n<link rel=\"canonical\" href=\"https:\/\/smartseal.cz\/sk\/produkt\/cistic-keramickych-dlazdic\/\" \/>\n<meta property=\"og:locale\" content=\"sk_SK\" \/>\n<meta property=\"og:type\" content=\"article\" \/>\n<meta property=\"og:title\" content=\"\u010cisti\u010d keramick\u00fdch dla\u017ed\u00edc, 1l\" \/>\n<meta property=\"og:description\" content=\"Profesion\u00e1lny \u010distiaci prostriedok na keramick\u00e9 obklada\u010dky. Na vn\u00fatorn\u00e9 aj vonkaj\u0161ie pou\u017eitie. 1 l vy\u010dist\u00ed plochu 10 m2\" \/>\n<meta property=\"og:url\" content=\"https:\/\/smartseal.cz\/sk\/produkt\/cistic-keramickych-dlazdic\/\" \/>\n<meta property=\"og:site_name\" content=\"Smartseal Slovensko\" \/>\n<meta property=\"article:modified_time\" content=\"2026-04-09T14:45:17+00:00\" \/>\n<meta property=\"og:image\" content=\"https:\/\/smartseal.cz\/sk\/wp-content\/uploads\/2023\/11\/c\u030cistic\u030c-keramicke\u0301-dlaz\u030cby.png\" \/>\n\t<meta property=\"og:image:width\" content=\"800\" \/>\n\t<meta property=\"og:image:height\" content=\"800\" \/>\n\t<meta property=\"og:image:type\" content=\"image\/png\" \/>\n<meta name=\"twitter:card\" content=\"summary_large_image\" \/>\n<meta name=\"twitter:label1\" content=\"Predpokladan\u00fd \u010das \u010d\u00edtania\" \/>\n\t<meta name=\"twitter:data1\" content=\"2 min\u00faty\" \/>\n<script type=\"application\/ld+json\" class=\"yoast-schema-graph\">{\"@context\":\"https:\/\/schema.org\",\"@graph\":[{\"@type\":\"WebPage\",\"@id\":\"https:\/\/smartseal.cz\/sk\/produkt\/cistic-keramickych-dlazdic\/\",\"url\":\"https:\/\/smartseal.cz\/sk\/produkt\/cistic-keramickych-dlazdic\/\",\"name\":\"\u010cisti\u010d keramick\u00fdch dla\u017ed\u00edc, 1l I Smartseal SK\",\"isPartOf\":{\"@id\":\"https:\/\/smartseal.cz\/sk\/#website\"},\"primaryImageOfPage\":{\"@id\":\"https:\/\/smartseal.cz\/sk\/produkt\/cistic-keramickych-dlazdic\/#primaryimage\"},\"image\":{\"@id\":\"https:\/\/smartseal.cz\/sk\/produkt\/cistic-keramickych-dlazdic\/#primaryimage\"},\"thumbnailUrl\":\"https:\/\/smartseal.cz\/sk\/wp-content\/uploads\/2023\/11\/c\u030cistic\u030c-keramicke\u0301-dlaz\u030cby.png\",\"datePublished\":\"2023-11-13T10:23:26+00:00\",\"dateModified\":\"2026-04-09T14:45:17+00:00\",\"breadcrumb\":{\"@id\":\"https:\/\/smartseal.cz\/sk\/produkt\/cistic-keramickych-dlazdic\/#breadcrumb\"},\"inLanguage\":\"sk-SK\",\"potentialAction\":[{\"@type\":\"ReadAction\",\"target\":[\"https:\/\/smartseal.cz\/sk\/produkt\/cistic-keramickych-dlazdic\/\"]}]},{\"@type\":\"ImageObject\",\"inLanguage\":\"sk-SK\",\"@id\":\"https:\/\/smartseal.cz\/sk\/produkt\/cistic-keramickych-dlazdic\/#primaryimage\",\"url\":\"https:\/\/smartseal.cz\/sk\/wp-content\/uploads\/2023\/11\/c\u030cistic\u030c-keramicke\u0301-dlaz\u030cby.png\",\"contentUrl\":\"https:\/\/smartseal.cz\/sk\/wp-content\/uploads\/2023\/11\/c\u030cistic\u030c-keramicke\u0301-dlaz\u030cby.png\",\"width\":800,\"height\":800},{\"@type\":\"BreadcrumbList\",\"@id\":\"https:\/\/smartseal.cz\/sk\/produkt\/cistic-keramickych-dlazdic\/#breadcrumb\",\"itemListElement\":[{\"@type\":\"ListItem\",\"position\":1,\"name\":\"Dom\u016f\",\"item\":\"https:\/\/smartseal.cz\/sk\/\"},{\"@type\":\"ListItem\",\"position\":2,\"name\":\"Obchod\",\"item\":\"https:\/\/smartseal.cz\/sk\/obchod\/\"},{\"@type\":\"ListItem\",\"position\":3,\"name\":\"\u010cisti\u010d keramick\u00fdch dla\u017ed\u00edc, 1l\"}]},{\"@type\":\"WebSite\",\"@id\":\"https:\/\/smartseal.cz\/sk\/#website\",\"url\":\"https:\/\/smartseal.cz\/sk\/\",\"name\":\"Smartseal Slovensko\",\"description\":\"Chytr\u00e9 n\u00e1tery na v\u0161etky povrchy\",\"potentialAction\":[{\"@type\":\"SearchAction\",\"target\":{\"@type\":\"EntryPoint\",\"urlTemplate\":\"https:\/\/smartseal.cz\/sk\/?s={search_term_string}\"},\"query-input\":{\"@type\":\"PropertyValueSpecification\",\"valueRequired\":true,\"valueName\":\"search_term_string\"}}],\"inLanguage\":\"sk-SK\"}]}<\/script>\n<!-- \/ Yoast SEO Premium plugin. -->","yoast_head_json":{"title":"\u010cisti\u010d keramick\u00fdch dla\u017ed\u00edc, 1l I Smartseal SK","robots":{"index":"index","follow":"follow","max-snippet":"max-snippet:-1","max-image-preview":"max-image-preview:large","max-video-preview":"max-video-preview:-1"},"canonical":"https:\/\/smartseal.cz\/sk\/produkt\/cistic-keramickych-dlazdic\/","og_locale":"sk_SK","og_type":"article","og_title":"\u010cisti\u010d keramick\u00fdch dla\u017ed\u00edc, 1l","og_description":"Profesion\u00e1lny \u010distiaci prostriedok na keramick\u00e9 obklada\u010dky. Na vn\u00fatorn\u00e9 aj vonkaj\u0161ie pou\u017eitie. 1 l vy\u010dist\u00ed plochu 10 m2","og_url":"https:\/\/smartseal.cz\/sk\/produkt\/cistic-keramickych-dlazdic\/","og_site_name":"Smartseal Slovensko","article_modified_time":"2026-04-09T14:45:17+00:00","og_image":[{"width":800,"height":800,"url":"https:\/\/smartseal.cz\/sk\/wp-content\/uploads\/2023\/11\/c\u030cistic\u030c-keramicke\u0301-dlaz\u030cby.png","type":"image\/png"}],"twitter_card":"summary_large_image","twitter_misc":{"Predpokladan\u00fd \u010das \u010d\u00edtania":"2 min\u00faty"},"schema":{"@context":"https:\/\/schema.org","@graph":[{"@type":"WebPage","@id":"https:\/\/smartseal.cz\/sk\/produkt\/cistic-keramickych-dlazdic\/","url":"https:\/\/smartseal.cz\/sk\/produkt\/cistic-keramickych-dlazdic\/","name":"\u010cisti\u010d keramick\u00fdch dla\u017ed\u00edc, 1l I Smartseal SK","isPartOf":{"@id":"https:\/\/smartseal.cz\/sk\/#website"},"primaryImageOfPage":{"@id":"https:\/\/smartseal.cz\/sk\/produkt\/cistic-keramickych-dlazdic\/#primaryimage"},"image":{"@id":"https:\/\/smartseal.cz\/sk\/produkt\/cistic-keramickych-dlazdic\/#primaryimage"},"thumbnailUrl":"https:\/\/smartseal.cz\/sk\/wp-content\/uploads\/2023\/11\/c\u030cistic\u030c-keramicke\u0301-dlaz\u030cby.png","datePublished":"2023-11-13T10:23:26+00:00","dateModified":"2026-04-09T14:45:17+00:00","breadcrumb":{"@id":"https:\/\/smartseal.cz\/sk\/produkt\/cistic-keramickych-dlazdic\/#breadcrumb"},"inLanguage":"sk-SK","potentialAction":[{"@type":"ReadAction","target":["https:\/\/smartseal.cz\/sk\/produkt\/cistic-keramickych-dlazdic\/"]}]},{"@type":"ImageObject","inLanguage":"sk-SK","@id":"https:\/\/smartseal.cz\/sk\/produkt\/cistic-keramickych-dlazdic\/#primaryimage","url":"https:\/\/smartseal.cz\/sk\/wp-content\/uploads\/2023\/11\/c\u030cistic\u030c-keramicke\u0301-dlaz\u030cby.png","contentUrl":"https:\/\/smartseal.cz\/sk\/wp-content\/uploads\/2023\/11\/c\u030cistic\u030c-keramicke\u0301-dlaz\u030cby.png","width":800,"height":800},{"@type":"BreadcrumbList","@id":"https:\/\/smartseal.cz\/sk\/produkt\/cistic-keramickych-dlazdic\/#breadcrumb","itemListElement":[{"@type":"ListItem","position":1,"name":"Dom\u016f","item":"https:\/\/smartseal.cz\/sk\/"},{"@type":"ListItem","position":2,"name":"Obchod","item":"https:\/\/smartseal.cz\/sk\/obchod\/"},{"@type":"ListItem","position":3,"name":"\u010cisti\u010d keramick\u00fdch dla\u017ed\u00edc, 1l"}]},{"@type":"WebSite","@id":"https:\/\/smartseal.cz\/sk\/#website","url":"https:\/\/smartseal.cz\/sk\/","name":"Smartseal Slovensko","description":"Chytr\u00e9 n\u00e1tery na v\u0161etky povrchy","potentialAction":[{"@type":"SearchAction","target":{"@type":"EntryPoint","urlTemplate":"https:\/\/smartseal.cz\/sk\/?s={search_term_string}"},"query-input":{"@type":"PropertyValueSpecification","valueRequired":true,"valueName":"search_term_string"}}],"inLanguage":"sk-SK"}]}},"_links":{"self":[{"href":"https:\/\/smartseal.cz\/sk\/wp-json\/wp\/v2\/product\/14004","targetHints":{"allow":["GET"]}}],"collection":[{"href":"https:\/\/smartseal.cz\/sk\/wp-json\/wp\/v2\/product"}],"about":[{"href":"https:\/\/smartseal.cz\/sk\/wp-json\/wp\/v2\/types\/product"}],"replies":[{"embeddable":true,"href":"https:\/\/smartseal.cz\/sk\/wp-json\/wp\/v2\/comments?post=14004"}],"wp:featuredmedia":[{"embeddable":true,"href":"https:\/\/smartseal.cz\/sk\/wp-json\/wp\/v2\/media\/14049"}],"wp:attachment":[{"href":"https:\/\/smartseal.cz\/sk\/wp-json\/wp\/v2\/media?parent=14004"}],"wp:term":[{"taxonomy":"product_brand","embeddable":true,"href":"https:\/\/smartseal.cz\/sk\/wp-json\/wp\/v2\/product_brand?post=14004"},{"taxonomy":"product_cat","embeddable":true,"href":"https:\/\/smartseal.cz\/sk\/wp-json\/wp\/v2\/product_cat?post=14004"},{"taxonomy":"product_tag","embeddable":true,"href":"https:\/\/smartseal.cz\/sk\/wp-json\/wp\/v2\/product_tag?post=14004"}],"curies":[{"name":"wp","href":"https:\/\/api.w.org\/{rel}","templated":true}]}}