{"id":14000,"date":"2023-11-14T11:46:45","date_gmt":"2023-11-14T10:46:45","guid":{"rendered":"https:\/\/smartseal.cz\/sk\/?post_type=product&#038;p=14000"},"modified":"2026-04-09T03:37:57","modified_gmt":"2026-04-09T01:37:57","slug":"impregnace-na-spary-bezbarva","status":"publish","type":"product","link":"https:\/\/smartseal.cz\/sk\/produkt\/impregnace-na-spary-bezbarva\/","title":{"rendered":"Impregn\u00e1cia na \u0161k\u00e1ry, bezfarebn\u00e1"},"content":{"rendered":"<h2>Impregn\u00e1cia \u0161k\u00e1r chr\u00e1ni \u0161k\u00e1ry pred ples\u0148ami a ne\u010distotami<\/h2>\n<p><strong>Impregnacia na \u0161k\u00e1ry Smartseal<\/strong> je impregn\u00e1cia spojov bez rozp\u00fa\u0161\u0165adiel, ktor\u00e1 odol\u00e1va zne\u010disteniu vodou a olejom. Zjednodu\u0161uje \u00fadr\u017ebu a nemen\u00ed vzh\u013ead spoja, pri\u010dom umo\u017e\u0148uje spoju d\u00fdcha\u0165. Sl\u00fa\u017ei na ochranu \u0161k\u00e1ry pred zne\u010disten\u00edm a zabra\u0148uje vzniku plesn\u00ed na obklada\u010dk\u00e1ch v k\u00fape\u013eniach a kuchyniach.<\/p>\n<ul>\n<li>Vhodn\u00e9 na ochranu \u0161k\u00e1r na keramick\u00fdch obkladoch a dla\u017eb\u00e1ch na sten\u00e1ch alebo podlah\u00e1ch<\/li>\n<li>M\u00f4\u017ee sa pou\u017e\u00edva\u0165 na obklady a dla\u017eby a v sprchov\u00fdch k\u00fatoch<\/li>\n<li>\u00da\u010dinn\u00fd na vonkaj\u0161ie aj vn\u00fatorn\u00e9 pou\u017eitie<\/li>\n<\/ul>\n<p><strong>Impregn\u00e1cia na \u0161k\u00e1ry<\/strong> funguje jako \u00fa\u010dinn\u00e1 ochrana sp\u00e1r a lze ji pou\u017e\u00edt ve spojen\u00ed s dal\u0161\u00edmi impregnacemi a \u010disti\u010di Smartseal. V p\u0159\u00edpad\u011b, \u017ee se na sp\u00e1\u0159e vyskytuje pl\u00edse\u0148, pou\u017eijte nejprve <a href=\"https:\/\/smartseal.cz\/sk\/produkt\/odstranovac-plisni\/\">Odstra\u0148ova\u010d pl\u00edsn\u00ed<\/a> a pot\u00e9 a\u017e impregnaci.<\/p>\n<p>Pokud chcete zm\u011bnit barvu st\u00e1vaj\u00edc\u00ed sp\u00e1ry, pou\u017eijte <a href=\"https:\/\/smartseal.cz\/sk\/?s=renovace+sp\u00e1r&amp;post_type%5B%5D=post&amp;post_type%5B%5D=page&amp;post_type%5B%5D=product&amp;fs=1\">Renovaci sp\u00e1r,<\/a> kter\u00fd ochr\u00e1n\u00ed sp\u00e1ru p\u0159ed vn\u011bj\u0161\u00edmi ne\u010distotami a z\u00e1rove\u0148 umo\u017en\u00ed kompletn\u011b zm\u011bnit barvu sp\u00e1ry.<\/p>\n<hr \/>\n<h3>Technick\u00fd popis Impregnace na sp\u00e1ru<\/h3>\n<p><strong>Dostupn\u00e9 velikosti<\/strong><\/p>\n<ul>\n<li>L\u00e1hev 500 ml<\/li>\n<\/ul>\n<p><strong>Spot\u0159eba<\/strong><\/p>\n<ul>\n<li><span class=\"OYPEnA text-decoration-none text-strikethrough-none\">P\u0159ibli\u017en\u011b 15 m2 a\u017e 60 m2\/ 500 ml, p\u0159i jedn\u00e9 vrstv\u011b<\/span><span class=\"OYPEnA text-decoration-none text-strikethrough-none white-space-prewrap\">\u00a0<\/span><span class=\"OYPEnA text-decoration-none text-strikethrough-none\">v z\u00e1vislosti na p\u00f3rovitosti sp\u00e1ry a zp\u016fsobu aplikace. Nap\u0159\u00edklad na dla\u017edici 30 x 30 cm se sp\u00e1rou 3 mm pokryje l\u00e1hev o objemu 500 ml p\u0159ibli\u017en\u011b 40 m2 p\u0159i 2 n\u00e1t\u011brech.<\/span><\/li>\n<\/ul>\n<p><strong>Pokyny k pou\u017eit\u00ed<\/strong><\/p>\n<ul>\n<li>P\u0159ed pou\u017eit\u00edm si pe\u010dliv\u011b p\u0159e\u010dt\u011bte n\u00e1vod k pou\u017eit\u00ed.<\/li>\n<li>U nov\u00fdch sp\u00e1r lze impregnaci aplikovat 48 hodin po zasp\u00e1rov\u00e1n\u00ed.<\/li>\n<li>Aby jste se ujistil, \u017ee je sp\u00e1ra opravdu \u010dist\u00e1 pou\u017eijte \u010cisti\u010d na sp\u00e1ry.<\/li>\n<li>Ujist\u011bte se, \u017ee na sp\u00e1\u0159e nejsou \u017e\u00e1dn\u00e9 zbytky malty.<\/li>\n<li>Impregnaci aplikujte pomoc\u00ed \u0161t\u011btce s m\u011bkk\u00fdmi \u0161t\u011btinami nebo houbi\u010dky.<\/li>\n<li>Druhou vrstvu naneste minim\u00e1ln\u011b 30 minut po nanesen\u00ed prvn\u00ed vrstvy.<\/li>\n<li>Po 2 hodin\u00e1ch prove\u010fte zkou\u0161ku, zde-li je povrch ut\u011bsn\u011bn a to nanesen\u00edm kapek vody na sp\u00e1ru. Pokud se voda vs\u00e1kne, naneste dal\u0161\u00ed vrstvu. Po\u010dkejte 2 hodiny a test opakujte.<\/li>\n<li>Povrch je such\u00fd po 2 hodin\u00e1ch od impregnace. Impregnovan\u00e1 plocha by m\u011bla z\u016fstat v suchu minim\u00e1ln\u011b po dobu 12 hodin. PLn\u00e9ho ut\u011bsn\u011bn\u00ed je dosa\u017eeno po 24 hodin\u00e1ch.<\/li>\n<li>Po ka\u017ed\u00e9 impregnaci n\u00e1\u0159ad\u00ed o\u010dist\u011bte vodou.<\/li>\n<li>Podle pot\u0159eby je mo\u017en\u00e9 znovu nan\u00e1\u0161et impregnaci.<\/li>\n<\/ul>\n<p><span class=\"OYPEnA text-decoration-none text-strikethrough-none\">V\u017edy otestujte malou plochu, s 24 hodinovou dobou vytvrzen\u00ed, abyste ur\u010dili vhodnost p\u0159\u00edpravku.<\/span><\/p>\n<p><strong>\u017divotnost<\/strong><\/p>\n<p><span class=\"OYPEnA text-decoration-none text-strikethrough-none\">\u017divotnost<\/span><span class=\"OYPEnA text-decoration-none text-strikethrough-none white-space-prewrap\">\u00a0<\/span><span class=\"OYPEnA text-decoration-none text-strikethrough-none\">bude z\u00e1viset na n\u011bkolika faktorech, jako je por\u00e9znost a struktura povrchu, typ plochy, opot\u0159eben\u00ed povrchu, \u010detnost a typ pou\u017e\u00edvan\u00fdch produkt\u016f k \u00fadr\u017eb\u011b. P\u0159edpokl\u00e1dan\u00e1 \u017eivotnost je 5 let. Nicm\u00e9n\u011b extr\u00e9mn\u00ed pov\u011btrnostn\u00ed podm\u00ednky, drsn\u00e9 metody \u010di\u0161t\u011bn\u00ed a siln\u00e1 alkalick\u00e1 \u010di\u0161t\u011bn\u00ed nebo rozpou\u0161t\u011bdla mohou zkr\u00e1tit \u017eivotnost.<\/span><\/p>\n<p><strong>Skladov\u00e1n\u00ed<\/strong><\/p>\n<p><span class=\"OYPEnA text-decoration-none text-strikethrough-none\">Po pou\u017eit\u00ed n\u00e1dobu uzav\u0159ete. Skladujte pouze v p\u016fvodn\u00edm obalu. Uchov\u00e1vejte a pou\u017e\u00edvejte p\u0159i teplot\u011b mezi 10\u00b0C a 27\u00b0C. Nespot\u0159ebovan\u00fd skladovan\u00fd produkt chra\u0148te p\u0159ed mrazem.<\/span><\/p>\n<p><strong><span class=\"OYPEnA text-decoration-none text-strikethrough-none\">UPOZORN\u011aN\u00cd:<\/span><\/strong><span class=\"OYPEnA text-decoration-none text-strikethrough-none\"> Impregnaci nenech\u00e1vejte zaschnout na povrchu dla\u017edic, proto\u017ee by na n\u011bm z\u016fstaly viditeln\u00e9 zbytky.<\/span><span class=\"OYPEnA text-decoration-none text-strikethrough-none\">Nedovolte, aby se impregnace dostala do kontaktu s jak\u00fdmkoli nedoporu\u010den\u00fdm povrchem. Impregnace nezabr\u00e1n\u00ed opot\u0159eben\u00ed povrchu lept\u00e1n\u00edm kyselinami nebo \u017e\u00edrav\u00fdmi chemik\u00e1liemi.<\/span><\/p>\n<h3>N\u00e1vod na pou\u017eit\u00ed Impregnace sp\u00e1r<\/h3>\n<p><a href=\"https:\/\/smartseal.cz\/sk\/wp-content\/uploads\/sites\/2\/2023\/11\/navod_impregance_spary.pdf\">N\u00e1vod na pou\u017eit\u00ed v PDF ke sta\u017een\u00ed<\/a><\/p>\n","protected":false},"excerpt":{"rendered":"<p>Bezfarebn\u00e1 impregn\u00e1cia \u0161k\u00e1r chr\u00e1ni \u0161k\u00e1ry pred ples\u0148ami a ne\u010distotami.<\/p>\n","protected":false},"featured_media":14044,"comment_status":"open","ping_status":"closed","template":"","meta":[],"product_brand":[],"product_cat":[175,174,24,99,100],"product_tag":[],"class_list":{"0":"post-14000","1":"product","2":"type-product","3":"status-publish","4":"has-post-thumbnail","6":"product_cat-impregnacia-a-ochranne-natery","7":"product_cat-zimna-udrzba","8":"product_cat-impregnacia-ochranne-natery","9":"product_cat-impregnacia-v-interieri","10":"product_cat-interiery","11":"pa_barva-bezbarva","12":"pa_faze-pouziti-impregnace","14":"first","15":"instock","16":"taxable","17":"shipping-taxable","18":"purchasable","19":"product-type-simple"},"yoast_head":"<!-- This site is optimized with the Yoast SEO Premium plugin v26.8 (Yoast SEO v26.9) - https:\/\/yoast.com\/product\/yoast-seo-premium-wordpress\/ -->\n<title>Impregn\u00e1cia na \u0161k\u00e1ry, bezfarebn\u00e1 - Smartseal Slovensko<\/title>\n<meta name=\"robots\" content=\"index, follow, max-snippet:-1, max-image-preview:large, max-video-preview:-1\" \/>\n<link rel=\"canonical\" href=\"https:\/\/smartseal.cz\/sk\/produkt\/impregnace-na-spary-bezbarva\/\" \/>\n<meta property=\"og:locale\" content=\"sk_SK\" \/>\n<meta property=\"og:type\" content=\"article\" \/>\n<meta property=\"og:title\" content=\"Impregn\u00e1cia na \u0161k\u00e1ry, bezfarebn\u00e1\" \/>\n<meta property=\"og:description\" content=\"Bezfarebn\u00e1 impregn\u00e1cia \u0161k\u00e1r chr\u00e1ni \u0161k\u00e1ry pred ples\u0148ami a ne\u010distotami.\" \/>\n<meta property=\"og:url\" content=\"https:\/\/smartseal.cz\/sk\/produkt\/impregnace-na-spary-bezbarva\/\" \/>\n<meta property=\"og:site_name\" content=\"Smartseal Slovensko\" \/>\n<meta property=\"article:modified_time\" content=\"2026-04-09T01:37:57+00:00\" \/>\n<meta property=\"og:image\" content=\"https:\/\/smartseal.cz\/sk\/wp-content\/uploads\/2023\/11\/impregance_spar_bezbarva.jpg\" \/>\n\t<meta property=\"og:image:width\" content=\"726\" \/>\n\t<meta property=\"og:image:height\" content=\"488\" \/>\n\t<meta property=\"og:image:type\" content=\"image\/jpeg\" \/>\n<meta name=\"twitter:card\" content=\"summary_large_image\" \/>\n<meta name=\"twitter:label1\" content=\"Predpokladan\u00fd \u010das \u010d\u00edtania\" \/>\n\t<meta name=\"twitter:data1\" content=\"3 min\u00faty\" \/>\n<script type=\"application\/ld+json\" class=\"yoast-schema-graph\">{\"@context\":\"https:\/\/schema.org\",\"@graph\":[{\"@type\":\"WebPage\",\"@id\":\"https:\/\/smartseal.cz\/sk\/produkt\/impregnace-na-spary-bezbarva\/\",\"url\":\"https:\/\/smartseal.cz\/sk\/produkt\/impregnace-na-spary-bezbarva\/\",\"name\":\"Impregn\u00e1cia na \u0161k\u00e1ry, bezfarebn\u00e1 - Smartseal Slovensko\",\"isPartOf\":{\"@id\":\"https:\/\/smartseal.cz\/sk\/#website\"},\"primaryImageOfPage\":{\"@id\":\"https:\/\/smartseal.cz\/sk\/produkt\/impregnace-na-spary-bezbarva\/#primaryimage\"},\"image\":{\"@id\":\"https:\/\/smartseal.cz\/sk\/produkt\/impregnace-na-spary-bezbarva\/#primaryimage\"},\"thumbnailUrl\":\"https:\/\/smartseal.cz\/sk\/wp-content\/uploads\/2023\/11\/impregance_spar_bezbarva.jpg\",\"datePublished\":\"2023-11-14T10:46:45+00:00\",\"dateModified\":\"2026-04-09T01:37:57+00:00\",\"breadcrumb\":{\"@id\":\"https:\/\/smartseal.cz\/sk\/produkt\/impregnace-na-spary-bezbarva\/#breadcrumb\"},\"inLanguage\":\"sk-SK\",\"potentialAction\":[{\"@type\":\"ReadAction\",\"target\":[\"https:\/\/smartseal.cz\/sk\/produkt\/impregnace-na-spary-bezbarva\/\"]}]},{\"@type\":\"ImageObject\",\"inLanguage\":\"sk-SK\",\"@id\":\"https:\/\/smartseal.cz\/sk\/produkt\/impregnace-na-spary-bezbarva\/#primaryimage\",\"url\":\"https:\/\/smartseal.cz\/sk\/wp-content\/uploads\/2023\/11\/impregance_spar_bezbarva.jpg\",\"contentUrl\":\"https:\/\/smartseal.cz\/sk\/wp-content\/uploads\/2023\/11\/impregance_spar_bezbarva.jpg\",\"width\":726,\"height\":488},{\"@type\":\"BreadcrumbList\",\"@id\":\"https:\/\/smartseal.cz\/sk\/produkt\/impregnace-na-spary-bezbarva\/#breadcrumb\",\"itemListElement\":[{\"@type\":\"ListItem\",\"position\":1,\"name\":\"Dom\u016f\",\"item\":\"https:\/\/smartseal.cz\/sk\/\"},{\"@type\":\"ListItem\",\"position\":2,\"name\":\"Obchod\",\"item\":\"https:\/\/smartseal.cz\/sk\/obchod\/\"},{\"@type\":\"ListItem\",\"position\":3,\"name\":\"Impregn\u00e1cia na \u0161k\u00e1ry, bezfarebn\u00e1\"}]},{\"@type\":\"WebSite\",\"@id\":\"https:\/\/smartseal.cz\/sk\/#website\",\"url\":\"https:\/\/smartseal.cz\/sk\/\",\"name\":\"Smartseal Slovensko\",\"description\":\"Chytr\u00e9 n\u00e1tery na v\u0161etky povrchy\",\"potentialAction\":[{\"@type\":\"SearchAction\",\"target\":{\"@type\":\"EntryPoint\",\"urlTemplate\":\"https:\/\/smartseal.cz\/sk\/?s={search_term_string}\"},\"query-input\":{\"@type\":\"PropertyValueSpecification\",\"valueRequired\":true,\"valueName\":\"search_term_string\"}}],\"inLanguage\":\"sk-SK\"}]}<\/script>\n<!-- \/ Yoast SEO Premium plugin. -->","yoast_head_json":{"title":"Impregn\u00e1cia na \u0161k\u00e1ry, bezfarebn\u00e1 - Smartseal Slovensko","robots":{"index":"index","follow":"follow","max-snippet":"max-snippet:-1","max-image-preview":"max-image-preview:large","max-video-preview":"max-video-preview:-1"},"canonical":"https:\/\/smartseal.cz\/sk\/produkt\/impregnace-na-spary-bezbarva\/","og_locale":"sk_SK","og_type":"article","og_title":"Impregn\u00e1cia na \u0161k\u00e1ry, bezfarebn\u00e1","og_description":"Bezfarebn\u00e1 impregn\u00e1cia \u0161k\u00e1r chr\u00e1ni \u0161k\u00e1ry pred ples\u0148ami a ne\u010distotami.","og_url":"https:\/\/smartseal.cz\/sk\/produkt\/impregnace-na-spary-bezbarva\/","og_site_name":"Smartseal Slovensko","article_modified_time":"2026-04-09T01:37:57+00:00","og_image":[{"width":726,"height":488,"url":"https:\/\/smartseal.cz\/sk\/wp-content\/uploads\/2023\/11\/impregance_spar_bezbarva.jpg","type":"image\/jpeg"}],"twitter_card":"summary_large_image","twitter_misc":{"Predpokladan\u00fd \u010das \u010d\u00edtania":"3 min\u00faty"},"schema":{"@context":"https:\/\/schema.org","@graph":[{"@type":"WebPage","@id":"https:\/\/smartseal.cz\/sk\/produkt\/impregnace-na-spary-bezbarva\/","url":"https:\/\/smartseal.cz\/sk\/produkt\/impregnace-na-spary-bezbarva\/","name":"Impregn\u00e1cia na \u0161k\u00e1ry, bezfarebn\u00e1 - Smartseal Slovensko","isPartOf":{"@id":"https:\/\/smartseal.cz\/sk\/#website"},"primaryImageOfPage":{"@id":"https:\/\/smartseal.cz\/sk\/produkt\/impregnace-na-spary-bezbarva\/#primaryimage"},"image":{"@id":"https:\/\/smartseal.cz\/sk\/produkt\/impregnace-na-spary-bezbarva\/#primaryimage"},"thumbnailUrl":"https:\/\/smartseal.cz\/sk\/wp-content\/uploads\/2023\/11\/impregance_spar_bezbarva.jpg","datePublished":"2023-11-14T10:46:45+00:00","dateModified":"2026-04-09T01:37:57+00:00","breadcrumb":{"@id":"https:\/\/smartseal.cz\/sk\/produkt\/impregnace-na-spary-bezbarva\/#breadcrumb"},"inLanguage":"sk-SK","potentialAction":[{"@type":"ReadAction","target":["https:\/\/smartseal.cz\/sk\/produkt\/impregnace-na-spary-bezbarva\/"]}]},{"@type":"ImageObject","inLanguage":"sk-SK","@id":"https:\/\/smartseal.cz\/sk\/produkt\/impregnace-na-spary-bezbarva\/#primaryimage","url":"https:\/\/smartseal.cz\/sk\/wp-content\/uploads\/2023\/11\/impregance_spar_bezbarva.jpg","contentUrl":"https:\/\/smartseal.cz\/sk\/wp-content\/uploads\/2023\/11\/impregance_spar_bezbarva.jpg","width":726,"height":488},{"@type":"BreadcrumbList","@id":"https:\/\/smartseal.cz\/sk\/produkt\/impregnace-na-spary-bezbarva\/#breadcrumb","itemListElement":[{"@type":"ListItem","position":1,"name":"Dom\u016f","item":"https:\/\/smartseal.cz\/sk\/"},{"@type":"ListItem","position":2,"name":"Obchod","item":"https:\/\/smartseal.cz\/sk\/obchod\/"},{"@type":"ListItem","position":3,"name":"Impregn\u00e1cia na \u0161k\u00e1ry, bezfarebn\u00e1"}]},{"@type":"WebSite","@id":"https:\/\/smartseal.cz\/sk\/#website","url":"https:\/\/smartseal.cz\/sk\/","name":"Smartseal Slovensko","description":"Chytr\u00e9 n\u00e1tery na v\u0161etky povrchy","potentialAction":[{"@type":"SearchAction","target":{"@type":"EntryPoint","urlTemplate":"https:\/\/smartseal.cz\/sk\/?s={search_term_string}"},"query-input":{"@type":"PropertyValueSpecification","valueRequired":true,"valueName":"search_term_string"}}],"inLanguage":"sk-SK"}]}},"_links":{"self":[{"href":"https:\/\/smartseal.cz\/sk\/wp-json\/wp\/v2\/product\/14000","targetHints":{"allow":["GET"]}}],"collection":[{"href":"https:\/\/smartseal.cz\/sk\/wp-json\/wp\/v2\/product"}],"about":[{"href":"https:\/\/smartseal.cz\/sk\/wp-json\/wp\/v2\/types\/product"}],"replies":[{"embeddable":true,"href":"https:\/\/smartseal.cz\/sk\/wp-json\/wp\/v2\/comments?post=14000"}],"wp:featuredmedia":[{"embeddable":true,"href":"https:\/\/smartseal.cz\/sk\/wp-json\/wp\/v2\/media\/14044"}],"wp:attachment":[{"href":"https:\/\/smartseal.cz\/sk\/wp-json\/wp\/v2\/media?parent=14000"}],"wp:term":[{"taxonomy":"product_brand","embeddable":true,"href":"https:\/\/smartseal.cz\/sk\/wp-json\/wp\/v2\/product_brand?post=14000"},{"taxonomy":"product_cat","embeddable":true,"href":"https:\/\/smartseal.cz\/sk\/wp-json\/wp\/v2\/product_cat?post=14000"},{"taxonomy":"product_tag","embeddable":true,"href":"https:\/\/smartseal.cz\/sk\/wp-json\/wp\/v2\/product_tag?post=14000"}],"curies":[{"name":"wp","href":"https:\/\/api.w.org\/{rel}","templated":true}]}}