{"id":13998,"date":"2023-11-13T10:48:07","date_gmt":"2023-11-13T09:48:07","guid":{"rendered":"https:\/\/smartseal.cz\/sk\/?post_type=product&#038;p=13998"},"modified":"2026-04-29T11:26:18","modified_gmt":"2026-04-29T09:26:18","slug":"cistiaci-prostriedok-na-skary-2","status":"publish","type":"product","link":"https:\/\/smartseal.cz\/sk\/produkt\/cistiaci-prostriedok-na-skary-2\/","title":{"rendered":"\u010cistiaci prostriedok na \u0161k\u00e1ry"},"content":{"rendered":"<h2>\u010cistiaci prostriedok na \u0161k\u00e1ry<\/h2>\n<p class=\"p1\">Smartseal <strong>\u010cisti\u010d \u0161k\u00e1r<\/strong> je r\u00fdchly a ve\u013emi \u00fa\u010dinn\u00fd odstra\u0148ova\u010d \u0161kv\u0155n a ne\u010dist\u00f4t na pou\u017eitie na obklada\u010dky v k\u00fape\u013eni a najm\u00e4 na \u010distenie \u0161k\u00e1r na sprchov\u00fdch obkladoch, ktor\u00e9 sa \u010dasom za\u0161pinia a zne\u010distia. \u010cisti\u010d \u0161k\u00e1r sa m\u00f4\u017ee pou\u017e\u00edva\u0165 spolu s odstra\u0148ova\u010dom plesn\u00ed, aby sa zabr\u00e1nilo vzniku plesn\u00ed. \u010cisti\u010d \u0161k\u00e1r je bezpe\u010dn\u00fd odstra\u0148ova\u010d \u0161kv\u0155n. Je to \u00fa\u010dinn\u00fd v\u00fdrobok, ktor\u00fd sa pou\u017e\u00edva na odstra\u0148ovanie odoln\u00fdch \u0161kv\u0155n na \u0161k\u00e1rach. V\u00fdrobok sa odpor\u00fa\u010da na \u010distenie \u0161k\u00e1r v k\u00fape\u013eniach a kuchyniach.<\/p>\n<p><strong>VLASTNOSTI PRODUKTU<\/strong><\/p>\n<ul>\n<li>\u010cist\u00ed \u0161k\u00e1ry<\/li>\n<li>Odstra\u0148uje \u0161kvrny v spojoch stien a podl\u00e1h<\/li>\n<li>Mo\u017eno pou\u017ei\u0165 okolo plastov\u00fdch a smaltovan\u00fdch van\u00ed a sp\u0155ch<\/li>\n<li>\u00da\u010dinn\u00e9 bielenie \u0161k\u00e1r<\/li>\n<li>Jednoduch\u00e9 pou\u017eitie a aplik\u00e1cia<\/li>\n<li>R\u00fdchle v\u00fdsledky<\/li>\n<\/ul>\n<p>\u010cisti\u010d \u0161k\u00e1r Smartseal sa be\u017ene pou\u017e\u00edva na zne\u010disten\u00e9 a za\u0161pinen\u00e9 \u0161k\u00e1ry podlahov\u00fdch dla\u017ed\u00edc. Mo\u017eno ho pou\u017ei\u0165 aj na obklada\u010dky a pracovn\u00e9 dosky, kde je \u0165a\u017ek\u00e9 odstr\u00e1ni\u0165 ne\u010distoty zo \u0161k\u00e1r. Pou\u017e\u00edvajte s impregna\u010dn\u00fdmi n\u00e1termi, ako je napr\u00edklad Impregn\u00e1tor na kame\u0148 alebo Impregn\u00e1tor na \u0161k\u00e1ry, aby ste chr\u00e1nili obklada\u010dky a \u0161k\u00e1ry pred zne\u010disten\u00edm.<\/p>\n<p>Ak by ste chceli po \u010disten\u00ed zmeni\u0165 farbu \u0161k\u00e1ry, m\u00f4\u017eete pou\u017ei\u0165 Renov\u00e1tor na \u0161k\u00e1ry. Tento v\u00fdrobok p\u00f4sob\u00ed ako farebn\u00e1 impregn\u00e1cia \u0161k\u00e1r, ktor\u00e1 ochr\u00e1ni va\u0161u \u0161k\u00e1ru pred zne\u010disten\u00edm a m\u00f4\u017eete tie\u017e \u00faplne zmeni\u0165 jej p\u00f4vodn\u00fa farbu.<\/p>\n<h3>Technick\u00fd popis <strong>\u010cisti\u010d \u0161k\u00e1r<\/strong><\/h3>\n<p><strong>Dostupn\u00e9 velikosti<\/strong><\/p>\n<ul>\n<li>L\u00e1hev 500 ml s rozpra\u0161ova\u010dem<\/li>\n<\/ul>\n<p><strong>N\u00e1vod na pou\u017eitie<\/strong><\/p>\n<ul>\n<li>Pred pou\u017eit\u00edm d\u00f4kladne pretrepte<\/li>\n<li>V\u017edy si pozorne pre\u010d\u00edtajte pokyny v n\u00e1vode<\/li>\n<li>Zne\u010disten\u00e9 spoje postriekajte zo vzdialenosti 4-5 cm<\/li>\n<li>Nechajte p\u00f4sobi\u0165 25-30 min\u00fat a potom pomocou kefky zapracujte<\/li>\n<li>Na usaden\u00e9 ne\u010distoty alebo silik\u00f3nov\u00e9 spoje pou\u017eite \u010distiaci prostriedok e\u0161te raz a nechajte p\u00f4sobi\u0165 a\u017e 3 hodiny<\/li>\n<li>Na z\u00e1ver pou\u017eite hubku a \u010dist\u00fa vodu na vy\u010distenie miesta<\/li>\n<li>P\u0159ed aplikac\u00ed produkt v\u017edy otestujte na mal\u00e9 plo\u0161e, aby jste zjistili vhodnost p\u0159\u00edpravku.<\/li>\n<\/ul>\n<p><strong>D\u016fle\u017eit\u00e9 upozorn\u011bn\u00ed:<\/strong> D\u00e1vejte pozor, aby se \u010disti\u010d nedostal do kontaktu s kovem a neaplikujte na barven\u00e9 povrchy. Vyvarujte se kontaktu s povrchy, kter\u00e9 jsou citliv\u00e9 na zabarven\u00ed jako je kov, d\u0159evo nebo oble\u010den\u00ed.<\/p>\n<h3>N\u00e1vod na pou\u017eit\u00ed \u010cisti\u010d na sp\u00e1ry<\/h3>\n<p><a href=\"https:\/\/smartseal.cz\/sk\/wp-content\/uploads\/sites\/2\/2023\/11\/Navod_cistic_na_spary.pdf\">N\u00e1vod k pou\u017eit\u00ed v PDF ke sta\u017een\u00ed<\/a><\/p>\n","protected":false},"excerpt":{"rendered":"<p>\u013dahko odstra\u0148uje \u0161kvrny a ne\u010distoty zo \u0161k\u00e1r v kuchyni a k\u00fape\u013eni.<\/p>\n","protected":false},"featured_media":14054,"comment_status":"open","ping_status":"closed","template":"","meta":[],"product_brand":[],"product_cat":[144,176,174,23,100],"product_tag":[],"class_list":{"0":"post-13998","1":"product","2":"type-product","3":"status-publish","4":"has-post-thumbnail","6":"product_cat-cistenie-v-interieru","7":"product_cat-cistiace-a-odstranovacie","8":"product_cat-zimna-udrzba","9":"product_cat-cistiace-odstranovace","10":"product_cat-interiery","12":"first","13":"instock","14":"taxable","15":"shipping-taxable","16":"purchasable","17":"product-type-simple"},"yoast_head":"<!-- This site is optimized with the Yoast SEO Premium plugin v26.8 (Yoast SEO v26.9) - https:\/\/yoast.com\/product\/yoast-seo-premium-wordpress\/ -->\n<title>\u010cistiaci prostriedok na \u0161k\u00e1ry I Smartseal SK<\/title>\n<meta name=\"description\" content=\"\u00da\u010dinn\u00fd \u010disti\u010d \u0161k\u00e1r Smartseal r\u00fdchlo odstra\u0148uje \u0161kvrny a ne\u010distoty z k\u00fape\u013en\u00ed a kuch\u00fd\u0148. Bezpe\u010dn\u00fd, \u013eahko pou\u017eite\u013en\u00fd a s r\u00fdchlymi v\u00fdsledkami.\" \/>\n<meta name=\"robots\" content=\"index, follow, max-snippet:-1, max-image-preview:large, max-video-preview:-1\" \/>\n<link rel=\"canonical\" href=\"https:\/\/smartseal.cz\/sk\/produkt\/cistiaci-prostriedok-na-skary-2\/\" \/>\n<meta property=\"og:locale\" content=\"sk_SK\" \/>\n<meta property=\"og:type\" content=\"article\" \/>\n<meta property=\"og:title\" content=\"\u010cistiaci prostriedok na \u0161k\u00e1ry\" \/>\n<meta property=\"og:description\" content=\"\u00da\u010dinn\u00fd \u010disti\u010d \u0161k\u00e1r Smartseal r\u00fdchlo odstra\u0148uje \u0161kvrny a ne\u010distoty z k\u00fape\u013en\u00ed a kuch\u00fd\u0148. Bezpe\u010dn\u00fd, \u013eahko pou\u017eite\u013en\u00fd a s r\u00fdchlymi v\u00fdsledkami.\" \/>\n<meta property=\"og:url\" content=\"https:\/\/smartseal.cz\/sk\/produkt\/cistiaci-prostriedok-na-skary-2\/\" \/>\n<meta property=\"og:site_name\" content=\"Smartseal Slovensko\" \/>\n<meta property=\"article:modified_time\" content=\"2026-04-29T09:26:18+00:00\" \/>\n<meta property=\"og:image\" content=\"https:\/\/smartseal.cz\/sk\/wp-content\/uploads\/2023\/11\/cistis_na_spary.jpg\" \/>\n\t<meta property=\"og:image:width\" content=\"726\" \/>\n\t<meta property=\"og:image:height\" content=\"488\" \/>\n\t<meta property=\"og:image:type\" content=\"image\/jpeg\" \/>\n<meta name=\"twitter:card\" content=\"summary_large_image\" \/>\n<meta name=\"twitter:label1\" content=\"Predpokladan\u00fd \u010das \u010d\u00edtania\" \/>\n\t<meta name=\"twitter:data1\" content=\"2 min\u00faty\" \/>\n<script type=\"application\/ld+json\" class=\"yoast-schema-graph\">{\"@context\":\"https:\/\/schema.org\",\"@graph\":[{\"@type\":\"WebPage\",\"@id\":\"https:\/\/smartseal.cz\/sk\/produkt\/cistiaci-prostriedok-na-skary-2\/\",\"url\":\"https:\/\/smartseal.cz\/sk\/produkt\/cistiaci-prostriedok-na-skary-2\/\",\"name\":\"\u010cistiaci prostriedok na \u0161k\u00e1ry I Smartseal SK\",\"isPartOf\":{\"@id\":\"https:\/\/smartseal.cz\/sk\/#website\"},\"primaryImageOfPage\":{\"@id\":\"https:\/\/smartseal.cz\/sk\/produkt\/cistiaci-prostriedok-na-skary-2\/#primaryimage\"},\"image\":{\"@id\":\"https:\/\/smartseal.cz\/sk\/produkt\/cistiaci-prostriedok-na-skary-2\/#primaryimage\"},\"thumbnailUrl\":\"https:\/\/smartseal.cz\/sk\/wp-content\/uploads\/2023\/11\/cistis_na_spary.jpg\",\"datePublished\":\"2023-11-13T09:48:07+00:00\",\"dateModified\":\"2026-04-29T09:26:18+00:00\",\"description\":\"\u00da\u010dinn\u00fd \u010disti\u010d \u0161k\u00e1r Smartseal r\u00fdchlo odstra\u0148uje \u0161kvrny a ne\u010distoty z k\u00fape\u013en\u00ed a kuch\u00fd\u0148. Bezpe\u010dn\u00fd, \u013eahko pou\u017eite\u013en\u00fd a s r\u00fdchlymi v\u00fdsledkami.\",\"breadcrumb\":{\"@id\":\"https:\/\/smartseal.cz\/sk\/produkt\/cistiaci-prostriedok-na-skary-2\/#breadcrumb\"},\"inLanguage\":\"sk-SK\",\"potentialAction\":[{\"@type\":\"ReadAction\",\"target\":[\"https:\/\/smartseal.cz\/sk\/produkt\/cistiaci-prostriedok-na-skary-2\/\"]}]},{\"@type\":\"ImageObject\",\"inLanguage\":\"sk-SK\",\"@id\":\"https:\/\/smartseal.cz\/sk\/produkt\/cistiaci-prostriedok-na-skary-2\/#primaryimage\",\"url\":\"https:\/\/smartseal.cz\/sk\/wp-content\/uploads\/2023\/11\/cistis_na_spary.jpg\",\"contentUrl\":\"https:\/\/smartseal.cz\/sk\/wp-content\/uploads\/2023\/11\/cistis_na_spary.jpg\",\"width\":726,\"height\":488},{\"@type\":\"BreadcrumbList\",\"@id\":\"https:\/\/smartseal.cz\/sk\/produkt\/cistiaci-prostriedok-na-skary-2\/#breadcrumb\",\"itemListElement\":[{\"@type\":\"ListItem\",\"position\":1,\"name\":\"Dom\u016f\",\"item\":\"https:\/\/smartseal.cz\/sk\/\"},{\"@type\":\"ListItem\",\"position\":2,\"name\":\"Obchod\",\"item\":\"https:\/\/smartseal.cz\/sk\/obchod\/\"},{\"@type\":\"ListItem\",\"position\":3,\"name\":\"\u010cistiaci prostriedok na \u0161k\u00e1ry\"}]},{\"@type\":\"WebSite\",\"@id\":\"https:\/\/smartseal.cz\/sk\/#website\",\"url\":\"https:\/\/smartseal.cz\/sk\/\",\"name\":\"Smartseal Slovensko\",\"description\":\"Chytr\u00e9 n\u00e1tery na v\u0161etky povrchy\",\"potentialAction\":[{\"@type\":\"SearchAction\",\"target\":{\"@type\":\"EntryPoint\",\"urlTemplate\":\"https:\/\/smartseal.cz\/sk\/?s={search_term_string}\"},\"query-input\":{\"@type\":\"PropertyValueSpecification\",\"valueRequired\":true,\"valueName\":\"search_term_string\"}}],\"inLanguage\":\"sk-SK\"}]}<\/script>\n<!-- \/ Yoast SEO Premium plugin. -->","yoast_head_json":{"title":"\u010cistiaci prostriedok na \u0161k\u00e1ry I Smartseal SK","description":"\u00da\u010dinn\u00fd \u010disti\u010d \u0161k\u00e1r Smartseal r\u00fdchlo odstra\u0148uje \u0161kvrny a ne\u010distoty z k\u00fape\u013en\u00ed a kuch\u00fd\u0148. Bezpe\u010dn\u00fd, \u013eahko pou\u017eite\u013en\u00fd a s r\u00fdchlymi v\u00fdsledkami.","robots":{"index":"index","follow":"follow","max-snippet":"max-snippet:-1","max-image-preview":"max-image-preview:large","max-video-preview":"max-video-preview:-1"},"canonical":"https:\/\/smartseal.cz\/sk\/produkt\/cistiaci-prostriedok-na-skary-2\/","og_locale":"sk_SK","og_type":"article","og_title":"\u010cistiaci prostriedok na \u0161k\u00e1ry","og_description":"\u00da\u010dinn\u00fd \u010disti\u010d \u0161k\u00e1r Smartseal r\u00fdchlo odstra\u0148uje \u0161kvrny a ne\u010distoty z k\u00fape\u013en\u00ed a kuch\u00fd\u0148. Bezpe\u010dn\u00fd, \u013eahko pou\u017eite\u013en\u00fd a s r\u00fdchlymi v\u00fdsledkami.","og_url":"https:\/\/smartseal.cz\/sk\/produkt\/cistiaci-prostriedok-na-skary-2\/","og_site_name":"Smartseal Slovensko","article_modified_time":"2026-04-29T09:26:18+00:00","og_image":[{"width":726,"height":488,"url":"https:\/\/smartseal.cz\/sk\/wp-content\/uploads\/2023\/11\/cistis_na_spary.jpg","type":"image\/jpeg"}],"twitter_card":"summary_large_image","twitter_misc":{"Predpokladan\u00fd \u010das \u010d\u00edtania":"2 min\u00faty"},"schema":{"@context":"https:\/\/schema.org","@graph":[{"@type":"WebPage","@id":"https:\/\/smartseal.cz\/sk\/produkt\/cistiaci-prostriedok-na-skary-2\/","url":"https:\/\/smartseal.cz\/sk\/produkt\/cistiaci-prostriedok-na-skary-2\/","name":"\u010cistiaci prostriedok na \u0161k\u00e1ry I Smartseal SK","isPartOf":{"@id":"https:\/\/smartseal.cz\/sk\/#website"},"primaryImageOfPage":{"@id":"https:\/\/smartseal.cz\/sk\/produkt\/cistiaci-prostriedok-na-skary-2\/#primaryimage"},"image":{"@id":"https:\/\/smartseal.cz\/sk\/produkt\/cistiaci-prostriedok-na-skary-2\/#primaryimage"},"thumbnailUrl":"https:\/\/smartseal.cz\/sk\/wp-content\/uploads\/2023\/11\/cistis_na_spary.jpg","datePublished":"2023-11-13T09:48:07+00:00","dateModified":"2026-04-29T09:26:18+00:00","description":"\u00da\u010dinn\u00fd \u010disti\u010d \u0161k\u00e1r Smartseal r\u00fdchlo odstra\u0148uje \u0161kvrny a ne\u010distoty z k\u00fape\u013en\u00ed a kuch\u00fd\u0148. Bezpe\u010dn\u00fd, \u013eahko pou\u017eite\u013en\u00fd a s r\u00fdchlymi v\u00fdsledkami.","breadcrumb":{"@id":"https:\/\/smartseal.cz\/sk\/produkt\/cistiaci-prostriedok-na-skary-2\/#breadcrumb"},"inLanguage":"sk-SK","potentialAction":[{"@type":"ReadAction","target":["https:\/\/smartseal.cz\/sk\/produkt\/cistiaci-prostriedok-na-skary-2\/"]}]},{"@type":"ImageObject","inLanguage":"sk-SK","@id":"https:\/\/smartseal.cz\/sk\/produkt\/cistiaci-prostriedok-na-skary-2\/#primaryimage","url":"https:\/\/smartseal.cz\/sk\/wp-content\/uploads\/2023\/11\/cistis_na_spary.jpg","contentUrl":"https:\/\/smartseal.cz\/sk\/wp-content\/uploads\/2023\/11\/cistis_na_spary.jpg","width":726,"height":488},{"@type":"BreadcrumbList","@id":"https:\/\/smartseal.cz\/sk\/produkt\/cistiaci-prostriedok-na-skary-2\/#breadcrumb","itemListElement":[{"@type":"ListItem","position":1,"name":"Dom\u016f","item":"https:\/\/smartseal.cz\/sk\/"},{"@type":"ListItem","position":2,"name":"Obchod","item":"https:\/\/smartseal.cz\/sk\/obchod\/"},{"@type":"ListItem","position":3,"name":"\u010cistiaci prostriedok na \u0161k\u00e1ry"}]},{"@type":"WebSite","@id":"https:\/\/smartseal.cz\/sk\/#website","url":"https:\/\/smartseal.cz\/sk\/","name":"Smartseal Slovensko","description":"Chytr\u00e9 n\u00e1tery na v\u0161etky povrchy","potentialAction":[{"@type":"SearchAction","target":{"@type":"EntryPoint","urlTemplate":"https:\/\/smartseal.cz\/sk\/?s={search_term_string}"},"query-input":{"@type":"PropertyValueSpecification","valueRequired":true,"valueName":"search_term_string"}}],"inLanguage":"sk-SK"}]}},"_links":{"self":[{"href":"https:\/\/smartseal.cz\/sk\/wp-json\/wp\/v2\/product\/13998","targetHints":{"allow":["GET"]}}],"collection":[{"href":"https:\/\/smartseal.cz\/sk\/wp-json\/wp\/v2\/product"}],"about":[{"href":"https:\/\/smartseal.cz\/sk\/wp-json\/wp\/v2\/types\/product"}],"replies":[{"embeddable":true,"href":"https:\/\/smartseal.cz\/sk\/wp-json\/wp\/v2\/comments?post=13998"}],"wp:featuredmedia":[{"embeddable":true,"href":"https:\/\/smartseal.cz\/sk\/wp-json\/wp\/v2\/media\/14054"}],"wp:attachment":[{"href":"https:\/\/smartseal.cz\/sk\/wp-json\/wp\/v2\/media?parent=13998"}],"wp:term":[{"taxonomy":"product_brand","embeddable":true,"href":"https:\/\/smartseal.cz\/sk\/wp-json\/wp\/v2\/product_brand?post=13998"},{"taxonomy":"product_cat","embeddable":true,"href":"https:\/\/smartseal.cz\/sk\/wp-json\/wp\/v2\/product_cat?post=13998"},{"taxonomy":"product_tag","embeddable":true,"href":"https:\/\/smartseal.cz\/sk\/wp-json\/wp\/v2\/product_tag?post=13998"}],"curies":[{"name":"wp","href":"https:\/\/api.w.org\/{rel}","templated":true}]}}