{"id":13945,"date":"2023-10-27T14:16:49","date_gmt":"2023-10-27T12:16:49","guid":{"rendered":"https:\/\/smartseal.cz\/sk\/?post_type=product&#038;p=13945"},"modified":"2026-03-26T12:50:48","modified_gmt":"2026-03-26T11:50:48","slug":"sada-na-kamen-suchy-vzhlad-40-m2","status":"publish","type":"product","link":"https:\/\/smartseal.cz\/sk\/produkt\/sada-na-kamen-suchy-vzhlad-40-m2\/","title":{"rendered":"Sada na kame\u0148 &#8211; such\u00fd vzh\u013ead (40 m2)"},"content":{"rendered":"<h2>Kompletn\u00e1 s\u00faprava na o\u0161etrenie pr\u00edrodn\u00e9ho kame\u0148a vr\u00e1tane postrekova\u010da<\/h2>\n<p>Sada na k\u00e1men obsahuje v\u0161e, co pot\u0159ebujete na vy\u010di\u0161t\u011bn\u00ed a impregnaci kamene o rozloze 40 m2. V balen\u00ed najdete:<\/p>\n<ul>\n<li><a href=\"https:\/\/smartseal.cz\/sk\/produkt\/xtreme-cistic-na-kamen-5l\/\">Xtreme &#8211; \u010disti\u010d na k\u00e1men, 5l<\/a><\/li>\n<li><a href=\"https:\/\/smartseal.cz\/sk\/produkt\/impregnace-na-prirodni-kamen-suchy-vzhled\/\">Impregnace na k\u00e1men &#8211; such\u00fd vzhled, 5l<\/a><\/li>\n<li>Post\u0159ikova\u010d Gloria ZDARMA v hodnot\u011b 680 K\u010d<\/li>\n<\/ul>\n<h2>P\u0159\u00edpravek Xtreme &#8211; \u010disti\u010d na k\u00e1men<\/h2>\n<ul>\n<li>Xtreme je rychl\u00fd a vysoce \u00fa\u010dinn\u00fd \u010distic\u00ed prost\u0159edek, kter\u00fd nab\u00edz\u00ed snadn\u00fd zp\u016fsob, jak udr\u017eet z\u00e1mkovou dla\u017ebu nebo jakoukoli jinou p\u0159\u00edjezdovou plochu \u010distou bez intenzivn\u00edho um\u00fdv\u00e1n\u00ed. Na\u0159e\u010fte 1(Xtreme):1 (voda) a aplikujte na mokr\u00fd povrch zal\u00e9v\u00e1n\u00edm zahradn\u00ed konvic\u00ed nebo post\u0159ikova\u010dem. P\u0159\u00edpravek nechte na povrchu p\u016fsobit po dobu 60 minut. Pot\u00e9 opl\u00e1chn\u011bte \u010distou vodou. Pokud je plocha v\u00edce zne\u010di\u0161t\u011bn\u00e1 nechte Xtreme p\u016fsobit del\u0161\u00ed dobu nebo opakujte postup znovu.<\/li>\n<li><strong>Pokud je k\u00e1men hodn\u011b zne\u010di\u0161t\u011bn\u00fd a jsou na n\u011bm \u010dern\u00e9 fleky, p\u0159\u00edpravek ne\u0159e\u010fte! Spot\u0159eba je napo\u010d\u00edtan\u00e1 na ne\u0159ed\u011bn\u00fd produkt.<\/strong><\/li>\n<li>Xtreme \u2013 \u010disti\u010d na k\u00e1men obsahuje 4 \u00fa\u010dinn\u00e9 slo\u017eky, kter\u00e9 vy\u010dist\u00ed a potla\u010d\u00ed dal\u0161\u00ed r\u016fst a \u0161\u00ed\u0159en\u00ed<\/li>\n<\/ul>\n<h2>Impregnace na p\u0159\u00edrodn\u00ed k\u00e1men &#8211; such\u00fd vzhled<\/h2>\n<ul>\n<li>Ochrann\u00fd impregna\u010dn\u00ed n\u00e1t\u011br pro zlep\u0161en\u00ed barvy p\u0159\u00edrodn\u00edho kamene<\/li>\n<li>Smartseal Impregnace na p\u0159\u00edrodn\u00ed k\u00e1men je vysoce kvalitn\u00ed, \u010dist\u00fd bez rozpou\u0161t\u011bdlov\u00fd akrylov\u00fd impregna\u010dn\u00ed n\u00e1t\u011br. Pou\u017eit\u00ed tohoto prost\u0159edku zm\u011bn\u00ed chemickou strukturu por\u00e9zn\u00edho p\u00edskovce nebo p\u0159\u00edrodn\u00edho kamene a zajist\u00ed tak vynikaj\u00edc\u00ed vodoodpudiv\u00fd a odoln\u00fd povrch.<\/li>\n<li>Impregnace po nanesen\u00ed poskytne vlhk\u00fd nebo m\u00edrn\u011b vlhk\u00fd vzhled na p\u0159\u00edrodn\u00edm kameni a obnov\u00ed p\u016fvodn\u00ed zbarven\u00ed povrchu.<\/li>\n<\/ul>\n<h2>Post\u0159ikova\u010d tlakov\u00fd Prima 3<\/h2>\n<ul>\n<li>kompaktn\u00ed tlakov\u00fd post\u0159ikova\u010d o objemu t\u0159i litry. V\u00fdkonn\u00e1 tlakov\u00e1 pumpa a maxim\u00e1ln\u00ed provozn\u00ed tlak 3 bary zajist\u00ed vynikaj\u00edc\u00ed v\u00fdsledky.<\/li>\n<li>objem pln\u011bn\u00ed 3l, celkov\u00fd objem n\u00e1doby 5l<\/li>\n<li>maxim\u00e1ln\u00ed provozn\u00ed tlak 3.0 bar<\/li>\n<li>v\u00fdkonn\u00e1 tlakov\u00e1 pumpa<\/li>\n<\/ul>\n<hr \/>\n<h2>Technick\u00fd popis<\/h2>\n<p><strong>N\u00e1vod k pou\u017eit\u00ed sady na k\u00e1men<\/strong><\/p>\n<ul>\n<li>P\u0159ed nanesen\u00edm p\u0159\u00edpravku Xtreme by m\u011bla b\u00fdt dla\u017eba m\u00edrn\u011b vlhk\u00e1, ale ne aby na n\u00ed st\u00e1la voda.<\/li>\n<li>Naneste pomoc\u00ed post\u0159ikova\u010de. P\u0159i p\u0159\u00edm\u00e9m slunci dbejte na to, aby plocha po dobu 60. minut \u00fapln\u011b nevyschla.<\/li>\n<li>Opl\u00e1chn\u011bte \u010distou vodou.<\/li>\n<li>Nechte k\u00e1men vyschnout.<\/li>\n<li>Pomoc\u00ed post\u0159ikova\u010de (vypl\u00e1chnut\u00fd od Xtremu) naneste impregnaci na k\u00e1men.<\/li>\n<li>Dbejte na to, aby se nevytv\u00e1\u0159eli kalu\u017ee (m\u00edsta s\u00a0p\u0159\u00edli\u0161 velk\u00fdm mno\u017estv\u00edm impregna\u010dn\u00edho n\u00e1t\u011bru). Pokud dojde k nadm\u011brn\u00e9mu nanesen\u00ed p\u0159\u00edpravku, m\u016f\u017eete p\u0159ebyte\u010dn\u00fd n\u00e1t\u011br odstranit such\u00fdm v\u00e1le\u010dkem nebo houbi\u010dkou. Ujist\u011bte se, \u017ee k tomu dojde b\u011bhem 45 minut. U nan\u00e1\u0161en\u00ed na svisl\u00e9 plochy za\u010dn\u011bte nan\u00e1\u0161et p\u0159\u00edpravek v doln\u00ed \u010d\u00e1sti a pokra\u010dujte sm\u011brem nahoru.<\/li>\n<li>Jedna aplikace p\u0159\u00edpravku je obvykle dosta\u010duj\u00edc\u00ed, ale pro dosa\u017een\u00ed nejlep\u0161\u00edho v\u00fdsledk\u016f aplikujte druhou vrstvu \u201cmokr\u00e9 na mokr\u00e9\u201d b\u011bhem 20 minut. Neaplikujte ve vlhk\u00fdch podm\u00ednk\u00e1ch a aplikujte pouze p\u0159i minim\u00e1ln\u00edch teplot\u00e1ch 12 \u00b0C a\u017e 15\u00b0 C. P\u0159ed pou\u017eit\u00edm dob\u0159e prot\u0159epejte kanystr.<\/li>\n<li>V\u0161echny n\u00e1stroje by m\u011bly b\u00fdt ihned po pou\u017eit\u00ed vy\u010di\u0161t\u011bny vodou.<\/li>\n<\/ul>\n","protected":false},"excerpt":{"rendered":"<p><strong>Postrekova\u010d ZDARMA<\/strong><\/p>\n<p>Zv\u00fdhodnen\u00e1 sada na o\u0161etrenie pr\u00edrodn\u00e9ho kame\u0148a na 40 m2. Obsahuje Xtreme, impregn\u00e1ciu a postrekova\u010d ZDARMA<\/p>\n","protected":false},"featured_media":13936,"comment_status":"open","ping_status":"closed","template":"","meta":[],"product_brand":[],"product_cat":[57,46,132,61],"product_tag":[],"class_list":{"0":"post-13945","1":"product","2":"type-product","3":"status-publish","4":"has-post-thumbnail","6":"product_cat-prirodni-kamen","7":"product_cat-impregnacia-na-prirodni-kamen","8":"product_cat-sady","9":"product_cat-prirodni-kamen-terasy","11":"first","12":"outofstock","13":"taxable","14":"shipping-taxable","15":"purchasable","16":"product-type-simple"},"yoast_head":"<!-- This site is optimized with the Yoast SEO Premium plugin v26.8 (Yoast SEO v26.9) - https:\/\/yoast.com\/product\/yoast-seo-premium-wordpress\/ -->\n<title>Sada na kame\u0148 - such\u00fd vzh\u013ead (40 m2) I Smartseal SK<\/title>\n<meta name=\"description\" content=\"S\u00faprava na o\u0161etrenie pr\u00edrodn\u00e9ho kame\u0148a obsahuje pr\u00edpravky na o\u0161etrenie 40 m2. S\u00faprava obsahuje \u010distiaci prostriedok, impregna\u010dn\u00fd prostriedok a rozpra\u0161ova\u010d.\" \/>\n<meta name=\"robots\" content=\"index, follow, max-snippet:-1, max-image-preview:large, max-video-preview:-1\" \/>\n<link rel=\"canonical\" href=\"https:\/\/smartseal.cz\/sk\/produkt\/sada-na-kamen-suchy-vzhlad-40-m2\/\" \/>\n<meta property=\"og:locale\" content=\"sk_SK\" \/>\n<meta property=\"og:type\" content=\"article\" \/>\n<meta property=\"og:title\" content=\"Sada na kame\u0148 - such\u00fd vzh\u013ead (40 m2)\" \/>\n<meta property=\"og:description\" content=\"S\u00faprava na o\u0161etrenie pr\u00edrodn\u00e9ho kame\u0148a obsahuje pr\u00edpravky na o\u0161etrenie 40 m2. S\u00faprava obsahuje \u010distiaci prostriedok, impregna\u010dn\u00fd prostriedok a rozpra\u0161ova\u010d.\" \/>\n<meta property=\"og:url\" content=\"https:\/\/smartseal.cz\/sk\/produkt\/sada-na-kamen-suchy-vzhlad-40-m2\/\" \/>\n<meta property=\"og:site_name\" content=\"Smartseal Slovensko\" \/>\n<meta property=\"article:modified_time\" content=\"2026-03-26T11:50:48+00:00\" \/>\n<meta property=\"og:image\" content=\"https:\/\/smartseal.cz\/sk\/wp-content\/uploads\/2023\/10\/balicek_kamen_C-ivana-MacBook-Air.jpg\" \/>\n\t<meta property=\"og:image:width\" content=\"800\" \/>\n\t<meta property=\"og:image:height\" content=\"800\" \/>\n\t<meta property=\"og:image:type\" content=\"image\/jpeg\" \/>\n<meta name=\"twitter:card\" content=\"summary_large_image\" \/>\n<meta name=\"twitter:label1\" content=\"Predpokladan\u00fd \u010das \u010d\u00edtania\" \/>\n\t<meta name=\"twitter:data1\" content=\"3 min\u00faty\" \/>\n<script type=\"application\/ld+json\" class=\"yoast-schema-graph\">{\"@context\":\"https:\/\/schema.org\",\"@graph\":[{\"@type\":\"WebPage\",\"@id\":\"https:\/\/smartseal.cz\/sk\/produkt\/sada-na-kamen-suchy-vzhlad-40-m2\/\",\"url\":\"https:\/\/smartseal.cz\/sk\/produkt\/sada-na-kamen-suchy-vzhlad-40-m2\/\",\"name\":\"Sada na kame\u0148 - such\u00fd vzh\u013ead (40 m2) I Smartseal SK\",\"isPartOf\":{\"@id\":\"https:\/\/smartseal.cz\/sk\/#website\"},\"primaryImageOfPage\":{\"@id\":\"https:\/\/smartseal.cz\/sk\/produkt\/sada-na-kamen-suchy-vzhlad-40-m2\/#primaryimage\"},\"image\":{\"@id\":\"https:\/\/smartseal.cz\/sk\/produkt\/sada-na-kamen-suchy-vzhlad-40-m2\/#primaryimage\"},\"thumbnailUrl\":\"https:\/\/smartseal.cz\/sk\/wp-content\/uploads\/2023\/10\/balicek_kamen_C-ivana-MacBook-Air.jpg\",\"datePublished\":\"2023-10-27T12:16:49+00:00\",\"dateModified\":\"2026-03-26T11:50:48+00:00\",\"description\":\"S\u00faprava na o\u0161etrenie pr\u00edrodn\u00e9ho kame\u0148a obsahuje pr\u00edpravky na o\u0161etrenie 40 m2. S\u00faprava obsahuje \u010distiaci prostriedok, impregna\u010dn\u00fd prostriedok a rozpra\u0161ova\u010d.\",\"breadcrumb\":{\"@id\":\"https:\/\/smartseal.cz\/sk\/produkt\/sada-na-kamen-suchy-vzhlad-40-m2\/#breadcrumb\"},\"inLanguage\":\"sk-SK\",\"potentialAction\":[{\"@type\":\"ReadAction\",\"target\":[\"https:\/\/smartseal.cz\/sk\/produkt\/sada-na-kamen-suchy-vzhlad-40-m2\/\"]}]},{\"@type\":\"ImageObject\",\"inLanguage\":\"sk-SK\",\"@id\":\"https:\/\/smartseal.cz\/sk\/produkt\/sada-na-kamen-suchy-vzhlad-40-m2\/#primaryimage\",\"url\":\"https:\/\/smartseal.cz\/sk\/wp-content\/uploads\/2023\/10\/balicek_kamen_C-ivana-MacBook-Air.jpg\",\"contentUrl\":\"https:\/\/smartseal.cz\/sk\/wp-content\/uploads\/2023\/10\/balicek_kamen_C-ivana-MacBook-Air.jpg\",\"width\":800,\"height\":800},{\"@type\":\"BreadcrumbList\",\"@id\":\"https:\/\/smartseal.cz\/sk\/produkt\/sada-na-kamen-suchy-vzhlad-40-m2\/#breadcrumb\",\"itemListElement\":[{\"@type\":\"ListItem\",\"position\":1,\"name\":\"Dom\u016f\",\"item\":\"https:\/\/smartseal.cz\/sk\/\"},{\"@type\":\"ListItem\",\"position\":2,\"name\":\"Obchod\",\"item\":\"https:\/\/smartseal.cz\/sk\/obchod\/\"},{\"@type\":\"ListItem\",\"position\":3,\"name\":\"Sada na kame\u0148 &#8211; such\u00fd vzh\u013ead (40 m2)\"}]},{\"@type\":\"WebSite\",\"@id\":\"https:\/\/smartseal.cz\/sk\/#website\",\"url\":\"https:\/\/smartseal.cz\/sk\/\",\"name\":\"Smartseal Slovensko\",\"description\":\"Chytr\u00e9 n\u00e1tery na v\u0161etky povrchy\",\"potentialAction\":[{\"@type\":\"SearchAction\",\"target\":{\"@type\":\"EntryPoint\",\"urlTemplate\":\"https:\/\/smartseal.cz\/sk\/?s={search_term_string}\"},\"query-input\":{\"@type\":\"PropertyValueSpecification\",\"valueRequired\":true,\"valueName\":\"search_term_string\"}}],\"inLanguage\":\"sk-SK\"}]}<\/script>\n<!-- \/ Yoast SEO Premium plugin. -->","yoast_head_json":{"title":"Sada na kame\u0148 - such\u00fd vzh\u013ead (40 m2) I Smartseal SK","description":"S\u00faprava na o\u0161etrenie pr\u00edrodn\u00e9ho kame\u0148a obsahuje pr\u00edpravky na o\u0161etrenie 40 m2. S\u00faprava obsahuje \u010distiaci prostriedok, impregna\u010dn\u00fd prostriedok a rozpra\u0161ova\u010d.","robots":{"index":"index","follow":"follow","max-snippet":"max-snippet:-1","max-image-preview":"max-image-preview:large","max-video-preview":"max-video-preview:-1"},"canonical":"https:\/\/smartseal.cz\/sk\/produkt\/sada-na-kamen-suchy-vzhlad-40-m2\/","og_locale":"sk_SK","og_type":"article","og_title":"Sada na kame\u0148 - such\u00fd vzh\u013ead (40 m2)","og_description":"S\u00faprava na o\u0161etrenie pr\u00edrodn\u00e9ho kame\u0148a obsahuje pr\u00edpravky na o\u0161etrenie 40 m2. S\u00faprava obsahuje \u010distiaci prostriedok, impregna\u010dn\u00fd prostriedok a rozpra\u0161ova\u010d.","og_url":"https:\/\/smartseal.cz\/sk\/produkt\/sada-na-kamen-suchy-vzhlad-40-m2\/","og_site_name":"Smartseal Slovensko","article_modified_time":"2026-03-26T11:50:48+00:00","og_image":[{"width":800,"height":800,"url":"https:\/\/smartseal.cz\/sk\/wp-content\/uploads\/2023\/10\/balicek_kamen_C-ivana-MacBook-Air.jpg","type":"image\/jpeg"}],"twitter_card":"summary_large_image","twitter_misc":{"Predpokladan\u00fd \u010das \u010d\u00edtania":"3 min\u00faty"},"schema":{"@context":"https:\/\/schema.org","@graph":[{"@type":"WebPage","@id":"https:\/\/smartseal.cz\/sk\/produkt\/sada-na-kamen-suchy-vzhlad-40-m2\/","url":"https:\/\/smartseal.cz\/sk\/produkt\/sada-na-kamen-suchy-vzhlad-40-m2\/","name":"Sada na kame\u0148 - such\u00fd vzh\u013ead (40 m2) I Smartseal SK","isPartOf":{"@id":"https:\/\/smartseal.cz\/sk\/#website"},"primaryImageOfPage":{"@id":"https:\/\/smartseal.cz\/sk\/produkt\/sada-na-kamen-suchy-vzhlad-40-m2\/#primaryimage"},"image":{"@id":"https:\/\/smartseal.cz\/sk\/produkt\/sada-na-kamen-suchy-vzhlad-40-m2\/#primaryimage"},"thumbnailUrl":"https:\/\/smartseal.cz\/sk\/wp-content\/uploads\/2023\/10\/balicek_kamen_C-ivana-MacBook-Air.jpg","datePublished":"2023-10-27T12:16:49+00:00","dateModified":"2026-03-26T11:50:48+00:00","description":"S\u00faprava na o\u0161etrenie pr\u00edrodn\u00e9ho kame\u0148a obsahuje pr\u00edpravky na o\u0161etrenie 40 m2. S\u00faprava obsahuje \u010distiaci prostriedok, impregna\u010dn\u00fd prostriedok a rozpra\u0161ova\u010d.","breadcrumb":{"@id":"https:\/\/smartseal.cz\/sk\/produkt\/sada-na-kamen-suchy-vzhlad-40-m2\/#breadcrumb"},"inLanguage":"sk-SK","potentialAction":[{"@type":"ReadAction","target":["https:\/\/smartseal.cz\/sk\/produkt\/sada-na-kamen-suchy-vzhlad-40-m2\/"]}]},{"@type":"ImageObject","inLanguage":"sk-SK","@id":"https:\/\/smartseal.cz\/sk\/produkt\/sada-na-kamen-suchy-vzhlad-40-m2\/#primaryimage","url":"https:\/\/smartseal.cz\/sk\/wp-content\/uploads\/2023\/10\/balicek_kamen_C-ivana-MacBook-Air.jpg","contentUrl":"https:\/\/smartseal.cz\/sk\/wp-content\/uploads\/2023\/10\/balicek_kamen_C-ivana-MacBook-Air.jpg","width":800,"height":800},{"@type":"BreadcrumbList","@id":"https:\/\/smartseal.cz\/sk\/produkt\/sada-na-kamen-suchy-vzhlad-40-m2\/#breadcrumb","itemListElement":[{"@type":"ListItem","position":1,"name":"Dom\u016f","item":"https:\/\/smartseal.cz\/sk\/"},{"@type":"ListItem","position":2,"name":"Obchod","item":"https:\/\/smartseal.cz\/sk\/obchod\/"},{"@type":"ListItem","position":3,"name":"Sada na kame\u0148 &#8211; such\u00fd vzh\u013ead (40 m2)"}]},{"@type":"WebSite","@id":"https:\/\/smartseal.cz\/sk\/#website","url":"https:\/\/smartseal.cz\/sk\/","name":"Smartseal Slovensko","description":"Chytr\u00e9 n\u00e1tery na v\u0161etky povrchy","potentialAction":[{"@type":"SearchAction","target":{"@type":"EntryPoint","urlTemplate":"https:\/\/smartseal.cz\/sk\/?s={search_term_string}"},"query-input":{"@type":"PropertyValueSpecification","valueRequired":true,"valueName":"search_term_string"}}],"inLanguage":"sk-SK"}]}},"_links":{"self":[{"href":"https:\/\/smartseal.cz\/sk\/wp-json\/wp\/v2\/product\/13945","targetHints":{"allow":["GET"]}}],"collection":[{"href":"https:\/\/smartseal.cz\/sk\/wp-json\/wp\/v2\/product"}],"about":[{"href":"https:\/\/smartseal.cz\/sk\/wp-json\/wp\/v2\/types\/product"}],"replies":[{"embeddable":true,"href":"https:\/\/smartseal.cz\/sk\/wp-json\/wp\/v2\/comments?post=13945"}],"wp:featuredmedia":[{"embeddable":true,"href":"https:\/\/smartseal.cz\/sk\/wp-json\/wp\/v2\/media\/13936"}],"wp:attachment":[{"href":"https:\/\/smartseal.cz\/sk\/wp-json\/wp\/v2\/media?parent=13945"}],"wp:term":[{"taxonomy":"product_brand","embeddable":true,"href":"https:\/\/smartseal.cz\/sk\/wp-json\/wp\/v2\/product_brand?post=13945"},{"taxonomy":"product_cat","embeddable":true,"href":"https:\/\/smartseal.cz\/sk\/wp-json\/wp\/v2\/product_cat?post=13945"},{"taxonomy":"product_tag","embeddable":true,"href":"https:\/\/smartseal.cz\/sk\/wp-json\/wp\/v2\/product_tag?post=13945"}],"curies":[{"name":"wp","href":"https:\/\/api.w.org\/{rel}","templated":true}]}}