{"id":11060,"date":"2023-02-27T22:19:42","date_gmt":"2023-02-27T21:19:42","guid":{"rendered":"https:\/\/smartseal.cz\/sk\/?post_type=product&#038;p=11060"},"modified":"2026-03-23T10:15:28","modified_gmt":"2026-03-23T09:15:28","slug":"impregnacia-prirodneho-kamena-suchy-vzhlad-1l","status":"publish","type":"product","link":"https:\/\/smartseal.cz\/sk\/produkt\/impregnacia-prirodneho-kamena-suchy-vzhlad-1l\/","title":{"rendered":"Impregn\u00e1cia pr\u00edrodn\u00e9ho kame\u0148a &#8211; such\u00fd vzh\u013ead, 1l"},"content":{"rendered":"<h2>Bezfarebn\u00e1 impregn\u00e1cia na pr\u00edrodn\u00fd kame\u0148: pieskovec, v\u00e1penec, \u017eula a bridlica<\/h2>\n<p>Smartseal Impregnace na p\u0159\u00edrodn\u00ed k\u00e1men je vysoce kvalitn\u00ed, \u010dist\u00fd, bez rozpou\u0161t\u011bdlov\u00fd akrylov\u00fd impregna\u010dn\u00ed n\u00e1t\u011br. Pou\u017eit\u00ed tohoto prost\u0159edku zm\u011bn\u00ed chemickou strukturu por\u00e9zn\u00edho p\u00edskovce nebo p\u0159\u00edrodn\u00edho kamene a zajist\u00ed tak vynikaj\u00edc\u00ed vodoodpudiv\u00fd a odoln\u00fd povrch.<\/p>\n<p><strong>Vlastnosti produktu<\/strong><\/p>\n<ul>\n<li>Pou\u017eit\u00ed jednoho n\u00e1t\u011bru sta\u010d\u00ed na nasycen\u00ed povrchu (pro nejlep\u0161\u00ed v\u00fdsledky aplikujte 2 vrstvy &#8220;mokr\u00e9 na mokr\u00e9&#8221;)<\/li>\n<li>5 litr\u016f v\u00e1m pokryje v pr\u016fm\u011bru 40 m\u00b2<\/li>\n<li>Odoln\u00fd v\u016f\u010di mech\u016fm, li\u0161ejn\u00edk\u016fm a kyselin\u00e1m<\/li>\n<li>Such\u00fd vzhled povrchu po aplikaci<\/li>\n<li>Pr\u016fm\u011brn\u00e1 spot\u0159eba: 1. n\u00e1t\u011br 5 &#8211; 8m\u00b2\/ 1l, 2. n\u00e1t\u011br 8-16m\u00b2 \/1l (z\u00e1le\u017e\u00ed na nas\u00e1kavosti kamene)<\/li>\n<li>Snadn\u00e1 aplikace v\u00e1le\u010dkem nebo post\u0159ikova\u010dem<\/li>\n<li>Schne 2-3 hodiny<\/li>\n<li>Pln\u011b vodoodpudiv\u00fd po 24 hodin\u00e1ch<\/li>\n<li>\u017divotnost a\u017e 5 let<\/li>\n<li>Vhodn\u00e9 pro p\u00edskovce, v\u00e1pence, cihlu, travertin, b\u0159idlici a \u017eulu<\/li>\n<li>Lze pou\u017eit v\u00a0exteri\u00e9rech i interi\u00e9rech<\/li>\n<\/ul>\n<p><strong>Doporu\u010den\u00e1 spot\u0159eba<\/strong><\/p>\n<ul>\n<li>5l\/20m2<\/li>\n<li>1l\/4m2-6m2<\/li>\n<\/ul>\n<p><strong>Dostupn\u00e9 velikosti<\/strong><\/p>\n<ul>\n<li><a href=\"https:\/\/smartseal.cz\/sk\/produkt\/impregnace-na-prirodni-kamen-suchy-vzhled-vzorek\/\">vzorek 100ml<\/a>, <a href=\"https:\/\/smartseal.cz\/sk\/produkt\/impregnace-na-prirodni-kamen-suchy-vzhled-1l\/\">1l<\/a>, <a href=\"https:\/\/smartseal.cz\/sk\/produkt\/impregnace-na-prirodni-kamen-suchy-vzhled\/\">5l<\/a><\/li>\n<\/ul>\n<h3>Technick\u00fd popis Impregnace na p\u0159\u00edrodn\u00ed k\u00e1men<\/h3>\n<p><strong>P\u0159\u00edprava<\/strong><\/p>\n<ul>\n<li>P\u0159ed pou\u017eit\u00edm impregna\u010dn\u00edho n\u00e1t\u011bru zajist\u011bte, aby povrchy, kter\u00e9 budou o\u0161et\u0159ov\u00e1ny, byly \u010dist\u00e9, such\u00e9 a bez kontaminace. Pokud jsou p\u0159\u00edtomny \u0159asy nebo skvrny \u0161p\u00edny, je t\u0159eba je p\u0159ed o\u0161et\u0159en\u00edm \u0159\u00e1dn\u011b vy\u010distit vhodn\u00fdm \u010dist\u00edc\u00edm prost\u0159edkem.<\/li>\n<li>*Pokud je o\u0161et\u0159ovan\u00fd povrch b\u011bhem uplynul\u00fdch 6 m\u011bs\u00edc\u016f o\u0161et\u0159en jak\u00fdmkoliv p\u0159\u00edpravkem, mus\u00ed b\u00fdt p\u0159ed aplikac\u00ed n\u00e1t\u011bru zcela vy\u010di\u0161t\u011bn pomoc\u00ed <a href=\"https:\/\/smartseal.cz\/sk\/produkt\/odstranovac-impregnacnich-nateru-na-kamen\/\">Odstra\u0148ova\u010d impregna\u010dn\u00edch n\u00e1t\u011br\u016f<\/a>\u00a0*<\/li>\n<\/ul>\n<p><strong>Pou\u017eit\u00ed<\/strong><\/p>\n<ul>\n<li>Doporu\u010duje se pou\u017e\u00edvat vhodn\u00fd post\u0159ikova\u010d nebo v\u00e1le\u010dek. Dbejte na to, aby se nevytv\u00e1\u0159eli kalu\u017ee (m\u00edsta s\u00a0p\u0159\u00edli\u0161 velk\u00fdm mno\u017estv\u00edm impregna\u010dn\u00edho n\u00e1t\u011bru). Pokud dojde k nadm\u011brn\u00e9mu nanesen\u00ed p\u0159\u00edpravku, m\u016f\u017eete p\u0159ebyte\u010dn\u00fd n\u00e1t\u011br odstranit such\u00fdm v\u00e1le\u010dkem nebo houbi\u010dkou. Ujist\u011bte se, \u017ee k tomu dojde b\u011bhem 45 minut. U nan\u00e1\u0161en\u00ed na svisl\u00e9 plochy za\u010dn\u011bte nan\u00e1\u0161et p\u0159\u00edpravek v doln\u00ed \u010d\u00e1sti a pokra\u010dujte sm\u011brem nahoru.<\/li>\n<li>Jedna aplikace p\u0159\u00edpravku je obvykle dosta\u010duj\u00edc\u00ed, ale pro dosa\u017een\u00ed nejlep\u0161\u00edho v\u00fdsledk\u016f aplikujte druhou vrstvu &#8220;mokr\u00e9 na mokr\u00e9&#8221; b\u011bhem 30 minut. Neaplikujte ve vlhk\u00fdch podm\u00ednk\u00e1ch a aplikujte pouze p\u0159i minim\u00e1ln\u00edch teplot\u00e1ch 12 \u00b0C a\u017e 15\u00b0 C. P\u0159ed pou\u017eit\u00edm dob\u0159e prot\u0159epejte kanystr.<\/li>\n<li>V\u0161echny n\u00e1stroje by m\u011bly b\u00fdt ihned po pou\u017eit\u00ed vy\u010di\u0161t\u011bny vodou.<\/li>\n<\/ul>\n<p><strong>\u017divotn\u00ed prost\u0159ed\u00ed<\/strong><\/p>\n<ul>\n<li>Uchov\u00e1vejte mimo dosah p\u0159\u00edm\u00e9ho slune\u010dn\u00edho z\u00e1\u0159en\u00ed a zdroj\u016f tepla. Chra\u0148te p\u0159ed mrazem.<\/li>\n<li>Spot\u0159ebujte do 3 m\u011bs\u00edc\u016f od otev\u0159en\u00ed (v origin\u00e1ln\u00edm uzav\u0159en\u00e9m obalu).<\/li>\n<\/ul>\n<h4>Bezpe\u010dnostn\u00ed list produktu<\/h4>\n<p><a href=\"https:\/\/smartseal.cz\/sk\/wp-content\/uploads\/sites\/2\/2024\/10\/BL_SMARTSEAL-NATURAL-STONE-SEALER-DRY_CZ.pdf\">Bezpe\u010dnostn\u00ed list ke sta\u017een\u00ed v PDF<\/a><\/p>\n<h4>N\u00e1vod k produktu<\/h4>\n<p><a href=\"https:\/\/smartseal.cz\/sk\/wp-content\/uploads\/sites\/2\/2024\/10\/TL_IMP_K_SUCHY.pdf\">N\u00e1vod k pou\u017eit\u00ed ke sta\u017een\u00ed v PDF<\/a><\/p>\n","protected":false},"excerpt":{"rendered":"<p>\u00da\u010dinn\u00e1 impregn\u00e1cia pieskovca, v\u00e1penca, \u017euly a bridlice. Kame\u0148 m\u00e1 po aplik\u00e1cii such\u00fd vzh\u013ead. Spotreba: 8m\u00b2\/ 1l<\/p>\n","protected":false},"featured_media":11076,"comment_status":"open","ping_status":"closed","template":"","meta":[],"product_brand":[],"product_cat":[57,24,47,46,38,61,21],"product_tag":[],"class_list":{"0":"post-11060","1":"product","2":"type-product","3":"status-publish","4":"has-post-thumbnail","6":"product_cat-prirodni-kamen","7":"product_cat-impregnacia-ochranne-natery","8":"product_cat-ochranne-natery-teras","9":"product_cat-impregnacia-na-prirodni-kamen","10":"product_cat-vonkajsie-terasy-nadvoria","11":"product_cat-prirodni-kamen-terasy","12":"product_cat-pristupove-cesty-chodniky","13":"pa_barva-bezbarva","14":"pa_faze-pouziti-impregnace","15":"pa_faze-pouziti-nasledna-pece","16":"pa_velikost-baleni-1l","18":"first","19":"outofstock","20":"taxable","21":"shipping-taxable","22":"purchasable","23":"product-type-simple"},"yoast_head":"<!-- This site is optimized with the Yoast SEO Premium plugin v26.8 (Yoast SEO v26.9) - https:\/\/yoast.com\/product\/yoast-seo-premium-wordpress\/ -->\n<title>Impregn\u00e1cia pr\u00edrodn\u00e9ho kame\u0148a - such\u00fd vzh\u013ead 1L | Smartseal SK<\/title>\n<meta name=\"description\" content=\"Bezfarebn\u00e1 impregn\u00e1cia na pr\u00edrodn\u00fd kame\u0148 pre pieskovec. Pr\u00edrodn\u00fd kame\u0148 m\u00e1 po aplik\u00e1cii hydrof\u00f3bne vlastnosti . 5 l o\u0161etr\u00ed plochu pribli\u017ene 40 m2.\" \/>\n<meta name=\"robots\" content=\"index, follow, max-snippet:-1, max-image-preview:large, max-video-preview:-1\" \/>\n<link rel=\"canonical\" href=\"https:\/\/smartseal.cz\/sk\/produkt\/impregnacia-prirodneho-kamena-suchy-vzhlad-1l\/\" \/>\n<meta property=\"og:locale\" content=\"sk_SK\" \/>\n<meta property=\"og:type\" content=\"article\" \/>\n<meta property=\"og:title\" content=\"Impregn\u00e1cia pr\u00edrodn\u00e9ho kame\u0148a - such\u00fd vzh\u013ead, 1l\" \/>\n<meta property=\"og:description\" content=\"Bezfarebn\u00e1 impregn\u00e1cia na pr\u00edrodn\u00fd kame\u0148 pre pieskovec. Pr\u00edrodn\u00fd kame\u0148 m\u00e1 po aplik\u00e1cii hydrof\u00f3bne vlastnosti . 5 l o\u0161etr\u00ed plochu pribli\u017ene 40 m2.\" \/>\n<meta property=\"og:url\" content=\"https:\/\/smartseal.cz\/sk\/produkt\/impregnacia-prirodneho-kamena-suchy-vzhlad-1l\/\" \/>\n<meta property=\"og:site_name\" content=\"Smartseal Slovensko\" \/>\n<meta property=\"article:modified_time\" content=\"2026-03-23T09:15:28+00:00\" \/>\n<meta property=\"og:image\" content=\"https:\/\/smartseal.cz\/sk\/wp-content\/uploads\/2023\/03\/barel1L_impr_kamen_suchy_vzhled.png\" \/>\n\t<meta property=\"og:image:width\" content=\"800\" \/>\n\t<meta property=\"og:image:height\" content=\"800\" \/>\n\t<meta property=\"og:image:type\" content=\"image\/png\" \/>\n<meta name=\"twitter:card\" content=\"summary_large_image\" \/>\n<meta name=\"twitter:label1\" content=\"Predpokladan\u00fd \u010das \u010d\u00edtania\" \/>\n\t<meta name=\"twitter:data1\" content=\"3 min\u00faty\" \/>\n<script type=\"application\/ld+json\" class=\"yoast-schema-graph\">{\"@context\":\"https:\/\/schema.org\",\"@graph\":[{\"@type\":\"WebPage\",\"@id\":\"https:\/\/smartseal.cz\/sk\/produkt\/impregnacia-prirodneho-kamena-suchy-vzhlad-1l\/\",\"url\":\"https:\/\/smartseal.cz\/sk\/produkt\/impregnacia-prirodneho-kamena-suchy-vzhlad-1l\/\",\"name\":\"Impregn\u00e1cia pr\u00edrodn\u00e9ho kame\u0148a - such\u00fd vzh\u013ead 1L | Smartseal SK\",\"isPartOf\":{\"@id\":\"https:\/\/smartseal.cz\/sk\/#website\"},\"primaryImageOfPage\":{\"@id\":\"https:\/\/smartseal.cz\/sk\/produkt\/impregnacia-prirodneho-kamena-suchy-vzhlad-1l\/#primaryimage\"},\"image\":{\"@id\":\"https:\/\/smartseal.cz\/sk\/produkt\/impregnacia-prirodneho-kamena-suchy-vzhlad-1l\/#primaryimage\"},\"thumbnailUrl\":\"https:\/\/smartseal.cz\/sk\/wp-content\/uploads\/2023\/03\/barel1L_impr_kamen_suchy_vzhled.png\",\"datePublished\":\"2023-02-27T21:19:42+00:00\",\"dateModified\":\"2026-03-23T09:15:28+00:00\",\"description\":\"Bezfarebn\u00e1 impregn\u00e1cia na pr\u00edrodn\u00fd kame\u0148 pre pieskovec. Pr\u00edrodn\u00fd kame\u0148 m\u00e1 po aplik\u00e1cii hydrof\u00f3bne vlastnosti . 5 l o\u0161etr\u00ed plochu pribli\u017ene 40 m2.\",\"breadcrumb\":{\"@id\":\"https:\/\/smartseal.cz\/sk\/produkt\/impregnacia-prirodneho-kamena-suchy-vzhlad-1l\/#breadcrumb\"},\"inLanguage\":\"sk-SK\",\"potentialAction\":[{\"@type\":\"ReadAction\",\"target\":[\"https:\/\/smartseal.cz\/sk\/produkt\/impregnacia-prirodneho-kamena-suchy-vzhlad-1l\/\"]}]},{\"@type\":\"ImageObject\",\"inLanguage\":\"sk-SK\",\"@id\":\"https:\/\/smartseal.cz\/sk\/produkt\/impregnacia-prirodneho-kamena-suchy-vzhlad-1l\/#primaryimage\",\"url\":\"https:\/\/smartseal.cz\/sk\/wp-content\/uploads\/2023\/03\/barel1L_impr_kamen_suchy_vzhled.png\",\"contentUrl\":\"https:\/\/smartseal.cz\/sk\/wp-content\/uploads\/2023\/03\/barel1L_impr_kamen_suchy_vzhled.png\",\"width\":800,\"height\":800},{\"@type\":\"BreadcrumbList\",\"@id\":\"https:\/\/smartseal.cz\/sk\/produkt\/impregnacia-prirodneho-kamena-suchy-vzhlad-1l\/#breadcrumb\",\"itemListElement\":[{\"@type\":\"ListItem\",\"position\":1,\"name\":\"Dom\u016f\",\"item\":\"https:\/\/smartseal.cz\/sk\/\"},{\"@type\":\"ListItem\",\"position\":2,\"name\":\"Obchod\",\"item\":\"https:\/\/smartseal.cz\/sk\/obchod\/\"},{\"@type\":\"ListItem\",\"position\":3,\"name\":\"Impregn\u00e1cia pr\u00edrodn\u00e9ho kame\u0148a &#8211; such\u00fd vzh\u013ead, 1l\"}]},{\"@type\":\"WebSite\",\"@id\":\"https:\/\/smartseal.cz\/sk\/#website\",\"url\":\"https:\/\/smartseal.cz\/sk\/\",\"name\":\"Smartseal Slovensko\",\"description\":\"Chytr\u00e9 n\u00e1tery na v\u0161etky povrchy\",\"potentialAction\":[{\"@type\":\"SearchAction\",\"target\":{\"@type\":\"EntryPoint\",\"urlTemplate\":\"https:\/\/smartseal.cz\/sk\/?s={search_term_string}\"},\"query-input\":{\"@type\":\"PropertyValueSpecification\",\"valueRequired\":true,\"valueName\":\"search_term_string\"}}],\"inLanguage\":\"sk-SK\"}]}<\/script>\n<!-- \/ Yoast SEO Premium plugin. -->","yoast_head_json":{"title":"Impregn\u00e1cia pr\u00edrodn\u00e9ho kame\u0148a - such\u00fd vzh\u013ead 1L | Smartseal SK","description":"Bezfarebn\u00e1 impregn\u00e1cia na pr\u00edrodn\u00fd kame\u0148 pre pieskovec. Pr\u00edrodn\u00fd kame\u0148 m\u00e1 po aplik\u00e1cii hydrof\u00f3bne vlastnosti . 5 l o\u0161etr\u00ed plochu pribli\u017ene 40 m2.","robots":{"index":"index","follow":"follow","max-snippet":"max-snippet:-1","max-image-preview":"max-image-preview:large","max-video-preview":"max-video-preview:-1"},"canonical":"https:\/\/smartseal.cz\/sk\/produkt\/impregnacia-prirodneho-kamena-suchy-vzhlad-1l\/","og_locale":"sk_SK","og_type":"article","og_title":"Impregn\u00e1cia pr\u00edrodn\u00e9ho kame\u0148a - such\u00fd vzh\u013ead, 1l","og_description":"Bezfarebn\u00e1 impregn\u00e1cia na pr\u00edrodn\u00fd kame\u0148 pre pieskovec. Pr\u00edrodn\u00fd kame\u0148 m\u00e1 po aplik\u00e1cii hydrof\u00f3bne vlastnosti . 5 l o\u0161etr\u00ed plochu pribli\u017ene 40 m2.","og_url":"https:\/\/smartseal.cz\/sk\/produkt\/impregnacia-prirodneho-kamena-suchy-vzhlad-1l\/","og_site_name":"Smartseal Slovensko","article_modified_time":"2026-03-23T09:15:28+00:00","og_image":[{"width":800,"height":800,"url":"https:\/\/smartseal.cz\/sk\/wp-content\/uploads\/2023\/03\/barel1L_impr_kamen_suchy_vzhled.png","type":"image\/png"}],"twitter_card":"summary_large_image","twitter_misc":{"Predpokladan\u00fd \u010das \u010d\u00edtania":"3 min\u00faty"},"schema":{"@context":"https:\/\/schema.org","@graph":[{"@type":"WebPage","@id":"https:\/\/smartseal.cz\/sk\/produkt\/impregnacia-prirodneho-kamena-suchy-vzhlad-1l\/","url":"https:\/\/smartseal.cz\/sk\/produkt\/impregnacia-prirodneho-kamena-suchy-vzhlad-1l\/","name":"Impregn\u00e1cia pr\u00edrodn\u00e9ho kame\u0148a - such\u00fd vzh\u013ead 1L | Smartseal SK","isPartOf":{"@id":"https:\/\/smartseal.cz\/sk\/#website"},"primaryImageOfPage":{"@id":"https:\/\/smartseal.cz\/sk\/produkt\/impregnacia-prirodneho-kamena-suchy-vzhlad-1l\/#primaryimage"},"image":{"@id":"https:\/\/smartseal.cz\/sk\/produkt\/impregnacia-prirodneho-kamena-suchy-vzhlad-1l\/#primaryimage"},"thumbnailUrl":"https:\/\/smartseal.cz\/sk\/wp-content\/uploads\/2023\/03\/barel1L_impr_kamen_suchy_vzhled.png","datePublished":"2023-02-27T21:19:42+00:00","dateModified":"2026-03-23T09:15:28+00:00","description":"Bezfarebn\u00e1 impregn\u00e1cia na pr\u00edrodn\u00fd kame\u0148 pre pieskovec. Pr\u00edrodn\u00fd kame\u0148 m\u00e1 po aplik\u00e1cii hydrof\u00f3bne vlastnosti . 5 l o\u0161etr\u00ed plochu pribli\u017ene 40 m2.","breadcrumb":{"@id":"https:\/\/smartseal.cz\/sk\/produkt\/impregnacia-prirodneho-kamena-suchy-vzhlad-1l\/#breadcrumb"},"inLanguage":"sk-SK","potentialAction":[{"@type":"ReadAction","target":["https:\/\/smartseal.cz\/sk\/produkt\/impregnacia-prirodneho-kamena-suchy-vzhlad-1l\/"]}]},{"@type":"ImageObject","inLanguage":"sk-SK","@id":"https:\/\/smartseal.cz\/sk\/produkt\/impregnacia-prirodneho-kamena-suchy-vzhlad-1l\/#primaryimage","url":"https:\/\/smartseal.cz\/sk\/wp-content\/uploads\/2023\/03\/barel1L_impr_kamen_suchy_vzhled.png","contentUrl":"https:\/\/smartseal.cz\/sk\/wp-content\/uploads\/2023\/03\/barel1L_impr_kamen_suchy_vzhled.png","width":800,"height":800},{"@type":"BreadcrumbList","@id":"https:\/\/smartseal.cz\/sk\/produkt\/impregnacia-prirodneho-kamena-suchy-vzhlad-1l\/#breadcrumb","itemListElement":[{"@type":"ListItem","position":1,"name":"Dom\u016f","item":"https:\/\/smartseal.cz\/sk\/"},{"@type":"ListItem","position":2,"name":"Obchod","item":"https:\/\/smartseal.cz\/sk\/obchod\/"},{"@type":"ListItem","position":3,"name":"Impregn\u00e1cia pr\u00edrodn\u00e9ho kame\u0148a &#8211; such\u00fd vzh\u013ead, 1l"}]},{"@type":"WebSite","@id":"https:\/\/smartseal.cz\/sk\/#website","url":"https:\/\/smartseal.cz\/sk\/","name":"Smartseal Slovensko","description":"Chytr\u00e9 n\u00e1tery na v\u0161etky povrchy","potentialAction":[{"@type":"SearchAction","target":{"@type":"EntryPoint","urlTemplate":"https:\/\/smartseal.cz\/sk\/?s={search_term_string}"},"query-input":{"@type":"PropertyValueSpecification","valueRequired":true,"valueName":"search_term_string"}}],"inLanguage":"sk-SK"}]}},"_links":{"self":[{"href":"https:\/\/smartseal.cz\/sk\/wp-json\/wp\/v2\/product\/11060","targetHints":{"allow":["GET"]}}],"collection":[{"href":"https:\/\/smartseal.cz\/sk\/wp-json\/wp\/v2\/product"}],"about":[{"href":"https:\/\/smartseal.cz\/sk\/wp-json\/wp\/v2\/types\/product"}],"replies":[{"embeddable":true,"href":"https:\/\/smartseal.cz\/sk\/wp-json\/wp\/v2\/comments?post=11060"}],"wp:featuredmedia":[{"embeddable":true,"href":"https:\/\/smartseal.cz\/sk\/wp-json\/wp\/v2\/media\/11076"}],"wp:attachment":[{"href":"https:\/\/smartseal.cz\/sk\/wp-json\/wp\/v2\/media?parent=11060"}],"wp:term":[{"taxonomy":"product_brand","embeddable":true,"href":"https:\/\/smartseal.cz\/sk\/wp-json\/wp\/v2\/product_brand?post=11060"},{"taxonomy":"product_cat","embeddable":true,"href":"https:\/\/smartseal.cz\/sk\/wp-json\/wp\/v2\/product_cat?post=11060"},{"taxonomy":"product_tag","embeddable":true,"href":"https:\/\/smartseal.cz\/sk\/wp-json\/wp\/v2\/product_tag?post=11060"}],"curies":[{"name":"wp","href":"https:\/\/api.w.org\/{rel}","templated":true}]}}