{"id":10536,"date":"2022-10-12T14:58:29","date_gmt":"2022-10-12T12:58:29","guid":{"rendered":"https:\/\/smartseal.cz\/sk\/?post_type=product&#038;p=10536"},"modified":"2025-11-19T20:05:29","modified_gmt":"2025-11-19T19:05:29","slug":"renovace-spar-interier-cerna-black","status":"publish","type":"product","link":"https:\/\/smartseal.cz\/sk\/produkt\/renovace-spar-interier-cerna-black\/","title":{"rendered":"Renovace sp\u00e1r &#8211; interi\u00e9r, \u010dern\u00e1 (black)"},"content":{"rendered":"<h2><strong>Renovace sp\u00e1r &#8211; interi\u00e9r obnov\u00ed za\u0161l\u00e9 sp\u00e1ry<\/strong><\/h2>\n<p>V\u00fdrobek Renovace sp\u00e1r-interi\u00e9r je sp\u00e1rovac\u00ed hmota podobn\u00e1 sp\u00e1rovac\u00ed barv\u011b, ale s mnohem lep\u0161\u00edmi vlastnostmi, ne\u017e m\u00e1 pouze samotn\u00e1 barva. Je to perfektn\u00ed \u0159e\u0161en\u00ed pro obnoven\u00ed sp\u00e1rovac\u00ed hmoty, aby vypadala jako nov\u00e1. Pomoc\u00ed Renovace sp\u00e1r m\u016f\u017eete zcela zm\u011bnit barvu sp\u00e1ry.<\/p>\n<p>P\u0159ed pou\u017eit\u00edm v\u00fdrobku Renovace sp\u00e1r-interi\u00e9r je d\u016fle\u017eit\u00e9 d\u016fkladn\u011b vy\u010distit st\u00e1vaj\u00edc\u00ed sp\u00e1rovac\u00ed hmotu. Na vy\u010di\u0161t\u011bn\u00ed m\u016f\u017eete pou\u017e\u00edt <a href=\"https:\/\/smartseal.cz\/sk\/obchod\/cistic-na-spary\/\">\u010cisti\u010d na sp\u00e1ry Smartseal<\/a>. Pokud jsou na dla\u017edic\u00edch p\u0159\u00edtomny zbytky cementu nebo sp\u00e1rovac\u00ed hmoty, odstra\u0148te je. Doporu\u010dujeme odstranit st\u00e1vaj\u00edc\u00ed pl\u00edsn\u011b, abyste zabr\u00e1nili jak\u00fdmkoli zdravotn\u00edm pot\u00ed\u017e\u00edm zp\u016fsoben\u00fdch r\u016fstem pl\u00edsn\u00ed.<\/p>\n<p><strong>Jak funguje v\u00fdrobek Renovace sp\u00e1r-interi\u00e9r?<\/strong><\/p>\n<p>Renovace sp\u00e1r-interi\u00e9r je \u00fa\u010dinn\u00e1 sp\u00e1rovac\u00ed barva, kter\u00e9 se pou\u017e\u00edv\u00e1 ke zm\u011bn\u011b barvy star\u00e9 sp\u00e1ry. Je k dispozici v 10 barv\u00e1ch a obnov\u00ed a prom\u011bn\u00ed vzhled za\u0161l\u00fdch sp\u00e1r. Tento vynikaj\u00edc\u00ed tmel pohlcuje a pronik\u00e1 hluboko do st\u00e1vaj\u00edc\u00edho tmelu na st\u011bn\u00e1ch a dla\u017eb\u011b. M\u016f\u017ee d\u00e1t povrchu zcela nov\u00fd vzhled a v\u00fdrazn\u011b zlep\u0161it p\u016fvodn\u00ed.<\/p>\n<p>Po \u00fapln\u00e9m zaschnut\u00ed a \u00fapln\u00e9m vytvrzen\u00ed poskytne Renovace sp\u00e1r-interi\u00e9r trvanlivou ochranu. Pom\u016f\u017ee tak\u00e9 omezit r\u016fst a \u0161\u00ed\u0159en\u00ed pl\u00edsn\u00ed na podlah\u00e1ch a obkladech.<\/p>\n<p>Funguje tak\u00e9 jako \u00fa\u010dinn\u00fd odstra\u0148ova\u010d skvrn ve sp\u00e1r\u00e1ch.<\/p>\n<p>Renovace sp\u00e1r-interi\u00e9r nejen obnov\u00ed starou sp\u00e1rovac\u00ed hmotu, ale tak\u00e9 p\u016fsob\u00ed jako tmel, kter\u00fd vytv\u00e1\u0159\u00ed ochrannou bari\u00e9ru proti zabarven\u00ed. Zabr\u00e1n\u00edte tak v\u00fdskytu skvrn ve sp\u00e1r\u00e1ch, kterou se \u010dasem mohou objevit. Renovace sp\u00e1r-interi\u00e9r rychle a snadno p\u0159em\u011bn\u00ed vzhled star\u00e9 sp\u00e1rovac\u00ed hmoty.<\/p>\n<p><strong>V\u00ddHODY PRODUKTU:<\/strong><\/p>\n<ul>\n<li>Nabarv\u00ed a ut\u011bsn\u00ed sp\u00e1ry v\u00a0jednom kroku<\/li>\n<li>Ze star\u00e9ho povrchu ud\u011bl\u00e1 nov\u00fd<\/li>\n<li>Skryje skvrny ve sp\u00e1r\u00e1ch<\/li>\n<li>Pouze pro pou\u017eit\u00ed v interi\u00e9ru<\/li>\n<li>10 mo\u017enost\u00ed barvy: <a href=\"https:\/\/smartseal.cz\/sk\/produkt\/renovace-spar-interier-bila-white\/\">b\u00edl\u00e1<\/a>, <a href=\"https:\/\/smartseal.cz\/sk\/produkt\/renovace-spar-interier-cerna-black\/\">\u010dern\u00e1<\/a>, <a href=\"https:\/\/smartseal.cz\/sk\/produkt\/renovace-spar-interier-seda-mid-grey\/\">\u0161ed\u00e1<\/a>, <a href=\"https:\/\/smartseal.cz\/sk\/produkt\/renovace-spar-interier-ivory-ivory\/\">ivory<\/a>, <a href=\"https:\/\/smartseal.cz\/sk\/produkt\/renovace-spar-interier-tmave-seda-dark-grey\/\">tmav\u011b \u0161ed\u00e1<\/a>, <a href=\"https:\/\/smartseal.cz\/sk\/produkt\/renovace-spar-interier-svetle-seda-light-grey\/\">sv\u011btle \u0161ed\u00e1<\/a>, <a href=\"https:\/\/smartseal.cz\/sk\/produkt\/renovace-spar-interier-bezova-limestone\/\">b\u00e9\u017eov\u00e1<\/a>, <a href=\"https:\/\/smartseal.cz\/sk\/produkt\/renovace-spar-interier-piskova-sandstone\/#\">p\u00edskov\u00e1<\/a>, t<a href=\"https:\/\/smartseal.cz\/sk\/produkt\/renovace-spar-interier\/\">mav\u011b hn\u011bd\u00e1<\/a>, <a href=\"https:\/\/smartseal.cz\/sk\/produkt\/renovace-spar-interier-svetle-hneda-light-brown\/\">sv\u011btle hn\u011bd\u00e1<\/a><\/li>\n<\/ul>\n<h3><img decoding=\"async\" class=\"lazyload size-medium wp-image-5049 aligncenter\" src=\"https:\/\/smartseal.cz\/sk\/wp-content\/uploads\/sites\/2\/2019\/09\/renovace_spar_vzornik_barev-e1706001977318-500x173.jpg\" data-orig-src=\"https:\/\/smartseal.cz\/sk\/wp-content\/uploads\/sites\/2\/2019\/09\/renovace_spar_vzornik_barev-e1706001977318-500x173.jpg\" alt=\"Vzorn\u00edk renovace sp\u00e1r\" width=\"500\" height=\"173\" srcset=\"data:image\/svg+xml,%3Csvg%20xmlns%3D%27http%3A%2F%2Fwww.w3.org%2F2000%2Fsvg%27%20width%3D%27500%27%20height%3D%27173%27%20viewBox%3D%270%200%20500%20173%27%3E%3Crect%20width%3D%27500%27%20height%3D%27173%27%20fill-opacity%3D%220%22%2F%3E%3C%2Fsvg%3E\" data-srcset=\"https:\/\/smartseal.cz\/sk\/wp-content\/uploads\/2019\/09\/renovace_spar_vzornik_barev-e1706001977318-200x69.jpg 200w, https:\/\/smartseal.cz\/sk\/wp-content\/uploads\/2019\/09\/renovace_spar_vzornik_barev-e1706001977318-400x138.jpg 400w, https:\/\/smartseal.cz\/sk\/wp-content\/uploads\/2019\/09\/renovace_spar_vzornik_barev-e1706001977318-500x173.jpg 500w, https:\/\/smartseal.cz\/sk\/wp-content\/uploads\/2019\/09\/renovace_spar_vzornik_barev-e1706001977318-600x207.jpg 600w, https:\/\/smartseal.cz\/sk\/wp-content\/uploads\/2019\/09\/renovace_spar_vzornik_barev-e1706001977318-700x242.jpg 700w, https:\/\/smartseal.cz\/sk\/wp-content\/uploads\/2019\/09\/renovace_spar_vzornik_barev-e1706001977318-768x265.jpg 768w, https:\/\/smartseal.cz\/sk\/wp-content\/uploads\/2019\/09\/renovace_spar_vzornik_barev-e1706001977318.jpg 800w\" data-sizes=\"auto\" data-orig-sizes=\"(max-width: 500px) 100vw, 500px\" \/><\/h3>\n<h3>Technick\u00fd popis Renovace sp\u00e1r &#8211; interi\u00e9r<\/h3>\n<p><strong>Dostupn\u00e9 velikosti<\/strong><\/p>\n<ul>\n<li>L\u00e1hev 237 ml<\/li>\n<\/ul>\n<p><strong>Spot\u0159eba<\/strong><\/p>\n<ul>\n<li>M\u00edra pokryt\u00ed se bude li\u0161it od 3\u201315 m\u00b2 na 237 ml l\u00e1hev. M\u00edra spot\u0159eby se bude zna\u010dn\u011b li\u0161it v z\u00e1vislosti na \u0161\u00ed\u0159ce sp\u00e1ry, jej\u00ed hustot\u011b, struktu\u0159e a p\u00f3rovitosti povrchu.<\/li>\n<\/ul>\n<p><strong>Pokyny k pou\u017eit\u00ed<\/strong><\/p>\n<ul>\n<li>P\u0159ed aplikac\u00ed se ujist\u011bte, \u017ee je plocha\u00a0\u010dist\u00e1 a zcela such\u00e1.<\/li>\n<li>P\u0159ed pou\u017eit\u00edm lahvi\u010dku d\u016fkladn\u011b prot\u0159epejte.<\/li>\n<li>Naneste tenkou rovnom\u011brnou vrstvu na sp\u00e1ry pomoc\u00ed \u0161t\u011btce nebo houby.<\/li>\n<li>Okam\u017eit\u011b nebo do 60 minut od aplikace set\u0159ete ve\u0161ker\u00fd p\u0159ebytek, kter\u00fd je na povrchu dla\u017edic.<\/li>\n<li>Pro zaji\u0161t\u011bn\u00ed nejlep\u0161\u00edch v\u00fdsledk\u016f by m\u011bly b\u00fdt aplikov\u00e1ny dv\u011b vrstvy, mezi kter\u00fdmi nechte rozestup 1-2 hodiny pro vyschnut\u00ed.<\/li>\n<li>Po dobu 48 hodin by povrch nem\u011bl p\u0159ij\u00edt do kontaktu s\u00a0vodou.<\/li>\n<\/ul>\n<p><strong>POZN\u00c1MKA<\/strong>: Pokud pou\u017e\u00edv\u00e1te v\u00edce ne\u017e jednu l\u00e1hev stejn\u00e9 barvy Renovace sp\u00e1r-interi\u00e9r, sm\u00edchejte v\u0161echny produkty dohromady, aby byla zaji\u0161t\u011bna rovnom\u011brn\u00e1 shoda barev a konzistence povrchov\u00e9 \u00fapravy.<\/p>\n<p>Nedoporu\u010dujeme pou\u017e\u00edvat v\u00fdrobek Renovace sp\u00e1r-interi\u00e9r kolem por\u00e9zn\u00edch povrch\u016f, tj. neglazovan\u00e9 dla\u017edice a por\u00e9zn\u00ed povrchy z p\u0159\u00edrodn\u00edho kamene, proto\u017ee by to mohlo v\u00e9st k dlouhodob\u00e9mu zabarven\u00ed.<\/p>\n<p><strong>UPOZORN\u011aN\u00cd<\/strong>: Pokud nebudete dodr\u017eovat v\u00fd\u0161e uveden\u00e9 pokyny pro aplikaci a produkt je na spoj nanesen p\u0159\u00edli\u0161 siln\u011b, mohou se objevit puch\u00fd\u0159e, prask\u00e1n\u00ed a odlepen\u00ed produktu.<\/p>\n<h3>N\u00e1vod na pou\u017eit\u00ed Renovace sp\u00e1r<\/h3>\n<p><a href=\"https:\/\/smartseal.cz\/sk\/wp-content\/uploads\/sites\/2\/2023\/11\/Na\u0301vod-renovace-spa\u0301r-03.pdf\">N\u00e1vod na pou\u017eit\u00ed v PDF ke sta\u017een\u00ed<\/a><\/p>\n","protected":false},"excerpt":{"rendered":"<p>Zm\u011bn\u00ed barvu sp\u00e1ry a poskytne trvalou ochranu p\u0159ed usazov\u00e1n\u00edm ne\u010distot. Dostupn\u00e1 v 10 odst\u00ednech.<\/p>\n","protected":false},"featured_media":5050,"comment_status":"open","ping_status":"closed","template":"","meta":[],"product_brand":[],"product_cat":[175,174,24,99,100],"product_tag":[],"class_list":{"0":"post-10536","1":"product","2":"type-product","3":"status-publish","4":"has-post-thumbnail","6":"product_cat-impregnacia-a-ochranne-natery","7":"product_cat-zimna-udrzba","8":"product_cat-impregnacia-ochranne-natery","9":"product_cat-impregnacia-v-interieri","10":"product_cat-interiery","11":"pa_faze-pouziti-impregnace","12":"pa_faze-pouziti-nasledna-pece","14":"first","15":"instock","16":"taxable","17":"shipping-taxable","18":"purchasable","19":"product-type-simple"},"yoast_head":"<!-- This site is optimized with the Yoast SEO Premium plugin v26.8 (Yoast SEO v26.9) - https:\/\/yoast.com\/product\/yoast-seo-premium-wordpress\/ -->\n<title>Renovace sp\u00e1r-interi\u00e9r | Smartseal.cz<\/title>\n<meta name=\"description\" content=\"Obnovte sp\u00e1ry v koupeln\u011b nebo na dla\u017eb\u011b s p\u0159\u00edpravkem Renovace sp\u00e1r, kter\u00fd jim dod\u00e1 nov\u00fd vzhled a zbav\u00ed je skvrn.\" \/>\n<meta name=\"robots\" content=\"index, follow, max-snippet:-1, max-image-preview:large, max-video-preview:-1\" \/>\n<link rel=\"canonical\" href=\"https:\/\/smartseal.cz\/sk\/produkt\/renovace-spar-interier-cerna-black\/\" \/>\n<meta property=\"og:locale\" content=\"sk_SK\" \/>\n<meta property=\"og:type\" content=\"article\" \/>\n<meta property=\"og:title\" content=\"Renovace sp\u00e1r - interi\u00e9r, \u010dern\u00e1 (black)\" \/>\n<meta property=\"og:description\" content=\"Obnovte sp\u00e1ry v koupeln\u011b nebo na dla\u017eb\u011b s p\u0159\u00edpravkem Renovace sp\u00e1r, kter\u00fd jim dod\u00e1 nov\u00fd vzhled a zbav\u00ed je skvrn.\" \/>\n<meta property=\"og:url\" content=\"https:\/\/smartseal.cz\/sk\/produkt\/renovace-spar-interier-cerna-black\/\" \/>\n<meta property=\"og:site_name\" content=\"Smartseal Slovensko\" \/>\n<meta property=\"article:modified_time\" content=\"2025-11-19T19:05:29+00:00\" \/>\n<meta property=\"og:image\" content=\"https:\/\/smartseal.cz\/sk\/wp-content\/uploads\/2019\/09\/obal_renovace_spar_interier.jpg\" \/>\n\t<meta property=\"og:image:width\" content=\"800\" \/>\n\t<meta property=\"og:image:height\" content=\"800\" \/>\n\t<meta property=\"og:image:type\" content=\"image\/jpeg\" \/>\n<meta name=\"twitter:card\" content=\"summary_large_image\" \/>\n<meta name=\"twitter:label1\" content=\"Predpokladan\u00fd \u010das \u010d\u00edtania\" \/>\n\t<meta name=\"twitter:data1\" content=\"3 min\u00faty\" \/>\n<script type=\"application\/ld+json\" class=\"yoast-schema-graph\">{\"@context\":\"https:\/\/schema.org\",\"@graph\":[{\"@type\":\"WebPage\",\"@id\":\"https:\/\/smartseal.cz\/sk\/produkt\/renovace-spar-interier-cerna-black\/\",\"url\":\"https:\/\/smartseal.cz\/sk\/produkt\/renovace-spar-interier-cerna-black\/\",\"name\":\"Renovace sp\u00e1r-interi\u00e9r | Smartseal.cz\",\"isPartOf\":{\"@id\":\"https:\/\/smartseal.cz\/sk\/#website\"},\"primaryImageOfPage\":{\"@id\":\"https:\/\/smartseal.cz\/sk\/produkt\/renovace-spar-interier-cerna-black\/#primaryimage\"},\"image\":{\"@id\":\"https:\/\/smartseal.cz\/sk\/produkt\/renovace-spar-interier-cerna-black\/#primaryimage\"},\"thumbnailUrl\":\"https:\/\/smartseal.cz\/sk\/wp-content\/uploads\/2019\/09\/obal_renovace_spar_interier.jpg\",\"datePublished\":\"2022-10-12T12:58:29+00:00\",\"dateModified\":\"2025-11-19T19:05:29+00:00\",\"description\":\"Obnovte sp\u00e1ry v koupeln\u011b nebo na dla\u017eb\u011b s p\u0159\u00edpravkem Renovace sp\u00e1r, kter\u00fd jim dod\u00e1 nov\u00fd vzhled a zbav\u00ed je skvrn.\",\"breadcrumb\":{\"@id\":\"https:\/\/smartseal.cz\/sk\/produkt\/renovace-spar-interier-cerna-black\/#breadcrumb\"},\"inLanguage\":\"sk-SK\",\"potentialAction\":[{\"@type\":\"ReadAction\",\"target\":[\"https:\/\/smartseal.cz\/sk\/produkt\/renovace-spar-interier-cerna-black\/\"]}]},{\"@type\":\"ImageObject\",\"inLanguage\":\"sk-SK\",\"@id\":\"https:\/\/smartseal.cz\/sk\/produkt\/renovace-spar-interier-cerna-black\/#primaryimage\",\"url\":\"https:\/\/smartseal.cz\/sk\/wp-content\/uploads\/2019\/09\/obal_renovace_spar_interier.jpg\",\"contentUrl\":\"https:\/\/smartseal.cz\/sk\/wp-content\/uploads\/2019\/09\/obal_renovace_spar_interier.jpg\",\"width\":800,\"height\":800},{\"@type\":\"BreadcrumbList\",\"@id\":\"https:\/\/smartseal.cz\/sk\/produkt\/renovace-spar-interier-cerna-black\/#breadcrumb\",\"itemListElement\":[{\"@type\":\"ListItem\",\"position\":1,\"name\":\"Dom\u016f\",\"item\":\"https:\/\/smartseal.cz\/sk\/\"},{\"@type\":\"ListItem\",\"position\":2,\"name\":\"Obchod\",\"item\":\"https:\/\/smartseal.cz\/sk\/obchod\/\"},{\"@type\":\"ListItem\",\"position\":3,\"name\":\"Renovace sp\u00e1r &#8211; interi\u00e9r, \u010dern\u00e1 (black)\"}]},{\"@type\":\"WebSite\",\"@id\":\"https:\/\/smartseal.cz\/sk\/#website\",\"url\":\"https:\/\/smartseal.cz\/sk\/\",\"name\":\"Smartseal Slovensko\",\"description\":\"Chytr\u00e9 n\u00e1tery na v\u0161etky povrchy\",\"potentialAction\":[{\"@type\":\"SearchAction\",\"target\":{\"@type\":\"EntryPoint\",\"urlTemplate\":\"https:\/\/smartseal.cz\/sk\/?s={search_term_string}\"},\"query-input\":{\"@type\":\"PropertyValueSpecification\",\"valueRequired\":true,\"valueName\":\"search_term_string\"}}],\"inLanguage\":\"sk-SK\"}]}<\/script>\n<!-- \/ Yoast SEO Premium plugin. -->","yoast_head_json":{"title":"Renovace sp\u00e1r-interi\u00e9r | Smartseal.cz","description":"Obnovte sp\u00e1ry v koupeln\u011b nebo na dla\u017eb\u011b s p\u0159\u00edpravkem Renovace sp\u00e1r, kter\u00fd jim dod\u00e1 nov\u00fd vzhled a zbav\u00ed je skvrn.","robots":{"index":"index","follow":"follow","max-snippet":"max-snippet:-1","max-image-preview":"max-image-preview:large","max-video-preview":"max-video-preview:-1"},"canonical":"https:\/\/smartseal.cz\/sk\/produkt\/renovace-spar-interier-cerna-black\/","og_locale":"sk_SK","og_type":"article","og_title":"Renovace sp\u00e1r - interi\u00e9r, \u010dern\u00e1 (black)","og_description":"Obnovte sp\u00e1ry v koupeln\u011b nebo na dla\u017eb\u011b s p\u0159\u00edpravkem Renovace sp\u00e1r, kter\u00fd jim dod\u00e1 nov\u00fd vzhled a zbav\u00ed je skvrn.","og_url":"https:\/\/smartseal.cz\/sk\/produkt\/renovace-spar-interier-cerna-black\/","og_site_name":"Smartseal Slovensko","article_modified_time":"2025-11-19T19:05:29+00:00","og_image":[{"width":800,"height":800,"url":"https:\/\/smartseal.cz\/sk\/wp-content\/uploads\/2019\/09\/obal_renovace_spar_interier.jpg","type":"image\/jpeg"}],"twitter_card":"summary_large_image","twitter_misc":{"Predpokladan\u00fd \u010das \u010d\u00edtania":"3 min\u00faty"},"schema":{"@context":"https:\/\/schema.org","@graph":[{"@type":"WebPage","@id":"https:\/\/smartseal.cz\/sk\/produkt\/renovace-spar-interier-cerna-black\/","url":"https:\/\/smartseal.cz\/sk\/produkt\/renovace-spar-interier-cerna-black\/","name":"Renovace sp\u00e1r-interi\u00e9r | Smartseal.cz","isPartOf":{"@id":"https:\/\/smartseal.cz\/sk\/#website"},"primaryImageOfPage":{"@id":"https:\/\/smartseal.cz\/sk\/produkt\/renovace-spar-interier-cerna-black\/#primaryimage"},"image":{"@id":"https:\/\/smartseal.cz\/sk\/produkt\/renovace-spar-interier-cerna-black\/#primaryimage"},"thumbnailUrl":"https:\/\/smartseal.cz\/sk\/wp-content\/uploads\/2019\/09\/obal_renovace_spar_interier.jpg","datePublished":"2022-10-12T12:58:29+00:00","dateModified":"2025-11-19T19:05:29+00:00","description":"Obnovte sp\u00e1ry v koupeln\u011b nebo na dla\u017eb\u011b s p\u0159\u00edpravkem Renovace sp\u00e1r, kter\u00fd jim dod\u00e1 nov\u00fd vzhled a zbav\u00ed je skvrn.","breadcrumb":{"@id":"https:\/\/smartseal.cz\/sk\/produkt\/renovace-spar-interier-cerna-black\/#breadcrumb"},"inLanguage":"sk-SK","potentialAction":[{"@type":"ReadAction","target":["https:\/\/smartseal.cz\/sk\/produkt\/renovace-spar-interier-cerna-black\/"]}]},{"@type":"ImageObject","inLanguage":"sk-SK","@id":"https:\/\/smartseal.cz\/sk\/produkt\/renovace-spar-interier-cerna-black\/#primaryimage","url":"https:\/\/smartseal.cz\/sk\/wp-content\/uploads\/2019\/09\/obal_renovace_spar_interier.jpg","contentUrl":"https:\/\/smartseal.cz\/sk\/wp-content\/uploads\/2019\/09\/obal_renovace_spar_interier.jpg","width":800,"height":800},{"@type":"BreadcrumbList","@id":"https:\/\/smartseal.cz\/sk\/produkt\/renovace-spar-interier-cerna-black\/#breadcrumb","itemListElement":[{"@type":"ListItem","position":1,"name":"Dom\u016f","item":"https:\/\/smartseal.cz\/sk\/"},{"@type":"ListItem","position":2,"name":"Obchod","item":"https:\/\/smartseal.cz\/sk\/obchod\/"},{"@type":"ListItem","position":3,"name":"Renovace sp\u00e1r &#8211; interi\u00e9r, \u010dern\u00e1 (black)"}]},{"@type":"WebSite","@id":"https:\/\/smartseal.cz\/sk\/#website","url":"https:\/\/smartseal.cz\/sk\/","name":"Smartseal Slovensko","description":"Chytr\u00e9 n\u00e1tery na v\u0161etky povrchy","potentialAction":[{"@type":"SearchAction","target":{"@type":"EntryPoint","urlTemplate":"https:\/\/smartseal.cz\/sk\/?s={search_term_string}"},"query-input":{"@type":"PropertyValueSpecification","valueRequired":true,"valueName":"search_term_string"}}],"inLanguage":"sk-SK"}]}},"_links":{"self":[{"href":"https:\/\/smartseal.cz\/sk\/wp-json\/wp\/v2\/product\/10536","targetHints":{"allow":["GET"]}}],"collection":[{"href":"https:\/\/smartseal.cz\/sk\/wp-json\/wp\/v2\/product"}],"about":[{"href":"https:\/\/smartseal.cz\/sk\/wp-json\/wp\/v2\/types\/product"}],"replies":[{"embeddable":true,"href":"https:\/\/smartseal.cz\/sk\/wp-json\/wp\/v2\/comments?post=10536"}],"wp:featuredmedia":[{"embeddable":true,"href":"https:\/\/smartseal.cz\/sk\/wp-json\/wp\/v2\/media\/5050"}],"wp:attachment":[{"href":"https:\/\/smartseal.cz\/sk\/wp-json\/wp\/v2\/media?parent=10536"}],"wp:term":[{"taxonomy":"product_brand","embeddable":true,"href":"https:\/\/smartseal.cz\/sk\/wp-json\/wp\/v2\/product_brand?post=10536"},{"taxonomy":"product_cat","embeddable":true,"href":"https:\/\/smartseal.cz\/sk\/wp-json\/wp\/v2\/product_cat?post=10536"},{"taxonomy":"product_tag","embeddable":true,"href":"https:\/\/smartseal.cz\/sk\/wp-json\/wp\/v2\/product_tag?post=10536"}],"curies":[{"name":"wp","href":"https:\/\/api.w.org\/{rel}","templated":true}]}}