{"id":10458,"date":"2022-10-06T22:18:58","date_gmt":"2022-10-06T20:18:58","guid":{"rendered":"https:\/\/smartseal.cz\/sk\/?post_type=product&#038;p=10458"},"modified":"2026-04-19T15:18:43","modified_gmt":"2026-04-19T13:18:43","slug":"odstranovac-solnych-vykvetov-vzorka","status":"publish","type":"product","link":"https:\/\/smartseal.cz\/sk\/produkt\/odstranovac-solnych-vykvetov-vzorka\/","title":{"rendered":"Odstra\u0148ova\u010d so\u013en\u00fdch v\u00fdkvetov, vzorka"},"content":{"rendered":"<h2>Odstra\u0148ova\u010d soln\u00fdch v\u00fdkv\u011bt\u016f pro z\u00e1mkovou dla\u017ebu, zdiva a cihel.<\/h2>\n<p>Rychle odstran\u00ed v\u00e1penn\u00e9 v\u00fdkv\u011bty, kter\u00e9 jsou zp\u016fsobeny usazeninami soli a vypadaj\u00ed jako b\u00edl\u00e9 skvrny. Tento p\u0159\u00edpravek je vhodn\u00fd i na tv\u00e1rnice z betonu, kter\u00e9 jsou \u010dasto pou\u017e\u00edv\u00e1ny pro stavbu plotu.<\/p>\n<p>P\u0159\u00edpravek aplikujte bez \u0159ed\u011bn\u00ed p\u0159\u00edmo na plochu, a to bu\u010f zahradn\u00ed konvic\u00ed nebo post\u0159ikova\u010dem. Nechte p\u016fsobit 10 minut a pot\u00e9 opl\u00e1chn\u011bte. Pokud je plocha extr\u00e9mn\u011b zne\u010di\u0161t\u011bn\u00e1, opakujte postup znovu.<\/p>\n<p>Pokud pou\u017eijete Odstra\u0148ova\u010d v\u00fdkv\u011bt\u016f p\u0159ed nanesen\u00edm Impregna\u010dn\u00edho n\u00e1t\u011bru, nechte mezi t\u011bmito aplikacemi rozestup 14 dn\u00ed, abyste se ujistili, \u017ee nedo\u0161lo k\u00a0op\u011btovn\u00e9mu v\u00fdskytu \u201eb\u00edl\u00fdch skvrn\u201c.<\/p>\n<p>Po odstran\u011bn\u00ed soln\u00fdch v\u00fdkv\u011bt\u016f doporu\u010dujeme pou\u017e\u00edt Impregna\u010dn\u00ed n\u00e1t\u011br, kter\u00fd zabr\u00e1n\u00ed op\u011btovn\u00e9mu v\u00fdskytu t\u011bchto skvrn. V nab\u00eddce m\u00e1me i <a href=\"https:\/\/smartseal.cz\/sk\/obchod\/impregnace-na-beton-exterier\/?attribute_pa_velikost-baleni=5l\">p\u0159\u00edpravek pro impregnaci plot\u016f<\/a> z betonov\u00fdch tv\u00e1rnic.<\/p>\n<p><strong>Dostupn\u00e9 velikosti<\/strong><\/p>\n<ul>\n<li>vzorek 100 ml, <a href=\"https:\/\/smartseal.cz\/sk\/produkt\/odstranovac-solnych-vykvetu-5l\/\">5l<\/a>, <a href=\"https:\/\/smartseal.cz\/sk\/produkt\/odstranovac-solnych-vykvetu\/\">25l<\/a><\/li>\n<\/ul>\n","protected":false},"excerpt":{"rendered":"<p>Rychle odstran\u00ed v\u00e1penn\u00e9 v\u00fdkv\u011bty, kter\u00e9 vypadaj\u00ed jako b\u00edl\u00e9 skvrny na dla\u017eb\u011b a jsou zp\u016fsobeny usazeninami soli.<\/p>\n","protected":false},"featured_media":13182,"comment_status":"open","ping_status":"closed","template":"","meta":[],"product_brand":[],"product_cat":[52,49,23,21,38,53,58],"product_tag":[],"class_list":{"0":"post-10458","1":"product","2":"type-product","3":"status-publish","4":"has-post-thumbnail","6":"product_cat-cistenie-prijazdovych-ciest-a-chodnikov","7":"product_cat-cistenie-vonkajsich-teras","8":"product_cat-cistiace-odstranovace","9":"product_cat-pristupove-cesty-chodniky","10":"product_cat-vonkajsie-terasy-nadvoria","11":"product_cat-zamkova-dlazba","12":"product_cat-zamkova-dlazba-terasy","13":"pa_faze-pouziti-cisteni","14":"pa_velikost-baleni-vzorek-100ml","16":"first","17":"instock","18":"taxable","19":"shipping-taxable","20":"purchasable","21":"product-type-simple"},"yoast_head":"<!-- This site is optimized with the Yoast SEO Premium plugin v26.8 (Yoast SEO v26.9) - https:\/\/yoast.com\/product\/yoast-seo-premium-wordpress\/ -->\n<title>Odstra\u0148ova\u010d soln\u00fdch v\u00fdkv\u011bt\u016f | Smartseal.cz<\/title>\n<meta name=\"description\" content=\"Rychle odstran\u00ed v\u00e1penn\u00e9 v\u00fdkv\u011bty, kter\u00e9 vypadaj\u00ed jako b\u00edl\u00e9 skvrny na dla\u017eb\u011b a jsou zp\u016fsobeny usazeninami soli.\" \/>\n<meta name=\"robots\" content=\"index, follow, max-snippet:-1, max-image-preview:large, max-video-preview:-1\" \/>\n<link rel=\"canonical\" href=\"https:\/\/smartseal.cz\/sk\/produkt\/odstranovac-solnych-vykvetov-vzorka\/\" \/>\n<meta property=\"og:locale\" content=\"sk_SK\" \/>\n<meta property=\"og:type\" content=\"article\" \/>\n<meta property=\"og:title\" content=\"Odstra\u0148ova\u010d so\u013en\u00fdch v\u00fdkvetov, vzorka\" \/>\n<meta property=\"og:description\" content=\"Rychle odstran\u00ed v\u00e1penn\u00e9 v\u00fdkv\u011bty, kter\u00e9 vypadaj\u00ed jako b\u00edl\u00e9 skvrny na dla\u017eb\u011b a jsou zp\u016fsobeny usazeninami soli.\" \/>\n<meta property=\"og:url\" content=\"https:\/\/smartseal.cz\/sk\/produkt\/odstranovac-solnych-vykvetov-vzorka\/\" \/>\n<meta property=\"og:site_name\" content=\"Smartseal Slovensko\" \/>\n<meta property=\"article:modified_time\" content=\"2026-04-19T13:18:43+00:00\" \/>\n<meta property=\"og:image\" content=\"https:\/\/smartseal.cz\/sk\/wp-content\/uploads\/2023\/08\/vzorek_odstr_sol.png\" \/>\n\t<meta property=\"og:image:width\" content=\"800\" \/>\n\t<meta property=\"og:image:height\" content=\"800\" \/>\n\t<meta property=\"og:image:type\" content=\"image\/png\" \/>\n<meta name=\"twitter:card\" content=\"summary_large_image\" \/>\n<meta name=\"twitter:label1\" content=\"Predpokladan\u00fd \u010das \u010d\u00edtania\" \/>\n\t<meta name=\"twitter:data1\" content=\"1 min\u00fata\" \/>\n<script type=\"application\/ld+json\" class=\"yoast-schema-graph\">{\"@context\":\"https:\/\/schema.org\",\"@graph\":[{\"@type\":\"WebPage\",\"@id\":\"https:\/\/smartseal.cz\/sk\/produkt\/odstranovac-solnych-vykvetov-vzorka\/\",\"url\":\"https:\/\/smartseal.cz\/sk\/produkt\/odstranovac-solnych-vykvetov-vzorka\/\",\"name\":\"Odstra\u0148ova\u010d soln\u00fdch v\u00fdkv\u011bt\u016f | Smartseal.cz\",\"isPartOf\":{\"@id\":\"https:\/\/smartseal.cz\/sk\/#website\"},\"primaryImageOfPage\":{\"@id\":\"https:\/\/smartseal.cz\/sk\/produkt\/odstranovac-solnych-vykvetov-vzorka\/#primaryimage\"},\"image\":{\"@id\":\"https:\/\/smartseal.cz\/sk\/produkt\/odstranovac-solnych-vykvetov-vzorka\/#primaryimage\"},\"thumbnailUrl\":\"https:\/\/smartseal.cz\/sk\/wp-content\/uploads\/2023\/08\/vzorek_odstr_sol.png\",\"datePublished\":\"2022-10-06T20:18:58+00:00\",\"dateModified\":\"2026-04-19T13:18:43+00:00\",\"description\":\"Rychle odstran\u00ed v\u00e1penn\u00e9 v\u00fdkv\u011bty, kter\u00e9 vypadaj\u00ed jako b\u00edl\u00e9 skvrny na dla\u017eb\u011b a jsou zp\u016fsobeny usazeninami soli.\",\"breadcrumb\":{\"@id\":\"https:\/\/smartseal.cz\/sk\/produkt\/odstranovac-solnych-vykvetov-vzorka\/#breadcrumb\"},\"inLanguage\":\"sk-SK\",\"potentialAction\":[{\"@type\":\"ReadAction\",\"target\":[\"https:\/\/smartseal.cz\/sk\/produkt\/odstranovac-solnych-vykvetov-vzorka\/\"]}]},{\"@type\":\"ImageObject\",\"inLanguage\":\"sk-SK\",\"@id\":\"https:\/\/smartseal.cz\/sk\/produkt\/odstranovac-solnych-vykvetov-vzorka\/#primaryimage\",\"url\":\"https:\/\/smartseal.cz\/sk\/wp-content\/uploads\/2023\/08\/vzorek_odstr_sol.png\",\"contentUrl\":\"https:\/\/smartseal.cz\/sk\/wp-content\/uploads\/2023\/08\/vzorek_odstr_sol.png\",\"width\":800,\"height\":800},{\"@type\":\"BreadcrumbList\",\"@id\":\"https:\/\/smartseal.cz\/sk\/produkt\/odstranovac-solnych-vykvetov-vzorka\/#breadcrumb\",\"itemListElement\":[{\"@type\":\"ListItem\",\"position\":1,\"name\":\"Dom\u016f\",\"item\":\"https:\/\/smartseal.cz\/sk\/\"},{\"@type\":\"ListItem\",\"position\":2,\"name\":\"Obchod\",\"item\":\"https:\/\/smartseal.cz\/sk\/obchod\/\"},{\"@type\":\"ListItem\",\"position\":3,\"name\":\"Odstra\u0148ova\u010d so\u013en\u00fdch v\u00fdkvetov, vzorka\"}]},{\"@type\":\"WebSite\",\"@id\":\"https:\/\/smartseal.cz\/sk\/#website\",\"url\":\"https:\/\/smartseal.cz\/sk\/\",\"name\":\"Smartseal Slovensko\",\"description\":\"Chytr\u00e9 n\u00e1tery na v\u0161etky povrchy\",\"potentialAction\":[{\"@type\":\"SearchAction\",\"target\":{\"@type\":\"EntryPoint\",\"urlTemplate\":\"https:\/\/smartseal.cz\/sk\/?s={search_term_string}\"},\"query-input\":{\"@type\":\"PropertyValueSpecification\",\"valueRequired\":true,\"valueName\":\"search_term_string\"}}],\"inLanguage\":\"sk-SK\"}]}<\/script>\n<!-- \/ Yoast SEO Premium plugin. -->","yoast_head_json":{"title":"Odstra\u0148ova\u010d soln\u00fdch v\u00fdkv\u011bt\u016f | Smartseal.cz","description":"Rychle odstran\u00ed v\u00e1penn\u00e9 v\u00fdkv\u011bty, kter\u00e9 vypadaj\u00ed jako b\u00edl\u00e9 skvrny na dla\u017eb\u011b a jsou zp\u016fsobeny usazeninami soli.","robots":{"index":"index","follow":"follow","max-snippet":"max-snippet:-1","max-image-preview":"max-image-preview:large","max-video-preview":"max-video-preview:-1"},"canonical":"https:\/\/smartseal.cz\/sk\/produkt\/odstranovac-solnych-vykvetov-vzorka\/","og_locale":"sk_SK","og_type":"article","og_title":"Odstra\u0148ova\u010d so\u013en\u00fdch v\u00fdkvetov, vzorka","og_description":"Rychle odstran\u00ed v\u00e1penn\u00e9 v\u00fdkv\u011bty, kter\u00e9 vypadaj\u00ed jako b\u00edl\u00e9 skvrny na dla\u017eb\u011b a jsou zp\u016fsobeny usazeninami soli.","og_url":"https:\/\/smartseal.cz\/sk\/produkt\/odstranovac-solnych-vykvetov-vzorka\/","og_site_name":"Smartseal Slovensko","article_modified_time":"2026-04-19T13:18:43+00:00","og_image":[{"width":800,"height":800,"url":"https:\/\/smartseal.cz\/sk\/wp-content\/uploads\/2023\/08\/vzorek_odstr_sol.png","type":"image\/png"}],"twitter_card":"summary_large_image","twitter_misc":{"Predpokladan\u00fd \u010das \u010d\u00edtania":"1 min\u00fata"},"schema":{"@context":"https:\/\/schema.org","@graph":[{"@type":"WebPage","@id":"https:\/\/smartseal.cz\/sk\/produkt\/odstranovac-solnych-vykvetov-vzorka\/","url":"https:\/\/smartseal.cz\/sk\/produkt\/odstranovac-solnych-vykvetov-vzorka\/","name":"Odstra\u0148ova\u010d soln\u00fdch v\u00fdkv\u011bt\u016f | Smartseal.cz","isPartOf":{"@id":"https:\/\/smartseal.cz\/sk\/#website"},"primaryImageOfPage":{"@id":"https:\/\/smartseal.cz\/sk\/produkt\/odstranovac-solnych-vykvetov-vzorka\/#primaryimage"},"image":{"@id":"https:\/\/smartseal.cz\/sk\/produkt\/odstranovac-solnych-vykvetov-vzorka\/#primaryimage"},"thumbnailUrl":"https:\/\/smartseal.cz\/sk\/wp-content\/uploads\/2023\/08\/vzorek_odstr_sol.png","datePublished":"2022-10-06T20:18:58+00:00","dateModified":"2026-04-19T13:18:43+00:00","description":"Rychle odstran\u00ed v\u00e1penn\u00e9 v\u00fdkv\u011bty, kter\u00e9 vypadaj\u00ed jako b\u00edl\u00e9 skvrny na dla\u017eb\u011b a jsou zp\u016fsobeny usazeninami soli.","breadcrumb":{"@id":"https:\/\/smartseal.cz\/sk\/produkt\/odstranovac-solnych-vykvetov-vzorka\/#breadcrumb"},"inLanguage":"sk-SK","potentialAction":[{"@type":"ReadAction","target":["https:\/\/smartseal.cz\/sk\/produkt\/odstranovac-solnych-vykvetov-vzorka\/"]}]},{"@type":"ImageObject","inLanguage":"sk-SK","@id":"https:\/\/smartseal.cz\/sk\/produkt\/odstranovac-solnych-vykvetov-vzorka\/#primaryimage","url":"https:\/\/smartseal.cz\/sk\/wp-content\/uploads\/2023\/08\/vzorek_odstr_sol.png","contentUrl":"https:\/\/smartseal.cz\/sk\/wp-content\/uploads\/2023\/08\/vzorek_odstr_sol.png","width":800,"height":800},{"@type":"BreadcrumbList","@id":"https:\/\/smartseal.cz\/sk\/produkt\/odstranovac-solnych-vykvetov-vzorka\/#breadcrumb","itemListElement":[{"@type":"ListItem","position":1,"name":"Dom\u016f","item":"https:\/\/smartseal.cz\/sk\/"},{"@type":"ListItem","position":2,"name":"Obchod","item":"https:\/\/smartseal.cz\/sk\/obchod\/"},{"@type":"ListItem","position":3,"name":"Odstra\u0148ova\u010d so\u013en\u00fdch v\u00fdkvetov, vzorka"}]},{"@type":"WebSite","@id":"https:\/\/smartseal.cz\/sk\/#website","url":"https:\/\/smartseal.cz\/sk\/","name":"Smartseal Slovensko","description":"Chytr\u00e9 n\u00e1tery na v\u0161etky povrchy","potentialAction":[{"@type":"SearchAction","target":{"@type":"EntryPoint","urlTemplate":"https:\/\/smartseal.cz\/sk\/?s={search_term_string}"},"query-input":{"@type":"PropertyValueSpecification","valueRequired":true,"valueName":"search_term_string"}}],"inLanguage":"sk-SK"}]}},"_links":{"self":[{"href":"https:\/\/smartseal.cz\/sk\/wp-json\/wp\/v2\/product\/10458","targetHints":{"allow":["GET"]}}],"collection":[{"href":"https:\/\/smartseal.cz\/sk\/wp-json\/wp\/v2\/product"}],"about":[{"href":"https:\/\/smartseal.cz\/sk\/wp-json\/wp\/v2\/types\/product"}],"replies":[{"embeddable":true,"href":"https:\/\/smartseal.cz\/sk\/wp-json\/wp\/v2\/comments?post=10458"}],"wp:featuredmedia":[{"embeddable":true,"href":"https:\/\/smartseal.cz\/sk\/wp-json\/wp\/v2\/media\/13182"}],"wp:attachment":[{"href":"https:\/\/smartseal.cz\/sk\/wp-json\/wp\/v2\/media?parent=10458"}],"wp:term":[{"taxonomy":"product_brand","embeddable":true,"href":"https:\/\/smartseal.cz\/sk\/wp-json\/wp\/v2\/product_brand?post=10458"},{"taxonomy":"product_cat","embeddable":true,"href":"https:\/\/smartseal.cz\/sk\/wp-json\/wp\/v2\/product_cat?post=10458"},{"taxonomy":"product_tag","embeddable":true,"href":"https:\/\/smartseal.cz\/sk\/wp-json\/wp\/v2\/product_tag?post=10458"}],"curies":[{"name":"wp","href":"https:\/\/api.w.org\/{rel}","templated":true}]}}