{"id":10361,"date":"2022-09-23T10:51:56","date_gmt":"2022-09-23T08:51:56","guid":{"rendered":"https:\/\/smartseal.cz\/sk\/?post_type=product&#038;p=10361"},"modified":"2025-12-15T13:41:33","modified_gmt":"2025-12-15T12:41:33","slug":"impregnace-na-razeny-beton-leskly-vzhled-vzorek","status":"publish","type":"product","link":"https:\/\/smartseal.cz\/sk\/produkt\/impregnace-na-razeny-beton-leskly-vzhled-vzorek\/","title":{"rendered":"Impregnace na ra\u017een\u00fd beton (leskl\u00e1), vzorek"},"content":{"rendered":"<h2>Nov\u00fd vzhled pro betonov\u00e9 povrchy z\u00a0ra\u017een\u00e9ho betonu<\/h2>\n<p>Smartseal Impregnace na ra\u017een\u00fd betonbyla vyvinuta tak, aby renovovan\u00fd ra\u017een\u00fd beton op\u011bt z\u00edskal sv\u011b\u017e\u00ed leskl\u00fd vzhled.<\/p>\n<ul>\n<li>Ra\u017een\u00e9mu betonu dod\u00e1 vynikaj\u00edc\u00ed dlouhodobou ochranu<\/li>\n<li>Snadn\u00e1 aplikace post\u0159ikova\u010dem nebo <a href=\"https:\/\/smartseal.cz\/sk\/obchod\/sada-aplikacnich-nastroju-na-ochranne-natery-valecek-nadoba\/\">v\u00e1le\u010dkem<\/a><\/li>\n<li>Odol\u00e1v\u00e1 p\u016fsoben\u00ed oleje a pronik\u00e1n\u00ed kyselin<\/li>\n<li>Materi\u00e1l certifikovan\u00fd BS5750 \/ ISO9000<\/li>\n<li>Chr\u00e1n\u00ed p\u0159ed ztr\u00e1tou barevnosti a opot\u0159eben\u00edm povrchu<\/li>\n<li>Netvo\u0159\u00ed puch\u00fd\u0159e a neodlupuje se, vytvrzuje a impregnuje betonov\u00e9 plochy natrvalo<\/li>\n<li>P\u0159ed aplikac\u00ed se ujist\u011bte, \u017ee teplota povrchu je mezi 12 &#8211; 25 \u00b0 C<\/li>\n<li>Renovuje barvu dla\u017eby<\/li>\n<li>Pevn\u00fd, trvanliv\u00fd a odoln\u00fd<\/li>\n<li>Odoln\u00fd v\u016f\u010di olej\u016fm a mastnot\u00e1m<\/li>\n<\/ul>\n<p><strong>P\u0159ibli\u017en\u00e1 spot\u0159eba<\/strong><\/p>\n<p>4 a\u017e 6 m2 na 1 litr v\u00fdrobku v z\u00e1vislosti na povaze betonu a zp\u016fsobu pou\u017eit\u00ed. Velmi z\u00e1le\u017e\u00ed na tom, zda-li byl ra\u017een\u00fd beton ji\u017e impregnov\u00e1n nebo budete impregnovat nov\u011b polo\u017een\u00fd beton.<\/p>\n<p>Pokud si nev\u00edte rady se spot\u0159ebou, r\u00e1di v\u00e1m porad\u00edme na \u010d\u00edsle: 604 252 920.<\/p>\n<h3>Technick\u00fd popis Impregnace na ra\u017een\u00fd beton<\/h3>\n<p><strong>Aplikace<\/strong><\/p>\n<ul>\n<li>Pou\u017eijte r\u00fd\u017eov\u00e9 <a href=\"https:\/\/smartseal.cz\/sk\/obchod\/koste-pro-aplikaci-impregnacnich-nateru\/\">ko\u0161t\u011b<\/a> nebo vysokotlak\u00fd \u010disti\u010d k\u00a0odstran\u011bn\u00ed ve\u0161ker\u00fdch ne\u010distot. Aplikuje se pouze tehdy, kdy\u017e je povrch zcela such\u00fd. Impregna\u010dn\u00ed n\u00e1t\u011br se nejl\u00e9pe aplikuje pomoc\u00ed post\u0159ikova\u010de nebo <a href=\"https:\/\/smartseal.cz\/sk\/obchod\/sada-aplikacnich-nastroju-na-ochranne-natery-valecek-nadoba\/\">v\u00e1le\u010dku<\/a>. Dbejte na to, abyste n\u00e1t\u011br aplikovali rovnom\u011brn\u011b, aby se zabr\u00e1nilo tvo\u0159en\u00ed p\u0159\u00edli\u0161 siln\u00e9 vrstvy n\u00e1t\u011bru v\u00a0jednom m\u00edst\u011b. Prvn\u00ed aplikace n\u00e1t\u011bru mus\u00ed b\u00fdt zcela such\u00e1 p\u0159ed nanesen\u00edm druh\u00e9ho n\u00e1t\u011bru. Chra\u0148te plochu p\u0159ed siln\u00fdm p\u0159\u00edm\u00fdm slune\u010dn\u00edm sv\u011btlem p\u0159i nan\u00e1\u0161en\u00ed. Neaplikujte, pokud se o\u010dek\u00e1v\u00e1 d\u00e9\u0161\u0165 do 3 hodin po aplikaci.<\/li>\n<li>Na betonov\u00fd povrch, o\u0161et\u0159en\u00fd Impregnac\u00ed Smartseal by nem\u011bly b\u00fdt aplikov\u00e1ny rozmrazovac\u00ed soli. S\u016fl chemicky sni\u017euje teplotu, p\u0159i n\u00ed\u017e voda zamrz\u00e1 a vede k vniknut\u00ed vody do betonu. N\u00e1sledn\u00e9 zmrazen\u00ed m\u016f\u017ee v\u00e9st k tomu, \u017ee betonov\u00e1 ochrana se po\u0161kod\u00ed expanz\u00ed vody, proto\u017ee zmrzne a mohou se objevit b\u00edl\u00e9 &#8220;post\u0159\u00edb\u0159en\u00e9&#8221; oblasti.<\/li>\n<\/ul>\n<p><strong>Technick\u00e9 a zku\u0161ebn\u00ed data<\/strong><\/p>\n<p>Impregna\u010dn\u00ed n\u00e1t\u011br na ra\u017een\u00fd beton Smartseal byl testov\u00e1n laborato\u0159\u00ed TRL (Transport Research Laboratory) a certifikov\u00e1n, \u017ee spl\u0148uje SRV (Skid Resistance Value) pro v\u0161echny kategorie dla\u017eby pro p\u011b\u0161\u00ed z\u00f3ny m\u00edstn\u00ed spr\u00e1vy. Kopie t\u011bchto certifik\u00e1t\u016f jsou k dispozici na vy\u017e\u00e1d\u00e1n\u00ed.<\/p>\n<p><strong>Zdrav\u00ed a bezpe\u010dnost<\/strong><\/p>\n<p>Ho\u0159lav\u00e1 kapalina. Neku\u0159te. Udr\u017eujte oblast aplikace dob\u0159e v\u011btranou. P\u0159i nan\u00e1\u0161en\u00ed pou\u017e\u00edvejte respir\u00e1tor. Uchov\u00e1vejte na chladn\u00e9m m\u00edst\u011b. Bod vzplanut\u00ed 42 \u00b0 C. Podrobn\u011bj\u0161\u00ed informace naleznete v Bezpe\u010dnostn\u00edm listu.<\/p>\n<h3>N\u00e1vod k pou\u017eit\u00ed Impregnace na ra\u017een\u00fd beton<\/h3>\n<p><a href=\"https:\/\/smartseal.cz\/sk\/wp-content\/uploads\/sites\/2\/2019\/04\/N\u00e1vod-k-pou\u017eit\u00ed_imp-raz-bet.pdf\">N\u00e1vod k pou\u017eit\u00ed v PDF<\/a><\/p>\n<p>&nbsp;<\/p>\n","protected":false},"excerpt":{"rendered":"<p>Impregna\u010dn\u00ed n\u00e1t\u011br na ra\u017een\u00fd beton zrenovuje\u00a0za\u0161l\u00e9 barvy. Odoln\u00fd v\u016f\u010di olejov\u00fdm skvrn\u00e1m a pronik\u00e1n\u00ed kyselin.<\/p>\n","protected":false},"featured_media":9616,"comment_status":"open","ping_status":"closed","template":"","meta":[],"product_brand":[],"product_cat":[54,24,43,40,64,38,59,21],"product_tag":[],"class_list":{"0":"post-10361","1":"product","2":"type-product","3":"status-publish","4":"has-post-thumbnail","6":"product_cat-razeny-beton","7":"product_cat-impregnacia-ochranne-natery","8":"product_cat-impregnacia-razeneho-betonu","9":"product_cat-betonove-povrchy","10":"product_cat-razeny-beton-betonove-povrchy","11":"product_cat-vonkajsie-terasy-nadvoria","12":"product_cat-razeny-beton-terasy","13":"product_cat-pristupove-cesty-chodniky","14":"pa_barva-bezbarva","15":"pa_faze-pouziti-impregnace","16":"pa_faze-pouziti-nasledna-pece","17":"pa_velikost-baleni-vzorek-100ml","19":"first","20":"instock","21":"taxable","22":"shipping-taxable","23":"purchasable","24":"product-type-simple"},"yoast_head":"<!-- This site is optimized with the Yoast SEO Premium plugin v26.8 (Yoast SEO v26.9) - https:\/\/yoast.com\/product\/yoast-seo-premium-wordpress\/ -->\n<title>Impregnace na ra\u017een\u00fd beton (leskl\u00e1) | Smartseal.cz<\/title>\n<meta name=\"description\" content=\"Impregna\u010dn\u00ed n\u00e1t\u011br na ra\u017een\u00fd beton zrenovuje za\u0161l\u00e9 barvy. Odoln\u00fd v\u016f\u010di olejov\u00fdm skvrn\u00e1m a pronik\u00e1n\u00ed kyselin.\" \/>\n<meta name=\"robots\" content=\"index, follow, max-snippet:-1, max-image-preview:large, max-video-preview:-1\" \/>\n<link rel=\"canonical\" href=\"https:\/\/smartseal.cz\/sk\/produkt\/impregnace-na-razeny-beton-leskly-vzhled-vzorek\/\" \/>\n<meta property=\"og:locale\" content=\"sk_SK\" \/>\n<meta property=\"og:type\" content=\"article\" \/>\n<meta property=\"og:title\" content=\"Impregnace na ra\u017een\u00fd beton (leskl\u00e1), vzorek\" \/>\n<meta property=\"og:description\" content=\"Impregna\u010dn\u00ed n\u00e1t\u011br na ra\u017een\u00fd beton zrenovuje za\u0161l\u00e9 barvy. Odoln\u00fd v\u016f\u010di olejov\u00fdm skvrn\u00e1m a pronik\u00e1n\u00ed kyselin.\" \/>\n<meta property=\"og:url\" content=\"https:\/\/smartseal.cz\/sk\/produkt\/impregnace-na-razeny-beton-leskly-vzhled-vzorek\/\" \/>\n<meta property=\"og:site_name\" content=\"Smartseal Slovensko\" \/>\n<meta property=\"article:modified_time\" content=\"2025-12-15T12:41:33+00:00\" \/>\n<meta property=\"og:image\" content=\"https:\/\/smartseal.cz\/sk\/wp-content\/uploads\/2022\/09\/plechovka_vzorek.png\" \/>\n\t<meta property=\"og:image:width\" content=\"800\" \/>\n\t<meta property=\"og:image:height\" content=\"800\" \/>\n\t<meta property=\"og:image:type\" content=\"image\/png\" \/>\n<meta name=\"twitter:card\" content=\"summary_large_image\" \/>\n<meta name=\"twitter:label1\" content=\"Predpokladan\u00fd \u010das \u010d\u00edtania\" \/>\n\t<meta name=\"twitter:data1\" content=\"3 min\u00faty\" \/>\n<script type=\"application\/ld+json\" class=\"yoast-schema-graph\">{\"@context\":\"https:\/\/schema.org\",\"@graph\":[{\"@type\":\"WebPage\",\"@id\":\"https:\/\/smartseal.cz\/sk\/produkt\/impregnace-na-razeny-beton-leskly-vzhled-vzorek\/\",\"url\":\"https:\/\/smartseal.cz\/sk\/produkt\/impregnace-na-razeny-beton-leskly-vzhled-vzorek\/\",\"name\":\"Impregnace na ra\u017een\u00fd beton (leskl\u00e1) | Smartseal.cz\",\"isPartOf\":{\"@id\":\"https:\/\/smartseal.cz\/sk\/#website\"},\"primaryImageOfPage\":{\"@id\":\"https:\/\/smartseal.cz\/sk\/produkt\/impregnace-na-razeny-beton-leskly-vzhled-vzorek\/#primaryimage\"},\"image\":{\"@id\":\"https:\/\/smartseal.cz\/sk\/produkt\/impregnace-na-razeny-beton-leskly-vzhled-vzorek\/#primaryimage\"},\"thumbnailUrl\":\"https:\/\/smartseal.cz\/sk\/wp-content\/uploads\/2022\/09\/plechovka_vzorek.png\",\"datePublished\":\"2022-09-23T08:51:56+00:00\",\"dateModified\":\"2025-12-15T12:41:33+00:00\",\"description\":\"Impregna\u010dn\u00ed n\u00e1t\u011br na ra\u017een\u00fd beton zrenovuje za\u0161l\u00e9 barvy. Odoln\u00fd v\u016f\u010di olejov\u00fdm skvrn\u00e1m a pronik\u00e1n\u00ed kyselin.\",\"breadcrumb\":{\"@id\":\"https:\/\/smartseal.cz\/sk\/produkt\/impregnace-na-razeny-beton-leskly-vzhled-vzorek\/#breadcrumb\"},\"inLanguage\":\"sk-SK\",\"potentialAction\":[{\"@type\":\"ReadAction\",\"target\":[\"https:\/\/smartseal.cz\/sk\/produkt\/impregnace-na-razeny-beton-leskly-vzhled-vzorek\/\"]}]},{\"@type\":\"ImageObject\",\"inLanguage\":\"sk-SK\",\"@id\":\"https:\/\/smartseal.cz\/sk\/produkt\/impregnace-na-razeny-beton-leskly-vzhled-vzorek\/#primaryimage\",\"url\":\"https:\/\/smartseal.cz\/sk\/wp-content\/uploads\/2022\/09\/plechovka_vzorek.png\",\"contentUrl\":\"https:\/\/smartseal.cz\/sk\/wp-content\/uploads\/2022\/09\/plechovka_vzorek.png\",\"width\":800,\"height\":800},{\"@type\":\"BreadcrumbList\",\"@id\":\"https:\/\/smartseal.cz\/sk\/produkt\/impregnace-na-razeny-beton-leskly-vzhled-vzorek\/#breadcrumb\",\"itemListElement\":[{\"@type\":\"ListItem\",\"position\":1,\"name\":\"Dom\u016f\",\"item\":\"https:\/\/smartseal.cz\/sk\/\"},{\"@type\":\"ListItem\",\"position\":2,\"name\":\"Obchod\",\"item\":\"https:\/\/smartseal.cz\/sk\/obchod\/\"},{\"@type\":\"ListItem\",\"position\":3,\"name\":\"Impregnace na ra\u017een\u00fd beton (leskl\u00e1), vzorek\"}]},{\"@type\":\"WebSite\",\"@id\":\"https:\/\/smartseal.cz\/sk\/#website\",\"url\":\"https:\/\/smartseal.cz\/sk\/\",\"name\":\"Smartseal Slovensko\",\"description\":\"Chytr\u00e9 n\u00e1tery na v\u0161etky povrchy\",\"potentialAction\":[{\"@type\":\"SearchAction\",\"target\":{\"@type\":\"EntryPoint\",\"urlTemplate\":\"https:\/\/smartseal.cz\/sk\/?s={search_term_string}\"},\"query-input\":{\"@type\":\"PropertyValueSpecification\",\"valueRequired\":true,\"valueName\":\"search_term_string\"}}],\"inLanguage\":\"sk-SK\"}]}<\/script>\n<!-- \/ Yoast SEO Premium plugin. -->","yoast_head_json":{"title":"Impregnace na ra\u017een\u00fd beton (leskl\u00e1) | Smartseal.cz","description":"Impregna\u010dn\u00ed n\u00e1t\u011br na ra\u017een\u00fd beton zrenovuje za\u0161l\u00e9 barvy. Odoln\u00fd v\u016f\u010di olejov\u00fdm skvrn\u00e1m a pronik\u00e1n\u00ed kyselin.","robots":{"index":"index","follow":"follow","max-snippet":"max-snippet:-1","max-image-preview":"max-image-preview:large","max-video-preview":"max-video-preview:-1"},"canonical":"https:\/\/smartseal.cz\/sk\/produkt\/impregnace-na-razeny-beton-leskly-vzhled-vzorek\/","og_locale":"sk_SK","og_type":"article","og_title":"Impregnace na ra\u017een\u00fd beton (leskl\u00e1), vzorek","og_description":"Impregna\u010dn\u00ed n\u00e1t\u011br na ra\u017een\u00fd beton zrenovuje za\u0161l\u00e9 barvy. Odoln\u00fd v\u016f\u010di olejov\u00fdm skvrn\u00e1m a pronik\u00e1n\u00ed kyselin.","og_url":"https:\/\/smartseal.cz\/sk\/produkt\/impregnace-na-razeny-beton-leskly-vzhled-vzorek\/","og_site_name":"Smartseal Slovensko","article_modified_time":"2025-12-15T12:41:33+00:00","og_image":[{"width":800,"height":800,"url":"https:\/\/smartseal.cz\/sk\/wp-content\/uploads\/2022\/09\/plechovka_vzorek.png","type":"image\/png"}],"twitter_card":"summary_large_image","twitter_misc":{"Predpokladan\u00fd \u010das \u010d\u00edtania":"3 min\u00faty"},"schema":{"@context":"https:\/\/schema.org","@graph":[{"@type":"WebPage","@id":"https:\/\/smartseal.cz\/sk\/produkt\/impregnace-na-razeny-beton-leskly-vzhled-vzorek\/","url":"https:\/\/smartseal.cz\/sk\/produkt\/impregnace-na-razeny-beton-leskly-vzhled-vzorek\/","name":"Impregnace na ra\u017een\u00fd beton (leskl\u00e1) | Smartseal.cz","isPartOf":{"@id":"https:\/\/smartseal.cz\/sk\/#website"},"primaryImageOfPage":{"@id":"https:\/\/smartseal.cz\/sk\/produkt\/impregnace-na-razeny-beton-leskly-vzhled-vzorek\/#primaryimage"},"image":{"@id":"https:\/\/smartseal.cz\/sk\/produkt\/impregnace-na-razeny-beton-leskly-vzhled-vzorek\/#primaryimage"},"thumbnailUrl":"https:\/\/smartseal.cz\/sk\/wp-content\/uploads\/2022\/09\/plechovka_vzorek.png","datePublished":"2022-09-23T08:51:56+00:00","dateModified":"2025-12-15T12:41:33+00:00","description":"Impregna\u010dn\u00ed n\u00e1t\u011br na ra\u017een\u00fd beton zrenovuje za\u0161l\u00e9 barvy. Odoln\u00fd v\u016f\u010di olejov\u00fdm skvrn\u00e1m a pronik\u00e1n\u00ed kyselin.","breadcrumb":{"@id":"https:\/\/smartseal.cz\/sk\/produkt\/impregnace-na-razeny-beton-leskly-vzhled-vzorek\/#breadcrumb"},"inLanguage":"sk-SK","potentialAction":[{"@type":"ReadAction","target":["https:\/\/smartseal.cz\/sk\/produkt\/impregnace-na-razeny-beton-leskly-vzhled-vzorek\/"]}]},{"@type":"ImageObject","inLanguage":"sk-SK","@id":"https:\/\/smartseal.cz\/sk\/produkt\/impregnace-na-razeny-beton-leskly-vzhled-vzorek\/#primaryimage","url":"https:\/\/smartseal.cz\/sk\/wp-content\/uploads\/2022\/09\/plechovka_vzorek.png","contentUrl":"https:\/\/smartseal.cz\/sk\/wp-content\/uploads\/2022\/09\/plechovka_vzorek.png","width":800,"height":800},{"@type":"BreadcrumbList","@id":"https:\/\/smartseal.cz\/sk\/produkt\/impregnace-na-razeny-beton-leskly-vzhled-vzorek\/#breadcrumb","itemListElement":[{"@type":"ListItem","position":1,"name":"Dom\u016f","item":"https:\/\/smartseal.cz\/sk\/"},{"@type":"ListItem","position":2,"name":"Obchod","item":"https:\/\/smartseal.cz\/sk\/obchod\/"},{"@type":"ListItem","position":3,"name":"Impregnace na ra\u017een\u00fd beton (leskl\u00e1), vzorek"}]},{"@type":"WebSite","@id":"https:\/\/smartseal.cz\/sk\/#website","url":"https:\/\/smartseal.cz\/sk\/","name":"Smartseal Slovensko","description":"Chytr\u00e9 n\u00e1tery na v\u0161etky povrchy","potentialAction":[{"@type":"SearchAction","target":{"@type":"EntryPoint","urlTemplate":"https:\/\/smartseal.cz\/sk\/?s={search_term_string}"},"query-input":{"@type":"PropertyValueSpecification","valueRequired":true,"valueName":"search_term_string"}}],"inLanguage":"sk-SK"}]}},"_links":{"self":[{"href":"https:\/\/smartseal.cz\/sk\/wp-json\/wp\/v2\/product\/10361","targetHints":{"allow":["GET"]}}],"collection":[{"href":"https:\/\/smartseal.cz\/sk\/wp-json\/wp\/v2\/product"}],"about":[{"href":"https:\/\/smartseal.cz\/sk\/wp-json\/wp\/v2\/types\/product"}],"replies":[{"embeddable":true,"href":"https:\/\/smartseal.cz\/sk\/wp-json\/wp\/v2\/comments?post=10361"}],"wp:featuredmedia":[{"embeddable":true,"href":"https:\/\/smartseal.cz\/sk\/wp-json\/wp\/v2\/media\/9616"}],"wp:attachment":[{"href":"https:\/\/smartseal.cz\/sk\/wp-json\/wp\/v2\/media?parent=10361"}],"wp:term":[{"taxonomy":"product_brand","embeddable":true,"href":"https:\/\/smartseal.cz\/sk\/wp-json\/wp\/v2\/product_brand?post=10361"},{"taxonomy":"product_cat","embeddable":true,"href":"https:\/\/smartseal.cz\/sk\/wp-json\/wp\/v2\/product_cat?post=10361"},{"taxonomy":"product_tag","embeddable":true,"href":"https:\/\/smartseal.cz\/sk\/wp-json\/wp\/v2\/product_tag?post=10361"}],"curies":[{"name":"wp","href":"https:\/\/api.w.org\/{rel}","templated":true}]}}