{"id":10319,"date":"2022-09-22T15:14:36","date_gmt":"2022-09-22T13:14:36","guid":{"rendered":"https:\/\/smartseal.cz\/sk\/?post_type=product&#038;p=10319"},"modified":"2026-03-26T06:18:05","modified_gmt":"2026-03-26T05:18:05","slug":"block-magic-renovace-barev-cerveny-vzorek","status":"publish","type":"product","link":"https:\/\/smartseal.cz\/sk\/produkt\/block-magic-renovace-barev-cerveny-vzorek\/","title":{"rendered":"Block magic &#8211; renovace barev (\u010derven\u00fd), vzorek"},"content":{"rendered":"<h2>Pou\u017eijte \u010dervenou barvu Block Magic a va\u0161e z\u00e1mkov\u00e1 dla\u017eba bude jako nov\u00e1.<\/h2>\n<p>V\u017dDY APLIKUJTE 2 N\u00c1T\u011aR <a href=\"https:\/\/smartseal.cz\/sk\/obchod\/impregnace-na-zamkovou-dlazbu-matna\/?attribute_pa_velikost-baleni=5l\">BEZBARV\u00c9 IMPREGNACE<\/a>!<\/p>\n<p>V\u00fdrobek Smartseal Block Magic \u2013 renovace barev (\u010derven\u00fd) je sm\u011bs kapaln\u00fdch pigment\u016f a akrylov\u00fdch prysky\u0159ic, kter\u00e1 se vs\u00e1kne hluboko do dla\u017eby a ochr\u00e1n\u00ed tak terasy nebo chodn\u00edky p\u0159ed vn\u011bj\u0161\u00edmi vlivy. P\u016fsoben\u00edm slunce, de\u0161t\u011b, tlakov\u00e9ho myt\u00ed mohou b\u00fdt barvy na z\u00e1mkov\u00e9 dla\u017eb\u011b za\u0161l\u00e9 nebo odstran\u011bn\u00e9. Block Magic znovu o\u017eivuje barvy. Na prvn\u00ed n\u00e1t\u011br pou\u017eijte \u0161t\u011btec nebo <a href=\"https:\/\/smartseal.cz\/sk\/obchod\/sada-aplikacnich-nastroju-na-ochranne-natery-valecek-nadoba\/\">v\u00e1le\u010dek<\/a>. Nechte uschnout a na druhou vrstvu pou\u017eijte \u010dir\u00fd Impregna\u010dn\u00ed n\u00e1t\u011br na z\u00e1mkovou dla\u017ebu.<\/p>\n<p>VIDEO P\u0158\u00cdRU\u010cKA KROK ZA KROKEM<\/p>\n<h3>V\u00fdhody Block Magic \u2013 renovace barev (\u010derven\u00fd)<\/h3>\n<ul>\n<li>Obarv\u00ed dla\u017ebu na \u010derveno<\/li>\n<li>P\u0159em\u011bn\u00ed starou dla\u017ebu<\/li>\n<li>Chr\u00e1n\u00ed a o\u017eivuje barvy<\/li>\n<li>UV stabiln\u00ed<\/li>\n<li>St\u00e1lost barev<\/li>\n<li>Odoln\u00e9 v\u016f\u010di skvrn\u00e1m<\/li>\n<li>Odoln\u00e9 v\u016f\u010di zat\u00ed\u017een\u00ed<\/li>\n<li>Dostupn\u00e9 i v\u00a0\u010dern\u00e9 barv\u011b<\/li>\n<\/ul>\n<p><strong>Doporu\u010den\u00e1 spot\u0159eba<\/strong><\/p>\n<ul>\n<li>1l\/3m2<\/li>\n<li>5l\/15m2<\/li>\n<li>25l\/75m2<\/li>\n<\/ul>\n<h3>Technick\u00fd popis Block Magic &#8211; \u010derven\u00fd<\/h3>\n<p>Tekut\u00e9 UV stabiln\u00ed pigmenty sm\u00edchan\u00e9 s akrylov\u00fdmi prysky\u0159icemi a rozpou\u0161t\u011bdly vytv\u00e1\u0159ej\u00ed p\u0159\u00edpravek &#8220;Block Magic&#8221;. Vyvinuto firmou Smartseal, nejen \u017ee znovu obarv\u00ed z\u00e1mkovou dla\u017ebu, ale tak\u00e9 ochr\u00e1n\u00ed dla\u017ebu p\u0159ed budouc\u00ed ztr\u00e1tou barvy, pror\u016fst\u00e1n\u00edm mech\u016f a v\u00fdskytem v\u00fdkv\u011bt\u016f.<\/p>\n<p>P\u0159\u00edpravek \u201eBlock Magic\u201c se nan\u00e1\u0161\u00ed v\u00e1le\u010dkem s vydatnost\u00ed p\u0159ibli\u017en\u011b 3,0 m2 na litr. Ujist\u011bte se, \u017ee barva je d\u016fkladn\u011b zaschl\u00e1 p\u0159ed nanesen\u00edm druh\u00e9 vrstvy <a href=\"https:\/\/smartseal.cz\/sk\/obchod\/impregnace-na-zamkovou-dlazbu-matna\/?attribute_pa_velikost-baleni=5l\">Smartseal impregna\u010dn\u00edho n\u00e1t\u011bru na z\u00e1mkovou dla\u017ebu<\/a>. P\u0159ed pou\u017eit\u00edm impregna\u010dn\u00edho n\u00e1t\u011bru, vme\u0165te dostate\u010dn\u00e9 mno\u017estv\u00ed k\u0159emi\u010dit\u00e9ho p\u00edsku do sp\u00e1r, tak aby nepropad\u00e1val do ni\u017e\u0161\u00edch vrstev. P\u0159i 20 \u00b0 C a bude schnout asi 4 hodiny, po tuto dobu nevstupujte na dla\u017ebu. Vjezd automobilem nejd\u0159\u00edve po 24 hodin\u00e1ch (p\u0159i teplot\u011b 20 \u00b0 C ). Tyto doby mohou b\u00fdt prodlou\u017eeny nebo zkr\u00e1ceny v z\u00e1vislosti na okoln\u00ed teplot\u011b.<\/p>\n<p>Neaplikujte, pokud je p\u0159edpov\u00edd\u00e1n d\u00e9\u0161\u0165 v\u00a0n\u00e1sleduj\u00edc\u00edch 6 hodin\u00e1ch. Neaplikujte p\u0159i teplot\u011b nad 25 \u00b0 C nebo pod 12 \u00b0 C.<\/p>\n<p>V\u0161echno pou\u017eit\u00e9 n\u00e1\u0159ad\u00ed by m\u011blo b\u00fdt po pou\u017eit\u00ed vy\u010di\u0161t\u011bno p\u0159\u00edpravkem \u201cSmartseal \u010cist\u00edc\u00ed \u0159edidlo\u201c.<\/p>\n<p>Na dla\u017ebu, nebo betonov\u00fd povrch, o\u0161et\u0159en\u00fd Impregnac\u00ed Smartseal by nem\u011bly b\u00fdt aplikov\u00e1ny rozmrazovac\u00ed soli. S\u016fl chemicky sni\u017euje teplotu, p\u0159i n\u00ed\u017e voda zamrz\u00e1 a vede k vniknut\u00ed vody do povrchu. N\u00e1sledn\u00e9 zmrazen\u00ed m\u016f\u017ee v\u00e9st k tomu, \u017ee se ochrann\u00fd n\u00e1t\u011br po\u0161kod\u00ed expanz\u00ed vody, proto\u017ee zmrzne a mohou se objevit b\u00edl\u00e9 &#8220;post\u0159\u00edb\u0159en\u00e9&#8221; oblasti.<\/p>\n<p><strong>NESM\u00cd B\u00ddT POU\u017d\u00cdV\u00c1N NA CIHELNOU DLA\u017dBU nebo ZDIVO<\/strong><\/p>\n<p><strong>P\u0159\u00edprava<\/strong><\/p>\n<p>Star\u0161\u00ed dla\u017eba by m\u011bla b\u00fdt umyta vysokotlak\u00fdm \u010disti\u010dem tak, aby se odstranily ve\u0161ker\u00e9 povrchov\u00e9 ne\u010distoty. Pokud je dla\u017eba zne\u010di\u0161t\u011bna plevelem a mechem, je t\u0159eba ji o\u0161et\u0159it pomoc\u00ed \u201c<a href=\"https:\/\/smartseal.cz\/sk\/kategorie\/cistice-odstranovace-necistot\/xtreme-univerzalni-cistice-povrchu\/\">Xtreme<\/a>.\u201c Olej a jin\u00e9 skvrny by m\u011bly b\u00fdt odstran\u011bny pomoc\u00ed \u201c<a href=\"https:\/\/smartseal.cz\/sk\/obchod\/odstranovac-mastnot-a-oleju\/?attribute_pa_velikost-baleni=1l\">Smartseal Odstra\u0148ova\u010dem mastnot a olej\u016f<\/a>.\u201c O\u0161et\u0159en\u00e1 oblast by pak m\u011bla b\u00fdt ponech\u00e1na, aby dob\u0159e uschnula a sp\u00e1ry znovu zasyp\u00e1ny k\u0159emi\u010dit\u00fdm p\u00edskem, kter\u00fd je pot\u0159eba dob\u0159e zhutnit, tak aby byla vypln\u011bna cel\u00e1 hloubka sp\u00e1ry a p\u00edsek ji\u017e nepropad\u00e1val. Vlhkost v\u00a0dla\u017eb\u011b a p\u00edsku br\u00e1n\u00ed pronik\u00e1n\u00ed impregna\u010dn\u00edho prost\u0159edku a vytv\u00e1\u0159\u00ed b\u00edl\u00e9 fleky.<\/p>\n<p><strong>Technick\u00e1 a zku\u0161ebn\u00ed data<\/strong><\/p>\n<p>Impregna\u010dn\u00ed n\u00e1t\u011br na z\u00e1mkovou Smartseal byl testov\u00e1n laborato\u0159\u00ed TRL (Transport Research Laboratory) a certifikov\u00e1n, \u017ee spl\u0148uje SRV (Skid Resistance Value) pro v\u0161echny kategorie dla\u017eby pro p\u011b\u0161\u00ed z\u00f3ny m\u00edstn\u00ed spr\u00e1vy. Kopie t\u011bchto certifik\u00e1t\u016f jsou k dispozici na vy\u017e\u00e1d\u00e1n\u00ed.<\/p>\n<p><strong>Specifika\u010dn\u00ed dolo\u017eka<\/strong><\/p>\n<p>Nov\u011b polo\u017een\u00e1 betonov\u00e1 dla\u017eba by m\u011bla b\u00fdt o\u0161et\u0159ena Impregna\u010dn\u00edm n\u00e1t\u011brem Smartseal, kter\u00fd chr\u00e1n\u00ed a stabilizuje sp\u00e1rovac\u00ed p\u00edsek, zintenziv\u0148uje barevnost povrchu a zvy\u0161uje odolnost proti od\u011bru. V\u0161echny materi\u00e1ly jsou v souladu s normou ISO9002 pro zaji\u0161t\u011bn\u00ed kvality. V\u0161echny pr\u00e1ce by m\u011bly b\u00fdt prov\u00e1d\u011bny ve spojen\u00ed s aktu\u00e1ln\u00edm technick\u00fdm listem v\u00fdrobce a n\u00e1vodem k pou\u017eit\u00ed.<\/p>\n<p><strong>Zdrav\u00ed a bezpe\u010dnost<\/strong><\/p>\n<p>Ho\u0159lav\u00e1 kapalina. Neku\u0159te. Udr\u017eujte oblast aplikace dob\u0159e v\u011btranou. P\u0159i nan\u00e1\u0161en\u00ed pou\u017e\u00edvejte respir\u00e1tor. Uchov\u00e1vejte na chladn\u00e9m m\u00edst\u011b. Bod vzplanut\u00ed 40 \u00b0 C. Podrobn\u011bj\u0161\u00ed informace naleznete v Bezpe\u010dnostn\u00edm listu. P\u0159i aplikaci noste <a href=\"https:\/\/smartseal.cz\/sk\/obchod\/sada-ochrannych-pomucek\/\">respir\u00e1tor, rukavice a br\u00fdle<\/a>.<\/p>\n<p><a href=\"http:\/\/\/www.youtube.com\/watch?v=NGg45qG4Usg&amp;t=14s\">http:\/\/\/www.youtube.com\/watch?v=NGg45qG4Usg&amp;t=14s<\/a><\/p>\n","protected":false},"excerpt":{"rendered":"<p>Renovuje starou betonovou dla\u017ebu a z\u00e1rove\u0148 chr\u00e1n\u00ed p\u0159ed ztr\u00e1tou barvy. Zabra\u0148uje r\u016fstu mechu a plevele.<\/p>\n","protected":false},"featured_media":9616,"comment_status":"open","ping_status":"closed","template":"","meta":[],"product_brand":[],"product_cat":[53,24,47,42,38,58,21],"product_tag":[],"class_list":{"0":"post-10319","1":"product","2":"type-product","3":"status-publish","4":"has-post-thumbnail","6":"product_cat-zamkova-dlazba","7":"product_cat-impregnacia-ochranne-natery","8":"product_cat-ochranne-natery-teras","9":"product_cat-impregnacia-zamkovej-dlazby","10":"product_cat-vonkajsie-terasy-nadvoria","11":"product_cat-zamkova-dlazba-terasy","12":"product_cat-pristupove-cesty-chodniky","13":"pa_barva-cervena","14":"pa_faze-pouziti-impregnace","15":"pa_faze-pouziti-nasledna-pece","16":"pa_velikost-baleni-vzorek-100ml","18":"first","19":"instock","20":"taxable","21":"shipping-taxable","22":"purchasable","23":"product-type-simple"},"yoast_head":"<!-- This site is optimized with the Yoast SEO Premium plugin v26.8 (Yoast SEO v26.9) - https:\/\/yoast.com\/product\/yoast-seo-premium-wordpress\/ -->\n<title>Block magic - renovace barev (\u010derven\u00fd)- Smartseal Slovensko<\/title>\n<meta name=\"description\" content=\"Renova\u010dn\u00ed n\u00e1t\u011br \u010derven\u00e9 barvy obnov\u00ed za\u0161lou z\u00e1mkovou dla\u017ebu a ochr\u00e1n\u00ed ji p\u0159ed vn\u011bj\u0161\u00edmi vlivy.\" \/>\n<meta name=\"robots\" content=\"index, follow, max-snippet:-1, max-image-preview:large, max-video-preview:-1\" \/>\n<link rel=\"canonical\" href=\"https:\/\/smartseal.cz\/sk\/produkt\/block-magic-renovace-barev-cerveny-vzorek\/\" \/>\n<meta property=\"og:locale\" content=\"sk_SK\" \/>\n<meta property=\"og:type\" content=\"article\" \/>\n<meta property=\"og:title\" content=\"Block magic - renovace barev (\u010derven\u00fd), vzorek\" \/>\n<meta property=\"og:description\" content=\"Renova\u010dn\u00ed n\u00e1t\u011br \u010derven\u00e9 barvy obnov\u00ed za\u0161lou z\u00e1mkovou dla\u017ebu a ochr\u00e1n\u00ed ji p\u0159ed vn\u011bj\u0161\u00edmi vlivy.\" \/>\n<meta property=\"og:url\" content=\"https:\/\/smartseal.cz\/sk\/produkt\/block-magic-renovace-barev-cerveny-vzorek\/\" \/>\n<meta property=\"og:site_name\" content=\"Smartseal Slovensko\" \/>\n<meta property=\"article:modified_time\" content=\"2026-03-26T05:18:05+00:00\" \/>\n<meta property=\"og:image\" content=\"https:\/\/smartseal.cz\/sk\/wp-content\/uploads\/2022\/09\/plechovka_vzorek.png\" \/>\n\t<meta property=\"og:image:width\" content=\"800\" \/>\n\t<meta property=\"og:image:height\" content=\"800\" \/>\n\t<meta property=\"og:image:type\" content=\"image\/png\" \/>\n<meta name=\"twitter:card\" content=\"summary_large_image\" \/>\n<meta name=\"twitter:label1\" content=\"Predpokladan\u00fd \u010das \u010d\u00edtania\" \/>\n\t<meta name=\"twitter:data1\" content=\"4 min\u00faty\" \/>\n<script type=\"application\/ld+json\" class=\"yoast-schema-graph\">{\"@context\":\"https:\/\/schema.org\",\"@graph\":[{\"@type\":\"WebPage\",\"@id\":\"https:\/\/smartseal.cz\/sk\/produkt\/block-magic-renovace-barev-cerveny-vzorek\/\",\"url\":\"https:\/\/smartseal.cz\/sk\/produkt\/block-magic-renovace-barev-cerveny-vzorek\/\",\"name\":\"Block magic - renovace barev (\u010derven\u00fd)- Smartseal Slovensko\",\"isPartOf\":{\"@id\":\"https:\/\/smartseal.cz\/sk\/#website\"},\"primaryImageOfPage\":{\"@id\":\"https:\/\/smartseal.cz\/sk\/produkt\/block-magic-renovace-barev-cerveny-vzorek\/#primaryimage\"},\"image\":{\"@id\":\"https:\/\/smartseal.cz\/sk\/produkt\/block-magic-renovace-barev-cerveny-vzorek\/#primaryimage\"},\"thumbnailUrl\":\"https:\/\/smartseal.cz\/sk\/wp-content\/uploads\/2022\/09\/plechovka_vzorek.png\",\"datePublished\":\"2022-09-22T13:14:36+00:00\",\"dateModified\":\"2026-03-26T05:18:05+00:00\",\"description\":\"Renova\u010dn\u00ed n\u00e1t\u011br \u010derven\u00e9 barvy obnov\u00ed za\u0161lou z\u00e1mkovou dla\u017ebu a ochr\u00e1n\u00ed ji p\u0159ed vn\u011bj\u0161\u00edmi vlivy.\",\"breadcrumb\":{\"@id\":\"https:\/\/smartseal.cz\/sk\/produkt\/block-magic-renovace-barev-cerveny-vzorek\/#breadcrumb\"},\"inLanguage\":\"sk-SK\",\"potentialAction\":[{\"@type\":\"ReadAction\",\"target\":[\"https:\/\/smartseal.cz\/sk\/produkt\/block-magic-renovace-barev-cerveny-vzorek\/\"]}]},{\"@type\":\"ImageObject\",\"inLanguage\":\"sk-SK\",\"@id\":\"https:\/\/smartseal.cz\/sk\/produkt\/block-magic-renovace-barev-cerveny-vzorek\/#primaryimage\",\"url\":\"https:\/\/smartseal.cz\/sk\/wp-content\/uploads\/2022\/09\/plechovka_vzorek.png\",\"contentUrl\":\"https:\/\/smartseal.cz\/sk\/wp-content\/uploads\/2022\/09\/plechovka_vzorek.png\",\"width\":800,\"height\":800},{\"@type\":\"BreadcrumbList\",\"@id\":\"https:\/\/smartseal.cz\/sk\/produkt\/block-magic-renovace-barev-cerveny-vzorek\/#breadcrumb\",\"itemListElement\":[{\"@type\":\"ListItem\",\"position\":1,\"name\":\"Dom\u016f\",\"item\":\"https:\/\/smartseal.cz\/sk\/\"},{\"@type\":\"ListItem\",\"position\":2,\"name\":\"Obchod\",\"item\":\"https:\/\/smartseal.cz\/sk\/obchod\/\"},{\"@type\":\"ListItem\",\"position\":3,\"name\":\"Block magic &#8211; renovace barev (\u010derven\u00fd), vzorek\"}]},{\"@type\":\"WebSite\",\"@id\":\"https:\/\/smartseal.cz\/sk\/#website\",\"url\":\"https:\/\/smartseal.cz\/sk\/\",\"name\":\"Smartseal Slovensko\",\"description\":\"Chytr\u00e9 n\u00e1tery na v\u0161etky povrchy\",\"potentialAction\":[{\"@type\":\"SearchAction\",\"target\":{\"@type\":\"EntryPoint\",\"urlTemplate\":\"https:\/\/smartseal.cz\/sk\/?s={search_term_string}\"},\"query-input\":{\"@type\":\"PropertyValueSpecification\",\"valueRequired\":true,\"valueName\":\"search_term_string\"}}],\"inLanguage\":\"sk-SK\"}]}<\/script>\n<!-- \/ Yoast SEO Premium plugin. -->","yoast_head_json":{"title":"Block magic - renovace barev (\u010derven\u00fd)- Smartseal Slovensko","description":"Renova\u010dn\u00ed n\u00e1t\u011br \u010derven\u00e9 barvy obnov\u00ed za\u0161lou z\u00e1mkovou dla\u017ebu a ochr\u00e1n\u00ed ji p\u0159ed vn\u011bj\u0161\u00edmi vlivy.","robots":{"index":"index","follow":"follow","max-snippet":"max-snippet:-1","max-image-preview":"max-image-preview:large","max-video-preview":"max-video-preview:-1"},"canonical":"https:\/\/smartseal.cz\/sk\/produkt\/block-magic-renovace-barev-cerveny-vzorek\/","og_locale":"sk_SK","og_type":"article","og_title":"Block magic - renovace barev (\u010derven\u00fd), vzorek","og_description":"Renova\u010dn\u00ed n\u00e1t\u011br \u010derven\u00e9 barvy obnov\u00ed za\u0161lou z\u00e1mkovou dla\u017ebu a ochr\u00e1n\u00ed ji p\u0159ed vn\u011bj\u0161\u00edmi vlivy.","og_url":"https:\/\/smartseal.cz\/sk\/produkt\/block-magic-renovace-barev-cerveny-vzorek\/","og_site_name":"Smartseal Slovensko","article_modified_time":"2026-03-26T05:18:05+00:00","og_image":[{"width":800,"height":800,"url":"https:\/\/smartseal.cz\/sk\/wp-content\/uploads\/2022\/09\/plechovka_vzorek.png","type":"image\/png"}],"twitter_card":"summary_large_image","twitter_misc":{"Predpokladan\u00fd \u010das \u010d\u00edtania":"4 min\u00faty"},"schema":{"@context":"https:\/\/schema.org","@graph":[{"@type":"WebPage","@id":"https:\/\/smartseal.cz\/sk\/produkt\/block-magic-renovace-barev-cerveny-vzorek\/","url":"https:\/\/smartseal.cz\/sk\/produkt\/block-magic-renovace-barev-cerveny-vzorek\/","name":"Block magic - renovace barev (\u010derven\u00fd)- Smartseal Slovensko","isPartOf":{"@id":"https:\/\/smartseal.cz\/sk\/#website"},"primaryImageOfPage":{"@id":"https:\/\/smartseal.cz\/sk\/produkt\/block-magic-renovace-barev-cerveny-vzorek\/#primaryimage"},"image":{"@id":"https:\/\/smartseal.cz\/sk\/produkt\/block-magic-renovace-barev-cerveny-vzorek\/#primaryimage"},"thumbnailUrl":"https:\/\/smartseal.cz\/sk\/wp-content\/uploads\/2022\/09\/plechovka_vzorek.png","datePublished":"2022-09-22T13:14:36+00:00","dateModified":"2026-03-26T05:18:05+00:00","description":"Renova\u010dn\u00ed n\u00e1t\u011br \u010derven\u00e9 barvy obnov\u00ed za\u0161lou z\u00e1mkovou dla\u017ebu a ochr\u00e1n\u00ed ji p\u0159ed vn\u011bj\u0161\u00edmi vlivy.","breadcrumb":{"@id":"https:\/\/smartseal.cz\/sk\/produkt\/block-magic-renovace-barev-cerveny-vzorek\/#breadcrumb"},"inLanguage":"sk-SK","potentialAction":[{"@type":"ReadAction","target":["https:\/\/smartseal.cz\/sk\/produkt\/block-magic-renovace-barev-cerveny-vzorek\/"]}]},{"@type":"ImageObject","inLanguage":"sk-SK","@id":"https:\/\/smartseal.cz\/sk\/produkt\/block-magic-renovace-barev-cerveny-vzorek\/#primaryimage","url":"https:\/\/smartseal.cz\/sk\/wp-content\/uploads\/2022\/09\/plechovka_vzorek.png","contentUrl":"https:\/\/smartseal.cz\/sk\/wp-content\/uploads\/2022\/09\/plechovka_vzorek.png","width":800,"height":800},{"@type":"BreadcrumbList","@id":"https:\/\/smartseal.cz\/sk\/produkt\/block-magic-renovace-barev-cerveny-vzorek\/#breadcrumb","itemListElement":[{"@type":"ListItem","position":1,"name":"Dom\u016f","item":"https:\/\/smartseal.cz\/sk\/"},{"@type":"ListItem","position":2,"name":"Obchod","item":"https:\/\/smartseal.cz\/sk\/obchod\/"},{"@type":"ListItem","position":3,"name":"Block magic &#8211; renovace barev (\u010derven\u00fd), vzorek"}]},{"@type":"WebSite","@id":"https:\/\/smartseal.cz\/sk\/#website","url":"https:\/\/smartseal.cz\/sk\/","name":"Smartseal Slovensko","description":"Chytr\u00e9 n\u00e1tery na v\u0161etky povrchy","potentialAction":[{"@type":"SearchAction","target":{"@type":"EntryPoint","urlTemplate":"https:\/\/smartseal.cz\/sk\/?s={search_term_string}"},"query-input":{"@type":"PropertyValueSpecification","valueRequired":true,"valueName":"search_term_string"}}],"inLanguage":"sk-SK"}]}},"_links":{"self":[{"href":"https:\/\/smartseal.cz\/sk\/wp-json\/wp\/v2\/product\/10319","targetHints":{"allow":["GET"]}}],"collection":[{"href":"https:\/\/smartseal.cz\/sk\/wp-json\/wp\/v2\/product"}],"about":[{"href":"https:\/\/smartseal.cz\/sk\/wp-json\/wp\/v2\/types\/product"}],"replies":[{"embeddable":true,"href":"https:\/\/smartseal.cz\/sk\/wp-json\/wp\/v2\/comments?post=10319"}],"wp:featuredmedia":[{"embeddable":true,"href":"https:\/\/smartseal.cz\/sk\/wp-json\/wp\/v2\/media\/9616"}],"wp:attachment":[{"href":"https:\/\/smartseal.cz\/sk\/wp-json\/wp\/v2\/media?parent=10319"}],"wp:term":[{"taxonomy":"product_brand","embeddable":true,"href":"https:\/\/smartseal.cz\/sk\/wp-json\/wp\/v2\/product_brand?post=10319"},{"taxonomy":"product_cat","embeddable":true,"href":"https:\/\/smartseal.cz\/sk\/wp-json\/wp\/v2\/product_cat?post=10319"},{"taxonomy":"product_tag","embeddable":true,"href":"https:\/\/smartseal.cz\/sk\/wp-json\/wp\/v2\/product_tag?post=10319"}],"curies":[{"name":"wp","href":"https:\/\/api.w.org\/{rel}","templated":true}]}}