{"id":10290,"date":"2022-09-22T13:37:51","date_gmt":"2022-09-22T11:37:51","guid":{"rendered":"https:\/\/smartseal.cz\/sk\/?post_type=product&#038;p=10290"},"modified":"2026-03-15T15:17:33","modified_gmt":"2026-03-15T14:17:33","slug":"impregnacia-pre-zamkovu-dlazbu-matna-5l","status":"publish","type":"product","link":"https:\/\/smartseal.cz\/sk\/produkt\/impregnacia-pre-zamkovu-dlazbu-matna-5l\/","title":{"rendered":"Impregn\u00e1cia pre z\u00e1mkov\u00fa dla\u017ebu (matn\u00e1), 5l"},"content":{"rendered":"<h2 data-start=\"0\" data-end=\"73\"><strong data-start=\"0\" data-end=\"71\">Impregnuje z\u00e1mkov\u00fa dla\u017ebu s \u201eprirodzen\u00fdm\u201c vzhledem a matn\u00fdm efektem<\/strong><\/h2>\n<p data-start=\"75\" data-end=\"538\">Pr\u00edpravok <strong data-start=\"85\" data-end=\"137\">\u201eImpregn\u00e1cia na z\u00e1mkov\u00fa dla\u017ebu s matn\u00fdm efektem\u201c<\/strong> byl vyvinut\u00fd jako \u0159e\u0161en\u00ed neust\u00e1l\u00fdch probl\u00e9m\u016f s bielymi skvrnami a r\u016fstem buriny. Zv\u00fdraz\u0148uje farebnost a celkov\u00fd vzhled novej nebo star\u0161ej z\u00e1mkovej dla\u017eby. Takto z\u00edskan\u00e1 plocha bude m\u00edt zv\u00fd\u0161enou odolnos\u0165 proti oderu a z\u00e1rove\u0148 budou \u0161k\u00e1rovac\u00ed piesky chr\u00e1n\u011bn\u00e9 p\u0159ed er\u00f3ziou a napaden\u00edm lietaj\u00facimi semenami buriny. Poskytuje ochrann\u00fa vrstvu proti kontaminuj\u00edc\u00edm l\u00e1tkam, \u010d\u00edm d\u00e1l n\u00e1sledn\u00fa \u00fadr\u017ebu.<\/p>\n<p data-start=\"540\" data-end=\"597\"><strong data-start=\"540\" data-end=\"595\">NESMIE BY\u0164 POU\u017d\u00cdVAN\u00dd NA TEHLOV\u00da DLA\u017dBU ALEBO MURIVO<\/strong><\/p>\n<ul>\n<li data-start=\"599\" data-end=\"624\">Obnovuje starou dla\u017ebu<\/li>\n<li data-start=\"625\" data-end=\"684\">Jednoduch\u00e1 aplikace pomoc\u00ed postrekova\u010de nebo val\u010deka<\/li>\n<li data-start=\"685\" data-end=\"726\">Chr\u00e1ni p\u0159ed stratou barvy UV \u017eiaren\u00edm<\/li>\n<li data-start=\"727\" data-end=\"775\">Odol\u00e1va p\u016fsobeniu oleja a preniknut\u00ed esenci\u00e1ln\u00edho<\/li>\n<li data-start=\"776\" data-end=\"811\">Zabra\u0148uje r\u016fstu buriny a machov<\/li>\n<li data-start=\"812\" data-end=\"855\">Materi\u00e1l certifikovan\u00fd BS5750 \/ ISO9000<\/li>\n<li data-start=\"856\" data-end=\"928\">P\u0159ed v\u017edy sa ujist\u011bte, \u017ee povrchov\u00e1 teplota je mezi 12 &#8211; 25 \u00b0C<\/li>\n<li data-start=\"929\" data-end=\"974\">Pre optim\u00e1ln\u00ed v\u00fdsledky pou\u017eijte dv\u011b vrstvy<\/li>\n<li data-start=\"975\" data-end=\"1028\">Vhodn\u00e9 pro jedin\u00e9 z\u00e1mkov\u00fdch a bet\u00f3nov\u00fdch dla\u017eieb<\/li>\n<\/ul>\n<p><strong>Doporu\u010den\u00e1 spot\u0159eba<\/strong><\/p>\n<ul>\n<li data-start=\"1061\" data-end=\"1108\">Prv\u00e1 vrstva : 2,0 m\u00b2 na litr = 0,3 l\/m\u00b2<\/li>\n<li data-start=\"1109\" data-end=\"1157\">Druh\u00fd n\u00e1t\u011br : 3,5 m\u00b2 na litr = 0,2 l\/m\u00b2<\/li>\n<li data-start=\"1158\" data-end=\"1207\">P\u0159i dvou n\u00e1t\u011brech spot\u0159ebujete 0,5 l\/m\u00b2<\/li>\n<\/ul>\n<p><strong>Spot\u0159eba u vzorku (100ml)<\/strong>: Vzorkou o \u0161etrn\u00e9 plo\u0161e maxim\u00e1ln\u011b o rozloze <strong data-start=\"1288\" data-end=\"1299\">0,04 m\u00b2<\/strong> (0,2 m x 0,2 m). Ide o vzorek, a proto je pot\u0159eba k nej tak p\u0159istupova\u0165. Nepokou\u0161ejte se impregnovat p\u0159\u00edli\u0161 velkou plochu, proto\u017ee v\u00fdrobok nemus\u00ed spr\u00e1vne fungovat. Na aplikaci \u0161tetec.<\/p>\n<h3>Technick\u00fd popis Impregnace na z\u00e1mkovou dla\u017ebu<\/h3>\n<p><strong>Aplikace<\/strong><\/p>\n<p>Impregna\u010dn\u00fd n\u00e1ter sa m\u00f4\u017ee nan\u00e1\u0161a\u0165 postrekova\u010dom alebo val\u010dekom s v\u00fddatnos\u0165ou 0,3 l\/m2 pre 1. vrstvu a 0,2 l\/m2 pre 2. vrstvu. Na \u00fapln\u00e9 utesnenie \u0161k\u00e1rovacieho piesku s\u00fa potrebn\u00e9 dva n\u00e1tery. N\u00e1ter schne 2 hodiny pri teplote 20 \u00b0C a do priestoru sa neodpor\u00fa\u010da vstupova\u0165 4 hodiny. Vozidl\u00e1 m\u00f4\u017eu do priestoru vstupova\u0165 po 24 hodin\u00e1ch pri 20 \u00b0C. Tieto \u010dasy sa m\u00f4\u017eu pred\u013a\u017ei\u0165 alebo skr\u00e1ti\u0165 v z\u00e1vislosti od okolitej teploty. Po\u010das cyklu vytvrdzovania sa odpor\u00fa\u010da chr\u00e1ni\u0165 oblas\u0165 pred da\u017e\u010fom. Nepou\u017e\u00edvajte, ak je teplota p\u00f4dy vy\u0161\u0161ia ako 25 \u00b0C alebo ni\u017e\u0161ia ako 12 \u00b0C. V\u0161etky n\u00e1stroje by sa mali po pou\u017eit\u00ed vy\u010disti\u0165 \u201eSmartseal \u010distiacim riedidlom\u201c.<\/p>\n<p>Rozmrazovacie soli by sa nemali aplikova\u0165 na dla\u017ebu alebo bet\u00f3nov\u00e9 plochy o\u0161etren\u00e9 impregn\u00e1ciou Smartseal. So\u013e chemicky zni\u017euje teplotu, pri ktorej voda zam\u0155za, a vedie k prenikaniu vody do dla\u017eby. N\u00e1sledn\u00e9 mrznutie m\u00f4\u017ee vies\u0165 k po\u0161kodeniu ochrann\u00e9ho n\u00e1teru rozp\u00ednan\u00edm vody pri mrznut\u00ed a m\u00f4\u017eu sa objavi\u0165 biele \u201epostriebren\u00e9\u201c plochy.<\/p>\n<p><strong>Nepou\u017e\u00edvajte na tehly alebo murivo<\/strong><\/p>\n<p><strong>P\u0159\u00edprava<\/strong><\/p>\n<p>Nov\u00e1 z\u00e1mkov\u00e1 alebo in\u00e1 dla\u017eba by mala by\u0165 \u010dist\u00e1. Dbajte na to, aby bolo v \u0161k\u00e1rach dostatok dobre spevnen\u00e9ho piesku. Star\u0161iu dla\u017ebu je potrebn\u00e9 umy\u0165 vysokotlakov\u00fdm \u010distiacim prostriedkom, aby sa odstr\u00e1nili v\u0161etky povrchov\u00e9 ne\u010distoty. Ak je dla\u017eba zne\u010disten\u00e1 burinou a machom, mala by sa o\u0161etri\u0165 pr\u00edpravkom Xtreme alebo Mech-stop. O\u0161etren\u00e1 plocha by sa potom mala necha\u0165 dobre vyschn\u00fa\u0165 a \u0161k\u00e1ry by sa mali doplni\u0165 kremi\u010dit\u00fdm pieskom, ktor\u00fd by sa mal dobre zhutni\u0165, aby sa vyplnila cel\u00e1 h\u013abka \u0161k\u00e1ry a aby sa piesok u\u017e neprepad\u00e1val. Vlhkos\u0165 v dla\u017ebe a piesku zabra\u0148uje prenikaniu impregna\u010dn\u00e9ho prostriedku a vytv\u00e1ra biele \u0161kvrny.<\/p>\n<p><strong>Technick\u00e9 a zku\u0161ebn\u00ed data<\/strong><\/p>\n<p>Impregna\u010dn\u00ed n\u00e1t\u011br na z\u00e1mkovou dla\u017ebu Smartseal byl testov\u00e1n laborato\u0159\u00ed TRL (Transport Research Laboratory) a certifikov\u00e1n, \u017ee spl\u0148uje SRV (Skid Resistance Value) pro v\u0161echny kategorie dla\u017eby pro p\u011b\u0161\u00ed z\u00f3ny m\u00edstn\u00ed spr\u00e1vy. Kopie t\u011bchto certifik\u00e1t\u016f jsou k dispozici na vy\u017e\u00e1d\u00e1n\u00ed.<\/p>\n<p><strong>Dolo\u017eka o specifikaci<\/strong><\/p>\n<p>Nov\u011b polo\u017een\u00e1 z\u00e1mkov\u00e1 nebo jin\u00e1 dla\u017eba by m\u011bla b\u00fdt o\u0161et\u0159ena Impregna\u010dn\u00edm n\u00e1t\u011brem Smartseal, kter\u00fd chr\u00e1n\u00ed a stabilizuje sp\u00e1rovac\u00ed p\u00edsek, zintenziv\u0148uje barevnost povrchu a zvy\u0161uje odolnost proti od\u011bru. V\u0161echny materi\u00e1ly by m\u011bly b\u00fdt v souladu s normou ISO9002 pro zaji\u0161t\u011bn\u00ed kvality. V\u0161echny pr\u00e1ce by m\u011bly b\u00fdt prov\u00e1d\u011bny ve spojen\u00ed s aktu\u00e1ln\u00edm technick\u00fdm listem v\u00fdrobce a n\u00e1vodem k pou\u017eit\u00ed. &#8221;<\/p>\n<p><strong>Zdrav\u00ed a bezpe\u010dnost<\/strong><\/p>\n<p>Ho\u0159lav\u00e1 kapalina. Neku\u0159te. Udr\u017eujte oblast aplikace dob\u0159e v\u011btranou. P\u0159i nan\u00e1\u0161en\u00ed pou\u017e\u00edvejte respir\u00e1tor. Uchov\u00e1vejte na chladn\u00e9m m\u00edst\u011b. Bod vzplanut\u00ed 40 \u00b0 C. Podrobn\u011bj\u0161\u00ed informace naleznete v Bezpe\u010dnostn\u00edm listu.<\/p>\n<p><a href=\"https:\/\/smartseal.cz\/sk\/wp-content\/uploads\/sites\/2\/2019\/04\/N\u00e1vod-k-pou\u017eit\u00ed_imp-zam-lesk.pdf\">N\u00e1vod k pou\u017eit\u00ed Impregnace na z\u00e1mkovou dla\u017ebu v PDF<\/a><\/p>\n<p><a href=\"https:\/\/smartseal.cz\/sk\/wp-content\/uploads\/sites\/2\/2021\/08\/BL_BLUE-LID-SEALER-CZ_CLP_2021-copy.pdf\">Bezpe\u010dnostn\u00ed list Impregnace na z\u00e1mkovou dla\u017ebu v PDF<\/a><\/p>\n<div class=\"video-shortcode\"><iframe title=\"\u010ci\u0161t\u011bn\u00ed a renovace z\u00e1mkov\u00e9 dla\u017eby - Praha\" width=\"1200\" height=\"675\" src=\"https:\/\/www.youtube.com\/embed\/FU7bni4e_Kw?start=75&#038;feature=oembed&#038;enablejsapi=1&#038;origin=https:\/\/smartseal.cz\/sk\" frameborder=\"0\" allow=\"accelerometer; autoplay; clipboard-write; encrypted-media; gyroscope; picture-in-picture\" allowfullscreen><\/iframe><\/div>\n","protected":false},"excerpt":{"rendered":"<p>Po nanesen\u00ed impregna\u010dn\u00e9ho n\u00e1teru z\u00edskaj\u00fa z\u00e1mkov\u00e9 dla\u017eby matn\u00fd vzh\u013ead a bud\u00fa chr\u00e1nen\u00e9 pred machom a burinou. 5 l o\u0161etr\u00ed 10 m2.<\/p>\n","protected":false},"featured_media":4234,"comment_status":"open","ping_status":"closed","template":"","meta":[],"product_brand":[],"product_cat":[53,24,42,38,58,21],"product_tag":[],"class_list":{"0":"post-10290","1":"product","2":"type-product","3":"status-publish","4":"has-post-thumbnail","6":"product_cat-zamkova-dlazba","7":"product_cat-impregnacia-ochranne-natery","8":"product_cat-impregnacia-zamkovej-dlazby","9":"product_cat-vonkajsie-terasy-nadvoria","10":"product_cat-zamkova-dlazba-terasy","11":"product_cat-pristupove-cesty-chodniky","12":"pa_barva-bezbarva","13":"pa_faze-pouziti-impregnace","14":"pa_faze-pouziti-nasledna-pece","15":"pa_velikost-baleni-5l","17":"first","18":"instock","19":"taxable","20":"shipping-taxable","21":"purchasable","22":"product-type-simple"},"yoast_head":"<!-- This site is optimized with the Yoast SEO Premium plugin v26.8 (Yoast SEO v26.9) - https:\/\/yoast.com\/product\/yoast-seo-premium-wordpress\/ -->\n<title>Impregn\u00e1cia pre z\u00e1mkov\u00fa dla\u017ebu (matn\u00e1) | Smartseal SK<\/title>\n<meta name=\"description\" content=\"Po nanesen\u00ed impregna\u010dn\u00e9ho n\u00e1teru z\u00edskaj\u00fa z\u00e1mkov\u00e9 dla\u017eby matn\u00fd vzh\u013ead a bud\u00fa chr\u00e1nen\u00e9 pred machom a burinou.\" \/>\n<meta name=\"robots\" content=\"index, follow, max-snippet:-1, max-image-preview:large, max-video-preview:-1\" \/>\n<link rel=\"canonical\" href=\"https:\/\/smartseal.cz\/sk\/produkt\/impregnacia-pre-zamkovu-dlazbu-matna-5l\/\" \/>\n<meta property=\"og:locale\" content=\"sk_SK\" \/>\n<meta property=\"og:type\" content=\"article\" \/>\n<meta property=\"og:title\" content=\"Impregn\u00e1cia pre z\u00e1mkov\u00fa dla\u017ebu (matn\u00e1), 5l\" \/>\n<meta property=\"og:description\" content=\"Po nanesen\u00ed impregna\u010dn\u00e9ho n\u00e1teru z\u00edskaj\u00fa z\u00e1mkov\u00e9 dla\u017eby matn\u00fd vzh\u013ead a bud\u00fa chr\u00e1nen\u00e9 pred machom a burinou.\" \/>\n<meta property=\"og:url\" content=\"https:\/\/smartseal.cz\/sk\/produkt\/impregnacia-pre-zamkovu-dlazbu-matna-5l\/\" \/>\n<meta property=\"og:site_name\" content=\"Smartseal Slovensko\" \/>\n<meta property=\"article:modified_time\" content=\"2026-03-15T14:17:33+00:00\" \/>\n<meta property=\"og:image\" content=\"https:\/\/smartseal.cz\/sk\/wp-content\/uploads\/2019\/04\/foto_impr-zam-lesk-5.jpg\" \/>\n\t<meta property=\"og:image:width\" content=\"800\" \/>\n\t<meta property=\"og:image:height\" content=\"800\" \/>\n\t<meta property=\"og:image:type\" content=\"image\/jpeg\" \/>\n<meta name=\"twitter:card\" content=\"summary_large_image\" \/>\n<meta name=\"twitter:label1\" content=\"Predpokladan\u00fd \u010das \u010d\u00edtania\" \/>\n\t<meta name=\"twitter:data1\" content=\"4 min\u00faty\" \/>\n<script type=\"application\/ld+json\" class=\"yoast-schema-graph\">{\"@context\":\"https:\/\/schema.org\",\"@graph\":[{\"@type\":\"WebPage\",\"@id\":\"https:\/\/smartseal.cz\/sk\/produkt\/impregnacia-pre-zamkovu-dlazbu-matna-5l\/\",\"url\":\"https:\/\/smartseal.cz\/sk\/produkt\/impregnacia-pre-zamkovu-dlazbu-matna-5l\/\",\"name\":\"Impregn\u00e1cia pre z\u00e1mkov\u00fa dla\u017ebu (matn\u00e1) | Smartseal SK\",\"isPartOf\":{\"@id\":\"https:\/\/smartseal.cz\/sk\/#website\"},\"primaryImageOfPage\":{\"@id\":\"https:\/\/smartseal.cz\/sk\/produkt\/impregnacia-pre-zamkovu-dlazbu-matna-5l\/#primaryimage\"},\"image\":{\"@id\":\"https:\/\/smartseal.cz\/sk\/produkt\/impregnacia-pre-zamkovu-dlazbu-matna-5l\/#primaryimage\"},\"thumbnailUrl\":\"https:\/\/smartseal.cz\/sk\/wp-content\/uploads\/2019\/04\/foto_impr-zam-lesk-5.jpg\",\"datePublished\":\"2022-09-22T11:37:51+00:00\",\"dateModified\":\"2026-03-15T14:17:33+00:00\",\"description\":\"Po nanesen\u00ed impregna\u010dn\u00e9ho n\u00e1teru z\u00edskaj\u00fa z\u00e1mkov\u00e9 dla\u017eby matn\u00fd vzh\u013ead a bud\u00fa chr\u00e1nen\u00e9 pred machom a burinou.\",\"breadcrumb\":{\"@id\":\"https:\/\/smartseal.cz\/sk\/produkt\/impregnacia-pre-zamkovu-dlazbu-matna-5l\/#breadcrumb\"},\"inLanguage\":\"sk-SK\",\"potentialAction\":[{\"@type\":\"ReadAction\",\"target\":[\"https:\/\/smartseal.cz\/sk\/produkt\/impregnacia-pre-zamkovu-dlazbu-matna-5l\/\"]}]},{\"@type\":\"ImageObject\",\"inLanguage\":\"sk-SK\",\"@id\":\"https:\/\/smartseal.cz\/sk\/produkt\/impregnacia-pre-zamkovu-dlazbu-matna-5l\/#primaryimage\",\"url\":\"https:\/\/smartseal.cz\/sk\/wp-content\/uploads\/2019\/04\/foto_impr-zam-lesk-5.jpg\",\"contentUrl\":\"https:\/\/smartseal.cz\/sk\/wp-content\/uploads\/2019\/04\/foto_impr-zam-lesk-5.jpg\",\"width\":800,\"height\":800,\"caption\":\"Obal-na-impragnaci-na-zamkovou-dlazbu-5l\"},{\"@type\":\"BreadcrumbList\",\"@id\":\"https:\/\/smartseal.cz\/sk\/produkt\/impregnacia-pre-zamkovu-dlazbu-matna-5l\/#breadcrumb\",\"itemListElement\":[{\"@type\":\"ListItem\",\"position\":1,\"name\":\"Dom\u016f\",\"item\":\"https:\/\/smartseal.cz\/sk\/\"},{\"@type\":\"ListItem\",\"position\":2,\"name\":\"Obchod\",\"item\":\"https:\/\/smartseal.cz\/sk\/obchod\/\"},{\"@type\":\"ListItem\",\"position\":3,\"name\":\"Impregn\u00e1cia pre z\u00e1mkov\u00fa dla\u017ebu (matn\u00e1), 5l\"}]},{\"@type\":\"WebSite\",\"@id\":\"https:\/\/smartseal.cz\/sk\/#website\",\"url\":\"https:\/\/smartseal.cz\/sk\/\",\"name\":\"Smartseal Slovensko\",\"description\":\"Chytr\u00e9 n\u00e1tery na v\u0161etky povrchy\",\"potentialAction\":[{\"@type\":\"SearchAction\",\"target\":{\"@type\":\"EntryPoint\",\"urlTemplate\":\"https:\/\/smartseal.cz\/sk\/?s={search_term_string}\"},\"query-input\":{\"@type\":\"PropertyValueSpecification\",\"valueRequired\":true,\"valueName\":\"search_term_string\"}}],\"inLanguage\":\"sk-SK\"}]}<\/script>\n<!-- \/ Yoast SEO Premium plugin. -->","yoast_head_json":{"title":"Impregn\u00e1cia pre z\u00e1mkov\u00fa dla\u017ebu (matn\u00e1) | Smartseal SK","description":"Po nanesen\u00ed impregna\u010dn\u00e9ho n\u00e1teru z\u00edskaj\u00fa z\u00e1mkov\u00e9 dla\u017eby matn\u00fd vzh\u013ead a bud\u00fa chr\u00e1nen\u00e9 pred machom a burinou.","robots":{"index":"index","follow":"follow","max-snippet":"max-snippet:-1","max-image-preview":"max-image-preview:large","max-video-preview":"max-video-preview:-1"},"canonical":"https:\/\/smartseal.cz\/sk\/produkt\/impregnacia-pre-zamkovu-dlazbu-matna-5l\/","og_locale":"sk_SK","og_type":"article","og_title":"Impregn\u00e1cia pre z\u00e1mkov\u00fa dla\u017ebu (matn\u00e1), 5l","og_description":"Po nanesen\u00ed impregna\u010dn\u00e9ho n\u00e1teru z\u00edskaj\u00fa z\u00e1mkov\u00e9 dla\u017eby matn\u00fd vzh\u013ead a bud\u00fa chr\u00e1nen\u00e9 pred machom a burinou.","og_url":"https:\/\/smartseal.cz\/sk\/produkt\/impregnacia-pre-zamkovu-dlazbu-matna-5l\/","og_site_name":"Smartseal Slovensko","article_modified_time":"2026-03-15T14:17:33+00:00","og_image":[{"width":800,"height":800,"url":"https:\/\/smartseal.cz\/sk\/wp-content\/uploads\/2019\/04\/foto_impr-zam-lesk-5.jpg","type":"image\/jpeg"}],"twitter_card":"summary_large_image","twitter_misc":{"Predpokladan\u00fd \u010das \u010d\u00edtania":"4 min\u00faty"},"schema":{"@context":"https:\/\/schema.org","@graph":[{"@type":"WebPage","@id":"https:\/\/smartseal.cz\/sk\/produkt\/impregnacia-pre-zamkovu-dlazbu-matna-5l\/","url":"https:\/\/smartseal.cz\/sk\/produkt\/impregnacia-pre-zamkovu-dlazbu-matna-5l\/","name":"Impregn\u00e1cia pre z\u00e1mkov\u00fa dla\u017ebu (matn\u00e1) | Smartseal SK","isPartOf":{"@id":"https:\/\/smartseal.cz\/sk\/#website"},"primaryImageOfPage":{"@id":"https:\/\/smartseal.cz\/sk\/produkt\/impregnacia-pre-zamkovu-dlazbu-matna-5l\/#primaryimage"},"image":{"@id":"https:\/\/smartseal.cz\/sk\/produkt\/impregnacia-pre-zamkovu-dlazbu-matna-5l\/#primaryimage"},"thumbnailUrl":"https:\/\/smartseal.cz\/sk\/wp-content\/uploads\/2019\/04\/foto_impr-zam-lesk-5.jpg","datePublished":"2022-09-22T11:37:51+00:00","dateModified":"2026-03-15T14:17:33+00:00","description":"Po nanesen\u00ed impregna\u010dn\u00e9ho n\u00e1teru z\u00edskaj\u00fa z\u00e1mkov\u00e9 dla\u017eby matn\u00fd vzh\u013ead a bud\u00fa chr\u00e1nen\u00e9 pred machom a burinou.","breadcrumb":{"@id":"https:\/\/smartseal.cz\/sk\/produkt\/impregnacia-pre-zamkovu-dlazbu-matna-5l\/#breadcrumb"},"inLanguage":"sk-SK","potentialAction":[{"@type":"ReadAction","target":["https:\/\/smartseal.cz\/sk\/produkt\/impregnacia-pre-zamkovu-dlazbu-matna-5l\/"]}]},{"@type":"ImageObject","inLanguage":"sk-SK","@id":"https:\/\/smartseal.cz\/sk\/produkt\/impregnacia-pre-zamkovu-dlazbu-matna-5l\/#primaryimage","url":"https:\/\/smartseal.cz\/sk\/wp-content\/uploads\/2019\/04\/foto_impr-zam-lesk-5.jpg","contentUrl":"https:\/\/smartseal.cz\/sk\/wp-content\/uploads\/2019\/04\/foto_impr-zam-lesk-5.jpg","width":800,"height":800,"caption":"Obal-na-impragnaci-na-zamkovou-dlazbu-5l"},{"@type":"BreadcrumbList","@id":"https:\/\/smartseal.cz\/sk\/produkt\/impregnacia-pre-zamkovu-dlazbu-matna-5l\/#breadcrumb","itemListElement":[{"@type":"ListItem","position":1,"name":"Dom\u016f","item":"https:\/\/smartseal.cz\/sk\/"},{"@type":"ListItem","position":2,"name":"Obchod","item":"https:\/\/smartseal.cz\/sk\/obchod\/"},{"@type":"ListItem","position":3,"name":"Impregn\u00e1cia pre z\u00e1mkov\u00fa dla\u017ebu (matn\u00e1), 5l"}]},{"@type":"WebSite","@id":"https:\/\/smartseal.cz\/sk\/#website","url":"https:\/\/smartseal.cz\/sk\/","name":"Smartseal Slovensko","description":"Chytr\u00e9 n\u00e1tery na v\u0161etky povrchy","potentialAction":[{"@type":"SearchAction","target":{"@type":"EntryPoint","urlTemplate":"https:\/\/smartseal.cz\/sk\/?s={search_term_string}"},"query-input":{"@type":"PropertyValueSpecification","valueRequired":true,"valueName":"search_term_string"}}],"inLanguage":"sk-SK"}]}},"_links":{"self":[{"href":"https:\/\/smartseal.cz\/sk\/wp-json\/wp\/v2\/product\/10290","targetHints":{"allow":["GET"]}}],"collection":[{"href":"https:\/\/smartseal.cz\/sk\/wp-json\/wp\/v2\/product"}],"about":[{"href":"https:\/\/smartseal.cz\/sk\/wp-json\/wp\/v2\/types\/product"}],"replies":[{"embeddable":true,"href":"https:\/\/smartseal.cz\/sk\/wp-json\/wp\/v2\/comments?post=10290"}],"wp:featuredmedia":[{"embeddable":true,"href":"https:\/\/smartseal.cz\/sk\/wp-json\/wp\/v2\/media\/4234"}],"wp:attachment":[{"href":"https:\/\/smartseal.cz\/sk\/wp-json\/wp\/v2\/media?parent=10290"}],"wp:term":[{"taxonomy":"product_brand","embeddable":true,"href":"https:\/\/smartseal.cz\/sk\/wp-json\/wp\/v2\/product_brand?post=10290"},{"taxonomy":"product_cat","embeddable":true,"href":"https:\/\/smartseal.cz\/sk\/wp-json\/wp\/v2\/product_cat?post=10290"},{"taxonomy":"product_tag","embeddable":true,"href":"https:\/\/smartseal.cz\/sk\/wp-json\/wp\/v2\/product_tag?post=10290"}],"curies":[{"name":"wp","href":"https:\/\/api.w.org\/{rel}","templated":true}]}}