{"id":10286,"date":"2022-09-22T13:37:36","date_gmt":"2022-09-22T11:37:36","guid":{"rendered":"https:\/\/smartseal.cz\/sk\/?post_type=product&#038;p=10286"},"modified":"2026-04-04T19:35:35","modified_gmt":"2026-04-04T17:35:35","slug":"impregnace-na-zamkovou-dlazbu-matna-vzorek","status":"publish","type":"product","link":"https:\/\/smartseal.cz\/sk\/produkt\/impregnace-na-zamkovou-dlazbu-matna-vzorek\/","title":{"rendered":"Impregnace na z\u00e1mkovou dla\u017ebu (matn\u00e1), vzorek"},"content":{"rendered":"<h2>Impregnuje z\u00e1mkovou dla\u017ebu s &#8220;p\u0159irozen\u00fdm&#8221; vzhledem a matn\u00fdm efektem<\/h2>\n<p>P\u0159\u00edpravek \u201cImpregnace na z\u00e1mkovou dla\u017ebu s\u00a0matn\u00fdm efektem\u201c byl vyvinut jako \u0159e\u0161en\u00ed neust\u00e1l\u00fdch probl\u00e9m\u016f s\u00a0b\u00edl\u00fdmi skvrnami, r\u016fstem plevele. Zv\u00fdraz\u0148uje barevnost a celkov\u00fd vzhled nov\u00e9 nebo star\u0161\u00ed z\u00e1mkov\u00e9 dla\u017eby. Takto o\u0161et\u0159en\u00e1 plocha bude m\u00edt zv\u00fd\u0161enou odolnost proti od\u011bru a tak\u00e9 sp\u00e1rovac\u00ed p\u00edsek bude chr\u00e1n\u011bn p\u0159ed eroz\u00ed a napaden\u00edm pol\u00e9tav\u00fdm plevelem. Poskytuje ochrannou vrstvu proti kontaminuj\u00edc\u00edm l\u00e1tk\u00e1m, co\u017e usnadn\u00ed n\u00e1slednou \u00fadr\u017ebu.<\/p>\n<h3>*NESM\u00cd B\u00ddT POU\u017d\u00cdV\u00c1N NA CIHELNOU DLA\u017dBU nebo ZDIVO*<\/h3>\n<ul>\n<li>Obnovuje starou dla\u017ebu<\/li>\n<li>Snadn\u00e1 aplikace s <a href=\"https:\/\/smartseal.cz\/sk\/obchod\/tlakovy-postrikovac-405-t\/\">post\u0159ikova\u010dem<\/a> nebo <a href=\"https:\/\/smartseal.cz\/sk\/obchod\/sada-aplikacnich-nastroju-na-ochranne-natery-valecek-nadoba\/\">v\u00e1le\u010dkem<\/a><\/li>\n<li>Chr\u00e1n\u00ed p\u0159ed ztr\u00e1tou barvy UV z\u00e1\u0159en\u00edm<\/li>\n<li>Odol\u00e1v\u00e1 p\u016fsoben\u00ed oleje a pronik\u00e1n\u00ed kyselin<\/li>\n<li>Zabra\u0148uje r\u016fstu plevel\u016f a mech\u016f<\/li>\n<li>Materi\u00e1l certifikovan\u00fd BS5750 \/ ISO9000<\/li>\n<li>P\u0159ed aplikac\u00ed se ujist\u011bte, \u017ee povrchov\u00e1 teplota je mezi 12 &#8211; 25 \u00b0 C<\/li>\n<li>Pro optim\u00e1ln\u00ed v\u00fdsledky pou\u017eijte dv\u011b vrstvy<\/li>\n<li>Vhodn\u00e9 pro v\u011bt\u0161inu z\u00e1mkov\u00fdch a betonov\u00fdch dla\u017eeb<\/li>\n<\/ul>\n<p><strong>Doporu\u010den\u00e1 spot\u0159eba<\/strong><\/p>\n<ul>\n<li>Prvn\u00ed vrstva: 2,0 m2 na litr = 0,5l\/m2<\/li>\n<li>Druh\u00fd n\u00e1t\u011br: 3,5 m2 na litr = 0,28\/m2<\/li>\n<li>P\u0159i dvou n\u00e1t\u011brech spot\u0159ebujete 0,78l\/m2.<\/li>\n<\/ul>\n<p><strong>Spot\u0159eba u vzorku (100ml)<\/strong>: Vzorkem o\u0161et\u0159\u00edte plochu\u00a0<strong>maxim\u00e1ln\u011b o rozloze 0,04m2<\/strong> (0,2m x 0,2m). Jedn\u00e1 se o vzorek a je pot\u0159eba k tomu tak\u00e9 tak p\u0159istupovat. Necht\u011bjte naipregnovat p\u0159\u00edli\u0161 velkou plochu, proto\u017ee se m\u016f\u017ee st\u00e1t, \u017ee v\u00fdrobek pak nebude spr\u00e1vn\u011b fungovat. K aplikaci pou\u017e\u00edvejte \u0161t\u011btec.<\/p>\n<h3>Technick\u00fd popis Impregnace na z\u00e1mkovou dla\u017ebu<\/h3>\n<p><strong>Aplikace<\/strong><\/p>\n<p>Impregna\u010dn\u00ed n\u00e1t\u011br lze aplikovat pomoc\u00ed post\u0159ikova\u010de nebo <a href=\"https:\/\/smartseal.cz\/sk\/obchod\/sada-aplikacnich-nastroju-na-ochranne-natery-valecek-nadoba\/\">v\u00e1le\u010dku<\/a> s vydatnost\u00ed 0,5l\/m2 na 1. vrstvu a 0,28l\/m2 p\u0159i 2. n\u00e1t\u011bru. Pro \u00fapln\u00e9 ut\u011bsn\u011bn\u00ed sp\u00e1rovac\u00edho p\u00edsku je zapot\u0159eb\u00ed dvou n\u00e1t\u011br\u016f. N\u00e1t\u011br schne po dobu 2 hodin p\u0159i teplot\u011b 20 \u00b0 C a po dobu 4 hodin se nedoporu\u010duje na plochu vstupovat. Vjezd vozidel na plochu lze po 24 hodin\u00e1ch p\u0159i teplot\u011b 20 \u00b0 C. Tyto \u010dasy mohou b\u00fdt prodlou\u017eeny nebo zkr\u00e1ceny v z\u00e1vislosti na okoln\u00ed teplot\u011b. B\u011bhem vytvrzovac\u00edho cyklu se doporu\u010duje chr\u00e1nit plochu p\u0159ed de\u0161t\u011bm. Neaplikujte, pokud je teplota zem\u011b vy\u0161\u0161\u00ed jak 25 \u00b0 C nebo ni\u017e\u0161\u00ed ne\u017e 12 \u00b0 C. V\u0161echno n\u00e1\u0159ad\u00ed by m\u011blo b\u00fdt po pou\u017eit\u00ed vy\u010di\u0161t\u011bno p\u0159\u00edpravkem \u201cSmartseal \u010cist\u00edc\u00ed \u0159edidlo\u201c.<\/p>\n<p>Na dla\u017ebu, nebo betonov\u00fd povrch, o\u0161et\u0159en\u00fd Impregnac\u00ed Smartseal by nem\u011bly b\u00fdt aplikov\u00e1ny rozmrazovac\u00ed soli. S\u016fl chemicky sni\u017euje teplotu, p\u0159i n\u00ed\u017e voda zamrz\u00e1 a vede k vniknut\u00ed vody do dla\u017eby. N\u00e1sledn\u00e9 zmrazen\u00ed m\u016f\u017ee v\u00e9st k tomu, \u017ee se ochrann\u00fd n\u00e1t\u011br po\u0161kod\u00ed expanz\u00ed vody, proto\u017ee zmrzne a mohou se objevit b\u00edl\u00e9 &#8220;post\u0159\u00edb\u0159en\u00e9&#8221; oblasti.<\/p>\n<h3>NESM\u00cd B\u00ddT POU\u017d\u00cdV\u00c1N NA CIHELNOU DLA\u017dBU nebo ZDIVO<\/h3>\n<p><strong>P\u0159\u00edprava<\/strong><\/p>\n<p>Nov\u00e1 z\u00e1mkov\u00e1 nebo jin\u00e1 dla\u017eba by m\u011bla b\u00fdt \u010dist\u00e1. Ujist\u011bte se, \u017ee ve sp\u00e1r\u00e1ch je dostatek dob\u0159e zpevn\u011bn\u00e9ho p\u00edsku. Star\u0161\u00ed dla\u017eba by m\u011bla b\u00fdt umyta vysokotlak\u00fdm \u010disti\u010dem tak, aby se odstranily ve\u0161ker\u00e9 povrchov\u00e9 ne\u010distoty. Pokud je dla\u017eba zne\u010di\u0161t\u011bna plevelem a mechem, je t\u0159eba ji o\u0161et\u0159it pomoc\u00ed p\u0159\u00edpravku <a href=\"https:\/\/smartseal.cz\/sk\/obchod\/xtreme-cistic-chodniku-a-teras\/\">Xtreme<\/a> nebo <a href=\"https:\/\/smartseal.cz\/sk\/obchod\/mech-stop\/\">Mech-stop<\/a>. \u00a0O\u0161et\u0159en\u00e1 oblast by pak m\u011bla b\u00fdt ponech\u00e1na, aby dob\u0159e uschnula a sp\u00e1ry znovu zasyp\u00e1ny k\u0159emi\u010dit\u00fdm p\u00edskem, kter\u00fd je pot\u0159eba dob\u0159e zhutnit, tak aby byla vypln\u011bna cel\u00e1 hloubka sp\u00e1ry a p\u00edsek ji\u017e nepropad\u00e1val. Vlhkost v\u00a0dla\u017eb\u011b a p\u00edsku br\u00e1n\u00ed pronik\u00e1n\u00ed impregna\u010dn\u00edho prost\u0159edku a vytv\u00e1\u0159\u00ed b\u00edl\u00e9 fleky.<\/p>\n<p><strong>Technick\u00e9 a zku\u0161ebn\u00ed data<\/strong><\/p>\n<p>Impregna\u010dn\u00ed n\u00e1t\u011br na z\u00e1mkovou dla\u017ebu Smartseal byl testov\u00e1n laborato\u0159\u00ed TRL (Transport Research Laboratory) a certifikov\u00e1n, \u017ee spl\u0148uje SRV (Skid Resistance Value) pro v\u0161echny kategorie dla\u017eby pro p\u011b\u0161\u00ed z\u00f3ny m\u00edstn\u00ed spr\u00e1vy. Kopie t\u011bchto certifik\u00e1t\u016f jsou k dispozici na vy\u017e\u00e1d\u00e1n\u00ed.<\/p>\n<p><strong>Dolo\u017eka o specifikaci<\/strong><\/p>\n<p>Nov\u011b polo\u017een\u00e1 z\u00e1mkov\u00e1 nebo jin\u00e1 dla\u017eba by m\u011bla b\u00fdt o\u0161et\u0159ena Impregna\u010dn\u00edm n\u00e1t\u011brem Smartseal, kter\u00fd chr\u00e1n\u00ed a stabilizuje sp\u00e1rovac\u00ed p\u00edsek, zintenziv\u0148uje barevnost povrchu a zvy\u0161uje odolnost proti od\u011bru. V\u0161echny materi\u00e1ly by m\u011bly b\u00fdt v souladu s normou ISO9002 pro zaji\u0161t\u011bn\u00ed kvality. V\u0161echny pr\u00e1ce by m\u011bly b\u00fdt prov\u00e1d\u011bny ve spojen\u00ed s aktu\u00e1ln\u00edm technick\u00fdm listem v\u00fdrobce a n\u00e1vodem k pou\u017eit\u00ed. &#8221;<\/p>\n<p><strong>Zdrav\u00ed a bezpe\u010dnost<\/strong><\/p>\n<p>Ho\u0159lav\u00e1 kapalina. Neku\u0159te. Udr\u017eujte oblast aplikace dob\u0159e v\u011btranou. P\u0159i nan\u00e1\u0161en\u00ed pou\u017e\u00edvejte respir\u00e1tor. Uchov\u00e1vejte na chladn\u00e9m m\u00edst\u011b. Bod vzplanut\u00ed 40 \u00b0 C. Podrobn\u011bj\u0161\u00ed informace naleznete v Bezpe\u010dnostn\u00edm listu.<\/p>\n<p><a href=\"https:\/\/smartseal.cz\/sk\/wp-content\/uploads\/sites\/2\/2019\/04\/N\u00e1vod-k-pou\u017eit\u00ed_imp-zam-lesk.pdf\">N\u00e1vod k pou\u017eit\u00ed Impregnace na z\u00e1mkovou dla\u017ebu v PDF<\/a><\/p>\n<p><a href=\"https:\/\/smartseal.cz\/sk\/wp-content\/uploads\/sites\/2\/2021\/08\/BL_BLUE-LID-SEALER-CZ_CLP_2021-copy.pdf\">Bezpe\u010dnostn\u00ed list Impregnace na z\u00e1mkovou dla\u017ebu v PDF<\/a><\/p>\n<div class=\"video-shortcode\"><iframe title=\"\u010ci\u0161t\u011bn\u00ed a renovace z\u00e1mkov\u00e9 dla\u017eby - Praha\" width=\"1200\" height=\"675\" src=\"https:\/\/www.youtube.com\/embed\/FU7bni4e_Kw?start=75&#038;feature=oembed&#038;enablejsapi=1&#038;origin=https:\/\/smartseal.cz\/sk\" frameborder=\"0\" allow=\"accelerometer; autoplay; clipboard-write; encrypted-media; gyroscope; picture-in-picture\" allowfullscreen><\/iframe><\/div>\n","protected":false},"excerpt":{"rendered":"<p>Z\u00e1mkov\u00e1 dla\u017eba z\u00edsk\u00e1 matn\u00fd vzhled po nanesen\u00ed impregna\u010dn\u00edho n\u00e1t\u011bru a bude chr\u00e1n\u011bn\u00e1 p\u0159ed mechem a plevelem.<\/p>\n","protected":false},"featured_media":9616,"comment_status":"open","ping_status":"closed","template":"","meta":[],"product_brand":[],"product_cat":[53,24,42,38,58,21],"product_tag":[],"class_list":{"0":"post-10286","1":"product","2":"type-product","3":"status-publish","4":"has-post-thumbnail","6":"product_cat-zamkova-dlazba","7":"product_cat-impregnacia-ochranne-natery","8":"product_cat-impregnacia-zamkovej-dlazby","9":"product_cat-vonkajsie-terasy-nadvoria","10":"product_cat-zamkova-dlazba-terasy","11":"product_cat-pristupove-cesty-chodniky","12":"pa_barva-bezbarva","13":"pa_faze-pouziti-impregnace","14":"pa_faze-pouziti-nasledna-pece","15":"pa_velikost-baleni-vzorek-100ml","17":"first","18":"instock","19":"taxable","20":"shipping-taxable","21":"purchasable","22":"product-type-simple"},"yoast_head":"<!-- This site is optimized with the Yoast SEO Premium plugin v26.8 (Yoast SEO v26.9) - https:\/\/yoast.com\/product\/yoast-seo-premium-wordpress\/ -->\n<title>Impregnace na z\u00e1mkovou dla\u017ebu (matn\u00e1) | Smartseal.cz<\/title>\n<meta name=\"description\" content=\"Z\u00e1mkov\u00e1 dla\u017eba z\u00edsk\u00e1 matn\u00fd vzhled po nanesen\u00ed impregna\u010dn\u00edho n\u00e1t\u011bru a bude chr\u00e1n\u011bn\u00e1 p\u0159ed mechem a plevelem.\" \/>\n<meta name=\"robots\" content=\"index, follow, max-snippet:-1, max-image-preview:large, max-video-preview:-1\" \/>\n<link rel=\"canonical\" href=\"https:\/\/smartseal.cz\/sk\/produkt\/impregnace-na-zamkovou-dlazbu-matna-vzorek\/\" \/>\n<meta property=\"og:locale\" content=\"sk_SK\" \/>\n<meta property=\"og:type\" content=\"article\" \/>\n<meta property=\"og:title\" content=\"Impregnace na z\u00e1mkovou dla\u017ebu (matn\u00e1), vzorek\" \/>\n<meta property=\"og:description\" content=\"Z\u00e1mkov\u00e1 dla\u017eba z\u00edsk\u00e1 matn\u00fd vzhled po nanesen\u00ed impregna\u010dn\u00edho n\u00e1t\u011bru a bude chr\u00e1n\u011bn\u00e1 p\u0159ed mechem a plevelem.\" \/>\n<meta property=\"og:url\" content=\"https:\/\/smartseal.cz\/sk\/produkt\/impregnace-na-zamkovou-dlazbu-matna-vzorek\/\" \/>\n<meta property=\"og:site_name\" content=\"Smartseal Slovensko\" \/>\n<meta property=\"article:modified_time\" content=\"2026-04-04T17:35:35+00:00\" \/>\n<meta property=\"og:image\" content=\"https:\/\/smartseal.cz\/sk\/wp-content\/uploads\/2022\/09\/plechovka_vzorek.png\" \/>\n\t<meta property=\"og:image:width\" content=\"800\" \/>\n\t<meta property=\"og:image:height\" content=\"800\" \/>\n\t<meta property=\"og:image:type\" content=\"image\/png\" \/>\n<meta name=\"twitter:card\" content=\"summary_large_image\" \/>\n<meta name=\"twitter:label1\" content=\"Predpokladan\u00fd \u010das \u010d\u00edtania\" \/>\n\t<meta name=\"twitter:data1\" content=\"4 min\u00faty\" \/>\n<script type=\"application\/ld+json\" class=\"yoast-schema-graph\">{\"@context\":\"https:\/\/schema.org\",\"@graph\":[{\"@type\":\"WebPage\",\"@id\":\"https:\/\/smartseal.cz\/sk\/produkt\/impregnace-na-zamkovou-dlazbu-matna-vzorek\/\",\"url\":\"https:\/\/smartseal.cz\/sk\/produkt\/impregnace-na-zamkovou-dlazbu-matna-vzorek\/\",\"name\":\"Impregnace na z\u00e1mkovou dla\u017ebu (matn\u00e1) | Smartseal.cz\",\"isPartOf\":{\"@id\":\"https:\/\/smartseal.cz\/sk\/#website\"},\"primaryImageOfPage\":{\"@id\":\"https:\/\/smartseal.cz\/sk\/produkt\/impregnace-na-zamkovou-dlazbu-matna-vzorek\/#primaryimage\"},\"image\":{\"@id\":\"https:\/\/smartseal.cz\/sk\/produkt\/impregnace-na-zamkovou-dlazbu-matna-vzorek\/#primaryimage\"},\"thumbnailUrl\":\"https:\/\/smartseal.cz\/sk\/wp-content\/uploads\/2022\/09\/plechovka_vzorek.png\",\"datePublished\":\"2022-09-22T11:37:36+00:00\",\"dateModified\":\"2026-04-04T17:35:35+00:00\",\"description\":\"Z\u00e1mkov\u00e1 dla\u017eba z\u00edsk\u00e1 matn\u00fd vzhled po nanesen\u00ed impregna\u010dn\u00edho n\u00e1t\u011bru a bude chr\u00e1n\u011bn\u00e1 p\u0159ed mechem a plevelem.\",\"breadcrumb\":{\"@id\":\"https:\/\/smartseal.cz\/sk\/produkt\/impregnace-na-zamkovou-dlazbu-matna-vzorek\/#breadcrumb\"},\"inLanguage\":\"sk-SK\",\"potentialAction\":[{\"@type\":\"ReadAction\",\"target\":[\"https:\/\/smartseal.cz\/sk\/produkt\/impregnace-na-zamkovou-dlazbu-matna-vzorek\/\"]}]},{\"@type\":\"ImageObject\",\"inLanguage\":\"sk-SK\",\"@id\":\"https:\/\/smartseal.cz\/sk\/produkt\/impregnace-na-zamkovou-dlazbu-matna-vzorek\/#primaryimage\",\"url\":\"https:\/\/smartseal.cz\/sk\/wp-content\/uploads\/2022\/09\/plechovka_vzorek.png\",\"contentUrl\":\"https:\/\/smartseal.cz\/sk\/wp-content\/uploads\/2022\/09\/plechovka_vzorek.png\",\"width\":800,\"height\":800},{\"@type\":\"BreadcrumbList\",\"@id\":\"https:\/\/smartseal.cz\/sk\/produkt\/impregnace-na-zamkovou-dlazbu-matna-vzorek\/#breadcrumb\",\"itemListElement\":[{\"@type\":\"ListItem\",\"position\":1,\"name\":\"Dom\u016f\",\"item\":\"https:\/\/smartseal.cz\/sk\/\"},{\"@type\":\"ListItem\",\"position\":2,\"name\":\"Obchod\",\"item\":\"https:\/\/smartseal.cz\/sk\/obchod\/\"},{\"@type\":\"ListItem\",\"position\":3,\"name\":\"Impregnace na z\u00e1mkovou dla\u017ebu (matn\u00e1), vzorek\"}]},{\"@type\":\"WebSite\",\"@id\":\"https:\/\/smartseal.cz\/sk\/#website\",\"url\":\"https:\/\/smartseal.cz\/sk\/\",\"name\":\"Smartseal Slovensko\",\"description\":\"Chytr\u00e9 n\u00e1tery na v\u0161etky povrchy\",\"potentialAction\":[{\"@type\":\"SearchAction\",\"target\":{\"@type\":\"EntryPoint\",\"urlTemplate\":\"https:\/\/smartseal.cz\/sk\/?s={search_term_string}\"},\"query-input\":{\"@type\":\"PropertyValueSpecification\",\"valueRequired\":true,\"valueName\":\"search_term_string\"}}],\"inLanguage\":\"sk-SK\"}]}<\/script>\n<!-- \/ Yoast SEO Premium plugin. -->","yoast_head_json":{"title":"Impregnace na z\u00e1mkovou dla\u017ebu (matn\u00e1) | Smartseal.cz","description":"Z\u00e1mkov\u00e1 dla\u017eba z\u00edsk\u00e1 matn\u00fd vzhled po nanesen\u00ed impregna\u010dn\u00edho n\u00e1t\u011bru a bude chr\u00e1n\u011bn\u00e1 p\u0159ed mechem a plevelem.","robots":{"index":"index","follow":"follow","max-snippet":"max-snippet:-1","max-image-preview":"max-image-preview:large","max-video-preview":"max-video-preview:-1"},"canonical":"https:\/\/smartseal.cz\/sk\/produkt\/impregnace-na-zamkovou-dlazbu-matna-vzorek\/","og_locale":"sk_SK","og_type":"article","og_title":"Impregnace na z\u00e1mkovou dla\u017ebu (matn\u00e1), vzorek","og_description":"Z\u00e1mkov\u00e1 dla\u017eba z\u00edsk\u00e1 matn\u00fd vzhled po nanesen\u00ed impregna\u010dn\u00edho n\u00e1t\u011bru a bude chr\u00e1n\u011bn\u00e1 p\u0159ed mechem a plevelem.","og_url":"https:\/\/smartseal.cz\/sk\/produkt\/impregnace-na-zamkovou-dlazbu-matna-vzorek\/","og_site_name":"Smartseal Slovensko","article_modified_time":"2026-04-04T17:35:35+00:00","og_image":[{"width":800,"height":800,"url":"https:\/\/smartseal.cz\/sk\/wp-content\/uploads\/2022\/09\/plechovka_vzorek.png","type":"image\/png"}],"twitter_card":"summary_large_image","twitter_misc":{"Predpokladan\u00fd \u010das \u010d\u00edtania":"4 min\u00faty"},"schema":{"@context":"https:\/\/schema.org","@graph":[{"@type":"WebPage","@id":"https:\/\/smartseal.cz\/sk\/produkt\/impregnace-na-zamkovou-dlazbu-matna-vzorek\/","url":"https:\/\/smartseal.cz\/sk\/produkt\/impregnace-na-zamkovou-dlazbu-matna-vzorek\/","name":"Impregnace na z\u00e1mkovou dla\u017ebu (matn\u00e1) | Smartseal.cz","isPartOf":{"@id":"https:\/\/smartseal.cz\/sk\/#website"},"primaryImageOfPage":{"@id":"https:\/\/smartseal.cz\/sk\/produkt\/impregnace-na-zamkovou-dlazbu-matna-vzorek\/#primaryimage"},"image":{"@id":"https:\/\/smartseal.cz\/sk\/produkt\/impregnace-na-zamkovou-dlazbu-matna-vzorek\/#primaryimage"},"thumbnailUrl":"https:\/\/smartseal.cz\/sk\/wp-content\/uploads\/2022\/09\/plechovka_vzorek.png","datePublished":"2022-09-22T11:37:36+00:00","dateModified":"2026-04-04T17:35:35+00:00","description":"Z\u00e1mkov\u00e1 dla\u017eba z\u00edsk\u00e1 matn\u00fd vzhled po nanesen\u00ed impregna\u010dn\u00edho n\u00e1t\u011bru a bude chr\u00e1n\u011bn\u00e1 p\u0159ed mechem a plevelem.","breadcrumb":{"@id":"https:\/\/smartseal.cz\/sk\/produkt\/impregnace-na-zamkovou-dlazbu-matna-vzorek\/#breadcrumb"},"inLanguage":"sk-SK","potentialAction":[{"@type":"ReadAction","target":["https:\/\/smartseal.cz\/sk\/produkt\/impregnace-na-zamkovou-dlazbu-matna-vzorek\/"]}]},{"@type":"ImageObject","inLanguage":"sk-SK","@id":"https:\/\/smartseal.cz\/sk\/produkt\/impregnace-na-zamkovou-dlazbu-matna-vzorek\/#primaryimage","url":"https:\/\/smartseal.cz\/sk\/wp-content\/uploads\/2022\/09\/plechovka_vzorek.png","contentUrl":"https:\/\/smartseal.cz\/sk\/wp-content\/uploads\/2022\/09\/plechovka_vzorek.png","width":800,"height":800},{"@type":"BreadcrumbList","@id":"https:\/\/smartseal.cz\/sk\/produkt\/impregnace-na-zamkovou-dlazbu-matna-vzorek\/#breadcrumb","itemListElement":[{"@type":"ListItem","position":1,"name":"Dom\u016f","item":"https:\/\/smartseal.cz\/sk\/"},{"@type":"ListItem","position":2,"name":"Obchod","item":"https:\/\/smartseal.cz\/sk\/obchod\/"},{"@type":"ListItem","position":3,"name":"Impregnace na z\u00e1mkovou dla\u017ebu (matn\u00e1), vzorek"}]},{"@type":"WebSite","@id":"https:\/\/smartseal.cz\/sk\/#website","url":"https:\/\/smartseal.cz\/sk\/","name":"Smartseal Slovensko","description":"Chytr\u00e9 n\u00e1tery na v\u0161etky povrchy","potentialAction":[{"@type":"SearchAction","target":{"@type":"EntryPoint","urlTemplate":"https:\/\/smartseal.cz\/sk\/?s={search_term_string}"},"query-input":{"@type":"PropertyValueSpecification","valueRequired":true,"valueName":"search_term_string"}}],"inLanguage":"sk-SK"}]}},"_links":{"self":[{"href":"https:\/\/smartseal.cz\/sk\/wp-json\/wp\/v2\/product\/10286","targetHints":{"allow":["GET"]}}],"collection":[{"href":"https:\/\/smartseal.cz\/sk\/wp-json\/wp\/v2\/product"}],"about":[{"href":"https:\/\/smartseal.cz\/sk\/wp-json\/wp\/v2\/types\/product"}],"replies":[{"embeddable":true,"href":"https:\/\/smartseal.cz\/sk\/wp-json\/wp\/v2\/comments?post=10286"}],"wp:featuredmedia":[{"embeddable":true,"href":"https:\/\/smartseal.cz\/sk\/wp-json\/wp\/v2\/media\/9616"}],"wp:attachment":[{"href":"https:\/\/smartseal.cz\/sk\/wp-json\/wp\/v2\/media?parent=10286"}],"wp:term":[{"taxonomy":"product_brand","embeddable":true,"href":"https:\/\/smartseal.cz\/sk\/wp-json\/wp\/v2\/product_brand?post=10286"},{"taxonomy":"product_cat","embeddable":true,"href":"https:\/\/smartseal.cz\/sk\/wp-json\/wp\/v2\/product_cat?post=10286"},{"taxonomy":"product_tag","embeddable":true,"href":"https:\/\/smartseal.cz\/sk\/wp-json\/wp\/v2\/product_tag?post=10286"}],"curies":[{"name":"wp","href":"https:\/\/api.w.org\/{rel}","templated":true}]}}