{"id":10263,"date":"2022-09-22T11:03:12","date_gmt":"2022-09-22T09:03:12","guid":{"rendered":"https:\/\/smartseal.cz\/sk\/?post_type=product&#038;p=10263"},"modified":"2025-06-18T12:10:59","modified_gmt":"2025-06-18T10:10:59","slug":"opravny-prostriedok-na-impregnacne-natery-5l","status":"publish","type":"product","link":"https:\/\/smartseal.cz\/sk\/produkt\/opravny-prostriedok-na-impregnacne-natery-5l\/","title":{"rendered":"Opravn\u00fd prostriedok na impregna\u010dn\u00e9 n\u00e1tery, 5l"},"content":{"rendered":"<h2>Impregna\u010dn\u00fd opravn\u00fd prostriedok, ktor\u00fd odstr\u00e1ni biele \u0161kvrny na povrchu.<\/h2>\n<p>Pokud jsou impregna\u010dn\u00ed n\u00e1t\u011bry (na b\u00e1zi rozpou\u0161t\u011bdel) pro ra\u017een\u00fd beton nebo z\u00e1mkovou dla\u017ebu aplikov\u00e1ny v podm\u00ednk\u00e1ch, kdy je povrch vlhk\u00fd, m\u016f\u017ee to v\u00e9st k probl\u00e9m\u016fm. To se m\u016f\u017ee st\u00e1t p\u0159edev\u0161\u00edm tehdy, kdy\u017e nenech\u00e1te dla\u017ebu \u0159\u00e1dn\u011b vyschnout po \u010di\u0161t\u011bn\u00ed a impregna\u010dn\u00ed n\u00e1t\u011br aplikujete p\u0159\u00edli\u0161 brzy. Pokud byl povrch p\u0159i aplikaci n\u00e1t\u011bru vlhk\u00fd, mohou se \u010dasem objevit b\u00edl\u00e9 skvrny, kter\u00e9 jsou nej\u010dast\u011bj\u0161\u00edm probl\u00e9mem.<\/p>\n<p>P\u0159i t\u011bchto probl\u00e9mech Smartseal nab\u00edz\u00ed produkt, kter\u00fd je ur\u010den pro opravu impregna\u010dn\u00edch n\u00e1t\u011br\u016f. T\u00edmto prost\u0159edkem m\u016f\u017eete snadno opravit povrchovou b\u011blost nebo odlupov\u00e1n\u00ed n\u00e1t\u011bru.<\/p>\n<p><strong>P\u0159ibli\u017en\u00e1 spot\u0159eba<\/strong><\/p>\n<ul>\n<li>3 &#8211; 4 m\u00b2 na \u00a01 litr<\/li>\n<\/ul>\n<h3>Technick\u00fd popis Prost\u0159edku pro opravu impregna\u010dn\u00edch n\u00e1t\u011br\u016f<\/h3>\n<p><strong>Aplikace<\/strong><\/p>\n<p>Prost\u0159edek pro opravu impregna\u010dn\u00edch n\u00e1t\u011br\u016f je produkt ur\u010den\u00fd k oprav\u011b nespr\u00e1vn\u011b aplikovan\u00e9ho impregna\u010dn\u00edho laku, kter\u00fd v\u00a0pr\u016fb\u011bhu schnut\u00ed po impregnaci reagoval s\u00a0vlhkost\u00ed. U ra\u017een\u00e9ho betonu by se m\u011bla tekutina voln\u011b aplikovat na posti\u017een\u00e9 m\u00edsto, nechat n\u011bkolik minut v klidu a pot\u00e9 zapracovat do povrchu \u0161t\u011btcem. T\u00edm dojde k \u201ezm\u011bknut\u00ed\u201c impregna\u010dn\u00edho n\u00e1t\u011bru a jeho op\u011btovn\u00e9mu spojen\u00ed s betonem.<\/p>\n<p>Pro odstran\u011bn\u00ed povrchov\u00e9 b\u011blosti z ra\u017een\u00e9ho betonu nebo z\u00e1mkov\u00e9 dla\u017eby opakujte v\u00fd\u0161e uveden\u00e9 pokyny, ale p\u0159i z\u00e1mkov\u00e9 dla\u017eb\u011b dbejte na to, abyste p\u0159i pr\u00e1ci s kapalinou nenaru\u0161ili p\u00edsek ve sp\u00e1r\u00e1ch.<\/p>\n<p><strong>Zdrav\u00ed a bezpe\u010dnost<\/strong><\/p>\n<p>Ho\u0159lav\u00e1 kapalina. Neku\u0159te. Aplika\u010dn\u00ed oblasti udr\u017eujte dob\u0159e v\u011btran\u00e9. P\u0159i aplikaci pou\u017e\u00edvejte respira\u010dn\u00ed masku, rukavice a ochrann\u00e9 br\u00fdle. Skladujte na chladn\u00e9m m\u00edst\u011b. Bod vzplanut\u00ed 42 \u00b0 C . Dal\u0161\u00ed informace naleznete v bezpe\u010dnostn\u00edm listu.<\/p>\n","protected":false},"excerpt":{"rendered":"<p>Odstra\u0148uje biele \u0161kvrny sp\u00f4soben\u00e9 nedostato\u010dn\u00fdm vysu\u0161en\u00edm pred impregn\u00e1ciou. O\u0161etruje 15 m2 &#8211; 20 m2.<\/p>\n","protected":false},"featured_media":4830,"comment_status":"open","ping_status":"closed","template":"","meta":[],"product_brand":[],"product_cat":[56,54,53,45,42,40,65,64,59,58],"product_tag":[],"class_list":{"0":"post-10263","1":"product","2":"type-product","3":"status-publish","4":"has-post-thumbnail","6":"product_cat-beton","7":"product_cat-razeny-beton","8":"product_cat-zamkova-dlazba","9":"product_cat-impregnacne-natery-na-beton","10":"product_cat-impregnacia-zamkovej-dlazby","11":"product_cat-betonove-povrchy","12":"product_cat-beton-betonove-povrchy","13":"product_cat-razeny-beton-betonove-povrchy","14":"product_cat-razeny-beton-terasy","15":"product_cat-zamkova-dlazba-terasy","16":"pa_velikost-baleni-5l","18":"first","19":"instock","20":"taxable","21":"shipping-taxable","22":"purchasable","23":"product-type-simple"},"yoast_head":"<!-- This site is optimized with the Yoast SEO Premium plugin v26.8 (Yoast SEO v26.9) - https:\/\/yoast.com\/product\/yoast-seo-premium-wordpress\/ -->\n<title>Opravn\u00fd prostriedok na impregna\u010dn\u00e9 n\u00e1tery, 5l I Smartseal SK<\/title>\n<meta name=\"description\" content=\"Pomocou impregna\u010dn\u00e9ho pr\u00edpravku na opravu farby sa zbav\u00edte bielych \u0161kv\u0155n na povrchu.\" \/>\n<meta name=\"robots\" content=\"index, follow, max-snippet:-1, max-image-preview:large, max-video-preview:-1\" \/>\n<link rel=\"canonical\" href=\"https:\/\/smartseal.cz\/sk\/produkt\/opravny-prostriedok-na-impregnacne-natery-5l\/\" \/>\n<meta property=\"og:locale\" content=\"sk_SK\" \/>\n<meta property=\"og:type\" content=\"article\" \/>\n<meta property=\"og:title\" content=\"Opravn\u00fd prostriedok na impregna\u010dn\u00e9 n\u00e1tery, 5l\" \/>\n<meta property=\"og:description\" content=\"Pomocou impregna\u010dn\u00e9ho pr\u00edpravku na opravu farby sa zbav\u00edte bielych \u0161kv\u0155n na povrchu.\" \/>\n<meta property=\"og:url\" content=\"https:\/\/smartseal.cz\/sk\/produkt\/opravny-prostriedok-na-impregnacne-natery-5l\/\" \/>\n<meta property=\"og:site_name\" content=\"Smartseal Slovensko\" \/>\n<meta property=\"article:modified_time\" content=\"2025-06-18T10:10:59+00:00\" \/>\n<meta property=\"og:image\" content=\"https:\/\/smartseal.cz\/sk\/wp-content\/uploads\/2019\/07\/oprava-impr.-nateru_5l.jpg\" \/>\n\t<meta property=\"og:image:width\" content=\"800\" \/>\n\t<meta property=\"og:image:height\" content=\"800\" \/>\n\t<meta property=\"og:image:type\" content=\"image\/jpeg\" \/>\n<meta name=\"twitter:card\" content=\"summary_large_image\" \/>\n<meta name=\"twitter:label1\" content=\"Predpokladan\u00fd \u010das \u010d\u00edtania\" \/>\n\t<meta name=\"twitter:data1\" content=\"2 min\u00faty\" \/>\n<script type=\"application\/ld+json\" class=\"yoast-schema-graph\">{\"@context\":\"https:\/\/schema.org\",\"@graph\":[{\"@type\":\"WebPage\",\"@id\":\"https:\/\/smartseal.cz\/sk\/produkt\/opravny-prostriedok-na-impregnacne-natery-5l\/\",\"url\":\"https:\/\/smartseal.cz\/sk\/produkt\/opravny-prostriedok-na-impregnacne-natery-5l\/\",\"name\":\"Opravn\u00fd prostriedok na impregna\u010dn\u00e9 n\u00e1tery, 5l I Smartseal SK\",\"isPartOf\":{\"@id\":\"https:\/\/smartseal.cz\/sk\/#website\"},\"primaryImageOfPage\":{\"@id\":\"https:\/\/smartseal.cz\/sk\/produkt\/opravny-prostriedok-na-impregnacne-natery-5l\/#primaryimage\"},\"image\":{\"@id\":\"https:\/\/smartseal.cz\/sk\/produkt\/opravny-prostriedok-na-impregnacne-natery-5l\/#primaryimage\"},\"thumbnailUrl\":\"https:\/\/smartseal.cz\/sk\/wp-content\/uploads\/2019\/07\/oprava-impr.-nateru_5l.jpg\",\"datePublished\":\"2022-09-22T09:03:12+00:00\",\"dateModified\":\"2025-06-18T10:10:59+00:00\",\"description\":\"Pomocou impregna\u010dn\u00e9ho pr\u00edpravku na opravu farby sa zbav\u00edte bielych \u0161kv\u0155n na povrchu.\",\"breadcrumb\":{\"@id\":\"https:\/\/smartseal.cz\/sk\/produkt\/opravny-prostriedok-na-impregnacne-natery-5l\/#breadcrumb\"},\"inLanguage\":\"sk-SK\",\"potentialAction\":[{\"@type\":\"ReadAction\",\"target\":[\"https:\/\/smartseal.cz\/sk\/produkt\/opravny-prostriedok-na-impregnacne-natery-5l\/\"]}]},{\"@type\":\"ImageObject\",\"inLanguage\":\"sk-SK\",\"@id\":\"https:\/\/smartseal.cz\/sk\/produkt\/opravny-prostriedok-na-impregnacne-natery-5l\/#primaryimage\",\"url\":\"https:\/\/smartseal.cz\/sk\/wp-content\/uploads\/2019\/07\/oprava-impr.-nateru_5l.jpg\",\"contentUrl\":\"https:\/\/smartseal.cz\/sk\/wp-content\/uploads\/2019\/07\/oprava-impr.-nateru_5l.jpg\",\"width\":800,\"height\":800},{\"@type\":\"BreadcrumbList\",\"@id\":\"https:\/\/smartseal.cz\/sk\/produkt\/opravny-prostriedok-na-impregnacne-natery-5l\/#breadcrumb\",\"itemListElement\":[{\"@type\":\"ListItem\",\"position\":1,\"name\":\"Dom\u016f\",\"item\":\"https:\/\/smartseal.cz\/sk\/\"},{\"@type\":\"ListItem\",\"position\":2,\"name\":\"Obchod\",\"item\":\"https:\/\/smartseal.cz\/sk\/obchod\/\"},{\"@type\":\"ListItem\",\"position\":3,\"name\":\"Opravn\u00fd prostriedok na impregna\u010dn\u00e9 n\u00e1tery, 5l\"}]},{\"@type\":\"WebSite\",\"@id\":\"https:\/\/smartseal.cz\/sk\/#website\",\"url\":\"https:\/\/smartseal.cz\/sk\/\",\"name\":\"Smartseal Slovensko\",\"description\":\"Chytr\u00e9 n\u00e1tery na v\u0161etky povrchy\",\"potentialAction\":[{\"@type\":\"SearchAction\",\"target\":{\"@type\":\"EntryPoint\",\"urlTemplate\":\"https:\/\/smartseal.cz\/sk\/?s={search_term_string}\"},\"query-input\":{\"@type\":\"PropertyValueSpecification\",\"valueRequired\":true,\"valueName\":\"search_term_string\"}}],\"inLanguage\":\"sk-SK\"}]}<\/script>\n<!-- \/ Yoast SEO Premium plugin. -->","yoast_head_json":{"title":"Opravn\u00fd prostriedok na impregna\u010dn\u00e9 n\u00e1tery, 5l I Smartseal SK","description":"Pomocou impregna\u010dn\u00e9ho pr\u00edpravku na opravu farby sa zbav\u00edte bielych \u0161kv\u0155n na povrchu.","robots":{"index":"index","follow":"follow","max-snippet":"max-snippet:-1","max-image-preview":"max-image-preview:large","max-video-preview":"max-video-preview:-1"},"canonical":"https:\/\/smartseal.cz\/sk\/produkt\/opravny-prostriedok-na-impregnacne-natery-5l\/","og_locale":"sk_SK","og_type":"article","og_title":"Opravn\u00fd prostriedok na impregna\u010dn\u00e9 n\u00e1tery, 5l","og_description":"Pomocou impregna\u010dn\u00e9ho pr\u00edpravku na opravu farby sa zbav\u00edte bielych \u0161kv\u0155n na povrchu.","og_url":"https:\/\/smartseal.cz\/sk\/produkt\/opravny-prostriedok-na-impregnacne-natery-5l\/","og_site_name":"Smartseal Slovensko","article_modified_time":"2025-06-18T10:10:59+00:00","og_image":[{"width":800,"height":800,"url":"https:\/\/smartseal.cz\/sk\/wp-content\/uploads\/2019\/07\/oprava-impr.-nateru_5l.jpg","type":"image\/jpeg"}],"twitter_card":"summary_large_image","twitter_misc":{"Predpokladan\u00fd \u010das \u010d\u00edtania":"2 min\u00faty"},"schema":{"@context":"https:\/\/schema.org","@graph":[{"@type":"WebPage","@id":"https:\/\/smartseal.cz\/sk\/produkt\/opravny-prostriedok-na-impregnacne-natery-5l\/","url":"https:\/\/smartseal.cz\/sk\/produkt\/opravny-prostriedok-na-impregnacne-natery-5l\/","name":"Opravn\u00fd prostriedok na impregna\u010dn\u00e9 n\u00e1tery, 5l I Smartseal SK","isPartOf":{"@id":"https:\/\/smartseal.cz\/sk\/#website"},"primaryImageOfPage":{"@id":"https:\/\/smartseal.cz\/sk\/produkt\/opravny-prostriedok-na-impregnacne-natery-5l\/#primaryimage"},"image":{"@id":"https:\/\/smartseal.cz\/sk\/produkt\/opravny-prostriedok-na-impregnacne-natery-5l\/#primaryimage"},"thumbnailUrl":"https:\/\/smartseal.cz\/sk\/wp-content\/uploads\/2019\/07\/oprava-impr.-nateru_5l.jpg","datePublished":"2022-09-22T09:03:12+00:00","dateModified":"2025-06-18T10:10:59+00:00","description":"Pomocou impregna\u010dn\u00e9ho pr\u00edpravku na opravu farby sa zbav\u00edte bielych \u0161kv\u0155n na povrchu.","breadcrumb":{"@id":"https:\/\/smartseal.cz\/sk\/produkt\/opravny-prostriedok-na-impregnacne-natery-5l\/#breadcrumb"},"inLanguage":"sk-SK","potentialAction":[{"@type":"ReadAction","target":["https:\/\/smartseal.cz\/sk\/produkt\/opravny-prostriedok-na-impregnacne-natery-5l\/"]}]},{"@type":"ImageObject","inLanguage":"sk-SK","@id":"https:\/\/smartseal.cz\/sk\/produkt\/opravny-prostriedok-na-impregnacne-natery-5l\/#primaryimage","url":"https:\/\/smartseal.cz\/sk\/wp-content\/uploads\/2019\/07\/oprava-impr.-nateru_5l.jpg","contentUrl":"https:\/\/smartseal.cz\/sk\/wp-content\/uploads\/2019\/07\/oprava-impr.-nateru_5l.jpg","width":800,"height":800},{"@type":"BreadcrumbList","@id":"https:\/\/smartseal.cz\/sk\/produkt\/opravny-prostriedok-na-impregnacne-natery-5l\/#breadcrumb","itemListElement":[{"@type":"ListItem","position":1,"name":"Dom\u016f","item":"https:\/\/smartseal.cz\/sk\/"},{"@type":"ListItem","position":2,"name":"Obchod","item":"https:\/\/smartseal.cz\/sk\/obchod\/"},{"@type":"ListItem","position":3,"name":"Opravn\u00fd prostriedok na impregna\u010dn\u00e9 n\u00e1tery, 5l"}]},{"@type":"WebSite","@id":"https:\/\/smartseal.cz\/sk\/#website","url":"https:\/\/smartseal.cz\/sk\/","name":"Smartseal Slovensko","description":"Chytr\u00e9 n\u00e1tery na v\u0161etky povrchy","potentialAction":[{"@type":"SearchAction","target":{"@type":"EntryPoint","urlTemplate":"https:\/\/smartseal.cz\/sk\/?s={search_term_string}"},"query-input":{"@type":"PropertyValueSpecification","valueRequired":true,"valueName":"search_term_string"}}],"inLanguage":"sk-SK"}]}},"_links":{"self":[{"href":"https:\/\/smartseal.cz\/sk\/wp-json\/wp\/v2\/product\/10263","targetHints":{"allow":["GET"]}}],"collection":[{"href":"https:\/\/smartseal.cz\/sk\/wp-json\/wp\/v2\/product"}],"about":[{"href":"https:\/\/smartseal.cz\/sk\/wp-json\/wp\/v2\/types\/product"}],"replies":[{"embeddable":true,"href":"https:\/\/smartseal.cz\/sk\/wp-json\/wp\/v2\/comments?post=10263"}],"wp:featuredmedia":[{"embeddable":true,"href":"https:\/\/smartseal.cz\/sk\/wp-json\/wp\/v2\/media\/4830"}],"wp:attachment":[{"href":"https:\/\/smartseal.cz\/sk\/wp-json\/wp\/v2\/media?parent=10263"}],"wp:term":[{"taxonomy":"product_brand","embeddable":true,"href":"https:\/\/smartseal.cz\/sk\/wp-json\/wp\/v2\/product_brand?post=10263"},{"taxonomy":"product_cat","embeddable":true,"href":"https:\/\/smartseal.cz\/sk\/wp-json\/wp\/v2\/product_cat?post=10263"},{"taxonomy":"product_tag","embeddable":true,"href":"https:\/\/smartseal.cz\/sk\/wp-json\/wp\/v2\/product_tag?post=10263"}],"curies":[{"name":"wp","href":"https:\/\/api.w.org\/{rel}","templated":true}]}}