{"id":10247,"date":"2022-09-22T10:21:05","date_gmt":"2022-09-22T08:21:05","guid":{"rendered":"https:\/\/smartseal.cz\/sk\/?post_type=product&#038;p=10247"},"modified":"2026-03-27T13:47:11","modified_gmt":"2026-03-27T12:47:11","slug":"impregnacia-na-betonovu-dlazbu-5l","status":"publish","type":"product","link":"https:\/\/smartseal.cz\/sk\/produkt\/impregnacia-na-betonovu-dlazbu-5l\/","title":{"rendered":"Impregn\u00e1cia na bet\u00f3nov\u00fa dla\u017ebu, 5l"},"content":{"rendered":"<h2>Chr\u00e1\u0148te svoju terasu pred stratou farby a rastom buriny<\/h2>\n<p>Dod\u00e1vame najlep\u0161\u00ed Impregna\u010dn\u00fd n\u00e1ter na bet\u00f3nov\u00fa dla\u017ebu. Impregn\u00e1cia na bet\u00f3nov\u00fa dla\u017ebu Smartseal bola vyvinut\u00e1 ako rie\u0161enie neust\u00e1lych probl\u00e9mov s bielymi \u0161kvrnami, rastom buriny. N\u00e1ter zlep\u0161uje farbu a celkov\u00fd vzh\u013ead novej alebo star\u0161ej bet\u00f3novej dla\u017eby.<\/p>\n<p>O\u0161etren\u00e1 plocha bude ma\u0165 zv\u00fd\u0161en\u00fa odolnos\u0165 proti oderu a maltov\u00fd piesok bude tie\u017e chr\u00e1nen\u00fd pred er\u00f3ziou a napadnut\u00edm burinou. Poskytuje ochrann\u00fa vrstvu proti ne\u010distot\u00e1m, \u010do u\u013eah\u010d\u00ed n\u00e1sledn\u00fa \u00fadr\u017ebu.<\/p>\n<h3>*NEPOU\u017d\u00cdVEJTE na pr\u00edrodn\u00ed k\u00e1me\u0148 nebo p\u00edskovce*<\/h3>\n<ul>\n<li>Obnovuje prirodzen\u00e9 farby farebnej bet\u00f3novej dla\u017eby<\/li>\n<li>Obnovuje star\u00fa dla\u017ebu<\/li>\n<li>Jednoduch\u00e1 aplik\u00e1cia pomocou postrekova\u010da alebo val\u010deka<\/li>\n<li>Chr\u00e1ni pred stratou farby vplyvom UV \u017eiarenia<\/li>\n<li>Odol\u00e1va prenikaniu oleja a kysel\u00edn<\/li>\n<li>Zabra\u0148uje rastu bur\u00edn a machov<\/li>\n<li>Materi\u00e1l s certifik\u00e1tom BS5750 \/ ISO9000<\/li>\n<li>Na dosiahnutie optim\u00e1lnych v\u00fdsledkov pou\u017eite dve vrstvy<\/li>\n<li>Vhodn\u00fd na v\u00e4\u010d\u0161inu typov bet\u00f3novej dla\u017eby<\/li>\n<li>Priemern\u00e1 spotreba 0,45 l\/m2 pri dvoch vrstv\u00e1ch<\/li>\n<\/ul>\n<p><strong>Doporu\u010den\u00e1 spot\u0159eba<\/strong><\/p>\n<ul>\n<li>Prvn\u00ed vrstva: cca 4 m2 na litr = 0,25l\/m2<\/li>\n<li>Druh\u00fd n\u00e1t\u011br: cca 5 m2 na litr = 0,2l\/m2<\/li>\n<\/ul>\n<h2>Technick\u00fd popis p\u0159\u00edpravku Impregnace na betonovou dla\u017ebu<\/h2>\n<p><strong>Aplikace<\/strong><\/p>\n<p>Impregna\u010dn\u00fd n\u00e1ter sa m\u00f4\u017ee nan\u00e1\u0161a\u0165 postrekova\u010dom alebo val\u010dekom s v\u00fddatnos\u0165ou 0,25 l\/m2 pre 1. vrstvu a 0,2 l\/m2 pre 2. vrstvu. Na \u00fapln\u00e9 utesnenie \u0161k\u00e1rovacieho piesku s\u00fa potrebn\u00e9 dva n\u00e1tery. N\u00e1ter schne 2 hodiny pri teplote 20 \u00b0C a do priestoru sa neodpor\u00fa\u010da vstupova\u0165 4 hodiny. Vozidl\u00e1 m\u00f4\u017eu do priestoru vstupova\u0165 po uplynut\u00ed minim\u00e1lne 24 hod\u00edn pri teplote 20 \u00b0C. Tieto \u010dasy sa m\u00f4\u017eu pred\u013a\u017ei\u0165 alebo skr\u00e1ti\u0165 v z\u00e1vislosti od okolitej teploty. Po\u010das cyklu vytvrdzovania sa odpor\u00fa\u010da chr\u00e1ni\u0165 oblas\u0165 pred da\u017e\u010fom. Nepou\u017e\u00edvajte, ak je teplota p\u00f4dy vy\u0161\u0161ia ako 30 \u00b0C alebo ni\u017e\u0161ia ako 5 \u00b0C. V\u0161etky pou\u017eit\u00e9 n\u00e1stroje by sa mali po pou\u017eit\u00ed o\u010disti\u0165 \u201eSmartseal \u010distiacim riedidlom\u201c.<\/p>\n<p>Rozmrazovacie soli by sa nemali aplikova\u0165 na dla\u017ebu alebo bet\u00f3nov\u00e9 povrchy o\u0161etren\u00e9 Impregna\u010dn\u00fdm n\u00e1terom Smartseal. So\u013e chemicky zni\u017euje teplotu, pri ktorej voda zam\u0155za, a vedie k prenikaniu vody do bet\u00f3nu. N\u00e1sledn\u00e9 mrznutie m\u00f4\u017ee vies\u0165 k po\u0161kodeniu bet\u00f3nov\u00e9ho tesnenia rozp\u00ednan\u00edm vody pri mrznut\u00ed a m\u00f4\u017eu sa objavi\u0165 biele \u201epostriebren\u00e9\u201c plochy.<\/p>\n<p><strong>P\u0159\u00edprava<\/strong><\/p>\n<p>Nov\u00e1 bet\u00f3nov\u00e1 dla\u017eba by mala by\u0165 \u010dist\u00e1. Uistite sa, \u017ee je v \u0161k\u00e1rach dostatok dobre spevnen\u00e9ho piesku. Star\u0161ia dla\u017eba by sa mala umy\u0165 vysokotlakov\u00fdm \u010distiacim prostriedkom, aby sa odstr\u00e1nili v\u0161etky povrchov\u00e9 ne\u010distoty. Ak je dla\u017eba zne\u010disten\u00e1 burinou a machom, mala by sa o\u0161etri\u0165 pr\u00edpravkom Xtreme alebo Mech-stop v z\u00e1vislosti od typu zne\u010distenia. O\u0161etren\u00e1 plocha by sa potom mala necha\u0165 dobre vyschn\u00fa\u0165 a \u0161k\u00e1ry by sa mali vyplni\u0165 kremi\u010dit\u00fdm pieskom, ktor\u00fd by sa mal dobre zhutni\u0165, aby sa vyplnila cel\u00e1 h\u013abka \u0161k\u00e1ry a aby sa piesok u\u017e neprepad\u00e1val. Vlhkos\u0165 v dla\u017ebe a piesku zabra\u0148uje prenikaniu impregna\u010dn\u00e9ho prostriedku a vytv\u00e1ra biele \u0161kvrny.<\/p>\n<p><strong>Technick\u00e9 a zku\u0161ebn\u00ed data<\/strong><\/p>\n<p>Impregna\u010dn\u00ed n\u00e1t\u011br na z\u00e1mkovou dla\u017ebu Smartseal byl testov\u00e1n laborato\u0159\u00ed TRL (Transport Research Laboratory) a certifikov\u00e1n, \u017ee spl\u0148uje SRV (Skid Resistance Value) pro v\u0161echny kategorie dla\u017eby pro p\u011b\u0161\u00ed z\u00f3ny m\u00edstn\u00ed spr\u00e1vy. Kopie t\u011bchto certifik\u00e1t\u016f jsou k dispozici na vy\u017e\u00e1d\u00e1n\u00ed.<\/p>\n<p><strong>Dolo\u017eka o specifikaci<\/strong><\/p>\n<p>Nov\u011b polo\u017een\u00e1 betonov\u00e1 dla\u017eba by m\u011bla b\u00fdt o\u0161et\u0159ena Impregna\u010dn\u00edm n\u00e1t\u011brem Smartseal, kter\u00fd chr\u00e1n\u00ed a stabilizuje sp\u00e1rovac\u00ed p\u00edsek, zintenziv\u0148uje barevnost povrchu a zvy\u0161uje odolnost proti od\u011bru. V\u0161echny materi\u00e1ly jsou v souladu s normou ISO9002 pro zaji\u0161t\u011bn\u00ed kvality. V\u0161echny pr\u00e1ce by m\u011bly b\u00fdt prov\u00e1d\u011bny ve spojen\u00ed s aktu\u00e1ln\u00edm technick\u00fdm listem v\u00fdrobce a n\u00e1vodem k pou\u017eit\u00ed.<\/p>\n<p><strong>Zdrav\u00ed a bezpe\u010dnost<\/strong><\/p>\n<p>Ho\u0159lav\u00e1 kapalina. Neku\u0159te. Udr\u017eujte oblast aplikace dob\u0159e v\u011btranou. P\u0159i nan\u00e1\u0161en\u00ed pou\u017e\u00edvejte respir\u00e1tor. Uchov\u00e1vejte na chladn\u00e9m m\u00edst\u011b. Bod vzplanut\u00ed 40 \u00b0 C. Podrobn\u011bj\u0161\u00ed informace naleznete v Bezpe\u010dnostn\u00edm listu.<\/p>\n<h2>Bezpe\u010dnostn\u00ed list<\/h2>\n<p><a href=\"https:\/\/smartseal.cz\/sk\/wp-content\/uploads\/sites\/2\/2023\/08\/BL_ORANGELID-SEALER-CZ_CLP_2021-copy-copy.pdf\">Bezpe\u010dnostn\u00ed list Impregnace na betonovou dla\u017ebu v PDF<\/a><\/p>\n<p><a href=\"https:\/\/smartseal.cz\/sk\/wp-content\/uploads\/sites\/2\/2019\/04\/Pokyny-k-prov\u00e1d\u011bn\u00ed_imp-bet-dlaz.pdf\">N\u00e1vod k pou\u017eit\u00ed ke sta\u017een\u00ed v PDF<\/a><\/p>\n","protected":false},"excerpt":{"rendered":"<p>Renovuje star\u00fa bet\u00f3nov\u00fa dla\u017ebu a chr\u00e1ni ju pred stratou farby. Zabra\u0148uje rastu machu a buriny.<\/p>\n","protected":false},"featured_media":9855,"comment_status":"open","ping_status":"closed","template":"","meta":[],"product_brand":[],"product_cat":[56,60,24,47,45,40,65,38,21],"product_tag":[],"class_list":{"0":"post-10247","1":"product","2":"type-product","3":"status-publish","4":"has-post-thumbnail","6":"product_cat-beton","7":"product_cat-dlazba","8":"product_cat-impregnacia-ochranne-natery","9":"product_cat-ochranne-natery-teras","10":"product_cat-impregnacne-natery-na-beton","11":"product_cat-betonove-povrchy","12":"product_cat-beton-betonove-povrchy","13":"product_cat-vonkajsie-terasy-nadvoria","14":"product_cat-pristupove-cesty-chodniky","15":"pa_faze-pouziti-impregnace","16":"pa_faze-pouziti-nasledna-pece","17":"pa_velikost-baleni-5l","19":"first","20":"instock","21":"taxable","22":"shipping-taxable","23":"purchasable","24":"product-type-simple"},"yoast_head":"<!-- This site is optimized with the Yoast SEO Premium plugin v26.8 (Yoast SEO v26.9) - https:\/\/yoast.com\/product\/yoast-seo-premium-wordpress\/ -->\n<title>Impregn\u00e1cia na bet\u00f3nov\u00fa dla\u017ebu 5L | Smartseal SK<\/title>\n<meta name=\"description\" content=\"Renovuje star\u00fa bet\u00f3nov\u00fa dla\u017ebu a chr\u00e1ni ju pred stratou farby. Zabra\u0148uje rastu machu a buriny.\" \/>\n<meta name=\"robots\" content=\"index, follow, max-snippet:-1, max-image-preview:large, max-video-preview:-1\" \/>\n<link rel=\"canonical\" href=\"https:\/\/smartseal.cz\/sk\/produkt\/impregnacia-na-betonovu-dlazbu-5l\/\" \/>\n<meta property=\"og:locale\" content=\"sk_SK\" \/>\n<meta property=\"og:type\" content=\"article\" \/>\n<meta property=\"og:title\" content=\"Impregn\u00e1cia na bet\u00f3nov\u00fa dla\u017ebu, 5l\" \/>\n<meta property=\"og:description\" content=\"Renovuje star\u00fa bet\u00f3nov\u00fa dla\u017ebu a chr\u00e1ni ju pred stratou farby. Zabra\u0148uje rastu machu a buriny.\" \/>\n<meta property=\"og:url\" content=\"https:\/\/smartseal.cz\/sk\/produkt\/impregnacia-na-betonovu-dlazbu-5l\/\" \/>\n<meta property=\"og:site_name\" content=\"Smartseal Slovensko\" \/>\n<meta property=\"article:modified_time\" content=\"2026-03-27T12:47:11+00:00\" \/>\n<meta property=\"og:image\" content=\"https:\/\/smartseal.cz\/sk\/wp-content\/uploads\/2022\/09\/obal_imp_betdlaz_5L.png\" \/>\n\t<meta property=\"og:image:width\" content=\"800\" \/>\n\t<meta property=\"og:image:height\" content=\"800\" \/>\n\t<meta property=\"og:image:type\" content=\"image\/png\" \/>\n<meta name=\"twitter:card\" content=\"summary_large_image\" \/>\n<meta name=\"twitter:label1\" content=\"Predpokladan\u00fd \u010das \u010d\u00edtania\" \/>\n\t<meta name=\"twitter:data1\" content=\"4 min\u00faty\" \/>\n<script type=\"application\/ld+json\" class=\"yoast-schema-graph\">{\"@context\":\"https:\/\/schema.org\",\"@graph\":[{\"@type\":\"WebPage\",\"@id\":\"https:\/\/smartseal.cz\/sk\/produkt\/impregnacia-na-betonovu-dlazbu-5l\/\",\"url\":\"https:\/\/smartseal.cz\/sk\/produkt\/impregnacia-na-betonovu-dlazbu-5l\/\",\"name\":\"Impregn\u00e1cia na bet\u00f3nov\u00fa dla\u017ebu 5L | Smartseal SK\",\"isPartOf\":{\"@id\":\"https:\/\/smartseal.cz\/sk\/#website\"},\"primaryImageOfPage\":{\"@id\":\"https:\/\/smartseal.cz\/sk\/produkt\/impregnacia-na-betonovu-dlazbu-5l\/#primaryimage\"},\"image\":{\"@id\":\"https:\/\/smartseal.cz\/sk\/produkt\/impregnacia-na-betonovu-dlazbu-5l\/#primaryimage\"},\"thumbnailUrl\":\"https:\/\/smartseal.cz\/sk\/wp-content\/uploads\/2022\/09\/obal_imp_betdlaz_5L.png\",\"datePublished\":\"2022-09-22T08:21:05+00:00\",\"dateModified\":\"2026-03-27T12:47:11+00:00\",\"description\":\"Renovuje star\u00fa bet\u00f3nov\u00fa dla\u017ebu a chr\u00e1ni ju pred stratou farby. Zabra\u0148uje rastu machu a buriny.\",\"breadcrumb\":{\"@id\":\"https:\/\/smartseal.cz\/sk\/produkt\/impregnacia-na-betonovu-dlazbu-5l\/#breadcrumb\"},\"inLanguage\":\"sk-SK\",\"potentialAction\":[{\"@type\":\"ReadAction\",\"target\":[\"https:\/\/smartseal.cz\/sk\/produkt\/impregnacia-na-betonovu-dlazbu-5l\/\"]}]},{\"@type\":\"ImageObject\",\"inLanguage\":\"sk-SK\",\"@id\":\"https:\/\/smartseal.cz\/sk\/produkt\/impregnacia-na-betonovu-dlazbu-5l\/#primaryimage\",\"url\":\"https:\/\/smartseal.cz\/sk\/wp-content\/uploads\/2022\/09\/obal_imp_betdlaz_5L.png\",\"contentUrl\":\"https:\/\/smartseal.cz\/sk\/wp-content\/uploads\/2022\/09\/obal_imp_betdlaz_5L.png\",\"width\":800,\"height\":800},{\"@type\":\"BreadcrumbList\",\"@id\":\"https:\/\/smartseal.cz\/sk\/produkt\/impregnacia-na-betonovu-dlazbu-5l\/#breadcrumb\",\"itemListElement\":[{\"@type\":\"ListItem\",\"position\":1,\"name\":\"Dom\u016f\",\"item\":\"https:\/\/smartseal.cz\/sk\/\"},{\"@type\":\"ListItem\",\"position\":2,\"name\":\"Obchod\",\"item\":\"https:\/\/smartseal.cz\/sk\/obchod\/\"},{\"@type\":\"ListItem\",\"position\":3,\"name\":\"Impregn\u00e1cia na bet\u00f3nov\u00fa dla\u017ebu, 5l\"}]},{\"@type\":\"WebSite\",\"@id\":\"https:\/\/smartseal.cz\/sk\/#website\",\"url\":\"https:\/\/smartseal.cz\/sk\/\",\"name\":\"Smartseal Slovensko\",\"description\":\"Chytr\u00e9 n\u00e1tery na v\u0161etky povrchy\",\"potentialAction\":[{\"@type\":\"SearchAction\",\"target\":{\"@type\":\"EntryPoint\",\"urlTemplate\":\"https:\/\/smartseal.cz\/sk\/?s={search_term_string}\"},\"query-input\":{\"@type\":\"PropertyValueSpecification\",\"valueRequired\":true,\"valueName\":\"search_term_string\"}}],\"inLanguage\":\"sk-SK\"}]}<\/script>\n<!-- \/ Yoast SEO Premium plugin. -->","yoast_head_json":{"title":"Impregn\u00e1cia na bet\u00f3nov\u00fa dla\u017ebu 5L | Smartseal SK","description":"Renovuje star\u00fa bet\u00f3nov\u00fa dla\u017ebu a chr\u00e1ni ju pred stratou farby. Zabra\u0148uje rastu machu a buriny.","robots":{"index":"index","follow":"follow","max-snippet":"max-snippet:-1","max-image-preview":"max-image-preview:large","max-video-preview":"max-video-preview:-1"},"canonical":"https:\/\/smartseal.cz\/sk\/produkt\/impregnacia-na-betonovu-dlazbu-5l\/","og_locale":"sk_SK","og_type":"article","og_title":"Impregn\u00e1cia na bet\u00f3nov\u00fa dla\u017ebu, 5l","og_description":"Renovuje star\u00fa bet\u00f3nov\u00fa dla\u017ebu a chr\u00e1ni ju pred stratou farby. Zabra\u0148uje rastu machu a buriny.","og_url":"https:\/\/smartseal.cz\/sk\/produkt\/impregnacia-na-betonovu-dlazbu-5l\/","og_site_name":"Smartseal Slovensko","article_modified_time":"2026-03-27T12:47:11+00:00","og_image":[{"width":800,"height":800,"url":"https:\/\/smartseal.cz\/sk\/wp-content\/uploads\/2022\/09\/obal_imp_betdlaz_5L.png","type":"image\/png"}],"twitter_card":"summary_large_image","twitter_misc":{"Predpokladan\u00fd \u010das \u010d\u00edtania":"4 min\u00faty"},"schema":{"@context":"https:\/\/schema.org","@graph":[{"@type":"WebPage","@id":"https:\/\/smartseal.cz\/sk\/produkt\/impregnacia-na-betonovu-dlazbu-5l\/","url":"https:\/\/smartseal.cz\/sk\/produkt\/impregnacia-na-betonovu-dlazbu-5l\/","name":"Impregn\u00e1cia na bet\u00f3nov\u00fa dla\u017ebu 5L | Smartseal SK","isPartOf":{"@id":"https:\/\/smartseal.cz\/sk\/#website"},"primaryImageOfPage":{"@id":"https:\/\/smartseal.cz\/sk\/produkt\/impregnacia-na-betonovu-dlazbu-5l\/#primaryimage"},"image":{"@id":"https:\/\/smartseal.cz\/sk\/produkt\/impregnacia-na-betonovu-dlazbu-5l\/#primaryimage"},"thumbnailUrl":"https:\/\/smartseal.cz\/sk\/wp-content\/uploads\/2022\/09\/obal_imp_betdlaz_5L.png","datePublished":"2022-09-22T08:21:05+00:00","dateModified":"2026-03-27T12:47:11+00:00","description":"Renovuje star\u00fa bet\u00f3nov\u00fa dla\u017ebu a chr\u00e1ni ju pred stratou farby. Zabra\u0148uje rastu machu a buriny.","breadcrumb":{"@id":"https:\/\/smartseal.cz\/sk\/produkt\/impregnacia-na-betonovu-dlazbu-5l\/#breadcrumb"},"inLanguage":"sk-SK","potentialAction":[{"@type":"ReadAction","target":["https:\/\/smartseal.cz\/sk\/produkt\/impregnacia-na-betonovu-dlazbu-5l\/"]}]},{"@type":"ImageObject","inLanguage":"sk-SK","@id":"https:\/\/smartseal.cz\/sk\/produkt\/impregnacia-na-betonovu-dlazbu-5l\/#primaryimage","url":"https:\/\/smartseal.cz\/sk\/wp-content\/uploads\/2022\/09\/obal_imp_betdlaz_5L.png","contentUrl":"https:\/\/smartseal.cz\/sk\/wp-content\/uploads\/2022\/09\/obal_imp_betdlaz_5L.png","width":800,"height":800},{"@type":"BreadcrumbList","@id":"https:\/\/smartseal.cz\/sk\/produkt\/impregnacia-na-betonovu-dlazbu-5l\/#breadcrumb","itemListElement":[{"@type":"ListItem","position":1,"name":"Dom\u016f","item":"https:\/\/smartseal.cz\/sk\/"},{"@type":"ListItem","position":2,"name":"Obchod","item":"https:\/\/smartseal.cz\/sk\/obchod\/"},{"@type":"ListItem","position":3,"name":"Impregn\u00e1cia na bet\u00f3nov\u00fa dla\u017ebu, 5l"}]},{"@type":"WebSite","@id":"https:\/\/smartseal.cz\/sk\/#website","url":"https:\/\/smartseal.cz\/sk\/","name":"Smartseal Slovensko","description":"Chytr\u00e9 n\u00e1tery na v\u0161etky povrchy","potentialAction":[{"@type":"SearchAction","target":{"@type":"EntryPoint","urlTemplate":"https:\/\/smartseal.cz\/sk\/?s={search_term_string}"},"query-input":{"@type":"PropertyValueSpecification","valueRequired":true,"valueName":"search_term_string"}}],"inLanguage":"sk-SK"}]}},"_links":{"self":[{"href":"https:\/\/smartseal.cz\/sk\/wp-json\/wp\/v2\/product\/10247","targetHints":{"allow":["GET"]}}],"collection":[{"href":"https:\/\/smartseal.cz\/sk\/wp-json\/wp\/v2\/product"}],"about":[{"href":"https:\/\/smartseal.cz\/sk\/wp-json\/wp\/v2\/types\/product"}],"replies":[{"embeddable":true,"href":"https:\/\/smartseal.cz\/sk\/wp-json\/wp\/v2\/comments?post=10247"}],"wp:featuredmedia":[{"embeddable":true,"href":"https:\/\/smartseal.cz\/sk\/wp-json\/wp\/v2\/media\/9855"}],"wp:attachment":[{"href":"https:\/\/smartseal.cz\/sk\/wp-json\/wp\/v2\/media?parent=10247"}],"wp:term":[{"taxonomy":"product_brand","embeddable":true,"href":"https:\/\/smartseal.cz\/sk\/wp-json\/wp\/v2\/product_brand?post=10247"},{"taxonomy":"product_cat","embeddable":true,"href":"https:\/\/smartseal.cz\/sk\/wp-json\/wp\/v2\/product_cat?post=10247"},{"taxonomy":"product_tag","embeddable":true,"href":"https:\/\/smartseal.cz\/sk\/wp-json\/wp\/v2\/product_tag?post=10247"}],"curies":[{"name":"wp","href":"https:\/\/api.w.org\/{rel}","templated":true}]}}