{"id":10239,"date":"2022-09-22T10:20:43","date_gmt":"2022-09-22T08:20:43","guid":{"rendered":"https:\/\/smartseal.cz\/sk\/?post_type=product&#038;p=10239"},"modified":"2026-04-18T07:50:45","modified_gmt":"2026-04-18T05:50:45","slug":"impregnacia-betonu-exterier-5l","status":"publish","type":"product","link":"https:\/\/smartseal.cz\/sk\/produkt\/impregnacia-betonu-exterier-5l\/","title":{"rendered":"Impregn\u00e1cia bet\u00f3nu (exteri\u00e9r), 5l"},"content":{"rendered":"<h2>Impregn\u00e1cia na bet\u00f3n je vhodn\u00e1 na pou\u017eitie na pr\u00edjazdov\u00fdch cest\u00e1ch, teras\u00e1ch a podlah\u00e1ch<\/h2>\n<p>\u201eImpregn\u00e1cia na bet\u00f3n Smartseal\u201c bola vyvinut\u00e1 na zabezpe\u010denie dlhodobej ochrany bet\u00f3nov\u00fdch povrchov. Na\u0161a impregn\u00e1cia je vhodn\u00e1 na vonkaj\u0161ie bet\u00f3nov\u00e9 podlahy a in\u00e9 povrchy na b\u00e1ze bet\u00f3nu. Pri v\u00e4\u010d\u0161ine typov povrchov sa na dosiahnutie optim\u00e1lnych v\u00fdsledkov odpor\u00fa\u010daj\u00fa dve vrstvy.<\/p>\n<p><strong>V\u00ddHODY PRODUKTU<\/strong><\/p>\n<ul>\n<li>Poskytuje betonu vynikaj\u00edc\u00ed dlouhodobou ochranu<\/li>\n<li>Snadn\u00e1 aplikace post\u0159ikova\u010dem nebo <a href=\"https:\/\/smartseal.cz\/sk\/obchod\/sada-aplikacnich-nastroju-na-ochranne-natery-valecek-nadoba\/\">v\u00e1le\u010dkem<\/a><\/li>\n<li>Odol\u00e1v\u00e1 p\u016fsoben\u00ed oleje a pronik\u00e1n\u00ed kyselin<\/li>\n<li>Materi\u00e1l certifikovan\u00fd BS5750 \/ ISO9000<\/li>\n<li>Sni\u017euje v\u00fdskyt v\u00fdkv\u011bt\u016f z betonu<\/li>\n<li>Netvo\u0159\u00ed puch\u00fd\u0159e a neodlupuje se, vytvrzuje a impregnuje betonov\u00e9 plochy trvale<\/li>\n<li>Zlep\u0161uje povrchovou \u00fapravu betonu<\/li>\n<li>Pevn\u00fd, trvanliv\u00fd a odoln\u00fd<\/li>\n<li>Odoln\u00fd v\u016f\u010di olej\u016fm a mastnot\u00e1m<\/li>\n<\/ul>\n<p><strong>Doporu\u010den\u00e1 spot\u0159eba<\/strong><\/p>\n<ul>\n<li>3 a\u017e 5 m2 na litr v\u00fdrobku v z\u00e1vislosti na povaze betonu a zp\u016fsobu pou\u017eit\u00ed.<\/li>\n<\/ul>\n<h3>Technick\u00fd popis p\u0159\u00edpravku Impregnace na beton<\/h3>\n<p><strong>Aplikace<\/strong><\/p>\n<p>Pou\u017eijte r\u00fd\u017eov\u00e9 <a href=\"https:\/\/smartseal.cz\/sk\/obchod\/koste-pro-aplikaci-impregnacnich-nateru\/\">ko\u0161t\u011b<\/a> nebo vysokotlak\u00fd \u010disti\u010d k\u00a0odstran\u011bn\u00ed ve\u0161ker\u00fdch ne\u010distot. Aplikuje se pouze tehdy, kdy\u017e je povrch zcela such\u00fd. Impregna\u010dn\u00ed n\u00e1t\u011br se nejl\u00e9pe aplikuje pomoc\u00ed post\u0159ikova\u010de nebo <a href=\"https:\/\/smartseal.cz\/sk\/obchod\/sada-aplikacnich-nastroju-na-ochranne-natery-valecek-nadoba\/\">v\u00e1le\u010dku<\/a>, dbejte na to abyste n\u00e1t\u011br aplikovali rovnom\u011brn\u011b, aby se zabr\u00e1nilo tvo\u0159en\u00ed p\u0159\u00edli\u0161 siln\u00e9 vrstvy n\u00e1t\u011bru v\u00a0jednom m\u00edst\u011b. Prvn\u00ed aplikace n\u00e1t\u011bru mus\u00ed b\u00fdt zcela such\u00e1 p\u0159ed nanesen\u00edm druh\u00e9ho n\u00e1t\u011bru. Chra\u0148te plochu p\u0159ed siln\u00fdm p\u0159\u00edm\u00fdm slune\u010dn\u00edm sv\u011btlem p\u0159i aplikaci. Neaplikujte tak\u00e9 pokud se o\u010dek\u00e1v\u00e1 d\u00e9\u0161\u0165 do 3 hodin po aplikaci.<\/p>\n<p>Na betonov\u00fd povrch, o\u0161et\u0159en\u00fd Impregnac\u00ed Smartseal by nem\u011bly b\u00fdt aplikov\u00e1ny rozmrazovac\u00ed soli. S\u016fl chemicky sni\u017euje teplotu, p\u0159i n\u00ed\u017e voda zamrz\u00e1 a vede k vniknut\u00ed vody do betonu. N\u00e1sledn\u00e9 zmrazen\u00ed m\u016f\u017ee v\u00e9st k tomu, \u017ee betonov\u00e9 t\u011bsn\u011bn\u00ed se po\u0161kod\u00ed expanz\u00ed vody, proto\u017ee zmrzne a mohou se objevit b\u00edl\u00e9 &#8220;post\u0159\u00edb\u0159en\u00e9&#8221; oblasti.<\/p>\n<p><strong>Technick\u00e9 a zku\u0161ebn\u00ed data<\/strong><\/p>\n<p>Impregna\u010dn\u00ed n\u00e1t\u011br na beton Smartseal byl testov\u00e1n laborato\u0159\u00ed TRL (Transport Research Laboratory) a certifikov\u00e1n, \u017ee spl\u0148uje SRV (Skid Resistance Value) pro v\u0161echny kategorie dla\u017eby pro p\u011b\u0161\u00ed z\u00f3ny m\u00edstn\u00ed spr\u00e1vy. Kopie t\u011bchto certifik\u00e1t\u016f jsou k dispozici na vy\u017e\u00e1d\u00e1n\u00ed.<\/p>\n<p><strong>Zdrav\u00ed a bezpe\u010dnost<\/strong><\/p>\n<p>Ho\u0159lav\u00e1 kapalina. Neku\u0159te. Udr\u017eujte oblast aplikace dob\u0159e v\u011btranou. P\u0159i nan\u00e1\u0161en\u00ed pou\u017e\u00edvejte respir\u00e1tor. Uchov\u00e1vejte na chladn\u00e9m m\u00edst\u011b. Bod vzplanut\u00ed 42 \u00b0 C. Podrobn\u011bj\u0161\u00ed informace naleznete v Bezpe\u010dnostn\u00edm listu.<\/p>\n<h3>Bezpe\u010dnostn\u00ed list<\/h3>\n<p><a href=\"https:\/\/smartseal.cz\/sk\/wp-content\/uploads\/sites\/2\/2023\/08\/BL_CONCRETE-SEALER-CZ_CLP_2021-2.pdf\">Bezpe\u010dnostn\u00ed list Impregnace na beton (exteri\u00e9r) v PDF<\/a><\/p>\n<p><a href=\"https:\/\/smartseal.cz\/sk\/wp-content\/uploads\/sites\/2\/2019\/04\/Pokyny-k-prov\u00e1d\u011bn\u00ed_imp-bet-ext.pdf\">N\u00e1vod k pou\u017eit\u00ed ke sta\u017een\u00ed v PDF<\/a><\/p>\n<p>&nbsp;<\/p>\n","protected":false},"excerpt":{"rendered":"<p>V\u00fdrobok zaru\u010duje odolnos\u0165 vo\u010di olejom a tukom. 5 l o\u0161etr\u00ed pribli\u017ene 15-25 m2<\/p>\n","protected":false},"featured_media":12989,"comment_status":"open","ping_status":"closed","template":"","meta":[],"product_brand":[],"product_cat":[56,24,45,40,65,21],"product_tag":[],"class_list":{"0":"post-10239","1":"product","2":"type-product","3":"status-publish","4":"has-post-thumbnail","6":"product_cat-beton","7":"product_cat-impregnacia-ochranne-natery","8":"product_cat-impregnacne-natery-na-beton","9":"product_cat-betonove-povrchy","10":"product_cat-beton-betonove-povrchy","11":"product_cat-pristupove-cesty-chodniky","12":"pa_faze-pouziti-impregnace","13":"pa_faze-pouziti-nasledna-pece","14":"pa_velikost-baleni-5l","16":"first","17":"instock","18":"taxable","19":"shipping-taxable","20":"purchasable","21":"product-type-simple"},"yoast_head":"<!-- This site is optimized with the Yoast SEO Premium plugin v26.8 (Yoast SEO v26.9) - https:\/\/yoast.com\/product\/yoast-seo-premium-wordpress\/ -->\n<title>Impregn\u00e1cia bet\u00f3nu, 5l | Smartseal SK<\/title>\n<meta name=\"description\" content=\"Impregn\u00e1cia bet\u00f3nu je vhodn\u00e1 na pr\u00edjazdov\u00e9 cesty, terasy a bet\u00f3nov\u00e9 podlahy. Odoln\u00e1 vo\u010di olejom a mastnote. 5 l o\u0161etr\u00ed plochu pribli\u017ene 20 m2\" \/>\n<meta name=\"robots\" content=\"index, follow, max-snippet:-1, max-image-preview:large, max-video-preview:-1\" \/>\n<link rel=\"canonical\" href=\"https:\/\/smartseal.cz\/sk\/produkt\/impregnacia-betonu-exterier-5l\/\" \/>\n<meta property=\"og:locale\" content=\"sk_SK\" \/>\n<meta property=\"og:type\" content=\"article\" \/>\n<meta property=\"og:title\" content=\"Impregn\u00e1cia bet\u00f3nu (exteri\u00e9r), 5l\" \/>\n<meta property=\"og:description\" content=\"Impregn\u00e1cia bet\u00f3nu je vhodn\u00e1 na pr\u00edjazdov\u00e9 cesty, terasy a bet\u00f3nov\u00e9 podlahy. Odoln\u00e1 vo\u010di olejom a mastnote. 5 l o\u0161etr\u00ed plochu pribli\u017ene 20 m2\" \/>\n<meta property=\"og:url\" content=\"https:\/\/smartseal.cz\/sk\/produkt\/impregnacia-betonu-exterier-5l\/\" \/>\n<meta property=\"og:site_name\" content=\"Smartseal Slovensko\" \/>\n<meta property=\"article:modified_time\" content=\"2026-04-18T05:50:45+00:00\" \/>\n<meta property=\"og:image\" content=\"https:\/\/smartseal.cz\/sk\/wp-content\/uploads\/2023\/08\/imp_beton_5L.png\" \/>\n\t<meta property=\"og:image:width\" content=\"800\" \/>\n\t<meta property=\"og:image:height\" content=\"800\" \/>\n\t<meta property=\"og:image:type\" content=\"image\/png\" \/>\n<meta name=\"twitter:card\" content=\"summary_large_image\" \/>\n<meta name=\"twitter:label1\" content=\"Predpokladan\u00fd \u010das \u010d\u00edtania\" \/>\n\t<meta name=\"twitter:data1\" content=\"3 min\u00faty\" \/>\n<script type=\"application\/ld+json\" class=\"yoast-schema-graph\">{\"@context\":\"https:\/\/schema.org\",\"@graph\":[{\"@type\":\"WebPage\",\"@id\":\"https:\/\/smartseal.cz\/sk\/produkt\/impregnacia-betonu-exterier-5l\/\",\"url\":\"https:\/\/smartseal.cz\/sk\/produkt\/impregnacia-betonu-exterier-5l\/\",\"name\":\"Impregn\u00e1cia bet\u00f3nu, 5l | Smartseal SK\",\"isPartOf\":{\"@id\":\"https:\/\/smartseal.cz\/sk\/#website\"},\"primaryImageOfPage\":{\"@id\":\"https:\/\/smartseal.cz\/sk\/produkt\/impregnacia-betonu-exterier-5l\/#primaryimage\"},\"image\":{\"@id\":\"https:\/\/smartseal.cz\/sk\/produkt\/impregnacia-betonu-exterier-5l\/#primaryimage\"},\"thumbnailUrl\":\"https:\/\/smartseal.cz\/sk\/wp-content\/uploads\/2023\/08\/imp_beton_5L.png\",\"datePublished\":\"2022-09-22T08:20:43+00:00\",\"dateModified\":\"2026-04-18T05:50:45+00:00\",\"description\":\"Impregn\u00e1cia bet\u00f3nu je vhodn\u00e1 na pr\u00edjazdov\u00e9 cesty, terasy a bet\u00f3nov\u00e9 podlahy. Odoln\u00e1 vo\u010di olejom a mastnote. 5 l o\u0161etr\u00ed plochu pribli\u017ene 20 m2\",\"breadcrumb\":{\"@id\":\"https:\/\/smartseal.cz\/sk\/produkt\/impregnacia-betonu-exterier-5l\/#breadcrumb\"},\"inLanguage\":\"sk-SK\",\"potentialAction\":[{\"@type\":\"ReadAction\",\"target\":[\"https:\/\/smartseal.cz\/sk\/produkt\/impregnacia-betonu-exterier-5l\/\"]}]},{\"@type\":\"ImageObject\",\"inLanguage\":\"sk-SK\",\"@id\":\"https:\/\/smartseal.cz\/sk\/produkt\/impregnacia-betonu-exterier-5l\/#primaryimage\",\"url\":\"https:\/\/smartseal.cz\/sk\/wp-content\/uploads\/2023\/08\/imp_beton_5L.png\",\"contentUrl\":\"https:\/\/smartseal.cz\/sk\/wp-content\/uploads\/2023\/08\/imp_beton_5L.png\",\"width\":800,\"height\":800},{\"@type\":\"BreadcrumbList\",\"@id\":\"https:\/\/smartseal.cz\/sk\/produkt\/impregnacia-betonu-exterier-5l\/#breadcrumb\",\"itemListElement\":[{\"@type\":\"ListItem\",\"position\":1,\"name\":\"Dom\u016f\",\"item\":\"https:\/\/smartseal.cz\/sk\/\"},{\"@type\":\"ListItem\",\"position\":2,\"name\":\"Obchod\",\"item\":\"https:\/\/smartseal.cz\/sk\/obchod\/\"},{\"@type\":\"ListItem\",\"position\":3,\"name\":\"Impregn\u00e1cia bet\u00f3nu (exteri\u00e9r), 5l\"}]},{\"@type\":\"WebSite\",\"@id\":\"https:\/\/smartseal.cz\/sk\/#website\",\"url\":\"https:\/\/smartseal.cz\/sk\/\",\"name\":\"Smartseal Slovensko\",\"description\":\"Chytr\u00e9 n\u00e1tery na v\u0161etky povrchy\",\"potentialAction\":[{\"@type\":\"SearchAction\",\"target\":{\"@type\":\"EntryPoint\",\"urlTemplate\":\"https:\/\/smartseal.cz\/sk\/?s={search_term_string}\"},\"query-input\":{\"@type\":\"PropertyValueSpecification\",\"valueRequired\":true,\"valueName\":\"search_term_string\"}}],\"inLanguage\":\"sk-SK\"}]}<\/script>\n<!-- \/ Yoast SEO Premium plugin. -->","yoast_head_json":{"title":"Impregn\u00e1cia bet\u00f3nu, 5l | Smartseal SK","description":"Impregn\u00e1cia bet\u00f3nu je vhodn\u00e1 na pr\u00edjazdov\u00e9 cesty, terasy a bet\u00f3nov\u00e9 podlahy. Odoln\u00e1 vo\u010di olejom a mastnote. 5 l o\u0161etr\u00ed plochu pribli\u017ene 20 m2","robots":{"index":"index","follow":"follow","max-snippet":"max-snippet:-1","max-image-preview":"max-image-preview:large","max-video-preview":"max-video-preview:-1"},"canonical":"https:\/\/smartseal.cz\/sk\/produkt\/impregnacia-betonu-exterier-5l\/","og_locale":"sk_SK","og_type":"article","og_title":"Impregn\u00e1cia bet\u00f3nu (exteri\u00e9r), 5l","og_description":"Impregn\u00e1cia bet\u00f3nu je vhodn\u00e1 na pr\u00edjazdov\u00e9 cesty, terasy a bet\u00f3nov\u00e9 podlahy. Odoln\u00e1 vo\u010di olejom a mastnote. 5 l o\u0161etr\u00ed plochu pribli\u017ene 20 m2","og_url":"https:\/\/smartseal.cz\/sk\/produkt\/impregnacia-betonu-exterier-5l\/","og_site_name":"Smartseal Slovensko","article_modified_time":"2026-04-18T05:50:45+00:00","og_image":[{"width":800,"height":800,"url":"https:\/\/smartseal.cz\/sk\/wp-content\/uploads\/2023\/08\/imp_beton_5L.png","type":"image\/png"}],"twitter_card":"summary_large_image","twitter_misc":{"Predpokladan\u00fd \u010das \u010d\u00edtania":"3 min\u00faty"},"schema":{"@context":"https:\/\/schema.org","@graph":[{"@type":"WebPage","@id":"https:\/\/smartseal.cz\/sk\/produkt\/impregnacia-betonu-exterier-5l\/","url":"https:\/\/smartseal.cz\/sk\/produkt\/impregnacia-betonu-exterier-5l\/","name":"Impregn\u00e1cia bet\u00f3nu, 5l | Smartseal SK","isPartOf":{"@id":"https:\/\/smartseal.cz\/sk\/#website"},"primaryImageOfPage":{"@id":"https:\/\/smartseal.cz\/sk\/produkt\/impregnacia-betonu-exterier-5l\/#primaryimage"},"image":{"@id":"https:\/\/smartseal.cz\/sk\/produkt\/impregnacia-betonu-exterier-5l\/#primaryimage"},"thumbnailUrl":"https:\/\/smartseal.cz\/sk\/wp-content\/uploads\/2023\/08\/imp_beton_5L.png","datePublished":"2022-09-22T08:20:43+00:00","dateModified":"2026-04-18T05:50:45+00:00","description":"Impregn\u00e1cia bet\u00f3nu je vhodn\u00e1 na pr\u00edjazdov\u00e9 cesty, terasy a bet\u00f3nov\u00e9 podlahy. Odoln\u00e1 vo\u010di olejom a mastnote. 5 l o\u0161etr\u00ed plochu pribli\u017ene 20 m2","breadcrumb":{"@id":"https:\/\/smartseal.cz\/sk\/produkt\/impregnacia-betonu-exterier-5l\/#breadcrumb"},"inLanguage":"sk-SK","potentialAction":[{"@type":"ReadAction","target":["https:\/\/smartseal.cz\/sk\/produkt\/impregnacia-betonu-exterier-5l\/"]}]},{"@type":"ImageObject","inLanguage":"sk-SK","@id":"https:\/\/smartseal.cz\/sk\/produkt\/impregnacia-betonu-exterier-5l\/#primaryimage","url":"https:\/\/smartseal.cz\/sk\/wp-content\/uploads\/2023\/08\/imp_beton_5L.png","contentUrl":"https:\/\/smartseal.cz\/sk\/wp-content\/uploads\/2023\/08\/imp_beton_5L.png","width":800,"height":800},{"@type":"BreadcrumbList","@id":"https:\/\/smartseal.cz\/sk\/produkt\/impregnacia-betonu-exterier-5l\/#breadcrumb","itemListElement":[{"@type":"ListItem","position":1,"name":"Dom\u016f","item":"https:\/\/smartseal.cz\/sk\/"},{"@type":"ListItem","position":2,"name":"Obchod","item":"https:\/\/smartseal.cz\/sk\/obchod\/"},{"@type":"ListItem","position":3,"name":"Impregn\u00e1cia bet\u00f3nu (exteri\u00e9r), 5l"}]},{"@type":"WebSite","@id":"https:\/\/smartseal.cz\/sk\/#website","url":"https:\/\/smartseal.cz\/sk\/","name":"Smartseal Slovensko","description":"Chytr\u00e9 n\u00e1tery na v\u0161etky povrchy","potentialAction":[{"@type":"SearchAction","target":{"@type":"EntryPoint","urlTemplate":"https:\/\/smartseal.cz\/sk\/?s={search_term_string}"},"query-input":{"@type":"PropertyValueSpecification","valueRequired":true,"valueName":"search_term_string"}}],"inLanguage":"sk-SK"}]}},"_links":{"self":[{"href":"https:\/\/smartseal.cz\/sk\/wp-json\/wp\/v2\/product\/10239","targetHints":{"allow":["GET"]}}],"collection":[{"href":"https:\/\/smartseal.cz\/sk\/wp-json\/wp\/v2\/product"}],"about":[{"href":"https:\/\/smartseal.cz\/sk\/wp-json\/wp\/v2\/types\/product"}],"replies":[{"embeddable":true,"href":"https:\/\/smartseal.cz\/sk\/wp-json\/wp\/v2\/comments?post=10239"}],"wp:featuredmedia":[{"embeddable":true,"href":"https:\/\/smartseal.cz\/sk\/wp-json\/wp\/v2\/media\/12989"}],"wp:attachment":[{"href":"https:\/\/smartseal.cz\/sk\/wp-json\/wp\/v2\/media?parent=10239"}],"wp:term":[{"taxonomy":"product_brand","embeddable":true,"href":"https:\/\/smartseal.cz\/sk\/wp-json\/wp\/v2\/product_brand?post=10239"},{"taxonomy":"product_cat","embeddable":true,"href":"https:\/\/smartseal.cz\/sk\/wp-json\/wp\/v2\/product_cat?post=10239"},{"taxonomy":"product_tag","embeddable":true,"href":"https:\/\/smartseal.cz\/sk\/wp-json\/wp\/v2\/product_tag?post=10239"}],"curies":[{"name":"wp","href":"https:\/\/api.w.org\/{rel}","templated":true}]}}