{"id":10217,"date":"2022-09-22T10:01:35","date_gmt":"2022-09-22T08:01:35","guid":{"rendered":"https:\/\/smartseal.cz\/sk\/?post_type=product&#038;p=10217"},"modified":"2025-08-06T15:42:33","modified_gmt":"2025-08-06T13:42:33","slug":"tarmaseal-cerveny-nater-na-renovaciu-asfaltu-vzorka","status":"publish","type":"product","link":"https:\/\/smartseal.cz\/sk\/produkt\/tarmaseal-cerveny-nater-na-renovaciu-asfaltu-vzorka\/","title":{"rendered":"Tarmaseal \u010derven\u00fd &#8211; n\u00e1ter na renovaciu asfaltu, vzorka"},"content":{"rendered":"<h2>Pr\u00edprava na obnovu asfaltu &#8211; parkovisk\u00e1, ihrisk\u00e1 a tenisov\u00e9 kurty<\/h2>\n<p>Obnovte a renovujte p\u0159\u00edjezdov\u00e9 cesty s Tarmaseal<\/p>\n<p>Tarmaseal je vynikaj\u00edc\u00ed a snadno pou\u017eiteln\u00fd prost\u0159edek na renovaci asfaltu ur\u010den\u00fd k\u00a0obnoven\u00ed star\u00e9ho asfaltu. N\u00e1t\u011br pro renovaci asfaltu je finan\u010dn\u011b dostupn\u011bj\u0161\u00ed variantou ne\u017e v\u00fdm\u011bna cel\u00e9 p\u0159\u00edjezdov\u00e9 cesty.<\/p>\n<ul>\n<li>Renovuje vzhled jak\u00e9koliv p\u0159\u00edjezdov\u00e9 cesty z asfaltu<\/li>\n<li>Nahrazuje ztracenou prysky\u0159ici z\u00a0asfaltu<\/li>\n<li>20 litrov\u00fd kanystr, pr\u016fm\u011brn\u00e9 pokryt\u00ed 40-60 m\u00b2<\/li>\n<li>Snadn\u00e9 pou\u017eit\u00ed s <a href=\"https:\/\/smartseal.cz\/sk\/obchod\/sada-aplikacnich-nastroju-na-ochranne-natery-valecek-nadoba\/\">v\u00e1le\u010dkem<\/a><\/li>\n<li>Znovu vytvo\u0159\u00ed origin\u00e1ln\u00ed barvu asfaltu<\/li>\n<li>Vyhnete se n\u00e1kladn\u00e9 v\u00fdm\u011bn\u011b asfaltu<\/li>\n<li>Dlouhodob\u00e1 ochrana, sni\u017euje budouc\u00ed opravy asfaltu<\/li>\n<li>P\u0159ekr\u00fdv\u00e1 nevzhledn\u00e9 cementov\u00e9 a olejov\u00e9 skvrny<\/li>\n<li>Ekologicky \u0161etrn\u00fd v\u00fdrobek<\/li>\n<li>Sni\u017euje vydrolov\u00e1n\u00ed kam\u00ednk\u016f z\u00a0asfaltu a zvy\u0161uje \u017eivotnost p\u0159\u00edjezdov\u00fdch cest<\/li>\n<li>Vod\u011bodoln\u00e9, nabarv\u00ed a ochr\u00e1n\u00ed asfalt<\/li>\n<li>Odoln\u00fd proti skvrn\u00e1m od oleje, mastnoty a ne\u010distot<\/li>\n<li>Zabra\u0148uje r\u016fstu plevele a mech\u016f<\/li>\n<\/ul>\n","protected":false},"excerpt":{"rendered":"<p>V\u00fdrobok ur\u010den\u00fd na renov\u00e1ciu star\u00e9ho asfaltu. \u0160etrn\u00fd k \u017eivotn\u00e9mu prostrediu, 100ml<\/p>\n","protected":false},"featured_media":12987,"comment_status":"open","ping_status":"closed","template":"","meta":[],"product_brand":[],"product_cat":[55,24,44,21],"product_tag":[],"class_list":{"0":"post-10217","1":"product","2":"type-product","3":"status-publish","4":"has-post-thumbnail","6":"product_cat-asfalt","7":"product_cat-impregnacia-ochranne-natery","8":"product_cat-impregnacia-asfaltu","9":"product_cat-pristupove-cesty-chodniky","10":"pa_faze-pouziti-impregnace","11":"pa_velikost-baleni-vzorek-100ml","13":"first","14":"instock","15":"taxable","16":"shipping-taxable","17":"purchasable","18":"product-type-simple"},"yoast_head":"<!-- This site is optimized with the Yoast SEO Premium plugin v26.8 (Yoast SEO v26.9) - https:\/\/yoast.com\/product\/yoast-seo-premium-wordpress\/ -->\n<title>Tarmaseal \u010derven\u00fd - n\u00e1t\u011br pro renovaciu asfaltu | Smartseal SK<\/title>\n<meta name=\"description\" content=\"P\u0159\u00edpravek ur\u010den\u00fd k renovaci star\u00e9ho asfaltu-\u010derven\u00fd. Ekologicky \u0161etrn\u00fd\" \/>\n<meta name=\"robots\" content=\"index, follow, max-snippet:-1, max-image-preview:large, max-video-preview:-1\" \/>\n<link rel=\"canonical\" href=\"https:\/\/smartseal.cz\/sk\/produkt\/tarmaseal-cerveny-nater-na-renovaciu-asfaltu-vzorka\/\" \/>\n<meta property=\"og:locale\" content=\"sk_SK\" \/>\n<meta property=\"og:type\" content=\"article\" \/>\n<meta property=\"og:title\" content=\"Tarmaseal \u010derven\u00fd - n\u00e1ter na renovaciu asfaltu, vzorka\" \/>\n<meta property=\"og:description\" content=\"P\u0159\u00edpravek ur\u010den\u00fd k renovaci star\u00e9ho asfaltu-\u010derven\u00fd. Ekologicky \u0161etrn\u00fd\" \/>\n<meta property=\"og:url\" content=\"https:\/\/smartseal.cz\/sk\/produkt\/tarmaseal-cerveny-nater-na-renovaciu-asfaltu-vzorka\/\" \/>\n<meta property=\"og:site_name\" content=\"Smartseal Slovensko\" \/>\n<meta property=\"article:modified_time\" content=\"2025-08-06T13:42:33+00:00\" \/>\n<meta property=\"og:image\" content=\"https:\/\/smartseal.cz\/sk\/wp-content\/uploads\/2023\/08\/obal_Tarmaseal_red_20l.png\" \/>\n\t<meta property=\"og:image:width\" content=\"800\" \/>\n\t<meta property=\"og:image:height\" content=\"800\" \/>\n\t<meta property=\"og:image:type\" content=\"image\/png\" \/>\n<meta name=\"twitter:card\" content=\"summary_large_image\" \/>\n<meta name=\"twitter:label1\" content=\"Predpokladan\u00fd \u010das \u010d\u00edtania\" \/>\n\t<meta name=\"twitter:data1\" content=\"1 min\u00fata\" \/>\n<script type=\"application\/ld+json\" class=\"yoast-schema-graph\">{\"@context\":\"https:\/\/schema.org\",\"@graph\":[{\"@type\":\"WebPage\",\"@id\":\"https:\/\/smartseal.cz\/sk\/produkt\/tarmaseal-cerveny-nater-na-renovaciu-asfaltu-vzorka\/\",\"url\":\"https:\/\/smartseal.cz\/sk\/produkt\/tarmaseal-cerveny-nater-na-renovaciu-asfaltu-vzorka\/\",\"name\":\"Tarmaseal \u010derven\u00fd - n\u00e1t\u011br pro renovaciu asfaltu | Smartseal SK\",\"isPartOf\":{\"@id\":\"https:\/\/smartseal.cz\/sk\/#website\"},\"primaryImageOfPage\":{\"@id\":\"https:\/\/smartseal.cz\/sk\/produkt\/tarmaseal-cerveny-nater-na-renovaciu-asfaltu-vzorka\/#primaryimage\"},\"image\":{\"@id\":\"https:\/\/smartseal.cz\/sk\/produkt\/tarmaseal-cerveny-nater-na-renovaciu-asfaltu-vzorka\/#primaryimage\"},\"thumbnailUrl\":\"https:\/\/smartseal.cz\/sk\/wp-content\/uploads\/2023\/08\/obal_Tarmaseal_red_20l.png\",\"datePublished\":\"2022-09-22T08:01:35+00:00\",\"dateModified\":\"2025-08-06T13:42:33+00:00\",\"description\":\"P\u0159\u00edpravek ur\u010den\u00fd k renovaci star\u00e9ho asfaltu-\u010derven\u00fd. Ekologicky \u0161etrn\u00fd\",\"breadcrumb\":{\"@id\":\"https:\/\/smartseal.cz\/sk\/produkt\/tarmaseal-cerveny-nater-na-renovaciu-asfaltu-vzorka\/#breadcrumb\"},\"inLanguage\":\"sk-SK\",\"potentialAction\":[{\"@type\":\"ReadAction\",\"target\":[\"https:\/\/smartseal.cz\/sk\/produkt\/tarmaseal-cerveny-nater-na-renovaciu-asfaltu-vzorka\/\"]}]},{\"@type\":\"ImageObject\",\"inLanguage\":\"sk-SK\",\"@id\":\"https:\/\/smartseal.cz\/sk\/produkt\/tarmaseal-cerveny-nater-na-renovaciu-asfaltu-vzorka\/#primaryimage\",\"url\":\"https:\/\/smartseal.cz\/sk\/wp-content\/uploads\/2023\/08\/obal_Tarmaseal_red_20l.png\",\"contentUrl\":\"https:\/\/smartseal.cz\/sk\/wp-content\/uploads\/2023\/08\/obal_Tarmaseal_red_20l.png\",\"width\":800,\"height\":800},{\"@type\":\"BreadcrumbList\",\"@id\":\"https:\/\/smartseal.cz\/sk\/produkt\/tarmaseal-cerveny-nater-na-renovaciu-asfaltu-vzorka\/#breadcrumb\",\"itemListElement\":[{\"@type\":\"ListItem\",\"position\":1,\"name\":\"Dom\u016f\",\"item\":\"https:\/\/smartseal.cz\/sk\/\"},{\"@type\":\"ListItem\",\"position\":2,\"name\":\"Obchod\",\"item\":\"https:\/\/smartseal.cz\/sk\/obchod\/\"},{\"@type\":\"ListItem\",\"position\":3,\"name\":\"Tarmaseal \u010derven\u00fd &#8211; n\u00e1ter na renovaciu asfaltu, vzorka\"}]},{\"@type\":\"WebSite\",\"@id\":\"https:\/\/smartseal.cz\/sk\/#website\",\"url\":\"https:\/\/smartseal.cz\/sk\/\",\"name\":\"Smartseal Slovensko\",\"description\":\"Chytr\u00e9 n\u00e1tery na v\u0161etky povrchy\",\"potentialAction\":[{\"@type\":\"SearchAction\",\"target\":{\"@type\":\"EntryPoint\",\"urlTemplate\":\"https:\/\/smartseal.cz\/sk\/?s={search_term_string}\"},\"query-input\":{\"@type\":\"PropertyValueSpecification\",\"valueRequired\":true,\"valueName\":\"search_term_string\"}}],\"inLanguage\":\"sk-SK\"}]}<\/script>\n<!-- \/ Yoast SEO Premium plugin. -->","yoast_head_json":{"title":"Tarmaseal \u010derven\u00fd - n\u00e1t\u011br pro renovaciu asfaltu | Smartseal SK","description":"P\u0159\u00edpravek ur\u010den\u00fd k renovaci star\u00e9ho asfaltu-\u010derven\u00fd. Ekologicky \u0161etrn\u00fd","robots":{"index":"index","follow":"follow","max-snippet":"max-snippet:-1","max-image-preview":"max-image-preview:large","max-video-preview":"max-video-preview:-1"},"canonical":"https:\/\/smartseal.cz\/sk\/produkt\/tarmaseal-cerveny-nater-na-renovaciu-asfaltu-vzorka\/","og_locale":"sk_SK","og_type":"article","og_title":"Tarmaseal \u010derven\u00fd - n\u00e1ter na renovaciu asfaltu, vzorka","og_description":"P\u0159\u00edpravek ur\u010den\u00fd k renovaci star\u00e9ho asfaltu-\u010derven\u00fd. Ekologicky \u0161etrn\u00fd","og_url":"https:\/\/smartseal.cz\/sk\/produkt\/tarmaseal-cerveny-nater-na-renovaciu-asfaltu-vzorka\/","og_site_name":"Smartseal Slovensko","article_modified_time":"2025-08-06T13:42:33+00:00","og_image":[{"width":800,"height":800,"url":"https:\/\/smartseal.cz\/sk\/wp-content\/uploads\/2023\/08\/obal_Tarmaseal_red_20l.png","type":"image\/png"}],"twitter_card":"summary_large_image","twitter_misc":{"Predpokladan\u00fd \u010das \u010d\u00edtania":"1 min\u00fata"},"schema":{"@context":"https:\/\/schema.org","@graph":[{"@type":"WebPage","@id":"https:\/\/smartseal.cz\/sk\/produkt\/tarmaseal-cerveny-nater-na-renovaciu-asfaltu-vzorka\/","url":"https:\/\/smartseal.cz\/sk\/produkt\/tarmaseal-cerveny-nater-na-renovaciu-asfaltu-vzorka\/","name":"Tarmaseal \u010derven\u00fd - n\u00e1t\u011br pro renovaciu asfaltu | Smartseal SK","isPartOf":{"@id":"https:\/\/smartseal.cz\/sk\/#website"},"primaryImageOfPage":{"@id":"https:\/\/smartseal.cz\/sk\/produkt\/tarmaseal-cerveny-nater-na-renovaciu-asfaltu-vzorka\/#primaryimage"},"image":{"@id":"https:\/\/smartseal.cz\/sk\/produkt\/tarmaseal-cerveny-nater-na-renovaciu-asfaltu-vzorka\/#primaryimage"},"thumbnailUrl":"https:\/\/smartseal.cz\/sk\/wp-content\/uploads\/2023\/08\/obal_Tarmaseal_red_20l.png","datePublished":"2022-09-22T08:01:35+00:00","dateModified":"2025-08-06T13:42:33+00:00","description":"P\u0159\u00edpravek ur\u010den\u00fd k renovaci star\u00e9ho asfaltu-\u010derven\u00fd. Ekologicky \u0161etrn\u00fd","breadcrumb":{"@id":"https:\/\/smartseal.cz\/sk\/produkt\/tarmaseal-cerveny-nater-na-renovaciu-asfaltu-vzorka\/#breadcrumb"},"inLanguage":"sk-SK","potentialAction":[{"@type":"ReadAction","target":["https:\/\/smartseal.cz\/sk\/produkt\/tarmaseal-cerveny-nater-na-renovaciu-asfaltu-vzorka\/"]}]},{"@type":"ImageObject","inLanguage":"sk-SK","@id":"https:\/\/smartseal.cz\/sk\/produkt\/tarmaseal-cerveny-nater-na-renovaciu-asfaltu-vzorka\/#primaryimage","url":"https:\/\/smartseal.cz\/sk\/wp-content\/uploads\/2023\/08\/obal_Tarmaseal_red_20l.png","contentUrl":"https:\/\/smartseal.cz\/sk\/wp-content\/uploads\/2023\/08\/obal_Tarmaseal_red_20l.png","width":800,"height":800},{"@type":"BreadcrumbList","@id":"https:\/\/smartseal.cz\/sk\/produkt\/tarmaseal-cerveny-nater-na-renovaciu-asfaltu-vzorka\/#breadcrumb","itemListElement":[{"@type":"ListItem","position":1,"name":"Dom\u016f","item":"https:\/\/smartseal.cz\/sk\/"},{"@type":"ListItem","position":2,"name":"Obchod","item":"https:\/\/smartseal.cz\/sk\/obchod\/"},{"@type":"ListItem","position":3,"name":"Tarmaseal \u010derven\u00fd &#8211; n\u00e1ter na renovaciu asfaltu, vzorka"}]},{"@type":"WebSite","@id":"https:\/\/smartseal.cz\/sk\/#website","url":"https:\/\/smartseal.cz\/sk\/","name":"Smartseal Slovensko","description":"Chytr\u00e9 n\u00e1tery na v\u0161etky povrchy","potentialAction":[{"@type":"SearchAction","target":{"@type":"EntryPoint","urlTemplate":"https:\/\/smartseal.cz\/sk\/?s={search_term_string}"},"query-input":{"@type":"PropertyValueSpecification","valueRequired":true,"valueName":"search_term_string"}}],"inLanguage":"sk-SK"}]}},"_links":{"self":[{"href":"https:\/\/smartseal.cz\/sk\/wp-json\/wp\/v2\/product\/10217","targetHints":{"allow":["GET"]}}],"collection":[{"href":"https:\/\/smartseal.cz\/sk\/wp-json\/wp\/v2\/product"}],"about":[{"href":"https:\/\/smartseal.cz\/sk\/wp-json\/wp\/v2\/types\/product"}],"replies":[{"embeddable":true,"href":"https:\/\/smartseal.cz\/sk\/wp-json\/wp\/v2\/comments?post=10217"}],"wp:featuredmedia":[{"embeddable":true,"href":"https:\/\/smartseal.cz\/sk\/wp-json\/wp\/v2\/media\/12987"}],"wp:attachment":[{"href":"https:\/\/smartseal.cz\/sk\/wp-json\/wp\/v2\/media?parent=10217"}],"wp:term":[{"taxonomy":"product_brand","embeddable":true,"href":"https:\/\/smartseal.cz\/sk\/wp-json\/wp\/v2\/product_brand?post=10217"},{"taxonomy":"product_cat","embeddable":true,"href":"https:\/\/smartseal.cz\/sk\/wp-json\/wp\/v2\/product_cat?post=10217"},{"taxonomy":"product_tag","embeddable":true,"href":"https:\/\/smartseal.cz\/sk\/wp-json\/wp\/v2\/product_tag?post=10217"}],"curies":[{"name":"wp","href":"https:\/\/api.w.org\/{rel}","templated":true}]}}