{"id":10119,"date":"2022-09-21T10:45:56","date_gmt":"2022-09-21T08:45:56","guid":{"rendered":"https:\/\/smartseal.cz\/sk\/?post_type=product&#038;p=10119"},"modified":"2026-04-12T17:13:23","modified_gmt":"2026-04-12T15:13:23","slug":"impregnace-na-strechu-vzorek","status":"publish","type":"product","link":"https:\/\/smartseal.cz\/sk\/produkt\/impregnace-na-strechu-vzorek\/","title":{"rendered":"Impregnace na st\u0159echu, vzorek"},"content":{"rendered":"<h2>\u010cir\u00fd ochrann\u00fd impregna\u010dn\u00ed n\u00e1t\u011br na st\u0159e\u0161n\u00ed ta\u0161ky<\/h2>\n<p>St\u0159e\u0161n\u00ed n\u00e1t\u011br vytv\u00e1\u0159\u00ed vodoodpudivou bari\u00e9ru a chr\u00e1n\u00ed p\u0159ed op\u011btovn\u00fdm r\u016fstem mechu a \u0159as.<\/p>\n<p style=\"text-align: left;\">Smartseal Impregna\u010dn\u00ed n\u00e1t\u011br na st\u0159echy je vysoce kvalitn\u00ed, \u010dir\u00fd, bezrozpou\u0161t\u011bdlov\u00fd akryl\u00e1tov\u00fd impregna\u010dn\u00ed n\u00e1t\u011br pro betonov\u00e9, j\u00edlov\u00e9 nebo b\u0159idlicov\u00e9 st\u0159echy. Aplikace ochrann\u00e9ho prvku na st\u0159echy zm\u011bn\u00ed chemickou strukturu jak\u00e9koli st\u0159e\u0161n\u00ed ta\u0161ky a vytvo\u0159\u00ed povrch odpuzuj\u00edc\u00ed vodu. Pou\u017eit\u00ed na\u0161eho impregna\u010dn\u00edho n\u00e1t\u011bru tak\u00e9 v\u00fdrazn\u011b omez\u00ed r\u016fst \u0159as, li\u0161ejn\u00edk\u016f a mechu na povrchu st\u0159echy.<\/p>\n<p><strong>V\u00fdhody produktu<\/strong><\/p>\n<ul>\n<li>Vhodn\u00e9 pro b\u0159idlicov\u00e9, hlin\u011bn\u00e9 a betonov\u00e9 ta\u0161ky<\/li>\n<li>1 x 25 litr\u016f o\u0161et\u0159\u00ed a\u017e 125 m2 betonov\u00fdch st\u0159e\u0161n\u00edch ta\u0161ek a 200\u2013250 m2 hlin\u011bn\u00fdch a b\u0159idlicov\u00fdch st\u0159e\u0161n\u00edch ta\u0161ek<\/li>\n<li>Vysoce odoln\u00fd v\u016f\u010di vod\u011b, skvrn\u00e1m a organick\u00e9mu r\u016fstu<\/li>\n<li>Nezm\u011bn\u00ed vzhled st\u0159e\u0161n\u00ed ta\u0161ky<\/li>\n<li>Pr\u016fm\u011brn\u00e9 pokryt\u00ed 5 m2 na litr<\/li>\n<li>Aplikace st\u0159\u00edk\u00e1n\u00edm nebo \u0161t\u011btcem<\/li>\n<li>Such\u00e9 na dotyk po 2-3 hodiny<\/li>\n<li>Pln\u011b vodot\u011bsn\u00fd po 24 hodin<\/li>\n<li>\u017divotnost a\u017e 10 let<\/li>\n<li>Impregna\u010dn\u00ed n\u00e1t\u011br je bez obsahu rozpou\u0161t\u011bdel<\/li>\n<\/ul>\n<p><strong>Dostupn\u00e9 velikosti<\/strong><\/p>\n<ul>\n<li>vzorek 100ml, <a href=\"https:\/\/smartseal.cz\/sk\/produkt\/impregnacni-nater-na-strechu\/?attribute_pa_velikost-baleni=5l\">5l<\/a>, <a href=\"https:\/\/smartseal.cz\/sk\/produkt\/impregnacni-nater-na-strechu\/?attribute_pa_velikost-baleni=25l\">25l<\/a><\/li>\n<\/ul>\n<p><strong>Spot\u0159eba u vzorku (100ml)<\/strong>: Vzorkem o\u0161et\u0159\u00edte plochu <strong>maxim\u00e1ln\u011b o rozloze 0,25m2<\/strong> (0,5m x 0,5m). Jedn\u00e1 se o vzorek a je pot\u0159eba k tomu tak\u00e9 tak p\u0159istupovat. Necht\u011bjte naimpregnovat p\u0159\u00edli\u0161 velkou plochu, proto\u017ee se m\u016f\u017ee st\u00e1t, \u017ee v\u00fdrobek pak nebude spr\u00e1vn\u011b fungovat. K aplikaci pou\u017e\u00edvejte \u0161t\u011btec.<\/p>\n","protected":false},"excerpt":{"rendered":"<p>Impregna\u010dn\u00ed n\u00e1t\u011br na st\u0159echu bez rozpou\u0161t\u011bdel vytvo\u0159\u00ed vod\u011bodolnou bari\u00e9ru na povrchu st\u0159echy. Z\u00e1rove\u0148 ji chr\u00e1n\u00ed p\u0159ed r\u016fstem mechu a \u0159as.<\/p>\n","protected":false},"featured_media":13181,"comment_status":"open","ping_status":"closed","template":"","meta":[],"product_brand":[],"product_cat":[66,24,98,41],"product_tag":[],"class_list":{"0":"post-10119","1":"product","2":"type-product","3":"status-publish","4":"has-post-thumbnail","6":"product_cat-strecha","7":"product_cat-impregnacia-ochranne-natery","8":"product_cat-impregnacia-strechy","9":"product_cat-strechy","10":"pa_faze-pouziti-impregnace","11":"pa_faze-pouziti-nasledna-pece","12":"pa_velikost-baleni-vzorek-100ml","14":"first","15":"instock","16":"taxable","17":"shipping-taxable","18":"purchasable","19":"product-type-simple"},"yoast_head":"<!-- This site is optimized with the Yoast SEO Premium plugin v26.8 (Yoast SEO v26.9) - https:\/\/yoast.com\/product\/yoast-seo-premium-wordpress\/ -->\n<title>Impregnace na st\u0159echu | Smartseal.cz<\/title>\n<meta name=\"description\" content=\"Impregna\u010dn\u00ed n\u00e1t\u011br na st\u0159echu chr\u00e1n\u00ed p\u0159ed r\u016fstem mechu a \u0159as. Vytv\u00e1\u0159i vod\u011bodolnou bari\u00e9ru.\" \/>\n<meta name=\"robots\" content=\"index, follow, max-snippet:-1, max-image-preview:large, max-video-preview:-1\" \/>\n<link rel=\"canonical\" href=\"https:\/\/smartseal.cz\/sk\/produkt\/impregnace-na-strechu-vzorek\/\" \/>\n<meta property=\"og:locale\" content=\"sk_SK\" \/>\n<meta property=\"og:type\" content=\"article\" \/>\n<meta property=\"og:title\" content=\"Impregnace na st\u0159echu, vzorek\" \/>\n<meta property=\"og:description\" content=\"Impregna\u010dn\u00ed n\u00e1t\u011br na st\u0159echu chr\u00e1n\u00ed p\u0159ed r\u016fstem mechu a \u0159as. Vytv\u00e1\u0159i vod\u011bodolnou bari\u00e9ru.\" \/>\n<meta property=\"og:url\" content=\"https:\/\/smartseal.cz\/sk\/produkt\/impregnace-na-strechu-vzorek\/\" \/>\n<meta property=\"og:site_name\" content=\"Smartseal Slovensko\" \/>\n<meta property=\"article:modified_time\" content=\"2026-04-12T15:13:23+00:00\" \/>\n<meta property=\"og:image\" content=\"https:\/\/smartseal.cz\/sk\/wp-content\/uploads\/2023\/08\/vzorek_imp_strecha.png\" \/>\n\t<meta property=\"og:image:width\" content=\"800\" \/>\n\t<meta property=\"og:image:height\" content=\"800\" \/>\n\t<meta property=\"og:image:type\" content=\"image\/png\" \/>\n<meta name=\"twitter:card\" content=\"summary_large_image\" \/>\n<meta name=\"twitter:label1\" content=\"Predpokladan\u00fd \u010das \u010d\u00edtania\" \/>\n\t<meta name=\"twitter:data1\" content=\"2 min\u00faty\" \/>\n<script type=\"application\/ld+json\" class=\"yoast-schema-graph\">{\"@context\":\"https:\/\/schema.org\",\"@graph\":[{\"@type\":\"WebPage\",\"@id\":\"https:\/\/smartseal.cz\/sk\/produkt\/impregnace-na-strechu-vzorek\/\",\"url\":\"https:\/\/smartseal.cz\/sk\/produkt\/impregnace-na-strechu-vzorek\/\",\"name\":\"Impregnace na st\u0159echu | Smartseal.cz\",\"isPartOf\":{\"@id\":\"https:\/\/smartseal.cz\/sk\/#website\"},\"primaryImageOfPage\":{\"@id\":\"https:\/\/smartseal.cz\/sk\/produkt\/impregnace-na-strechu-vzorek\/#primaryimage\"},\"image\":{\"@id\":\"https:\/\/smartseal.cz\/sk\/produkt\/impregnace-na-strechu-vzorek\/#primaryimage\"},\"thumbnailUrl\":\"https:\/\/smartseal.cz\/sk\/wp-content\/uploads\/2023\/08\/vzorek_imp_strecha.png\",\"datePublished\":\"2022-09-21T08:45:56+00:00\",\"dateModified\":\"2026-04-12T15:13:23+00:00\",\"description\":\"Impregna\u010dn\u00ed n\u00e1t\u011br na st\u0159echu chr\u00e1n\u00ed p\u0159ed r\u016fstem mechu a \u0159as. Vytv\u00e1\u0159i vod\u011bodolnou bari\u00e9ru.\",\"breadcrumb\":{\"@id\":\"https:\/\/smartseal.cz\/sk\/produkt\/impregnace-na-strechu-vzorek\/#breadcrumb\"},\"inLanguage\":\"sk-SK\",\"potentialAction\":[{\"@type\":\"ReadAction\",\"target\":[\"https:\/\/smartseal.cz\/sk\/produkt\/impregnace-na-strechu-vzorek\/\"]}]},{\"@type\":\"ImageObject\",\"inLanguage\":\"sk-SK\",\"@id\":\"https:\/\/smartseal.cz\/sk\/produkt\/impregnace-na-strechu-vzorek\/#primaryimage\",\"url\":\"https:\/\/smartseal.cz\/sk\/wp-content\/uploads\/2023\/08\/vzorek_imp_strecha.png\",\"contentUrl\":\"https:\/\/smartseal.cz\/sk\/wp-content\/uploads\/2023\/08\/vzorek_imp_strecha.png\",\"width\":800,\"height\":800},{\"@type\":\"BreadcrumbList\",\"@id\":\"https:\/\/smartseal.cz\/sk\/produkt\/impregnace-na-strechu-vzorek\/#breadcrumb\",\"itemListElement\":[{\"@type\":\"ListItem\",\"position\":1,\"name\":\"Dom\u016f\",\"item\":\"https:\/\/smartseal.cz\/sk\/\"},{\"@type\":\"ListItem\",\"position\":2,\"name\":\"Obchod\",\"item\":\"https:\/\/smartseal.cz\/sk\/obchod\/\"},{\"@type\":\"ListItem\",\"position\":3,\"name\":\"Impregnace na st\u0159echu, vzorek\"}]},{\"@type\":\"WebSite\",\"@id\":\"https:\/\/smartseal.cz\/sk\/#website\",\"url\":\"https:\/\/smartseal.cz\/sk\/\",\"name\":\"Smartseal Slovensko\",\"description\":\"Chytr\u00e9 n\u00e1tery na v\u0161etky povrchy\",\"potentialAction\":[{\"@type\":\"SearchAction\",\"target\":{\"@type\":\"EntryPoint\",\"urlTemplate\":\"https:\/\/smartseal.cz\/sk\/?s={search_term_string}\"},\"query-input\":{\"@type\":\"PropertyValueSpecification\",\"valueRequired\":true,\"valueName\":\"search_term_string\"}}],\"inLanguage\":\"sk-SK\"}]}<\/script>\n<!-- \/ Yoast SEO Premium plugin. -->","yoast_head_json":{"title":"Impregnace na st\u0159echu | Smartseal.cz","description":"Impregna\u010dn\u00ed n\u00e1t\u011br na st\u0159echu chr\u00e1n\u00ed p\u0159ed r\u016fstem mechu a \u0159as. Vytv\u00e1\u0159i vod\u011bodolnou bari\u00e9ru.","robots":{"index":"index","follow":"follow","max-snippet":"max-snippet:-1","max-image-preview":"max-image-preview:large","max-video-preview":"max-video-preview:-1"},"canonical":"https:\/\/smartseal.cz\/sk\/produkt\/impregnace-na-strechu-vzorek\/","og_locale":"sk_SK","og_type":"article","og_title":"Impregnace na st\u0159echu, vzorek","og_description":"Impregna\u010dn\u00ed n\u00e1t\u011br na st\u0159echu chr\u00e1n\u00ed p\u0159ed r\u016fstem mechu a \u0159as. Vytv\u00e1\u0159i vod\u011bodolnou bari\u00e9ru.","og_url":"https:\/\/smartseal.cz\/sk\/produkt\/impregnace-na-strechu-vzorek\/","og_site_name":"Smartseal Slovensko","article_modified_time":"2026-04-12T15:13:23+00:00","og_image":[{"width":800,"height":800,"url":"https:\/\/smartseal.cz\/sk\/wp-content\/uploads\/2023\/08\/vzorek_imp_strecha.png","type":"image\/png"}],"twitter_card":"summary_large_image","twitter_misc":{"Predpokladan\u00fd \u010das \u010d\u00edtania":"2 min\u00faty"},"schema":{"@context":"https:\/\/schema.org","@graph":[{"@type":"WebPage","@id":"https:\/\/smartseal.cz\/sk\/produkt\/impregnace-na-strechu-vzorek\/","url":"https:\/\/smartseal.cz\/sk\/produkt\/impregnace-na-strechu-vzorek\/","name":"Impregnace na st\u0159echu | Smartseal.cz","isPartOf":{"@id":"https:\/\/smartseal.cz\/sk\/#website"},"primaryImageOfPage":{"@id":"https:\/\/smartseal.cz\/sk\/produkt\/impregnace-na-strechu-vzorek\/#primaryimage"},"image":{"@id":"https:\/\/smartseal.cz\/sk\/produkt\/impregnace-na-strechu-vzorek\/#primaryimage"},"thumbnailUrl":"https:\/\/smartseal.cz\/sk\/wp-content\/uploads\/2023\/08\/vzorek_imp_strecha.png","datePublished":"2022-09-21T08:45:56+00:00","dateModified":"2026-04-12T15:13:23+00:00","description":"Impregna\u010dn\u00ed n\u00e1t\u011br na st\u0159echu chr\u00e1n\u00ed p\u0159ed r\u016fstem mechu a \u0159as. Vytv\u00e1\u0159i vod\u011bodolnou bari\u00e9ru.","breadcrumb":{"@id":"https:\/\/smartseal.cz\/sk\/produkt\/impregnace-na-strechu-vzorek\/#breadcrumb"},"inLanguage":"sk-SK","potentialAction":[{"@type":"ReadAction","target":["https:\/\/smartseal.cz\/sk\/produkt\/impregnace-na-strechu-vzorek\/"]}]},{"@type":"ImageObject","inLanguage":"sk-SK","@id":"https:\/\/smartseal.cz\/sk\/produkt\/impregnace-na-strechu-vzorek\/#primaryimage","url":"https:\/\/smartseal.cz\/sk\/wp-content\/uploads\/2023\/08\/vzorek_imp_strecha.png","contentUrl":"https:\/\/smartseal.cz\/sk\/wp-content\/uploads\/2023\/08\/vzorek_imp_strecha.png","width":800,"height":800},{"@type":"BreadcrumbList","@id":"https:\/\/smartseal.cz\/sk\/produkt\/impregnace-na-strechu-vzorek\/#breadcrumb","itemListElement":[{"@type":"ListItem","position":1,"name":"Dom\u016f","item":"https:\/\/smartseal.cz\/sk\/"},{"@type":"ListItem","position":2,"name":"Obchod","item":"https:\/\/smartseal.cz\/sk\/obchod\/"},{"@type":"ListItem","position":3,"name":"Impregnace na st\u0159echu, vzorek"}]},{"@type":"WebSite","@id":"https:\/\/smartseal.cz\/sk\/#website","url":"https:\/\/smartseal.cz\/sk\/","name":"Smartseal Slovensko","description":"Chytr\u00e9 n\u00e1tery na v\u0161etky povrchy","potentialAction":[{"@type":"SearchAction","target":{"@type":"EntryPoint","urlTemplate":"https:\/\/smartseal.cz\/sk\/?s={search_term_string}"},"query-input":{"@type":"PropertyValueSpecification","valueRequired":true,"valueName":"search_term_string"}}],"inLanguage":"sk-SK"}]}},"_links":{"self":[{"href":"https:\/\/smartseal.cz\/sk\/wp-json\/wp\/v2\/product\/10119","targetHints":{"allow":["GET"]}}],"collection":[{"href":"https:\/\/smartseal.cz\/sk\/wp-json\/wp\/v2\/product"}],"about":[{"href":"https:\/\/smartseal.cz\/sk\/wp-json\/wp\/v2\/types\/product"}],"replies":[{"embeddable":true,"href":"https:\/\/smartseal.cz\/sk\/wp-json\/wp\/v2\/comments?post=10119"}],"wp:featuredmedia":[{"embeddable":true,"href":"https:\/\/smartseal.cz\/sk\/wp-json\/wp\/v2\/media\/13181"}],"wp:attachment":[{"href":"https:\/\/smartseal.cz\/sk\/wp-json\/wp\/v2\/media?parent=10119"}],"wp:term":[{"taxonomy":"product_brand","embeddable":true,"href":"https:\/\/smartseal.cz\/sk\/wp-json\/wp\/v2\/product_brand?post=10119"},{"taxonomy":"product_cat","embeddable":true,"href":"https:\/\/smartseal.cz\/sk\/wp-json\/wp\/v2\/product_cat?post=10119"},{"taxonomy":"product_tag","embeddable":true,"href":"https:\/\/smartseal.cz\/sk\/wp-json\/wp\/v2\/product_tag?post=10119"}],"curies":[{"name":"wp","href":"https:\/\/api.w.org\/{rel}","templated":true}]}}