{"id":10100,"date":"2022-09-21T08:55:21","date_gmt":"2022-09-21T06:55:21","guid":{"rendered":"https:\/\/smartseal.cz\/sk\/?post_type=product&#038;p=10100"},"modified":"2026-04-02T16:17:33","modified_gmt":"2026-04-02T14:17:33","slug":"xtreme-cistic-strech-vzorek","status":"publish","type":"product","link":"https:\/\/smartseal.cz\/sk\/produkt\/xtreme-cistic-strech-vzorek\/","title":{"rendered":"Xtreme &#8211; \u010disti\u010d striech, vzorka"},"content":{"rendered":"<h2>P\u0159\u00edpravek Xtreme &#8211; \u010disti\u010d striech<\/h2>\n<p>Xtreme je rychl\u00fd a vysoce \u00fa\u010dinn\u00fd \u010distic\u00ed prost\u0159edek na betonov\u00e9\u00a0 a b\u0159idlicov\u00e9 st\u0159e\u0161n\u00ed ta\u0161ky. Umo\u017e\u0148uje \u010di\u0161t\u011bn\u00ed st\u0159echy bez intenzivn\u00edho tlakov\u00e9ho um\u00fdv\u00e1n\u00ed. Rychle odstran\u00ed v\u011bt\u0161inu typ\u016f organick\u00e9ho porostu z jak\u00e9hokoliv druhu st\u0159e\u0161n\u00edch ta\u0161ek v\u010detn\u011b j\u00edl\u016f, ani\u017e by hrozilo po\u0161kozen\u00ed st\u0159echy. Nejlep\u0161\u00edch v\u00fdsledk\u016f dos\u00e1hnete nez\u0159ed\u011bn\u00edm produktu. Pokud je zne\u010di\u0161t\u011bn\u00ed m\u00edrn\u00e9, m\u016f\u017eete produkt na\u0159edit 1: 1. K aplikaci je vhodn\u00e9 pou\u017e\u00edt post\u0159ikova\u010d.\u00a0 P\u0159ibli\u017en\u011b po 60. minut\u00e1ch sta\u010d\u00ed st\u0159echu opl\u00e1chnout. V m\u00edstech, kde je kontaminace ne\u010distot vy\u0161\u0161\u00ed, ponechte v\u00fdrobek p\u016fsobit del\u0161\u00ed dobu nebo postup opakujte.<\/p>\n<p>V\u00fdrobek Xtreme \u2013 \u010disti\u010d st\u0159ech kombinuje 4 \u00fa\u010dinn\u00e9 \u010distic\u00ed p\u0159\u00edsady a br\u00e1n\u00ed dal\u0161\u00edmu r\u016fstu mech\u016f a \u0159as.<\/p>\n<p><strong>Pom\u00e1h\u00e1 odstranit<\/strong><\/p>\n<ul>\n<li>\u010cern\u00e9 a b\u00edl\u00e9 skvrny<\/li>\n<li>\u0158asy a li\u0161ejn\u00edky<\/li>\n<li>Mechy<\/li>\n<li>Povrchovou \u0161p\u00ednu<\/li>\n<\/ul>\n<p><strong>Doporu\u010den\u00e1 spot\u0159eba<\/strong><\/p>\n<ul>\n<li>5l\/40m2 (\u0159ed\u011bn\u00ed 1:1), ne\u0159ed\u011bn\u00fd 5l\/20m2<\/li>\n<li>25l\/200m2<\/li>\n<\/ul>\n<p>P\u0159i pr\u00e1ci pou\u017e\u00edvejte vhodn\u00e9 ochrann\u00e9 oble\u010den\u00ed a <a href=\"https:\/\/smartseal.cz\/sk\/obchod\/sada-ochrannych-pomucek\/\">pom\u016fcky<\/a>.<\/p>\n<p><strong>Dostupn\u00e9 velikosti<\/strong><\/p>\n<ul>\n<li><a href=\"https:\/\/smartseal.cz\/sk\/produkt\/xtreme-cistic-strech-vzorek\/\">vzorek 100ml<\/a>, 5l, <a href=\"https:\/\/smartseal.cz\/sk\/produkt\/xtreme-cistic-strech\/\">25l<\/a><\/li>\n<\/ul>\n<p><strong>Spot\u0159eba u vzorku (100ml)<\/strong>: Vzorek na\u0159e\u010fte 1:1, takto vznikl\u00fdm roztokem vy\u010dist\u00edte plochu <strong>maxim\u00e1ln\u011b o rozloze 0,16m2<\/strong> (0,4m x 0,4m). Jedn\u00e1 se o vzorek a je pot\u0159eba k tomu tak\u00e9 tak p\u0159istupovat. Necht\u011bjte vy\u010distit p\u0159\u00edli\u0161 velkou plochu, proto\u017ee se m\u016f\u017ee st\u00e1t, \u017ee v\u00fdrobek pak nebude spr\u00e1vn\u011b fungovat. K aplikaci pou\u017e\u00edvejte \u0161t\u011btec nebo ru\u010dn\u00ed post\u0159ikova\u010d.<\/p>\n<h3>Technick\u00fd popis p\u0159\u00edpravku Xtreme &#8211; \u010disti\u010d st\u0159ech<\/h3>\n<p><strong>Aplikace<\/strong><\/p>\n<ol>\n<li>P\u0159ed pou\u017eit\u00edm p\u0159\u00edpravku odstra\u0148te ve\u0161ker\u00e9 voln\u00e9 ne\u010distoty nebo siln\u00e9 vrstvy mechu.<\/li>\n<li>Pomoc\u00ed post\u0159ikova\u010de aplikujte \u0159ed\u011bn\u00fd nebo ne\u0159ed\u011bn\u00fd p\u0159\u00edpravek. Je pot\u0159eba, aby bylo poznat, \u017ee je na st\u0159e\u0161e vrstva p\u0159\u00edpravku. Nesta\u010d\u00ed nan\u00e9st pouze popra\u0161ek.<\/li>\n<li>Nechte p\u016fsobit p\u0159ibli\u017en\u011b 60. minut a pot\u00e9 opl\u00e1chn\u011bte vodou. Nen\u00ed nutn\u00e9 pou\u017e\u00edt tlakov\u00e9 myt\u00ed.<\/li>\n<li>Vyhn\u011bte se aplikaci, pokud je st\u0159echa p\u0159\u00edli\u0161 rozp\u00e1len\u00e1.<\/li>\n<\/ol>\n<p>Upozorn\u011bn\u00ed: P\u0159\u00edpravek m\u00e1 oxida\u010dn\u00ed \u00fa\u010dinky. Pokud se dostane na olovo nebo jin\u00e9 plechov\u00e9 materi\u00e1ly m\u016f\u017ee ho do\u010dasn\u011b zabarvit, jestli\u017ee nen\u00ed v\u00fdrobek rychle opl\u00e1chnut.<\/p>\n<p><strong>Zdrav\u00ed a bezpe\u010dnost<\/strong><\/p>\n<p>V\u00fdrobek Xtreme obsahuje chlor jako aktivn\u00ed slo\u017eku a m\u016f\u017ee zbarvit oble\u010den\u00ed. Dbejte tedy na to, aby b\u011bhem aplikace nedo\u0161lo ke kontaktu s\u00a0oble\u010den\u00edm. Toxick\u00fd pro vodn\u00ed organismy, v\u017edy pou\u017e\u00edvejte ochrann\u00e9 rukavice a br\u00fdle. P\u0159\u00edpravek m\u016f\u017ee zp\u016fsobit polept\u00e1n\u00ed k\u016f\u017ee. Vyh\u00fdbejte se kontaktu s\u00a0o\u010dima a udr\u017eujte mimo dosah d\u011bt\u00ed.<\/p>\n<ul>\n<li>toxick\u00fd pro vodn\u00ed organismy<\/li>\n<li>v\u017edy pou\u017e\u00edvejte ochrann\u00e9 rukavice a br\u00fdle<\/li>\n<li>udr\u017eujte zv\u00ed\u0159ata mimo o\u0161et\u0159ovan\u00fd povrch, pokud je mokr\u00fd<\/li>\n<li>uchov\u00e1vejte mimo dosah d\u011bt\u00ed<\/li>\n<\/ul>\n<h3>Bezpe\u010dnostn\u00ed list<\/h3>\n<p><a href=\"https:\/\/smartseal.cz\/sk\/wp-content\/uploads\/sites\/2\/2021\/08\/BL_SMARTSEAL-XTREME60-CZ_CLP_2021-kopie.pdf\">Bezpe\u010dnostn\u00ed list Xtreme &#8211; \u010disti\u010d st\u0159ech v PDF<\/a><\/p>\n","protected":false},"excerpt":{"rendered":"<p>Xtreme je vysoko \u00fa\u010dinn\u00fd \u010distiaci prostriedok, ktor\u00fd v\u00e1m umo\u017en\u00ed vy\u010disti\u0165 strechu bez tlakov\u00e9ho um\u00fdvania. \u00da\u010dinne odstra\u0148uje mach a li\u0161ajn\u00edky.<\/p>\n","protected":false},"featured_media":13183,"comment_status":"open","ping_status":"closed","template":"","meta":[],"product_brand":[],"product_cat":[66,23,50,41],"product_tag":[90],"class_list":{"0":"post-10100","1":"product","2":"type-product","3":"status-publish","4":"has-post-thumbnail","6":"product_cat-strecha","7":"product_cat-cistiace-odstranovace","8":"product_cat-xtreme-univerzalne-cistice-povrchov","9":"product_cat-strechy","10":"product_tag-vzorek","11":"pa_faze-pouziti-cisteni","12":"pa_velikost-baleni-vzorek-100ml","14":"first","15":"instock","16":"taxable","17":"shipping-taxable","18":"purchasable","19":"product-type-simple"},"yoast_head":"<!-- This site is optimized with the Yoast SEO Premium plugin v26.8 (Yoast SEO v26.9) - https:\/\/yoast.com\/product\/yoast-seo-premium-wordpress\/ -->\n<title>Xtreme - \u010disti\u010d striech | Smartseal SK<\/title>\n<meta name=\"description\" content=\"Xtreme je r\u00fdchly a vysoko \u00fa\u010dinn\u00fd \u010distiaci prostriedok, ktor\u00fd v\u00e1m umo\u017en\u00ed vy\u010disti\u0165 strechu bez tlakov\u00e9ho um\u00fdvania. \u00da\u010dinne odstra\u0148uje mach a li\u0161ajn\u00edky.\" \/>\n<meta name=\"robots\" content=\"index, follow, max-snippet:-1, max-image-preview:large, max-video-preview:-1\" \/>\n<link rel=\"canonical\" href=\"https:\/\/smartseal.cz\/sk\/produkt\/xtreme-cistic-strech-vzorek\/\" \/>\n<meta property=\"og:locale\" content=\"sk_SK\" \/>\n<meta property=\"og:type\" content=\"article\" \/>\n<meta property=\"og:title\" content=\"Xtreme - \u010disti\u010d striech, vzorka\" \/>\n<meta property=\"og:description\" content=\"Xtreme je r\u00fdchly a vysoko \u00fa\u010dinn\u00fd \u010distiaci prostriedok, ktor\u00fd v\u00e1m umo\u017en\u00ed vy\u010disti\u0165 strechu bez tlakov\u00e9ho um\u00fdvania. \u00da\u010dinne odstra\u0148uje mach a li\u0161ajn\u00edky.\" \/>\n<meta property=\"og:url\" content=\"https:\/\/smartseal.cz\/sk\/produkt\/xtreme-cistic-strech-vzorek\/\" \/>\n<meta property=\"og:site_name\" content=\"Smartseal Slovensko\" \/>\n<meta property=\"article:modified_time\" content=\"2026-04-02T14:17:33+00:00\" \/>\n<meta property=\"og:image\" content=\"https:\/\/smartseal.cz\/sk\/wp-content\/uploads\/2023\/08\/vzorek_xtrene_strechy.png\" \/>\n\t<meta property=\"og:image:width\" content=\"800\" \/>\n\t<meta property=\"og:image:height\" content=\"800\" \/>\n\t<meta property=\"og:image:type\" content=\"image\/png\" \/>\n<meta name=\"twitter:card\" content=\"summary_large_image\" \/>\n<meta name=\"twitter:label1\" content=\"Predpokladan\u00fd \u010das \u010d\u00edtania\" \/>\n\t<meta name=\"twitter:data1\" content=\"3 min\u00faty\" \/>\n<script type=\"application\/ld+json\" class=\"yoast-schema-graph\">{\"@context\":\"https:\/\/schema.org\",\"@graph\":[{\"@type\":\"WebPage\",\"@id\":\"https:\/\/smartseal.cz\/sk\/produkt\/xtreme-cistic-strech-vzorek\/\",\"url\":\"https:\/\/smartseal.cz\/sk\/produkt\/xtreme-cistic-strech-vzorek\/\",\"name\":\"Xtreme - \u010disti\u010d striech | Smartseal SK\",\"isPartOf\":{\"@id\":\"https:\/\/smartseal.cz\/sk\/#website\"},\"primaryImageOfPage\":{\"@id\":\"https:\/\/smartseal.cz\/sk\/produkt\/xtreme-cistic-strech-vzorek\/#primaryimage\"},\"image\":{\"@id\":\"https:\/\/smartseal.cz\/sk\/produkt\/xtreme-cistic-strech-vzorek\/#primaryimage\"},\"thumbnailUrl\":\"https:\/\/smartseal.cz\/sk\/wp-content\/uploads\/2023\/08\/vzorek_xtrene_strechy.png\",\"datePublished\":\"2022-09-21T06:55:21+00:00\",\"dateModified\":\"2026-04-02T14:17:33+00:00\",\"description\":\"Xtreme je r\u00fdchly a vysoko \u00fa\u010dinn\u00fd \u010distiaci prostriedok, ktor\u00fd v\u00e1m umo\u017en\u00ed vy\u010disti\u0165 strechu bez tlakov\u00e9ho um\u00fdvania. \u00da\u010dinne odstra\u0148uje mach a li\u0161ajn\u00edky.\",\"breadcrumb\":{\"@id\":\"https:\/\/smartseal.cz\/sk\/produkt\/xtreme-cistic-strech-vzorek\/#breadcrumb\"},\"inLanguage\":\"sk-SK\",\"potentialAction\":[{\"@type\":\"ReadAction\",\"target\":[\"https:\/\/smartseal.cz\/sk\/produkt\/xtreme-cistic-strech-vzorek\/\"]}]},{\"@type\":\"ImageObject\",\"inLanguage\":\"sk-SK\",\"@id\":\"https:\/\/smartseal.cz\/sk\/produkt\/xtreme-cistic-strech-vzorek\/#primaryimage\",\"url\":\"https:\/\/smartseal.cz\/sk\/wp-content\/uploads\/2023\/08\/vzorek_xtrene_strechy.png\",\"contentUrl\":\"https:\/\/smartseal.cz\/sk\/wp-content\/uploads\/2023\/08\/vzorek_xtrene_strechy.png\",\"width\":800,\"height\":800},{\"@type\":\"BreadcrumbList\",\"@id\":\"https:\/\/smartseal.cz\/sk\/produkt\/xtreme-cistic-strech-vzorek\/#breadcrumb\",\"itemListElement\":[{\"@type\":\"ListItem\",\"position\":1,\"name\":\"Dom\u016f\",\"item\":\"https:\/\/smartseal.cz\/sk\/\"},{\"@type\":\"ListItem\",\"position\":2,\"name\":\"Obchod\",\"item\":\"https:\/\/smartseal.cz\/sk\/obchod\/\"},{\"@type\":\"ListItem\",\"position\":3,\"name\":\"Xtreme &#8211; \u010disti\u010d striech, vzorka\"}]},{\"@type\":\"WebSite\",\"@id\":\"https:\/\/smartseal.cz\/sk\/#website\",\"url\":\"https:\/\/smartseal.cz\/sk\/\",\"name\":\"Smartseal Slovensko\",\"description\":\"Chytr\u00e9 n\u00e1tery na v\u0161etky povrchy\",\"potentialAction\":[{\"@type\":\"SearchAction\",\"target\":{\"@type\":\"EntryPoint\",\"urlTemplate\":\"https:\/\/smartseal.cz\/sk\/?s={search_term_string}\"},\"query-input\":{\"@type\":\"PropertyValueSpecification\",\"valueRequired\":true,\"valueName\":\"search_term_string\"}}],\"inLanguage\":\"sk-SK\"}]}<\/script>\n<!-- \/ Yoast SEO Premium plugin. -->","yoast_head_json":{"title":"Xtreme - \u010disti\u010d striech | Smartseal SK","description":"Xtreme je r\u00fdchly a vysoko \u00fa\u010dinn\u00fd \u010distiaci prostriedok, ktor\u00fd v\u00e1m umo\u017en\u00ed vy\u010disti\u0165 strechu bez tlakov\u00e9ho um\u00fdvania. \u00da\u010dinne odstra\u0148uje mach a li\u0161ajn\u00edky.","robots":{"index":"index","follow":"follow","max-snippet":"max-snippet:-1","max-image-preview":"max-image-preview:large","max-video-preview":"max-video-preview:-1"},"canonical":"https:\/\/smartseal.cz\/sk\/produkt\/xtreme-cistic-strech-vzorek\/","og_locale":"sk_SK","og_type":"article","og_title":"Xtreme - \u010disti\u010d striech, vzorka","og_description":"Xtreme je r\u00fdchly a vysoko \u00fa\u010dinn\u00fd \u010distiaci prostriedok, ktor\u00fd v\u00e1m umo\u017en\u00ed vy\u010disti\u0165 strechu bez tlakov\u00e9ho um\u00fdvania. \u00da\u010dinne odstra\u0148uje mach a li\u0161ajn\u00edky.","og_url":"https:\/\/smartseal.cz\/sk\/produkt\/xtreme-cistic-strech-vzorek\/","og_site_name":"Smartseal Slovensko","article_modified_time":"2026-04-02T14:17:33+00:00","og_image":[{"width":800,"height":800,"url":"https:\/\/smartseal.cz\/sk\/wp-content\/uploads\/2023\/08\/vzorek_xtrene_strechy.png","type":"image\/png"}],"twitter_card":"summary_large_image","twitter_misc":{"Predpokladan\u00fd \u010das \u010d\u00edtania":"3 min\u00faty"},"schema":{"@context":"https:\/\/schema.org","@graph":[{"@type":"WebPage","@id":"https:\/\/smartseal.cz\/sk\/produkt\/xtreme-cistic-strech-vzorek\/","url":"https:\/\/smartseal.cz\/sk\/produkt\/xtreme-cistic-strech-vzorek\/","name":"Xtreme - \u010disti\u010d striech | Smartseal SK","isPartOf":{"@id":"https:\/\/smartseal.cz\/sk\/#website"},"primaryImageOfPage":{"@id":"https:\/\/smartseal.cz\/sk\/produkt\/xtreme-cistic-strech-vzorek\/#primaryimage"},"image":{"@id":"https:\/\/smartseal.cz\/sk\/produkt\/xtreme-cistic-strech-vzorek\/#primaryimage"},"thumbnailUrl":"https:\/\/smartseal.cz\/sk\/wp-content\/uploads\/2023\/08\/vzorek_xtrene_strechy.png","datePublished":"2022-09-21T06:55:21+00:00","dateModified":"2026-04-02T14:17:33+00:00","description":"Xtreme je r\u00fdchly a vysoko \u00fa\u010dinn\u00fd \u010distiaci prostriedok, ktor\u00fd v\u00e1m umo\u017en\u00ed vy\u010disti\u0165 strechu bez tlakov\u00e9ho um\u00fdvania. \u00da\u010dinne odstra\u0148uje mach a li\u0161ajn\u00edky.","breadcrumb":{"@id":"https:\/\/smartseal.cz\/sk\/produkt\/xtreme-cistic-strech-vzorek\/#breadcrumb"},"inLanguage":"sk-SK","potentialAction":[{"@type":"ReadAction","target":["https:\/\/smartseal.cz\/sk\/produkt\/xtreme-cistic-strech-vzorek\/"]}]},{"@type":"ImageObject","inLanguage":"sk-SK","@id":"https:\/\/smartseal.cz\/sk\/produkt\/xtreme-cistic-strech-vzorek\/#primaryimage","url":"https:\/\/smartseal.cz\/sk\/wp-content\/uploads\/2023\/08\/vzorek_xtrene_strechy.png","contentUrl":"https:\/\/smartseal.cz\/sk\/wp-content\/uploads\/2023\/08\/vzorek_xtrene_strechy.png","width":800,"height":800},{"@type":"BreadcrumbList","@id":"https:\/\/smartseal.cz\/sk\/produkt\/xtreme-cistic-strech-vzorek\/#breadcrumb","itemListElement":[{"@type":"ListItem","position":1,"name":"Dom\u016f","item":"https:\/\/smartseal.cz\/sk\/"},{"@type":"ListItem","position":2,"name":"Obchod","item":"https:\/\/smartseal.cz\/sk\/obchod\/"},{"@type":"ListItem","position":3,"name":"Xtreme &#8211; \u010disti\u010d striech, vzorka"}]},{"@type":"WebSite","@id":"https:\/\/smartseal.cz\/sk\/#website","url":"https:\/\/smartseal.cz\/sk\/","name":"Smartseal Slovensko","description":"Chytr\u00e9 n\u00e1tery na v\u0161etky povrchy","potentialAction":[{"@type":"SearchAction","target":{"@type":"EntryPoint","urlTemplate":"https:\/\/smartseal.cz\/sk\/?s={search_term_string}"},"query-input":{"@type":"PropertyValueSpecification","valueRequired":true,"valueName":"search_term_string"}}],"inLanguage":"sk-SK"}]}},"_links":{"self":[{"href":"https:\/\/smartseal.cz\/sk\/wp-json\/wp\/v2\/product\/10100","targetHints":{"allow":["GET"]}}],"collection":[{"href":"https:\/\/smartseal.cz\/sk\/wp-json\/wp\/v2\/product"}],"about":[{"href":"https:\/\/smartseal.cz\/sk\/wp-json\/wp\/v2\/types\/product"}],"replies":[{"embeddable":true,"href":"https:\/\/smartseal.cz\/sk\/wp-json\/wp\/v2\/comments?post=10100"}],"wp:featuredmedia":[{"embeddable":true,"href":"https:\/\/smartseal.cz\/sk\/wp-json\/wp\/v2\/media\/13183"}],"wp:attachment":[{"href":"https:\/\/smartseal.cz\/sk\/wp-json\/wp\/v2\/media?parent=10100"}],"wp:term":[{"taxonomy":"product_brand","embeddable":true,"href":"https:\/\/smartseal.cz\/sk\/wp-json\/wp\/v2\/product_brand?post=10100"},{"taxonomy":"product_cat","embeddable":true,"href":"https:\/\/smartseal.cz\/sk\/wp-json\/wp\/v2\/product_cat?post=10100"},{"taxonomy":"product_tag","embeddable":true,"href":"https:\/\/smartseal.cz\/sk\/wp-json\/wp\/v2\/product_tag?post=10100"}],"curies":[{"name":"wp","href":"https:\/\/api.w.org\/{rel}","templated":true}]}}