{"id":10031,"date":"2022-09-20T14:33:51","date_gmt":"2022-09-20T12:33:51","guid":{"rendered":"https:\/\/smartseal.cz\/sk\/?post_type=product&#038;p=10031"},"modified":"2026-04-01T09:33:57","modified_gmt":"2026-04-01T07:33:57","slug":"xtreme-cistic-na-kamen-vzorek","status":"publish","type":"product","link":"https:\/\/smartseal.cz\/sk\/produkt\/xtreme-cistic-na-kamen-vzorek\/","title":{"rendered":"Xtreme &#8211; \u010disti\u010d kame\u0148a, vzorka"},"content":{"rendered":"<h2>P\u0159\u00edpravek Xtreme &#8211; \u010disti\u010d na k\u00e1men<\/h2>\n<p><strong>* NEDOPORU\u010cUJEME POU\u017d\u00cdVAT NA ASFALT<\/strong><\/p>\n<p>Xtreme je rychl\u00fd a vysoce \u00fa\u010dinn\u00fd \u010distic\u00ed prost\u0159edek, kter\u00fd nab\u00edz\u00ed snadn\u00fd zp\u016fsob, jak udr\u017eet z\u00e1mkovou dla\u017ebu nebo jakoukoli jinou p\u0159\u00edjezdovou plochu \u010distou bez intenzivn\u00edho um\u00fdv\u00e1n\u00ed. Na\u0159e\u010fte 1(Xtreme):1 (voda) a aplikujte na vlhk\u00fd povrch zahradn\u00edm post\u0159ikova\u010dem. P\u0159\u00edpravek nechte na povrchu p\u016fsobit po dobu 60 minut. Pot\u00e9 opl\u00e1chn\u011bte \u010distou vodou. Pokud je plocha v\u00edce zne\u010di\u0161t\u011bn\u00e1 nechte ne\u0159ed\u011bn\u00fd Xtreme p\u016fsobit del\u0161\u00ed dobu nebo opakujte postup znovu.<\/p>\n<p>Xtreme \u2013 \u010disti\u010d na k\u00e1men obsahuje 4 \u00fa\u010dinn\u00e9 slo\u017eky, kter\u00e9 vy\u010dist\u00ed a potla\u010d\u00ed dal\u0161\u00ed r\u016fst a \u0161\u00ed\u0159en\u00ed:<\/p>\n<ul>\n<li>\u010cern\u00fdch skvrn<\/li>\n<li>\u0158as a li\u0161ejn\u00edk\u016f<\/li>\n<li>Mechu<\/li>\n<li>Povrchovou \u0161p\u00ednu<\/li>\n<\/ul>\n<p>5 litr\u016f v\u00fdrobku vy\u010dist\u00ed a o\u0161et\u0159\u00ed p\u0159ibli\u017en\u011b 40 m\u00b2 z\u00e1mkov\u00e9 dla\u017eby, 25 litr\u016f pokryje 200 m\u00b2. P\u0159i pr\u00e1ci pou\u017e\u00edvejte vhodn\u00e9 ochrann\u00e9 oble\u010den\u00ed a <a href=\"https:\/\/smartseal.cz\/sk\/obchod\/sada-ochrannych-pomucek\/\">pom\u016fcky<\/a>.<\/p>\n<p><strong>Dostupn\u00e9 velikosti<\/strong><\/p>\n<p>vzorek 100ml, <a href=\"https:\/\/smartseal.cz\/sk\/produkt\/xtreme-cistic-na-kamen-5l\/\">5l<\/a>, <a href=\"https:\/\/smartseal.cz\/sk\/produkt\/xtreme-cistic-na-kamen\/#\">25l<\/a><\/p>\n<p><strong>Spot\u0159eba u vzorku (100ml)<\/strong>: Vzorkem vy\u010dist\u00edte plochu <strong>maxim\u00e1ln\u011b o rozloze 0,16m2<\/strong> (0,4m x 0,4m). Jedn\u00e1 se o vzorek a je pot\u0159eba k tomu tak\u00e9 tak p\u0159istupovat. Necht\u011bjte vy\u010distit p\u0159\u00edli\u0161 velkou plochu, proto\u017ee se m\u016f\u017ee st\u00e1t, \u017ee v\u00fdrobek pak nebude spr\u00e1vn\u011b fungovat. K aplikaci pou\u017e\u00edvejte \u0161t\u011btec nebo ru\u010dn\u00ed post\u0159ikova\u010d.<\/p>\n<h3>Technick\u00fd popis &#8211; Xtreme &#8211; \u010disti\u010d na k\u00e1men<\/h3>\n<p><strong>Aplikace<\/strong><\/p>\n<ol>\n<li>Ujist\u011bte se, \u017ee dla\u017eba je p\u0159ed nanesen\u00edm p\u0159\u00edpravku zameten\u00e1 a nez\u016fstaly na n\u00ed \u017e\u00e1dn\u00e9 voln\u00e9 kusy ne\u010distot.<\/li>\n<li>Pot\u00e9 povrch lehce navlh\u010dete vodou (p\u0159\u00edli\u0161 mnoho vody sn\u00ed\u017e\u00ed \u00fa\u010dinnost produktu), pokud je dla\u017eba rozp\u00e1len\u00e1. V podm\u00ednk\u00e1ch, kdy je dla\u017eba m\u00edrn\u011b vlhk\u00e1 nap\u0159. po rann\u00ed rose, nen\u00ed pot\u0159eba povrch vlh\u010dit.<\/li>\n<li>Z\u0159e\u010fte produkt v pom\u011bru 1: 1. Pokud odstra\u0148ujete <strong>\u010dern\u00e9 skvrny nebo velmi za\u017eranou \u0161p\u00ednu<\/strong>, p\u0159\u00edpravek <strong>ne\u0159e\u010fte<\/strong>.<\/li>\n<li>Aplikujte pomoc\u00ed zahradn\u00edho post\u0159ikova\u010de.<\/li>\n<li>Nechte p\u016fsobit 60 minut. Dbejte na to, aby plocha po dobu p\u016fsoben\u00ed produktu nevyschla (lehk\u00fd vodn\u00ed popra\u0161ek).<\/li>\n<li>Opl\u00e1chn\u011bte \u010distou vodou<\/li>\n<\/ol>\n<p>Je d\u016fle\u017eit\u00e9, aby dla\u017eba z\u016fstala vlhk\u00e1 po dobu 60 minut, proto\u017ee produkt se v such\u00e9m prost\u0159ed\u00ed neaktivuje. Toto nast\u00e1v\u00e1, pokud je okoln\u00ed teplota hodn\u011b vysok\u00e1 a na plochu sv\u00edt\u00ed p\u0159\u00edm\u00e9 slunce. V\u011bt\u0161ina hluboce zako\u0159en\u011bn\u00fdch organick\u00fdch l\u00e1tek a ne\u010distot bude odstran\u011bna po jedn\u00e9 aplikaci, n\u011bkdy m\u016f\u017ee b\u00fdt zapot\u0159eb\u00ed postup opakovat, aby do\u0161lo k odstran\u011bn\u00ed v\u0161ech \u010dern\u00fdch a b\u00edl\u00fdch skvrn.<\/p>\n<p><strong>Zdrav\u00ed a bezpe\u010dnost<\/strong><\/p>\n<p>V\u00fdrobek Xtreme \u2013 \u010disti\u010d dla\u017eby obsahuje chlor jako aktivn\u00ed slo\u017eku a m\u016f\u017ee zbarvit oble\u010den\u00ed. Dbejte tedy na to, aby b\u011bhem aplikace nedo\u0161lo ke kontaktu s oble\u010den\u00edm. Toxick\u00fd pro vodn\u00ed organismy, v\u017edy pou\u017e\u00edvejte ochrann\u00e9 rukavice a br\u00fdle. P\u0159\u00edpravek m\u016f\u017ee zp\u016fsobit polept\u00e1n\u00ed k\u016f\u017ee. Vyh\u00fdbejte se kontaktu s o\u010dima a udr\u017eujte mimo dosah d\u011bt\u00ed.<\/p>\n<h3>Bezpe\u010dnostn\u00ed list Xtreme &#8211; \u010disti\u010d na k\u00e1men<\/h3>\n<p><a href=\"https:\/\/smartseal.cz\/sk\/wp-content\/uploads\/sites\/2\/2021\/01\/BL_Xtreme.pdf\">Bezpe\u010dnostn\u00ed list ke sta\u017een\u00ed v PDF<\/a><\/p>\n","protected":false},"excerpt":{"rendered":"<p>Odstran\u00ed\u00a0z\u00a0dla\u017eby mech, \u010dern\u00e9 skvrny a dal\u0161\u00ed ne\u010distoty u\u017e za 60 minut.<\/p>\n","protected":false},"featured_media":13187,"comment_status":"open","ping_status":"closed","template":"","meta":[],"product_brand":[],"product_cat":[57,23,52,49,50,38,61,21],"product_tag":[],"class_list":{"0":"post-10031","1":"product","2":"type-product","3":"status-publish","4":"has-post-thumbnail","6":"product_cat-prirodni-kamen","7":"product_cat-cistiace-odstranovace","8":"product_cat-cistenie-prijazdovych-ciest-a-chodnikov","9":"product_cat-cistenie-vonkajsich-teras","10":"product_cat-xtreme-univerzalne-cistice-povrchov","11":"product_cat-vonkajsie-terasy-nadvoria","12":"product_cat-prirodni-kamen-terasy","13":"product_cat-pristupove-cesty-chodniky","14":"pa_faze-pouziti-cisteni","15":"pa_velikost-baleni-vzorek-100ml","17":"first","18":"instock","19":"taxable","20":"shipping-taxable","21":"purchasable","22":"product-type-simple"},"yoast_head":"<!-- This site is optimized with the Yoast SEO Premium plugin v26.8 (Yoast SEO v26.9) - https:\/\/yoast.com\/product\/yoast-seo-premium-wordpress\/ -->\n<title>Xtreme - \u010disti\u010d kame\u0148a, vzorka - Smartseal Slovensko<\/title>\n<meta name=\"robots\" content=\"index, follow, max-snippet:-1, max-image-preview:large, max-video-preview:-1\" \/>\n<link rel=\"canonical\" href=\"https:\/\/smartseal.cz\/sk\/produkt\/xtreme-cistic-na-kamen-vzorek\/\" \/>\n<meta property=\"og:locale\" content=\"sk_SK\" \/>\n<meta property=\"og:type\" content=\"article\" \/>\n<meta property=\"og:title\" content=\"Xtreme - \u010disti\u010d kame\u0148a, vzorka\" \/>\n<meta property=\"og:description\" content=\"Odstran\u00ed\u00a0z\u00a0dla\u017eby mech, \u010dern\u00e9 skvrny a dal\u0161\u00ed ne\u010distoty u\u017e za 60 minut.\" \/>\n<meta property=\"og:url\" content=\"https:\/\/smartseal.cz\/sk\/produkt\/xtreme-cistic-na-kamen-vzorek\/\" \/>\n<meta property=\"og:site_name\" content=\"Smartseal Slovensko\" \/>\n<meta property=\"article:modified_time\" content=\"2026-04-01T07:33:57+00:00\" \/>\n<meta property=\"og:image\" content=\"https:\/\/smartseal.cz\/sk\/wp-content\/uploads\/2023\/08\/vzorek_xtreme_kamen.png\" \/>\n\t<meta property=\"og:image:width\" content=\"800\" \/>\n\t<meta property=\"og:image:height\" content=\"800\" \/>\n\t<meta property=\"og:image:type\" content=\"image\/png\" \/>\n<meta name=\"twitter:card\" content=\"summary_large_image\" \/>\n<meta name=\"twitter:label1\" content=\"Predpokladan\u00fd \u010das \u010d\u00edtania\" \/>\n\t<meta name=\"twitter:data1\" content=\"3 min\u00faty\" \/>\n<script type=\"application\/ld+json\" class=\"yoast-schema-graph\">{\"@context\":\"https:\/\/schema.org\",\"@graph\":[{\"@type\":\"WebPage\",\"@id\":\"https:\/\/smartseal.cz\/sk\/produkt\/xtreme-cistic-na-kamen-vzorek\/\",\"url\":\"https:\/\/smartseal.cz\/sk\/produkt\/xtreme-cistic-na-kamen-vzorek\/\",\"name\":\"Xtreme - \u010disti\u010d kame\u0148a, vzorka - Smartseal Slovensko\",\"isPartOf\":{\"@id\":\"https:\/\/smartseal.cz\/sk\/#website\"},\"primaryImageOfPage\":{\"@id\":\"https:\/\/smartseal.cz\/sk\/produkt\/xtreme-cistic-na-kamen-vzorek\/#primaryimage\"},\"image\":{\"@id\":\"https:\/\/smartseal.cz\/sk\/produkt\/xtreme-cistic-na-kamen-vzorek\/#primaryimage\"},\"thumbnailUrl\":\"https:\/\/smartseal.cz\/sk\/wp-content\/uploads\/2023\/08\/vzorek_xtreme_kamen.png\",\"datePublished\":\"2022-09-20T12:33:51+00:00\",\"dateModified\":\"2026-04-01T07:33:57+00:00\",\"breadcrumb\":{\"@id\":\"https:\/\/smartseal.cz\/sk\/produkt\/xtreme-cistic-na-kamen-vzorek\/#breadcrumb\"},\"inLanguage\":\"sk-SK\",\"potentialAction\":[{\"@type\":\"ReadAction\",\"target\":[\"https:\/\/smartseal.cz\/sk\/produkt\/xtreme-cistic-na-kamen-vzorek\/\"]}]},{\"@type\":\"ImageObject\",\"inLanguage\":\"sk-SK\",\"@id\":\"https:\/\/smartseal.cz\/sk\/produkt\/xtreme-cistic-na-kamen-vzorek\/#primaryimage\",\"url\":\"https:\/\/smartseal.cz\/sk\/wp-content\/uploads\/2023\/08\/vzorek_xtreme_kamen.png\",\"contentUrl\":\"https:\/\/smartseal.cz\/sk\/wp-content\/uploads\/2023\/08\/vzorek_xtreme_kamen.png\",\"width\":800,\"height\":800},{\"@type\":\"BreadcrumbList\",\"@id\":\"https:\/\/smartseal.cz\/sk\/produkt\/xtreme-cistic-na-kamen-vzorek\/#breadcrumb\",\"itemListElement\":[{\"@type\":\"ListItem\",\"position\":1,\"name\":\"Dom\u016f\",\"item\":\"https:\/\/smartseal.cz\/sk\/\"},{\"@type\":\"ListItem\",\"position\":2,\"name\":\"Obchod\",\"item\":\"https:\/\/smartseal.cz\/sk\/obchod\/\"},{\"@type\":\"ListItem\",\"position\":3,\"name\":\"Xtreme &#8211; \u010disti\u010d kame\u0148a, vzorka\"}]},{\"@type\":\"WebSite\",\"@id\":\"https:\/\/smartseal.cz\/sk\/#website\",\"url\":\"https:\/\/smartseal.cz\/sk\/\",\"name\":\"Smartseal Slovensko\",\"description\":\"Chytr\u00e9 n\u00e1tery na v\u0161etky povrchy\",\"potentialAction\":[{\"@type\":\"SearchAction\",\"target\":{\"@type\":\"EntryPoint\",\"urlTemplate\":\"https:\/\/smartseal.cz\/sk\/?s={search_term_string}\"},\"query-input\":{\"@type\":\"PropertyValueSpecification\",\"valueRequired\":true,\"valueName\":\"search_term_string\"}}],\"inLanguage\":\"sk-SK\"}]}<\/script>\n<!-- \/ Yoast SEO Premium plugin. -->","yoast_head_json":{"title":"Xtreme - \u010disti\u010d kame\u0148a, vzorka - Smartseal Slovensko","robots":{"index":"index","follow":"follow","max-snippet":"max-snippet:-1","max-image-preview":"max-image-preview:large","max-video-preview":"max-video-preview:-1"},"canonical":"https:\/\/smartseal.cz\/sk\/produkt\/xtreme-cistic-na-kamen-vzorek\/","og_locale":"sk_SK","og_type":"article","og_title":"Xtreme - \u010disti\u010d kame\u0148a, vzorka","og_description":"Odstran\u00ed\u00a0z\u00a0dla\u017eby mech, \u010dern\u00e9 skvrny a dal\u0161\u00ed ne\u010distoty u\u017e za 60 minut.","og_url":"https:\/\/smartseal.cz\/sk\/produkt\/xtreme-cistic-na-kamen-vzorek\/","og_site_name":"Smartseal Slovensko","article_modified_time":"2026-04-01T07:33:57+00:00","og_image":[{"width":800,"height":800,"url":"https:\/\/smartseal.cz\/sk\/wp-content\/uploads\/2023\/08\/vzorek_xtreme_kamen.png","type":"image\/png"}],"twitter_card":"summary_large_image","twitter_misc":{"Predpokladan\u00fd \u010das \u010d\u00edtania":"3 min\u00faty"},"schema":{"@context":"https:\/\/schema.org","@graph":[{"@type":"WebPage","@id":"https:\/\/smartseal.cz\/sk\/produkt\/xtreme-cistic-na-kamen-vzorek\/","url":"https:\/\/smartseal.cz\/sk\/produkt\/xtreme-cistic-na-kamen-vzorek\/","name":"Xtreme - \u010disti\u010d kame\u0148a, vzorka - Smartseal Slovensko","isPartOf":{"@id":"https:\/\/smartseal.cz\/sk\/#website"},"primaryImageOfPage":{"@id":"https:\/\/smartseal.cz\/sk\/produkt\/xtreme-cistic-na-kamen-vzorek\/#primaryimage"},"image":{"@id":"https:\/\/smartseal.cz\/sk\/produkt\/xtreme-cistic-na-kamen-vzorek\/#primaryimage"},"thumbnailUrl":"https:\/\/smartseal.cz\/sk\/wp-content\/uploads\/2023\/08\/vzorek_xtreme_kamen.png","datePublished":"2022-09-20T12:33:51+00:00","dateModified":"2026-04-01T07:33:57+00:00","breadcrumb":{"@id":"https:\/\/smartseal.cz\/sk\/produkt\/xtreme-cistic-na-kamen-vzorek\/#breadcrumb"},"inLanguage":"sk-SK","potentialAction":[{"@type":"ReadAction","target":["https:\/\/smartseal.cz\/sk\/produkt\/xtreme-cistic-na-kamen-vzorek\/"]}]},{"@type":"ImageObject","inLanguage":"sk-SK","@id":"https:\/\/smartseal.cz\/sk\/produkt\/xtreme-cistic-na-kamen-vzorek\/#primaryimage","url":"https:\/\/smartseal.cz\/sk\/wp-content\/uploads\/2023\/08\/vzorek_xtreme_kamen.png","contentUrl":"https:\/\/smartseal.cz\/sk\/wp-content\/uploads\/2023\/08\/vzorek_xtreme_kamen.png","width":800,"height":800},{"@type":"BreadcrumbList","@id":"https:\/\/smartseal.cz\/sk\/produkt\/xtreme-cistic-na-kamen-vzorek\/#breadcrumb","itemListElement":[{"@type":"ListItem","position":1,"name":"Dom\u016f","item":"https:\/\/smartseal.cz\/sk\/"},{"@type":"ListItem","position":2,"name":"Obchod","item":"https:\/\/smartseal.cz\/sk\/obchod\/"},{"@type":"ListItem","position":3,"name":"Xtreme &#8211; \u010disti\u010d kame\u0148a, vzorka"}]},{"@type":"WebSite","@id":"https:\/\/smartseal.cz\/sk\/#website","url":"https:\/\/smartseal.cz\/sk\/","name":"Smartseal Slovensko","description":"Chytr\u00e9 n\u00e1tery na v\u0161etky povrchy","potentialAction":[{"@type":"SearchAction","target":{"@type":"EntryPoint","urlTemplate":"https:\/\/smartseal.cz\/sk\/?s={search_term_string}"},"query-input":{"@type":"PropertyValueSpecification","valueRequired":true,"valueName":"search_term_string"}}],"inLanguage":"sk-SK"}]}},"_links":{"self":[{"href":"https:\/\/smartseal.cz\/sk\/wp-json\/wp\/v2\/product\/10031","targetHints":{"allow":["GET"]}}],"collection":[{"href":"https:\/\/smartseal.cz\/sk\/wp-json\/wp\/v2\/product"}],"about":[{"href":"https:\/\/smartseal.cz\/sk\/wp-json\/wp\/v2\/types\/product"}],"replies":[{"embeddable":true,"href":"https:\/\/smartseal.cz\/sk\/wp-json\/wp\/v2\/comments?post=10031"}],"wp:featuredmedia":[{"embeddable":true,"href":"https:\/\/smartseal.cz\/sk\/wp-json\/wp\/v2\/media\/13187"}],"wp:attachment":[{"href":"https:\/\/smartseal.cz\/sk\/wp-json\/wp\/v2\/media?parent=10031"}],"wp:term":[{"taxonomy":"product_brand","embeddable":true,"href":"https:\/\/smartseal.cz\/sk\/wp-json\/wp\/v2\/product_brand?post=10031"},{"taxonomy":"product_cat","embeddable":true,"href":"https:\/\/smartseal.cz\/sk\/wp-json\/wp\/v2\/product_cat?post=10031"},{"taxonomy":"product_tag","embeddable":true,"href":"https:\/\/smartseal.cz\/sk\/wp-json\/wp\/v2\/product_tag?post=10031"}],"curies":[{"name":"wp","href":"https:\/\/api.w.org\/{rel}","templated":true}]}}