{"id":10021,"date":"2022-09-20T14:09:21","date_gmt":"2022-09-20T12:09:21","guid":{"rendered":"https:\/\/smartseal.cz\/sk\/?post_type=product&#038;p=10021"},"modified":"2026-04-19T16:15:19","modified_gmt":"2026-04-19T14:15:19","slug":"xtreme-cistic-chodniku-a-teras-5l","status":"publish","type":"product","link":"https:\/\/smartseal.cz\/sk\/produkt\/xtreme-cistic-chodniku-a-teras-5l\/","title":{"rendered":"Xtreme &#8211; \u010disti\u010d chodn\u00edkov a ter\u00e1s, 5l"},"content":{"rendered":"<h2>Xtreme &#8211; \u00fa\u010dinn\u00fd \u010disti\u010d chodn\u00edkov a ter\u00e1s<\/h2>\n<p>Neviete, ako vy\u010disti\u0165 dla\u017edice? Na odstr\u00e1nenie machu, \u010diernych \u0161kv\u0155n a in\u00fdch ne\u010dist\u00f4t z dla\u017eby pou\u017eite Xtreme.<\/p>\n<p><strong>* Neodpor\u00fa\u010da sa pou\u017e\u00edva\u0165 na asfalte *<\/strong><\/p>\n<p>Xtreme je r\u00fdchly a vysoko \u00fa\u010dinn\u00fd \u010distiaci prostriedok, ktor\u00fd v\u00e1m umo\u017en\u00ed jednoducho udr\u017eiava\u0165 dla\u017ebu alebo pr\u00edjazdov\u00fa cestu \u010dist\u00fa bez intenz\u00edvneho um\u00fdvania. Zrie\u010fte ho v pomere 1(Xtreme):1 (voda), aplikujte na vlhk\u00fd povrch pomocou z\u00e1hradn\u00e9ho postrekova\u010da a nechajte p\u00f4sobi\u0165 60 min\u00fat. N\u00e1sledne povrch opl\u00e1chnite \u010distou vodou. Ak je plocha silne zne\u010disten\u00e1, pou\u017eite nerieden\u00fd Xtreme, pred\u013a\u017ete dobu p\u00f4sobenia alebo zopakujte postup.<\/p>\n<p><strong>Ak je cesta ve\u013emi zne\u010disten\u00e1 a s\u00fa na nej \u010dierne \u0161kvrny, pr\u00edpravok nerie\u010fte!<\/strong><\/p>\n<p>Xtreme &#8211; \u010disti\u010d chodn\u00edkov a ter\u00e1s je \u010distiaci prostriedok obsahuj\u00faci l\u00e1tky, ktor\u00e9 spoma\u013euj\u00fa bud\u00faci rast ne\u010dist\u00f4t.<\/p>\n<p><strong>Oblasti pou\u017eitia<\/strong><\/p>\n<ul>\n<li>\u010cierne \u0161kvrny<\/li>\n<li>Riasy a li\u0161ajn\u00edky<\/li>\n<li>Machy<\/li>\n<li>Povrchov\u00e9 ne\u010distoty<\/li>\n<\/ul>\n<p><strong>Doporu\u010den\u00e1 spot\u0159eba<\/strong><\/p>\n<ul>\n<li>5 litrov v\u00fdrobku vy\u010dist\u00ed pribli\u017ene 40 m\u00b2 povrchu, 25 litrov pokryje 200 m\u00b2. V\u017edy pou\u017e\u00edvajte vhodn\u00fd ochrann\u00fd odev a vybavenie. \u010eal\u0161ie technick\u00e9 inform\u00e1cie n\u00e1jdete ni\u017e\u0161ie.<\/li>\n<\/ul>\n<p><strong>Dostupn\u00e9 velikosti<\/strong><\/p>\n<p><a href=\"https:\/\/smartseal.cz\/sk\/produkt\/xtreme-cistic-chodniku-a-teras-vzorek\/\">vzorek 100ml<\/a>, 5l, <a href=\"https:\/\/smartseal.cz\/sk\/produkt\/xtreme-cistic-chodniku-a-teras\/\">25l<\/a><\/p>\n<p><strong>Spot\u0159eba u vzorku (100ml)<\/strong>: Vzorkem vy\u010dist\u00edte plochu <strong>maxim\u00e1ln\u011b o rozloze 0,16m2<\/strong> (0,4m x 0,4m). Jedn\u00e1 se o vzorek a je pot\u0159eba k tomu tak\u00e9 tak p\u0159istupovat. Necht\u011bjte vy\u010distit p\u0159\u00edli\u0161 velkou plochu, proto\u017ee se m\u016f\u017ee st\u00e1t, \u017ee v\u00fdrobek pak nebude spr\u00e1vn\u011b fungovat. K aplikaci pou\u017e\u00edvejte \u0161t\u011btec nebo ru\u010dn\u00ed post\u0159ikova\u010d.<\/p>\n<h3>Technick\u00fd popis Xtreme &#8211; \u010cisti\u010d chodn\u00edkov a ter\u00e1s<\/h3>\n<p><strong>Aplik\u00e1cia<\/strong><\/p>\n<ol>\n<li>Ujist\u011bte se, \u017ee terasa je p\u0159ed nanesen\u00edm p\u0159\u00edpravku zameten\u00e1 a nez\u016fstaly na n\u00ed \u017e\u00e1dn\u00e9 voln\u00e9 kusy ne\u010distot.<\/li>\n<li>Pot\u00e9 povrch lehce navlh\u010dete vodou (p\u0159\u00edli\u0161 mnoho vody sn\u00ed\u017e\u00ed \u00fa\u010dinnost produktu), pokud je dla\u017eba rozp\u00e1len\u00e1. V podm\u00ednk\u00e1ch, kdy je dla\u017eba m\u00edrn\u011b vlhk\u00e1 nap\u0159. po rann\u00ed rose, nen\u00ed pot\u0159eba povrch vlh\u010dit.<\/li>\n<li>Z\u0159e\u010fte produkt v pom\u011bru 1: 1. Pokud odstra\u0148ujete <strong>\u010dern\u00e9 skvrny nebo velmi za\u017eranou \u0161p\u00ednu<\/strong>, p\u0159\u00edpravek <strong>ne\u0159e\u010fte<\/strong>.<\/li>\n<li>Aplikujte pomoc\u00ed zahradn\u00edho post\u0159ikova\u010de.<\/li>\n<li>Nechte p\u016fsobit 60 minut. Dbejte na to, aby plocha po dobu p\u016fsoben\u00ed produktu nevyschla (lehk\u00fd vodn\u00ed popra\u0161ek).<\/li>\n<li>Opl\u00e1chn\u011bte \u010distou vodou<\/li>\n<li>Je d\u016fle\u017eit\u00e9 zajistit, aby byl povrch b\u011bhem t\u011bchto 60 minut vlhk\u00fd, proto\u017ee produkt se v such\u00e9m prost\u0159ed\u00ed neaktivuje. V\u011bt\u0161ina hluboce zako\u0159en\u011bn\u00fdch organick\u00fdch l\u00e1tek a ne\u010distot bude odstran\u011bna po jedn\u00e9 aplikaci, ale n\u011bkdy m\u016f\u017ee b\u00fdt zapot\u0159eb\u00ed druh\u00e1 aplikace, aby dla\u017eba vypadala jako nov\u00e1.<\/li>\n<\/ol>\n<p><strong>Zdrav\u00ed a bezpe\u010dnost<\/strong><\/p>\n<p>V\u00fdrobek Xtreme \u2013 \u010disti\u010d teras obsahuje chlor jako aktivn\u00ed slo\u017eku a m\u016f\u017ee zbarvit oble\u010den\u00ed. Dbejte tedy na to, aby b\u011bhem aplikace nedo\u0161lo ke kontaktu s\u00a0oble\u010den\u00edm. Toxick\u00fd pro vodn\u00ed organismy, v\u017edy pou\u017e\u00edvejte ochrann\u00e9 rukavice a br\u00fdle. P\u0159\u00edpravek m\u016f\u017ee zp\u016fsobit polept\u00e1n\u00ed k\u016f\u017ee. Vyh\u00fdbejte se kontaktu s\u00a0o\u010dima a udr\u017eujte mimo dosah d\u011bt\u00ed.<\/p>\n<h3><strong>Bezpe\u010dnostn\u00ed list<\/strong><\/h3>\n<p><a href=\"https:\/\/smartseal.cz\/sk\/wp-content\/uploads\/sites\/2\/2021\/08\/BL_SMARTSEAL-XTREME60-CZ_CLP_2021-kopie.pdf\">Bezpe\u010dnostn\u00ed list Xtreme &#8211; \u010disti\u010d chodn\u00edk\u016f a teras v PDF<\/a><\/p>\n<div class=\"video-shortcode\"><iframe title=\"Jak JEDNODU\u0160E vy\u010distit z\u00e1mkovou dla\u017ebu, st\u0159echu, terasu nebo p\u0159\u00edjezdovou cestu\" width=\"1200\" height=\"675\" src=\"https:\/\/www.youtube.com\/embed\/QR_lf7C-reU?feature=oembed&#038;enablejsapi=1&#038;origin=https:\/\/smartseal.cz\/sk\" frameborder=\"0\" allow=\"accelerometer; autoplay; clipboard-write; encrypted-media; gyroscope; picture-in-picture; web-share\" allowfullscreen><\/iframe><\/div>\n","protected":false},"excerpt":{"rendered":"<p>Odstra\u0148uje mach, \u010dierne \u0161kvrny a in\u00e9 ne\u010distoty z dla\u017eby len za 60 min\u00fat.<\/p>\n","protected":false},"featured_media":8729,"comment_status":"open","ping_status":"closed","template":"","meta":[],"product_brand":[],"product_cat":[60,23,49,50,38,61,59,58],"product_tag":[],"class_list":{"0":"post-10021","1":"product","2":"type-product","3":"status-publish","4":"has-post-thumbnail","6":"product_cat-dlazba","7":"product_cat-cistiace-odstranovace","8":"product_cat-cistenie-vonkajsich-teras","9":"product_cat-xtreme-univerzalne-cistice-povrchov","10":"product_cat-vonkajsie-terasy-nadvoria","11":"product_cat-prirodni-kamen-terasy","12":"product_cat-razeny-beton-terasy","13":"product_cat-zamkova-dlazba-terasy","14":"pa_faze-pouziti-cisteni","15":"pa_velikost-baleni-5l","17":"first","18":"instock","19":"taxable","20":"shipping-taxable","21":"purchasable","22":"product-type-simple"},"yoast_head":"<!-- This site is optimized with the Yoast SEO Premium plugin v26.8 (Yoast SEO v26.9) - https:\/\/yoast.com\/product\/yoast-seo-premium-wordpress\/ -->\n<title>Xtreme - \u010disti\u010d chodn\u00edkov a ter\u00e1s 5L | Smartseal SK<\/title>\n<meta name=\"description\" content=\"Xtreme - \u010disti\u010d chodn\u00edkov a ter\u00e1s odstra\u0148uje mach, \u010dierne \u0161kvrny a in\u00e9 ne\u010distoty z dla\u017eby len za 60 min\u00fat. 5 l o\u0161etr\u00ed plochu pribli\u017ene 40 m2.\" \/>\n<meta name=\"robots\" content=\"index, follow, max-snippet:-1, max-image-preview:large, max-video-preview:-1\" \/>\n<link rel=\"canonical\" href=\"https:\/\/smartseal.cz\/sk\/produkt\/xtreme-cistic-chodniku-a-teras-5l\/\" \/>\n<meta property=\"og:locale\" content=\"sk_SK\" \/>\n<meta property=\"og:type\" content=\"article\" \/>\n<meta property=\"og:title\" content=\"Xtreme - \u010disti\u010d chodn\u00edkov a ter\u00e1s, 5l\" \/>\n<meta property=\"og:description\" content=\"Xtreme - \u010disti\u010d chodn\u00edkov a ter\u00e1s odstra\u0148uje mach, \u010dierne \u0161kvrny a in\u00e9 ne\u010distoty z dla\u017eby len za 60 min\u00fat. 5 l o\u0161etr\u00ed plochu pribli\u017ene 40 m2.\" \/>\n<meta property=\"og:url\" content=\"https:\/\/smartseal.cz\/sk\/produkt\/xtreme-cistic-chodniku-a-teras-5l\/\" \/>\n<meta property=\"og:site_name\" content=\"Smartseal Slovensko\" \/>\n<meta property=\"article:modified_time\" content=\"2026-04-19T14:15:19+00:00\" \/>\n<meta property=\"og:image\" content=\"https:\/\/smartseal.cz\/sk\/wp-content\/uploads\/2022\/04\/foto_barel_5L.jpg\" \/>\n\t<meta property=\"og:image:width\" content=\"800\" \/>\n\t<meta property=\"og:image:height\" content=\"800\" \/>\n\t<meta property=\"og:image:type\" content=\"image\/jpeg\" \/>\n<meta name=\"twitter:card\" content=\"summary_large_image\" \/>\n<meta name=\"twitter:label1\" content=\"Predpokladan\u00fd \u010das \u010d\u00edtania\" \/>\n\t<meta name=\"twitter:data1\" content=\"3 min\u00faty\" \/>\n<script type=\"application\/ld+json\" class=\"yoast-schema-graph\">{\"@context\":\"https:\/\/schema.org\",\"@graph\":[{\"@type\":\"WebPage\",\"@id\":\"https:\/\/smartseal.cz\/sk\/produkt\/xtreme-cistic-chodniku-a-teras-5l\/\",\"url\":\"https:\/\/smartseal.cz\/sk\/produkt\/xtreme-cistic-chodniku-a-teras-5l\/\",\"name\":\"Xtreme - \u010disti\u010d chodn\u00edkov a ter\u00e1s 5L | Smartseal SK\",\"isPartOf\":{\"@id\":\"https:\/\/smartseal.cz\/sk\/#website\"},\"primaryImageOfPage\":{\"@id\":\"https:\/\/smartseal.cz\/sk\/produkt\/xtreme-cistic-chodniku-a-teras-5l\/#primaryimage\"},\"image\":{\"@id\":\"https:\/\/smartseal.cz\/sk\/produkt\/xtreme-cistic-chodniku-a-teras-5l\/#primaryimage\"},\"thumbnailUrl\":\"https:\/\/smartseal.cz\/sk\/wp-content\/uploads\/2022\/04\/foto_barel_5L.jpg\",\"datePublished\":\"2022-09-20T12:09:21+00:00\",\"dateModified\":\"2026-04-19T14:15:19+00:00\",\"description\":\"Xtreme - \u010disti\u010d chodn\u00edkov a ter\u00e1s odstra\u0148uje mach, \u010dierne \u0161kvrny a in\u00e9 ne\u010distoty z dla\u017eby len za 60 min\u00fat. 5 l o\u0161etr\u00ed plochu pribli\u017ene 40 m2.\",\"breadcrumb\":{\"@id\":\"https:\/\/smartseal.cz\/sk\/produkt\/xtreme-cistic-chodniku-a-teras-5l\/#breadcrumb\"},\"inLanguage\":\"sk-SK\",\"potentialAction\":[{\"@type\":\"ReadAction\",\"target\":[\"https:\/\/smartseal.cz\/sk\/produkt\/xtreme-cistic-chodniku-a-teras-5l\/\"]}]},{\"@type\":\"ImageObject\",\"inLanguage\":\"sk-SK\",\"@id\":\"https:\/\/smartseal.cz\/sk\/produkt\/xtreme-cistic-chodniku-a-teras-5l\/#primaryimage\",\"url\":\"https:\/\/smartseal.cz\/sk\/wp-content\/uploads\/2022\/04\/foto_barel_5L.jpg\",\"contentUrl\":\"https:\/\/smartseal.cz\/sk\/wp-content\/uploads\/2022\/04\/foto_barel_5L.jpg\",\"width\":800,\"height\":800,\"caption\":\"xtreme-terasy-foto barelu-5l\"},{\"@type\":\"BreadcrumbList\",\"@id\":\"https:\/\/smartseal.cz\/sk\/produkt\/xtreme-cistic-chodniku-a-teras-5l\/#breadcrumb\",\"itemListElement\":[{\"@type\":\"ListItem\",\"position\":1,\"name\":\"Dom\u016f\",\"item\":\"https:\/\/smartseal.cz\/sk\/\"},{\"@type\":\"ListItem\",\"position\":2,\"name\":\"Obchod\",\"item\":\"https:\/\/smartseal.cz\/sk\/obchod\/\"},{\"@type\":\"ListItem\",\"position\":3,\"name\":\"Xtreme &#8211; \u010disti\u010d chodn\u00edkov a ter\u00e1s, 5l\"}]},{\"@type\":\"WebSite\",\"@id\":\"https:\/\/smartseal.cz\/sk\/#website\",\"url\":\"https:\/\/smartseal.cz\/sk\/\",\"name\":\"Smartseal Slovensko\",\"description\":\"Chytr\u00e9 n\u00e1tery na v\u0161etky povrchy\",\"potentialAction\":[{\"@type\":\"SearchAction\",\"target\":{\"@type\":\"EntryPoint\",\"urlTemplate\":\"https:\/\/smartseal.cz\/sk\/?s={search_term_string}\"},\"query-input\":{\"@type\":\"PropertyValueSpecification\",\"valueRequired\":true,\"valueName\":\"search_term_string\"}}],\"inLanguage\":\"sk-SK\"}]}<\/script>\n<!-- \/ Yoast SEO Premium plugin. -->","yoast_head_json":{"title":"Xtreme - \u010disti\u010d chodn\u00edkov a ter\u00e1s 5L | Smartseal SK","description":"Xtreme - \u010disti\u010d chodn\u00edkov a ter\u00e1s odstra\u0148uje mach, \u010dierne \u0161kvrny a in\u00e9 ne\u010distoty z dla\u017eby len za 60 min\u00fat. 5 l o\u0161etr\u00ed plochu pribli\u017ene 40 m2.","robots":{"index":"index","follow":"follow","max-snippet":"max-snippet:-1","max-image-preview":"max-image-preview:large","max-video-preview":"max-video-preview:-1"},"canonical":"https:\/\/smartseal.cz\/sk\/produkt\/xtreme-cistic-chodniku-a-teras-5l\/","og_locale":"sk_SK","og_type":"article","og_title":"Xtreme - \u010disti\u010d chodn\u00edkov a ter\u00e1s, 5l","og_description":"Xtreme - \u010disti\u010d chodn\u00edkov a ter\u00e1s odstra\u0148uje mach, \u010dierne \u0161kvrny a in\u00e9 ne\u010distoty z dla\u017eby len za 60 min\u00fat. 5 l o\u0161etr\u00ed plochu pribli\u017ene 40 m2.","og_url":"https:\/\/smartseal.cz\/sk\/produkt\/xtreme-cistic-chodniku-a-teras-5l\/","og_site_name":"Smartseal Slovensko","article_modified_time":"2026-04-19T14:15:19+00:00","og_image":[{"width":800,"height":800,"url":"https:\/\/smartseal.cz\/sk\/wp-content\/uploads\/2022\/04\/foto_barel_5L.jpg","type":"image\/jpeg"}],"twitter_card":"summary_large_image","twitter_misc":{"Predpokladan\u00fd \u010das \u010d\u00edtania":"3 min\u00faty"},"schema":{"@context":"https:\/\/schema.org","@graph":[{"@type":"WebPage","@id":"https:\/\/smartseal.cz\/sk\/produkt\/xtreme-cistic-chodniku-a-teras-5l\/","url":"https:\/\/smartseal.cz\/sk\/produkt\/xtreme-cistic-chodniku-a-teras-5l\/","name":"Xtreme - \u010disti\u010d chodn\u00edkov a ter\u00e1s 5L | Smartseal SK","isPartOf":{"@id":"https:\/\/smartseal.cz\/sk\/#website"},"primaryImageOfPage":{"@id":"https:\/\/smartseal.cz\/sk\/produkt\/xtreme-cistic-chodniku-a-teras-5l\/#primaryimage"},"image":{"@id":"https:\/\/smartseal.cz\/sk\/produkt\/xtreme-cistic-chodniku-a-teras-5l\/#primaryimage"},"thumbnailUrl":"https:\/\/smartseal.cz\/sk\/wp-content\/uploads\/2022\/04\/foto_barel_5L.jpg","datePublished":"2022-09-20T12:09:21+00:00","dateModified":"2026-04-19T14:15:19+00:00","description":"Xtreme - \u010disti\u010d chodn\u00edkov a ter\u00e1s odstra\u0148uje mach, \u010dierne \u0161kvrny a in\u00e9 ne\u010distoty z dla\u017eby len za 60 min\u00fat. 5 l o\u0161etr\u00ed plochu pribli\u017ene 40 m2.","breadcrumb":{"@id":"https:\/\/smartseal.cz\/sk\/produkt\/xtreme-cistic-chodniku-a-teras-5l\/#breadcrumb"},"inLanguage":"sk-SK","potentialAction":[{"@type":"ReadAction","target":["https:\/\/smartseal.cz\/sk\/produkt\/xtreme-cistic-chodniku-a-teras-5l\/"]}]},{"@type":"ImageObject","inLanguage":"sk-SK","@id":"https:\/\/smartseal.cz\/sk\/produkt\/xtreme-cistic-chodniku-a-teras-5l\/#primaryimage","url":"https:\/\/smartseal.cz\/sk\/wp-content\/uploads\/2022\/04\/foto_barel_5L.jpg","contentUrl":"https:\/\/smartseal.cz\/sk\/wp-content\/uploads\/2022\/04\/foto_barel_5L.jpg","width":800,"height":800,"caption":"xtreme-terasy-foto barelu-5l"},{"@type":"BreadcrumbList","@id":"https:\/\/smartseal.cz\/sk\/produkt\/xtreme-cistic-chodniku-a-teras-5l\/#breadcrumb","itemListElement":[{"@type":"ListItem","position":1,"name":"Dom\u016f","item":"https:\/\/smartseal.cz\/sk\/"},{"@type":"ListItem","position":2,"name":"Obchod","item":"https:\/\/smartseal.cz\/sk\/obchod\/"},{"@type":"ListItem","position":3,"name":"Xtreme &#8211; \u010disti\u010d chodn\u00edkov a ter\u00e1s, 5l"}]},{"@type":"WebSite","@id":"https:\/\/smartseal.cz\/sk\/#website","url":"https:\/\/smartseal.cz\/sk\/","name":"Smartseal Slovensko","description":"Chytr\u00e9 n\u00e1tery na v\u0161etky povrchy","potentialAction":[{"@type":"SearchAction","target":{"@type":"EntryPoint","urlTemplate":"https:\/\/smartseal.cz\/sk\/?s={search_term_string}"},"query-input":{"@type":"PropertyValueSpecification","valueRequired":true,"valueName":"search_term_string"}}],"inLanguage":"sk-SK"}]}},"_links":{"self":[{"href":"https:\/\/smartseal.cz\/sk\/wp-json\/wp\/v2\/product\/10021","targetHints":{"allow":["GET"]}}],"collection":[{"href":"https:\/\/smartseal.cz\/sk\/wp-json\/wp\/v2\/product"}],"about":[{"href":"https:\/\/smartseal.cz\/sk\/wp-json\/wp\/v2\/types\/product"}],"replies":[{"embeddable":true,"href":"https:\/\/smartseal.cz\/sk\/wp-json\/wp\/v2\/comments?post=10021"}],"wp:featuredmedia":[{"embeddable":true,"href":"https:\/\/smartseal.cz\/sk\/wp-json\/wp\/v2\/media\/8729"}],"wp:attachment":[{"href":"https:\/\/smartseal.cz\/sk\/wp-json\/wp\/v2\/media?parent=10021"}],"wp:term":[{"taxonomy":"product_brand","embeddable":true,"href":"https:\/\/smartseal.cz\/sk\/wp-json\/wp\/v2\/product_brand?post=10021"},{"taxonomy":"product_cat","embeddable":true,"href":"https:\/\/smartseal.cz\/sk\/wp-json\/wp\/v2\/product_cat?post=10021"},{"taxonomy":"product_tag","embeddable":true,"href":"https:\/\/smartseal.cz\/sk\/wp-json\/wp\/v2\/product_tag?post=10021"}],"curies":[{"name":"wp","href":"https:\/\/api.w.org\/{rel}","templated":true}]}}