{"id":10012,"date":"2022-09-20T13:23:50","date_gmt":"2022-09-20T11:23:50","guid":{"rendered":"https:\/\/smartseal.cz\/sk\/?post_type=product&#038;p=10012"},"modified":"2026-04-03T14:33:26","modified_gmt":"2026-04-03T12:33:26","slug":"xtreme-cistic-dlazby-5l","status":"publish","type":"product","link":"https:\/\/smartseal.cz\/sk\/produkt\/xtreme-cistic-dlazby-5l\/","title":{"rendered":"Xtreme &#8211; \u010disti\u010d dla\u017eby, 5l"},"content":{"rendered":"<h2>P\u0159\u00edpravek Xtreme &#8211; \u010disti\u010d dla\u017eby zo z\u00e1mkovej dla\u017eby alebo bet\u00f3nu<\/h2>\n<p>Xtreme \u010disti\u010d dla\u017eby je r\u00fdchly a vysoko \u00fa\u010dinn\u00fd \u010distiaci prostriedok, ktor\u00fd v\u00e1m umo\u017en\u00ed jednoducho udr\u017eiava\u0165 dla\u017ebu alebo ak\u00fako\u013evek pr\u00edjazdov\u00fa cestu \u010dist\u00fa bez intenz\u00edvneho um\u00fdvania. Zrie\u010fte ho v pomere 1(Xtreme):1 (voda), aplikujte na vlhk\u00fd povrch pomocou z\u00e1hradn\u00e9ho postrekova\u010da a nechajte p\u00f4sobi\u0165 60 min\u00fat. N\u00e1sledne povrch opl\u00e1chnite \u010distou vodou. Ak na ploche zostane viac ne\u010dist\u00f4t, pou\u017eite nerieden\u00fd Xtreme, pred\u013a\u017ete dobu p\u00f4sobenia alebo zopakujte postup.<\/p>\n<p><strong>Ak s\u00fa dla\u017edice ve\u013emi zne\u010disten\u00e9 a s\u00fa na nich \u010dierne \u0161kvrny, pr\u00edpravok nerie\u010fte!<\/strong><\/p>\n<p><strong>* NEODPOR\u00da\u010cA SA POU\u017d\u00cdVA\u0164 NA ASFALTE *<\/strong><\/p>\n<p>Xtreme &#8211; \u010distti\u010d dla\u017eby obsahuje 4 akt\u00edvne zlo\u017eky, ktor\u00e9 \u010distia a br\u00e1nia \u010fal\u0161iemu rastu a \u0161\u00edreniu:<\/p>\n<ul>\n<li>\u010cierne \u0161kvrny<\/li>\n<li>Riasy a li\u0161ajn\u00edky<\/li>\n<li>Mach<\/li>\n<li>Povrchov\u00e9 ne\u010distoty<\/li>\n<\/ul>\n<p><strong>Odpor\u00fa\u010dan\u00e1 spotreba<\/strong><\/p>\n<ul>\n<li>5 litrov pr\u00edpravku vy\u010dist\u00ed a o\u0161etr\u00ed pribli\u017ene 40 m\u00b2 dla\u017eby, 25 litrov pokryje 200 m\u00b2. Pou\u017e\u00edvajte vhodn\u00fd ochrann\u00fd odev a<a href=\"https:\/\/smartseal.cz\/sk\/obchod\/sada-ochrannych-pomucek\/\"> pom\u016fcky<\/a>.<\/li>\n<\/ul>\n<p><strong>Dostupn\u00e9 velikosti<\/strong><\/p>\n<ul>\n<li><a href=\"https:\/\/smartseal.cz\/sk\/produkt\/xtreme-cistic-na-dlazbu-vzorek\/\">vzorek 100 ml<\/a>, <a href=\"https:\/\/smartseal.cz\/sk\/produkt\/xtreme-cistic-na-dlazbu-5l\/\">5l<\/a>, <a href=\"https:\/\/smartseal.cz\/sk\/produkt\/xtreme-cistic-na-dlazbu\/\">25l<\/a><\/li>\n<\/ul>\n<p><strong>Spot\u0159eba u vzorku (100ml)<\/strong>: Vzorkem vy\u010dist\u00edte plochu <strong>maxim\u00e1ln\u011b o rozloze 0,16m2<\/strong> (0,4m x 0,4m). Jedn\u00e1 se o vzorek a je pot\u0159eba k tomu tak\u00e9 tak p\u0159istupovat. Necht\u011bjte vy\u010distit p\u0159\u00edli\u0161 velkou plochu, proto\u017ee se m\u016f\u017ee st\u00e1t, \u017ee v\u00fdrobek pak nebude spr\u00e1vn\u011b fungovat. K aplikaci pou\u017e\u00edvejte \u0161t\u011btec nebo ru\u010dn\u00ed post\u0159ikova\u010d.<\/p>\n<h3>Technick\u00fd popis produktu<\/h3>\n<p><strong>Aplikace<\/strong><\/p>\n<ol>\n<li>Pred nanesen\u00edm pr\u00edpravku sa uistite, \u017ee ste dla\u017edice d\u00f4kladne pozametali a odstr\u00e1nili v\u0161etky vo\u013en\u00e9 k\u00fasky ne\u010dist\u00f4t.<\/li>\n<li>Ak s\u00fa obklada\u010dky hor\u00face, z\u013eahka ich navlh\u010dite vodou (pr\u00edli\u0161 ve\u013ea vody zni\u017euje \u00fa\u010dinnos\u0165 v\u00fdrobku). Ak je dla\u017eba mierne vlhk\u00e1, napr\u00edklad po rannej rose, nemus\u00edte povrch zvlh\u010dova\u0165.<\/li>\n<li>Pr\u00edpravok riedite v pomere 1:1. Pri odstra\u0148ovan\u00ed \u010diernych \u0161kv\u0155n alebo ve\u013emi zape\u010den\u00fdch ne\u010dist\u00f4t ho nerie\u010fte.<\/li>\n<li>Aplikujte ho pomocou z\u00e1hradn\u00e9ho postrekova\u010da.<\/li>\n<li>Nechajte ho p\u00f4sobi\u0165 60 min\u00fat a zabezpe\u010dte, aby plocha po\u010das tejto doby nevyschla. V pr\u00edpade potreby ju jemne pokropte vodou.<\/li>\n<li>Po uplynut\u00ed \u010dasu opl\u00e1chnite povrch \u010distou vodou.<\/li>\n<li>Udr\u017eujte povrch vlhk\u00fd cel\u00fdch 60 min\u00fat, preto\u017ee v suchom prostred\u00ed sa v\u00fdrobok neaktivuje. Vo v\u00e4\u010d\u0161ine pr\u00edpadov odstr\u00e1ni hlboko zakorenen\u00e9 organick\u00e9 l\u00e1tky a ne\u010distoty u\u017e po jednej aplik\u00e1cii, ale ak chcete dosiahnu\u0165 dokonale \u010dist\u00fd povrch, zopakujte postup e\u0161te raz.<\/li>\n<\/ol>\n<p><strong>Zdrav\u00ed a bezpe\u010dnost<\/strong><\/p>\n<p>P\u0159\u00edpravek Xtreme &#8211; \u010disti\u010d dla\u017eby obsahuje jako \u00fa\u010dinnou slo\u017eku chl\u00f3r a m\u016f\u017ee zp\u016fsobit skvrny na oble\u010den\u00ed. Proto dbejte na to, abyste se p\u0159i aplikaci vyhnuli kontaktu s od\u011bvem. Je toxick\u00fd pro vodn\u00ed organismy, v\u017edy pou\u017e\u00edvejte ochrann\u00e9 rukavice a br\u00fdle. V\u00fdrobek m\u016f\u017ee zp\u016fsobit pop\u00e1leniny k\u016f\u017ee. Zabra\u0148te kontaktu s o\u010dima a uchov\u00e1vejte mimo dosah d\u011bt\u00ed.<\/p>\n<h3>Bezpe\u010dnostn\u00ed list produktu<\/h3>\n<p><a href=\"https:\/\/smartseal.cz\/sk\/wp-content\/uploads\/sites\/2\/2021\/08\/BL_SMARTSEAL-XTREME60-CZ_CLP_2021-kopie.pdf\">Bezpe\u010dnostn\u00ed list ke sta\u017een\u00ed v PDF<\/a><\/p>\n<div class=\"video-shortcode\"><iframe title=\"Jak JEDNODU\u0160E vy\u010distit z\u00e1mkovou dla\u017ebu, st\u0159echu, terasu nebo p\u0159\u00edjezdovou cestu\" width=\"1200\" height=\"675\" src=\"https:\/\/www.youtube.com\/embed\/QR_lf7C-reU?feature=oembed&#038;enablejsapi=1&#038;origin=https:\/\/smartseal.cz\/sk\" frameborder=\"0\" allow=\"accelerometer; autoplay; clipboard-write; encrypted-media; gyroscope; picture-in-picture; web-share\" allowfullscreen><\/iframe><\/div>\n","protected":false},"excerpt":{"rendered":"<p>5 l vy\u010dist\u00ed pribli\u017ene 40 m2 chodn\u00edka. Odstr\u00e1ni mach, \u010dierne \u0161kvrny a in\u00e9 ne\u010distoty z dla\u017eby len za 60 min\u00fat.<\/p>\n","protected":false},"featured_media":8731,"comment_status":"open","ping_status":"closed","template":"","meta":[],"product_brand":[],"product_cat":[60,53,23,49,50,40,65,64,38,61,59,58,21],"product_tag":[],"class_list":{"0":"post-10012","1":"product","2":"type-product","3":"status-publish","4":"has-post-thumbnail","6":"product_cat-dlazba","7":"product_cat-zamkova-dlazba","8":"product_cat-cistiace-odstranovace","9":"product_cat-cistenie-vonkajsich-teras","10":"product_cat-xtreme-univerzalne-cistice-povrchov","11":"product_cat-betonove-povrchy","12":"product_cat-beton-betonove-povrchy","13":"product_cat-razeny-beton-betonove-povrchy","14":"product_cat-vonkajsie-terasy-nadvoria","15":"product_cat-prirodni-kamen-terasy","16":"product_cat-razeny-beton-terasy","17":"product_cat-zamkova-dlazba-terasy","18":"product_cat-pristupove-cesty-chodniky","19":"pa_faze-pouziti-cisteni","20":"pa_velikost-baleni-5l","22":"first","23":"instock","24":"taxable","25":"shipping-taxable","26":"purchasable","27":"product-type-simple"},"yoast_head":"<!-- This site is optimized with the Yoast SEO Premium plugin v26.8 (Yoast SEO v26.9) - https:\/\/yoast.com\/product\/yoast-seo-premium-wordpress\/ -->\n<title>Xtreme - \u010disti\u010d dla\u017eby 5L I Smartseal Slovensko<\/title>\n<meta name=\"description\" content=\"P\u0159\u00edpravek Xtreme - \u010disti\u010d na dla\u017ebu v\u00e1s zbav\u00ed \u0161p\u00edny ze z\u00e1mkov\u00e9 dla\u017eby, betonu nebo kamene u\u017e za 60. minut. 5l o\u0161et\u0159\u00edte plochu cca 40m2\" \/>\n<meta name=\"robots\" content=\"index, follow, max-snippet:-1, max-image-preview:large, max-video-preview:-1\" \/>\n<link rel=\"canonical\" href=\"https:\/\/smartseal.cz\/sk\/produkt\/xtreme-cistic-dlazby-5l\/\" \/>\n<meta property=\"og:locale\" content=\"sk_SK\" \/>\n<meta property=\"og:type\" content=\"article\" \/>\n<meta property=\"og:title\" content=\"Xtreme - \u010disti\u010d dla\u017eby, 5l\" \/>\n<meta property=\"og:description\" content=\"P\u0159\u00edpravek Xtreme - \u010disti\u010d na dla\u017ebu v\u00e1s zbav\u00ed \u0161p\u00edny ze z\u00e1mkov\u00e9 dla\u017eby, betonu nebo kamene u\u017e za 60. minut. 5l o\u0161et\u0159\u00edte plochu cca 40m2\" \/>\n<meta property=\"og:url\" content=\"https:\/\/smartseal.cz\/sk\/produkt\/xtreme-cistic-dlazby-5l\/\" \/>\n<meta property=\"og:site_name\" content=\"Smartseal Slovensko\" \/>\n<meta property=\"article:modified_time\" content=\"2026-04-03T12:33:26+00:00\" \/>\n<meta property=\"og:image\" content=\"https:\/\/smartseal.cz\/sk\/wp-content\/uploads\/2022\/04\/foto_barel_5L-2.jpg\" \/>\n\t<meta property=\"og:image:width\" content=\"800\" \/>\n\t<meta property=\"og:image:height\" content=\"800\" \/>\n\t<meta property=\"og:image:type\" content=\"image\/jpeg\" \/>\n<meta name=\"twitter:card\" content=\"summary_large_image\" \/>\n<meta name=\"twitter:label1\" content=\"Predpokladan\u00fd \u010das \u010d\u00edtania\" \/>\n\t<meta name=\"twitter:data1\" content=\"3 min\u00faty\" \/>\n<script type=\"application\/ld+json\" class=\"yoast-schema-graph\">{\"@context\":\"https:\/\/schema.org\",\"@graph\":[{\"@type\":\"WebPage\",\"@id\":\"https:\/\/smartseal.cz\/sk\/produkt\/xtreme-cistic-dlazby-5l\/\",\"url\":\"https:\/\/smartseal.cz\/sk\/produkt\/xtreme-cistic-dlazby-5l\/\",\"name\":\"Xtreme - \u010disti\u010d dla\u017eby 5L I Smartseal Slovensko\",\"isPartOf\":{\"@id\":\"https:\/\/smartseal.cz\/sk\/#website\"},\"primaryImageOfPage\":{\"@id\":\"https:\/\/smartseal.cz\/sk\/produkt\/xtreme-cistic-dlazby-5l\/#primaryimage\"},\"image\":{\"@id\":\"https:\/\/smartseal.cz\/sk\/produkt\/xtreme-cistic-dlazby-5l\/#primaryimage\"},\"thumbnailUrl\":\"https:\/\/smartseal.cz\/sk\/wp-content\/uploads\/2022\/04\/foto_barel_5L-2.jpg\",\"datePublished\":\"2022-09-20T11:23:50+00:00\",\"dateModified\":\"2026-04-03T12:33:26+00:00\",\"description\":\"P\u0159\u00edpravek Xtreme - \u010disti\u010d na dla\u017ebu v\u00e1s zbav\u00ed \u0161p\u00edny ze z\u00e1mkov\u00e9 dla\u017eby, betonu nebo kamene u\u017e za 60. minut. 5l o\u0161et\u0159\u00edte plochu cca 40m2\",\"breadcrumb\":{\"@id\":\"https:\/\/smartseal.cz\/sk\/produkt\/xtreme-cistic-dlazby-5l\/#breadcrumb\"},\"inLanguage\":\"sk-SK\",\"potentialAction\":[{\"@type\":\"ReadAction\",\"target\":[\"https:\/\/smartseal.cz\/sk\/produkt\/xtreme-cistic-dlazby-5l\/\"]}]},{\"@type\":\"ImageObject\",\"inLanguage\":\"sk-SK\",\"@id\":\"https:\/\/smartseal.cz\/sk\/produkt\/xtreme-cistic-dlazby-5l\/#primaryimage\",\"url\":\"https:\/\/smartseal.cz\/sk\/wp-content\/uploads\/2022\/04\/foto_barel_5L-2.jpg\",\"contentUrl\":\"https:\/\/smartseal.cz\/sk\/wp-content\/uploads\/2022\/04\/foto_barel_5L-2.jpg\",\"width\":800,\"height\":800},{\"@type\":\"BreadcrumbList\",\"@id\":\"https:\/\/smartseal.cz\/sk\/produkt\/xtreme-cistic-dlazby-5l\/#breadcrumb\",\"itemListElement\":[{\"@type\":\"ListItem\",\"position\":1,\"name\":\"Dom\u016f\",\"item\":\"https:\/\/smartseal.cz\/sk\/\"},{\"@type\":\"ListItem\",\"position\":2,\"name\":\"Obchod\",\"item\":\"https:\/\/smartseal.cz\/sk\/obchod\/\"},{\"@type\":\"ListItem\",\"position\":3,\"name\":\"Xtreme &#8211; \u010disti\u010d dla\u017eby, 5l\"}]},{\"@type\":\"WebSite\",\"@id\":\"https:\/\/smartseal.cz\/sk\/#website\",\"url\":\"https:\/\/smartseal.cz\/sk\/\",\"name\":\"Smartseal Slovensko\",\"description\":\"Chytr\u00e9 n\u00e1tery na v\u0161etky povrchy\",\"potentialAction\":[{\"@type\":\"SearchAction\",\"target\":{\"@type\":\"EntryPoint\",\"urlTemplate\":\"https:\/\/smartseal.cz\/sk\/?s={search_term_string}\"},\"query-input\":{\"@type\":\"PropertyValueSpecification\",\"valueRequired\":true,\"valueName\":\"search_term_string\"}}],\"inLanguage\":\"sk-SK\"}]}<\/script>\n<!-- \/ Yoast SEO Premium plugin. -->","yoast_head_json":{"title":"Xtreme - \u010disti\u010d dla\u017eby 5L I Smartseal Slovensko","description":"P\u0159\u00edpravek Xtreme - \u010disti\u010d na dla\u017ebu v\u00e1s zbav\u00ed \u0161p\u00edny ze z\u00e1mkov\u00e9 dla\u017eby, betonu nebo kamene u\u017e za 60. minut. 5l o\u0161et\u0159\u00edte plochu cca 40m2","robots":{"index":"index","follow":"follow","max-snippet":"max-snippet:-1","max-image-preview":"max-image-preview:large","max-video-preview":"max-video-preview:-1"},"canonical":"https:\/\/smartseal.cz\/sk\/produkt\/xtreme-cistic-dlazby-5l\/","og_locale":"sk_SK","og_type":"article","og_title":"Xtreme - \u010disti\u010d dla\u017eby, 5l","og_description":"P\u0159\u00edpravek Xtreme - \u010disti\u010d na dla\u017ebu v\u00e1s zbav\u00ed \u0161p\u00edny ze z\u00e1mkov\u00e9 dla\u017eby, betonu nebo kamene u\u017e za 60. minut. 5l o\u0161et\u0159\u00edte plochu cca 40m2","og_url":"https:\/\/smartseal.cz\/sk\/produkt\/xtreme-cistic-dlazby-5l\/","og_site_name":"Smartseal Slovensko","article_modified_time":"2026-04-03T12:33:26+00:00","og_image":[{"width":800,"height":800,"url":"https:\/\/smartseal.cz\/sk\/wp-content\/uploads\/2022\/04\/foto_barel_5L-2.jpg","type":"image\/jpeg"}],"twitter_card":"summary_large_image","twitter_misc":{"Predpokladan\u00fd \u010das \u010d\u00edtania":"3 min\u00faty"},"schema":{"@context":"https:\/\/schema.org","@graph":[{"@type":"WebPage","@id":"https:\/\/smartseal.cz\/sk\/produkt\/xtreme-cistic-dlazby-5l\/","url":"https:\/\/smartseal.cz\/sk\/produkt\/xtreme-cistic-dlazby-5l\/","name":"Xtreme - \u010disti\u010d dla\u017eby 5L I Smartseal Slovensko","isPartOf":{"@id":"https:\/\/smartseal.cz\/sk\/#website"},"primaryImageOfPage":{"@id":"https:\/\/smartseal.cz\/sk\/produkt\/xtreme-cistic-dlazby-5l\/#primaryimage"},"image":{"@id":"https:\/\/smartseal.cz\/sk\/produkt\/xtreme-cistic-dlazby-5l\/#primaryimage"},"thumbnailUrl":"https:\/\/smartseal.cz\/sk\/wp-content\/uploads\/2022\/04\/foto_barel_5L-2.jpg","datePublished":"2022-09-20T11:23:50+00:00","dateModified":"2026-04-03T12:33:26+00:00","description":"P\u0159\u00edpravek Xtreme - \u010disti\u010d na dla\u017ebu v\u00e1s zbav\u00ed \u0161p\u00edny ze z\u00e1mkov\u00e9 dla\u017eby, betonu nebo kamene u\u017e za 60. minut. 5l o\u0161et\u0159\u00edte plochu cca 40m2","breadcrumb":{"@id":"https:\/\/smartseal.cz\/sk\/produkt\/xtreme-cistic-dlazby-5l\/#breadcrumb"},"inLanguage":"sk-SK","potentialAction":[{"@type":"ReadAction","target":["https:\/\/smartseal.cz\/sk\/produkt\/xtreme-cistic-dlazby-5l\/"]}]},{"@type":"ImageObject","inLanguage":"sk-SK","@id":"https:\/\/smartseal.cz\/sk\/produkt\/xtreme-cistic-dlazby-5l\/#primaryimage","url":"https:\/\/smartseal.cz\/sk\/wp-content\/uploads\/2022\/04\/foto_barel_5L-2.jpg","contentUrl":"https:\/\/smartseal.cz\/sk\/wp-content\/uploads\/2022\/04\/foto_barel_5L-2.jpg","width":800,"height":800},{"@type":"BreadcrumbList","@id":"https:\/\/smartseal.cz\/sk\/produkt\/xtreme-cistic-dlazby-5l\/#breadcrumb","itemListElement":[{"@type":"ListItem","position":1,"name":"Dom\u016f","item":"https:\/\/smartseal.cz\/sk\/"},{"@type":"ListItem","position":2,"name":"Obchod","item":"https:\/\/smartseal.cz\/sk\/obchod\/"},{"@type":"ListItem","position":3,"name":"Xtreme &#8211; \u010disti\u010d dla\u017eby, 5l"}]},{"@type":"WebSite","@id":"https:\/\/smartseal.cz\/sk\/#website","url":"https:\/\/smartseal.cz\/sk\/","name":"Smartseal Slovensko","description":"Chytr\u00e9 n\u00e1tery na v\u0161etky povrchy","potentialAction":[{"@type":"SearchAction","target":{"@type":"EntryPoint","urlTemplate":"https:\/\/smartseal.cz\/sk\/?s={search_term_string}"},"query-input":{"@type":"PropertyValueSpecification","valueRequired":true,"valueName":"search_term_string"}}],"inLanguage":"sk-SK"}]}},"_links":{"self":[{"href":"https:\/\/smartseal.cz\/sk\/wp-json\/wp\/v2\/product\/10012","targetHints":{"allow":["GET"]}}],"collection":[{"href":"https:\/\/smartseal.cz\/sk\/wp-json\/wp\/v2\/product"}],"about":[{"href":"https:\/\/smartseal.cz\/sk\/wp-json\/wp\/v2\/types\/product"}],"replies":[{"embeddable":true,"href":"https:\/\/smartseal.cz\/sk\/wp-json\/wp\/v2\/comments?post=10012"}],"wp:featuredmedia":[{"embeddable":true,"href":"https:\/\/smartseal.cz\/sk\/wp-json\/wp\/v2\/media\/8731"}],"wp:attachment":[{"href":"https:\/\/smartseal.cz\/sk\/wp-json\/wp\/v2\/media?parent=10012"}],"wp:term":[{"taxonomy":"product_brand","embeddable":true,"href":"https:\/\/smartseal.cz\/sk\/wp-json\/wp\/v2\/product_brand?post=10012"},{"taxonomy":"product_cat","embeddable":true,"href":"https:\/\/smartseal.cz\/sk\/wp-json\/wp\/v2\/product_cat?post=10012"},{"taxonomy":"product_tag","embeddable":true,"href":"https:\/\/smartseal.cz\/sk\/wp-json\/wp\/v2\/product_tag?post=10012"}],"curies":[{"name":"wp","href":"https:\/\/api.w.org\/{rel}","templated":true}]}}