{"id":4468,"date":"2019-05-04T16:56:32","date_gmt":"2019-05-04T14:56:32","guid":{"rendered":"https:\/\/smartseal.cz\/sk\/?page_id=4468"},"modified":"2022-10-26T13:09:59","modified_gmt":"2022-10-26T11:09:59","slug":"video-navody","status":"publish","type":"page","link":"https:\/\/smartseal.cz\/sk\/video-navody\/","title":{"rendered":"Video n\u00e1vody"},"content":{"rendered":"\n<h2 class=\"wp-block-heading\" id=\"h-video-navody-smartseal-cz\">Video n\u00e1vody Smartseal.cz<\/h2>\n\n\n\n<p>Jak pou\u017e\u00edvat produkty smartseal? Pod\u00edvejte se na videa!<\/p>\n\n\n\n<p>Nev\u00edte, jak postupovat p\u0159i obnov\u011b z\u00e1mkov\u00e9 dla\u017eby nebo kolik materi\u00e1lu budete pot\u0159ebovat? V n\u00e1sleduj\u00edc\u00ed sekci najdete n\u00e1zorn\u00e9 a praktick\u00e9 video n\u00e1vody, kter\u00e9 by v\u00e1m s t\u011bmito a dal\u0161\u00edmi ot\u00e1zkami mohly pomoci.<\/p>\n\n\n\n<h3 class=\"wp-block-heading\" id=\"h-jak-vycistit-zasle-spary\">Jak vy\u010distit za\u0161l\u00e9 sp\u00e1ry<\/h3>\n\n\n\n<p>Jednoduch\u00fd n\u00e1vod, jak vy\u010distit star\u00e9 a za\u0161l\u00e9 sp\u00e1ry v koupeln\u011b, kuchyni nebo jinde v interi\u00e9ru.<\/p>\n\n\n<div class=\"video-shortcode\"><iframe title=\"Jak vy\u010distit za\u0161l\u00e9 sp\u00e1ry - Smartseal\" width=\"1200\" height=\"675\" src=\"https:\/\/www.youtube.com\/embed\/aXYYBVynFR8?feature=oembed\" frameborder=\"0\" allow=\"accelerometer; autoplay; clipboard-write; encrypted-media; gyroscope; picture-in-picture\" allowfullscreen><\/iframe><\/div>\n\n\n\n<h3 class=\"wp-block-heading\" id=\"h-5-kroku-k-nove-zamkove-dlazbe\">5 krok\u016f k nov\u00e9 z\u00e1mkov\u00e9 dla\u017eb\u011b<\/h3>\n\n\n\n<p>Chcete renovovat starou z\u00e1mkovou dla\u017ebu? V&nbsp;tomto videu v\u00e1m uk\u00e1\u017eeme, jak toho m\u016f\u017eete doc\u00edlit.<\/p>\n\n\n<div class=\"video-shortcode\"><iframe title=\"Ze star\u00e9 dla\u017eby nov\u00e1 v pouh\u00fdch 5 kroc\u00edch\" width=\"1200\" height=\"675\" src=\"https:\/\/www.youtube.com\/embed\/NGg45qG4Usg?feature=oembed\" frameborder=\"0\" allow=\"accelerometer; autoplay; clipboard-write; encrypted-media; gyroscope; picture-in-picture\" allowfullscreen><\/iframe><\/div>\n\n\n\n<h3 class=\"wp-block-heading\" id=\"h-jak-jednoduse-vycistit-zamkovou-dlazbu\">Jak JEDNODU\u0160E vy\u010distit z\u00e1mkovou dla\u017ebu<\/h3>\n\n\n\n<p>Pomoc\u00ed v\u00fdrobk\u016f Xtreme u\u017e za 60 minut vy\u010dist\u00edte zne\u010di\u0161t\u011bnou plochu, jako je chodn\u00edk, terasa, st\u0159echa nebo d\u0159evo.<\/p>\n\n\n<div class=\"video-shortcode\"><iframe title=\"Jak JEDNODU\u0160E vy\u010distit z\u00e1mkovou dla\u017ebu, st\u0159echu, terasu nebo p\u0159\u00edjezdovou cestu\" width=\"1200\" height=\"675\" src=\"https:\/\/www.youtube.com\/embed\/QR_lf7C-reU?feature=oembed\" frameborder=\"0\" allow=\"accelerometer; autoplay; clipboard-write; encrypted-media; gyroscope; picture-in-picture\" allowfullscreen><\/iframe><\/div>\n\n\n\n<h3 class=\"wp-block-heading\" id=\"h-krok-za-krokem-cisteni-a-impregnace-terasy\">Krok za krokem \u2013 \u010ci\u0161t\u011bn\u00ed a impregnace terasy<\/h3>\n\n\n\n<p>Pod\u00edvejte se jak postupovat p\u0159i \u010di\u0161t\u011bn\u00ed a impregnaci terasy za pou\u017eit\u00ed v\u00fdrobk\u016f Smartseal.<\/p>\n\n\n<div class=\"video-shortcode\"><iframe title=\"\u010ci\u0161t\u011bn\u00ed terasy z p\u0159\u00edrodn\u00edho kamene\" width=\"1200\" height=\"675\" src=\"https:\/\/www.youtube.com\/embed\/zEdXeAkObTI?feature=oembed\" frameborder=\"0\" allow=\"accelerometer; autoplay; clipboard-write; encrypted-media; gyroscope; picture-in-picture\" allowfullscreen><\/iframe><\/div>\n\n\n\n<h3 class=\"wp-block-heading\" id=\"h-jak-spocitat-material-potrebny-k-renovaci-dlazby\">Jak spo\u010d\u00edtat materi\u00e1l pot\u0159ebn\u00fd k renovaci dla\u017eby<\/h3>\n\n\n\n<p>Video n\u00e1vod, jak vypo\u010d\u00edtat spot\u0159ebu impregna\u010dn\u00edho n\u00e1t\u011bru na z\u00e1mkovou dla\u017ebu.<\/p>\n\n\n<div class=\"video-shortcode\"><iframe title=\"Jak zm\u011b\u0159it spot\u0159ebu produktu\" width=\"1200\" height=\"675\" src=\"https:\/\/www.youtube.com\/embed\/mOmM63a1kcw?feature=oembed\" frameborder=\"0\" allow=\"accelerometer; autoplay; clipboard-write; encrypted-media; gyroscope; picture-in-picture\" allowfullscreen><\/iframe><\/div>\n\n\n\n<h3 class=\"wp-block-heading\" id=\"h-kompletni-pruvodce-pro-cisteni-zamkove-dlazby\">Kompletn\u00ed pr\u016fvodce pro \u010di\u0161t\u011bn\u00ed z\u00e1mkov\u00e9 dla\u017eby<\/h3>\n\n\n\n<p>V&nbsp;podrobn\u00e9m n\u00e1vodu uvid\u00edte, jak vy\u010distit a zrenovovat z\u00e1mkovou dla\u017ebu. Video obsahuje podrobn\u00e9 informace o pou\u017eit\u00fdch v\u00fdrobc\u00edch, jejich pom\u011brech i rady, na co byste p\u0159i aplikaci nem\u011bli zapomenout.<\/p>\n\n\n<div class=\"video-shortcode\"><iframe title=\"KOMPLETN\u00cd pr\u016fvodce Jak vy\u010distit a zrenovovat z\u00e1mkovou dla\u017ebu.\" width=\"1200\" height=\"675\" src=\"https:\/\/www.youtube.com\/embed\/v4RWgFyEUkM?feature=oembed\" frameborder=\"0\" allow=\"accelerometer; autoplay; clipboard-write; encrypted-media; gyroscope; picture-in-picture\" allowfullscreen><\/iframe><\/div>\n\n\n\n<p>Nena\u0161li jste odpov\u011bdi na va\u0161e ot\u00e1zky? <a href=\"\/kontakt\/\">Kontaktujte<\/a> n\u011bkoho z na\u0161eho mil\u00e9ho t\u00fdmu. Jsme v\u00e1m pln\u011b k dispozici.<\/p>\n","protected":false},"excerpt":{"rendered":"<p>Video n\u00e1vody Smartseal.cz Jak pou\u017e\u00edvat produkty smartseal? Pod\u00edvejte se na  [&#8230;]<\/p>\n","protected":false},"author":1,"featured_media":0,"parent":0,"menu_order":0,"comment_status":"closed","ping_status":"closed","template":"","meta":{"footnotes":""},"class_list":["post-4468","page","type-page","status-publish","hentry"],"yoast_head":"<!-- This site is optimized with the Yoast SEO Premium plugin v26.8 (Yoast SEO v26.9) - https:\/\/yoast.com\/product\/yoast-seo-premium-wordpress\/ -->\n<title>Video n\u00e1vody - Smartseal Slovensko<\/title>\n<meta name=\"robots\" content=\"index, follow, max-snippet:-1, max-image-preview:large, max-video-preview:-1\" \/>\n<link rel=\"canonical\" href=\"https:\/\/smartseal.cz\/sk\/video-navody\/\" \/>\n<meta property=\"og:locale\" content=\"sk_SK\" \/>\n<meta property=\"og:type\" content=\"article\" \/>\n<meta property=\"og:title\" content=\"Video n\u00e1vody\" \/>\n<meta property=\"og:description\" content=\"Video n\u00e1vody Smartseal.cz Jak pou\u017e\u00edvat produkty smartseal? Pod\u00edvejte se na [...]\" \/>\n<meta property=\"og:url\" content=\"https:\/\/smartseal.cz\/sk\/video-navody\/\" \/>\n<meta property=\"og:site_name\" content=\"Smartseal Slovensko\" \/>\n<meta property=\"article:modified_time\" content=\"2022-10-26T11:09:59+00:00\" \/>\n<meta name=\"twitter:card\" content=\"summary_large_image\" \/>\n<meta name=\"twitter:label1\" content=\"Predpokladan\u00fd \u010das \u010d\u00edtania\" \/>\n\t<meta name=\"twitter:data1\" content=\"2 min\u00faty\" \/>\n<script type=\"application\/ld+json\" class=\"yoast-schema-graph\">{\"@context\":\"https:\/\/schema.org\",\"@graph\":[{\"@type\":\"WebPage\",\"@id\":\"https:\/\/smartseal.cz\/sk\/video-navody\/\",\"url\":\"https:\/\/smartseal.cz\/sk\/video-navody\/\",\"name\":\"Video n\u00e1vody - Smartseal Slovensko\",\"isPartOf\":{\"@id\":\"https:\/\/smartseal.cz\/sk\/#website\"},\"datePublished\":\"2019-05-04T14:56:32+00:00\",\"dateModified\":\"2022-10-26T11:09:59+00:00\",\"breadcrumb\":{\"@id\":\"https:\/\/smartseal.cz\/sk\/video-navody\/#breadcrumb\"},\"inLanguage\":\"sk-SK\",\"potentialAction\":[{\"@type\":\"ReadAction\",\"target\":[\"https:\/\/smartseal.cz\/sk\/video-navody\/\"]}]},{\"@type\":\"BreadcrumbList\",\"@id\":\"https:\/\/smartseal.cz\/sk\/video-navody\/#breadcrumb\",\"itemListElement\":[{\"@type\":\"ListItem\",\"position\":1,\"name\":\"Dom\u016f\",\"item\":\"https:\/\/smartseal.cz\/sk\/\"},{\"@type\":\"ListItem\",\"position\":2,\"name\":\"Video n\u00e1vody\"}]},{\"@type\":\"WebSite\",\"@id\":\"https:\/\/smartseal.cz\/sk\/#website\",\"url\":\"https:\/\/smartseal.cz\/sk\/\",\"name\":\"Smartseal Slovensko\",\"description\":\"Chytr\u00e9 n\u00e1tery na v\u0161etky povrchy\",\"potentialAction\":[{\"@type\":\"SearchAction\",\"target\":{\"@type\":\"EntryPoint\",\"urlTemplate\":\"https:\/\/smartseal.cz\/sk\/?s={search_term_string}\"},\"query-input\":{\"@type\":\"PropertyValueSpecification\",\"valueRequired\":true,\"valueName\":\"search_term_string\"}}],\"inLanguage\":\"sk-SK\"}]}<\/script>\n<!-- \/ Yoast SEO Premium plugin. -->","yoast_head_json":{"title":"Video n\u00e1vody - Smartseal Slovensko","robots":{"index":"index","follow":"follow","max-snippet":"max-snippet:-1","max-image-preview":"max-image-preview:large","max-video-preview":"max-video-preview:-1"},"canonical":"https:\/\/smartseal.cz\/sk\/video-navody\/","og_locale":"sk_SK","og_type":"article","og_title":"Video n\u00e1vody","og_description":"Video n\u00e1vody Smartseal.cz Jak pou\u017e\u00edvat produkty smartseal? Pod\u00edvejte se na [...]","og_url":"https:\/\/smartseal.cz\/sk\/video-navody\/","og_site_name":"Smartseal Slovensko","article_modified_time":"2022-10-26T11:09:59+00:00","twitter_card":"summary_large_image","twitter_misc":{"Predpokladan\u00fd \u010das \u010d\u00edtania":"2 min\u00faty"},"schema":{"@context":"https:\/\/schema.org","@graph":[{"@type":"WebPage","@id":"https:\/\/smartseal.cz\/sk\/video-navody\/","url":"https:\/\/smartseal.cz\/sk\/video-navody\/","name":"Video n\u00e1vody - Smartseal Slovensko","isPartOf":{"@id":"https:\/\/smartseal.cz\/sk\/#website"},"datePublished":"2019-05-04T14:56:32+00:00","dateModified":"2022-10-26T11:09:59+00:00","breadcrumb":{"@id":"https:\/\/smartseal.cz\/sk\/video-navody\/#breadcrumb"},"inLanguage":"sk-SK","potentialAction":[{"@type":"ReadAction","target":["https:\/\/smartseal.cz\/sk\/video-navody\/"]}]},{"@type":"BreadcrumbList","@id":"https:\/\/smartseal.cz\/sk\/video-navody\/#breadcrumb","itemListElement":[{"@type":"ListItem","position":1,"name":"Dom\u016f","item":"https:\/\/smartseal.cz\/sk\/"},{"@type":"ListItem","position":2,"name":"Video n\u00e1vody"}]},{"@type":"WebSite","@id":"https:\/\/smartseal.cz\/sk\/#website","url":"https:\/\/smartseal.cz\/sk\/","name":"Smartseal Slovensko","description":"Chytr\u00e9 n\u00e1tery na v\u0161etky povrchy","potentialAction":[{"@type":"SearchAction","target":{"@type":"EntryPoint","urlTemplate":"https:\/\/smartseal.cz\/sk\/?s={search_term_string}"},"query-input":{"@type":"PropertyValueSpecification","valueRequired":true,"valueName":"search_term_string"}}],"inLanguage":"sk-SK"}]}},"_links":{"self":[{"href":"https:\/\/smartseal.cz\/sk\/wp-json\/wp\/v2\/pages\/4468","targetHints":{"allow":["GET"]}}],"collection":[{"href":"https:\/\/smartseal.cz\/sk\/wp-json\/wp\/v2\/pages"}],"about":[{"href":"https:\/\/smartseal.cz\/sk\/wp-json\/wp\/v2\/types\/page"}],"author":[{"embeddable":true,"href":"https:\/\/smartseal.cz\/sk\/wp-json\/wp\/v2\/users\/1"}],"replies":[{"embeddable":true,"href":"https:\/\/smartseal.cz\/sk\/wp-json\/wp\/v2\/comments?post=4468"}],"version-history":[{"count":4,"href":"https:\/\/smartseal.cz\/sk\/wp-json\/wp\/v2\/pages\/4468\/revisions"}],"predecessor-version":[{"id":10671,"href":"https:\/\/smartseal.cz\/sk\/wp-json\/wp\/v2\/pages\/4468\/revisions\/10671"}],"wp:attachment":[{"href":"https:\/\/smartseal.cz\/sk\/wp-json\/wp\/v2\/media?parent=4468"}],"curies":[{"name":"wp","href":"https:\/\/api.w.org\/{rel}","templated":true}]}}