{"id":4461,"date":"2019-05-04T14:38:38","date_gmt":"2019-05-04T12:38:38","guid":{"rendered":"https:\/\/smartseal.cz\/sk\/?page_id=4461"},"modified":"2019-05-04T14:45:20","modified_gmt":"2019-05-04T12:45:20","slug":"prohlaseni-o-cookies","status":"publish","type":"page","link":"https:\/\/smartseal.cz\/sk\/prohlaseni-o-cookies\/","title":{"rendered":"Prohl\u00e1\u0161en\u00ed o cookies"},"content":{"rendered":"<h2>Prohl\u00e1\u0161en\u00ed o Cookies<\/h2>\n<p>pou\u017e\u00edvan\u00fdch na webu Smartseal.cz<\/p>\n<p>Na z\u00e1klad\u011b \u00a7 89 z\u00e1kona \u010d. 127\/2005 Sb., o elektronick\u00fdch komunikac\u00edch, bychom v\u00e1s r\u00e1di informovali, \u017ee na\u0161e webov\u00e9 str\u00e1nky vyu\u017e\u00edvaj\u00ed tzv. cookies. Jsou to mal\u00e9 textov\u00e9 soubory, kter\u00e9 si na\u0161e webov\u00e9 str\u00e1nky ulo\u017e\u00ed do va\u0161eho po\u010d\u00edta\u010de. D\u00edky cookies zaznamen\u00e1v\u00e1 webov\u00e1 str\u00e1nka informace o va\u0161\u00ed n\u00e1v\u0161t\u011bv\u011b, nap\u0159\u00edklad informace o preferovan\u00e9m jazyce a jin\u00fdch nastaven\u00edch. P\u0159\u00ed\u0161t\u00ed va\u0161e n\u00e1v\u0161t\u011bva t\u00e9to str\u00e1nky tak m\u016f\u017ee b\u00fdt mnohem jednodu\u0161\u0161\u00ed.<\/p>\n<p><strong>Trval\u00e9 cookies<\/strong><\/p>\n<p>Tyto cookies z\u016fst\u00e1vaj\u00ed v&nbsp;za\u0159\u00edzen\u00ed u\u017eivatele po&nbsp;dobu, kter\u00e1 je stanoven\u00e1 v&nbsp;souboru cookie. Aktivuj\u00ed se v\u017edy, kdy\u017e u\u017eivatel nav\u0161t\u00edv\u00ed webovou str\u00e1nku, kter\u00e1 dan\u00fd soubor cookie vytvo\u0159ila.<\/p>\n<p><strong>Rela\u010dn\u00ed cookies<\/strong><\/p>\n<p>Tyto soubory umo\u017e\u0148uj\u00ed provozovatel\u016fm webov\u00fdch str\u00e1nek propojovat jednotliv\u00e9 aktivity u\u017eivatele po&nbsp;dobu prohl\u00ed\u017een\u00ed webov\u00fdch str\u00e1nek. V&nbsp;okam\u017eiku otev\u0159en\u00ed okna prohl\u00ed\u017ee\u010de se&nbsp;tyto soubory aktivuj\u00ed a&nbsp;deaktivuj\u00ed se&nbsp;po zav\u0159en\u00ed okna prohl\u00ed\u017ee\u010de. Rela\u010dn\u00ed cookies jsou do\u010dasn\u00e9 a&nbsp;po zav\u0159en\u00ed prohl\u00ed\u017ee\u010de se&nbsp;v\u0161echny tyto soubory vyma\u017eou.<\/p>\n<p>Cookies maj\u00ed r\u016fzn\u00e9 funkce, jako nap\u0159\u00edklad efektivn\u011bj\u0161\u00ed vyhled\u00e1v\u00e1n\u00ed mezi jednotliv\u00fdmi webov\u00fdmi str\u00e1nkami, pamatuj\u00ed si&nbsp;va\u0161e preference a&nbsp;celkov\u011b zvy\u0161uj\u00ed u\u017eivatelsk\u00fd komfort. Tak\u00e9 mohou zajistit, aby reklamy, kter\u00e9 vid\u00edte online, odpov\u00eddaly va\u0161im z\u00e1jm\u016fm a&nbsp;preferenc\u00edm.<\/p>\n<h3>Pou\u017e\u00edvan\u00e9 cookies<\/h3>\n<p><strong>Nezbytn\u00e9 cookies<\/strong><\/p>\n<p>Tyto cookies jsou bezpodm\u00edne\u010dn\u011b nutn\u00e9 pro fungov\u00e1n\u00ed webov\u00fdch str\u00e1nek a&nbsp;souhlas u\u017eivatele s&nbsp;t\u011bmito cookies nen\u00ed vy\u017eadov\u00e1n. Bez&nbsp;t\u011bchto cookies nebudou n\u011bkter\u00e9 funkce webov\u00fdch str\u00e1nek mo\u017en\u00e9.<\/p>\n<p><strong>V\u00fdkonnostn\u00ed cookies<\/strong><\/p>\n<p>Tyto cookies shroma\u017e\u010fuj\u00ed anonymn\u00ed informace o&nbsp;nav\u0161t\u00edven\u00fdch str\u00e1nk\u00e1ch. Otev\u0159en\u00edm webov\u00fdch str\u00e1nek d\u00e1v\u00e1te souhlas s&nbsp;um\u00edst\u011bn\u00edm t\u011bchto cookies ve&nbsp;va\u0161em za\u0159\u00edzen\u00ed. Tyto soubory cookies shroma\u017e\u010fuj\u00ed informace o&nbsp;tom, jak\u00fdm zp\u016fsobem n\u00e1v\u0161t\u011bvn\u00edk u\u017e\u00edv\u00e1 webov\u00e9 str\u00e1nky, nap\u0159\u00edklad kter\u00e9 str\u00e1nky nej\u010dast\u011bji nav\u0161t\u011bvuje a&nbsp;zda dost\u00e1v\u00e1 z&nbsp;webov\u00e9 str\u00e1nky chybov\u00e9 zpr\u00e1vy. Tyto cookies neshroma\u017e\u010fuj\u00ed identifika\u010dn\u00ed \u00fadaje o&nbsp;u\u017eivateli, v\u0161echny informace jsou agregovan\u00e9 a&nbsp;tedy anonymn\u00ed. Tyto cookies se&nbsp;pou\u017e\u00edvaj\u00ed pouze ke&nbsp;zlep\u0161en\u00ed fungov\u00e1n\u00ed webov\u00fdch str\u00e1nek.<\/p>\n<p><strong>Funk\u010dn\u00ed cookies<\/strong><\/p>\n<p>Tyto cookies si&nbsp;pamatuj\u00ed va\u0161e volby a&nbsp;na z\u00e1klad\u011b toho zlep\u0161uj\u00ed v\u00e1\u0161 u\u017eivatelsk\u00fd komfort p\u0159i u\u017eit\u00ed webov\u00fdch str\u00e1nek. Otev\u0159en\u00edm webov\u00fdch str\u00e1nek d\u00e1v\u00e1te souhlas s&nbsp;um\u00edst\u011bn\u00edm t\u011bchto cookies ve&nbsp;va\u0161em za\u0159\u00edzen\u00ed.<\/p>\n<p>Funk\u010dn\u00ed cookies umo\u017e\u0148uj\u00ed webov\u00e9 str\u00e1nce zapamatovat si&nbsp;va\u0161e volby (nap\u0159. va\u0161e u\u017eivatelsk\u00e9 jm\u00e9no, jazyk nebo oblast, kde se&nbsp;nach\u00e1z\u00edte) a&nbsp;t\u00edm roz\u0161i\u0159uj\u00ed v\u00e1m l\u00e9pe vyhovuj\u00edc\u00ed funkcionality str\u00e1nek. Tyto cookies si&nbsp;mohou tak\u00e9 zapamatovat zm\u011bny ve&nbsp;velikosti p\u00edsma, fontu a&nbsp;dal\u0161\u00edch \u010d\u00e1st\u00ed webov\u00fdch str\u00e1nek, tak jak si&nbsp;je u\u017eivatel p\u0159izp\u016fsobil. D\u00e1le umo\u017e\u0148uj\u00ed vyu\u017eit\u00ed slu\u017eeb, o&nbsp;kter\u00e9 u\u017eivatel po\u017e\u00e1dal, jako je sledov\u00e1n\u00ed vide\u00ed, um\u00edst\u011bn\u00ed koment\u00e1\u0159\u016f na&nbsp;blogu apod. Informace shroma\u017e\u010fovan\u00e9 prost\u0159ednictv\u00edm t\u011bchto cookies mohou b\u00fdt anonymn\u00ed a&nbsp;nesleduj\u00ed va\u0161e aktivity p\u0159i n\u00e1v\u0161t\u011bv\u011b jin\u00fdch webov\u00fdch str\u00e1nek.<\/p>\n<p><strong>C\u00edlen\u00e9 nebo reklamn\u00ed cookies<\/strong><\/p>\n<p>Tyto cookies shroma\u017e\u010fuj\u00ed informace o&nbsp;va\u0161ich zvyklostech p\u0159i vyhled\u00e1v\u00e1n\u00ed a&nbsp;podle toho c\u00edl\u00ed reklamn\u00ed sd\u011blen\u00ed relevantn\u00ed k&nbsp;va\u0161im z\u00e1jm\u016fm a&nbsp;va\u0161\u00ed osob\u011b.<\/p>\n<p>Tyto cookies jsou vyu\u017e\u00edv\u00e1ny s&nbsp;c\u00edlem lep\u0161\u00edho zac\u00edlen\u00ed reklamy na&nbsp;u\u017eivatele. Tak\u00e9 se&nbsp;vyu\u017e\u00edvaj\u00ed pro omezen\u00ed po\u010dtu reklamn\u00edch sd\u011blen\u00ed v\u016f\u010di jednomu u\u017eivateli a&nbsp;zefektiv\u0148uj\u00ed reklamn\u00ed kampan\u011b. Tyto cookies jsou zpravidla umis\u0165ov\u00e1ny na&nbsp;webov\u00e9 str\u00e1nky t\u0159et\u00edmi stranami se&nbsp;souhlasem provozovatele webov\u00fdch str\u00e1nek. Cookies si&nbsp;zapamatuj\u00ed, \u017ee u\u017eivatel str\u00e1nku nav\u0161t\u00edvil a&nbsp;tuto informaci pak sd\u00edlej\u00ed s&nbsp;dal\u0161\u00edmi subjekty. Velmi \u010dasto jsou pak tyto cookies spojeny s&nbsp;funkcionalitou str\u00e1nek zaji\u0161\u0165ovanou dal\u0161\u00edm subjektem.<\/p>\n<p>N\u00ed\u017ee naleznete odkaz na slu\u017eby, kter\u00e9 na na\u0161em webu cookies sb\u00edraj\u00ed:<\/p>\n<ul>\n<li>Google (<a href=\"https:\/\/privacy.google.com\/businesses\/processorterms\/\">Ads Data Processing Terms<\/a>)<\/li>\n<li>Google Analytics a Google Adwords (<a href=\"https:\/\/www.google.com\/analytics\/terms\/dpa\/dataprocessingamendment_20160909.html\">Data Processing Amendment<\/a>,<a href=\"https:\/\/mailchimp.com\/legal\/forms\/data-processing-agreement\/index.php\">Data Processing Addendum<\/a>)<\/li>\n<li>Facebook (<a href=\"https:\/\/www.facebook.com\/full_data_use_policy\">Data Policy<\/a>)<\/li>\n<li>Sklik (<a href=\"https:\/\/napoveda.sklik.cz\/pravidla\/smluvni-podminky\/#ochrana_spotrebitele\">Smluvn\u00ed podm\u00ednky pro inzerenty<\/a>)<\/li>\n<li>Seznam (zbo\u017e\u00ed.cz) (<a href=\"https:\/\/napoveda.seznam.cz\/cz\/vop\/\">cz VOP<\/a>)<\/li>\n<li>\u010cesk\u00e1 po\u0161ta (<a href=\"https:\/\/www.ceskaposta.cz\/ke-stazeni\/postovni-podminky\">Po\u0161tovn\u00ed podm\u00ednky<\/a>)<\/li>\n<li>PPL (<a href=\"https:\/\/www.ppl.cz\/ftp\/dokumenty_ke_stazeni\/Obchodni%20podminky.pdf\">VOP<\/a>)<\/li>\n<\/ul>\n<h3>Nastaven\u00ed prohl\u00ed\u017ee\u010de a nastaven\u00ed cookies<\/h3>\n<p>Standardn\u00ed webov\u00e9 prohl\u00ed\u017ee\u010de (Internet Explorer, Mozilla Firefox, Google Chrome apod.) podporuj\u00ed spr\u00e1vu cookies. V r\u00e1mci nastaven\u00ed prohl\u00ed\u017ee\u010d\u016f lze jednotliv\u00e9 cookie ru\u010dn\u011b mazat, blokovat \u010di zcela zak\u00e1zat jejich pou\u017eit\u00ed, p\u0159\u00edpadn\u011b je blokovat nebo povolit jen pro jednotliv\u00e9 internetov\u00e9 str\u00e1nky. V\u00edce informac\u00ed zjist\u00edte v n\u00e1pov\u011bd\u011b sv\u00e9ho po\u010d\u00edta\u010de.<\/p>\n","protected":false},"excerpt":{"rendered":"<p>Prohl\u00e1\u0161en\u00ed o Cookies pou\u017e\u00edvan\u00fdch na webu Smartseal.cz Na z\u00e1klad\u011b \u00a7  [&#8230;]<\/p>\n","protected":false},"author":1,"featured_media":0,"parent":0,"menu_order":0,"comment_status":"closed","ping_status":"closed","template":"","meta":{"footnotes":""},"class_list":["post-4461","page","type-page","status-publish","hentry"],"yoast_head":"<!-- This site is optimized with the Yoast SEO Premium plugin v26.8 (Yoast SEO v26.9) - https:\/\/yoast.com\/product\/yoast-seo-premium-wordpress\/ -->\n<title>Prohl\u00e1\u0161en\u00ed o cookies - Smartseal Slovensko<\/title>\n<meta name=\"robots\" content=\"index, follow, max-snippet:-1, max-image-preview:large, max-video-preview:-1\" \/>\n<link rel=\"canonical\" href=\"https:\/\/smartseal.cz\/sk\/prohlaseni-o-cookies\/\" \/>\n<meta property=\"og:locale\" content=\"sk_SK\" \/>\n<meta property=\"og:type\" content=\"article\" \/>\n<meta property=\"og:title\" content=\"Prohl\u00e1\u0161en\u00ed o cookies\" \/>\n<meta property=\"og:description\" content=\"Prohl\u00e1\u0161en\u00ed o Cookies pou\u017e\u00edvan\u00fdch na webu Smartseal.cz Na z\u00e1klad\u011b \u00a7 [...]\" \/>\n<meta property=\"og:url\" content=\"https:\/\/smartseal.cz\/sk\/prohlaseni-o-cookies\/\" \/>\n<meta property=\"og:site_name\" content=\"Smartseal Slovensko\" \/>\n<meta property=\"article:modified_time\" content=\"2019-05-04T12:45:20+00:00\" \/>\n<meta name=\"twitter:card\" content=\"summary_large_image\" \/>\n<meta name=\"twitter:label1\" content=\"Predpokladan\u00fd \u010das \u010d\u00edtania\" \/>\n\t<meta name=\"twitter:data1\" content=\"5 min\u00fat\" \/>\n<script type=\"application\/ld+json\" class=\"yoast-schema-graph\">{\"@context\":\"https:\/\/schema.org\",\"@graph\":[{\"@type\":\"WebPage\",\"@id\":\"https:\/\/smartseal.cz\/sk\/prohlaseni-o-cookies\/\",\"url\":\"https:\/\/smartseal.cz\/sk\/prohlaseni-o-cookies\/\",\"name\":\"Prohl\u00e1\u0161en\u00ed o cookies - Smartseal Slovensko\",\"isPartOf\":{\"@id\":\"https:\/\/smartseal.cz\/sk\/#website\"},\"datePublished\":\"2019-05-04T12:38:38+00:00\",\"dateModified\":\"2019-05-04T12:45:20+00:00\",\"breadcrumb\":{\"@id\":\"https:\/\/smartseal.cz\/sk\/prohlaseni-o-cookies\/#breadcrumb\"},\"inLanguage\":\"sk-SK\",\"potentialAction\":[{\"@type\":\"ReadAction\",\"target\":[\"https:\/\/smartseal.cz\/sk\/prohlaseni-o-cookies\/\"]}]},{\"@type\":\"BreadcrumbList\",\"@id\":\"https:\/\/smartseal.cz\/sk\/prohlaseni-o-cookies\/#breadcrumb\",\"itemListElement\":[{\"@type\":\"ListItem\",\"position\":1,\"name\":\"Dom\u016f\",\"item\":\"https:\/\/smartseal.cz\/sk\/\"},{\"@type\":\"ListItem\",\"position\":2,\"name\":\"Prohl\u00e1\u0161en\u00ed o cookies\"}]},{\"@type\":\"WebSite\",\"@id\":\"https:\/\/smartseal.cz\/sk\/#website\",\"url\":\"https:\/\/smartseal.cz\/sk\/\",\"name\":\"Smartseal Slovensko\",\"description\":\"Chytr\u00e9 n\u00e1tery na v\u0161etky povrchy\",\"potentialAction\":[{\"@type\":\"SearchAction\",\"target\":{\"@type\":\"EntryPoint\",\"urlTemplate\":\"https:\/\/smartseal.cz\/sk\/?s={search_term_string}\"},\"query-input\":{\"@type\":\"PropertyValueSpecification\",\"valueRequired\":true,\"valueName\":\"search_term_string\"}}],\"inLanguage\":\"sk-SK\"}]}<\/script>\n<!-- \/ Yoast SEO Premium plugin. -->","yoast_head_json":{"title":"Prohl\u00e1\u0161en\u00ed o cookies - Smartseal Slovensko","robots":{"index":"index","follow":"follow","max-snippet":"max-snippet:-1","max-image-preview":"max-image-preview:large","max-video-preview":"max-video-preview:-1"},"canonical":"https:\/\/smartseal.cz\/sk\/prohlaseni-o-cookies\/","og_locale":"sk_SK","og_type":"article","og_title":"Prohl\u00e1\u0161en\u00ed o cookies","og_description":"Prohl\u00e1\u0161en\u00ed o Cookies pou\u017e\u00edvan\u00fdch na webu Smartseal.cz Na z\u00e1klad\u011b \u00a7 [...]","og_url":"https:\/\/smartseal.cz\/sk\/prohlaseni-o-cookies\/","og_site_name":"Smartseal Slovensko","article_modified_time":"2019-05-04T12:45:20+00:00","twitter_card":"summary_large_image","twitter_misc":{"Predpokladan\u00fd \u010das \u010d\u00edtania":"5 min\u00fat"},"schema":{"@context":"https:\/\/schema.org","@graph":[{"@type":"WebPage","@id":"https:\/\/smartseal.cz\/sk\/prohlaseni-o-cookies\/","url":"https:\/\/smartseal.cz\/sk\/prohlaseni-o-cookies\/","name":"Prohl\u00e1\u0161en\u00ed o cookies - Smartseal Slovensko","isPartOf":{"@id":"https:\/\/smartseal.cz\/sk\/#website"},"datePublished":"2019-05-04T12:38:38+00:00","dateModified":"2019-05-04T12:45:20+00:00","breadcrumb":{"@id":"https:\/\/smartseal.cz\/sk\/prohlaseni-o-cookies\/#breadcrumb"},"inLanguage":"sk-SK","potentialAction":[{"@type":"ReadAction","target":["https:\/\/smartseal.cz\/sk\/prohlaseni-o-cookies\/"]}]},{"@type":"BreadcrumbList","@id":"https:\/\/smartseal.cz\/sk\/prohlaseni-o-cookies\/#breadcrumb","itemListElement":[{"@type":"ListItem","position":1,"name":"Dom\u016f","item":"https:\/\/smartseal.cz\/sk\/"},{"@type":"ListItem","position":2,"name":"Prohl\u00e1\u0161en\u00ed o cookies"}]},{"@type":"WebSite","@id":"https:\/\/smartseal.cz\/sk\/#website","url":"https:\/\/smartseal.cz\/sk\/","name":"Smartseal Slovensko","description":"Chytr\u00e9 n\u00e1tery na v\u0161etky povrchy","potentialAction":[{"@type":"SearchAction","target":{"@type":"EntryPoint","urlTemplate":"https:\/\/smartseal.cz\/sk\/?s={search_term_string}"},"query-input":{"@type":"PropertyValueSpecification","valueRequired":true,"valueName":"search_term_string"}}],"inLanguage":"sk-SK"}]}},"_links":{"self":[{"href":"https:\/\/smartseal.cz\/sk\/wp-json\/wp\/v2\/pages\/4461","targetHints":{"allow":["GET"]}}],"collection":[{"href":"https:\/\/smartseal.cz\/sk\/wp-json\/wp\/v2\/pages"}],"about":[{"href":"https:\/\/smartseal.cz\/sk\/wp-json\/wp\/v2\/types\/page"}],"author":[{"embeddable":true,"href":"https:\/\/smartseal.cz\/sk\/wp-json\/wp\/v2\/users\/1"}],"replies":[{"embeddable":true,"href":"https:\/\/smartseal.cz\/sk\/wp-json\/wp\/v2\/comments?post=4461"}],"version-history":[{"count":0,"href":"https:\/\/smartseal.cz\/sk\/wp-json\/wp\/v2\/pages\/4461\/revisions"}],"wp:attachment":[{"href":"https:\/\/smartseal.cz\/sk\/wp-json\/wp\/v2\/media?parent=4461"}],"curies":[{"name":"wp","href":"https:\/\/api.w.org\/{rel}","templated":true}]}}