{"id":3398,"date":"2019-03-18T09:23:52","date_gmt":"2019-03-18T08:23:52","guid":{"rendered":"https:\/\/smartseal.cz\/sk\/?page_id=3398"},"modified":"2022-09-21T19:32:56","modified_gmt":"2022-09-21T17:32:56","slug":"o-nas","status":"publish","type":"page","link":"https:\/\/smartseal.cz\/sk\/o-nas\/","title":{"rendered":"O n\u00e1s"},"content":{"rendered":"<p><div class=\"fusion-fullwidth fullwidth-box fusion-builder-row-1 fusion-flex-container has-pattern-background has-mask-background nonhundred-percent-fullwidth non-hundred-percent-height-scrolling\" style=\"--awb-border-radius-top-left:0px;--awb-border-radius-top-right:0px;--awb-border-radius-bottom-right:0px;--awb-border-radius-bottom-left:0px;--awb-flex-wrap:wrap;\" ><div class=\"fusion-builder-row fusion-row fusion-flex-align-items-flex-start fusion-flex-justify-content-center fusion-flex-content-wrap\" style=\"max-width:1248px;margin-left: calc(-4% \/ 2 );margin-right: calc(-4% \/ 2 );\"><div class=\"fusion-layout-column fusion_builder_column fusion-builder-column-0 fusion_builder_column_2_3 2_3 fusion-flex-column\" style=\"--awb-bg-size:cover;--awb-width-large:66.666666666667%;--awb-margin-top-large:0px;--awb-spacing-right-large:2.88%;--awb-margin-bottom-large:20px;--awb-spacing-left-large:2.88%;--awb-width-medium:66.666666666667%;--awb-order-medium:0;--awb-spacing-right-medium:2.88%;--awb-spacing-left-medium:2.88%;--awb-width-small:100%;--awb-order-small:0;--awb-spacing-right-small:1.92%;--awb-spacing-left-small:1.92%;\"><div class=\"fusion-column-wrapper fusion-column-has-shadow fusion-flex-justify-content-flex-start fusion-content-layout-column\"><div class=\"fusion-title title fusion-title-1 fusion-sep-none fusion-title-center fusion-title-text fusion-title-size-one\"><h1 class=\"fusion-title-heading title-heading-center\" style=\"margin:0;\">O n\u00e1s<\/h1><\/div><div class=\"fusion-text fusion-text-1\" style=\"--awb-content-alignment:center;\"><p>Jsme rodinn\u00e1 firma, kter\u00e1 stoj\u00ed za zrodem zna\u010dky Smartseal v \u010cesk\u00e9 republice. Tato zna\u010dka vznikla ve Velk\u00e9 Brit\u00e1nii, odkud se n\u00e1m poda\u0159ilo sjednat v\u00fdhradn\u00ed zastoupen\u00ed i pro \u010ceskou republiku.<\/p>\n<h2>Zku\u0161enosti ve stavebnictv\u00ed<br \/>sb\u00edr\u00e1me od roku 2009<\/h2>\n<p>Zku\u0161enosti ve stavebnictv\u00ed sb\u00edr\u00e1me od roku 2009, kdy jsme zalo\u017eili firmu Condecor, kter\u00e1 se zab\u00fdv\u00e1 ra\u017een\u00fdm betonem a om\u00edtkou.<\/p>\n<p>P\u0159i na\u0161\u00ed pr\u00e1ci jsme se \u010dasto setkali s ot\u00e1zkami ohledn\u011b \u010di\u0161t\u011bn\u00ed z\u00e1mkov\u00e9 dla\u017eby, p\u0159\u00edjezdov\u00fdch cest, betonu nebo st\u0159ech, a to n\u00e1m dalo impuls zajistit, aby si lid\u00e9 mohli sami tyto plochy o\u0161et\u0159it.<\/p>\n<p>Produkty zna\u010dky Smartseal jsou osv\u011bd\u010den\u00e9 v\u00edce jak dvacetiletou tradic\u00ed a maj\u00ed za sebou mnoho \u00fasp\u011b\u0161n\u00fdch realizac\u00ed.<\/p>\n<p>V\u011b\u0159\u00edme, \u017ee i vy si tak budete moci zrenovovat okol\u00ed va\u0161eho domu a d\u00e1t mu druh\u00fd dech.<\/p>\n<\/div><\/div><\/div><div class=\"fusion-layout-column fusion_builder_column fusion-builder-column-1 fusion_builder_column_1_2 1_2 fusion-flex-column\" style=\"--awb-bg-size:cover;--awb-width-large:50%;--awb-margin-top-large:0px;--awb-spacing-right-large:3.84%;--awb-margin-bottom-large:20px;--awb-spacing-left-large:3.84%;--awb-width-medium:50%;--awb-order-medium:0;--awb-spacing-right-medium:3.84%;--awb-spacing-left-medium:3.84%;--awb-width-small:100%;--awb-order-small:0;--awb-spacing-right-small:1.92%;--awb-spacing-left-small:1.92%;\"><div class=\"fusion-column-wrapper fusion-column-has-shadow fusion-flex-justify-content-flex-start fusion-content-layout-column\"><div class=\"fusion-title title fusion-title-2 fusion-sep-none fusion-title-center fusion-title-text fusion-title-size-two\" style=\"--awb-margin-bottom:50px;\"><h2 class=\"fusion-title-heading title-heading-center\" style=\"margin:0;\"><span style=\"color: var(--h2_typography-color); font-family: var(--h2_typography-font-family); font-size: var(--h2_typography-font-size); font-style: var(--h2_typography-font-style,normal); font-weight: var(--h2_typography-font-weight); letter-spacing: var(--h2_typography-letter-spacing); text-transform: var(--h2_typography-text-transform);\">Jsme Ivana a Martin,<\/span><\/p>\n<div><span style=\"color: var(--h2_typography-color); font-family: var(--h2_typography-font-family); font-size: var(--h2_typography-font-size); font-style: var(--h2_typography-font-style,normal); font-weight: var(--h2_typography-font-weight); letter-spacing: var(--h2_typography-letter-spacing); text-transform: var(--h2_typography-text-transform);\">t\u011b\u0161\u00ed n\u00e1s&#8230;<\/span><\/div><\/h2><\/div><div class=\"fusion-content-boxes content-boxes columns row fusion-columns-2 fusion-columns-total-2 fusion-content-boxes-1 content-boxes-icon-on-top content-left\" style=\"--awb-hover-accent-color:var(--awb-color4);--awb-circle-hover-accent-color:var(--awb-color4);\" data-animationOffset=\"top-into-view\"><div style=\"--awb-backgroundcolor:rgba(255,255,255,0);\" class=\"fusion-column content-box-column content-box-column content-box-column-1 col-lg-6 col-md-6 col-sm-6 fusion-content-box-hover content-box-column-first-in-row\"><div class=\"col content-box-wrapper content-wrapper link-area-link-icon content-icon-wrapper-yes icon-hover-animation-fade\" data-animationOffset=\"top-into-view\"><div class=\"heading heading-with-icon icon-left\"><div aria-hidden=\"true\" class=\"image\"><img decoding=\"async\" class=\"lazyload\" src=\"data:image\/svg+xml,%3Csvg%20xmlns%3D%27http%3A%2F%2Fwww.w3.org%2F2000%2Fsvg%27%20width%3D%271848%27%20height%3D%272560%27%20viewBox%3D%270%200%201848%202560%27%3E%3Crect%20width%3D%271848%27%20height%3D%272560%27%20fill-opacity%3D%220%22%2F%3E%3C%2Fsvg%3E\" data-orig-src=\"https:\/\/smartseal.cz\/sk\/wp-content\/uploads\/sites\/2\/2019\/05\/IMG_7879-300x300.jpg\" width=\"300\" height=\"300\" alt=\"\" \/><\/div><h2 class=\"content-box-heading\" style=\"--h2_typography-font-size:24px;line-height:29px;\">Ivana<\/h2><\/div><div class=\"fusion-clearfix\"><\/div><div class=\"content-container\">\n<p style=\"text-align: center;\"><strong>Spoluzakladatelka<\/strong><\/p>\n<p style=\"text-align: center;\"><a href=\"mailto:ivana.holkova@smartseal.cz\">ivana.holkova@smartseal.cz<\/a><br \/><a href=\"tel:+420724770832\">+420 724 770 832<\/a><\/p>\n<\/div><\/div><\/div><div style=\"--awb-backgroundcolor:rgba(255,255,255,0);\" class=\"fusion-column content-box-column content-box-column content-box-column-2 col-lg-6 col-md-6 col-sm-6 fusion-content-box-hover content-box-column-last content-box-column-last-in-row\"><div class=\"col content-box-wrapper content-wrapper link-area-link-icon content-icon-wrapper-yes icon-hover-animation-fade\" data-animationOffset=\"top-into-view\"><div class=\"heading heading-with-icon icon-left\"><div aria-hidden=\"true\" class=\"image\"><img decoding=\"async\" class=\"lazyload\" src=\"data:image\/svg+xml,%3Csvg%20xmlns%3D%27http%3A%2F%2Fwww.w3.org%2F2000%2Fsvg%27%20width%3D%271920%27%20height%3D%272560%27%20viewBox%3D%270%200%201920%202560%27%3E%3Crect%20width%3D%271920%27%20height%3D%272560%27%20fill-opacity%3D%220%22%2F%3E%3C%2Fsvg%3E\" data-orig-src=\"https:\/\/smartseal.cz\/sk\/wp-content\/uploads\/sites\/2\/2019\/05\/IMG_7884-300x300.jpg\" width=\"300\" height=\"300\" alt=\"\" \/><\/div><h2 class=\"content-box-heading\" style=\"--h2_typography-font-size:24px;line-height:29px;\">Martin<\/h2><\/div><div class=\"fusion-clearfix\"><\/div><div class=\"content-container\">\n<p style=\"text-align: center;\"><strong>Spoluzakladatel<\/strong><\/p>\n<p style=\"text-align: center;\"><a href=\"mailto:martin.dolnicek@smartseal.cz\">martin.dolnicek@smartseal.cz<\/a><br \/><a href=\"tel:+420604252920\">+420 604 252 920<\/a><\/p>\n<\/div><\/div><\/div><div class=\"fusion-clearfix\"><\/div><\/div><\/div><\/div><div class=\"fusion-layout-column fusion_builder_column fusion-builder-column-2 fusion_builder_column_3_4 3_4 fusion-flex-column\" style=\"--awb-bg-size:cover;--awb-width-large:75%;--awb-margin-top-large:0px;--awb-spacing-right-large:2.56%;--awb-margin-bottom-large:20px;--awb-spacing-left-large:2.56%;--awb-width-medium:75%;--awb-order-medium:0;--awb-spacing-right-medium:2.56%;--awb-spacing-left-medium:2.56%;--awb-width-small:100%;--awb-order-small:0;--awb-spacing-right-small:1.92%;--awb-spacing-left-small:1.92%;\"><div class=\"fusion-column-wrapper fusion-column-has-shadow fusion-flex-justify-content-flex-start fusion-content-layout-column\"><div class=\"fusion-image-element awb-imageframe-style awb-imageframe-style-below awb-imageframe-style-1\" style=\"text-align:center;--awb-caption-margin-top:35px;--awb-caption-margin-bottom:50px;--awb-caption-title-font-family:var(--h3_typography-font-family);--awb-caption-title-font-weight:var(--h3_typography-font-weight);--awb-caption-title-font-style:var(--h3_typography-font-style);--awb-caption-title-size:var(--h3_typography-font-size);--awb-caption-title-transform:var(--h3_typography-text-transform);--awb-caption-title-line-height:var(--h3_typography-line-height);--awb-caption-title-letter-spacing:var(--h3_typography-letter-spacing);\"><span class=\" fusion-imageframe imageframe-none imageframe-1 hover-type-none\"><img decoding=\"async\" width=\"576\" height=\"322\" title=\"venn-diagram\" src=\"https:\/\/smartseal.cz\/sk\/wp-content\/uploads\/2019\/03\/venn-diagram.png\" data-orig-src=\"https:\/\/smartseal.cz\/sk\/wp-content\/uploads\/sites\/2\/2019\/03\/venn-diagram.png\" alt class=\"lazyload img-responsive wp-image-3433\" srcset=\"data:image\/svg+xml,%3Csvg%20xmlns%3D%27http%3A%2F%2Fwww.w3.org%2F2000%2Fsvg%27%20width%3D%27576%27%20height%3D%27322%27%20viewBox%3D%270%200%20576%20322%27%3E%3Crect%20width%3D%27576%27%20height%3D%27322%27%20fill-opacity%3D%220%22%2F%3E%3C%2Fsvg%3E\" data-srcset=\"https:\/\/smartseal.cz\/sk\/wp-content\/uploads\/2019\/03\/venn-diagram-200x112.png 200w, https:\/\/smartseal.cz\/sk\/wp-content\/uploads\/2019\/03\/venn-diagram-400x224.png 400w, https:\/\/smartseal.cz\/sk\/wp-content\/uploads\/2019\/03\/venn-diagram.png 576w\" data-sizes=\"auto\" data-orig-sizes=\"(max-width: 640px) 100vw, 576px\" \/><\/span><div class=\"awb-imageframe-caption-container\"><div class=\"awb-imageframe-caption\"><h3 class=\"awb-imageframe-caption-title\">Smartseal kombinuje vysokou kvalitu produkt\u016f s odborn\u00fdm p\u0159\u00edstupem. D\u00edky tomu m\u016f\u017eeme poskytovat slu\u017eby, jako nikdo jin\u00fd.<\/h3><\/div><\/div><\/div><\/div><\/div><\/div><\/div><div class=\"fusion-fullwidth fullwidth-box fusion-builder-row-2 fusion-flex-container nonhundred-percent-fullwidth non-hundred-percent-height-scrolling\" style=\"--awb-background-position:left top;--awb-border-sizes-top:0px;--awb-border-sizes-bottom:0px;--awb-border-sizes-left:0px;--awb-border-sizes-right:0px;--awb-border-radius-top-left:0px;--awb-border-radius-top-right:0px;--awb-border-radius-bottom-right:0px;--awb-border-radius-bottom-left:0px;--awb-padding-top:100px;--awb-padding-bottom:140px;--awb-padding-bottom-small:10px;--awb-margin-bottom-medium:80px;--awb-margin-bottom-small:60px;--awb-background-color:var(--awb-color2);--awb-flex-wrap:wrap;\" ><div class=\"fusion-builder-row fusion-row fusion-flex-align-items-stretch fusion-flex-justify-content-center fusion-flex-content-wrap\" style=\"max-width:1248px;margin-left: calc(-4% \/ 2 );margin-right: calc(-4% \/ 2 );\"><div class=\"fusion-layout-column fusion_builder_column fusion-builder-column-3 fusion_builder_column_1_4 1_4 fusion-flex-column\" style=\"--awb-padding-right:20px;--awb-padding-left:20px;--awb-bg-blend:overlay;--awb-bg-size:cover;--awb-width-large:25%;--awb-margin-top-large:0px;--awb-spacing-right-large:7.5px;--awb-margin-bottom-large:0px;--awb-spacing-left-large:7.68%;--awb-width-medium:33.333333333333%;--awb-spacing-right-medium:7.5px;--awb-margin-bottom-medium:80px;--awb-spacing-left-medium:5.76%;--awb-width-small:100%;--awb-spacing-right-small:1.92%;--awb-spacing-left-small:1.92%;\"><div class=\"fusion-column-wrapper fusion-column-has-shadow fusion-flex-justify-content-flex-start fusion-content-layout-column\"><i class=\"fb-icon-element-1 fb-icon-element fontawesome-icon fa-chess-queen fas circle-yes\" style=\"--awb-circlecolor-hover:var(--awb-color5);--awb-circlebordercolor-hover:var(--awb-color8);--awb-circlebordersize:0px;--awb-font-size:35.2px;--awb-width:70.4px;--awb-height:70.4px;--awb-line-height:70.4px;--awb-align-self:center;--awb-margin-top:0px;--awb-margin-right:0px;--awb-margin-bottom:15px;--awb-margin-left:0px;\"><\/i><div class=\"fusion-title title fusion-title-3 fusion-sep-none fusion-title-center fusion-title-text fusion-title-size-four\" style=\"--awb-text-color:var(--awb-color8);--awb-margin-bottom:10px;\"><h4 class=\"fusion-title-heading title-heading-center\" style=\"margin:0;\">V\u00fdrobky z Velk\u00e9 Brit\u00e1nie<\/h4><\/div><div class=\"fusion-text fusion-text-2 fusion-text-no-margin\" style=\"--awb-content-alignment:center;--awb-text-color:hsla(var(--awb-color8-h),var(--awb-color8-s),var(--awb-color8-l),calc(var(--awb-color8-a) - 20%));\"><p>Jsme v\u00fdhradn\u00edmi dodavateli osv\u011bd\u010den\u00fdch produkt\u016f, kter\u00e9 se vyr\u00e1b\u011bj\u00ed ve Velk\u00e9 Brit\u00e1nii.<\/p>\n<\/div><\/div><\/div><div class=\"fusion-layout-column fusion_builder_column fusion-builder-column-4 fusion_builder_column_1_4 1_4 fusion-flex-column\" style=\"--awb-padding-right:20px;--awb-padding-left:20px;--awb-bg-blend:overlay;--awb-bg-size:cover;--awb-width-large:25%;--awb-margin-top-large:0px;--awb-spacing-right-large:7.5px;--awb-margin-bottom-large:0px;--awb-spacing-left-large:7.5px;--awb-width-medium:33.333333333333%;--awb-spacing-right-medium:7.5px;--awb-margin-bottom-medium:80px;--awb-spacing-left-medium:7.5px;--awb-width-small:100%;--awb-spacing-right-small:1.92%;--awb-spacing-left-small:1.92%;\"><div class=\"fusion-column-wrapper fusion-column-has-shadow fusion-flex-justify-content-flex-start fusion-content-layout-column\"><i class=\"fb-icon-element-2 fb-icon-element fontawesome-icon fa-medal fas circle-yes\" style=\"--awb-circlecolor-hover:var(--awb-color5);--awb-circlebordercolor-hover:var(--awb-color8);--awb-circlebordersize:0px;--awb-font-size:35.2px;--awb-width:70.4px;--awb-height:70.4px;--awb-line-height:70.4px;--awb-align-self:center;--awb-margin-top:0px;--awb-margin-right:0px;--awb-margin-bottom:15px;--awb-margin-left:0px;\"><\/i><div class=\"fusion-title title fusion-title-4 fusion-sep-none fusion-title-center fusion-title-text fusion-title-size-four\" style=\"--awb-text-color:var(--awb-color8);--awb-margin-bottom:10px;\"><h4 class=\"fusion-title-heading title-heading-center\" style=\"margin:0;\">Dlouholet\u00e9 zku\u0161enosti<\/h4><\/div><div class=\"fusion-text fusion-text-3 fusion-text-no-margin\" style=\"--awb-content-alignment:center;--awb-text-color:hsla(var(--awb-color8-h),var(--awb-color8-s),var(--awb-color8-l),calc(var(--awb-color8-a) - 20%));\"><p>M\u00e1me v\u00edce ne\u017e 10 let zku\u0161enost\u00ed v oboru stavebnictv\u00ed.<\/p>\n<\/div><\/div><\/div><div class=\"fusion-layout-column fusion_builder_column fusion-builder-column-5 fusion_builder_column_1_4 1_4 fusion-flex-column\" style=\"--awb-padding-right:20px;--awb-padding-left:20px;--awb-bg-blend:overlay;--awb-bg-size:cover;--awb-width-large:25%;--awb-margin-top-large:0px;--awb-spacing-right-large:7.68%;--awb-margin-bottom-large:0px;--awb-spacing-left-large:7.5px;--awb-width-medium:33.333333333333%;--awb-spacing-right-medium:5.76%;--awb-margin-bottom-medium:80px;--awb-spacing-left-medium:7.5px;--awb-width-small:100%;--awb-spacing-right-small:1.92%;--awb-spacing-left-small:1.92%;\"><div class=\"fusion-column-wrapper fusion-column-has-shadow fusion-flex-justify-content-flex-start fusion-content-layout-column\"><i class=\"fb-icon-element-3 fb-icon-element fontawesome-icon fa-vial fas circle-yes\" style=\"--awb-circlecolor-hover:var(--awb-color5);--awb-circlebordercolor-hover:var(--awb-color8);--awb-circlebordersize:0px;--awb-font-size:35.2px;--awb-width:70.4px;--awb-height:70.4px;--awb-line-height:70.4px;--awb-align-self:center;--awb-margin-top:0px;--awb-margin-right:0px;--awb-margin-bottom:15px;--awb-margin-left:0px;\"><\/i><div class=\"fusion-title title fusion-title-5 fusion-sep-none fusion-title-center fusion-title-text fusion-title-size-four\" style=\"--awb-text-color:var(--awb-color8);--awb-margin-bottom:10px;\"><h4 class=\"fusion-title-heading title-heading-center\" style=\"margin:0;\">Zas\u00edl\u00e1me<\/p>\n<div>vzorky<\/p><\/div><\/h4><\/div><div class=\"fusion-text fusion-text-4 fusion-text-no-margin\" style=\"--awb-content-alignment:center;--awb-text-color:hsla(var(--awb-color8-h),var(--awb-color8-s),var(--awb-color8-l),calc(var(--awb-color8-a) - 20%));\"><p>Chcete si v\u00fdrobek nejprve vyzkou\u0161et? Objednejte si na\u0161e vzorky!<\/p>\n<\/div><\/div><\/div><div class=\"fusion-layout-column fusion_builder_column fusion-builder-column-6 fusion_builder_column_1_4 1_4 fusion-flex-column\" style=\"--awb-padding-right:20px;--awb-padding-left:20px;--awb-bg-blend:overlay;--awb-bg-size:cover;--awb-width-large:25%;--awb-margin-top-large:0px;--awb-spacing-right-large:7.68%;--awb-margin-bottom-large:0px;--awb-spacing-left-large:7.5px;--awb-width-medium:33.333333333333%;--awb-spacing-right-medium:5.76%;--awb-margin-bottom-medium:80px;--awb-spacing-left-medium:7.5px;--awb-width-small:100%;--awb-spacing-right-small:1.92%;--awb-spacing-left-small:1.92%;\"><div class=\"fusion-column-wrapper fusion-column-has-shadow fusion-flex-justify-content-flex-start fusion-content-layout-column\"><i class=\"fb-icon-element-4 fb-icon-element fontawesome-icon fa-book-reader fas circle-yes\" style=\"--awb-circlecolor-hover:var(--awb-color5);--awb-circlebordercolor-hover:var(--awb-color8);--awb-circlebordersize:0px;--awb-font-size:35.2px;--awb-width:70.4px;--awb-height:70.4px;--awb-line-height:70.4px;--awb-align-self:center;--awb-margin-top:0px;--awb-margin-right:0px;--awb-margin-bottom:15px;--awb-margin-left:0px;\"><\/i><div class=\"fusion-title title fusion-title-6 fusion-sep-none fusion-title-center fusion-title-text fusion-title-size-four\" style=\"--awb-text-color:var(--awb-color8);--awb-margin-bottom:10px;\"><h4 class=\"fusion-title-heading title-heading-center\" style=\"margin:0;\">Odborn\u00e9 poradenstv\u00ed<\/h4><\/div><div class=\"fusion-text fusion-text-5 fusion-text-no-margin\" style=\"--awb-content-alignment:center;--awb-text-color:hsla(var(--awb-color8-h),var(--awb-color8-s),var(--awb-color8-l),calc(var(--awb-color8-a) - 20%));\"><p>S produkty m\u00e1me boat\u00e9 zku\u0161enosti, r\u00e1di se s v\u00e1mi o n\u011b pod\u011bl\u00edme a porad\u00edme v\u00e1m s v\u00fdb\u011brem.<\/p>\n<\/div><\/div><\/div><\/div><\/div><\/p>\n","protected":false},"excerpt":{"rendered":"","protected":false},"author":1,"featured_media":0,"parent":0,"menu_order":0,"comment_status":"closed","ping_status":"closed","template":"","meta":{"footnotes":""},"class_list":["post-3398","page","type-page","status-publish","hentry"],"yoast_head":"<!-- This site is optimized with the Yoast SEO Premium plugin v26.8 (Yoast SEO v26.9) - https:\/\/yoast.com\/product\/yoast-seo-premium-wordpress\/ -->\n<title>O n\u00e1s - Smartseal Slovensko<\/title>\n<meta name=\"robots\" content=\"index, follow, max-snippet:-1, max-image-preview:large, max-video-preview:-1\" \/>\n<link rel=\"canonical\" href=\"https:\/\/smartseal.cz\/sk\/o-nas\/\" \/>\n<meta property=\"og:locale\" content=\"sk_SK\" \/>\n<meta property=\"og:type\" content=\"article\" \/>\n<meta property=\"og:title\" content=\"O n\u00e1s\" \/>\n<meta property=\"og:url\" content=\"https:\/\/smartseal.cz\/sk\/o-nas\/\" \/>\n<meta property=\"og:site_name\" content=\"Smartseal Slovensko\" \/>\n<meta property=\"article:modified_time\" content=\"2022-09-21T17:32:56+00:00\" \/>\n<meta name=\"twitter:card\" content=\"summary_large_image\" \/>\n<meta name=\"twitter:label1\" content=\"Predpokladan\u00fd \u010das \u010d\u00edtania\" \/>\n\t<meta name=\"twitter:data1\" content=\"13 min\u00fat\" \/>\n<script type=\"application\/ld+json\" class=\"yoast-schema-graph\">{\"@context\":\"https:\/\/schema.org\",\"@graph\":[{\"@type\":\"WebPage\",\"@id\":\"https:\/\/smartseal.cz\/sk\/o-nas\/\",\"url\":\"https:\/\/smartseal.cz\/sk\/o-nas\/\",\"name\":\"O n\u00e1s - Smartseal Slovensko\",\"isPartOf\":{\"@id\":\"https:\/\/smartseal.cz\/sk\/#website\"},\"datePublished\":\"2019-03-18T08:23:52+00:00\",\"dateModified\":\"2022-09-21T17:32:56+00:00\",\"breadcrumb\":{\"@id\":\"https:\/\/smartseal.cz\/sk\/o-nas\/#breadcrumb\"},\"inLanguage\":\"sk-SK\",\"potentialAction\":[{\"@type\":\"ReadAction\",\"target\":[\"https:\/\/smartseal.cz\/sk\/o-nas\/\"]}]},{\"@type\":\"BreadcrumbList\",\"@id\":\"https:\/\/smartseal.cz\/sk\/o-nas\/#breadcrumb\",\"itemListElement\":[{\"@type\":\"ListItem\",\"position\":1,\"name\":\"Dom\u016f\",\"item\":\"https:\/\/smartseal.cz\/sk\/\"},{\"@type\":\"ListItem\",\"position\":2,\"name\":\"O n\u00e1s\"}]},{\"@type\":\"WebSite\",\"@id\":\"https:\/\/smartseal.cz\/sk\/#website\",\"url\":\"https:\/\/smartseal.cz\/sk\/\",\"name\":\"Smartseal Slovensko\",\"description\":\"Chytr\u00e9 n\u00e1tery na v\u0161etky povrchy\",\"potentialAction\":[{\"@type\":\"SearchAction\",\"target\":{\"@type\":\"EntryPoint\",\"urlTemplate\":\"https:\/\/smartseal.cz\/sk\/?s={search_term_string}\"},\"query-input\":{\"@type\":\"PropertyValueSpecification\",\"valueRequired\":true,\"valueName\":\"search_term_string\"}}],\"inLanguage\":\"sk-SK\"}]}<\/script>\n<!-- \/ Yoast SEO Premium plugin. -->","yoast_head_json":{"title":"O n\u00e1s - Smartseal Slovensko","robots":{"index":"index","follow":"follow","max-snippet":"max-snippet:-1","max-image-preview":"max-image-preview:large","max-video-preview":"max-video-preview:-1"},"canonical":"https:\/\/smartseal.cz\/sk\/o-nas\/","og_locale":"sk_SK","og_type":"article","og_title":"O n\u00e1s","og_url":"https:\/\/smartseal.cz\/sk\/o-nas\/","og_site_name":"Smartseal Slovensko","article_modified_time":"2022-09-21T17:32:56+00:00","twitter_card":"summary_large_image","twitter_misc":{"Predpokladan\u00fd \u010das \u010d\u00edtania":"13 min\u00fat"},"schema":{"@context":"https:\/\/schema.org","@graph":[{"@type":"WebPage","@id":"https:\/\/smartseal.cz\/sk\/o-nas\/","url":"https:\/\/smartseal.cz\/sk\/o-nas\/","name":"O n\u00e1s - Smartseal Slovensko","isPartOf":{"@id":"https:\/\/smartseal.cz\/sk\/#website"},"datePublished":"2019-03-18T08:23:52+00:00","dateModified":"2022-09-21T17:32:56+00:00","breadcrumb":{"@id":"https:\/\/smartseal.cz\/sk\/o-nas\/#breadcrumb"},"inLanguage":"sk-SK","potentialAction":[{"@type":"ReadAction","target":["https:\/\/smartseal.cz\/sk\/o-nas\/"]}]},{"@type":"BreadcrumbList","@id":"https:\/\/smartseal.cz\/sk\/o-nas\/#breadcrumb","itemListElement":[{"@type":"ListItem","position":1,"name":"Dom\u016f","item":"https:\/\/smartseal.cz\/sk\/"},{"@type":"ListItem","position":2,"name":"O n\u00e1s"}]},{"@type":"WebSite","@id":"https:\/\/smartseal.cz\/sk\/#website","url":"https:\/\/smartseal.cz\/sk\/","name":"Smartseal Slovensko","description":"Chytr\u00e9 n\u00e1tery na v\u0161etky povrchy","potentialAction":[{"@type":"SearchAction","target":{"@type":"EntryPoint","urlTemplate":"https:\/\/smartseal.cz\/sk\/?s={search_term_string}"},"query-input":{"@type":"PropertyValueSpecification","valueRequired":true,"valueName":"search_term_string"}}],"inLanguage":"sk-SK"}]}},"_links":{"self":[{"href":"https:\/\/smartseal.cz\/sk\/wp-json\/wp\/v2\/pages\/3398","targetHints":{"allow":["GET"]}}],"collection":[{"href":"https:\/\/smartseal.cz\/sk\/wp-json\/wp\/v2\/pages"}],"about":[{"href":"https:\/\/smartseal.cz\/sk\/wp-json\/wp\/v2\/types\/page"}],"author":[{"embeddable":true,"href":"https:\/\/smartseal.cz\/sk\/wp-json\/wp\/v2\/users\/1"}],"replies":[{"embeddable":true,"href":"https:\/\/smartseal.cz\/sk\/wp-json\/wp\/v2\/comments?post=3398"}],"version-history":[{"count":11,"href":"https:\/\/smartseal.cz\/sk\/wp-json\/wp\/v2\/pages\/3398\/revisions"}],"predecessor-version":[{"id":10156,"href":"https:\/\/smartseal.cz\/sk\/wp-json\/wp\/v2\/pages\/3398\/revisions\/10156"}],"wp:attachment":[{"href":"https:\/\/smartseal.cz\/sk\/wp-json\/wp\/v2\/media?parent=3398"}],"curies":[{"name":"wp","href":"https:\/\/api.w.org\/{rel}","templated":true}]}}